{"id":2763,"date":"2023-10-11T21:49:16","date_gmt":"2023-10-11T18:49:16","guid":{"rendered":"https:\/\/radis.ee\/unkategorisiert\/anrichte-noble\/"},"modified":"2025-01-24T19:21:14","modified_gmt":"2025-01-24T17:21:14","slug":"noble-mit-2-schiebeturen-und-3-schubladen","status":"publish","type":"product","link":"https:\/\/radis.ee\/de\/noble-mit-2-schiebeturen-und-3-schubladen\/","title":{"rendered":"Anrichte NOBLE mit 2 Schiebet\u00fcren und 3 Schubladen"},"content":{"rendered":"<p>Schubladen sind das neue Schwarz! Du willst nicht Stellen Sie sich vor, Sie h\u00e4tten ohne eine gelebt, bis Sie versucht haben, wie es ist zu leben mit einer.<\/p>\n<p>Edle Serienschublade m\u00f6chte alles aufbewahren und Ihr Zuhause verstauen mit Leichtigkeit. Gleichzeitig sieht es stylisch aus und verbessert die visuelle \u00c4sthetik von zu Hause aus.<\/p>\n<p>Wie andere Produkte der Noble-Serie ist es aus Eichenfurnier oder Birkensperrholz gefertigt und hat leise Schiebet\u00fcren. Was gibt es an Noble Schublade nicht zu m\u00f6gen?<\/p>\n<p>Auf beiden Seiten der Schubladen befinden sich h\u00f6henverstellbare Zwischenb\u00f6den, 47 cm breit (64 cm bei der 2 m breiten Version), 36 cm tief. Innenh\u00f6he 41 cm. Soft-Close-Schubladen, Schiebet\u00fcren auf H\u00e4fele-Laufrollen. Schwarze, pulverbeschichtete, verstellbare Metallbeine mit einer H\u00f6he von 17 cm.<\/p>\n<p>Die Serie NOBLE hat es in die zweite Runde des Estnischen Designpreises Bruno 2020 geschafft.<\/p>\n","protected":false},"excerpt":{"rendered":"<p>Schubladen sind das neue Schwarz! Du willst nicht Stellen Sie sich vor, Sie h\u00e4tten ohne eine gelebt, bis Sie versucht haben, wie es ist zu leben mit einer. Edle Serienschublade m\u00f6chte alles aufbewahren und Ihr Zuhause verstauen mit Leichtigkeit. Gleichzeitig sieht es stylisch aus und verbessert die visuelle \u00c4sthetik von zu Hause aus. Wie andere&#8230;<\/p>\n","protected":false},"featured_media":17377,"comment_status":"open","ping_status":"closed","template":"","meta":{"_acf_changed":false},"product_brand":[],"product_cat":[17],"product_tag":[],"class_list":{"0":"post-2763","1":"product","2":"type-product","3":"status-publish","4":"has-post-thumbnail","6":"product_cat-kummutid","8":"first","9":"instock","10":"sale","11":"taxable","12":"shipping-taxable","13":"purchasable","14":"product-type-variable","15":"has-default-attributes"},"acf":[],"yoast_head":"<!-- This site is optimized with the Yoast SEO plugin v27.4 - https:\/\/yoast.com\/product\/yoast-seo-wordpress\/ -->\n<title>Anrichte NOBLE mit 2 Schiebet\u00fcren und 3 Schubladen - Radis<\/title>\n<meta name=\"robots\" content=\"index, follow, max-snippet:-1, max-image-preview:large, max-video-preview:-1\" \/>\n<link rel=\"canonical\" href=\"https:\/\/radis.ee\/de\/noble-mit-2-schiebeturen-und-3-schubladen\/\" \/>\n<meta property=\"og:locale\" content=\"de_DE\" \/>\n<meta property=\"og:type\" content=\"article\" \/>\n<meta property=\"og:title\" content=\"Anrichte NOBLE mit 2 Schiebet\u00fcren und 3 Schubladen - Radis\" \/>\n<meta property=\"og:description\" content=\"Schubladen sind das neue Schwarz! Du willst nicht Stellen Sie sich vor, Sie h\u00e4tten ohne eine gelebt, bis Sie versucht haben, wie es ist zu leben mit einer. Edle Serienschublade m\u00f6chte alles aufbewahren und Ihr Zuhause verstauen mit Leichtigkeit. Gleichzeitig sieht es stylisch aus und verbessert die visuelle \u00c4sthetik von zu Hause aus. Wie andere...\" \/>\n<meta property=\"og:url\" content=\"https:\/\/radis.ee\/de\/noble-mit-2-schiebeturen-und-3-schubladen\/\" \/>\n<meta property=\"og:site_name\" content=\"Radis\" \/>\n<meta property=\"article:publisher\" content=\"https:\/\/www.facebook.com\/radisfurniture\/\" \/>\n<meta property=\"article:modified_time\" content=\"2025-01-24T17:21:14+00:00\" \/>\n<meta property=\"og:image\" content=\"https:\/\/radis.ee\/wp-content\/uploads\/2022\/02\/RADIS_sideboard_NOBLE_Oak_veneered_plywood_white_background_3.jpg\" \/>\n\t<meta property=\"og:image:width\" content=\"1150\" \/>\n\t<meta property=\"og:image:height\" content=\"1429\" \/>\n\t<meta property=\"og:image:type\" content=\"image\/jpeg\" \/>\n<meta name=\"twitter:card\" content=\"summary_large_image\" \/>\n<meta name=\"twitter:label1\" content=\"Gesch\u00e4tzte Lesezeit\" \/>\n\t<meta name=\"twitter:data1\" content=\"1\u00a0Minute\" \/>\n<script type=\"application\/ld+json\" class=\"yoast-schema-graph\">{\"@context\":\"https:\\\/\\\/schema.org\",\"@graph\":[{\"@type\":\"WebPage\",\"@id\":\"https:\\\/\\\/radis.ee\\\/de\\\/noble-mit-2-schiebeturen-und-3-schubladen\\\/\",\"url\":\"https:\\\/\\\/radis.ee\\\/de\\\/noble-mit-2-schiebeturen-und-3-schubladen\\\/\",\"name\":\"Anrichte NOBLE mit 2 Schiebet\u00fcren und 3 Schubladen - Radis\",\"isPartOf\":{\"@id\":\"https:\\\/\\\/radis.ee\\\/#website\"},\"primaryImageOfPage\":{\"@id\":\"https:\\\/\\\/radis.ee\\\/de\\\/noble-mit-2-schiebeturen-und-3-schubladen\\\/#primaryimage\"},\"image\":{\"@id\":\"https:\\\/\\\/radis.ee\\\/de\\\/noble-mit-2-schiebeturen-und-3-schubladen\\\/#primaryimage\"},\"thumbnailUrl\":\"https:\\\/\\\/radis.ee\\\/wp-content\\\/uploads\\\/2022\\\/02\\\/RADIS_sideboard_NOBLE_Oak_veneered_plywood_white_background_3.jpg\",\"datePublished\":\"2023-10-11T18:49:16+00:00\",\"dateModified\":\"2025-01-24T17:21:14+00:00\",\"breadcrumb\":{\"@id\":\"https:\\\/\\\/radis.ee\\\/de\\\/noble-mit-2-schiebeturen-und-3-schubladen\\\/#breadcrumb\"},\"inLanguage\":\"de\",\"potentialAction\":[{\"@type\":\"ReadAction\",\"target\":[\"https:\\\/\\\/radis.ee\\\/de\\\/noble-mit-2-schiebeturen-und-3-schubladen\\\/\"]}]},{\"@type\":\"ImageObject\",\"inLanguage\":\"de\",\"@id\":\"https:\\\/\\\/radis.ee\\\/de\\\/noble-mit-2-schiebeturen-und-3-schubladen\\\/#primaryimage\",\"url\":\"https:\\\/\\\/radis.ee\\\/wp-content\\\/uploads\\\/2022\\\/02\\\/RADIS_sideboard_NOBLE_Oak_veneered_plywood_white_background_3.jpg\",\"contentUrl\":\"https:\\\/\\\/radis.ee\\\/wp-content\\\/uploads\\\/2022\\\/02\\\/RADIS_sideboard_NOBLE_Oak_veneered_plywood_white_background_3.jpg\",\"width\":1150,\"height\":1429,\"caption\":\"RADIS_sideboard_NOBLE_Oak_veneered_plywood\"},{\"@type\":\"BreadcrumbList\",\"@id\":\"https:\\\/\\\/radis.ee\\\/de\\\/noble-mit-2-schiebeturen-und-3-schubladen\\\/#breadcrumb\",\"itemListElement\":[{\"@type\":\"ListItem\",\"position\":1,\"name\":\"Home\",\"item\":\"https:\\\/\\\/radis.ee\\\/\"},{\"@type\":\"ListItem\",\"position\":2,\"name\":\"Produkte\",\"item\":\"https:\\\/\\\/radis.ee\\\/de\\\/produkte\\\/\"},{\"@type\":\"ListItem\",\"position\":3,\"name\":\"Anrichte NOBLE mit 2 Schiebet\u00fcren und 3 Schubladen\"}]},{\"@type\":\"WebSite\",\"@id\":\"https:\\\/\\\/radis.ee\\\/#website\",\"url\":\"https:\\\/\\\/radis.ee\\\/\",\"name\":\"Radis\",\"description\":\"Nordic design furniture, environmentally friendly and sustainable.\",\"publisher\":{\"@id\":\"https:\\\/\\\/radis.ee\\\/#organization\"},\"potentialAction\":[{\"@type\":\"SearchAction\",\"target\":{\"@type\":\"EntryPoint\",\"urlTemplate\":\"https:\\\/\\\/radis.ee\\\/?s={search_term_string}\"},\"query-input\":{\"@type\":\"PropertyValueSpecification\",\"valueRequired\":true,\"valueName\":\"search_term_string\"}}],\"inLanguage\":\"de\"},{\"@type\":\"Organization\",\"@id\":\"https:\\\/\\\/radis.ee\\\/#organization\",\"name\":\"Radis O\u00dc\",\"url\":\"https:\\\/\\\/radis.ee\\\/\",\"logo\":{\"@type\":\"ImageObject\",\"inLanguage\":\"de\",\"@id\":\"https:\\\/\\\/radis.ee\\\/#\\\/schema\\\/logo\\\/image\\\/\",\"url\":\"https:\\\/\\\/radis.ee\\\/wp-content\\\/uploads\\\/2020\\\/10\\\/Radis-logo.png\",\"contentUrl\":\"https:\\\/\\\/radis.ee\\\/wp-content\\\/uploads\\\/2020\\\/10\\\/Radis-logo.png\",\"width\":300,\"height\":63,\"caption\":\"Radis O\u00dc\"},\"image\":{\"@id\":\"https:\\\/\\\/radis.ee\\\/#\\\/schema\\\/logo\\\/image\\\/\"},\"sameAs\":[\"https:\\\/\\\/www.facebook.com\\\/radisfurniture\\\/\"]}]}<\/script>\n<!-- \/ Yoast SEO plugin. -->","yoast_head_json":{"title":"Anrichte NOBLE mit 2 Schiebet\u00fcren und 3 Schubladen - Radis","robots":{"index":"index","follow":"follow","max-snippet":"max-snippet:-1","max-image-preview":"max-image-preview:large","max-video-preview":"max-video-preview:-1"},"canonical":"https:\/\/radis.ee\/de\/noble-mit-2-schiebeturen-und-3-schubladen\/","og_locale":"de_DE","og_type":"article","og_title":"Anrichte NOBLE mit 2 Schiebet\u00fcren und 3 Schubladen - Radis","og_description":"Schubladen sind das neue Schwarz! Du willst nicht Stellen Sie sich vor, Sie h\u00e4tten ohne eine gelebt, bis Sie versucht haben, wie es ist zu leben mit einer. Edle Serienschublade m\u00f6chte alles aufbewahren und Ihr Zuhause verstauen mit Leichtigkeit. Gleichzeitig sieht es stylisch aus und verbessert die visuelle \u00c4sthetik von zu Hause aus. Wie andere...","og_url":"https:\/\/radis.ee\/de\/noble-mit-2-schiebeturen-und-3-schubladen\/","og_site_name":"Radis","article_publisher":"https:\/\/www.facebook.com\/radisfurniture\/","article_modified_time":"2025-01-24T17:21:14+00:00","og_image":[{"width":1150,"height":1429,"url":"https:\/\/radis.ee\/wp-content\/uploads\/2022\/02\/RADIS_sideboard_NOBLE_Oak_veneered_plywood_white_background_3.jpg","type":"image\/jpeg"}],"twitter_card":"summary_large_image","twitter_misc":{"Gesch\u00e4tzte Lesezeit":"1\u00a0Minute"},"schema":{"@context":"https:\/\/schema.org","@graph":[{"@type":"WebPage","@id":"https:\/\/radis.ee\/de\/noble-mit-2-schiebeturen-und-3-schubladen\/","url":"https:\/\/radis.ee\/de\/noble-mit-2-schiebeturen-und-3-schubladen\/","name":"Anrichte NOBLE mit 2 Schiebet\u00fcren und 3 Schubladen - Radis","isPartOf":{"@id":"https:\/\/radis.ee\/#website"},"primaryImageOfPage":{"@id":"https:\/\/radis.ee\/de\/noble-mit-2-schiebeturen-und-3-schubladen\/#primaryimage"},"image":{"@id":"https:\/\/radis.ee\/de\/noble-mit-2-schiebeturen-und-3-schubladen\/#primaryimage"},"thumbnailUrl":"https:\/\/radis.ee\/wp-content\/uploads\/2022\/02\/RADIS_sideboard_NOBLE_Oak_veneered_plywood_white_background_3.jpg","datePublished":"2023-10-11T18:49:16+00:00","dateModified":"2025-01-24T17:21:14+00:00","breadcrumb":{"@id":"https:\/\/radis.ee\/de\/noble-mit-2-schiebeturen-und-3-schubladen\/#breadcrumb"},"inLanguage":"de","potentialAction":[{"@type":"ReadAction","target":["https:\/\/radis.ee\/de\/noble-mit-2-schiebeturen-und-3-schubladen\/"]}]},{"@type":"ImageObject","inLanguage":"de","@id":"https:\/\/radis.ee\/de\/noble-mit-2-schiebeturen-und-3-schubladen\/#primaryimage","url":"https:\/\/radis.ee\/wp-content\/uploads\/2022\/02\/RADIS_sideboard_NOBLE_Oak_veneered_plywood_white_background_3.jpg","contentUrl":"https:\/\/radis.ee\/wp-content\/uploads\/2022\/02\/RADIS_sideboard_NOBLE_Oak_veneered_plywood_white_background_3.jpg","width":1150,"height":1429,"caption":"RADIS_sideboard_NOBLE_Oak_veneered_plywood"},{"@type":"BreadcrumbList","@id":"https:\/\/radis.ee\/de\/noble-mit-2-schiebeturen-und-3-schubladen\/#breadcrumb","itemListElement":[{"@type":"ListItem","position":1,"name":"Home","item":"https:\/\/radis.ee\/"},{"@type":"ListItem","position":2,"name":"Produkte","item":"https:\/\/radis.ee\/de\/produkte\/"},{"@type":"ListItem","position":3,"name":"Anrichte NOBLE mit 2 Schiebet\u00fcren und 3 Schubladen"}]},{"@type":"WebSite","@id":"https:\/\/radis.ee\/#website","url":"https:\/\/radis.ee\/","name":"Radis","description":"Nordic design furniture, environmentally friendly and sustainable.","publisher":{"@id":"https:\/\/radis.ee\/#organization"},"potentialAction":[{"@type":"SearchAction","target":{"@type":"EntryPoint","urlTemplate":"https:\/\/radis.ee\/?s={search_term_string}"},"query-input":{"@type":"PropertyValueSpecification","valueRequired":true,"valueName":"search_term_string"}}],"inLanguage":"de"},{"@type":"Organization","@id":"https:\/\/radis.ee\/#organization","name":"Radis O\u00dc","url":"https:\/\/radis.ee\/","logo":{"@type":"ImageObject","inLanguage":"de","@id":"https:\/\/radis.ee\/#\/schema\/logo\/image\/","url":"https:\/\/radis.ee\/wp-content\/uploads\/2020\/10\/Radis-logo.png","contentUrl":"https:\/\/radis.ee\/wp-content\/uploads\/2020\/10\/Radis-logo.png","width":300,"height":63,"caption":"Radis O\u00dc"},"image":{"@id":"https:\/\/radis.ee\/#\/schema\/logo\/image\/"},"sameAs":["https:\/\/www.facebook.com\/radisfurniture\/"]}]}},"_links":{"self":[{"href":"https:\/\/radis.ee\/de\/wp-json\/wp\/v2\/product\/2763","targetHints":{"allow":["GET"]}}],"collection":[{"href":"https:\/\/radis.ee\/de\/wp-json\/wp\/v2\/product"}],"about":[{"href":"https:\/\/radis.ee\/de\/wp-json\/wp\/v2\/types\/product"}],"replies":[{"embeddable":true,"href":"https:\/\/radis.ee\/de\/wp-json\/wp\/v2\/comments?post=2763"}],"wp:featuredmedia":[{"embeddable":true,"href":"https:\/\/radis.ee\/de\/wp-json\/wp\/v2\/media\/17377"}],"wp:attachment":[{"href":"https:\/\/radis.ee\/de\/wp-json\/wp\/v2\/media?parent=2763"}],"wp:term":[{"taxonomy":"product_brand","embeddable":true,"href":"https:\/\/radis.ee\/de\/wp-json\/wp\/v2\/product_brand?post=2763"},{"taxonomy":"product_cat","embeddable":true,"href":"https:\/\/radis.ee\/de\/wp-json\/wp\/v2\/product_cat?post=2763"},{"taxonomy":"product_tag","embeddable":true,"href":"https:\/\/radis.ee\/de\/wp-json\/wp\/v2\/product_tag?post=2763"}],"curies":[{"name":"wp","href":"https:\/\/api.w.org\/{rel}","templated":true}]}}