{"id":2781,"date":"2020-10-14T20:28:45","date_gmt":"2020-09-27T17:28:45","guid":{"rendered":"https:\/\/radis.ee\/unkategorisiert\/regal-pix-l\/"},"modified":"2024-03-11T23:38:25","modified_gmt":"2024-03-11T21:38:25","slug":"regal-pix-l","status":"publish","type":"product","link":"https:\/\/radis.ee\/de\/regal-pix-l\/","title":{"rendered":"Regal PIX L"},"content":{"rendered":"<p>Regal mit Schr\u00e4nken, die ein stilvolles Designelement sind, sowie ger\u00e4umiger Stauraum. Was hinter den T\u00fcren steht und was ausgestellt wird &#8211; das k\u00f6nnen Sie selbst entscheiden!<\/p>\n<p>Jeder Regalplatz hat auch Schr\u00e4nke mit einer T\u00fcr, deren \u00d6ffnungsrichtung Sie f\u00fcr jeden Schrank bestimmen k\u00f6nnen, wenn Sie das Regal als Raumteiler verwenden.<\/p>\n<p>Der Abstand der B\u00f6den betr\u00e4gt 33 cm, so dass auch h\u00f6here Ordner und B\u00fccher hineinpassen. Die innere Breite des Schranks betr\u00e4gt 33 cm. Ein 8 cm hoher Sockel, der gut zu allen Sockelleisten passt.<\/p>\n<p>Hergestellt aus 15 mm dickem Birkensperrholz oder Eiche furniert, \u00f6lgewachst und zus\u00e4tzlich mit wei\u00dfem HPL beschichtet. T\u00fcrscharniere mit Soft-Close-Funktion.<\/p>\n","protected":false},"excerpt":{"rendered":"<p>Regal mit Schr\u00e4nken, die ein stilvolles Designelement sind, sowie ger\u00e4umiger Stauraum. Was hinter den T\u00fcren steht und was ausgestellt wird &#8211; das k\u00f6nnen Sie selbst entscheiden! Jeder Regalplatz hat auch Schr\u00e4nke mit einer T\u00fcr, deren \u00d6ffnungsrichtung Sie f\u00fcr jeden Schrank bestimmen k\u00f6nnen, wenn Sie das Regal als Raumteiler verwenden. Der Abstand der B\u00f6den betr\u00e4gt 33&#8230;<\/p>\n","protected":false},"featured_media":3540,"comment_status":"open","ping_status":"closed","template":"","meta":{"_acf_changed":false},"product_brand":[],"product_cat":[109],"product_tag":[],"class_list":{"0":"post-2781","1":"product","2":"type-product","3":"status-publish","4":"has-post-thumbnail","6":"product_cat-riiulid","8":"first","9":"instock","10":"sale","11":"taxable","12":"shipping-taxable","13":"purchasable","14":"product-type-variable","15":"has-default-attributes"},"acf":[],"yoast_head":"<!-- This site is optimized with the Yoast SEO plugin v27.4 - https:\/\/yoast.com\/product\/yoast-seo-wordpress\/ -->\n<title>Regal PIX L - Radis<\/title>\n<meta name=\"robots\" content=\"index, follow, max-snippet:-1, max-image-preview:large, max-video-preview:-1\" \/>\n<link rel=\"canonical\" href=\"https:\/\/radis.ee\/riiul-pix-l\/\" \/>\n<meta property=\"og:locale\" content=\"de_DE\" \/>\n<meta property=\"og:type\" content=\"article\" \/>\n<meta property=\"og:title\" content=\"Regal PIX L - Radis\" \/>\n<meta property=\"og:description\" content=\"Regal mit Schr\u00e4nken, die ein stilvolles Designelement sind, sowie ger\u00e4umiger Stauraum. Was hinter den T\u00fcren steht und was ausgestellt wird &#8211; das k\u00f6nnen Sie selbst entscheiden! Jeder Regalplatz hat auch Schr\u00e4nke mit einer T\u00fcr, deren \u00d6ffnungsrichtung Sie f\u00fcr jeden Schrank bestimmen k\u00f6nnen, wenn Sie das Regal als Raumteiler verwenden. Der Abstand der B\u00f6den betr\u00e4gt 33...\" \/>\n<meta property=\"og:url\" content=\"https:\/\/radis.ee\/riiul-pix-l\/\" \/>\n<meta property=\"og:site_name\" content=\"Radis\" \/>\n<meta property=\"article:publisher\" content=\"https:\/\/www.facebook.com\/radisfurniture\/\" \/>\n<meta property=\"article:modified_time\" content=\"2024-03-11T21:38:25+00:00\" \/>\n<meta property=\"og:image\" content=\"https:\/\/radis.ee\/wp-content\/uploads\/2020\/09\/Radis_shelf_PIX6_200cm_white_film-scaled.jpg\" \/>\n\t<meta property=\"og:image:width\" content=\"5000\" \/>\n\t<meta property=\"og:image:height\" content=\"3750\" \/>\n\t<meta property=\"og:image:type\" content=\"image\/jpeg\" \/>\n<meta name=\"twitter:card\" content=\"summary_large_image\" \/>\n<meta name=\"twitter:label1\" content=\"Gesch\u00e4tzte Lesezeit\" \/>\n\t<meta name=\"twitter:data1\" content=\"1\u00a0Minute\" \/>\n<script type=\"application\/ld+json\" class=\"yoast-schema-graph\">{\"@context\":\"https:\\\/\\\/schema.org\",\"@graph\":[{\"@type\":\"WebPage\",\"@id\":\"https:\\\/\\\/radis.ee\\\/riiul-pix-l\\\/\",\"url\":\"https:\\\/\\\/radis.ee\\\/riiul-pix-l\\\/\",\"name\":\"Regal PIX L - Radis\",\"isPartOf\":{\"@id\":\"https:\\\/\\\/radis.ee\\\/#website\"},\"primaryImageOfPage\":{\"@id\":\"https:\\\/\\\/radis.ee\\\/riiul-pix-l\\\/#primaryimage\"},\"image\":{\"@id\":\"https:\\\/\\\/radis.ee\\\/riiul-pix-l\\\/#primaryimage\"},\"thumbnailUrl\":\"https:\\\/\\\/radis.ee\\\/wp-content\\\/uploads\\\/2020\\\/09\\\/Radis_shelf_PIX6_200cm_white_film-scaled.jpg\",\"datePublished\":\"2020-09-27T17:28:45+00:00\",\"dateModified\":\"2024-03-11T21:38:25+00:00\",\"breadcrumb\":{\"@id\":\"https:\\\/\\\/radis.ee\\\/riiul-pix-l\\\/#breadcrumb\"},\"inLanguage\":\"de\",\"potentialAction\":[{\"@type\":\"ReadAction\",\"target\":[\"https:\\\/\\\/radis.ee\\\/riiul-pix-l\\\/\"]}]},{\"@type\":\"ImageObject\",\"inLanguage\":\"de\",\"@id\":\"https:\\\/\\\/radis.ee\\\/riiul-pix-l\\\/#primaryimage\",\"url\":\"https:\\\/\\\/radis.ee\\\/wp-content\\\/uploads\\\/2020\\\/09\\\/Radis_shelf_PIX6_200cm_white_film-scaled.jpg\",\"contentUrl\":\"https:\\\/\\\/radis.ee\\\/wp-content\\\/uploads\\\/2020\\\/09\\\/Radis_shelf_PIX6_200cm_white_film-scaled.jpg\",\"width\":5000,\"height\":3750,\"caption\":\"SHELF PIX 200cm white film\"},{\"@type\":\"BreadcrumbList\",\"@id\":\"https:\\\/\\\/radis.ee\\\/riiul-pix-l\\\/#breadcrumb\",\"itemListElement\":[{\"@type\":\"ListItem\",\"position\":1,\"name\":\"Home\",\"item\":\"https:\\\/\\\/radis.ee\\\/\"},{\"@type\":\"ListItem\",\"position\":2,\"name\":\"Produkte\",\"item\":\"https:\\\/\\\/radis.ee\\\/de\\\/produkte\\\/\"},{\"@type\":\"ListItem\",\"position\":3,\"name\":\"Regal PIX L\"}]},{\"@type\":\"WebSite\",\"@id\":\"https:\\\/\\\/radis.ee\\\/#website\",\"url\":\"https:\\\/\\\/radis.ee\\\/\",\"name\":\"Radis\",\"description\":\"Nordic design furniture, environmentally friendly and sustainable.\",\"publisher\":{\"@id\":\"https:\\\/\\\/radis.ee\\\/#organization\"},\"potentialAction\":[{\"@type\":\"SearchAction\",\"target\":{\"@type\":\"EntryPoint\",\"urlTemplate\":\"https:\\\/\\\/radis.ee\\\/?s={search_term_string}\"},\"query-input\":{\"@type\":\"PropertyValueSpecification\",\"valueRequired\":true,\"valueName\":\"search_term_string\"}}],\"inLanguage\":\"de\"},{\"@type\":\"Organization\",\"@id\":\"https:\\\/\\\/radis.ee\\\/#organization\",\"name\":\"Radis O\u00dc\",\"url\":\"https:\\\/\\\/radis.ee\\\/\",\"logo\":{\"@type\":\"ImageObject\",\"inLanguage\":\"de\",\"@id\":\"https:\\\/\\\/radis.ee\\\/#\\\/schema\\\/logo\\\/image\\\/\",\"url\":\"https:\\\/\\\/radis.ee\\\/wp-content\\\/uploads\\\/2020\\\/10\\\/Radis-logo.png\",\"contentUrl\":\"https:\\\/\\\/radis.ee\\\/wp-content\\\/uploads\\\/2020\\\/10\\\/Radis-logo.png\",\"width\":300,\"height\":63,\"caption\":\"Radis O\u00dc\"},\"image\":{\"@id\":\"https:\\\/\\\/radis.ee\\\/#\\\/schema\\\/logo\\\/image\\\/\"},\"sameAs\":[\"https:\\\/\\\/www.facebook.com\\\/radisfurniture\\\/\"]}]}<\/script>\n<!-- \/ Yoast SEO plugin. -->","yoast_head_json":{"title":"Regal PIX L - Radis","robots":{"index":"index","follow":"follow","max-snippet":"max-snippet:-1","max-image-preview":"max-image-preview:large","max-video-preview":"max-video-preview:-1"},"canonical":"https:\/\/radis.ee\/riiul-pix-l\/","og_locale":"de_DE","og_type":"article","og_title":"Regal PIX L - Radis","og_description":"Regal mit Schr\u00e4nken, die ein stilvolles Designelement sind, sowie ger\u00e4umiger Stauraum. Was hinter den T\u00fcren steht und was ausgestellt wird &#8211; das k\u00f6nnen Sie selbst entscheiden! Jeder Regalplatz hat auch Schr\u00e4nke mit einer T\u00fcr, deren \u00d6ffnungsrichtung Sie f\u00fcr jeden Schrank bestimmen k\u00f6nnen, wenn Sie das Regal als Raumteiler verwenden. Der Abstand der B\u00f6den betr\u00e4gt 33...","og_url":"https:\/\/radis.ee\/riiul-pix-l\/","og_site_name":"Radis","article_publisher":"https:\/\/www.facebook.com\/radisfurniture\/","article_modified_time":"2024-03-11T21:38:25+00:00","og_image":[{"width":5000,"height":3750,"url":"https:\/\/radis.ee\/wp-content\/uploads\/2020\/09\/Radis_shelf_PIX6_200cm_white_film-scaled.jpg","type":"image\/jpeg"}],"twitter_card":"summary_large_image","twitter_misc":{"Gesch\u00e4tzte Lesezeit":"1\u00a0Minute"},"schema":{"@context":"https:\/\/schema.org","@graph":[{"@type":"WebPage","@id":"https:\/\/radis.ee\/riiul-pix-l\/","url":"https:\/\/radis.ee\/riiul-pix-l\/","name":"Regal PIX L - Radis","isPartOf":{"@id":"https:\/\/radis.ee\/#website"},"primaryImageOfPage":{"@id":"https:\/\/radis.ee\/riiul-pix-l\/#primaryimage"},"image":{"@id":"https:\/\/radis.ee\/riiul-pix-l\/#primaryimage"},"thumbnailUrl":"https:\/\/radis.ee\/wp-content\/uploads\/2020\/09\/Radis_shelf_PIX6_200cm_white_film-scaled.jpg","datePublished":"2020-09-27T17:28:45+00:00","dateModified":"2024-03-11T21:38:25+00:00","breadcrumb":{"@id":"https:\/\/radis.ee\/riiul-pix-l\/#breadcrumb"},"inLanguage":"de","potentialAction":[{"@type":"ReadAction","target":["https:\/\/radis.ee\/riiul-pix-l\/"]}]},{"@type":"ImageObject","inLanguage":"de","@id":"https:\/\/radis.ee\/riiul-pix-l\/#primaryimage","url":"https:\/\/radis.ee\/wp-content\/uploads\/2020\/09\/Radis_shelf_PIX6_200cm_white_film-scaled.jpg","contentUrl":"https:\/\/radis.ee\/wp-content\/uploads\/2020\/09\/Radis_shelf_PIX6_200cm_white_film-scaled.jpg","width":5000,"height":3750,"caption":"SHELF PIX 200cm white film"},{"@type":"BreadcrumbList","@id":"https:\/\/radis.ee\/riiul-pix-l\/#breadcrumb","itemListElement":[{"@type":"ListItem","position":1,"name":"Home","item":"https:\/\/radis.ee\/"},{"@type":"ListItem","position":2,"name":"Produkte","item":"https:\/\/radis.ee\/de\/produkte\/"},{"@type":"ListItem","position":3,"name":"Regal PIX L"}]},{"@type":"WebSite","@id":"https:\/\/radis.ee\/#website","url":"https:\/\/radis.ee\/","name":"Radis","description":"Nordic design furniture, environmentally friendly and sustainable.","publisher":{"@id":"https:\/\/radis.ee\/#organization"},"potentialAction":[{"@type":"SearchAction","target":{"@type":"EntryPoint","urlTemplate":"https:\/\/radis.ee\/?s={search_term_string}"},"query-input":{"@type":"PropertyValueSpecification","valueRequired":true,"valueName":"search_term_string"}}],"inLanguage":"de"},{"@type":"Organization","@id":"https:\/\/radis.ee\/#organization","name":"Radis O\u00dc","url":"https:\/\/radis.ee\/","logo":{"@type":"ImageObject","inLanguage":"de","@id":"https:\/\/radis.ee\/#\/schema\/logo\/image\/","url":"https:\/\/radis.ee\/wp-content\/uploads\/2020\/10\/Radis-logo.png","contentUrl":"https:\/\/radis.ee\/wp-content\/uploads\/2020\/10\/Radis-logo.png","width":300,"height":63,"caption":"Radis O\u00dc"},"image":{"@id":"https:\/\/radis.ee\/#\/schema\/logo\/image\/"},"sameAs":["https:\/\/www.facebook.com\/radisfurniture\/"]}]}},"_links":{"self":[{"href":"https:\/\/radis.ee\/de\/wp-json\/wp\/v2\/product\/2781","targetHints":{"allow":["GET"]}}],"collection":[{"href":"https:\/\/radis.ee\/de\/wp-json\/wp\/v2\/product"}],"about":[{"href":"https:\/\/radis.ee\/de\/wp-json\/wp\/v2\/types\/product"}],"replies":[{"embeddable":true,"href":"https:\/\/radis.ee\/de\/wp-json\/wp\/v2\/comments?post=2781"}],"wp:featuredmedia":[{"embeddable":true,"href":"https:\/\/radis.ee\/de\/wp-json\/wp\/v2\/media\/3540"}],"wp:attachment":[{"href":"https:\/\/radis.ee\/de\/wp-json\/wp\/v2\/media?parent=2781"}],"wp:term":[{"taxonomy":"product_brand","embeddable":true,"href":"https:\/\/radis.ee\/de\/wp-json\/wp\/v2\/product_brand?post=2781"},{"taxonomy":"product_cat","embeddable":true,"href":"https:\/\/radis.ee\/de\/wp-json\/wp\/v2\/product_cat?post=2781"},{"taxonomy":"product_tag","embeddable":true,"href":"https:\/\/radis.ee\/de\/wp-json\/wp\/v2\/product_tag?post=2781"}],"curies":[{"name":"wp","href":"https:\/\/api.w.org\/{rel}","templated":true}]}}