{"id":27945,"date":"2024-12-27T12:49:20","date_gmt":"2024-12-27T10:49:20","guid":{"rendered":"https:\/\/radis.ee\/?post_type=product&#038;p=27945"},"modified":"2026-01-27T22:41:51","modified_gmt":"2026-01-27T20:41:51","slug":"gebogener-wandmontierter-tv-stander-floaty","status":"publish","type":"product","link":"https:\/\/radis.ee\/de\/gebogener-wandmontierter-tv-stander-floaty\/","title":{"rendered":"Gebogener wandmontierter TV-Schrank FLOATY"},"content":{"rendered":"<p>Ein sorgf\u00e4ltig gefertigter, wandmontierter TV-St\u00e4nder FLOATY, der Minimalismus neu definiert. Mit seiner anmutig geschwungenen Silhouette verleiht FLOATY nordischen Charme und maximiert gleichzeitig die Raumeffizienz. Das schlanke, schwebende Design sorgt f\u00fcr einen luftigen, aufger\u00e4umten Look und ist somit ideal f\u00fcr moderne Innenr\u00e4ume. Wie die sch\u00f6nsten Tr\u00e4ume schwebt der TV-St\u00e4nder FLOATY in der Luft.<\/p>\n<p>Ob Sie sich bei Ihrer Lieblingssendung entspannen oder ein Treffen veranstalten, FLOATY kombiniert nahtlos Form und Funktion, um Ihr Zuhause aufzuwerten. Die moderate Tiefe und H\u00f6he des gebogenen TV-St\u00e4nders FLOATY bedeutet, dass er in Ihrem Wohnzimmer nicht viel Platz einnimmt, aber seine Aufgabe sehr gut erf\u00fcllt. Der TV-St\u00e4nder verf\u00fcgt \u00fcber mehrere L\u00f6cher mit 4 cm Durchmesser f\u00fcr eine einfache Kabelf\u00fchrung \u2013 sowohl an der Decke und Unterseite als auch an den Innenw\u00e4nden. Auf Wunsch k\u00f6nnen wir die Kabell\u00f6cher weglassen. Zwei gerippte Schiebet\u00fcren bieten Platz, hinter dem Sie beispielsweise eine TV-Fernbedienung oder andere kleinere Gegenst\u00e4nde aufbewahren k\u00f6nnen.<\/p>\n<p>Das abgerundete Modell FLOATY ist in vier verschiedenen Breiten (150, 180, 200 und 230 cm) erh\u00e4ltlich, sodass Sie ganz einfach die perfekte Gr\u00f6\u00dfe f\u00fcr Ihr Zimmer finden. Gefertigt aus langlebigen und umweltfreundlichen Materialien f\u00fcr zeitlose Qualit\u00e4t: Birkensperrholz mit Eichenfurnier, wahlweise mit farblosem \u00d6lwachs, braunem \u00d6lwachs in Antik-Eiche oder schwarzer Beize, sowie schwarze Forescolor-Faserplatte (organisch gef\u00e4rbt). Die Innenh\u00f6he des TV-Schranks betr\u00e4gt 16 cm, die Gesamth\u00f6he 19 cm und die Tiefe 24 cm. Bei der 230 cm breiten Ausf\u00fchrung betr\u00e4gt die H\u00f6he 38 cm und die Tiefe 29 cm.<\/p>\n<p>Pr\u00e4zise und sorgf\u00e4ltig gestaltet, bringt FLOATY W\u00e4rme und Eleganz in Ihren Wohnraum und hilft Ihnen, die Kunst der Einfachheit zu erleben.<\/p>\n<div id=\"k0ba\" class=\"w-tabs-section active\">\n<div id=\"content-k0ba\" class=\"w-tabs-section-content\">\n<div class=\"w-tabs-section-content-h i-cf\">\n<div class=\"w-post-elm post_content\">\n<p><strong>2 Wochen Lieferung in ganz Europa!<\/strong><\/p>\n<\/div>\n<\/div>\n<\/div>\n<\/div>\n","protected":false},"excerpt":{"rendered":"<p>Ein sorgf\u00e4ltig gefertigter, wandmontierter TV-St\u00e4nder FLOATY, der Minimalismus neu definiert. Mit seiner anmutig geschwungenen Silhouette verleiht FLOATY nordischen Charme und maximiert gleichzeitig die Raumeffizienz. Das schlanke, schwebende Design sorgt f\u00fcr einen luftigen, aufger\u00e4umten Look und ist somit ideal f\u00fcr moderne Innenr\u00e4ume. Wie die sch\u00f6nsten Tr\u00e4ume schwebt der TV-St\u00e4nder FLOATY in der Luft. Ob Sie sich&#8230;<\/p>\n","protected":false},"featured_media":28081,"comment_status":"open","ping_status":"closed","template":"","meta":{"_acf_changed":false},"product_brand":[],"product_cat":[112],"product_tag":[],"class_list":{"0":"post-27945","1":"product","2":"type-product","3":"status-publish","4":"has-post-thumbnail","6":"product_cat-tv-alused","8":"first","9":"instock","10":"taxable","11":"shipping-taxable","12":"purchasable","13":"product-type-variable","14":"has-default-attributes"},"acf":[],"yoast_head":"<!-- This site is optimized with the Yoast SEO plugin v27.4 - https:\/\/yoast.com\/product\/yoast-seo-wordpress\/ -->\n<title>Gebogener wandmontierter TV-Schrank FLOATY - Radis<\/title>\n<meta name=\"robots\" content=\"index, follow, max-snippet:-1, max-image-preview:large, max-video-preview:-1\" \/>\n<link rel=\"canonical\" href=\"https:\/\/radis.ee\/de\/gebogener-wandmontierter-tv-stander-floaty\/\" \/>\n<meta property=\"og:locale\" content=\"de_DE\" \/>\n<meta property=\"og:type\" content=\"article\" \/>\n<meta property=\"og:title\" content=\"Gebogener wandmontierter TV-Schrank FLOATY - Radis\" \/>\n<meta property=\"og:description\" content=\"Ein sorgf\u00e4ltig gefertigter, wandmontierter TV-St\u00e4nder FLOATY, der Minimalismus neu definiert. Mit seiner anmutig geschwungenen Silhouette verleiht FLOATY nordischen Charme und maximiert gleichzeitig die Raumeffizienz. Das schlanke, schwebende Design sorgt f\u00fcr einen luftigen, aufger\u00e4umten Look und ist somit ideal f\u00fcr moderne Innenr\u00e4ume. Wie die sch\u00f6nsten Tr\u00e4ume schwebt der TV-St\u00e4nder FLOATY in der Luft. Ob Sie sich...\" \/>\n<meta property=\"og:url\" content=\"https:\/\/radis.ee\/de\/gebogener-wandmontierter-tv-stander-floaty\/\" \/>\n<meta property=\"og:site_name\" content=\"Radis\" \/>\n<meta property=\"article:publisher\" content=\"https:\/\/www.facebook.com\/radisfurniture\/\" \/>\n<meta property=\"article:modified_time\" content=\"2026-01-27T20:41:51+00:00\" \/>\n<meta property=\"og:image\" content=\"https:\/\/radis.ee\/wp-content\/uploads\/2024\/12\/Radis_wall_mounted_TV_stand_curved_FLOATY_oak_veneered_plywood_white_background.jpg\" \/>\n\t<meta property=\"og:image:width\" content=\"1614\" \/>\n\t<meta property=\"og:image:height\" content=\"1921\" \/>\n\t<meta property=\"og:image:type\" content=\"image\/jpeg\" \/>\n<meta name=\"twitter:card\" content=\"summary_large_image\" \/>\n<meta name=\"twitter:label1\" content=\"Gesch\u00e4tzte Lesezeit\" \/>\n\t<meta name=\"twitter:data1\" content=\"2\u00a0Minuten\" \/>\n<script type=\"application\/ld+json\" class=\"yoast-schema-graph\">{\"@context\":\"https:\\\/\\\/schema.org\",\"@graph\":[{\"@type\":\"WebPage\",\"@id\":\"https:\\\/\\\/radis.ee\\\/de\\\/gebogener-wandmontierter-tv-stander-floaty\\\/\",\"url\":\"https:\\\/\\\/radis.ee\\\/de\\\/gebogener-wandmontierter-tv-stander-floaty\\\/\",\"name\":\"Gebogener wandmontierter TV-Schrank FLOATY - Radis\",\"isPartOf\":{\"@id\":\"https:\\\/\\\/radis.ee\\\/#website\"},\"primaryImageOfPage\":{\"@id\":\"https:\\\/\\\/radis.ee\\\/de\\\/gebogener-wandmontierter-tv-stander-floaty\\\/#primaryimage\"},\"image\":{\"@id\":\"https:\\\/\\\/radis.ee\\\/de\\\/gebogener-wandmontierter-tv-stander-floaty\\\/#primaryimage\"},\"thumbnailUrl\":\"https:\\\/\\\/radis.ee\\\/wp-content\\\/uploads\\\/2024\\\/12\\\/Radis_wall_mounted_TV_stand_curved_FLOATY_oak_veneered_plywood_white_background.jpg\",\"datePublished\":\"2024-12-27T10:49:20+00:00\",\"dateModified\":\"2026-01-27T20:41:51+00:00\",\"breadcrumb\":{\"@id\":\"https:\\\/\\\/radis.ee\\\/de\\\/gebogener-wandmontierter-tv-stander-floaty\\\/#breadcrumb\"},\"inLanguage\":\"de\",\"potentialAction\":[{\"@type\":\"ReadAction\",\"target\":[\"https:\\\/\\\/radis.ee\\\/de\\\/gebogener-wandmontierter-tv-stander-floaty\\\/\"]}]},{\"@type\":\"ImageObject\",\"inLanguage\":\"de\",\"@id\":\"https:\\\/\\\/radis.ee\\\/de\\\/gebogener-wandmontierter-tv-stander-floaty\\\/#primaryimage\",\"url\":\"https:\\\/\\\/radis.ee\\\/wp-content\\\/uploads\\\/2024\\\/12\\\/Radis_wall_mounted_TV_stand_curved_FLOATY_oak_veneered_plywood_white_background.jpg\",\"contentUrl\":\"https:\\\/\\\/radis.ee\\\/wp-content\\\/uploads\\\/2024\\\/12\\\/Radis_wall_mounted_TV_stand_curved_FLOATY_oak_veneered_plywood_white_background.jpg\",\"width\":1614,\"height\":1921,\"caption\":\"Radis wall mounted curved TV-stand FLOATY oak veneered plywood\"},{\"@type\":\"BreadcrumbList\",\"@id\":\"https:\\\/\\\/radis.ee\\\/de\\\/gebogener-wandmontierter-tv-stander-floaty\\\/#breadcrumb\",\"itemListElement\":[{\"@type\":\"ListItem\",\"position\":1,\"name\":\"Home\",\"item\":\"https:\\\/\\\/radis.ee\\\/\"},{\"@type\":\"ListItem\",\"position\":2,\"name\":\"Produkte\",\"item\":\"https:\\\/\\\/radis.ee\\\/de\\\/produkte\\\/\"},{\"@type\":\"ListItem\",\"position\":3,\"name\":\"Gebogener wandmontierter TV-Schrank FLOATY\"}]},{\"@type\":\"WebSite\",\"@id\":\"https:\\\/\\\/radis.ee\\\/#website\",\"url\":\"https:\\\/\\\/radis.ee\\\/\",\"name\":\"Radis\",\"description\":\"Nordic design furniture, environmentally friendly and sustainable.\",\"publisher\":{\"@id\":\"https:\\\/\\\/radis.ee\\\/#organization\"},\"potentialAction\":[{\"@type\":\"SearchAction\",\"target\":{\"@type\":\"EntryPoint\",\"urlTemplate\":\"https:\\\/\\\/radis.ee\\\/?s={search_term_string}\"},\"query-input\":{\"@type\":\"PropertyValueSpecification\",\"valueRequired\":true,\"valueName\":\"search_term_string\"}}],\"inLanguage\":\"de\"},{\"@type\":\"Organization\",\"@id\":\"https:\\\/\\\/radis.ee\\\/#organization\",\"name\":\"Radis O\u00dc\",\"url\":\"https:\\\/\\\/radis.ee\\\/\",\"logo\":{\"@type\":\"ImageObject\",\"inLanguage\":\"de\",\"@id\":\"https:\\\/\\\/radis.ee\\\/#\\\/schema\\\/logo\\\/image\\\/\",\"url\":\"https:\\\/\\\/radis.ee\\\/wp-content\\\/uploads\\\/2020\\\/10\\\/Radis-logo.png\",\"contentUrl\":\"https:\\\/\\\/radis.ee\\\/wp-content\\\/uploads\\\/2020\\\/10\\\/Radis-logo.png\",\"width\":300,\"height\":63,\"caption\":\"Radis O\u00dc\"},\"image\":{\"@id\":\"https:\\\/\\\/radis.ee\\\/#\\\/schema\\\/logo\\\/image\\\/\"},\"sameAs\":[\"https:\\\/\\\/www.facebook.com\\\/radisfurniture\\\/\"]}]}<\/script>\n<!-- \/ Yoast SEO plugin. -->","yoast_head_json":{"title":"Gebogener wandmontierter TV-Schrank FLOATY - Radis","robots":{"index":"index","follow":"follow","max-snippet":"max-snippet:-1","max-image-preview":"max-image-preview:large","max-video-preview":"max-video-preview:-1"},"canonical":"https:\/\/radis.ee\/de\/gebogener-wandmontierter-tv-stander-floaty\/","og_locale":"de_DE","og_type":"article","og_title":"Gebogener wandmontierter TV-Schrank FLOATY - Radis","og_description":"Ein sorgf\u00e4ltig gefertigter, wandmontierter TV-St\u00e4nder FLOATY, der Minimalismus neu definiert. Mit seiner anmutig geschwungenen Silhouette verleiht FLOATY nordischen Charme und maximiert gleichzeitig die Raumeffizienz. Das schlanke, schwebende Design sorgt f\u00fcr einen luftigen, aufger\u00e4umten Look und ist somit ideal f\u00fcr moderne Innenr\u00e4ume. Wie die sch\u00f6nsten Tr\u00e4ume schwebt der TV-St\u00e4nder FLOATY in der Luft. Ob Sie sich...","og_url":"https:\/\/radis.ee\/de\/gebogener-wandmontierter-tv-stander-floaty\/","og_site_name":"Radis","article_publisher":"https:\/\/www.facebook.com\/radisfurniture\/","article_modified_time":"2026-01-27T20:41:51+00:00","og_image":[{"width":1614,"height":1921,"url":"https:\/\/radis.ee\/wp-content\/uploads\/2024\/12\/Radis_wall_mounted_TV_stand_curved_FLOATY_oak_veneered_plywood_white_background.jpg","type":"image\/jpeg"}],"twitter_card":"summary_large_image","twitter_misc":{"Gesch\u00e4tzte Lesezeit":"2\u00a0Minuten"},"schema":{"@context":"https:\/\/schema.org","@graph":[{"@type":"WebPage","@id":"https:\/\/radis.ee\/de\/gebogener-wandmontierter-tv-stander-floaty\/","url":"https:\/\/radis.ee\/de\/gebogener-wandmontierter-tv-stander-floaty\/","name":"Gebogener wandmontierter TV-Schrank FLOATY - Radis","isPartOf":{"@id":"https:\/\/radis.ee\/#website"},"primaryImageOfPage":{"@id":"https:\/\/radis.ee\/de\/gebogener-wandmontierter-tv-stander-floaty\/#primaryimage"},"image":{"@id":"https:\/\/radis.ee\/de\/gebogener-wandmontierter-tv-stander-floaty\/#primaryimage"},"thumbnailUrl":"https:\/\/radis.ee\/wp-content\/uploads\/2024\/12\/Radis_wall_mounted_TV_stand_curved_FLOATY_oak_veneered_plywood_white_background.jpg","datePublished":"2024-12-27T10:49:20+00:00","dateModified":"2026-01-27T20:41:51+00:00","breadcrumb":{"@id":"https:\/\/radis.ee\/de\/gebogener-wandmontierter-tv-stander-floaty\/#breadcrumb"},"inLanguage":"de","potentialAction":[{"@type":"ReadAction","target":["https:\/\/radis.ee\/de\/gebogener-wandmontierter-tv-stander-floaty\/"]}]},{"@type":"ImageObject","inLanguage":"de","@id":"https:\/\/radis.ee\/de\/gebogener-wandmontierter-tv-stander-floaty\/#primaryimage","url":"https:\/\/radis.ee\/wp-content\/uploads\/2024\/12\/Radis_wall_mounted_TV_stand_curved_FLOATY_oak_veneered_plywood_white_background.jpg","contentUrl":"https:\/\/radis.ee\/wp-content\/uploads\/2024\/12\/Radis_wall_mounted_TV_stand_curved_FLOATY_oak_veneered_plywood_white_background.jpg","width":1614,"height":1921,"caption":"Radis wall mounted curved TV-stand FLOATY oak veneered plywood"},{"@type":"BreadcrumbList","@id":"https:\/\/radis.ee\/de\/gebogener-wandmontierter-tv-stander-floaty\/#breadcrumb","itemListElement":[{"@type":"ListItem","position":1,"name":"Home","item":"https:\/\/radis.ee\/"},{"@type":"ListItem","position":2,"name":"Produkte","item":"https:\/\/radis.ee\/de\/produkte\/"},{"@type":"ListItem","position":3,"name":"Gebogener wandmontierter TV-Schrank FLOATY"}]},{"@type":"WebSite","@id":"https:\/\/radis.ee\/#website","url":"https:\/\/radis.ee\/","name":"Radis","description":"Nordic design furniture, environmentally friendly and sustainable.","publisher":{"@id":"https:\/\/radis.ee\/#organization"},"potentialAction":[{"@type":"SearchAction","target":{"@type":"EntryPoint","urlTemplate":"https:\/\/radis.ee\/?s={search_term_string}"},"query-input":{"@type":"PropertyValueSpecification","valueRequired":true,"valueName":"search_term_string"}}],"inLanguage":"de"},{"@type":"Organization","@id":"https:\/\/radis.ee\/#organization","name":"Radis O\u00dc","url":"https:\/\/radis.ee\/","logo":{"@type":"ImageObject","inLanguage":"de","@id":"https:\/\/radis.ee\/#\/schema\/logo\/image\/","url":"https:\/\/radis.ee\/wp-content\/uploads\/2020\/10\/Radis-logo.png","contentUrl":"https:\/\/radis.ee\/wp-content\/uploads\/2020\/10\/Radis-logo.png","width":300,"height":63,"caption":"Radis O\u00dc"},"image":{"@id":"https:\/\/radis.ee\/#\/schema\/logo\/image\/"},"sameAs":["https:\/\/www.facebook.com\/radisfurniture\/"]}]}},"_links":{"self":[{"href":"https:\/\/radis.ee\/de\/wp-json\/wp\/v2\/product\/27945","targetHints":{"allow":["GET"]}}],"collection":[{"href":"https:\/\/radis.ee\/de\/wp-json\/wp\/v2\/product"}],"about":[{"href":"https:\/\/radis.ee\/de\/wp-json\/wp\/v2\/types\/product"}],"replies":[{"embeddable":true,"href":"https:\/\/radis.ee\/de\/wp-json\/wp\/v2\/comments?post=27945"}],"wp:featuredmedia":[{"embeddable":true,"href":"https:\/\/radis.ee\/de\/wp-json\/wp\/v2\/media\/28081"}],"wp:attachment":[{"href":"https:\/\/radis.ee\/de\/wp-json\/wp\/v2\/media?parent=27945"}],"wp:term":[{"taxonomy":"product_brand","embeddable":true,"href":"https:\/\/radis.ee\/de\/wp-json\/wp\/v2\/product_brand?post=27945"},{"taxonomy":"product_cat","embeddable":true,"href":"https:\/\/radis.ee\/de\/wp-json\/wp\/v2\/product_cat?post=27945"},{"taxonomy":"product_tag","embeddable":true,"href":"https:\/\/radis.ee\/de\/wp-json\/wp\/v2\/product_tag?post=27945"}],"curies":[{"name":"wp","href":"https:\/\/api.w.org\/{rel}","templated":true}]}}