{"id":2805,"date":"2022-08-22T23:47:52","date_gmt":"2020-09-27T17:17:52","guid":{"rendered":"https:\/\/radis.ee\/unkategorisiert\/klappbarer-arbeitsplatz-radius\/"},"modified":"2024-10-08T10:07:32","modified_gmt":"2024-10-08T07:07:32","slug":"klappbarer-arbeitsplatz-ring","status":"publish","type":"product","link":"https:\/\/radis.ee\/de\/klappbarer-arbeitsplatz-ring\/","title":{"rendered":"Klappbarer Arbeitsplatz RING"},"content":{"rendered":"<p>Ist es die Sonne? Ist es der Mond? Ist es ein Eingang zu einer geheimen Welt\u2026.? Nein, es ist RING, ein einzigartiger klappbarer Arbeitsplatz entworfen vom Berliner Designer Michael Hilgers.<\/p>\n<p>Ideal f\u00fcr diejenigen, die nicht jeden Tag einen Schreibtisch ben\u00f6tigen oder aber ihren Wohnraum nicht mit einem Schreibtisch verunstalten wollen; perfekt f\u00fcr R\u00e4ume, in denen nicht gen\u00fcgend Platz f\u00fcr ein typisches Home Office vorhanden ist.<\/p>\n<p>RING kann bei Bedarf einfach weggeklappt bzw. zum Arbeiten aktiviert werden. Es dient dazu, Dinge zur Schau zu stellen oder als Ort, um in Ruhe das Make-up aufzutragen &#8211; Sie haben die Wahl.<\/p>\n<p>Im geschlossen Zustand verwandelt sich dieses \u201eWandwerkzeug\u201c in ein dekoratives Element Ihres Wohnraum und verleiht diesem Raffinesse und Charakter.<\/p>\n<p>RING ist in Schichtholz mit wei\u00dfer Beschichtung oder mit Eichenfurnier erh\u00e4ltlich. Zur Montage einfach die 2 Schrauben im Abstand von 35 cm in der Wand festd\u00fcbeln- und schon kann es losgehen.<\/p>\n<div class=\"product_footerSection\">\n<p>Der Frontdurchmesser betr\u00e4gt 70 cm; die Aussentiefe insgesamt 14 cm. Die Tiefe der Arbeitsfl\u00e4che betr\u00e4gt max. 48 cm. Die h\u00f6henverstellbaren Regalb\u00f6den sind 45 cm breit und 12 cm tief. Innenh\u00f6he 45 cm. Starke H\u00e4fele-Scharniere. Erh\u00e4ltlich sowohl auf wei\u00dfem Koskisen HPL auf Sperrholz als auch auf Eichenfurniersperrholz.<\/p>\n<\/div>\n","protected":false},"excerpt":{"rendered":"<p>Ist es die Sonne? Ist es der Mond? Ist es ein Eingang zu einer geheimen Welt\u2026.? Nein, es ist RING, ein einzigartiger klappbarer Arbeitsplatz entworfen vom Berliner Designer Michael Hilgers. Ideal f\u00fcr diejenigen, die nicht jeden Tag einen Schreibtisch ben\u00f6tigen oder aber ihren Wohnraum nicht mit einem Schreibtisch verunstalten wollen; perfekt f\u00fcr R\u00e4ume, in denen&#8230;<\/p>\n","protected":false},"featured_media":15159,"comment_status":"open","ping_status":"closed","template":"","meta":{"_acf_changed":false},"product_brand":[],"product_cat":[229],"product_tag":[],"class_list":{"0":"post-2805","1":"product","2":"type-product","3":"status-publish","4":"has-post-thumbnail","6":"product_cat-tische","8":"first","9":"instock","10":"sale","11":"taxable","12":"shipping-taxable","13":"purchasable","14":"product-type-variable","15":"has-default-attributes"},"acf":[],"yoast_head":"<!-- This site is optimized with the Yoast SEO plugin v27.3 - https:\/\/yoast.com\/product\/yoast-seo-wordpress\/ -->\n<title>Klappbarer Arbeitsplatz RING - Radis<\/title>\n<meta name=\"robots\" content=\"index, follow, max-snippet:-1, max-image-preview:large, max-video-preview:-1\" \/>\n<link rel=\"canonical\" href=\"https:\/\/radis.ee\/de\/klappbarer-arbeitsplatz-ring\/\" \/>\n<meta property=\"og:locale\" content=\"de_DE\" \/>\n<meta property=\"og:type\" content=\"article\" \/>\n<meta property=\"og:title\" content=\"Klappbarer Arbeitsplatz RING - Radis\" \/>\n<meta property=\"og:description\" content=\"Ist es die Sonne? Ist es der Mond? Ist es ein Eingang zu einer geheimen Welt\u2026.? Nein, es ist RING, ein einzigartiger klappbarer Arbeitsplatz entworfen vom Berliner Designer Michael Hilgers. Ideal f\u00fcr diejenigen, die nicht jeden Tag einen Schreibtisch ben\u00f6tigen oder aber ihren Wohnraum nicht mit einem Schreibtisch verunstalten wollen; perfekt f\u00fcr R\u00e4ume, in denen...\" \/>\n<meta property=\"og:url\" content=\"https:\/\/radis.ee\/de\/klappbarer-arbeitsplatz-ring\/\" \/>\n<meta property=\"og:site_name\" content=\"Radis\" \/>\n<meta property=\"article:publisher\" content=\"https:\/\/www.facebook.com\/radisfurniture\/\" \/>\n<meta property=\"article:modified_time\" content=\"2024-10-08T07:07:32+00:00\" \/>\n<meta property=\"og:image\" content=\"https:\/\/radis.ee\/wp-content\/uploads\/2020\/05\/RA0646_RADIS_foldable_wall_desk_RING_oak_veneered_plywood_Michael_Hilgers_3_black_hinges_white_blackground.jpg\" \/>\n\t<meta property=\"og:image:width\" content=\"2444\" \/>\n\t<meta property=\"og:image:height\" content=\"2532\" \/>\n\t<meta property=\"og:image:type\" content=\"image\/jpeg\" \/>\n<meta name=\"twitter:card\" content=\"summary_large_image\" \/>\n<meta name=\"twitter:label1\" content=\"Gesch\u00e4tzte Lesezeit\" \/>\n\t<meta name=\"twitter:data1\" content=\"1\u00a0Minute\" \/>\n<script type=\"application\/ld+json\" class=\"yoast-schema-graph\">{\"@context\":\"https:\\\/\\\/schema.org\",\"@graph\":[{\"@type\":\"WebPage\",\"@id\":\"https:\\\/\\\/radis.ee\\\/de\\\/klappbarer-arbeitsplatz-ring\\\/\",\"url\":\"https:\\\/\\\/radis.ee\\\/de\\\/klappbarer-arbeitsplatz-ring\\\/\",\"name\":\"Klappbarer Arbeitsplatz RING - Radis\",\"isPartOf\":{\"@id\":\"https:\\\/\\\/radis.ee\\\/#website\"},\"primaryImageOfPage\":{\"@id\":\"https:\\\/\\\/radis.ee\\\/de\\\/klappbarer-arbeitsplatz-ring\\\/#primaryimage\"},\"image\":{\"@id\":\"https:\\\/\\\/radis.ee\\\/de\\\/klappbarer-arbeitsplatz-ring\\\/#primaryimage\"},\"thumbnailUrl\":\"https:\\\/\\\/radis.ee\\\/wp-content\\\/uploads\\\/2020\\\/05\\\/RA0646_RADIS_foldable_wall_desk_RING_oak_veneered_plywood_Michael_Hilgers_3_black_hinges_white_blackground.jpg\",\"datePublished\":\"2020-09-27T17:17:52+00:00\",\"dateModified\":\"2024-10-08T07:07:32+00:00\",\"breadcrumb\":{\"@id\":\"https:\\\/\\\/radis.ee\\\/de\\\/klappbarer-arbeitsplatz-ring\\\/#breadcrumb\"},\"inLanguage\":\"de\",\"potentialAction\":[{\"@type\":\"ReadAction\",\"target\":[\"https:\\\/\\\/radis.ee\\\/de\\\/klappbarer-arbeitsplatz-ring\\\/\"]}]},{\"@type\":\"ImageObject\",\"inLanguage\":\"de\",\"@id\":\"https:\\\/\\\/radis.ee\\\/de\\\/klappbarer-arbeitsplatz-ring\\\/#primaryimage\",\"url\":\"https:\\\/\\\/radis.ee\\\/wp-content\\\/uploads\\\/2020\\\/05\\\/RA0646_RADIS_foldable_wall_desk_RING_oak_veneered_plywood_Michael_Hilgers_3_black_hinges_white_blackground.jpg\",\"contentUrl\":\"https:\\\/\\\/radis.ee\\\/wp-content\\\/uploads\\\/2020\\\/05\\\/RA0646_RADIS_foldable_wall_desk_RING_oak_veneered_plywood_Michael_Hilgers_3_black_hinges_white_blackground.jpg\",\"width\":2444,\"height\":2532,\"caption\":\"RADIS foldable wall desk RING oak veneered\"},{\"@type\":\"BreadcrumbList\",\"@id\":\"https:\\\/\\\/radis.ee\\\/de\\\/klappbarer-arbeitsplatz-ring\\\/#breadcrumb\",\"itemListElement\":[{\"@type\":\"ListItem\",\"position\":1,\"name\":\"Home\",\"item\":\"https:\\\/\\\/radis.ee\\\/\"},{\"@type\":\"ListItem\",\"position\":2,\"name\":\"Produkte\",\"item\":\"https:\\\/\\\/radis.ee\\\/de\\\/produkte\\\/\"},{\"@type\":\"ListItem\",\"position\":3,\"name\":\"Klappbarer Arbeitsplatz RING\"}]},{\"@type\":\"WebSite\",\"@id\":\"https:\\\/\\\/radis.ee\\\/#website\",\"url\":\"https:\\\/\\\/radis.ee\\\/\",\"name\":\"Radis\",\"description\":\"Nordic design furniture, environmentally friendly and sustainable.\",\"publisher\":{\"@id\":\"https:\\\/\\\/radis.ee\\\/#organization\"},\"potentialAction\":[{\"@type\":\"SearchAction\",\"target\":{\"@type\":\"EntryPoint\",\"urlTemplate\":\"https:\\\/\\\/radis.ee\\\/?s={search_term_string}\"},\"query-input\":{\"@type\":\"PropertyValueSpecification\",\"valueRequired\":true,\"valueName\":\"search_term_string\"}}],\"inLanguage\":\"de\"},{\"@type\":\"Organization\",\"@id\":\"https:\\\/\\\/radis.ee\\\/#organization\",\"name\":\"Radis O\u00dc\",\"url\":\"https:\\\/\\\/radis.ee\\\/\",\"logo\":{\"@type\":\"ImageObject\",\"inLanguage\":\"de\",\"@id\":\"https:\\\/\\\/radis.ee\\\/#\\\/schema\\\/logo\\\/image\\\/\",\"url\":\"https:\\\/\\\/radis.ee\\\/wp-content\\\/uploads\\\/2020\\\/10\\\/Radis-logo.png\",\"contentUrl\":\"https:\\\/\\\/radis.ee\\\/wp-content\\\/uploads\\\/2020\\\/10\\\/Radis-logo.png\",\"width\":300,\"height\":63,\"caption\":\"Radis O\u00dc\"},\"image\":{\"@id\":\"https:\\\/\\\/radis.ee\\\/#\\\/schema\\\/logo\\\/image\\\/\"},\"sameAs\":[\"https:\\\/\\\/www.facebook.com\\\/radisfurniture\\\/\"]}]}<\/script>\n<!-- \/ Yoast SEO plugin. -->","yoast_head_json":{"title":"Klappbarer Arbeitsplatz RING - Radis","robots":{"index":"index","follow":"follow","max-snippet":"max-snippet:-1","max-image-preview":"max-image-preview:large","max-video-preview":"max-video-preview:-1"},"canonical":"https:\/\/radis.ee\/de\/klappbarer-arbeitsplatz-ring\/","og_locale":"de_DE","og_type":"article","og_title":"Klappbarer Arbeitsplatz RING - Radis","og_description":"Ist es die Sonne? Ist es der Mond? Ist es ein Eingang zu einer geheimen Welt\u2026.? Nein, es ist RING, ein einzigartiger klappbarer Arbeitsplatz entworfen vom Berliner Designer Michael Hilgers. Ideal f\u00fcr diejenigen, die nicht jeden Tag einen Schreibtisch ben\u00f6tigen oder aber ihren Wohnraum nicht mit einem Schreibtisch verunstalten wollen; perfekt f\u00fcr R\u00e4ume, in denen...","og_url":"https:\/\/radis.ee\/de\/klappbarer-arbeitsplatz-ring\/","og_site_name":"Radis","article_publisher":"https:\/\/www.facebook.com\/radisfurniture\/","article_modified_time":"2024-10-08T07:07:32+00:00","og_image":[{"width":2444,"height":2532,"url":"https:\/\/radis.ee\/wp-content\/uploads\/2020\/05\/RA0646_RADIS_foldable_wall_desk_RING_oak_veneered_plywood_Michael_Hilgers_3_black_hinges_white_blackground.jpg","type":"image\/jpeg"}],"twitter_card":"summary_large_image","twitter_misc":{"Gesch\u00e4tzte Lesezeit":"1\u00a0Minute"},"schema":{"@context":"https:\/\/schema.org","@graph":[{"@type":"WebPage","@id":"https:\/\/radis.ee\/de\/klappbarer-arbeitsplatz-ring\/","url":"https:\/\/radis.ee\/de\/klappbarer-arbeitsplatz-ring\/","name":"Klappbarer Arbeitsplatz RING - Radis","isPartOf":{"@id":"https:\/\/radis.ee\/#website"},"primaryImageOfPage":{"@id":"https:\/\/radis.ee\/de\/klappbarer-arbeitsplatz-ring\/#primaryimage"},"image":{"@id":"https:\/\/radis.ee\/de\/klappbarer-arbeitsplatz-ring\/#primaryimage"},"thumbnailUrl":"https:\/\/radis.ee\/wp-content\/uploads\/2020\/05\/RA0646_RADIS_foldable_wall_desk_RING_oak_veneered_plywood_Michael_Hilgers_3_black_hinges_white_blackground.jpg","datePublished":"2020-09-27T17:17:52+00:00","dateModified":"2024-10-08T07:07:32+00:00","breadcrumb":{"@id":"https:\/\/radis.ee\/de\/klappbarer-arbeitsplatz-ring\/#breadcrumb"},"inLanguage":"de","potentialAction":[{"@type":"ReadAction","target":["https:\/\/radis.ee\/de\/klappbarer-arbeitsplatz-ring\/"]}]},{"@type":"ImageObject","inLanguage":"de","@id":"https:\/\/radis.ee\/de\/klappbarer-arbeitsplatz-ring\/#primaryimage","url":"https:\/\/radis.ee\/wp-content\/uploads\/2020\/05\/RA0646_RADIS_foldable_wall_desk_RING_oak_veneered_plywood_Michael_Hilgers_3_black_hinges_white_blackground.jpg","contentUrl":"https:\/\/radis.ee\/wp-content\/uploads\/2020\/05\/RA0646_RADIS_foldable_wall_desk_RING_oak_veneered_plywood_Michael_Hilgers_3_black_hinges_white_blackground.jpg","width":2444,"height":2532,"caption":"RADIS foldable wall desk RING oak veneered"},{"@type":"BreadcrumbList","@id":"https:\/\/radis.ee\/de\/klappbarer-arbeitsplatz-ring\/#breadcrumb","itemListElement":[{"@type":"ListItem","position":1,"name":"Home","item":"https:\/\/radis.ee\/"},{"@type":"ListItem","position":2,"name":"Produkte","item":"https:\/\/radis.ee\/de\/produkte\/"},{"@type":"ListItem","position":3,"name":"Klappbarer Arbeitsplatz RING"}]},{"@type":"WebSite","@id":"https:\/\/radis.ee\/#website","url":"https:\/\/radis.ee\/","name":"Radis","description":"Nordic design furniture, environmentally friendly and sustainable.","publisher":{"@id":"https:\/\/radis.ee\/#organization"},"potentialAction":[{"@type":"SearchAction","target":{"@type":"EntryPoint","urlTemplate":"https:\/\/radis.ee\/?s={search_term_string}"},"query-input":{"@type":"PropertyValueSpecification","valueRequired":true,"valueName":"search_term_string"}}],"inLanguage":"de"},{"@type":"Organization","@id":"https:\/\/radis.ee\/#organization","name":"Radis O\u00dc","url":"https:\/\/radis.ee\/","logo":{"@type":"ImageObject","inLanguage":"de","@id":"https:\/\/radis.ee\/#\/schema\/logo\/image\/","url":"https:\/\/radis.ee\/wp-content\/uploads\/2020\/10\/Radis-logo.png","contentUrl":"https:\/\/radis.ee\/wp-content\/uploads\/2020\/10\/Radis-logo.png","width":300,"height":63,"caption":"Radis O\u00dc"},"image":{"@id":"https:\/\/radis.ee\/#\/schema\/logo\/image\/"},"sameAs":["https:\/\/www.facebook.com\/radisfurniture\/"]}]}},"_links":{"self":[{"href":"https:\/\/radis.ee\/de\/wp-json\/wp\/v2\/product\/2805","targetHints":{"allow":["GET"]}}],"collection":[{"href":"https:\/\/radis.ee\/de\/wp-json\/wp\/v2\/product"}],"about":[{"href":"https:\/\/radis.ee\/de\/wp-json\/wp\/v2\/types\/product"}],"replies":[{"embeddable":true,"href":"https:\/\/radis.ee\/de\/wp-json\/wp\/v2\/comments?post=2805"}],"wp:featuredmedia":[{"embeddable":true,"href":"https:\/\/radis.ee\/de\/wp-json\/wp\/v2\/media\/15159"}],"wp:attachment":[{"href":"https:\/\/radis.ee\/de\/wp-json\/wp\/v2\/media?parent=2805"}],"wp:term":[{"taxonomy":"product_brand","embeddable":true,"href":"https:\/\/radis.ee\/de\/wp-json\/wp\/v2\/product_brand?post=2805"},{"taxonomy":"product_cat","embeddable":true,"href":"https:\/\/radis.ee\/de\/wp-json\/wp\/v2\/product_cat?post=2805"},{"taxonomy":"product_tag","embeddable":true,"href":"https:\/\/radis.ee\/de\/wp-json\/wp\/v2\/product_tag?post=2805"}],"curies":[{"name":"wp","href":"https:\/\/api.w.org\/{rel}","templated":true}]}}