{"id":28098,"date":"2020-08-12T16:30:39","date_gmt":"2024-12-27T14:30:39","guid":{"rendered":"https:\/\/radis.ee\/?post_type=product&#038;p=28098"},"modified":"2025-03-12T16:01:15","modified_gmt":"2025-03-12T14:01:15","slug":"rundes-regal-mit-tueren-rund","status":"publish","type":"product","link":"https:\/\/radis.ee\/de\/rundes-regal-mit-tueren-rund\/","title":{"rendered":"Rundes Regal mit T\u00fcren RUND"},"content":{"rendered":"<p>Wir pr\u00e4sentieren RUND, ein rundes Regal im nordischen Stil, das minimalistisches Design mit au\u00dfergew\u00f6hnlicher Funktionalit\u00e4t verbindet. RUND ist aus hochwertigem Sperrholz gefertigt und mit eleganten, modernen T\u00fcren versehen. Es ist das perfekte Statement-St\u00fcck f\u00fcr jedes moderne Interieur.<\/p>\n<ul>\n<li>Zeitloses Design: Die kreisf\u00f6rmige Struktur schafft ein markantes visuelles Herzst\u00fcck, w\u00e4hrend die klaren Linien skandinavische Schlichtheit verk\u00f6rpern.<\/li>\n<li>Intelligente Aufbewahrung: Mit einer Mischung aus offenen Regalen und verborgenen F\u00e4chern bietet RUND vielseitige Aufbewahrungsm\u00f6glichkeiten, um Ihren Raum organisiert und aufger\u00e4umt zu halten.<\/li>\n<li>Langlebig: Hergestellt aus langlebigem, umweltfreundlichem Sperrholz mit pr\u00e4zisen Details f\u00fcr dauerhafte Qualit\u00e4t.<\/li>\n<li>K\u00fchne \u00c4sthetik: Kontrastierende schwarze T\u00fcren und helle Holzt\u00f6ne evozieren eine k\u00fchne und doch nat\u00fcrliche Eleganz.<\/li>\n<\/ul>\n<p>RUND ist perfekt f\u00fcr die Pr\u00e4sentation von B\u00fcchern, Dekorationen und Alltagsgegenst\u00e4nden und kombiniert geometrische Sch\u00f6nheit mit praktischer Aufbewahrung. Verwandeln Sie Ihren Wohnraum mit einem ebenso funktionalen wie ikonischen St\u00fcck. Werten Sie Ihr Zuhause mit nordischer Raffinesse auf.<\/p>\n<p>Das Regal RUND besteht aus umweltfreundlichem Schichtholz, die T\u00fcren und R\u00fcckw\u00e4nde aus eichenfurniertem Sperrholz oder Forescolor-Valchromat (organisch gef\u00e4rbte, durchgef\u00e4rbte Holzfaserplatte), ge\u00f6lt und gewachst. Die T\u00fcren sind mit Soft-Close-Scharnieren ausgestattet.<\/p>\n","protected":false},"excerpt":{"rendered":"<p>Wir pr\u00e4sentieren RUND, ein rundes Regal im nordischen Stil, das minimalistisches Design mit au\u00dfergew\u00f6hnlicher Funktionalit\u00e4t verbindet. RUND ist aus hochwertigem Sperrholz gefertigt und mit eleganten, modernen T\u00fcren versehen. Es ist das perfekte Statement-St\u00fcck f\u00fcr jedes moderne Interieur. Zeitloses Design: Die kreisf\u00f6rmige Struktur schafft ein markantes visuelles Herzst\u00fcck, w\u00e4hrend die klaren Linien skandinavische Schlichtheit verk\u00f6rpern. Intelligente&#8230;<\/p>\n","protected":false},"featured_media":28882,"comment_status":"open","ping_status":"closed","template":"","meta":{"_acf_changed":false},"product_brand":[],"product_cat":[109],"product_tag":[],"class_list":{"0":"post-28098","1":"product","2":"type-product","3":"status-publish","4":"has-post-thumbnail","6":"product_cat-riiulid","8":"first","9":"instock","10":"sale","11":"taxable","12":"shipping-taxable","13":"purchasable","14":"product-type-variable","15":"has-default-attributes"},"acf":[],"yoast_head":"<!-- This site is optimized with the Yoast SEO plugin v27.4 - https:\/\/yoast.com\/product\/yoast-seo-wordpress\/ -->\n<title>Rundes Regal mit T\u00fcren RUND - Radis<\/title>\n<meta name=\"robots\" content=\"index, follow, max-snippet:-1, max-image-preview:large, max-video-preview:-1\" \/>\n<link rel=\"canonical\" href=\"https:\/\/radis.ee\/umar-ustega-riiul-rund\/\" \/>\n<meta property=\"og:locale\" content=\"de_DE\" \/>\n<meta property=\"og:type\" content=\"article\" \/>\n<meta property=\"og:title\" content=\"Rundes Regal mit T\u00fcren RUND - Radis\" \/>\n<meta property=\"og:description\" content=\"Wir pr\u00e4sentieren RUND, ein rundes Regal im nordischen Stil, das minimalistisches Design mit au\u00dfergew\u00f6hnlicher Funktionalit\u00e4t verbindet. RUND ist aus hochwertigem Sperrholz gefertigt und mit eleganten, modernen T\u00fcren versehen. Es ist das perfekte Statement-St\u00fcck f\u00fcr jedes moderne Interieur. Zeitloses Design: Die kreisf\u00f6rmige Struktur schafft ein markantes visuelles Herzst\u00fcck, w\u00e4hrend die klaren Linien skandinavische Schlichtheit verk\u00f6rpern. Intelligente...\" \/>\n<meta property=\"og:url\" content=\"https:\/\/radis.ee\/umar-ustega-riiul-rund\/\" \/>\n<meta property=\"og:site_name\" content=\"Radis\" \/>\n<meta property=\"article:publisher\" content=\"https:\/\/www.facebook.com\/radisfurniture\/\" \/>\n<meta property=\"article:modified_time\" content=\"2025-03-12T14:01:15+00:00\" \/>\n<meta property=\"og:image\" content=\"https:\/\/radis.ee\/wp-content\/uploads\/2020\/08\/RADIS_shelf_GRUND_white_HPL_doors_Oak_veneered_white_background.jpg\" \/>\n\t<meta property=\"og:image:width\" content=\"874\" \/>\n\t<meta property=\"og:image:height\" content=\"1041\" \/>\n\t<meta property=\"og:image:type\" content=\"image\/jpeg\" \/>\n<meta name=\"twitter:card\" content=\"summary_large_image\" \/>\n<meta name=\"twitter:label1\" content=\"Gesch\u00e4tzte Lesezeit\" \/>\n\t<meta name=\"twitter:data1\" content=\"2\u00a0Minuten\" \/>\n<script type=\"application\/ld+json\" class=\"yoast-schema-graph\">{\"@context\":\"https:\\\/\\\/schema.org\",\"@graph\":[{\"@type\":\"WebPage\",\"@id\":\"https:\\\/\\\/radis.ee\\\/umar-ustega-riiul-rund\\\/\",\"url\":\"https:\\\/\\\/radis.ee\\\/umar-ustega-riiul-rund\\\/\",\"name\":\"Rundes Regal mit T\u00fcren RUND - Radis\",\"isPartOf\":{\"@id\":\"https:\\\/\\\/radis.ee\\\/#website\"},\"primaryImageOfPage\":{\"@id\":\"https:\\\/\\\/radis.ee\\\/umar-ustega-riiul-rund\\\/#primaryimage\"},\"image\":{\"@id\":\"https:\\\/\\\/radis.ee\\\/umar-ustega-riiul-rund\\\/#primaryimage\"},\"thumbnailUrl\":\"https:\\\/\\\/radis.ee\\\/wp-content\\\/uploads\\\/2020\\\/08\\\/RADIS_shelf_GRUND_white_HPL_doors_Oak_veneered_white_background.jpg\",\"datePublished\":\"2024-12-27T14:30:39+00:00\",\"dateModified\":\"2025-03-12T14:01:15+00:00\",\"breadcrumb\":{\"@id\":\"https:\\\/\\\/radis.ee\\\/umar-ustega-riiul-rund\\\/#breadcrumb\"},\"inLanguage\":\"de\",\"potentialAction\":[{\"@type\":\"ReadAction\",\"target\":[\"https:\\\/\\\/radis.ee\\\/umar-ustega-riiul-rund\\\/\"]}]},{\"@type\":\"ImageObject\",\"inLanguage\":\"de\",\"@id\":\"https:\\\/\\\/radis.ee\\\/umar-ustega-riiul-rund\\\/#primaryimage\",\"url\":\"https:\\\/\\\/radis.ee\\\/wp-content\\\/uploads\\\/2020\\\/08\\\/RADIS_shelf_GRUND_white_HPL_doors_Oak_veneered_white_background.jpg\",\"contentUrl\":\"https:\\\/\\\/radis.ee\\\/wp-content\\\/uploads\\\/2020\\\/08\\\/RADIS_shelf_GRUND_white_HPL_doors_Oak_veneered_white_background.jpg\",\"width\":874,\"height\":1041,\"caption\":\"Radis shelf RUND white HPL doors Oak veneered\"},{\"@type\":\"BreadcrumbList\",\"@id\":\"https:\\\/\\\/radis.ee\\\/umar-ustega-riiul-rund\\\/#breadcrumb\",\"itemListElement\":[{\"@type\":\"ListItem\",\"position\":1,\"name\":\"Home\",\"item\":\"https:\\\/\\\/radis.ee\\\/\"},{\"@type\":\"ListItem\",\"position\":2,\"name\":\"Produkte\",\"item\":\"https:\\\/\\\/radis.ee\\\/de\\\/produkte\\\/\"},{\"@type\":\"ListItem\",\"position\":3,\"name\":\"Rundes Regal mit T\u00fcren RUND\"}]},{\"@type\":\"WebSite\",\"@id\":\"https:\\\/\\\/radis.ee\\\/#website\",\"url\":\"https:\\\/\\\/radis.ee\\\/\",\"name\":\"Radis\",\"description\":\"Nordic design furniture, environmentally friendly and sustainable.\",\"publisher\":{\"@id\":\"https:\\\/\\\/radis.ee\\\/#organization\"},\"potentialAction\":[{\"@type\":\"SearchAction\",\"target\":{\"@type\":\"EntryPoint\",\"urlTemplate\":\"https:\\\/\\\/radis.ee\\\/?s={search_term_string}\"},\"query-input\":{\"@type\":\"PropertyValueSpecification\",\"valueRequired\":true,\"valueName\":\"search_term_string\"}}],\"inLanguage\":\"de\"},{\"@type\":\"Organization\",\"@id\":\"https:\\\/\\\/radis.ee\\\/#organization\",\"name\":\"Radis O\u00dc\",\"url\":\"https:\\\/\\\/radis.ee\\\/\",\"logo\":{\"@type\":\"ImageObject\",\"inLanguage\":\"de\",\"@id\":\"https:\\\/\\\/radis.ee\\\/#\\\/schema\\\/logo\\\/image\\\/\",\"url\":\"https:\\\/\\\/radis.ee\\\/wp-content\\\/uploads\\\/2020\\\/10\\\/Radis-logo.png\",\"contentUrl\":\"https:\\\/\\\/radis.ee\\\/wp-content\\\/uploads\\\/2020\\\/10\\\/Radis-logo.png\",\"width\":300,\"height\":63,\"caption\":\"Radis O\u00dc\"},\"image\":{\"@id\":\"https:\\\/\\\/radis.ee\\\/#\\\/schema\\\/logo\\\/image\\\/\"},\"sameAs\":[\"https:\\\/\\\/www.facebook.com\\\/radisfurniture\\\/\"]}]}<\/script>\n<!-- \/ Yoast SEO plugin. -->","yoast_head_json":{"title":"Rundes Regal mit T\u00fcren RUND - Radis","robots":{"index":"index","follow":"follow","max-snippet":"max-snippet:-1","max-image-preview":"max-image-preview:large","max-video-preview":"max-video-preview:-1"},"canonical":"https:\/\/radis.ee\/umar-ustega-riiul-rund\/","og_locale":"de_DE","og_type":"article","og_title":"Rundes Regal mit T\u00fcren RUND - Radis","og_description":"Wir pr\u00e4sentieren RUND, ein rundes Regal im nordischen Stil, das minimalistisches Design mit au\u00dfergew\u00f6hnlicher Funktionalit\u00e4t verbindet. RUND ist aus hochwertigem Sperrholz gefertigt und mit eleganten, modernen T\u00fcren versehen. Es ist das perfekte Statement-St\u00fcck f\u00fcr jedes moderne Interieur. Zeitloses Design: Die kreisf\u00f6rmige Struktur schafft ein markantes visuelles Herzst\u00fcck, w\u00e4hrend die klaren Linien skandinavische Schlichtheit verk\u00f6rpern. Intelligente...","og_url":"https:\/\/radis.ee\/umar-ustega-riiul-rund\/","og_site_name":"Radis","article_publisher":"https:\/\/www.facebook.com\/radisfurniture\/","article_modified_time":"2025-03-12T14:01:15+00:00","og_image":[{"width":874,"height":1041,"url":"https:\/\/radis.ee\/wp-content\/uploads\/2020\/08\/RADIS_shelf_GRUND_white_HPL_doors_Oak_veneered_white_background.jpg","type":"image\/jpeg"}],"twitter_card":"summary_large_image","twitter_misc":{"Gesch\u00e4tzte Lesezeit":"2\u00a0Minuten"},"schema":{"@context":"https:\/\/schema.org","@graph":[{"@type":"WebPage","@id":"https:\/\/radis.ee\/umar-ustega-riiul-rund\/","url":"https:\/\/radis.ee\/umar-ustega-riiul-rund\/","name":"Rundes Regal mit T\u00fcren RUND - Radis","isPartOf":{"@id":"https:\/\/radis.ee\/#website"},"primaryImageOfPage":{"@id":"https:\/\/radis.ee\/umar-ustega-riiul-rund\/#primaryimage"},"image":{"@id":"https:\/\/radis.ee\/umar-ustega-riiul-rund\/#primaryimage"},"thumbnailUrl":"https:\/\/radis.ee\/wp-content\/uploads\/2020\/08\/RADIS_shelf_GRUND_white_HPL_doors_Oak_veneered_white_background.jpg","datePublished":"2024-12-27T14:30:39+00:00","dateModified":"2025-03-12T14:01:15+00:00","breadcrumb":{"@id":"https:\/\/radis.ee\/umar-ustega-riiul-rund\/#breadcrumb"},"inLanguage":"de","potentialAction":[{"@type":"ReadAction","target":["https:\/\/radis.ee\/umar-ustega-riiul-rund\/"]}]},{"@type":"ImageObject","inLanguage":"de","@id":"https:\/\/radis.ee\/umar-ustega-riiul-rund\/#primaryimage","url":"https:\/\/radis.ee\/wp-content\/uploads\/2020\/08\/RADIS_shelf_GRUND_white_HPL_doors_Oak_veneered_white_background.jpg","contentUrl":"https:\/\/radis.ee\/wp-content\/uploads\/2020\/08\/RADIS_shelf_GRUND_white_HPL_doors_Oak_veneered_white_background.jpg","width":874,"height":1041,"caption":"Radis shelf RUND white HPL doors Oak veneered"},{"@type":"BreadcrumbList","@id":"https:\/\/radis.ee\/umar-ustega-riiul-rund\/#breadcrumb","itemListElement":[{"@type":"ListItem","position":1,"name":"Home","item":"https:\/\/radis.ee\/"},{"@type":"ListItem","position":2,"name":"Produkte","item":"https:\/\/radis.ee\/de\/produkte\/"},{"@type":"ListItem","position":3,"name":"Rundes Regal mit T\u00fcren RUND"}]},{"@type":"WebSite","@id":"https:\/\/radis.ee\/#website","url":"https:\/\/radis.ee\/","name":"Radis","description":"Nordic design furniture, environmentally friendly and sustainable.","publisher":{"@id":"https:\/\/radis.ee\/#organization"},"potentialAction":[{"@type":"SearchAction","target":{"@type":"EntryPoint","urlTemplate":"https:\/\/radis.ee\/?s={search_term_string}"},"query-input":{"@type":"PropertyValueSpecification","valueRequired":true,"valueName":"search_term_string"}}],"inLanguage":"de"},{"@type":"Organization","@id":"https:\/\/radis.ee\/#organization","name":"Radis O\u00dc","url":"https:\/\/radis.ee\/","logo":{"@type":"ImageObject","inLanguage":"de","@id":"https:\/\/radis.ee\/#\/schema\/logo\/image\/","url":"https:\/\/radis.ee\/wp-content\/uploads\/2020\/10\/Radis-logo.png","contentUrl":"https:\/\/radis.ee\/wp-content\/uploads\/2020\/10\/Radis-logo.png","width":300,"height":63,"caption":"Radis O\u00dc"},"image":{"@id":"https:\/\/radis.ee\/#\/schema\/logo\/image\/"},"sameAs":["https:\/\/www.facebook.com\/radisfurniture\/"]}]}},"_links":{"self":[{"href":"https:\/\/radis.ee\/de\/wp-json\/wp\/v2\/product\/28098","targetHints":{"allow":["GET"]}}],"collection":[{"href":"https:\/\/radis.ee\/de\/wp-json\/wp\/v2\/product"}],"about":[{"href":"https:\/\/radis.ee\/de\/wp-json\/wp\/v2\/types\/product"}],"replies":[{"embeddable":true,"href":"https:\/\/radis.ee\/de\/wp-json\/wp\/v2\/comments?post=28098"}],"wp:featuredmedia":[{"embeddable":true,"href":"https:\/\/radis.ee\/de\/wp-json\/wp\/v2\/media\/28882"}],"wp:attachment":[{"href":"https:\/\/radis.ee\/de\/wp-json\/wp\/v2\/media?parent=28098"}],"wp:term":[{"taxonomy":"product_brand","embeddable":true,"href":"https:\/\/radis.ee\/de\/wp-json\/wp\/v2\/product_brand?post=28098"},{"taxonomy":"product_cat","embeddable":true,"href":"https:\/\/radis.ee\/de\/wp-json\/wp\/v2\/product_cat?post=28098"},{"taxonomy":"product_tag","embeddable":true,"href":"https:\/\/radis.ee\/de\/wp-json\/wp\/v2\/product_tag?post=28098"}],"curies":[{"name":"wp","href":"https:\/\/api.w.org\/{rel}","templated":true}]}}