{"id":2837,"date":"2022-08-23T11:11:20","date_gmt":"2022-08-23T08:11:20","guid":{"rendered":"https:\/\/radis.ee\/unkategorisiert\/schreibtisch-huh\/"},"modified":"2020-11-04T14:06:12","modified_gmt":"2020-11-04T12:06:12","slug":"schreibtisch-huh","status":"publish","type":"product","link":"https:\/\/radis.ee\/de\/schreibtisch-huh\/","title":{"rendered":"Schreibtisch HUH"},"content":{"rendered":"<p>An einem so eleganten Tisch k\u00fcsst einen die Muse. Den Federhalter auf das Regal in der Mitte und die wichtigen Papiere in die seitlichen Schubladen. PS! An diesem Tisch k\u00fcsst die Muse auch am Computer.<\/p>\n<p>Aus Birkensperrholz, \u00f6lgewachst. Schubladenschienen schlie\u00dfen leise. Die Innenma\u00dfe beider Schubladen betragen 24 \u00d7 43 cm, die Innenh\u00f6he 7 cm. Mittlere Regalbreite 52 cm. Der Schreibtisch ist bereits montiert. Sie m\u00fcssen lediglich die Beine zu Hause anschrauben.<\/p>\n<p>Kollektion HUH wurde f\u00fcr den estnischen Designpreis Bruno 2014 nominiert.<\/p>\n","protected":false},"excerpt":{"rendered":"<p>An einem so eleganten Tisch k\u00fcsst einen die Muse. Den Federhalter auf das Regal in der Mitte und die wichtigen Papiere in die seitlichen Schubladen. PS! An diesem Tisch k\u00fcsst die Muse auch am Computer. Aus Birkensperrholz, \u00f6lgewachst. Schubladenschienen schlie\u00dfen leise. Die Innenma\u00dfe beider Schubladen betragen 24 \u00d7 43 cm, die Innenh\u00f6he 7 cm. Mittlere&#8230;<\/p>\n","protected":false},"featured_media":2199,"comment_status":"open","ping_status":"closed","template":"","meta":{"_acf_changed":false},"product_brand":[],"product_cat":[111],"product_tag":[],"class_list":{"0":"post-2837","1":"product","2":"type-product","3":"status-publish","4":"has-post-thumbnail","6":"product_cat-lauad","8":"first","9":"instock","10":"taxable","11":"shipping-taxable","12":"purchasable","13":"product-type-variable","14":"has-default-attributes"},"acf":[],"yoast_head":"<!-- This site is optimized with the Yoast SEO plugin v27.3 - https:\/\/yoast.com\/product\/yoast-seo-wordpress\/ -->\n<title>Schreibtisch HUH - Radis<\/title>\n<meta name=\"robots\" content=\"index, follow, max-snippet:-1, max-image-preview:large, max-video-preview:-1\" \/>\n<link rel=\"canonical\" href=\"https:\/\/radis.ee\/de\/schreibtisch-huh\/\" \/>\n<meta property=\"og:locale\" content=\"de_DE\" \/>\n<meta property=\"og:type\" content=\"article\" \/>\n<meta property=\"og:title\" content=\"Schreibtisch HUH - Radis\" \/>\n<meta property=\"og:description\" content=\"An einem so eleganten Tisch k\u00fcsst einen die Muse. Den Federhalter auf das Regal in der Mitte und die wichtigen Papiere in die seitlichen Schubladen. PS! An diesem Tisch k\u00fcsst die Muse auch am Computer. Aus Birkensperrholz, \u00f6lgewachst. Schubladenschienen schlie\u00dfen leise. Die Innenma\u00dfe beider Schubladen betragen 24 \u00d7 43 cm, die Innenh\u00f6he 7 cm. Mittlere...\" \/>\n<meta property=\"og:url\" content=\"https:\/\/radis.ee\/de\/schreibtisch-huh\/\" \/>\n<meta property=\"og:site_name\" content=\"Radis\" \/>\n<meta property=\"article:publisher\" content=\"https:\/\/www.facebook.com\/radisfurniture\/\" \/>\n<meta property=\"og:image\" content=\"https:\/\/radis.ee\/wp-content\/uploads\/2020\/09\/RA0324-Radis-desk-HUH-pebble-grey-legs-white-oilwaxed-scaled.jpg\" \/>\n\t<meta property=\"og:image:width\" content=\"3580\" \/>\n\t<meta property=\"og:image:height\" content=\"3580\" \/>\n\t<meta property=\"og:image:type\" content=\"image\/jpeg\" \/>\n<meta name=\"twitter:card\" content=\"summary_large_image\" \/>\n<script type=\"application\/ld+json\" class=\"yoast-schema-graph\">{\"@context\":\"https:\\\/\\\/schema.org\",\"@graph\":[{\"@type\":\"WebPage\",\"@id\":\"https:\\\/\\\/radis.ee\\\/de\\\/schreibtisch-huh\\\/\",\"url\":\"https:\\\/\\\/radis.ee\\\/de\\\/schreibtisch-huh\\\/\",\"name\":\"Schreibtisch HUH - Radis\",\"isPartOf\":{\"@id\":\"https:\\\/\\\/radis.ee\\\/#website\"},\"primaryImageOfPage\":{\"@id\":\"https:\\\/\\\/radis.ee\\\/de\\\/schreibtisch-huh\\\/#primaryimage\"},\"image\":{\"@id\":\"https:\\\/\\\/radis.ee\\\/de\\\/schreibtisch-huh\\\/#primaryimage\"},\"thumbnailUrl\":\"https:\\\/\\\/radis.ee\\\/wp-content\\\/uploads\\\/2020\\\/09\\\/RA0324-Radis-desk-HUH-pebble-grey-legs-white-oilwaxed-scaled.jpg\",\"datePublished\":\"2022-08-23T08:11:20+00:00\",\"breadcrumb\":{\"@id\":\"https:\\\/\\\/radis.ee\\\/de\\\/schreibtisch-huh\\\/#breadcrumb\"},\"inLanguage\":\"de\",\"potentialAction\":[{\"@type\":\"ReadAction\",\"target\":[\"https:\\\/\\\/radis.ee\\\/de\\\/schreibtisch-huh\\\/\"]}]},{\"@type\":\"ImageObject\",\"inLanguage\":\"de\",\"@id\":\"https:\\\/\\\/radis.ee\\\/de\\\/schreibtisch-huh\\\/#primaryimage\",\"url\":\"https:\\\/\\\/radis.ee\\\/wp-content\\\/uploads\\\/2020\\\/09\\\/RA0324-Radis-desk-HUH-pebble-grey-legs-white-oilwaxed-scaled.jpg\",\"contentUrl\":\"https:\\\/\\\/radis.ee\\\/wp-content\\\/uploads\\\/2020\\\/09\\\/RA0324-Radis-desk-HUH-pebble-grey-legs-white-oilwaxed-scaled.jpg\",\"width\":3580,\"height\":3580,\"caption\":\"DESK HUH\"},{\"@type\":\"BreadcrumbList\",\"@id\":\"https:\\\/\\\/radis.ee\\\/de\\\/schreibtisch-huh\\\/#breadcrumb\",\"itemListElement\":[{\"@type\":\"ListItem\",\"position\":1,\"name\":\"Home\",\"item\":\"https:\\\/\\\/radis.ee\\\/\"},{\"@type\":\"ListItem\",\"position\":2,\"name\":\"Produkte\",\"item\":\"https:\\\/\\\/radis.ee\\\/de\\\/produkte\\\/\"},{\"@type\":\"ListItem\",\"position\":3,\"name\":\"Schreibtisch HUH\"}]},{\"@type\":\"WebSite\",\"@id\":\"https:\\\/\\\/radis.ee\\\/#website\",\"url\":\"https:\\\/\\\/radis.ee\\\/\",\"name\":\"Radis\",\"description\":\"Nordic design furniture, environmentally friendly and sustainable.\",\"publisher\":{\"@id\":\"https:\\\/\\\/radis.ee\\\/#organization\"},\"potentialAction\":[{\"@type\":\"SearchAction\",\"target\":{\"@type\":\"EntryPoint\",\"urlTemplate\":\"https:\\\/\\\/radis.ee\\\/?s={search_term_string}\"},\"query-input\":{\"@type\":\"PropertyValueSpecification\",\"valueRequired\":true,\"valueName\":\"search_term_string\"}}],\"inLanguage\":\"de\"},{\"@type\":\"Organization\",\"@id\":\"https:\\\/\\\/radis.ee\\\/#organization\",\"name\":\"Radis O\u00dc\",\"url\":\"https:\\\/\\\/radis.ee\\\/\",\"logo\":{\"@type\":\"ImageObject\",\"inLanguage\":\"de\",\"@id\":\"https:\\\/\\\/radis.ee\\\/#\\\/schema\\\/logo\\\/image\\\/\",\"url\":\"https:\\\/\\\/radis.ee\\\/wp-content\\\/uploads\\\/2020\\\/10\\\/Radis-logo.png\",\"contentUrl\":\"https:\\\/\\\/radis.ee\\\/wp-content\\\/uploads\\\/2020\\\/10\\\/Radis-logo.png\",\"width\":300,\"height\":63,\"caption\":\"Radis O\u00dc\"},\"image\":{\"@id\":\"https:\\\/\\\/radis.ee\\\/#\\\/schema\\\/logo\\\/image\\\/\"},\"sameAs\":[\"https:\\\/\\\/www.facebook.com\\\/radisfurniture\\\/\"]}]}<\/script>\n<!-- \/ Yoast SEO plugin. -->","yoast_head_json":{"title":"Schreibtisch HUH - Radis","robots":{"index":"index","follow":"follow","max-snippet":"max-snippet:-1","max-image-preview":"max-image-preview:large","max-video-preview":"max-video-preview:-1"},"canonical":"https:\/\/radis.ee\/de\/schreibtisch-huh\/","og_locale":"de_DE","og_type":"article","og_title":"Schreibtisch HUH - Radis","og_description":"An einem so eleganten Tisch k\u00fcsst einen die Muse. Den Federhalter auf das Regal in der Mitte und die wichtigen Papiere in die seitlichen Schubladen. PS! An diesem Tisch k\u00fcsst die Muse auch am Computer. Aus Birkensperrholz, \u00f6lgewachst. Schubladenschienen schlie\u00dfen leise. Die Innenma\u00dfe beider Schubladen betragen 24 \u00d7 43 cm, die Innenh\u00f6he 7 cm. Mittlere...","og_url":"https:\/\/radis.ee\/de\/schreibtisch-huh\/","og_site_name":"Radis","article_publisher":"https:\/\/www.facebook.com\/radisfurniture\/","og_image":[{"width":3580,"height":3580,"url":"https:\/\/radis.ee\/wp-content\/uploads\/2020\/09\/RA0324-Radis-desk-HUH-pebble-grey-legs-white-oilwaxed-scaled.jpg","type":"image\/jpeg"}],"twitter_card":"summary_large_image","schema":{"@context":"https:\/\/schema.org","@graph":[{"@type":"WebPage","@id":"https:\/\/radis.ee\/de\/schreibtisch-huh\/","url":"https:\/\/radis.ee\/de\/schreibtisch-huh\/","name":"Schreibtisch HUH - Radis","isPartOf":{"@id":"https:\/\/radis.ee\/#website"},"primaryImageOfPage":{"@id":"https:\/\/radis.ee\/de\/schreibtisch-huh\/#primaryimage"},"image":{"@id":"https:\/\/radis.ee\/de\/schreibtisch-huh\/#primaryimage"},"thumbnailUrl":"https:\/\/radis.ee\/wp-content\/uploads\/2020\/09\/RA0324-Radis-desk-HUH-pebble-grey-legs-white-oilwaxed-scaled.jpg","datePublished":"2022-08-23T08:11:20+00:00","breadcrumb":{"@id":"https:\/\/radis.ee\/de\/schreibtisch-huh\/#breadcrumb"},"inLanguage":"de","potentialAction":[{"@type":"ReadAction","target":["https:\/\/radis.ee\/de\/schreibtisch-huh\/"]}]},{"@type":"ImageObject","inLanguage":"de","@id":"https:\/\/radis.ee\/de\/schreibtisch-huh\/#primaryimage","url":"https:\/\/radis.ee\/wp-content\/uploads\/2020\/09\/RA0324-Radis-desk-HUH-pebble-grey-legs-white-oilwaxed-scaled.jpg","contentUrl":"https:\/\/radis.ee\/wp-content\/uploads\/2020\/09\/RA0324-Radis-desk-HUH-pebble-grey-legs-white-oilwaxed-scaled.jpg","width":3580,"height":3580,"caption":"DESK HUH"},{"@type":"BreadcrumbList","@id":"https:\/\/radis.ee\/de\/schreibtisch-huh\/#breadcrumb","itemListElement":[{"@type":"ListItem","position":1,"name":"Home","item":"https:\/\/radis.ee\/"},{"@type":"ListItem","position":2,"name":"Produkte","item":"https:\/\/radis.ee\/de\/produkte\/"},{"@type":"ListItem","position":3,"name":"Schreibtisch HUH"}]},{"@type":"WebSite","@id":"https:\/\/radis.ee\/#website","url":"https:\/\/radis.ee\/","name":"Radis","description":"Nordic design furniture, environmentally friendly and sustainable.","publisher":{"@id":"https:\/\/radis.ee\/#organization"},"potentialAction":[{"@type":"SearchAction","target":{"@type":"EntryPoint","urlTemplate":"https:\/\/radis.ee\/?s={search_term_string}"},"query-input":{"@type":"PropertyValueSpecification","valueRequired":true,"valueName":"search_term_string"}}],"inLanguage":"de"},{"@type":"Organization","@id":"https:\/\/radis.ee\/#organization","name":"Radis O\u00dc","url":"https:\/\/radis.ee\/","logo":{"@type":"ImageObject","inLanguage":"de","@id":"https:\/\/radis.ee\/#\/schema\/logo\/image\/","url":"https:\/\/radis.ee\/wp-content\/uploads\/2020\/10\/Radis-logo.png","contentUrl":"https:\/\/radis.ee\/wp-content\/uploads\/2020\/10\/Radis-logo.png","width":300,"height":63,"caption":"Radis O\u00dc"},"image":{"@id":"https:\/\/radis.ee\/#\/schema\/logo\/image\/"},"sameAs":["https:\/\/www.facebook.com\/radisfurniture\/"]}]}},"_links":{"self":[{"href":"https:\/\/radis.ee\/de\/wp-json\/wp\/v2\/product\/2837","targetHints":{"allow":["GET"]}}],"collection":[{"href":"https:\/\/radis.ee\/de\/wp-json\/wp\/v2\/product"}],"about":[{"href":"https:\/\/radis.ee\/de\/wp-json\/wp\/v2\/types\/product"}],"replies":[{"embeddable":true,"href":"https:\/\/radis.ee\/de\/wp-json\/wp\/v2\/comments?post=2837"}],"wp:featuredmedia":[{"embeddable":true,"href":"https:\/\/radis.ee\/de\/wp-json\/wp\/v2\/media\/2199"}],"wp:attachment":[{"href":"https:\/\/radis.ee\/de\/wp-json\/wp\/v2\/media?parent=2837"}],"wp:term":[{"taxonomy":"product_brand","embeddable":true,"href":"https:\/\/radis.ee\/de\/wp-json\/wp\/v2\/product_brand?post=2837"},{"taxonomy":"product_cat","embeddable":true,"href":"https:\/\/radis.ee\/de\/wp-json\/wp\/v2\/product_cat?post=2837"},{"taxonomy":"product_tag","embeddable":true,"href":"https:\/\/radis.ee\/de\/wp-json\/wp\/v2\/product_tag?post=2837"}],"curies":[{"name":"wp","href":"https:\/\/api.w.org\/{rel}","templated":true}]}}