{"id":2841,"date":"2022-10-17T15:34:37","date_gmt":"2022-10-17T12:34:37","guid":{"rendered":"https:\/\/radis.ee\/?post_type=product&#038;p=2841"},"modified":"2026-04-09T22:27:15","modified_gmt":"2026-04-09T19:27:15","slug":"runder-esstisch-edi","status":"publish","type":"product","link":"https:\/\/radis.ee\/de\/runder-esstisch-edi\/","title":{"rendered":"Runder Esstisch EDI"},"content":{"rendered":"<p>Ein asketischer runder Tisch f\u00fcr K\u00fcche oder Beratungen. EDI bietet die Grundlage f\u00fcr den morgendlichen Becher Kaffee ebenso wie f\u00fcr die Ellenbogen einer nachdenklichen Gesch\u00e4ftsf\u00fchrung.<\/p>\n<p>Hergestellt aus Birkensperrholz, \u00f6lgewachst, Tischplatte HPL auf Sperrholz (Hochdrucklaminat).<\/p>\n<p>Designer: Sylvia-Johanna Annus<\/p>\n","protected":false},"excerpt":{"rendered":"<p>Ein asketischer runder Tisch f\u00fcr K\u00fcche oder Beratungen. EDI bietet die Grundlage f\u00fcr den morgendlichen Becher Kaffee ebenso wie f\u00fcr die Ellenbogen einer nachdenklichen Gesch\u00e4ftsf\u00fchrung. Hergestellt aus Birkensperrholz, \u00f6lgewachst, Tischplatte HPL auf Sperrholz (Hochdrucklaminat). Designer: Sylvia-Johanna Annus<\/p>\n","protected":false},"featured_media":2282,"comment_status":"open","ping_status":"closed","template":"","meta":{"_acf_changed":false},"product_brand":[],"product_cat":[218],"product_tag":[],"class_list":{"0":"post-2841","1":"product","2":"type-product","3":"status-publish","4":"has-post-thumbnail","6":"product_cat-tables","8":"first","9":"instock","10":"sale","11":"taxable","12":"shipping-taxable","13":"purchasable","14":"product-type-variable","15":"has-default-attributes"},"acf":[],"yoast_head":"<!-- This site is optimized with the Yoast SEO plugin v27.4 - https:\/\/yoast.com\/product\/yoast-seo-wordpress\/ -->\n<title>Runder Esstisch EDI - Radis<\/title>\n<meta name=\"robots\" content=\"index, follow, max-snippet:-1, max-image-preview:large, max-video-preview:-1\" \/>\n<link rel=\"canonical\" href=\"https:\/\/radis.ee\/de\/runder-esstisch-edi\/\" \/>\n<meta property=\"og:locale\" content=\"de_DE\" \/>\n<meta property=\"og:type\" content=\"article\" \/>\n<meta property=\"og:title\" content=\"Runder Esstisch EDI - Radis\" \/>\n<meta property=\"og:description\" content=\"Ein asketischer runder Tisch f\u00fcr K\u00fcche oder Beratungen. EDI bietet die Grundlage f\u00fcr den morgendlichen Becher Kaffee ebenso wie f\u00fcr die Ellenbogen einer nachdenklichen Gesch\u00e4ftsf\u00fchrung. Hergestellt aus Birkensperrholz, \u00f6lgewachst, Tischplatte HPL auf Sperrholz (Hochdrucklaminat). Designer: Sylvia-Johanna Annus\" \/>\n<meta property=\"og:url\" content=\"https:\/\/radis.ee\/de\/runder-esstisch-edi\/\" \/>\n<meta property=\"og:site_name\" content=\"Radis\" \/>\n<meta property=\"article:publisher\" content=\"https:\/\/www.facebook.com\/radisfurniture\/\" \/>\n<meta property=\"article:modified_time\" content=\"2026-04-09T19:27:15+00:00\" \/>\n<meta property=\"og:image\" content=\"https:\/\/radis.ee\/wp-content\/uploads\/2020\/09\/Radis-table-EDI-yellow-legs-scaled.jpg\" \/>\n\t<meta property=\"og:image:width\" content=\"3681\" \/>\n\t<meta property=\"og:image:height\" content=\"3681\" \/>\n\t<meta property=\"og:image:type\" content=\"image\/jpeg\" \/>\n<meta name=\"twitter:card\" content=\"summary_large_image\" \/>\n<script type=\"application\/ld+json\" class=\"yoast-schema-graph\">{\"@context\":\"https:\\\/\\\/schema.org\",\"@graph\":[{\"@type\":\"WebPage\",\"@id\":\"https:\\\/\\\/radis.ee\\\/de\\\/runder-esstisch-edi\\\/\",\"url\":\"https:\\\/\\\/radis.ee\\\/de\\\/runder-esstisch-edi\\\/\",\"name\":\"Runder Esstisch EDI - Radis\",\"isPartOf\":{\"@id\":\"https:\\\/\\\/radis.ee\\\/#website\"},\"primaryImageOfPage\":{\"@id\":\"https:\\\/\\\/radis.ee\\\/de\\\/runder-esstisch-edi\\\/#primaryimage\"},\"image\":{\"@id\":\"https:\\\/\\\/radis.ee\\\/de\\\/runder-esstisch-edi\\\/#primaryimage\"},\"thumbnailUrl\":\"https:\\\/\\\/radis.ee\\\/wp-content\\\/uploads\\\/2020\\\/09\\\/Radis-table-EDI-yellow-legs-scaled.jpg\",\"datePublished\":\"2022-10-17T12:34:37+00:00\",\"dateModified\":\"2026-04-09T19:27:15+00:00\",\"breadcrumb\":{\"@id\":\"https:\\\/\\\/radis.ee\\\/de\\\/runder-esstisch-edi\\\/#breadcrumb\"},\"inLanguage\":\"de\",\"potentialAction\":[{\"@type\":\"ReadAction\",\"target\":[\"https:\\\/\\\/radis.ee\\\/de\\\/runder-esstisch-edi\\\/\"]}]},{\"@type\":\"ImageObject\",\"inLanguage\":\"de\",\"@id\":\"https:\\\/\\\/radis.ee\\\/de\\\/runder-esstisch-edi\\\/#primaryimage\",\"url\":\"https:\\\/\\\/radis.ee\\\/wp-content\\\/uploads\\\/2020\\\/09\\\/Radis-table-EDI-yellow-legs-scaled.jpg\",\"contentUrl\":\"https:\\\/\\\/radis.ee\\\/wp-content\\\/uploads\\\/2020\\\/09\\\/Radis-table-EDI-yellow-legs-scaled.jpg\",\"width\":3681,\"height\":3681,\"caption\":\"TABLE EDI\"},{\"@type\":\"BreadcrumbList\",\"@id\":\"https:\\\/\\\/radis.ee\\\/de\\\/runder-esstisch-edi\\\/#breadcrumb\",\"itemListElement\":[{\"@type\":\"ListItem\",\"position\":1,\"name\":\"Home\",\"item\":\"https:\\\/\\\/radis.ee\\\/\"},{\"@type\":\"ListItem\",\"position\":2,\"name\":\"Produkte\",\"item\":\"https:\\\/\\\/radis.ee\\\/de\\\/produkte\\\/\"},{\"@type\":\"ListItem\",\"position\":3,\"name\":\"Runder Esstisch EDI\"}]},{\"@type\":\"WebSite\",\"@id\":\"https:\\\/\\\/radis.ee\\\/#website\",\"url\":\"https:\\\/\\\/radis.ee\\\/\",\"name\":\"Radis\",\"description\":\"Nordic design furniture, environmentally friendly and sustainable.\",\"publisher\":{\"@id\":\"https:\\\/\\\/radis.ee\\\/#organization\"},\"potentialAction\":[{\"@type\":\"SearchAction\",\"target\":{\"@type\":\"EntryPoint\",\"urlTemplate\":\"https:\\\/\\\/radis.ee\\\/?s={search_term_string}\"},\"query-input\":{\"@type\":\"PropertyValueSpecification\",\"valueRequired\":true,\"valueName\":\"search_term_string\"}}],\"inLanguage\":\"de\"},{\"@type\":\"Organization\",\"@id\":\"https:\\\/\\\/radis.ee\\\/#organization\",\"name\":\"Radis O\u00dc\",\"url\":\"https:\\\/\\\/radis.ee\\\/\",\"logo\":{\"@type\":\"ImageObject\",\"inLanguage\":\"de\",\"@id\":\"https:\\\/\\\/radis.ee\\\/#\\\/schema\\\/logo\\\/image\\\/\",\"url\":\"https:\\\/\\\/radis.ee\\\/wp-content\\\/uploads\\\/2020\\\/10\\\/Radis-logo.png\",\"contentUrl\":\"https:\\\/\\\/radis.ee\\\/wp-content\\\/uploads\\\/2020\\\/10\\\/Radis-logo.png\",\"width\":300,\"height\":63,\"caption\":\"Radis O\u00dc\"},\"image\":{\"@id\":\"https:\\\/\\\/radis.ee\\\/#\\\/schema\\\/logo\\\/image\\\/\"},\"sameAs\":[\"https:\\\/\\\/www.facebook.com\\\/radisfurniture\\\/\"]}]}<\/script>\n<!-- \/ Yoast SEO plugin. -->","yoast_head_json":{"title":"Runder Esstisch EDI - Radis","robots":{"index":"index","follow":"follow","max-snippet":"max-snippet:-1","max-image-preview":"max-image-preview:large","max-video-preview":"max-video-preview:-1"},"canonical":"https:\/\/radis.ee\/de\/runder-esstisch-edi\/","og_locale":"de_DE","og_type":"article","og_title":"Runder Esstisch EDI - Radis","og_description":"Ein asketischer runder Tisch f\u00fcr K\u00fcche oder Beratungen. EDI bietet die Grundlage f\u00fcr den morgendlichen Becher Kaffee ebenso wie f\u00fcr die Ellenbogen einer nachdenklichen Gesch\u00e4ftsf\u00fchrung. Hergestellt aus Birkensperrholz, \u00f6lgewachst, Tischplatte HPL auf Sperrholz (Hochdrucklaminat). Designer: Sylvia-Johanna Annus","og_url":"https:\/\/radis.ee\/de\/runder-esstisch-edi\/","og_site_name":"Radis","article_publisher":"https:\/\/www.facebook.com\/radisfurniture\/","article_modified_time":"2026-04-09T19:27:15+00:00","og_image":[{"width":3681,"height":3681,"url":"https:\/\/radis.ee\/wp-content\/uploads\/2020\/09\/Radis-table-EDI-yellow-legs-scaled.jpg","type":"image\/jpeg"}],"twitter_card":"summary_large_image","schema":{"@context":"https:\/\/schema.org","@graph":[{"@type":"WebPage","@id":"https:\/\/radis.ee\/de\/runder-esstisch-edi\/","url":"https:\/\/radis.ee\/de\/runder-esstisch-edi\/","name":"Runder Esstisch EDI - Radis","isPartOf":{"@id":"https:\/\/radis.ee\/#website"},"primaryImageOfPage":{"@id":"https:\/\/radis.ee\/de\/runder-esstisch-edi\/#primaryimage"},"image":{"@id":"https:\/\/radis.ee\/de\/runder-esstisch-edi\/#primaryimage"},"thumbnailUrl":"https:\/\/radis.ee\/wp-content\/uploads\/2020\/09\/Radis-table-EDI-yellow-legs-scaled.jpg","datePublished":"2022-10-17T12:34:37+00:00","dateModified":"2026-04-09T19:27:15+00:00","breadcrumb":{"@id":"https:\/\/radis.ee\/de\/runder-esstisch-edi\/#breadcrumb"},"inLanguage":"de","potentialAction":[{"@type":"ReadAction","target":["https:\/\/radis.ee\/de\/runder-esstisch-edi\/"]}]},{"@type":"ImageObject","inLanguage":"de","@id":"https:\/\/radis.ee\/de\/runder-esstisch-edi\/#primaryimage","url":"https:\/\/radis.ee\/wp-content\/uploads\/2020\/09\/Radis-table-EDI-yellow-legs-scaled.jpg","contentUrl":"https:\/\/radis.ee\/wp-content\/uploads\/2020\/09\/Radis-table-EDI-yellow-legs-scaled.jpg","width":3681,"height":3681,"caption":"TABLE EDI"},{"@type":"BreadcrumbList","@id":"https:\/\/radis.ee\/de\/runder-esstisch-edi\/#breadcrumb","itemListElement":[{"@type":"ListItem","position":1,"name":"Home","item":"https:\/\/radis.ee\/"},{"@type":"ListItem","position":2,"name":"Produkte","item":"https:\/\/radis.ee\/de\/produkte\/"},{"@type":"ListItem","position":3,"name":"Runder Esstisch EDI"}]},{"@type":"WebSite","@id":"https:\/\/radis.ee\/#website","url":"https:\/\/radis.ee\/","name":"Radis","description":"Nordic design furniture, environmentally friendly and sustainable.","publisher":{"@id":"https:\/\/radis.ee\/#organization"},"potentialAction":[{"@type":"SearchAction","target":{"@type":"EntryPoint","urlTemplate":"https:\/\/radis.ee\/?s={search_term_string}"},"query-input":{"@type":"PropertyValueSpecification","valueRequired":true,"valueName":"search_term_string"}}],"inLanguage":"de"},{"@type":"Organization","@id":"https:\/\/radis.ee\/#organization","name":"Radis O\u00dc","url":"https:\/\/radis.ee\/","logo":{"@type":"ImageObject","inLanguage":"de","@id":"https:\/\/radis.ee\/#\/schema\/logo\/image\/","url":"https:\/\/radis.ee\/wp-content\/uploads\/2020\/10\/Radis-logo.png","contentUrl":"https:\/\/radis.ee\/wp-content\/uploads\/2020\/10\/Radis-logo.png","width":300,"height":63,"caption":"Radis O\u00dc"},"image":{"@id":"https:\/\/radis.ee\/#\/schema\/logo\/image\/"},"sameAs":["https:\/\/www.facebook.com\/radisfurniture\/"]}]}},"_links":{"self":[{"href":"https:\/\/radis.ee\/de\/wp-json\/wp\/v2\/product\/2841","targetHints":{"allow":["GET"]}}],"collection":[{"href":"https:\/\/radis.ee\/de\/wp-json\/wp\/v2\/product"}],"about":[{"href":"https:\/\/radis.ee\/de\/wp-json\/wp\/v2\/types\/product"}],"replies":[{"embeddable":true,"href":"https:\/\/radis.ee\/de\/wp-json\/wp\/v2\/comments?post=2841"}],"wp:featuredmedia":[{"embeddable":true,"href":"https:\/\/radis.ee\/de\/wp-json\/wp\/v2\/media\/2282"}],"wp:attachment":[{"href":"https:\/\/radis.ee\/de\/wp-json\/wp\/v2\/media?parent=2841"}],"wp:term":[{"taxonomy":"product_brand","embeddable":true,"href":"https:\/\/radis.ee\/de\/wp-json\/wp\/v2\/product_brand?post=2841"},{"taxonomy":"product_cat","embeddable":true,"href":"https:\/\/radis.ee\/de\/wp-json\/wp\/v2\/product_cat?post=2841"},{"taxonomy":"product_tag","embeddable":true,"href":"https:\/\/radis.ee\/de\/wp-json\/wp\/v2\/product_tag?post=2841"}],"curies":[{"name":"wp","href":"https:\/\/api.w.org\/{rel}","templated":true}]}}