{"id":28472,"date":"2025-01-31T15:10:32","date_gmt":"2025-01-31T13:10:32","guid":{"rendered":"https:\/\/radis.ee\/?post_type=product&#038;p=28472"},"modified":"2025-01-31T16:09:33","modified_gmt":"2025-01-31T14:09:33","slug":"loungesessel-mit-ablage-ruhe","status":"publish","type":"product","link":"https:\/\/radis.ee\/de\/loungesessel-mit-ablage-ruhe\/","title":{"rendered":"Loungesessel mit Ablage RUHE"},"content":{"rendered":"<p>Erleben Sie pure Entspannung mit RUHE, einem Loungesessel, der minimalistisches Design mit funktionaler Eleganz verbindet. RUHE ist aus hochwertigem nordischem Natursperrholz gefertigt und mit hochwertigem M\u00f6bellinoleum beschichtet. Er bietet eine elegante und dennoch warme \u00c4sthetik, die sich nahtlos in jedes moderne Interieur einf\u00fcgt.<\/p>\n<p>Seine ergonomische Form wurde f\u00fcr ultimativen Komfort entwickelt und bietet die perfekte Liegeposition zum Entspannen mit einem Buch, Meditieren oder einfach zum Genie\u00dfen eines Moments der Stille.<\/p>\n<p>Die abnehmbare Kopfst\u00fctze erm\u00f6glicht es Ihnen, die St\u00fctze nach Ihren W\u00fcnschen einzustellen und so f\u00fcr individuelle Entspannung zu sorgen. Egal, ob Sie fernsehen, an Ihrem Laptop arbeiten oder einfach eine Pause machen, RUHE passt sich m\u00fchelos Ihrem Lebensstil an.<\/p>\n<p>Integrierte Ablagen in der R\u00fcckenlehne und unter dem Sitz erm\u00f6glichen es Ihnen, Ihre Lieblingsb\u00fccher und -zeitschriften in Reichweite aufzubewahren, wodurch RUHE mehr als nur ein Stuhl ist \u2013 es ist ein Zufluchtsort.<\/p>\n<p>RUHE wurde von skandinavischer Handwerkskunst inspiriert und mit Blick auf Nachhaltigkeit entworfen. Es verk\u00f6rpert die Harmonie zwischen Natur, Form und Funktion. Aus Birkensperrholz, auch Eiche furniert, ge\u00f6lt und gewachst. Sitzfl\u00e4che mit Forbo M\u00f6bellinoleum Nero schwarz bezogen.<\/p>\n<p>Atmen Sie tief durch. Lehnen Sie sich zur\u00fcck. Finden Sie Ihre Ruhe.<\/p>\n","protected":false},"excerpt":{"rendered":"<p>Erleben Sie pure Entspannung mit RUHE, einem Loungesessel, der minimalistisches Design mit funktionaler Eleganz verbindet. RUHE ist aus hochwertigem nordischem Natursperrholz gefertigt und mit hochwertigem M\u00f6bellinoleum beschichtet. Er bietet eine elegante und dennoch warme \u00c4sthetik, die sich nahtlos in jedes moderne Interieur einf\u00fcgt. Seine ergonomische Form wurde f\u00fcr ultimativen Komfort entwickelt und bietet die perfekte&#8230;<\/p>\n","protected":false},"featured_media":28783,"comment_status":"open","ping_status":"closed","template":"","meta":{"_acf_changed":false},"product_brand":[],"product_cat":[34],"product_tag":[],"class_list":{"0":"post-28472","1":"product","2":"type-product","3":"status-publish","4":"has-post-thumbnail","6":"product_cat-aksessuaarid","8":"first","9":"instock","10":"taxable","11":"shipping-taxable","12":"purchasable","13":"product-type-variable","14":"has-default-attributes"},"acf":[],"yoast_head":"<!-- This site is optimized with the Yoast SEO plugin v27.3 - https:\/\/yoast.com\/product\/yoast-seo-wordpress\/ -->\n<title>Loungesessel mit Ablage RUHE - Radis<\/title>\n<meta name=\"robots\" content=\"index, follow, max-snippet:-1, max-image-preview:large, max-video-preview:-1\" \/>\n<link rel=\"canonical\" href=\"https:\/\/radis.ee\/de\/loungesessel-mit-ablage-ruhe\/\" \/>\n<meta property=\"og:locale\" content=\"de_DE\" \/>\n<meta property=\"og:type\" content=\"article\" \/>\n<meta property=\"og:title\" content=\"Loungesessel mit Ablage RUHE - Radis\" \/>\n<meta property=\"og:description\" content=\"Erleben Sie pure Entspannung mit RUHE, einem Loungesessel, der minimalistisches Design mit funktionaler Eleganz verbindet. RUHE ist aus hochwertigem nordischem Natursperrholz gefertigt und mit hochwertigem M\u00f6bellinoleum beschichtet. Er bietet eine elegante und dennoch warme \u00c4sthetik, die sich nahtlos in jedes moderne Interieur einf\u00fcgt. Seine ergonomische Form wurde f\u00fcr ultimativen Komfort entwickelt und bietet die perfekte...\" \/>\n<meta property=\"og:url\" content=\"https:\/\/radis.ee\/de\/loungesessel-mit-ablage-ruhe\/\" \/>\n<meta property=\"og:site_name\" content=\"Radis\" \/>\n<meta property=\"article:publisher\" content=\"https:\/\/www.facebook.com\/radisfurniture\/\" \/>\n<meta property=\"article:modified_time\" content=\"2025-01-31T14:09:33+00:00\" \/>\n<meta property=\"og:image\" content=\"https:\/\/radis.ee\/wp-content\/uploads\/2025\/01\/Radis_lounge_chair_with_shelf_RUHE_natural_plywood_7_white_background.jpg\" \/>\n\t<meta property=\"og:image:width\" content=\"667\" \/>\n\t<meta property=\"og:image:height\" content=\"794\" \/>\n\t<meta property=\"og:image:type\" content=\"image\/jpeg\" \/>\n<meta name=\"twitter:card\" content=\"summary_large_image\" \/>\n<meta name=\"twitter:label1\" content=\"Gesch\u00e4tzte Lesezeit\" \/>\n\t<meta name=\"twitter:data1\" content=\"2\u00a0Minuten\" \/>\n<script type=\"application\/ld+json\" class=\"yoast-schema-graph\">{\"@context\":\"https:\\\/\\\/schema.org\",\"@graph\":[{\"@type\":\"WebPage\",\"@id\":\"https:\\\/\\\/radis.ee\\\/de\\\/loungesessel-mit-ablage-ruhe\\\/\",\"url\":\"https:\\\/\\\/radis.ee\\\/de\\\/loungesessel-mit-ablage-ruhe\\\/\",\"name\":\"Loungesessel mit Ablage RUHE - Radis\",\"isPartOf\":{\"@id\":\"https:\\\/\\\/radis.ee\\\/#website\"},\"primaryImageOfPage\":{\"@id\":\"https:\\\/\\\/radis.ee\\\/de\\\/loungesessel-mit-ablage-ruhe\\\/#primaryimage\"},\"image\":{\"@id\":\"https:\\\/\\\/radis.ee\\\/de\\\/loungesessel-mit-ablage-ruhe\\\/#primaryimage\"},\"thumbnailUrl\":\"https:\\\/\\\/radis.ee\\\/wp-content\\\/uploads\\\/2025\\\/01\\\/Radis_lounge_chair_with_shelf_RUHE_natural_plywood_7_white_background.jpg\",\"datePublished\":\"2025-01-31T13:10:32+00:00\",\"dateModified\":\"2025-01-31T14:09:33+00:00\",\"breadcrumb\":{\"@id\":\"https:\\\/\\\/radis.ee\\\/de\\\/loungesessel-mit-ablage-ruhe\\\/#breadcrumb\"},\"inLanguage\":\"de\",\"potentialAction\":[{\"@type\":\"ReadAction\",\"target\":[\"https:\\\/\\\/radis.ee\\\/de\\\/loungesessel-mit-ablage-ruhe\\\/\"]}]},{\"@type\":\"ImageObject\",\"inLanguage\":\"de\",\"@id\":\"https:\\\/\\\/radis.ee\\\/de\\\/loungesessel-mit-ablage-ruhe\\\/#primaryimage\",\"url\":\"https:\\\/\\\/radis.ee\\\/wp-content\\\/uploads\\\/2025\\\/01\\\/Radis_lounge_chair_with_shelf_RUHE_natural_plywood_7_white_background.jpg\",\"contentUrl\":\"https:\\\/\\\/radis.ee\\\/wp-content\\\/uploads\\\/2025\\\/01\\\/Radis_lounge_chair_with_shelf_RUHE_natural_plywood_7_white_background.jpg\",\"width\":667,\"height\":794,\"caption\":\"Radis lounge chair RUHE natural plywood black Nero Forbo linoleum\"},{\"@type\":\"BreadcrumbList\",\"@id\":\"https:\\\/\\\/radis.ee\\\/de\\\/loungesessel-mit-ablage-ruhe\\\/#breadcrumb\",\"itemListElement\":[{\"@type\":\"ListItem\",\"position\":1,\"name\":\"Home\",\"item\":\"https:\\\/\\\/radis.ee\\\/\"},{\"@type\":\"ListItem\",\"position\":2,\"name\":\"Produkte\",\"item\":\"https:\\\/\\\/radis.ee\\\/de\\\/produkte\\\/\"},{\"@type\":\"ListItem\",\"position\":3,\"name\":\"Loungesessel mit Ablage RUHE\"}]},{\"@type\":\"WebSite\",\"@id\":\"https:\\\/\\\/radis.ee\\\/#website\",\"url\":\"https:\\\/\\\/radis.ee\\\/\",\"name\":\"Radis\",\"description\":\"Nordic design furniture, environmentally friendly and sustainable.\",\"publisher\":{\"@id\":\"https:\\\/\\\/radis.ee\\\/#organization\"},\"potentialAction\":[{\"@type\":\"SearchAction\",\"target\":{\"@type\":\"EntryPoint\",\"urlTemplate\":\"https:\\\/\\\/radis.ee\\\/?s={search_term_string}\"},\"query-input\":{\"@type\":\"PropertyValueSpecification\",\"valueRequired\":true,\"valueName\":\"search_term_string\"}}],\"inLanguage\":\"de\"},{\"@type\":\"Organization\",\"@id\":\"https:\\\/\\\/radis.ee\\\/#organization\",\"name\":\"Radis O\u00dc\",\"url\":\"https:\\\/\\\/radis.ee\\\/\",\"logo\":{\"@type\":\"ImageObject\",\"inLanguage\":\"de\",\"@id\":\"https:\\\/\\\/radis.ee\\\/#\\\/schema\\\/logo\\\/image\\\/\",\"url\":\"https:\\\/\\\/radis.ee\\\/wp-content\\\/uploads\\\/2020\\\/10\\\/Radis-logo.png\",\"contentUrl\":\"https:\\\/\\\/radis.ee\\\/wp-content\\\/uploads\\\/2020\\\/10\\\/Radis-logo.png\",\"width\":300,\"height\":63,\"caption\":\"Radis O\u00dc\"},\"image\":{\"@id\":\"https:\\\/\\\/radis.ee\\\/#\\\/schema\\\/logo\\\/image\\\/\"},\"sameAs\":[\"https:\\\/\\\/www.facebook.com\\\/radisfurniture\\\/\"]}]}<\/script>\n<!-- \/ Yoast SEO plugin. -->","yoast_head_json":{"title":"Loungesessel mit Ablage RUHE - Radis","robots":{"index":"index","follow":"follow","max-snippet":"max-snippet:-1","max-image-preview":"max-image-preview:large","max-video-preview":"max-video-preview:-1"},"canonical":"https:\/\/radis.ee\/de\/loungesessel-mit-ablage-ruhe\/","og_locale":"de_DE","og_type":"article","og_title":"Loungesessel mit Ablage RUHE - Radis","og_description":"Erleben Sie pure Entspannung mit RUHE, einem Loungesessel, der minimalistisches Design mit funktionaler Eleganz verbindet. RUHE ist aus hochwertigem nordischem Natursperrholz gefertigt und mit hochwertigem M\u00f6bellinoleum beschichtet. Er bietet eine elegante und dennoch warme \u00c4sthetik, die sich nahtlos in jedes moderne Interieur einf\u00fcgt. Seine ergonomische Form wurde f\u00fcr ultimativen Komfort entwickelt und bietet die perfekte...","og_url":"https:\/\/radis.ee\/de\/loungesessel-mit-ablage-ruhe\/","og_site_name":"Radis","article_publisher":"https:\/\/www.facebook.com\/radisfurniture\/","article_modified_time":"2025-01-31T14:09:33+00:00","og_image":[{"width":667,"height":794,"url":"https:\/\/radis.ee\/wp-content\/uploads\/2025\/01\/Radis_lounge_chair_with_shelf_RUHE_natural_plywood_7_white_background.jpg","type":"image\/jpeg"}],"twitter_card":"summary_large_image","twitter_misc":{"Gesch\u00e4tzte Lesezeit":"2\u00a0Minuten"},"schema":{"@context":"https:\/\/schema.org","@graph":[{"@type":"WebPage","@id":"https:\/\/radis.ee\/de\/loungesessel-mit-ablage-ruhe\/","url":"https:\/\/radis.ee\/de\/loungesessel-mit-ablage-ruhe\/","name":"Loungesessel mit Ablage RUHE - Radis","isPartOf":{"@id":"https:\/\/radis.ee\/#website"},"primaryImageOfPage":{"@id":"https:\/\/radis.ee\/de\/loungesessel-mit-ablage-ruhe\/#primaryimage"},"image":{"@id":"https:\/\/radis.ee\/de\/loungesessel-mit-ablage-ruhe\/#primaryimage"},"thumbnailUrl":"https:\/\/radis.ee\/wp-content\/uploads\/2025\/01\/Radis_lounge_chair_with_shelf_RUHE_natural_plywood_7_white_background.jpg","datePublished":"2025-01-31T13:10:32+00:00","dateModified":"2025-01-31T14:09:33+00:00","breadcrumb":{"@id":"https:\/\/radis.ee\/de\/loungesessel-mit-ablage-ruhe\/#breadcrumb"},"inLanguage":"de","potentialAction":[{"@type":"ReadAction","target":["https:\/\/radis.ee\/de\/loungesessel-mit-ablage-ruhe\/"]}]},{"@type":"ImageObject","inLanguage":"de","@id":"https:\/\/radis.ee\/de\/loungesessel-mit-ablage-ruhe\/#primaryimage","url":"https:\/\/radis.ee\/wp-content\/uploads\/2025\/01\/Radis_lounge_chair_with_shelf_RUHE_natural_plywood_7_white_background.jpg","contentUrl":"https:\/\/radis.ee\/wp-content\/uploads\/2025\/01\/Radis_lounge_chair_with_shelf_RUHE_natural_plywood_7_white_background.jpg","width":667,"height":794,"caption":"Radis lounge chair RUHE natural plywood black Nero Forbo linoleum"},{"@type":"BreadcrumbList","@id":"https:\/\/radis.ee\/de\/loungesessel-mit-ablage-ruhe\/#breadcrumb","itemListElement":[{"@type":"ListItem","position":1,"name":"Home","item":"https:\/\/radis.ee\/"},{"@type":"ListItem","position":2,"name":"Produkte","item":"https:\/\/radis.ee\/de\/produkte\/"},{"@type":"ListItem","position":3,"name":"Loungesessel mit Ablage RUHE"}]},{"@type":"WebSite","@id":"https:\/\/radis.ee\/#website","url":"https:\/\/radis.ee\/","name":"Radis","description":"Nordic design furniture, environmentally friendly and sustainable.","publisher":{"@id":"https:\/\/radis.ee\/#organization"},"potentialAction":[{"@type":"SearchAction","target":{"@type":"EntryPoint","urlTemplate":"https:\/\/radis.ee\/?s={search_term_string}"},"query-input":{"@type":"PropertyValueSpecification","valueRequired":true,"valueName":"search_term_string"}}],"inLanguage":"de"},{"@type":"Organization","@id":"https:\/\/radis.ee\/#organization","name":"Radis O\u00dc","url":"https:\/\/radis.ee\/","logo":{"@type":"ImageObject","inLanguage":"de","@id":"https:\/\/radis.ee\/#\/schema\/logo\/image\/","url":"https:\/\/radis.ee\/wp-content\/uploads\/2020\/10\/Radis-logo.png","contentUrl":"https:\/\/radis.ee\/wp-content\/uploads\/2020\/10\/Radis-logo.png","width":300,"height":63,"caption":"Radis O\u00dc"},"image":{"@id":"https:\/\/radis.ee\/#\/schema\/logo\/image\/"},"sameAs":["https:\/\/www.facebook.com\/radisfurniture\/"]}]}},"_links":{"self":[{"href":"https:\/\/radis.ee\/de\/wp-json\/wp\/v2\/product\/28472","targetHints":{"allow":["GET"]}}],"collection":[{"href":"https:\/\/radis.ee\/de\/wp-json\/wp\/v2\/product"}],"about":[{"href":"https:\/\/radis.ee\/de\/wp-json\/wp\/v2\/types\/product"}],"replies":[{"embeddable":true,"href":"https:\/\/radis.ee\/de\/wp-json\/wp\/v2\/comments?post=28472"}],"wp:featuredmedia":[{"embeddable":true,"href":"https:\/\/radis.ee\/de\/wp-json\/wp\/v2\/media\/28783"}],"wp:attachment":[{"href":"https:\/\/radis.ee\/de\/wp-json\/wp\/v2\/media?parent=28472"}],"wp:term":[{"taxonomy":"product_brand","embeddable":true,"href":"https:\/\/radis.ee\/de\/wp-json\/wp\/v2\/product_brand?post=28472"},{"taxonomy":"product_cat","embeddable":true,"href":"https:\/\/radis.ee\/de\/wp-json\/wp\/v2\/product_cat?post=28472"},{"taxonomy":"product_tag","embeddable":true,"href":"https:\/\/radis.ee\/de\/wp-json\/wp\/v2\/product_tag?post=28472"}],"curies":[{"name":"wp","href":"https:\/\/api.w.org\/{rel}","templated":true}]}}