{"id":2903,"date":"2020-10-14T00:00:49","date_gmt":"2020-10-13T21:00:49","guid":{"rendered":"https:\/\/radis.ee\/unkategorisiert\/kleiderschrank-huh-3-turen\/"},"modified":"2026-02-09T23:28:52","modified_gmt":"2026-02-09T21:28:52","slug":"kleiderschrank-huh-3-turen","status":"publish","type":"product","link":"https:\/\/radis.ee\/de\/kleiderschrank-huh-3-turen\/","title":{"rendered":"Kleiderschrank HUH 3 T\u00fcren"},"content":{"rendered":"<p>Der f\u00fcr den Bruno Design Award nominierte HUH 3-t\u00fcrige Kleiderschrank ist eine stilvolle, vom Mid-Century-Stil inspirierte Aufbewahrungsl\u00f6sung aus nachhaltigem Birken-Sperrholz mit Soft-Close-Scharnieren, verstellbaren Regalb\u00f6den und ger\u00e4umigen Schubladen f\u00fcr eine optimale Organisation des Schlafzimmers.<\/p>\n<p>Dieser Schrank bringt Ordnung in Ihre Garderobe, indem er Kleider, Anz\u00fcge und M\u00e4ntel verschlingt. In die Schubladen passen W\u00e4sche, Socken und Schlipse.<\/p>\n<p>Zwei T\u00fcren verbergen ein oberes Regal und eine Schiene f\u00fcr Kleiderb\u00fcgel mit einer L\u00e4nge von 86 cm in einer H\u00f6he von 120 cm vom Boden des Kleiderschranks. Hinter der dritten T\u00fcr befinden sich 3 verstellbare Einlegeb\u00f6den und darunter 2 gro\u00dfe Schubladen.<\/p>\n<p>Schrank auf Beinen aus Birkensperrholz, ge\u00f6lt. Soft-Close H\u00e4fele T\u00fcrscharniere und verdeckte Schubkastenschienen. T\u00fcren Koskisen wei\u00df HPL auf Schichtholz, innen H\u00e4fele Metallst\u00e4be halten lange T\u00fcren gerade. Sie k\u00f6nnen zwischen zwei Griffdesigns w\u00e4hlen.<\/p>\n<p>Kollektion HUH wurde f\u00fcr den estnischen Designpreis Bruno 2014 nominiert.<\/p>\n<p><strong>Kostenlose Lieferung innerhalb von 2 Wochen in ganz Europa!<\/strong><\/p>\n","protected":false},"excerpt":{"rendered":"<p>Der f\u00fcr den Bruno Design Award nominierte HUH 3-t\u00fcrige Kleiderschrank ist eine stilvolle, vom Mid-Century-Stil inspirierte Aufbewahrungsl\u00f6sung aus nachhaltigem Birken-Sperrholz mit Soft-Close-Scharnieren, verstellbaren Regalb\u00f6den und ger\u00e4umigen Schubladen f\u00fcr eine optimale Organisation des Schlafzimmers. Dieser Schrank bringt Ordnung in Ihre Garderobe, indem er Kleider, Anz\u00fcge und M\u00e4ntel verschlingt. In die Schubladen passen W\u00e4sche, Socken und Schlipse&#8230;.<\/p>\n","protected":false},"featured_media":15744,"comment_status":"open","ping_status":"closed","template":"","meta":{"_acf_changed":false},"product_brand":[],"product_cat":[110],"product_tag":[],"class_list":{"0":"post-2903","1":"product","2":"type-product","3":"status-publish","4":"has-post-thumbnail","6":"product_cat-riidekapid","8":"first","9":"instock","10":"sale","11":"taxable","12":"shipping-taxable","13":"purchasable","14":"product-type-variable","15":"has-default-attributes"},"acf":[],"yoast_head":"<!-- This site is optimized with the Yoast SEO plugin v27.3 - https:\/\/yoast.com\/product\/yoast-seo-wordpress\/ -->\n<title>Kleiderschrank HUH 3 T\u00fcren - Radis<\/title>\n<meta name=\"robots\" content=\"index, follow, max-snippet:-1, max-image-preview:large, max-video-preview:-1\" \/>\n<link rel=\"canonical\" href=\"https:\/\/radis.ee\/de\/kleiderschrank-huh-3-turen\/\" \/>\n<meta property=\"og:locale\" content=\"de_DE\" \/>\n<meta property=\"og:type\" content=\"article\" \/>\n<meta property=\"og:title\" content=\"Kleiderschrank HUH 3 T\u00fcren - Radis\" \/>\n<meta property=\"og:description\" content=\"Der f\u00fcr den Bruno Design Award nominierte HUH 3-t\u00fcrige Kleiderschrank ist eine stilvolle, vom Mid-Century-Stil inspirierte Aufbewahrungsl\u00f6sung aus nachhaltigem Birken-Sperrholz mit Soft-Close-Scharnieren, verstellbaren Regalb\u00f6den und ger\u00e4umigen Schubladen f\u00fcr eine optimale Organisation des Schlafzimmers. Dieser Schrank bringt Ordnung in Ihre Garderobe, indem er Kleider, Anz\u00fcge und M\u00e4ntel verschlingt. In die Schubladen passen W\u00e4sche, Socken und Schlipse....\" \/>\n<meta property=\"og:url\" content=\"https:\/\/radis.ee\/de\/kleiderschrank-huh-3-turen\/\" \/>\n<meta property=\"og:site_name\" content=\"Radis\" \/>\n<meta property=\"article:publisher\" content=\"https:\/\/www.facebook.com\/radisfurniture\/\" \/>\n<meta property=\"article:modified_time\" content=\"2026-02-09T21:28:52+00:00\" \/>\n<meta property=\"og:image\" content=\"https:\/\/radis.ee\/wp-content\/uploads\/2020\/10\/RA0566_Radis_wardrobe_HUH_3doors_Light_Oak_oilwaxed_doors_White_CPL_drawers_Pebble_Grey-scaled.jpg\" \/>\n\t<meta property=\"og:image:width\" content=\"2048\" \/>\n\t<meta property=\"og:image:height\" content=\"2560\" \/>\n\t<meta property=\"og:image:type\" content=\"image\/jpeg\" \/>\n<meta name=\"twitter:card\" content=\"summary_large_image\" \/>\n<meta name=\"twitter:label1\" content=\"Gesch\u00e4tzte Lesezeit\" \/>\n\t<meta name=\"twitter:data1\" content=\"1\u00a0Minute\" \/>\n<script type=\"application\/ld+json\" class=\"yoast-schema-graph\">{\"@context\":\"https:\\\/\\\/schema.org\",\"@graph\":[{\"@type\":\"WebPage\",\"@id\":\"https:\\\/\\\/radis.ee\\\/de\\\/kleiderschrank-huh-3-turen\\\/\",\"url\":\"https:\\\/\\\/radis.ee\\\/de\\\/kleiderschrank-huh-3-turen\\\/\",\"name\":\"Kleiderschrank HUH 3 T\u00fcren - Radis\",\"isPartOf\":{\"@id\":\"https:\\\/\\\/radis.ee\\\/#website\"},\"primaryImageOfPage\":{\"@id\":\"https:\\\/\\\/radis.ee\\\/de\\\/kleiderschrank-huh-3-turen\\\/#primaryimage\"},\"image\":{\"@id\":\"https:\\\/\\\/radis.ee\\\/de\\\/kleiderschrank-huh-3-turen\\\/#primaryimage\"},\"thumbnailUrl\":\"https:\\\/\\\/radis.ee\\\/wp-content\\\/uploads\\\/2020\\\/10\\\/RA0566_Radis_wardrobe_HUH_3doors_Light_Oak_oilwaxed_doors_White_CPL_drawers_Pebble_Grey-scaled.jpg\",\"datePublished\":\"2020-10-13T21:00:49+00:00\",\"dateModified\":\"2026-02-09T21:28:52+00:00\",\"breadcrumb\":{\"@id\":\"https:\\\/\\\/radis.ee\\\/de\\\/kleiderschrank-huh-3-turen\\\/#breadcrumb\"},\"inLanguage\":\"de\",\"potentialAction\":[{\"@type\":\"ReadAction\",\"target\":[\"https:\\\/\\\/radis.ee\\\/de\\\/kleiderschrank-huh-3-turen\\\/\"]}]},{\"@type\":\"ImageObject\",\"inLanguage\":\"de\",\"@id\":\"https:\\\/\\\/radis.ee\\\/de\\\/kleiderschrank-huh-3-turen\\\/#primaryimage\",\"url\":\"https:\\\/\\\/radis.ee\\\/wp-content\\\/uploads\\\/2020\\\/10\\\/RA0566_Radis_wardrobe_HUH_3doors_Light_Oak_oilwaxed_doors_White_CPL_drawers_Pebble_Grey-scaled.jpg\",\"contentUrl\":\"https:\\\/\\\/radis.ee\\\/wp-content\\\/uploads\\\/2020\\\/10\\\/RA0566_Radis_wardrobe_HUH_3doors_Light_Oak_oilwaxed_doors_White_CPL_drawers_Pebble_Grey-scaled.jpg\",\"width\":2048,\"height\":2560,\"caption\":\"RADIS wardrobe HUH 3 doors Light Oak\"},{\"@type\":\"BreadcrumbList\",\"@id\":\"https:\\\/\\\/radis.ee\\\/de\\\/kleiderschrank-huh-3-turen\\\/#breadcrumb\",\"itemListElement\":[{\"@type\":\"ListItem\",\"position\":1,\"name\":\"Home\",\"item\":\"https:\\\/\\\/radis.ee\\\/\"},{\"@type\":\"ListItem\",\"position\":2,\"name\":\"Produkte\",\"item\":\"https:\\\/\\\/radis.ee\\\/de\\\/produkte\\\/\"},{\"@type\":\"ListItem\",\"position\":3,\"name\":\"Kleiderschrank HUH 3 T\u00fcren\"}]},{\"@type\":\"WebSite\",\"@id\":\"https:\\\/\\\/radis.ee\\\/#website\",\"url\":\"https:\\\/\\\/radis.ee\\\/\",\"name\":\"Radis\",\"description\":\"Nordic design furniture, environmentally friendly and sustainable.\",\"publisher\":{\"@id\":\"https:\\\/\\\/radis.ee\\\/#organization\"},\"potentialAction\":[{\"@type\":\"SearchAction\",\"target\":{\"@type\":\"EntryPoint\",\"urlTemplate\":\"https:\\\/\\\/radis.ee\\\/?s={search_term_string}\"},\"query-input\":{\"@type\":\"PropertyValueSpecification\",\"valueRequired\":true,\"valueName\":\"search_term_string\"}}],\"inLanguage\":\"de\"},{\"@type\":\"Organization\",\"@id\":\"https:\\\/\\\/radis.ee\\\/#organization\",\"name\":\"Radis O\u00dc\",\"url\":\"https:\\\/\\\/radis.ee\\\/\",\"logo\":{\"@type\":\"ImageObject\",\"inLanguage\":\"de\",\"@id\":\"https:\\\/\\\/radis.ee\\\/#\\\/schema\\\/logo\\\/image\\\/\",\"url\":\"https:\\\/\\\/radis.ee\\\/wp-content\\\/uploads\\\/2020\\\/10\\\/Radis-logo.png\",\"contentUrl\":\"https:\\\/\\\/radis.ee\\\/wp-content\\\/uploads\\\/2020\\\/10\\\/Radis-logo.png\",\"width\":300,\"height\":63,\"caption\":\"Radis O\u00dc\"},\"image\":{\"@id\":\"https:\\\/\\\/radis.ee\\\/#\\\/schema\\\/logo\\\/image\\\/\"},\"sameAs\":[\"https:\\\/\\\/www.facebook.com\\\/radisfurniture\\\/\"]}]}<\/script>\n<!-- \/ Yoast SEO plugin. -->","yoast_head_json":{"title":"Kleiderschrank HUH 3 T\u00fcren - Radis","robots":{"index":"index","follow":"follow","max-snippet":"max-snippet:-1","max-image-preview":"max-image-preview:large","max-video-preview":"max-video-preview:-1"},"canonical":"https:\/\/radis.ee\/de\/kleiderschrank-huh-3-turen\/","og_locale":"de_DE","og_type":"article","og_title":"Kleiderschrank HUH 3 T\u00fcren - Radis","og_description":"Der f\u00fcr den Bruno Design Award nominierte HUH 3-t\u00fcrige Kleiderschrank ist eine stilvolle, vom Mid-Century-Stil inspirierte Aufbewahrungsl\u00f6sung aus nachhaltigem Birken-Sperrholz mit Soft-Close-Scharnieren, verstellbaren Regalb\u00f6den und ger\u00e4umigen Schubladen f\u00fcr eine optimale Organisation des Schlafzimmers. Dieser Schrank bringt Ordnung in Ihre Garderobe, indem er Kleider, Anz\u00fcge und M\u00e4ntel verschlingt. In die Schubladen passen W\u00e4sche, Socken und Schlipse....","og_url":"https:\/\/radis.ee\/de\/kleiderschrank-huh-3-turen\/","og_site_name":"Radis","article_publisher":"https:\/\/www.facebook.com\/radisfurniture\/","article_modified_time":"2026-02-09T21:28:52+00:00","og_image":[{"width":2048,"height":2560,"url":"https:\/\/radis.ee\/wp-content\/uploads\/2020\/10\/RA0566_Radis_wardrobe_HUH_3doors_Light_Oak_oilwaxed_doors_White_CPL_drawers_Pebble_Grey-scaled.jpg","type":"image\/jpeg"}],"twitter_card":"summary_large_image","twitter_misc":{"Gesch\u00e4tzte Lesezeit":"1\u00a0Minute"},"schema":{"@context":"https:\/\/schema.org","@graph":[{"@type":"WebPage","@id":"https:\/\/radis.ee\/de\/kleiderschrank-huh-3-turen\/","url":"https:\/\/radis.ee\/de\/kleiderschrank-huh-3-turen\/","name":"Kleiderschrank HUH 3 T\u00fcren - Radis","isPartOf":{"@id":"https:\/\/radis.ee\/#website"},"primaryImageOfPage":{"@id":"https:\/\/radis.ee\/de\/kleiderschrank-huh-3-turen\/#primaryimage"},"image":{"@id":"https:\/\/radis.ee\/de\/kleiderschrank-huh-3-turen\/#primaryimage"},"thumbnailUrl":"https:\/\/radis.ee\/wp-content\/uploads\/2020\/10\/RA0566_Radis_wardrobe_HUH_3doors_Light_Oak_oilwaxed_doors_White_CPL_drawers_Pebble_Grey-scaled.jpg","datePublished":"2020-10-13T21:00:49+00:00","dateModified":"2026-02-09T21:28:52+00:00","breadcrumb":{"@id":"https:\/\/radis.ee\/de\/kleiderschrank-huh-3-turen\/#breadcrumb"},"inLanguage":"de","potentialAction":[{"@type":"ReadAction","target":["https:\/\/radis.ee\/de\/kleiderschrank-huh-3-turen\/"]}]},{"@type":"ImageObject","inLanguage":"de","@id":"https:\/\/radis.ee\/de\/kleiderschrank-huh-3-turen\/#primaryimage","url":"https:\/\/radis.ee\/wp-content\/uploads\/2020\/10\/RA0566_Radis_wardrobe_HUH_3doors_Light_Oak_oilwaxed_doors_White_CPL_drawers_Pebble_Grey-scaled.jpg","contentUrl":"https:\/\/radis.ee\/wp-content\/uploads\/2020\/10\/RA0566_Radis_wardrobe_HUH_3doors_Light_Oak_oilwaxed_doors_White_CPL_drawers_Pebble_Grey-scaled.jpg","width":2048,"height":2560,"caption":"RADIS wardrobe HUH 3 doors Light Oak"},{"@type":"BreadcrumbList","@id":"https:\/\/radis.ee\/de\/kleiderschrank-huh-3-turen\/#breadcrumb","itemListElement":[{"@type":"ListItem","position":1,"name":"Home","item":"https:\/\/radis.ee\/"},{"@type":"ListItem","position":2,"name":"Produkte","item":"https:\/\/radis.ee\/de\/produkte\/"},{"@type":"ListItem","position":3,"name":"Kleiderschrank HUH 3 T\u00fcren"}]},{"@type":"WebSite","@id":"https:\/\/radis.ee\/#website","url":"https:\/\/radis.ee\/","name":"Radis","description":"Nordic design furniture, environmentally friendly and sustainable.","publisher":{"@id":"https:\/\/radis.ee\/#organization"},"potentialAction":[{"@type":"SearchAction","target":{"@type":"EntryPoint","urlTemplate":"https:\/\/radis.ee\/?s={search_term_string}"},"query-input":{"@type":"PropertyValueSpecification","valueRequired":true,"valueName":"search_term_string"}}],"inLanguage":"de"},{"@type":"Organization","@id":"https:\/\/radis.ee\/#organization","name":"Radis O\u00dc","url":"https:\/\/radis.ee\/","logo":{"@type":"ImageObject","inLanguage":"de","@id":"https:\/\/radis.ee\/#\/schema\/logo\/image\/","url":"https:\/\/radis.ee\/wp-content\/uploads\/2020\/10\/Radis-logo.png","contentUrl":"https:\/\/radis.ee\/wp-content\/uploads\/2020\/10\/Radis-logo.png","width":300,"height":63,"caption":"Radis O\u00dc"},"image":{"@id":"https:\/\/radis.ee\/#\/schema\/logo\/image\/"},"sameAs":["https:\/\/www.facebook.com\/radisfurniture\/"]}]}},"_links":{"self":[{"href":"https:\/\/radis.ee\/de\/wp-json\/wp\/v2\/product\/2903","targetHints":{"allow":["GET"]}}],"collection":[{"href":"https:\/\/radis.ee\/de\/wp-json\/wp\/v2\/product"}],"about":[{"href":"https:\/\/radis.ee\/de\/wp-json\/wp\/v2\/types\/product"}],"replies":[{"embeddable":true,"href":"https:\/\/radis.ee\/de\/wp-json\/wp\/v2\/comments?post=2903"}],"wp:featuredmedia":[{"embeddable":true,"href":"https:\/\/radis.ee\/de\/wp-json\/wp\/v2\/media\/15744"}],"wp:attachment":[{"href":"https:\/\/radis.ee\/de\/wp-json\/wp\/v2\/media?parent=2903"}],"wp:term":[{"taxonomy":"product_brand","embeddable":true,"href":"https:\/\/radis.ee\/de\/wp-json\/wp\/v2\/product_brand?post=2903"},{"taxonomy":"product_cat","embeddable":true,"href":"https:\/\/radis.ee\/de\/wp-json\/wp\/v2\/product_cat?post=2903"},{"taxonomy":"product_tag","embeddable":true,"href":"https:\/\/radis.ee\/de\/wp-json\/wp\/v2\/product_tag?post=2903"}],"curies":[{"name":"wp","href":"https:\/\/api.w.org\/{rel}","templated":true}]}}