{"id":2906,"date":"2020-10-14T00:13:33","date_gmt":"2020-10-13T21:13:33","guid":{"rendered":"https:\/\/radis.ee\/unkategorisiert\/kleiderschrank-huh-2-turen-extra-eben\/"},"modified":"2026-02-09T23:43:31","modified_gmt":"2026-02-09T21:43:31","slug":"kleiderschrank-huh-2-turen-mit-zusatzlicher-hohe","status":"publish","type":"product","link":"https:\/\/radis.ee\/de\/kleiderschrank-huh-2-turen-mit-zusatzlicher-hohe\/","title":{"rendered":"Schmal Kleiderschrank HUH 2 T\u00fcren Mit zus\u00e4tzlicher H\u00f6he"},"content":{"rendered":"<p>Der HUH 2-t\u00fcrige Kleiderschrank mit einer zus\u00e4tzlichen Ebene ist eine preisnominierte Aufbewahrungsl\u00f6sung aus nachhaltigem Birkensperrholz. Er verf\u00fcgt \u00fcber einen ger\u00e4umigen Innenraum mit verstellbaren Regalb\u00f6den, Kleiderstangen und Schubladen mit Soft-Close-Funktion, um den vertikalen Raum in jedem modernen Schlafzimmer optimal zu nutzen.<\/p>\n<p>Dieser Schrank bringt Ordnung in Ihre Garderobe, indem er Kleider, Anz\u00fcge und M\u00e4ntel verschlingt. In die Schubladen passen W\u00e4sche, Socken und Schlipse.<\/p>\n<p>Eine T\u00fcr verbirgt ein oberes Regal und eine Schiene f\u00fcr Kleiderb\u00fcgel mit einer L\u00e4nge von 41 cm in einer H\u00f6he von 120 cm vom Boden des Kleiderschranks. Hinter der zweiten T\u00fcr befinden sich 3 verstellbare Einlegeb\u00f6den und darunter 2 gro\u00dfe Schubladen. Auf der zus\u00e4tzlichen Ebene befindet sich auch ein verstellbarer Einlegeboden.<\/p>\n<p>Aus Birkensperrholz, \u00f6lgewachst. Soft-Close H\u00e4fele T\u00fcrscharniere und verdeckte Schubkastenschienen. T\u00fcren Koskisen wei\u00df HPL auf Schichtholz, innen H\u00e4fele Metallst\u00e4be halten lange T\u00fcren gerade. Sie k\u00f6nnen zwischen zwei Griffdesigns w\u00e4hlen. Ein 8 cm hoher Sockel, der gut zu allen Sockelleisten passt.<\/p>\n<p>Au\u00dferdem ist es jetzt m\u00f6glich, den Kleiderschrank mit einem 24 cm tiefen Einlegeboden zu erg\u00e4nzen.<\/p>\n<p>Kollektion HUH wurde f\u00fcr den estnischen Designpreis Bruno 2014 nominiert.<\/p>\n","protected":false},"excerpt":{"rendered":"<p>Der HUH 2-t\u00fcrige Kleiderschrank mit einer zus\u00e4tzlichen Ebene ist eine preisnominierte Aufbewahrungsl\u00f6sung aus nachhaltigem Birkensperrholz. Er verf\u00fcgt \u00fcber einen ger\u00e4umigen Innenraum mit verstellbaren Regalb\u00f6den, Kleiderstangen und Schubladen mit Soft-Close-Funktion, um den vertikalen Raum in jedem modernen Schlafzimmer optimal zu nutzen. Dieser Schrank bringt Ordnung in Ihre Garderobe, indem er Kleider, Anz\u00fcge und M\u00e4ntel verschlingt. In&#8230;<\/p>\n","protected":false},"featured_media":15147,"comment_status":"open","ping_status":"closed","template":"","meta":{"_acf_changed":false},"product_brand":[],"product_cat":[110],"product_tag":[],"class_list":{"0":"post-2906","1":"product","2":"type-product","3":"status-publish","4":"has-post-thumbnail","6":"product_cat-riidekapid","8":"first","9":"instock","10":"sale","11":"taxable","12":"shipping-taxable","13":"purchasable","14":"product-type-variable","15":"has-default-attributes"},"acf":[],"yoast_head":"<!-- This site is optimized with the Yoast SEO plugin v27.4 - https:\/\/yoast.com\/product\/yoast-seo-wordpress\/ -->\n<title>Schmal Kleiderschrank HUH 2 T\u00fcren Mit zus\u00e4tzlicher H\u00f6he - Radis<\/title>\n<meta name=\"robots\" content=\"index, follow, max-snippet:-1, max-image-preview:large, max-video-preview:-1\" \/>\n<link rel=\"canonical\" href=\"https:\/\/radis.ee\/de\/kleiderschrank-huh-2-turen-mit-zusatzlicher-hohe\/\" \/>\n<meta property=\"og:locale\" content=\"de_DE\" \/>\n<meta property=\"og:type\" content=\"article\" \/>\n<meta property=\"og:title\" content=\"Schmal Kleiderschrank HUH 2 T\u00fcren Mit zus\u00e4tzlicher H\u00f6he - Radis\" \/>\n<meta property=\"og:description\" content=\"Der HUH 2-t\u00fcrige Kleiderschrank mit einer zus\u00e4tzlichen Ebene ist eine preisnominierte Aufbewahrungsl\u00f6sung aus nachhaltigem Birkensperrholz. Er verf\u00fcgt \u00fcber einen ger\u00e4umigen Innenraum mit verstellbaren Regalb\u00f6den, Kleiderstangen und Schubladen mit Soft-Close-Funktion, um den vertikalen Raum in jedem modernen Schlafzimmer optimal zu nutzen. Dieser Schrank bringt Ordnung in Ihre Garderobe, indem er Kleider, Anz\u00fcge und M\u00e4ntel verschlingt. In...\" \/>\n<meta property=\"og:url\" content=\"https:\/\/radis.ee\/de\/kleiderschrank-huh-2-turen-mit-zusatzlicher-hohe\/\" \/>\n<meta property=\"og:site_name\" content=\"Radis\" \/>\n<meta property=\"article:publisher\" content=\"https:\/\/www.facebook.com\/radisfurniture\/\" \/>\n<meta property=\"article:modified_time\" content=\"2026-02-09T21:43:31+00:00\" \/>\n<meta property=\"og:image\" content=\"https:\/\/radis.ee\/wp-content\/uploads\/2020\/10\/RADIS_wardrobe_HUH_2_doors_extra_level_-Light_Oak_doors_White_CPL_plywood-1-1-scaled.jpg\" \/>\n\t<meta property=\"og:image:width\" content=\"2149\" \/>\n\t<meta property=\"og:image:height\" content=\"2560\" \/>\n\t<meta property=\"og:image:type\" content=\"image\/jpeg\" \/>\n<meta name=\"twitter:card\" content=\"summary_large_image\" \/>\n<meta name=\"twitter:label1\" content=\"Gesch\u00e4tzte Lesezeit\" \/>\n\t<meta name=\"twitter:data1\" content=\"1\u00a0Minute\" \/>\n<script type=\"application\/ld+json\" class=\"yoast-schema-graph\">{\"@context\":\"https:\\\/\\\/schema.org\",\"@graph\":[{\"@type\":\"WebPage\",\"@id\":\"https:\\\/\\\/radis.ee\\\/de\\\/kleiderschrank-huh-2-turen-mit-zusatzlicher-hohe\\\/\",\"url\":\"https:\\\/\\\/radis.ee\\\/de\\\/kleiderschrank-huh-2-turen-mit-zusatzlicher-hohe\\\/\",\"name\":\"Schmal Kleiderschrank HUH 2 T\u00fcren Mit zus\u00e4tzlicher H\u00f6he - Radis\",\"isPartOf\":{\"@id\":\"https:\\\/\\\/radis.ee\\\/#website\"},\"primaryImageOfPage\":{\"@id\":\"https:\\\/\\\/radis.ee\\\/de\\\/kleiderschrank-huh-2-turen-mit-zusatzlicher-hohe\\\/#primaryimage\"},\"image\":{\"@id\":\"https:\\\/\\\/radis.ee\\\/de\\\/kleiderschrank-huh-2-turen-mit-zusatzlicher-hohe\\\/#primaryimage\"},\"thumbnailUrl\":\"https:\\\/\\\/radis.ee\\\/wp-content\\\/uploads\\\/2020\\\/10\\\/RADIS_wardrobe_HUH_2_doors_extra_level_-Light_Oak_doors_White_CPL_plywood-1-1-scaled.jpg\",\"datePublished\":\"2020-10-13T21:13:33+00:00\",\"dateModified\":\"2026-02-09T21:43:31+00:00\",\"breadcrumb\":{\"@id\":\"https:\\\/\\\/radis.ee\\\/de\\\/kleiderschrank-huh-2-turen-mit-zusatzlicher-hohe\\\/#breadcrumb\"},\"inLanguage\":\"de\",\"potentialAction\":[{\"@type\":\"ReadAction\",\"target\":[\"https:\\\/\\\/radis.ee\\\/de\\\/kleiderschrank-huh-2-turen-mit-zusatzlicher-hohe\\\/\"]}]},{\"@type\":\"ImageObject\",\"inLanguage\":\"de\",\"@id\":\"https:\\\/\\\/radis.ee\\\/de\\\/kleiderschrank-huh-2-turen-mit-zusatzlicher-hohe\\\/#primaryimage\",\"url\":\"https:\\\/\\\/radis.ee\\\/wp-content\\\/uploads\\\/2020\\\/10\\\/RADIS_wardrobe_HUH_2_doors_extra_level_-Light_Oak_doors_White_CPL_plywood-1-1-scaled.jpg\",\"contentUrl\":\"https:\\\/\\\/radis.ee\\\/wp-content\\\/uploads\\\/2020\\\/10\\\/RADIS_wardrobe_HUH_2_doors_extra_level_-Light_Oak_doors_White_CPL_plywood-1-1-scaled.jpg\",\"width\":2149,\"height\":2560,\"caption\":\"RADIS wardrobe HUH 2 doors with extra level Light Oak\"},{\"@type\":\"BreadcrumbList\",\"@id\":\"https:\\\/\\\/radis.ee\\\/de\\\/kleiderschrank-huh-2-turen-mit-zusatzlicher-hohe\\\/#breadcrumb\",\"itemListElement\":[{\"@type\":\"ListItem\",\"position\":1,\"name\":\"Home\",\"item\":\"https:\\\/\\\/radis.ee\\\/\"},{\"@type\":\"ListItem\",\"position\":2,\"name\":\"Produkte\",\"item\":\"https:\\\/\\\/radis.ee\\\/de\\\/produkte\\\/\"},{\"@type\":\"ListItem\",\"position\":3,\"name\":\"Schmal Kleiderschrank HUH 2 T\u00fcren Mit zus\u00e4tzlicher H\u00f6he\"}]},{\"@type\":\"WebSite\",\"@id\":\"https:\\\/\\\/radis.ee\\\/#website\",\"url\":\"https:\\\/\\\/radis.ee\\\/\",\"name\":\"Radis\",\"description\":\"Nordic design furniture, environmentally friendly and sustainable.\",\"publisher\":{\"@id\":\"https:\\\/\\\/radis.ee\\\/#organization\"},\"potentialAction\":[{\"@type\":\"SearchAction\",\"target\":{\"@type\":\"EntryPoint\",\"urlTemplate\":\"https:\\\/\\\/radis.ee\\\/?s={search_term_string}\"},\"query-input\":{\"@type\":\"PropertyValueSpecification\",\"valueRequired\":true,\"valueName\":\"search_term_string\"}}],\"inLanguage\":\"de\"},{\"@type\":\"Organization\",\"@id\":\"https:\\\/\\\/radis.ee\\\/#organization\",\"name\":\"Radis O\u00dc\",\"url\":\"https:\\\/\\\/radis.ee\\\/\",\"logo\":{\"@type\":\"ImageObject\",\"inLanguage\":\"de\",\"@id\":\"https:\\\/\\\/radis.ee\\\/#\\\/schema\\\/logo\\\/image\\\/\",\"url\":\"https:\\\/\\\/radis.ee\\\/wp-content\\\/uploads\\\/2020\\\/10\\\/Radis-logo.png\",\"contentUrl\":\"https:\\\/\\\/radis.ee\\\/wp-content\\\/uploads\\\/2020\\\/10\\\/Radis-logo.png\",\"width\":300,\"height\":63,\"caption\":\"Radis O\u00dc\"},\"image\":{\"@id\":\"https:\\\/\\\/radis.ee\\\/#\\\/schema\\\/logo\\\/image\\\/\"},\"sameAs\":[\"https:\\\/\\\/www.facebook.com\\\/radisfurniture\\\/\"]}]}<\/script>\n<!-- \/ Yoast SEO plugin. -->","yoast_head_json":{"title":"Schmal Kleiderschrank HUH 2 T\u00fcren Mit zus\u00e4tzlicher H\u00f6he - Radis","robots":{"index":"index","follow":"follow","max-snippet":"max-snippet:-1","max-image-preview":"max-image-preview:large","max-video-preview":"max-video-preview:-1"},"canonical":"https:\/\/radis.ee\/de\/kleiderschrank-huh-2-turen-mit-zusatzlicher-hohe\/","og_locale":"de_DE","og_type":"article","og_title":"Schmal Kleiderschrank HUH 2 T\u00fcren Mit zus\u00e4tzlicher H\u00f6he - Radis","og_description":"Der HUH 2-t\u00fcrige Kleiderschrank mit einer zus\u00e4tzlichen Ebene ist eine preisnominierte Aufbewahrungsl\u00f6sung aus nachhaltigem Birkensperrholz. Er verf\u00fcgt \u00fcber einen ger\u00e4umigen Innenraum mit verstellbaren Regalb\u00f6den, Kleiderstangen und Schubladen mit Soft-Close-Funktion, um den vertikalen Raum in jedem modernen Schlafzimmer optimal zu nutzen. Dieser Schrank bringt Ordnung in Ihre Garderobe, indem er Kleider, Anz\u00fcge und M\u00e4ntel verschlingt. In...","og_url":"https:\/\/radis.ee\/de\/kleiderschrank-huh-2-turen-mit-zusatzlicher-hohe\/","og_site_name":"Radis","article_publisher":"https:\/\/www.facebook.com\/radisfurniture\/","article_modified_time":"2026-02-09T21:43:31+00:00","og_image":[{"width":2149,"height":2560,"url":"https:\/\/radis.ee\/wp-content\/uploads\/2020\/10\/RADIS_wardrobe_HUH_2_doors_extra_level_-Light_Oak_doors_White_CPL_plywood-1-1-scaled.jpg","type":"image\/jpeg"}],"twitter_card":"summary_large_image","twitter_misc":{"Gesch\u00e4tzte Lesezeit":"1\u00a0Minute"},"schema":{"@context":"https:\/\/schema.org","@graph":[{"@type":"WebPage","@id":"https:\/\/radis.ee\/de\/kleiderschrank-huh-2-turen-mit-zusatzlicher-hohe\/","url":"https:\/\/radis.ee\/de\/kleiderschrank-huh-2-turen-mit-zusatzlicher-hohe\/","name":"Schmal Kleiderschrank HUH 2 T\u00fcren Mit zus\u00e4tzlicher H\u00f6he - Radis","isPartOf":{"@id":"https:\/\/radis.ee\/#website"},"primaryImageOfPage":{"@id":"https:\/\/radis.ee\/de\/kleiderschrank-huh-2-turen-mit-zusatzlicher-hohe\/#primaryimage"},"image":{"@id":"https:\/\/radis.ee\/de\/kleiderschrank-huh-2-turen-mit-zusatzlicher-hohe\/#primaryimage"},"thumbnailUrl":"https:\/\/radis.ee\/wp-content\/uploads\/2020\/10\/RADIS_wardrobe_HUH_2_doors_extra_level_-Light_Oak_doors_White_CPL_plywood-1-1-scaled.jpg","datePublished":"2020-10-13T21:13:33+00:00","dateModified":"2026-02-09T21:43:31+00:00","breadcrumb":{"@id":"https:\/\/radis.ee\/de\/kleiderschrank-huh-2-turen-mit-zusatzlicher-hohe\/#breadcrumb"},"inLanguage":"de","potentialAction":[{"@type":"ReadAction","target":["https:\/\/radis.ee\/de\/kleiderschrank-huh-2-turen-mit-zusatzlicher-hohe\/"]}]},{"@type":"ImageObject","inLanguage":"de","@id":"https:\/\/radis.ee\/de\/kleiderschrank-huh-2-turen-mit-zusatzlicher-hohe\/#primaryimage","url":"https:\/\/radis.ee\/wp-content\/uploads\/2020\/10\/RADIS_wardrobe_HUH_2_doors_extra_level_-Light_Oak_doors_White_CPL_plywood-1-1-scaled.jpg","contentUrl":"https:\/\/radis.ee\/wp-content\/uploads\/2020\/10\/RADIS_wardrobe_HUH_2_doors_extra_level_-Light_Oak_doors_White_CPL_plywood-1-1-scaled.jpg","width":2149,"height":2560,"caption":"RADIS wardrobe HUH 2 doors with extra level Light Oak"},{"@type":"BreadcrumbList","@id":"https:\/\/radis.ee\/de\/kleiderschrank-huh-2-turen-mit-zusatzlicher-hohe\/#breadcrumb","itemListElement":[{"@type":"ListItem","position":1,"name":"Home","item":"https:\/\/radis.ee\/"},{"@type":"ListItem","position":2,"name":"Produkte","item":"https:\/\/radis.ee\/de\/produkte\/"},{"@type":"ListItem","position":3,"name":"Schmal Kleiderschrank HUH 2 T\u00fcren Mit zus\u00e4tzlicher H\u00f6he"}]},{"@type":"WebSite","@id":"https:\/\/radis.ee\/#website","url":"https:\/\/radis.ee\/","name":"Radis","description":"Nordic design furniture, environmentally friendly and sustainable.","publisher":{"@id":"https:\/\/radis.ee\/#organization"},"potentialAction":[{"@type":"SearchAction","target":{"@type":"EntryPoint","urlTemplate":"https:\/\/radis.ee\/?s={search_term_string}"},"query-input":{"@type":"PropertyValueSpecification","valueRequired":true,"valueName":"search_term_string"}}],"inLanguage":"de"},{"@type":"Organization","@id":"https:\/\/radis.ee\/#organization","name":"Radis O\u00dc","url":"https:\/\/radis.ee\/","logo":{"@type":"ImageObject","inLanguage":"de","@id":"https:\/\/radis.ee\/#\/schema\/logo\/image\/","url":"https:\/\/radis.ee\/wp-content\/uploads\/2020\/10\/Radis-logo.png","contentUrl":"https:\/\/radis.ee\/wp-content\/uploads\/2020\/10\/Radis-logo.png","width":300,"height":63,"caption":"Radis O\u00dc"},"image":{"@id":"https:\/\/radis.ee\/#\/schema\/logo\/image\/"},"sameAs":["https:\/\/www.facebook.com\/radisfurniture\/"]}]}},"_links":{"self":[{"href":"https:\/\/radis.ee\/de\/wp-json\/wp\/v2\/product\/2906","targetHints":{"allow":["GET"]}}],"collection":[{"href":"https:\/\/radis.ee\/de\/wp-json\/wp\/v2\/product"}],"about":[{"href":"https:\/\/radis.ee\/de\/wp-json\/wp\/v2\/types\/product"}],"replies":[{"embeddable":true,"href":"https:\/\/radis.ee\/de\/wp-json\/wp\/v2\/comments?post=2906"}],"wp:featuredmedia":[{"embeddable":true,"href":"https:\/\/radis.ee\/de\/wp-json\/wp\/v2\/media\/15147"}],"wp:attachment":[{"href":"https:\/\/radis.ee\/de\/wp-json\/wp\/v2\/media?parent=2906"}],"wp:term":[{"taxonomy":"product_brand","embeddable":true,"href":"https:\/\/radis.ee\/de\/wp-json\/wp\/v2\/product_brand?post=2906"},{"taxonomy":"product_cat","embeddable":true,"href":"https:\/\/radis.ee\/de\/wp-json\/wp\/v2\/product_cat?post=2906"},{"taxonomy":"product_tag","embeddable":true,"href":"https:\/\/radis.ee\/de\/wp-json\/wp\/v2\/product_tag?post=2906"}],"curies":[{"name":"wp","href":"https:\/\/api.w.org\/{rel}","templated":true}]}}