{"id":2908,"date":"2020-10-15T19:54:31","date_gmt":"2020-10-15T16:54:31","guid":{"rendered":"https:\/\/radis.ee\/unkategorisiert\/kleiderschrank-huh-2-turen\/"},"modified":"2026-02-09T23:37:34","modified_gmt":"2026-02-09T21:37:34","slug":"kleiderschrank-huh-2-turen","status":"publish","type":"product","link":"https:\/\/radis.ee\/de\/kleiderschrank-huh-2-turen\/","title":{"rendered":"Schmal kleiderschrank HUH 2 T\u00fcren"},"content":{"rendered":"<p>Der f\u00fcr den Bruno Design Award nominierte HUH 2-t\u00fcrige Kleiderschrank ist eine schlanke, nordisch inspirierte Aufbewahrungsl\u00f6sung aus nachhaltigem Birken-Sperrholz mit einem funktionalen Innenraum, bestehend aus einer Kleiderstange, drei verstellbaren Einlegeb\u00f6den und zwei ger\u00e4umigen Schubladen mit Soft-Close-Funktion.<\/p>\n<p>Dieser Schrank bringt Ordnung in Ihre Garderobe, indem er Kleider, Anz\u00fcge und M\u00e4ntel verschlingt. In die Schubladen passen W\u00e4sche, Socken und Schlipse.<\/p>\n<p>Eine T\u00fcr verbirgt ein oberes Regal und eine Schiene f\u00fcr Kleiderb\u00fcgel mit einer L\u00e4nge von 41 cm in einer H\u00f6he von 120 cm. Hinter der zweiten T\u00fcr befinden sich 3 verstellbare Einlegeb\u00f6den und darunter 2 gro\u00dfe Schubladen.<\/p>\n<p>Schmal schrank auf Beinen aus Birkensperrholz, ge\u00f6lt. Soft-Close H\u00e4fele T\u00fcrscharniere und verdeckte Schubkastenschienen. T\u00fcren Koskisen wei\u00df HPL auf Schichtholz, innen H\u00e4fele Metallst\u00e4be halten lange T\u00fcren gerade. Sie k\u00f6nnen zwischen zwei Griffdesigns w\u00e4hlen.<\/p>\n<p>Kollektion HUH wurde f\u00fcr den estnischen Designpreis Bruno 2014 nominiert.<\/p>\n<p><strong>Kostenlose Lieferung innerhalb einer Woche in ganz Europa!<\/strong><\/p>\n","protected":false},"excerpt":{"rendered":"<p>Der f\u00fcr den Bruno Design Award nominierte HUH 2-t\u00fcrige Kleiderschrank ist eine schlanke, nordisch inspirierte Aufbewahrungsl\u00f6sung aus nachhaltigem Birken-Sperrholz mit einem funktionalen Innenraum, bestehend aus einer Kleiderstange, drei verstellbaren Einlegeb\u00f6den und zwei ger\u00e4umigen Schubladen mit Soft-Close-Funktion. Dieser Schrank bringt Ordnung in Ihre Garderobe, indem er Kleider, Anz\u00fcge und M\u00e4ntel verschlingt. In die Schubladen passen W\u00e4sche,&#8230;<\/p>\n","protected":false},"featured_media":15141,"comment_status":"open","ping_status":"closed","template":"","meta":{"_acf_changed":false},"product_brand":[],"product_cat":[110],"product_tag":[],"class_list":{"0":"post-2908","1":"product","2":"type-product","3":"status-publish","4":"has-post-thumbnail","6":"product_cat-riidekapid","8":"first","9":"instock","10":"sale","11":"taxable","12":"shipping-taxable","13":"purchasable","14":"product-type-variable","15":"has-default-attributes"},"acf":[],"yoast_head":"<!-- This site is optimized with the Yoast SEO plugin v27.4 - https:\/\/yoast.com\/product\/yoast-seo-wordpress\/ -->\n<title>Schmal kleiderschrank HUH 2 T\u00fcren - Radis<\/title>\n<meta name=\"robots\" content=\"index, follow, max-snippet:-1, max-image-preview:large, max-video-preview:-1\" \/>\n<link rel=\"canonical\" href=\"https:\/\/radis.ee\/de\/kleiderschrank-huh-2-turen\/\" \/>\n<meta property=\"og:locale\" content=\"de_DE\" \/>\n<meta property=\"og:type\" content=\"article\" \/>\n<meta property=\"og:title\" content=\"Schmal kleiderschrank HUH 2 T\u00fcren - Radis\" \/>\n<meta property=\"og:description\" content=\"Der f\u00fcr den Bruno Design Award nominierte HUH 2-t\u00fcrige Kleiderschrank ist eine schlanke, nordisch inspirierte Aufbewahrungsl\u00f6sung aus nachhaltigem Birken-Sperrholz mit einem funktionalen Innenraum, bestehend aus einer Kleiderstange, drei verstellbaren Einlegeb\u00f6den und zwei ger\u00e4umigen Schubladen mit Soft-Close-Funktion. Dieser Schrank bringt Ordnung in Ihre Garderobe, indem er Kleider, Anz\u00fcge und M\u00e4ntel verschlingt. In die Schubladen passen W\u00e4sche,...\" \/>\n<meta property=\"og:url\" content=\"https:\/\/radis.ee\/de\/kleiderschrank-huh-2-turen\/\" \/>\n<meta property=\"og:site_name\" content=\"Radis\" \/>\n<meta property=\"article:publisher\" content=\"https:\/\/www.facebook.com\/radisfurniture\/\" \/>\n<meta property=\"article:modified_time\" content=\"2026-02-09T21:37:34+00:00\" \/>\n<meta property=\"og:image\" content=\"https:\/\/radis.ee\/wp-content\/uploads\/2020\/10\/RADIS_wardrobe_HUH_2_doors_-Light_Oak_doors_White_CPL_plywood_white_background_2-1.jpg\" \/>\n\t<meta property=\"og:image:width\" content=\"1640\" \/>\n\t<meta property=\"og:image:height\" content=\"2108\" \/>\n\t<meta property=\"og:image:type\" content=\"image\/jpeg\" \/>\n<meta name=\"twitter:card\" content=\"summary_large_image\" \/>\n<meta name=\"twitter:label1\" content=\"Gesch\u00e4tzte Lesezeit\" \/>\n\t<meta name=\"twitter:data1\" content=\"1\u00a0Minute\" \/>\n<script type=\"application\/ld+json\" class=\"yoast-schema-graph\">{\"@context\":\"https:\\\/\\\/schema.org\",\"@graph\":[{\"@type\":\"WebPage\",\"@id\":\"https:\\\/\\\/radis.ee\\\/de\\\/kleiderschrank-huh-2-turen\\\/\",\"url\":\"https:\\\/\\\/radis.ee\\\/de\\\/kleiderschrank-huh-2-turen\\\/\",\"name\":\"Schmal kleiderschrank HUH 2 T\u00fcren - Radis\",\"isPartOf\":{\"@id\":\"https:\\\/\\\/radis.ee\\\/#website\"},\"primaryImageOfPage\":{\"@id\":\"https:\\\/\\\/radis.ee\\\/de\\\/kleiderschrank-huh-2-turen\\\/#primaryimage\"},\"image\":{\"@id\":\"https:\\\/\\\/radis.ee\\\/de\\\/kleiderschrank-huh-2-turen\\\/#primaryimage\"},\"thumbnailUrl\":\"https:\\\/\\\/radis.ee\\\/wp-content\\\/uploads\\\/2020\\\/10\\\/RADIS_wardrobe_HUH_2_doors_-Light_Oak_doors_White_CPL_plywood_white_background_2-1.jpg\",\"datePublished\":\"2020-10-15T16:54:31+00:00\",\"dateModified\":\"2026-02-09T21:37:34+00:00\",\"breadcrumb\":{\"@id\":\"https:\\\/\\\/radis.ee\\\/de\\\/kleiderschrank-huh-2-turen\\\/#breadcrumb\"},\"inLanguage\":\"de\",\"potentialAction\":[{\"@type\":\"ReadAction\",\"target\":[\"https:\\\/\\\/radis.ee\\\/de\\\/kleiderschrank-huh-2-turen\\\/\"]}]},{\"@type\":\"ImageObject\",\"inLanguage\":\"de\",\"@id\":\"https:\\\/\\\/radis.ee\\\/de\\\/kleiderschrank-huh-2-turen\\\/#primaryimage\",\"url\":\"https:\\\/\\\/radis.ee\\\/wp-content\\\/uploads\\\/2020\\\/10\\\/RADIS_wardrobe_HUH_2_doors_-Light_Oak_doors_White_CPL_plywood_white_background_2-1.jpg\",\"contentUrl\":\"https:\\\/\\\/radis.ee\\\/wp-content\\\/uploads\\\/2020\\\/10\\\/RADIS_wardrobe_HUH_2_doors_-Light_Oak_doors_White_CPL_plywood_white_background_2-1.jpg\",\"width\":1640,\"height\":2108,\"caption\":\"RADIS wardrobe HUH 2 doors Light Oak\"},{\"@type\":\"BreadcrumbList\",\"@id\":\"https:\\\/\\\/radis.ee\\\/de\\\/kleiderschrank-huh-2-turen\\\/#breadcrumb\",\"itemListElement\":[{\"@type\":\"ListItem\",\"position\":1,\"name\":\"Home\",\"item\":\"https:\\\/\\\/radis.ee\\\/\"},{\"@type\":\"ListItem\",\"position\":2,\"name\":\"Produkte\",\"item\":\"https:\\\/\\\/radis.ee\\\/de\\\/produkte\\\/\"},{\"@type\":\"ListItem\",\"position\":3,\"name\":\"Schmal kleiderschrank HUH 2 T\u00fcren\"}]},{\"@type\":\"WebSite\",\"@id\":\"https:\\\/\\\/radis.ee\\\/#website\",\"url\":\"https:\\\/\\\/radis.ee\\\/\",\"name\":\"Radis\",\"description\":\"Nordic design furniture, environmentally friendly and sustainable.\",\"publisher\":{\"@id\":\"https:\\\/\\\/radis.ee\\\/#organization\"},\"potentialAction\":[{\"@type\":\"SearchAction\",\"target\":{\"@type\":\"EntryPoint\",\"urlTemplate\":\"https:\\\/\\\/radis.ee\\\/?s={search_term_string}\"},\"query-input\":{\"@type\":\"PropertyValueSpecification\",\"valueRequired\":true,\"valueName\":\"search_term_string\"}}],\"inLanguage\":\"de\"},{\"@type\":\"Organization\",\"@id\":\"https:\\\/\\\/radis.ee\\\/#organization\",\"name\":\"Radis O\u00dc\",\"url\":\"https:\\\/\\\/radis.ee\\\/\",\"logo\":{\"@type\":\"ImageObject\",\"inLanguage\":\"de\",\"@id\":\"https:\\\/\\\/radis.ee\\\/#\\\/schema\\\/logo\\\/image\\\/\",\"url\":\"https:\\\/\\\/radis.ee\\\/wp-content\\\/uploads\\\/2020\\\/10\\\/Radis-logo.png\",\"contentUrl\":\"https:\\\/\\\/radis.ee\\\/wp-content\\\/uploads\\\/2020\\\/10\\\/Radis-logo.png\",\"width\":300,\"height\":63,\"caption\":\"Radis O\u00dc\"},\"image\":{\"@id\":\"https:\\\/\\\/radis.ee\\\/#\\\/schema\\\/logo\\\/image\\\/\"},\"sameAs\":[\"https:\\\/\\\/www.facebook.com\\\/radisfurniture\\\/\"]}]}<\/script>\n<!-- \/ Yoast SEO plugin. -->","yoast_head_json":{"title":"Schmal kleiderschrank HUH 2 T\u00fcren - Radis","robots":{"index":"index","follow":"follow","max-snippet":"max-snippet:-1","max-image-preview":"max-image-preview:large","max-video-preview":"max-video-preview:-1"},"canonical":"https:\/\/radis.ee\/de\/kleiderschrank-huh-2-turen\/","og_locale":"de_DE","og_type":"article","og_title":"Schmal kleiderschrank HUH 2 T\u00fcren - Radis","og_description":"Der f\u00fcr den Bruno Design Award nominierte HUH 2-t\u00fcrige Kleiderschrank ist eine schlanke, nordisch inspirierte Aufbewahrungsl\u00f6sung aus nachhaltigem Birken-Sperrholz mit einem funktionalen Innenraum, bestehend aus einer Kleiderstange, drei verstellbaren Einlegeb\u00f6den und zwei ger\u00e4umigen Schubladen mit Soft-Close-Funktion. Dieser Schrank bringt Ordnung in Ihre Garderobe, indem er Kleider, Anz\u00fcge und M\u00e4ntel verschlingt. In die Schubladen passen W\u00e4sche,...","og_url":"https:\/\/radis.ee\/de\/kleiderschrank-huh-2-turen\/","og_site_name":"Radis","article_publisher":"https:\/\/www.facebook.com\/radisfurniture\/","article_modified_time":"2026-02-09T21:37:34+00:00","og_image":[{"width":1640,"height":2108,"url":"https:\/\/radis.ee\/wp-content\/uploads\/2020\/10\/RADIS_wardrobe_HUH_2_doors_-Light_Oak_doors_White_CPL_plywood_white_background_2-1.jpg","type":"image\/jpeg"}],"twitter_card":"summary_large_image","twitter_misc":{"Gesch\u00e4tzte Lesezeit":"1\u00a0Minute"},"schema":{"@context":"https:\/\/schema.org","@graph":[{"@type":"WebPage","@id":"https:\/\/radis.ee\/de\/kleiderschrank-huh-2-turen\/","url":"https:\/\/radis.ee\/de\/kleiderschrank-huh-2-turen\/","name":"Schmal kleiderschrank HUH 2 T\u00fcren - Radis","isPartOf":{"@id":"https:\/\/radis.ee\/#website"},"primaryImageOfPage":{"@id":"https:\/\/radis.ee\/de\/kleiderschrank-huh-2-turen\/#primaryimage"},"image":{"@id":"https:\/\/radis.ee\/de\/kleiderschrank-huh-2-turen\/#primaryimage"},"thumbnailUrl":"https:\/\/radis.ee\/wp-content\/uploads\/2020\/10\/RADIS_wardrobe_HUH_2_doors_-Light_Oak_doors_White_CPL_plywood_white_background_2-1.jpg","datePublished":"2020-10-15T16:54:31+00:00","dateModified":"2026-02-09T21:37:34+00:00","breadcrumb":{"@id":"https:\/\/radis.ee\/de\/kleiderschrank-huh-2-turen\/#breadcrumb"},"inLanguage":"de","potentialAction":[{"@type":"ReadAction","target":["https:\/\/radis.ee\/de\/kleiderschrank-huh-2-turen\/"]}]},{"@type":"ImageObject","inLanguage":"de","@id":"https:\/\/radis.ee\/de\/kleiderschrank-huh-2-turen\/#primaryimage","url":"https:\/\/radis.ee\/wp-content\/uploads\/2020\/10\/RADIS_wardrobe_HUH_2_doors_-Light_Oak_doors_White_CPL_plywood_white_background_2-1.jpg","contentUrl":"https:\/\/radis.ee\/wp-content\/uploads\/2020\/10\/RADIS_wardrobe_HUH_2_doors_-Light_Oak_doors_White_CPL_plywood_white_background_2-1.jpg","width":1640,"height":2108,"caption":"RADIS wardrobe HUH 2 doors Light Oak"},{"@type":"BreadcrumbList","@id":"https:\/\/radis.ee\/de\/kleiderschrank-huh-2-turen\/#breadcrumb","itemListElement":[{"@type":"ListItem","position":1,"name":"Home","item":"https:\/\/radis.ee\/"},{"@type":"ListItem","position":2,"name":"Produkte","item":"https:\/\/radis.ee\/de\/produkte\/"},{"@type":"ListItem","position":3,"name":"Schmal kleiderschrank HUH 2 T\u00fcren"}]},{"@type":"WebSite","@id":"https:\/\/radis.ee\/#website","url":"https:\/\/radis.ee\/","name":"Radis","description":"Nordic design furniture, environmentally friendly and sustainable.","publisher":{"@id":"https:\/\/radis.ee\/#organization"},"potentialAction":[{"@type":"SearchAction","target":{"@type":"EntryPoint","urlTemplate":"https:\/\/radis.ee\/?s={search_term_string}"},"query-input":{"@type":"PropertyValueSpecification","valueRequired":true,"valueName":"search_term_string"}}],"inLanguage":"de"},{"@type":"Organization","@id":"https:\/\/radis.ee\/#organization","name":"Radis O\u00dc","url":"https:\/\/radis.ee\/","logo":{"@type":"ImageObject","inLanguage":"de","@id":"https:\/\/radis.ee\/#\/schema\/logo\/image\/","url":"https:\/\/radis.ee\/wp-content\/uploads\/2020\/10\/Radis-logo.png","contentUrl":"https:\/\/radis.ee\/wp-content\/uploads\/2020\/10\/Radis-logo.png","width":300,"height":63,"caption":"Radis O\u00dc"},"image":{"@id":"https:\/\/radis.ee\/#\/schema\/logo\/image\/"},"sameAs":["https:\/\/www.facebook.com\/radisfurniture\/"]}]}},"_links":{"self":[{"href":"https:\/\/radis.ee\/de\/wp-json\/wp\/v2\/product\/2908","targetHints":{"allow":["GET"]}}],"collection":[{"href":"https:\/\/radis.ee\/de\/wp-json\/wp\/v2\/product"}],"about":[{"href":"https:\/\/radis.ee\/de\/wp-json\/wp\/v2\/types\/product"}],"replies":[{"embeddable":true,"href":"https:\/\/radis.ee\/de\/wp-json\/wp\/v2\/comments?post=2908"}],"wp:featuredmedia":[{"embeddable":true,"href":"https:\/\/radis.ee\/de\/wp-json\/wp\/v2\/media\/15141"}],"wp:attachment":[{"href":"https:\/\/radis.ee\/de\/wp-json\/wp\/v2\/media?parent=2908"}],"wp:term":[{"taxonomy":"product_brand","embeddable":true,"href":"https:\/\/radis.ee\/de\/wp-json\/wp\/v2\/product_brand?post=2908"},{"taxonomy":"product_cat","embeddable":true,"href":"https:\/\/radis.ee\/de\/wp-json\/wp\/v2\/product_cat?post=2908"},{"taxonomy":"product_tag","embeddable":true,"href":"https:\/\/radis.ee\/de\/wp-json\/wp\/v2\/product_tag?post=2908"}],"curies":[{"name":"wp","href":"https:\/\/api.w.org\/{rel}","templated":true}]}}