{"id":29252,"date":"2019-12-19T14:08:41","date_gmt":"2019-12-19T12:08:41","guid":{"rendered":"https:\/\/radis.ee\/?post_type=product&#038;p=29252"},"modified":"2025-06-19T14:18:56","modified_gmt":"2025-06-19T11:18:56","slug":"kleiderschrank-noble-4-turen-copy","status":"publish","type":"product","link":"https:\/\/radis.ee\/de\/kleiderschrank-noble-4-turen-copy\/","title":{"rendered":"Kleiderschrank NOBLE 4 T\u00fcren, Schubladen sichtbar"},"content":{"rendered":"<p>Die Garderobe der Serie NOBLE will hoch hinaus! Seine H\u00f6he macht diesen eleganten Kleiderschrank zu einem unersetzlichen Aufbewahrungsort f\u00fcr Ihre Schuhe, Kleidung und saisonalen Dinge. Gleichzeitig hat NOBLE Garderobe viele verschiedene F\u00e4cher, die Ordnung halten und Ordnung schaffen.<\/p>\n<p>Es besteht aus hochwertigem Eichenfurnier-Sperrholz, \u00f6lgewachstem oder Koskisen White HPL-Sperrholz. Verdeckte Schubladenschienen mit Soft-Close-Funktion, Blum-T\u00fcrscharniere mit Soft-Close-Funktion. H\u00e4fele-Metallst\u00e4be an den T\u00fcren f\u00fcr Stabilit\u00e4t. Verstellbare Beine an der Unterseite, um den Kleiderschrank gerade zu halten. Auf Wunsch sind die Schubladen sofort sichtbar \u2013 dann k\u00f6nnen sie ge\u00f6ffnet werden, ohne die gro\u00dfen Kleiderschrankt\u00fcren zu \u00f6ffnen.<\/p>\n<p>Auf beiden Seiten des Kleiderschranks befindet sich eine 78 cm breite Kleiderstange und dar\u00fcber gleich breite Zwischenb\u00f6den. Die Kleiderstange befindet sich 120 cm \u00fcber den Schubladen des Kleiderschranks. Auf Wunsch kann die Stange auch h\u00f6her angebracht werden, so dass der oberste Boden frei bleibt &#8211; dann betr\u00e4gt die H\u00f6he der Stange \u00fcber den Schubladen 145 cm (ein Boden bleibt frei) oder 170 cm (zwei B\u00f6den bleiben frei). Unten vier ger\u00e4umige Schubladen, Innenma\u00df 68x48cm, H\u00f6he 12cm.<\/p>\n<p>Die NOBLE-Garderobe ist gekommen, um zu bleiben und Ihnen jahrzehntelang zu dienen.<\/p>\n","protected":false},"excerpt":{"rendered":"<p>Die Garderobe der Serie NOBLE will hoch hinaus! Seine H\u00f6he macht diesen eleganten Kleiderschrank zu einem unersetzlichen Aufbewahrungsort f\u00fcr Ihre Schuhe, Kleidung und saisonalen Dinge. Gleichzeitig hat NOBLE Garderobe viele verschiedene F\u00e4cher, die Ordnung halten und Ordnung schaffen. Es besteht aus hochwertigem Eichenfurnier-Sperrholz, \u00f6lgewachstem oder Koskisen White HPL-Sperrholz. Verdeckte Schubladenschienen mit Soft-Close-Funktion, Blum-T\u00fcrscharniere mit Soft-Close-Funktion&#8230;.<\/p>\n","protected":false},"featured_media":29292,"comment_status":"open","ping_status":"closed","template":"","meta":{"_acf_changed":false},"product_brand":[],"product_cat":[110],"product_tag":[],"class_list":{"0":"post-29252","1":"product","2":"type-product","3":"status-publish","4":"has-post-thumbnail","6":"product_cat-riidekapid","8":"first","9":"instock","10":"taxable","11":"shipping-taxable","12":"purchasable","13":"product-type-variable","14":"has-default-attributes"},"acf":[],"yoast_head":"<!-- This site is optimized with the Yoast SEO plugin v27.3 - https:\/\/yoast.com\/product\/yoast-seo-wordpress\/ -->\n<title>Kleiderschrank NOBLE 4 T\u00fcren, Schubladen sichtbar - Radis<\/title>\n<meta name=\"robots\" content=\"index, follow, max-snippet:-1, max-image-preview:large, max-video-preview:-1\" \/>\n<link rel=\"canonical\" href=\"https:\/\/radis.ee\/riidekapp-noble-4-uksega-sahtlid-nahtaval\/\" \/>\n<meta property=\"og:locale\" content=\"de_DE\" \/>\n<meta property=\"og:type\" content=\"article\" \/>\n<meta property=\"og:title\" content=\"Kleiderschrank NOBLE 4 T\u00fcren, Schubladen sichtbar - Radis\" \/>\n<meta property=\"og:description\" content=\"Die Garderobe der Serie NOBLE will hoch hinaus! Seine H\u00f6he macht diesen eleganten Kleiderschrank zu einem unersetzlichen Aufbewahrungsort f\u00fcr Ihre Schuhe, Kleidung und saisonalen Dinge. Gleichzeitig hat NOBLE Garderobe viele verschiedene F\u00e4cher, die Ordnung halten und Ordnung schaffen. Es besteht aus hochwertigem Eichenfurnier-Sperrholz, \u00f6lgewachstem oder Koskisen White HPL-Sperrholz. Verdeckte Schubladenschienen mit Soft-Close-Funktion, Blum-T\u00fcrscharniere mit Soft-Close-Funktion....\" \/>\n<meta property=\"og:url\" content=\"https:\/\/radis.ee\/riidekapp-noble-4-uksega-sahtlid-nahtaval\/\" \/>\n<meta property=\"og:site_name\" content=\"Radis\" \/>\n<meta property=\"article:publisher\" content=\"https:\/\/www.facebook.com\/radisfurniture\/\" \/>\n<meta property=\"article:modified_time\" content=\"2025-06-19T11:18:56+00:00\" \/>\n<meta property=\"og:image\" content=\"https:\/\/radis.ee\/wp-content\/uploads\/2025\/06\/Radis_wardrobe-Noble_4_doors_Oak_veneered_white-background.jpg\" \/>\n\t<meta property=\"og:image:width\" content=\"915\" \/>\n\t<meta property=\"og:image:height\" content=\"768\" \/>\n\t<meta property=\"og:image:type\" content=\"image\/jpeg\" \/>\n<meta name=\"twitter:card\" content=\"summary_large_image\" \/>\n<meta name=\"twitter:label1\" content=\"Gesch\u00e4tzte Lesezeit\" \/>\n\t<meta name=\"twitter:data1\" content=\"1\u00a0Minute\" \/>\n<script type=\"application\/ld+json\" class=\"yoast-schema-graph\">{\"@context\":\"https:\\\/\\\/schema.org\",\"@graph\":[{\"@type\":\"WebPage\",\"@id\":\"https:\\\/\\\/radis.ee\\\/riidekapp-noble-4-uksega-sahtlid-nahtaval\\\/\",\"url\":\"https:\\\/\\\/radis.ee\\\/riidekapp-noble-4-uksega-sahtlid-nahtaval\\\/\",\"name\":\"Kleiderschrank NOBLE 4 T\u00fcren, Schubladen sichtbar - Radis\",\"isPartOf\":{\"@id\":\"https:\\\/\\\/radis.ee\\\/#website\"},\"primaryImageOfPage\":{\"@id\":\"https:\\\/\\\/radis.ee\\\/riidekapp-noble-4-uksega-sahtlid-nahtaval\\\/#primaryimage\"},\"image\":{\"@id\":\"https:\\\/\\\/radis.ee\\\/riidekapp-noble-4-uksega-sahtlid-nahtaval\\\/#primaryimage\"},\"thumbnailUrl\":\"https:\\\/\\\/radis.ee\\\/wp-content\\\/uploads\\\/2025\\\/06\\\/Radis_wardrobe-Noble_4_doors_Oak_veneered_white-background.jpg\",\"datePublished\":\"2019-12-19T12:08:41+00:00\",\"dateModified\":\"2025-06-19T11:18:56+00:00\",\"breadcrumb\":{\"@id\":\"https:\\\/\\\/radis.ee\\\/riidekapp-noble-4-uksega-sahtlid-nahtaval\\\/#breadcrumb\"},\"inLanguage\":\"de\",\"potentialAction\":[{\"@type\":\"ReadAction\",\"target\":[\"https:\\\/\\\/radis.ee\\\/riidekapp-noble-4-uksega-sahtlid-nahtaval\\\/\"]}]},{\"@type\":\"ImageObject\",\"inLanguage\":\"de\",\"@id\":\"https:\\\/\\\/radis.ee\\\/riidekapp-noble-4-uksega-sahtlid-nahtaval\\\/#primaryimage\",\"url\":\"https:\\\/\\\/radis.ee\\\/wp-content\\\/uploads\\\/2025\\\/06\\\/Radis_wardrobe-Noble_4_doors_Oak_veneered_white-background.jpg\",\"contentUrl\":\"https:\\\/\\\/radis.ee\\\/wp-content\\\/uploads\\\/2025\\\/06\\\/Radis_wardrobe-Noble_4_doors_Oak_veneered_white-background.jpg\",\"width\":915,\"height\":768,\"caption\":\"Radis_wardrobe_NOBLE_4_doors_drawers_visible_Oak_veneered_plywood\"},{\"@type\":\"BreadcrumbList\",\"@id\":\"https:\\\/\\\/radis.ee\\\/riidekapp-noble-4-uksega-sahtlid-nahtaval\\\/#breadcrumb\",\"itemListElement\":[{\"@type\":\"ListItem\",\"position\":1,\"name\":\"Home\",\"item\":\"https:\\\/\\\/radis.ee\\\/\"},{\"@type\":\"ListItem\",\"position\":2,\"name\":\"Produkte\",\"item\":\"https:\\\/\\\/radis.ee\\\/de\\\/produkte\\\/\"},{\"@type\":\"ListItem\",\"position\":3,\"name\":\"Kleiderschrank NOBLE 4 T\u00fcren, Schubladen sichtbar\"}]},{\"@type\":\"WebSite\",\"@id\":\"https:\\\/\\\/radis.ee\\\/#website\",\"url\":\"https:\\\/\\\/radis.ee\\\/\",\"name\":\"Radis\",\"description\":\"Nordic design furniture, environmentally friendly and sustainable.\",\"publisher\":{\"@id\":\"https:\\\/\\\/radis.ee\\\/#organization\"},\"potentialAction\":[{\"@type\":\"SearchAction\",\"target\":{\"@type\":\"EntryPoint\",\"urlTemplate\":\"https:\\\/\\\/radis.ee\\\/?s={search_term_string}\"},\"query-input\":{\"@type\":\"PropertyValueSpecification\",\"valueRequired\":true,\"valueName\":\"search_term_string\"}}],\"inLanguage\":\"de\"},{\"@type\":\"Organization\",\"@id\":\"https:\\\/\\\/radis.ee\\\/#organization\",\"name\":\"Radis O\u00dc\",\"url\":\"https:\\\/\\\/radis.ee\\\/\",\"logo\":{\"@type\":\"ImageObject\",\"inLanguage\":\"de\",\"@id\":\"https:\\\/\\\/radis.ee\\\/#\\\/schema\\\/logo\\\/image\\\/\",\"url\":\"https:\\\/\\\/radis.ee\\\/wp-content\\\/uploads\\\/2020\\\/10\\\/Radis-logo.png\",\"contentUrl\":\"https:\\\/\\\/radis.ee\\\/wp-content\\\/uploads\\\/2020\\\/10\\\/Radis-logo.png\",\"width\":300,\"height\":63,\"caption\":\"Radis O\u00dc\"},\"image\":{\"@id\":\"https:\\\/\\\/radis.ee\\\/#\\\/schema\\\/logo\\\/image\\\/\"},\"sameAs\":[\"https:\\\/\\\/www.facebook.com\\\/radisfurniture\\\/\"]}]}<\/script>\n<!-- \/ Yoast SEO plugin. -->","yoast_head_json":{"title":"Kleiderschrank NOBLE 4 T\u00fcren, Schubladen sichtbar - Radis","robots":{"index":"index","follow":"follow","max-snippet":"max-snippet:-1","max-image-preview":"max-image-preview:large","max-video-preview":"max-video-preview:-1"},"canonical":"https:\/\/radis.ee\/riidekapp-noble-4-uksega-sahtlid-nahtaval\/","og_locale":"de_DE","og_type":"article","og_title":"Kleiderschrank NOBLE 4 T\u00fcren, Schubladen sichtbar - Radis","og_description":"Die Garderobe der Serie NOBLE will hoch hinaus! Seine H\u00f6he macht diesen eleganten Kleiderschrank zu einem unersetzlichen Aufbewahrungsort f\u00fcr Ihre Schuhe, Kleidung und saisonalen Dinge. Gleichzeitig hat NOBLE Garderobe viele verschiedene F\u00e4cher, die Ordnung halten und Ordnung schaffen. Es besteht aus hochwertigem Eichenfurnier-Sperrholz, \u00f6lgewachstem oder Koskisen White HPL-Sperrholz. Verdeckte Schubladenschienen mit Soft-Close-Funktion, Blum-T\u00fcrscharniere mit Soft-Close-Funktion....","og_url":"https:\/\/radis.ee\/riidekapp-noble-4-uksega-sahtlid-nahtaval\/","og_site_name":"Radis","article_publisher":"https:\/\/www.facebook.com\/radisfurniture\/","article_modified_time":"2025-06-19T11:18:56+00:00","og_image":[{"width":915,"height":768,"url":"https:\/\/radis.ee\/wp-content\/uploads\/2025\/06\/Radis_wardrobe-Noble_4_doors_Oak_veneered_white-background.jpg","type":"image\/jpeg"}],"twitter_card":"summary_large_image","twitter_misc":{"Gesch\u00e4tzte Lesezeit":"1\u00a0Minute"},"schema":{"@context":"https:\/\/schema.org","@graph":[{"@type":"WebPage","@id":"https:\/\/radis.ee\/riidekapp-noble-4-uksega-sahtlid-nahtaval\/","url":"https:\/\/radis.ee\/riidekapp-noble-4-uksega-sahtlid-nahtaval\/","name":"Kleiderschrank NOBLE 4 T\u00fcren, Schubladen sichtbar - Radis","isPartOf":{"@id":"https:\/\/radis.ee\/#website"},"primaryImageOfPage":{"@id":"https:\/\/radis.ee\/riidekapp-noble-4-uksega-sahtlid-nahtaval\/#primaryimage"},"image":{"@id":"https:\/\/radis.ee\/riidekapp-noble-4-uksega-sahtlid-nahtaval\/#primaryimage"},"thumbnailUrl":"https:\/\/radis.ee\/wp-content\/uploads\/2025\/06\/Radis_wardrobe-Noble_4_doors_Oak_veneered_white-background.jpg","datePublished":"2019-12-19T12:08:41+00:00","dateModified":"2025-06-19T11:18:56+00:00","breadcrumb":{"@id":"https:\/\/radis.ee\/riidekapp-noble-4-uksega-sahtlid-nahtaval\/#breadcrumb"},"inLanguage":"de","potentialAction":[{"@type":"ReadAction","target":["https:\/\/radis.ee\/riidekapp-noble-4-uksega-sahtlid-nahtaval\/"]}]},{"@type":"ImageObject","inLanguage":"de","@id":"https:\/\/radis.ee\/riidekapp-noble-4-uksega-sahtlid-nahtaval\/#primaryimage","url":"https:\/\/radis.ee\/wp-content\/uploads\/2025\/06\/Radis_wardrobe-Noble_4_doors_Oak_veneered_white-background.jpg","contentUrl":"https:\/\/radis.ee\/wp-content\/uploads\/2025\/06\/Radis_wardrobe-Noble_4_doors_Oak_veneered_white-background.jpg","width":915,"height":768,"caption":"Radis_wardrobe_NOBLE_4_doors_drawers_visible_Oak_veneered_plywood"},{"@type":"BreadcrumbList","@id":"https:\/\/radis.ee\/riidekapp-noble-4-uksega-sahtlid-nahtaval\/#breadcrumb","itemListElement":[{"@type":"ListItem","position":1,"name":"Home","item":"https:\/\/radis.ee\/"},{"@type":"ListItem","position":2,"name":"Produkte","item":"https:\/\/radis.ee\/de\/produkte\/"},{"@type":"ListItem","position":3,"name":"Kleiderschrank NOBLE 4 T\u00fcren, Schubladen sichtbar"}]},{"@type":"WebSite","@id":"https:\/\/radis.ee\/#website","url":"https:\/\/radis.ee\/","name":"Radis","description":"Nordic design furniture, environmentally friendly and sustainable.","publisher":{"@id":"https:\/\/radis.ee\/#organization"},"potentialAction":[{"@type":"SearchAction","target":{"@type":"EntryPoint","urlTemplate":"https:\/\/radis.ee\/?s={search_term_string}"},"query-input":{"@type":"PropertyValueSpecification","valueRequired":true,"valueName":"search_term_string"}}],"inLanguage":"de"},{"@type":"Organization","@id":"https:\/\/radis.ee\/#organization","name":"Radis O\u00dc","url":"https:\/\/radis.ee\/","logo":{"@type":"ImageObject","inLanguage":"de","@id":"https:\/\/radis.ee\/#\/schema\/logo\/image\/","url":"https:\/\/radis.ee\/wp-content\/uploads\/2020\/10\/Radis-logo.png","contentUrl":"https:\/\/radis.ee\/wp-content\/uploads\/2020\/10\/Radis-logo.png","width":300,"height":63,"caption":"Radis O\u00dc"},"image":{"@id":"https:\/\/radis.ee\/#\/schema\/logo\/image\/"},"sameAs":["https:\/\/www.facebook.com\/radisfurniture\/"]}]}},"_links":{"self":[{"href":"https:\/\/radis.ee\/de\/wp-json\/wp\/v2\/product\/29252","targetHints":{"allow":["GET"]}}],"collection":[{"href":"https:\/\/radis.ee\/de\/wp-json\/wp\/v2\/product"}],"about":[{"href":"https:\/\/radis.ee\/de\/wp-json\/wp\/v2\/types\/product"}],"replies":[{"embeddable":true,"href":"https:\/\/radis.ee\/de\/wp-json\/wp\/v2\/comments?post=29252"}],"wp:featuredmedia":[{"embeddable":true,"href":"https:\/\/radis.ee\/de\/wp-json\/wp\/v2\/media\/29292"}],"wp:attachment":[{"href":"https:\/\/radis.ee\/de\/wp-json\/wp\/v2\/media?parent=29252"}],"wp:term":[{"taxonomy":"product_brand","embeddable":true,"href":"https:\/\/radis.ee\/de\/wp-json\/wp\/v2\/product_brand?post=29252"},{"taxonomy":"product_cat","embeddable":true,"href":"https:\/\/radis.ee\/de\/wp-json\/wp\/v2\/product_cat?post=29252"},{"taxonomy":"product_tag","embeddable":true,"href":"https:\/\/radis.ee\/de\/wp-json\/wp\/v2\/product_tag?post=29252"}],"curies":[{"name":"wp","href":"https:\/\/api.w.org\/{rel}","templated":true}]}}