{"id":2928,"date":"2022-02-28T22:24:17","date_gmt":"2022-02-28T20:24:17","guid":{"rendered":"https:\/\/radis.ee\/unkategorisiert\/tv-schrank-noble-mit-schiebeturen\/"},"modified":"2025-01-24T19:03:39","modified_gmt":"2025-01-24T17:03:39","slug":"tv-schrank-noble-mit-schiebeturen","status":"publish","type":"product","link":"https:\/\/radis.ee\/de\/tv-schrank-noble-mit-schiebeturen\/","title":{"rendered":"TV-Schrank NOBLE mit Schiebet\u00fcren"},"content":{"rendered":"<p>Der TV-Tisch aus der Noble-Serie l\u00e4sst Sie die super coolen Siebzigerjahre wirklich vermissen. Die leichte Konstruktion mit schlanken Beinen und Schiebet\u00fcren macht es schwierig, sich auf den Fernseher zu konzentrieren, der darauf steht!<\/p>\n<p>Der Tisch ist aus hochwertigem und langlebigem Eichenfurnier oder Birkensperrholz, \u00f6lgewachst. Die Schiebet\u00fcren laufen auf H\u00e4fele-Laufrollen. Schwarze, pulverbeschichtete, verstellbare Metallbeine mit einer H\u00f6he von 17 cm. Oder auf Wunsch als wandh\u00e4ngende Variante \u2013 durch eine starke R\u00fcckwand k\u00f6nnen Sie sie mit Schrauben an der Wand befestigen.<\/p>\n<p>Alle drei Abschnitte haben h\u00f6henverstellbare Regale, 36 cm tief und 47 cm breit (2 m Option 64 cm breit). Innenh\u00f6he 32 cm.<\/p>\n<p>Der TV-St\u00e4nder NOBLE wurde f\u00fcr den Estnischen Designpreis Bruno 2022 nominiert.<\/p>\n","protected":false},"excerpt":{"rendered":"<p>Der TV-Tisch aus der Noble-Serie l\u00e4sst Sie die super coolen Siebzigerjahre wirklich vermissen. Die leichte Konstruktion mit schlanken Beinen und Schiebet\u00fcren macht es schwierig, sich auf den Fernseher zu konzentrieren, der darauf steht! Der Tisch ist aus hochwertigem und langlebigem Eichenfurnier oder Birkensperrholz, \u00f6lgewachst. Die Schiebet\u00fcren laufen auf H\u00e4fele-Laufrollen. Schwarze, pulverbeschichtete, verstellbare Metallbeine mit einer&#8230;<\/p>\n","protected":false},"featured_media":15624,"comment_status":"open","ping_status":"closed","template":"","meta":{"_acf_changed":false},"product_brand":[],"product_cat":[112],"product_tag":[],"class_list":{"0":"post-2928","1":"product","2":"type-product","3":"status-publish","4":"has-post-thumbnail","6":"product_cat-tv-alused","8":"first","9":"instock","10":"sale","11":"taxable","12":"shipping-taxable","13":"purchasable","14":"product-type-variable","15":"has-default-attributes"},"acf":[],"yoast_head":"<!-- This site is optimized with the Yoast SEO plugin v27.4 - https:\/\/yoast.com\/product\/yoast-seo-wordpress\/ -->\n<title>TV-Schrank NOBLE mit Schiebet\u00fcren - Radis<\/title>\n<meta name=\"robots\" content=\"index, follow, max-snippet:-1, max-image-preview:large, max-video-preview:-1\" \/>\n<link rel=\"canonical\" href=\"https:\/\/radis.ee\/de\/tv-schrank-noble-mit-schiebeturen\/\" \/>\n<meta property=\"og:locale\" content=\"de_DE\" \/>\n<meta property=\"og:type\" content=\"article\" \/>\n<meta property=\"og:title\" content=\"TV-Schrank NOBLE mit Schiebet\u00fcren - Radis\" \/>\n<meta property=\"og:description\" content=\"Der TV-Tisch aus der Noble-Serie l\u00e4sst Sie die super coolen Siebzigerjahre wirklich vermissen. Die leichte Konstruktion mit schlanken Beinen und Schiebet\u00fcren macht es schwierig, sich auf den Fernseher zu konzentrieren, der darauf steht! Der Tisch ist aus hochwertigem und langlebigem Eichenfurnier oder Birkensperrholz, \u00f6lgewachst. Die Schiebet\u00fcren laufen auf H\u00e4fele-Laufrollen. Schwarze, pulverbeschichtete, verstellbare Metallbeine mit einer...\" \/>\n<meta property=\"og:url\" content=\"https:\/\/radis.ee\/de\/tv-schrank-noble-mit-schiebeturen\/\" \/>\n<meta property=\"og:site_name\" content=\"Radis\" \/>\n<meta property=\"article:publisher\" content=\"https:\/\/www.facebook.com\/radisfurniture\/\" \/>\n<meta property=\"article:modified_time\" content=\"2025-01-24T17:03:39+00:00\" \/>\n<meta property=\"og:image\" content=\"https:\/\/radis.ee\/wp-content\/uploads\/2022\/02\/RADIS_TV-stand_NOBLE_200cm_Oak_veneered_plywood_doors_Black_stain_doors_open_white_background_3-scaled.jpg\" \/>\n\t<meta property=\"og:image:width\" content=\"2166\" \/>\n\t<meta property=\"og:image:height\" content=\"2560\" \/>\n\t<meta property=\"og:image:type\" content=\"image\/jpeg\" \/>\n<meta name=\"twitter:card\" content=\"summary_large_image\" \/>\n<meta name=\"twitter:label1\" content=\"Gesch\u00e4tzte Lesezeit\" \/>\n\t<meta name=\"twitter:data1\" content=\"1\u00a0Minute\" \/>\n<script type=\"application\/ld+json\" class=\"yoast-schema-graph\">{\"@context\":\"https:\\\/\\\/schema.org\",\"@graph\":[{\"@type\":\"WebPage\",\"@id\":\"https:\\\/\\\/radis.ee\\\/de\\\/tv-schrank-noble-mit-schiebeturen\\\/\",\"url\":\"https:\\\/\\\/radis.ee\\\/de\\\/tv-schrank-noble-mit-schiebeturen\\\/\",\"name\":\"TV-Schrank NOBLE mit Schiebet\u00fcren - Radis\",\"isPartOf\":{\"@id\":\"https:\\\/\\\/radis.ee\\\/#website\"},\"primaryImageOfPage\":{\"@id\":\"https:\\\/\\\/radis.ee\\\/de\\\/tv-schrank-noble-mit-schiebeturen\\\/#primaryimage\"},\"image\":{\"@id\":\"https:\\\/\\\/radis.ee\\\/de\\\/tv-schrank-noble-mit-schiebeturen\\\/#primaryimage\"},\"thumbnailUrl\":\"https:\\\/\\\/radis.ee\\\/wp-content\\\/uploads\\\/2022\\\/02\\\/RADIS_TV-stand_NOBLE_200cm_Oak_veneered_plywood_doors_Black_stain_doors_open_white_background_3-scaled.jpg\",\"datePublished\":\"2022-02-28T20:24:17+00:00\",\"dateModified\":\"2025-01-24T17:03:39+00:00\",\"breadcrumb\":{\"@id\":\"https:\\\/\\\/radis.ee\\\/de\\\/tv-schrank-noble-mit-schiebeturen\\\/#breadcrumb\"},\"inLanguage\":\"de\",\"potentialAction\":[{\"@type\":\"ReadAction\",\"target\":[\"https:\\\/\\\/radis.ee\\\/de\\\/tv-schrank-noble-mit-schiebeturen\\\/\"]}]},{\"@type\":\"ImageObject\",\"inLanguage\":\"de\",\"@id\":\"https:\\\/\\\/radis.ee\\\/de\\\/tv-schrank-noble-mit-schiebeturen\\\/#primaryimage\",\"url\":\"https:\\\/\\\/radis.ee\\\/wp-content\\\/uploads\\\/2022\\\/02\\\/RADIS_TV-stand_NOBLE_200cm_Oak_veneered_plywood_doors_Black_stain_doors_open_white_background_3-scaled.jpg\",\"contentUrl\":\"https:\\\/\\\/radis.ee\\\/wp-content\\\/uploads\\\/2022\\\/02\\\/RADIS_TV-stand_NOBLE_200cm_Oak_veneered_plywood_doors_Black_stain_doors_open_white_background_3-scaled.jpg\",\"width\":2166,\"height\":2560,\"caption\":\"RADIS TV-stand NOBLE 200 cm Oak veneered\"},{\"@type\":\"BreadcrumbList\",\"@id\":\"https:\\\/\\\/radis.ee\\\/de\\\/tv-schrank-noble-mit-schiebeturen\\\/#breadcrumb\",\"itemListElement\":[{\"@type\":\"ListItem\",\"position\":1,\"name\":\"Home\",\"item\":\"https:\\\/\\\/radis.ee\\\/\"},{\"@type\":\"ListItem\",\"position\":2,\"name\":\"Produkte\",\"item\":\"https:\\\/\\\/radis.ee\\\/de\\\/produkte\\\/\"},{\"@type\":\"ListItem\",\"position\":3,\"name\":\"TV-Schrank NOBLE mit Schiebet\u00fcren\"}]},{\"@type\":\"WebSite\",\"@id\":\"https:\\\/\\\/radis.ee\\\/#website\",\"url\":\"https:\\\/\\\/radis.ee\\\/\",\"name\":\"Radis\",\"description\":\"Nordic design furniture, environmentally friendly and sustainable.\",\"publisher\":{\"@id\":\"https:\\\/\\\/radis.ee\\\/#organization\"},\"potentialAction\":[{\"@type\":\"SearchAction\",\"target\":{\"@type\":\"EntryPoint\",\"urlTemplate\":\"https:\\\/\\\/radis.ee\\\/?s={search_term_string}\"},\"query-input\":{\"@type\":\"PropertyValueSpecification\",\"valueRequired\":true,\"valueName\":\"search_term_string\"}}],\"inLanguage\":\"de\"},{\"@type\":\"Organization\",\"@id\":\"https:\\\/\\\/radis.ee\\\/#organization\",\"name\":\"Radis O\u00dc\",\"url\":\"https:\\\/\\\/radis.ee\\\/\",\"logo\":{\"@type\":\"ImageObject\",\"inLanguage\":\"de\",\"@id\":\"https:\\\/\\\/radis.ee\\\/#\\\/schema\\\/logo\\\/image\\\/\",\"url\":\"https:\\\/\\\/radis.ee\\\/wp-content\\\/uploads\\\/2020\\\/10\\\/Radis-logo.png\",\"contentUrl\":\"https:\\\/\\\/radis.ee\\\/wp-content\\\/uploads\\\/2020\\\/10\\\/Radis-logo.png\",\"width\":300,\"height\":63,\"caption\":\"Radis O\u00dc\"},\"image\":{\"@id\":\"https:\\\/\\\/radis.ee\\\/#\\\/schema\\\/logo\\\/image\\\/\"},\"sameAs\":[\"https:\\\/\\\/www.facebook.com\\\/radisfurniture\\\/\"]}]}<\/script>\n<!-- \/ Yoast SEO plugin. -->","yoast_head_json":{"title":"TV-Schrank NOBLE mit Schiebet\u00fcren - Radis","robots":{"index":"index","follow":"follow","max-snippet":"max-snippet:-1","max-image-preview":"max-image-preview:large","max-video-preview":"max-video-preview:-1"},"canonical":"https:\/\/radis.ee\/de\/tv-schrank-noble-mit-schiebeturen\/","og_locale":"de_DE","og_type":"article","og_title":"TV-Schrank NOBLE mit Schiebet\u00fcren - Radis","og_description":"Der TV-Tisch aus der Noble-Serie l\u00e4sst Sie die super coolen Siebzigerjahre wirklich vermissen. Die leichte Konstruktion mit schlanken Beinen und Schiebet\u00fcren macht es schwierig, sich auf den Fernseher zu konzentrieren, der darauf steht! Der Tisch ist aus hochwertigem und langlebigem Eichenfurnier oder Birkensperrholz, \u00f6lgewachst. Die Schiebet\u00fcren laufen auf H\u00e4fele-Laufrollen. Schwarze, pulverbeschichtete, verstellbare Metallbeine mit einer...","og_url":"https:\/\/radis.ee\/de\/tv-schrank-noble-mit-schiebeturen\/","og_site_name":"Radis","article_publisher":"https:\/\/www.facebook.com\/radisfurniture\/","article_modified_time":"2025-01-24T17:03:39+00:00","og_image":[{"width":2166,"height":2560,"url":"https:\/\/radis.ee\/wp-content\/uploads\/2022\/02\/RADIS_TV-stand_NOBLE_200cm_Oak_veneered_plywood_doors_Black_stain_doors_open_white_background_3-scaled.jpg","type":"image\/jpeg"}],"twitter_card":"summary_large_image","twitter_misc":{"Gesch\u00e4tzte Lesezeit":"1\u00a0Minute"},"schema":{"@context":"https:\/\/schema.org","@graph":[{"@type":"WebPage","@id":"https:\/\/radis.ee\/de\/tv-schrank-noble-mit-schiebeturen\/","url":"https:\/\/radis.ee\/de\/tv-schrank-noble-mit-schiebeturen\/","name":"TV-Schrank NOBLE mit Schiebet\u00fcren - Radis","isPartOf":{"@id":"https:\/\/radis.ee\/#website"},"primaryImageOfPage":{"@id":"https:\/\/radis.ee\/de\/tv-schrank-noble-mit-schiebeturen\/#primaryimage"},"image":{"@id":"https:\/\/radis.ee\/de\/tv-schrank-noble-mit-schiebeturen\/#primaryimage"},"thumbnailUrl":"https:\/\/radis.ee\/wp-content\/uploads\/2022\/02\/RADIS_TV-stand_NOBLE_200cm_Oak_veneered_plywood_doors_Black_stain_doors_open_white_background_3-scaled.jpg","datePublished":"2022-02-28T20:24:17+00:00","dateModified":"2025-01-24T17:03:39+00:00","breadcrumb":{"@id":"https:\/\/radis.ee\/de\/tv-schrank-noble-mit-schiebeturen\/#breadcrumb"},"inLanguage":"de","potentialAction":[{"@type":"ReadAction","target":["https:\/\/radis.ee\/de\/tv-schrank-noble-mit-schiebeturen\/"]}]},{"@type":"ImageObject","inLanguage":"de","@id":"https:\/\/radis.ee\/de\/tv-schrank-noble-mit-schiebeturen\/#primaryimage","url":"https:\/\/radis.ee\/wp-content\/uploads\/2022\/02\/RADIS_TV-stand_NOBLE_200cm_Oak_veneered_plywood_doors_Black_stain_doors_open_white_background_3-scaled.jpg","contentUrl":"https:\/\/radis.ee\/wp-content\/uploads\/2022\/02\/RADIS_TV-stand_NOBLE_200cm_Oak_veneered_plywood_doors_Black_stain_doors_open_white_background_3-scaled.jpg","width":2166,"height":2560,"caption":"RADIS TV-stand NOBLE 200 cm Oak veneered"},{"@type":"BreadcrumbList","@id":"https:\/\/radis.ee\/de\/tv-schrank-noble-mit-schiebeturen\/#breadcrumb","itemListElement":[{"@type":"ListItem","position":1,"name":"Home","item":"https:\/\/radis.ee\/"},{"@type":"ListItem","position":2,"name":"Produkte","item":"https:\/\/radis.ee\/de\/produkte\/"},{"@type":"ListItem","position":3,"name":"TV-Schrank NOBLE mit Schiebet\u00fcren"}]},{"@type":"WebSite","@id":"https:\/\/radis.ee\/#website","url":"https:\/\/radis.ee\/","name":"Radis","description":"Nordic design furniture, environmentally friendly and sustainable.","publisher":{"@id":"https:\/\/radis.ee\/#organization"},"potentialAction":[{"@type":"SearchAction","target":{"@type":"EntryPoint","urlTemplate":"https:\/\/radis.ee\/?s={search_term_string}"},"query-input":{"@type":"PropertyValueSpecification","valueRequired":true,"valueName":"search_term_string"}}],"inLanguage":"de"},{"@type":"Organization","@id":"https:\/\/radis.ee\/#organization","name":"Radis O\u00dc","url":"https:\/\/radis.ee\/","logo":{"@type":"ImageObject","inLanguage":"de","@id":"https:\/\/radis.ee\/#\/schema\/logo\/image\/","url":"https:\/\/radis.ee\/wp-content\/uploads\/2020\/10\/Radis-logo.png","contentUrl":"https:\/\/radis.ee\/wp-content\/uploads\/2020\/10\/Radis-logo.png","width":300,"height":63,"caption":"Radis O\u00dc"},"image":{"@id":"https:\/\/radis.ee\/#\/schema\/logo\/image\/"},"sameAs":["https:\/\/www.facebook.com\/radisfurniture\/"]}]}},"_links":{"self":[{"href":"https:\/\/radis.ee\/de\/wp-json\/wp\/v2\/product\/2928","targetHints":{"allow":["GET"]}}],"collection":[{"href":"https:\/\/radis.ee\/de\/wp-json\/wp\/v2\/product"}],"about":[{"href":"https:\/\/radis.ee\/de\/wp-json\/wp\/v2\/types\/product"}],"replies":[{"embeddable":true,"href":"https:\/\/radis.ee\/de\/wp-json\/wp\/v2\/comments?post=2928"}],"wp:featuredmedia":[{"embeddable":true,"href":"https:\/\/radis.ee\/de\/wp-json\/wp\/v2\/media\/15624"}],"wp:attachment":[{"href":"https:\/\/radis.ee\/de\/wp-json\/wp\/v2\/media?parent=2928"}],"wp:term":[{"taxonomy":"product_brand","embeddable":true,"href":"https:\/\/radis.ee\/de\/wp-json\/wp\/v2\/product_brand?post=2928"},{"taxonomy":"product_cat","embeddable":true,"href":"https:\/\/radis.ee\/de\/wp-json\/wp\/v2\/product_cat?post=2928"},{"taxonomy":"product_tag","embeddable":true,"href":"https:\/\/radis.ee\/de\/wp-json\/wp\/v2\/product_tag?post=2928"}],"curies":[{"name":"wp","href":"https:\/\/api.w.org\/{rel}","templated":true}]}}