{"id":2942,"date":"2020-10-07T22:15:12","date_gmt":"2020-09-07T19:15:12","guid":{"rendered":"https:\/\/radis.ee\/unkategorisiert\/tv-schrank-huh-mit-schiebeturen\/"},"modified":"2022-01-31T19:31:36","modified_gmt":"2022-01-31T17:31:36","slug":"tv-schrank-huh-mit-schiebeturen","status":"publish","type":"product","link":"https:\/\/radis.ee\/de\/tv-schrank-huh-mit-schiebeturen\/","title":{"rendered":"TV-Schrank HUH mit Schiebet\u00fcren"},"content":{"rendered":"<p>Ein urw\u00fcchsiger \u201eLebenspartner\u201c, der mit spielerischer Leichtigkeit sowohl einen gro\u00dfen Fernseher als auch gro\u00dfe Gef\u00fchle aush\u00e4lt. Kleinere Elektronik l\u00e4sst sich hinter den Schiebet\u00fcren verstecken.<\/p>\n<p>Die Schiebet\u00fcren \u00f6ffnen sich zu beiden Seiten und lassen die Technik per Fernbedienung steuern. In der R\u00fcckwand ein Loch f\u00fcr Kabel. Im Inneren auch 2 verstellbare Regale.<\/p>\n<p>Aus Birkensperrholz, \u00f6lgewachst.<\/p>\n<p>Kollektion HUH wurde f\u00fcr den estnischen Designpreis Bruno 2014 nominiert.<\/p>\n","protected":false},"excerpt":{"rendered":"<p>Ein urw\u00fcchsiger \u201eLebenspartner\u201c, der mit spielerischer Leichtigkeit sowohl einen gro\u00dfen Fernseher als auch gro\u00dfe Gef\u00fchle aush\u00e4lt. Kleinere Elektronik l\u00e4sst sich hinter den Schiebet\u00fcren verstecken. Die Schiebet\u00fcren \u00f6ffnen sich zu beiden Seiten und lassen die Technik per Fernbedienung steuern. In der R\u00fcckwand ein Loch f\u00fcr Kabel. Im Inneren auch 2 verstellbare Regale. Aus Birkensperrholz, \u00f6lgewachst. Kollektion&#8230;<\/p>\n","protected":false},"featured_media":14393,"comment_status":"open","ping_status":"closed","template":"","meta":{"_acf_changed":false},"product_brand":[],"product_cat":[112],"product_tag":[],"class_list":{"0":"post-2942","1":"product","2":"type-product","3":"status-publish","4":"has-post-thumbnail","6":"product_cat-tv-alused","8":"first","9":"instock","10":"taxable","11":"shipping-taxable","12":"purchasable","13":"product-type-variable","14":"has-default-attributes"},"acf":[],"yoast_head":"<!-- This site is optimized with the Yoast SEO plugin v27.3 - https:\/\/yoast.com\/product\/yoast-seo-wordpress\/ -->\n<title>TV-Schrank HUH mit Schiebet\u00fcren - Radis<\/title>\n<meta name=\"robots\" content=\"index, follow, max-snippet:-1, max-image-preview:large, max-video-preview:-1\" \/>\n<link rel=\"canonical\" href=\"https:\/\/radis.ee\/de\/tv-schrank-huh-mit-schiebeturen\/\" \/>\n<meta property=\"og:locale\" content=\"de_DE\" \/>\n<meta property=\"og:type\" content=\"article\" \/>\n<meta property=\"og:title\" content=\"TV-Schrank HUH mit Schiebet\u00fcren - Radis\" \/>\n<meta property=\"og:description\" content=\"Ein urw\u00fcchsiger \u201eLebenspartner\u201c, der mit spielerischer Leichtigkeit sowohl einen gro\u00dfen Fernseher als auch gro\u00dfe Gef\u00fchle aush\u00e4lt. Kleinere Elektronik l\u00e4sst sich hinter den Schiebet\u00fcren verstecken. Die Schiebet\u00fcren \u00f6ffnen sich zu beiden Seiten und lassen die Technik per Fernbedienung steuern. In der R\u00fcckwand ein Loch f\u00fcr Kabel. Im Inneren auch 2 verstellbare Regale. Aus Birkensperrholz, \u00f6lgewachst. Kollektion...\" \/>\n<meta property=\"og:url\" content=\"https:\/\/radis.ee\/de\/tv-schrank-huh-mit-schiebeturen\/\" \/>\n<meta property=\"og:site_name\" content=\"Radis\" \/>\n<meta property=\"article:publisher\" content=\"https:\/\/www.facebook.com\/radisfurniture\/\" \/>\n<meta property=\"article:modified_time\" content=\"2022-01-31T17:31:36+00:00\" \/>\n<meta property=\"og:image\" content=\"https:\/\/radis.ee\/wp-content\/uploads\/2020\/10\/RADIS_TV-stand_HUH_Medium_Oak_doors_Black_stain-scaled.jpg\" \/>\n\t<meta property=\"og:image:width\" content=\"2150\" \/>\n\t<meta property=\"og:image:height\" content=\"2560\" \/>\n\t<meta property=\"og:image:type\" content=\"image\/jpeg\" \/>\n<meta name=\"twitter:card\" content=\"summary_large_image\" \/>\n<script type=\"application\/ld+json\" class=\"yoast-schema-graph\">{\"@context\":\"https:\\\/\\\/schema.org\",\"@graph\":[{\"@type\":\"WebPage\",\"@id\":\"https:\\\/\\\/radis.ee\\\/de\\\/tv-schrank-huh-mit-schiebeturen\\\/\",\"url\":\"https:\\\/\\\/radis.ee\\\/de\\\/tv-schrank-huh-mit-schiebeturen\\\/\",\"name\":\"TV-Schrank HUH mit Schiebet\u00fcren - Radis\",\"isPartOf\":{\"@id\":\"https:\\\/\\\/radis.ee\\\/#website\"},\"primaryImageOfPage\":{\"@id\":\"https:\\\/\\\/radis.ee\\\/de\\\/tv-schrank-huh-mit-schiebeturen\\\/#primaryimage\"},\"image\":{\"@id\":\"https:\\\/\\\/radis.ee\\\/de\\\/tv-schrank-huh-mit-schiebeturen\\\/#primaryimage\"},\"thumbnailUrl\":\"https:\\\/\\\/radis.ee\\\/wp-content\\\/uploads\\\/2020\\\/10\\\/RADIS_TV-stand_HUH_Medium_Oak_doors_Black_stain-scaled.jpg\",\"datePublished\":\"2020-09-07T19:15:12+00:00\",\"dateModified\":\"2022-01-31T17:31:36+00:00\",\"breadcrumb\":{\"@id\":\"https:\\\/\\\/radis.ee\\\/de\\\/tv-schrank-huh-mit-schiebeturen\\\/#breadcrumb\"},\"inLanguage\":\"de\",\"potentialAction\":[{\"@type\":\"ReadAction\",\"target\":[\"https:\\\/\\\/radis.ee\\\/de\\\/tv-schrank-huh-mit-schiebeturen\\\/\"]}]},{\"@type\":\"ImageObject\",\"inLanguage\":\"de\",\"@id\":\"https:\\\/\\\/radis.ee\\\/de\\\/tv-schrank-huh-mit-schiebeturen\\\/#primaryimage\",\"url\":\"https:\\\/\\\/radis.ee\\\/wp-content\\\/uploads\\\/2020\\\/10\\\/RADIS_TV-stand_HUH_Medium_Oak_doors_Black_stain-scaled.jpg\",\"contentUrl\":\"https:\\\/\\\/radis.ee\\\/wp-content\\\/uploads\\\/2020\\\/10\\\/RADIS_TV-stand_HUH_Medium_Oak_doors_Black_stain-scaled.jpg\",\"width\":2150,\"height\":2560},{\"@type\":\"BreadcrumbList\",\"@id\":\"https:\\\/\\\/radis.ee\\\/de\\\/tv-schrank-huh-mit-schiebeturen\\\/#breadcrumb\",\"itemListElement\":[{\"@type\":\"ListItem\",\"position\":1,\"name\":\"Home\",\"item\":\"https:\\\/\\\/radis.ee\\\/\"},{\"@type\":\"ListItem\",\"position\":2,\"name\":\"Produkte\",\"item\":\"https:\\\/\\\/radis.ee\\\/de\\\/produkte\\\/\"},{\"@type\":\"ListItem\",\"position\":3,\"name\":\"TV-Schrank HUH mit Schiebet\u00fcren\"}]},{\"@type\":\"WebSite\",\"@id\":\"https:\\\/\\\/radis.ee\\\/#website\",\"url\":\"https:\\\/\\\/radis.ee\\\/\",\"name\":\"Radis\",\"description\":\"Nordic design furniture, environmentally friendly and sustainable.\",\"publisher\":{\"@id\":\"https:\\\/\\\/radis.ee\\\/#organization\"},\"potentialAction\":[{\"@type\":\"SearchAction\",\"target\":{\"@type\":\"EntryPoint\",\"urlTemplate\":\"https:\\\/\\\/radis.ee\\\/?s={search_term_string}\"},\"query-input\":{\"@type\":\"PropertyValueSpecification\",\"valueRequired\":true,\"valueName\":\"search_term_string\"}}],\"inLanguage\":\"de\"},{\"@type\":\"Organization\",\"@id\":\"https:\\\/\\\/radis.ee\\\/#organization\",\"name\":\"Radis O\u00dc\",\"url\":\"https:\\\/\\\/radis.ee\\\/\",\"logo\":{\"@type\":\"ImageObject\",\"inLanguage\":\"de\",\"@id\":\"https:\\\/\\\/radis.ee\\\/#\\\/schema\\\/logo\\\/image\\\/\",\"url\":\"https:\\\/\\\/radis.ee\\\/wp-content\\\/uploads\\\/2020\\\/10\\\/Radis-logo.png\",\"contentUrl\":\"https:\\\/\\\/radis.ee\\\/wp-content\\\/uploads\\\/2020\\\/10\\\/Radis-logo.png\",\"width\":300,\"height\":63,\"caption\":\"Radis O\u00dc\"},\"image\":{\"@id\":\"https:\\\/\\\/radis.ee\\\/#\\\/schema\\\/logo\\\/image\\\/\"},\"sameAs\":[\"https:\\\/\\\/www.facebook.com\\\/radisfurniture\\\/\"]}]}<\/script>\n<!-- \/ Yoast SEO plugin. -->","yoast_head_json":{"title":"TV-Schrank HUH mit Schiebet\u00fcren - Radis","robots":{"index":"index","follow":"follow","max-snippet":"max-snippet:-1","max-image-preview":"max-image-preview:large","max-video-preview":"max-video-preview:-1"},"canonical":"https:\/\/radis.ee\/de\/tv-schrank-huh-mit-schiebeturen\/","og_locale":"de_DE","og_type":"article","og_title":"TV-Schrank HUH mit Schiebet\u00fcren - Radis","og_description":"Ein urw\u00fcchsiger \u201eLebenspartner\u201c, der mit spielerischer Leichtigkeit sowohl einen gro\u00dfen Fernseher als auch gro\u00dfe Gef\u00fchle aush\u00e4lt. Kleinere Elektronik l\u00e4sst sich hinter den Schiebet\u00fcren verstecken. Die Schiebet\u00fcren \u00f6ffnen sich zu beiden Seiten und lassen die Technik per Fernbedienung steuern. In der R\u00fcckwand ein Loch f\u00fcr Kabel. Im Inneren auch 2 verstellbare Regale. Aus Birkensperrholz, \u00f6lgewachst. Kollektion...","og_url":"https:\/\/radis.ee\/de\/tv-schrank-huh-mit-schiebeturen\/","og_site_name":"Radis","article_publisher":"https:\/\/www.facebook.com\/radisfurniture\/","article_modified_time":"2022-01-31T17:31:36+00:00","og_image":[{"width":2150,"height":2560,"url":"https:\/\/radis.ee\/wp-content\/uploads\/2020\/10\/RADIS_TV-stand_HUH_Medium_Oak_doors_Black_stain-scaled.jpg","type":"image\/jpeg"}],"twitter_card":"summary_large_image","schema":{"@context":"https:\/\/schema.org","@graph":[{"@type":"WebPage","@id":"https:\/\/radis.ee\/de\/tv-schrank-huh-mit-schiebeturen\/","url":"https:\/\/radis.ee\/de\/tv-schrank-huh-mit-schiebeturen\/","name":"TV-Schrank HUH mit Schiebet\u00fcren - Radis","isPartOf":{"@id":"https:\/\/radis.ee\/#website"},"primaryImageOfPage":{"@id":"https:\/\/radis.ee\/de\/tv-schrank-huh-mit-schiebeturen\/#primaryimage"},"image":{"@id":"https:\/\/radis.ee\/de\/tv-schrank-huh-mit-schiebeturen\/#primaryimage"},"thumbnailUrl":"https:\/\/radis.ee\/wp-content\/uploads\/2020\/10\/RADIS_TV-stand_HUH_Medium_Oak_doors_Black_stain-scaled.jpg","datePublished":"2020-09-07T19:15:12+00:00","dateModified":"2022-01-31T17:31:36+00:00","breadcrumb":{"@id":"https:\/\/radis.ee\/de\/tv-schrank-huh-mit-schiebeturen\/#breadcrumb"},"inLanguage":"de","potentialAction":[{"@type":"ReadAction","target":["https:\/\/radis.ee\/de\/tv-schrank-huh-mit-schiebeturen\/"]}]},{"@type":"ImageObject","inLanguage":"de","@id":"https:\/\/radis.ee\/de\/tv-schrank-huh-mit-schiebeturen\/#primaryimage","url":"https:\/\/radis.ee\/wp-content\/uploads\/2020\/10\/RADIS_TV-stand_HUH_Medium_Oak_doors_Black_stain-scaled.jpg","contentUrl":"https:\/\/radis.ee\/wp-content\/uploads\/2020\/10\/RADIS_TV-stand_HUH_Medium_Oak_doors_Black_stain-scaled.jpg","width":2150,"height":2560},{"@type":"BreadcrumbList","@id":"https:\/\/radis.ee\/de\/tv-schrank-huh-mit-schiebeturen\/#breadcrumb","itemListElement":[{"@type":"ListItem","position":1,"name":"Home","item":"https:\/\/radis.ee\/"},{"@type":"ListItem","position":2,"name":"Produkte","item":"https:\/\/radis.ee\/de\/produkte\/"},{"@type":"ListItem","position":3,"name":"TV-Schrank HUH mit Schiebet\u00fcren"}]},{"@type":"WebSite","@id":"https:\/\/radis.ee\/#website","url":"https:\/\/radis.ee\/","name":"Radis","description":"Nordic design furniture, environmentally friendly and sustainable.","publisher":{"@id":"https:\/\/radis.ee\/#organization"},"potentialAction":[{"@type":"SearchAction","target":{"@type":"EntryPoint","urlTemplate":"https:\/\/radis.ee\/?s={search_term_string}"},"query-input":{"@type":"PropertyValueSpecification","valueRequired":true,"valueName":"search_term_string"}}],"inLanguage":"de"},{"@type":"Organization","@id":"https:\/\/radis.ee\/#organization","name":"Radis O\u00dc","url":"https:\/\/radis.ee\/","logo":{"@type":"ImageObject","inLanguage":"de","@id":"https:\/\/radis.ee\/#\/schema\/logo\/image\/","url":"https:\/\/radis.ee\/wp-content\/uploads\/2020\/10\/Radis-logo.png","contentUrl":"https:\/\/radis.ee\/wp-content\/uploads\/2020\/10\/Radis-logo.png","width":300,"height":63,"caption":"Radis O\u00dc"},"image":{"@id":"https:\/\/radis.ee\/#\/schema\/logo\/image\/"},"sameAs":["https:\/\/www.facebook.com\/radisfurniture\/"]}]}},"_links":{"self":[{"href":"https:\/\/radis.ee\/de\/wp-json\/wp\/v2\/product\/2942","targetHints":{"allow":["GET"]}}],"collection":[{"href":"https:\/\/radis.ee\/de\/wp-json\/wp\/v2\/product"}],"about":[{"href":"https:\/\/radis.ee\/de\/wp-json\/wp\/v2\/types\/product"}],"replies":[{"embeddable":true,"href":"https:\/\/radis.ee\/de\/wp-json\/wp\/v2\/comments?post=2942"}],"wp:featuredmedia":[{"embeddable":true,"href":"https:\/\/radis.ee\/de\/wp-json\/wp\/v2\/media\/14393"}],"wp:attachment":[{"href":"https:\/\/radis.ee\/de\/wp-json\/wp\/v2\/media?parent=2942"}],"wp:term":[{"taxonomy":"product_brand","embeddable":true,"href":"https:\/\/radis.ee\/de\/wp-json\/wp\/v2\/product_brand?post=2942"},{"taxonomy":"product_cat","embeddable":true,"href":"https:\/\/radis.ee\/de\/wp-json\/wp\/v2\/product_cat?post=2942"},{"taxonomy":"product_tag","embeddable":true,"href":"https:\/\/radis.ee\/de\/wp-json\/wp\/v2\/product_tag?post=2942"}],"curies":[{"name":"wp","href":"https:\/\/api.w.org\/{rel}","templated":true}]}}