{"id":2956,"date":"2022-10-28T02:04:36","date_gmt":"2022-10-27T23:04:36","guid":{"rendered":"https:\/\/radis.ee\/?post_type=product&#038;p=2956"},"modified":"2026-02-09T22:56:21","modified_gmt":"2026-02-09T20:56:21","slug":"ausziehbarer-esstisch-nam-nam","status":"publish","type":"product","link":"https:\/\/radis.ee\/de\/ausziehbarer-esstisch-nam-nam\/","title":{"rendered":"Ausziehbarer Esstisch NAM-NAM"},"content":{"rendered":"<p>Der ausziehbare Esstisch NAM-NAM ist ein vielseitiges, nordisch inspiriertes Meisterwerk mit versteckten, integrierten Verl\u00e4ngerungsplatten und einer robusten Tischplatte aus HPL oder Eichenfurnier. Damit ist er die perfekte, stilvolle L\u00f6sung sowohl f\u00fcr allt\u00e4gliche Familienmahlzeiten als auch f\u00fcr gro\u00dfe Dinnerpartys.<\/p>\n<p>Werden es mal mehr Leute, dann kann der Tisch im Handumdrehen um einen Meter verl\u00e4ngert werden. Bequem zu Hause oder im B\u00fcro zu nutzen, denn sowohl Feiern als auch Besprechungen finden am Tisch statt.<\/p>\n<p>Die Verl\u00e4ngerungen falten sich zusammen und werden in geeigneter Weise unter der Tischplatte aufbewahrt. Der 1 Meter lange Tisch kann auch um die H\u00e4lfte weniger verl\u00e4ngert werden, dh auf eine L\u00e4nge von 194 cm.<\/p>\n<p>Beinabstand bei Stuhlh\u00f6he 50cm:<\/p>\n<ul>\n<li>NAM-NAM 90x120cm &#8211; 87 cm, mit 60cm Verl\u00e4ngerung 147 cm<\/li>\n<li>NAM-NAM 96x144cm &#8211; 111 cm, mit 50 cm Verl\u00e4ngerung 161 cm, mit weiterer 50 cm Verl\u00e4ngerung 211 cm<\/li>\n<li>NAM-NAM 120x120cm &#8211; 83 cm, mit 50cm Verl\u00e4ngerung 133 cm, mit weiterer 50cm Verl\u00e4ngerung 183 cm<\/li>\n<\/ul>\n<p>Hergestellt aus seidenmattem Hochdrucklaminat (HPL) auf Sperrholz, Zwischenbretter auf Wunsch aus \u00f6lgewachstem Birkensperrholz, Beine aus Birkenholz. Die Farben der HPL-Tischplatte sind Wei\u00df (RAL 9003), Hellgrau (RAL 7042) oder Schwarz (PK F2253 Formica Diamond Black). Auch mit Forbo M\u00f6bellinoleum und komplett Eiche furniert auf Sperrholz lieferbar, dann sind auch die Tischbeine aus massivem Eichenholz. Die H\u00f6he des Tischuntergestells vom Boden betr\u00e4gt 65 cm.<\/p>\n<p>Der Tisch NAM-NAM ist bereits montiert. Sie m\u00fcssen nur die Beine befestigen.<\/p>\n<p>Die MAN-Serie ist auch ein Nominierter f\u00fcr den Estonian Design Award Bruno 2016.<\/p>\n","protected":false},"excerpt":{"rendered":"<p>Der ausziehbare Esstisch NAM-NAM ist ein vielseitiges, nordisch inspiriertes Meisterwerk mit versteckten, integrierten Verl\u00e4ngerungsplatten und einer robusten Tischplatte aus HPL oder Eichenfurnier. Damit ist er die perfekte, stilvolle L\u00f6sung sowohl f\u00fcr allt\u00e4gliche Familienmahlzeiten als auch f\u00fcr gro\u00dfe Dinnerpartys. Werden es mal mehr Leute, dann kann der Tisch im Handumdrehen um einen Meter verl\u00e4ngert werden. Bequem&#8230;<\/p>\n","protected":false},"featured_media":4584,"comment_status":"open","ping_status":"closed","template":"","meta":{"_acf_changed":false},"product_brand":[],"product_cat":[111],"product_tag":[],"class_list":{"0":"post-2956","1":"product","2":"type-product","3":"status-publish","4":"has-post-thumbnail","6":"product_cat-lauad","8":"first","9":"instock","10":"sale","11":"taxable","12":"shipping-taxable","13":"purchasable","14":"product-type-variable","15":"has-default-attributes"},"acf":[],"yoast_head":"<!-- This site is optimized with the Yoast SEO plugin v27.3 - https:\/\/yoast.com\/product\/yoast-seo-wordpress\/ -->\n<title>Ausziehbarer Esstisch NAM-NAM - Radis<\/title>\n<meta name=\"robots\" content=\"index, follow, max-snippet:-1, max-image-preview:large, max-video-preview:-1\" \/>\n<link rel=\"canonical\" href=\"https:\/\/radis.ee\/de\/ausziehbarer-esstisch-nam-nam\/\" \/>\n<meta property=\"og:locale\" content=\"de_DE\" \/>\n<meta property=\"og:type\" content=\"article\" \/>\n<meta property=\"og:title\" content=\"Ausziehbarer Esstisch NAM-NAM - Radis\" \/>\n<meta property=\"og:description\" content=\"Der ausziehbare Esstisch NAM-NAM ist ein vielseitiges, nordisch inspiriertes Meisterwerk mit versteckten, integrierten Verl\u00e4ngerungsplatten und einer robusten Tischplatte aus HPL oder Eichenfurnier. Damit ist er die perfekte, stilvolle L\u00f6sung sowohl f\u00fcr allt\u00e4gliche Familienmahlzeiten als auch f\u00fcr gro\u00dfe Dinnerpartys. Werden es mal mehr Leute, dann kann der Tisch im Handumdrehen um einen Meter verl\u00e4ngert werden. Bequem...\" \/>\n<meta property=\"og:url\" content=\"https:\/\/radis.ee\/de\/ausziehbarer-esstisch-nam-nam\/\" \/>\n<meta property=\"og:site_name\" content=\"Radis\" \/>\n<meta property=\"article:publisher\" content=\"https:\/\/www.facebook.com\/radisfurniture\/\" \/>\n<meta property=\"article:modified_time\" content=\"2026-02-09T20:56:21+00:00\" \/>\n<meta property=\"og:image\" content=\"https:\/\/radis.ee\/wp-content\/uploads\/2020\/10\/RA0468-Radis-extendable-dinner-table-NAM-NAM-2-white-top-light-oak.jpg\" \/>\n\t<meta property=\"og:image:width\" content=\"2500\" \/>\n\t<meta property=\"og:image:height\" content=\"2500\" \/>\n\t<meta property=\"og:image:type\" content=\"image\/jpeg\" \/>\n<meta name=\"twitter:card\" content=\"summary_large_image\" \/>\n<meta name=\"twitter:label1\" content=\"Gesch\u00e4tzte Lesezeit\" \/>\n\t<meta name=\"twitter:data1\" content=\"1\u00a0Minute\" \/>\n<script type=\"application\/ld+json\" class=\"yoast-schema-graph\">{\"@context\":\"https:\\\/\\\/schema.org\",\"@graph\":[{\"@type\":\"WebPage\",\"@id\":\"https:\\\/\\\/radis.ee\\\/de\\\/ausziehbarer-esstisch-nam-nam\\\/\",\"url\":\"https:\\\/\\\/radis.ee\\\/de\\\/ausziehbarer-esstisch-nam-nam\\\/\",\"name\":\"Ausziehbarer Esstisch NAM-NAM - Radis\",\"isPartOf\":{\"@id\":\"https:\\\/\\\/radis.ee\\\/#website\"},\"primaryImageOfPage\":{\"@id\":\"https:\\\/\\\/radis.ee\\\/de\\\/ausziehbarer-esstisch-nam-nam\\\/#primaryimage\"},\"image\":{\"@id\":\"https:\\\/\\\/radis.ee\\\/de\\\/ausziehbarer-esstisch-nam-nam\\\/#primaryimage\"},\"thumbnailUrl\":\"https:\\\/\\\/radis.ee\\\/wp-content\\\/uploads\\\/2020\\\/10\\\/RA0468-Radis-extendable-dinner-table-NAM-NAM-2-white-top-light-oak.jpg\",\"datePublished\":\"2022-10-27T23:04:36+00:00\",\"dateModified\":\"2026-02-09T20:56:21+00:00\",\"breadcrumb\":{\"@id\":\"https:\\\/\\\/radis.ee\\\/de\\\/ausziehbarer-esstisch-nam-nam\\\/#breadcrumb\"},\"inLanguage\":\"de\",\"potentialAction\":[{\"@type\":\"ReadAction\",\"target\":[\"https:\\\/\\\/radis.ee\\\/de\\\/ausziehbarer-esstisch-nam-nam\\\/\"]}]},{\"@type\":\"ImageObject\",\"inLanguage\":\"de\",\"@id\":\"https:\\\/\\\/radis.ee\\\/de\\\/ausziehbarer-esstisch-nam-nam\\\/#primaryimage\",\"url\":\"https:\\\/\\\/radis.ee\\\/wp-content\\\/uploads\\\/2020\\\/10\\\/RA0468-Radis-extendable-dinner-table-NAM-NAM-2-white-top-light-oak.jpg\",\"contentUrl\":\"https:\\\/\\\/radis.ee\\\/wp-content\\\/uploads\\\/2020\\\/10\\\/RA0468-Radis-extendable-dinner-table-NAM-NAM-2-white-top-light-oak.jpg\",\"width\":2500,\"height\":2500},{\"@type\":\"BreadcrumbList\",\"@id\":\"https:\\\/\\\/radis.ee\\\/de\\\/ausziehbarer-esstisch-nam-nam\\\/#breadcrumb\",\"itemListElement\":[{\"@type\":\"ListItem\",\"position\":1,\"name\":\"Home\",\"item\":\"https:\\\/\\\/radis.ee\\\/\"},{\"@type\":\"ListItem\",\"position\":2,\"name\":\"Produkte\",\"item\":\"https:\\\/\\\/radis.ee\\\/de\\\/produkte\\\/\"},{\"@type\":\"ListItem\",\"position\":3,\"name\":\"Ausziehbarer Esstisch NAM-NAM\"}]},{\"@type\":\"WebSite\",\"@id\":\"https:\\\/\\\/radis.ee\\\/#website\",\"url\":\"https:\\\/\\\/radis.ee\\\/\",\"name\":\"Radis\",\"description\":\"Nordic design furniture, environmentally friendly and sustainable.\",\"publisher\":{\"@id\":\"https:\\\/\\\/radis.ee\\\/#organization\"},\"potentialAction\":[{\"@type\":\"SearchAction\",\"target\":{\"@type\":\"EntryPoint\",\"urlTemplate\":\"https:\\\/\\\/radis.ee\\\/?s={search_term_string}\"},\"query-input\":{\"@type\":\"PropertyValueSpecification\",\"valueRequired\":true,\"valueName\":\"search_term_string\"}}],\"inLanguage\":\"de\"},{\"@type\":\"Organization\",\"@id\":\"https:\\\/\\\/radis.ee\\\/#organization\",\"name\":\"Radis O\u00dc\",\"url\":\"https:\\\/\\\/radis.ee\\\/\",\"logo\":{\"@type\":\"ImageObject\",\"inLanguage\":\"de\",\"@id\":\"https:\\\/\\\/radis.ee\\\/#\\\/schema\\\/logo\\\/image\\\/\",\"url\":\"https:\\\/\\\/radis.ee\\\/wp-content\\\/uploads\\\/2020\\\/10\\\/Radis-logo.png\",\"contentUrl\":\"https:\\\/\\\/radis.ee\\\/wp-content\\\/uploads\\\/2020\\\/10\\\/Radis-logo.png\",\"width\":300,\"height\":63,\"caption\":\"Radis O\u00dc\"},\"image\":{\"@id\":\"https:\\\/\\\/radis.ee\\\/#\\\/schema\\\/logo\\\/image\\\/\"},\"sameAs\":[\"https:\\\/\\\/www.facebook.com\\\/radisfurniture\\\/\"]}]}<\/script>\n<!-- \/ Yoast SEO plugin. -->","yoast_head_json":{"title":"Ausziehbarer Esstisch NAM-NAM - Radis","robots":{"index":"index","follow":"follow","max-snippet":"max-snippet:-1","max-image-preview":"max-image-preview:large","max-video-preview":"max-video-preview:-1"},"canonical":"https:\/\/radis.ee\/de\/ausziehbarer-esstisch-nam-nam\/","og_locale":"de_DE","og_type":"article","og_title":"Ausziehbarer Esstisch NAM-NAM - Radis","og_description":"Der ausziehbare Esstisch NAM-NAM ist ein vielseitiges, nordisch inspiriertes Meisterwerk mit versteckten, integrierten Verl\u00e4ngerungsplatten und einer robusten Tischplatte aus HPL oder Eichenfurnier. Damit ist er die perfekte, stilvolle L\u00f6sung sowohl f\u00fcr allt\u00e4gliche Familienmahlzeiten als auch f\u00fcr gro\u00dfe Dinnerpartys. Werden es mal mehr Leute, dann kann der Tisch im Handumdrehen um einen Meter verl\u00e4ngert werden. Bequem...","og_url":"https:\/\/radis.ee\/de\/ausziehbarer-esstisch-nam-nam\/","og_site_name":"Radis","article_publisher":"https:\/\/www.facebook.com\/radisfurniture\/","article_modified_time":"2026-02-09T20:56:21+00:00","og_image":[{"width":2500,"height":2500,"url":"https:\/\/radis.ee\/wp-content\/uploads\/2020\/10\/RA0468-Radis-extendable-dinner-table-NAM-NAM-2-white-top-light-oak.jpg","type":"image\/jpeg"}],"twitter_card":"summary_large_image","twitter_misc":{"Gesch\u00e4tzte Lesezeit":"1\u00a0Minute"},"schema":{"@context":"https:\/\/schema.org","@graph":[{"@type":"WebPage","@id":"https:\/\/radis.ee\/de\/ausziehbarer-esstisch-nam-nam\/","url":"https:\/\/radis.ee\/de\/ausziehbarer-esstisch-nam-nam\/","name":"Ausziehbarer Esstisch NAM-NAM - Radis","isPartOf":{"@id":"https:\/\/radis.ee\/#website"},"primaryImageOfPage":{"@id":"https:\/\/radis.ee\/de\/ausziehbarer-esstisch-nam-nam\/#primaryimage"},"image":{"@id":"https:\/\/radis.ee\/de\/ausziehbarer-esstisch-nam-nam\/#primaryimage"},"thumbnailUrl":"https:\/\/radis.ee\/wp-content\/uploads\/2020\/10\/RA0468-Radis-extendable-dinner-table-NAM-NAM-2-white-top-light-oak.jpg","datePublished":"2022-10-27T23:04:36+00:00","dateModified":"2026-02-09T20:56:21+00:00","breadcrumb":{"@id":"https:\/\/radis.ee\/de\/ausziehbarer-esstisch-nam-nam\/#breadcrumb"},"inLanguage":"de","potentialAction":[{"@type":"ReadAction","target":["https:\/\/radis.ee\/de\/ausziehbarer-esstisch-nam-nam\/"]}]},{"@type":"ImageObject","inLanguage":"de","@id":"https:\/\/radis.ee\/de\/ausziehbarer-esstisch-nam-nam\/#primaryimage","url":"https:\/\/radis.ee\/wp-content\/uploads\/2020\/10\/RA0468-Radis-extendable-dinner-table-NAM-NAM-2-white-top-light-oak.jpg","contentUrl":"https:\/\/radis.ee\/wp-content\/uploads\/2020\/10\/RA0468-Radis-extendable-dinner-table-NAM-NAM-2-white-top-light-oak.jpg","width":2500,"height":2500},{"@type":"BreadcrumbList","@id":"https:\/\/radis.ee\/de\/ausziehbarer-esstisch-nam-nam\/#breadcrumb","itemListElement":[{"@type":"ListItem","position":1,"name":"Home","item":"https:\/\/radis.ee\/"},{"@type":"ListItem","position":2,"name":"Produkte","item":"https:\/\/radis.ee\/de\/produkte\/"},{"@type":"ListItem","position":3,"name":"Ausziehbarer Esstisch NAM-NAM"}]},{"@type":"WebSite","@id":"https:\/\/radis.ee\/#website","url":"https:\/\/radis.ee\/","name":"Radis","description":"Nordic design furniture, environmentally friendly and sustainable.","publisher":{"@id":"https:\/\/radis.ee\/#organization"},"potentialAction":[{"@type":"SearchAction","target":{"@type":"EntryPoint","urlTemplate":"https:\/\/radis.ee\/?s={search_term_string}"},"query-input":{"@type":"PropertyValueSpecification","valueRequired":true,"valueName":"search_term_string"}}],"inLanguage":"de"},{"@type":"Organization","@id":"https:\/\/radis.ee\/#organization","name":"Radis O\u00dc","url":"https:\/\/radis.ee\/","logo":{"@type":"ImageObject","inLanguage":"de","@id":"https:\/\/radis.ee\/#\/schema\/logo\/image\/","url":"https:\/\/radis.ee\/wp-content\/uploads\/2020\/10\/Radis-logo.png","contentUrl":"https:\/\/radis.ee\/wp-content\/uploads\/2020\/10\/Radis-logo.png","width":300,"height":63,"caption":"Radis O\u00dc"},"image":{"@id":"https:\/\/radis.ee\/#\/schema\/logo\/image\/"},"sameAs":["https:\/\/www.facebook.com\/radisfurniture\/"]}]}},"_links":{"self":[{"href":"https:\/\/radis.ee\/de\/wp-json\/wp\/v2\/product\/2956","targetHints":{"allow":["GET"]}}],"collection":[{"href":"https:\/\/radis.ee\/de\/wp-json\/wp\/v2\/product"}],"about":[{"href":"https:\/\/radis.ee\/de\/wp-json\/wp\/v2\/types\/product"}],"replies":[{"embeddable":true,"href":"https:\/\/radis.ee\/de\/wp-json\/wp\/v2\/comments?post=2956"}],"wp:featuredmedia":[{"embeddable":true,"href":"https:\/\/radis.ee\/de\/wp-json\/wp\/v2\/media\/4584"}],"wp:attachment":[{"href":"https:\/\/radis.ee\/de\/wp-json\/wp\/v2\/media?parent=2956"}],"wp:term":[{"taxonomy":"product_brand","embeddable":true,"href":"https:\/\/radis.ee\/de\/wp-json\/wp\/v2\/product_brand?post=2956"},{"taxonomy":"product_cat","embeddable":true,"href":"https:\/\/radis.ee\/de\/wp-json\/wp\/v2\/product_cat?post=2956"},{"taxonomy":"product_tag","embeddable":true,"href":"https:\/\/radis.ee\/de\/wp-json\/wp\/v2\/product_tag?post=2956"}],"curies":[{"name":"wp","href":"https:\/\/api.w.org\/{rel}","templated":true}]}}