{"id":29652,"date":"2022-10-07T23:38:23","date_gmt":"2022-10-07T20:38:23","guid":{"rendered":"https:\/\/radis.ee\/?post_type=product&#038;p=29652"},"modified":"2025-09-25T22:46:30","modified_gmt":"2025-09-25T19:46:30","slug":"kommode-huh-8-schubladen","status":"publish","type":"product","link":"https:\/\/radis.ee\/de\/kommode-huh-8-schubladen\/","title":{"rendered":"Kommode HUH 8 Schubladen"},"content":{"rendered":"<p>Du w\u00fcrdest nicht jeden in dein Schlafzimmer lassen, oder? Und Sie sollten sich nicht mit irgendwelchen M\u00f6beln zufrieden geben, wenn es um das beliebteste Zimmer des Hauses geht.<\/p>\n<p>Die Kommode HUH ist dank ihres klassischen und zeitlosen Designs ein perfektes M\u00f6belst\u00fcck f\u00fcr eine Vielzahl von Schlafzimmern. Vier ger\u00e4umige Schubladen bieten Platz f\u00fcr alles, von Socken und Unterw\u00e4sche bis hin zu gr\u00f6\u00dferen Kleidungsst\u00fccken.<\/p>\n<p>Mit 4 gro\u00dfen Schubladen sorgt die Sideboard-Schublade HUH mit ihren Staum\u00f6glichkeiten f\u00fcr Ordnung in Ihrem Schlafzimmer und l\u00e4sst es durch sein edles Design modern und zeitlos wirken.<\/p>\n<p>Hergestellt aus \u00f6lgewachstem Birkensperrholz, auch Eiche furniert und Koskisen HPL auf Sperrholz. Versteckte Schubladen mit sanftem Schlie\u00dfen. Ein 8 cm hoher Sockel, der gut zu allen Sockelleisten passt.<\/p>\n","protected":false},"excerpt":{"rendered":"<p>Du w\u00fcrdest nicht jeden in dein Schlafzimmer lassen, oder? Und Sie sollten sich nicht mit irgendwelchen M\u00f6beln zufrieden geben, wenn es um das beliebteste Zimmer des Hauses geht. Die Kommode HUH ist dank ihres klassischen und zeitlosen Designs ein perfektes M\u00f6belst\u00fcck f\u00fcr eine Vielzahl von Schlafzimmern. Vier ger\u00e4umige Schubladen bieten Platz f\u00fcr alles, von Socken&#8230;<\/p>\n","protected":false},"featured_media":29796,"comment_status":"open","ping_status":"closed","template":"","meta":{"_acf_changed":false},"product_brand":[],"product_cat":[17,110],"product_tag":[],"class_list":{"0":"post-29652","1":"product","2":"type-product","3":"status-publish","4":"has-post-thumbnail","6":"product_cat-kummutid","7":"product_cat-riidekapid","9":"first","10":"instock","11":"sale","12":"taxable","13":"shipping-taxable","14":"purchasable","15":"product-type-variable","16":"has-default-attributes"},"acf":[],"yoast_head":"<!-- This site is optimized with the Yoast SEO plugin v27.4 - https:\/\/yoast.com\/product\/yoast-seo-wordpress\/ -->\n<title>Kommode HUH 8 Schubladen - Radis<\/title>\n<meta name=\"robots\" content=\"index, follow, max-snippet:-1, max-image-preview:large, max-video-preview:-1\" \/>\n<link rel=\"canonical\" href=\"https:\/\/radis.ee\/de\/kommode-huh-8-schubladen\/\" \/>\n<meta property=\"og:locale\" content=\"de_DE\" \/>\n<meta property=\"og:type\" content=\"article\" \/>\n<meta property=\"og:title\" content=\"Kommode HUH 8 Schubladen - Radis\" \/>\n<meta property=\"og:description\" content=\"Du w\u00fcrdest nicht jeden in dein Schlafzimmer lassen, oder? Und Sie sollten sich nicht mit irgendwelchen M\u00f6beln zufrieden geben, wenn es um das beliebteste Zimmer des Hauses geht. Die Kommode HUH ist dank ihres klassischen und zeitlosen Designs ein perfektes M\u00f6belst\u00fcck f\u00fcr eine Vielzahl von Schlafzimmern. Vier ger\u00e4umige Schubladen bieten Platz f\u00fcr alles, von Socken...\" \/>\n<meta property=\"og:url\" content=\"https:\/\/radis.ee\/de\/kommode-huh-8-schubladen\/\" \/>\n<meta property=\"og:site_name\" content=\"Radis\" \/>\n<meta property=\"article:publisher\" content=\"https:\/\/www.facebook.com\/radisfurniture\/\" \/>\n<meta property=\"article:modified_time\" content=\"2025-09-25T19:46:30+00:00\" \/>\n<meta property=\"og:image\" content=\"https:\/\/radis.ee\/wp-content\/uploads\/2025\/09\/Radis_drawer_HUH_180cm_white_HPL_plywood.webp\" \/>\n\t<meta property=\"og:image:width\" content=\"885\" \/>\n\t<meta property=\"og:image:height\" content=\"705\" \/>\n\t<meta property=\"og:image:type\" content=\"image\/webp\" \/>\n<meta name=\"twitter:card\" content=\"summary_large_image\" \/>\n<meta name=\"twitter:label1\" content=\"Gesch\u00e4tzte Lesezeit\" \/>\n\t<meta name=\"twitter:data1\" content=\"1\u00a0Minute\" \/>\n<script type=\"application\/ld+json\" class=\"yoast-schema-graph\">{\"@context\":\"https:\\\/\\\/schema.org\",\"@graph\":[{\"@type\":\"WebPage\",\"@id\":\"https:\\\/\\\/radis.ee\\\/de\\\/kommode-huh-8-schubladen\\\/\",\"url\":\"https:\\\/\\\/radis.ee\\\/de\\\/kommode-huh-8-schubladen\\\/\",\"name\":\"Kommode HUH 8 Schubladen - Radis\",\"isPartOf\":{\"@id\":\"https:\\\/\\\/radis.ee\\\/#website\"},\"primaryImageOfPage\":{\"@id\":\"https:\\\/\\\/radis.ee\\\/de\\\/kommode-huh-8-schubladen\\\/#primaryimage\"},\"image\":{\"@id\":\"https:\\\/\\\/radis.ee\\\/de\\\/kommode-huh-8-schubladen\\\/#primaryimage\"},\"thumbnailUrl\":\"https:\\\/\\\/radis.ee\\\/wp-content\\\/uploads\\\/2022\\\/10\\\/Radis_drawer_HUH_Oak_veneered_plywood_white.webp\",\"datePublished\":\"2022-10-07T20:38:23+00:00\",\"dateModified\":\"2025-09-25T19:46:30+00:00\",\"breadcrumb\":{\"@id\":\"https:\\\/\\\/radis.ee\\\/de\\\/kommode-huh-8-schubladen\\\/#breadcrumb\"},\"inLanguage\":\"de\",\"potentialAction\":[{\"@type\":\"ReadAction\",\"target\":[\"https:\\\/\\\/radis.ee\\\/de\\\/kommode-huh-8-schubladen\\\/\"]}]},{\"@type\":\"ImageObject\",\"inLanguage\":\"de\",\"@id\":\"https:\\\/\\\/radis.ee\\\/de\\\/kommode-huh-8-schubladen\\\/#primaryimage\",\"url\":\"https:\\\/\\\/radis.ee\\\/wp-content\\\/uploads\\\/2022\\\/10\\\/Radis_drawer_HUH_Oak_veneered_plywood_white.webp\",\"contentUrl\":\"https:\\\/\\\/radis.ee\\\/wp-content\\\/uploads\\\/2022\\\/10\\\/Radis_drawer_HUH_Oak_veneered_plywood_white.webp\",\"width\":824,\"height\":645,\"caption\":\"Radis drawer HUH 180cm Oak veneered plywood\"},{\"@type\":\"BreadcrumbList\",\"@id\":\"https:\\\/\\\/radis.ee\\\/de\\\/kommode-huh-8-schubladen\\\/#breadcrumb\",\"itemListElement\":[{\"@type\":\"ListItem\",\"position\":1,\"name\":\"Home\",\"item\":\"https:\\\/\\\/radis.ee\\\/\"},{\"@type\":\"ListItem\",\"position\":2,\"name\":\"Produkte\",\"item\":\"https:\\\/\\\/radis.ee\\\/de\\\/produkte\\\/\"},{\"@type\":\"ListItem\",\"position\":3,\"name\":\"Kommode HUH 8 Schubladen\"}]},{\"@type\":\"WebSite\",\"@id\":\"https:\\\/\\\/radis.ee\\\/#website\",\"url\":\"https:\\\/\\\/radis.ee\\\/\",\"name\":\"Radis\",\"description\":\"Nordic design furniture, environmentally friendly and sustainable.\",\"publisher\":{\"@id\":\"https:\\\/\\\/radis.ee\\\/#organization\"},\"potentialAction\":[{\"@type\":\"SearchAction\",\"target\":{\"@type\":\"EntryPoint\",\"urlTemplate\":\"https:\\\/\\\/radis.ee\\\/?s={search_term_string}\"},\"query-input\":{\"@type\":\"PropertyValueSpecification\",\"valueRequired\":true,\"valueName\":\"search_term_string\"}}],\"inLanguage\":\"de\"},{\"@type\":\"Organization\",\"@id\":\"https:\\\/\\\/radis.ee\\\/#organization\",\"name\":\"Radis O\u00dc\",\"url\":\"https:\\\/\\\/radis.ee\\\/\",\"logo\":{\"@type\":\"ImageObject\",\"inLanguage\":\"de\",\"@id\":\"https:\\\/\\\/radis.ee\\\/#\\\/schema\\\/logo\\\/image\\\/\",\"url\":\"https:\\\/\\\/radis.ee\\\/wp-content\\\/uploads\\\/2020\\\/10\\\/Radis-logo.png\",\"contentUrl\":\"https:\\\/\\\/radis.ee\\\/wp-content\\\/uploads\\\/2020\\\/10\\\/Radis-logo.png\",\"width\":300,\"height\":63,\"caption\":\"Radis O\u00dc\"},\"image\":{\"@id\":\"https:\\\/\\\/radis.ee\\\/#\\\/schema\\\/logo\\\/image\\\/\"},\"sameAs\":[\"https:\\\/\\\/www.facebook.com\\\/radisfurniture\\\/\"]}]}<\/script>\n<!-- \/ Yoast SEO plugin. -->","yoast_head_json":{"title":"Kommode HUH 8 Schubladen - Radis","robots":{"index":"index","follow":"follow","max-snippet":"max-snippet:-1","max-image-preview":"max-image-preview:large","max-video-preview":"max-video-preview:-1"},"canonical":"https:\/\/radis.ee\/de\/kommode-huh-8-schubladen\/","og_locale":"de_DE","og_type":"article","og_title":"Kommode HUH 8 Schubladen - Radis","og_description":"Du w\u00fcrdest nicht jeden in dein Schlafzimmer lassen, oder? Und Sie sollten sich nicht mit irgendwelchen M\u00f6beln zufrieden geben, wenn es um das beliebteste Zimmer des Hauses geht. Die Kommode HUH ist dank ihres klassischen und zeitlosen Designs ein perfektes M\u00f6belst\u00fcck f\u00fcr eine Vielzahl von Schlafzimmern. Vier ger\u00e4umige Schubladen bieten Platz f\u00fcr alles, von Socken...","og_url":"https:\/\/radis.ee\/de\/kommode-huh-8-schubladen\/","og_site_name":"Radis","article_publisher":"https:\/\/www.facebook.com\/radisfurniture\/","article_modified_time":"2025-09-25T19:46:30+00:00","og_image":[{"width":885,"height":705,"url":"https:\/\/radis.ee\/wp-content\/uploads\/2025\/09\/Radis_drawer_HUH_180cm_white_HPL_plywood.webp","type":"image\/webp"}],"twitter_card":"summary_large_image","twitter_misc":{"Gesch\u00e4tzte Lesezeit":"1\u00a0Minute"},"schema":{"@context":"https:\/\/schema.org","@graph":[{"@type":"WebPage","@id":"https:\/\/radis.ee\/de\/kommode-huh-8-schubladen\/","url":"https:\/\/radis.ee\/de\/kommode-huh-8-schubladen\/","name":"Kommode HUH 8 Schubladen - Radis","isPartOf":{"@id":"https:\/\/radis.ee\/#website"},"primaryImageOfPage":{"@id":"https:\/\/radis.ee\/de\/kommode-huh-8-schubladen\/#primaryimage"},"image":{"@id":"https:\/\/radis.ee\/de\/kommode-huh-8-schubladen\/#primaryimage"},"thumbnailUrl":"https:\/\/radis.ee\/wp-content\/uploads\/2022\/10\/Radis_drawer_HUH_Oak_veneered_plywood_white.webp","datePublished":"2022-10-07T20:38:23+00:00","dateModified":"2025-09-25T19:46:30+00:00","breadcrumb":{"@id":"https:\/\/radis.ee\/de\/kommode-huh-8-schubladen\/#breadcrumb"},"inLanguage":"de","potentialAction":[{"@type":"ReadAction","target":["https:\/\/radis.ee\/de\/kommode-huh-8-schubladen\/"]}]},{"@type":"ImageObject","inLanguage":"de","@id":"https:\/\/radis.ee\/de\/kommode-huh-8-schubladen\/#primaryimage","url":"https:\/\/radis.ee\/wp-content\/uploads\/2022\/10\/Radis_drawer_HUH_Oak_veneered_plywood_white.webp","contentUrl":"https:\/\/radis.ee\/wp-content\/uploads\/2022\/10\/Radis_drawer_HUH_Oak_veneered_plywood_white.webp","width":824,"height":645,"caption":"Radis drawer HUH 180cm Oak veneered plywood"},{"@type":"BreadcrumbList","@id":"https:\/\/radis.ee\/de\/kommode-huh-8-schubladen\/#breadcrumb","itemListElement":[{"@type":"ListItem","position":1,"name":"Home","item":"https:\/\/radis.ee\/"},{"@type":"ListItem","position":2,"name":"Produkte","item":"https:\/\/radis.ee\/de\/produkte\/"},{"@type":"ListItem","position":3,"name":"Kommode HUH 8 Schubladen"}]},{"@type":"WebSite","@id":"https:\/\/radis.ee\/#website","url":"https:\/\/radis.ee\/","name":"Radis","description":"Nordic design furniture, environmentally friendly and sustainable.","publisher":{"@id":"https:\/\/radis.ee\/#organization"},"potentialAction":[{"@type":"SearchAction","target":{"@type":"EntryPoint","urlTemplate":"https:\/\/radis.ee\/?s={search_term_string}"},"query-input":{"@type":"PropertyValueSpecification","valueRequired":true,"valueName":"search_term_string"}}],"inLanguage":"de"},{"@type":"Organization","@id":"https:\/\/radis.ee\/#organization","name":"Radis O\u00dc","url":"https:\/\/radis.ee\/","logo":{"@type":"ImageObject","inLanguage":"de","@id":"https:\/\/radis.ee\/#\/schema\/logo\/image\/","url":"https:\/\/radis.ee\/wp-content\/uploads\/2020\/10\/Radis-logo.png","contentUrl":"https:\/\/radis.ee\/wp-content\/uploads\/2020\/10\/Radis-logo.png","width":300,"height":63,"caption":"Radis O\u00dc"},"image":{"@id":"https:\/\/radis.ee\/#\/schema\/logo\/image\/"},"sameAs":["https:\/\/www.facebook.com\/radisfurniture\/"]}]}},"_links":{"self":[{"href":"https:\/\/radis.ee\/de\/wp-json\/wp\/v2\/product\/29652","targetHints":{"allow":["GET"]}}],"collection":[{"href":"https:\/\/radis.ee\/de\/wp-json\/wp\/v2\/product"}],"about":[{"href":"https:\/\/radis.ee\/de\/wp-json\/wp\/v2\/types\/product"}],"replies":[{"embeddable":true,"href":"https:\/\/radis.ee\/de\/wp-json\/wp\/v2\/comments?post=29652"}],"wp:featuredmedia":[{"embeddable":true,"href":"https:\/\/radis.ee\/de\/wp-json\/wp\/v2\/media\/29796"}],"wp:attachment":[{"href":"https:\/\/radis.ee\/de\/wp-json\/wp\/v2\/media?parent=29652"}],"wp:term":[{"taxonomy":"product_brand","embeddable":true,"href":"https:\/\/radis.ee\/de\/wp-json\/wp\/v2\/product_brand?post=29652"},{"taxonomy":"product_cat","embeddable":true,"href":"https:\/\/radis.ee\/de\/wp-json\/wp\/v2\/product_cat?post=29652"},{"taxonomy":"product_tag","embeddable":true,"href":"https:\/\/radis.ee\/de\/wp-json\/wp\/v2\/product_tag?post=29652"}],"curies":[{"name":"wp","href":"https:\/\/api.w.org\/{rel}","templated":true}]}}