{"id":2980,"date":"2022-02-13T21:48:02","date_gmt":"2022-02-13T19:48:02","guid":{"rendered":"https:\/\/radis.ee\/unkategorisiert\/anrichte-pix-4x5\/"},"modified":"2024-01-30T15:12:16","modified_gmt":"2024-01-30T13:12:16","slug":"anrichte-pix-4x5","status":"publish","type":"product","link":"https:\/\/radis.ee\/de\/anrichte-pix-4x5\/","title":{"rendered":"Anrichte PIX 4&#215;5"},"content":{"rendered":"<p>Ger\u00e4umig und robust, nimmt diese Anrichte auf, was in Wohnzimmer, Kinderzimmer oder B\u00fcro verstaut werden muss. Mit der Anrichte PIX schaffen Sie Ordnung.<\/p>\n<p>Die innere Regalh\u00f6he betr\u00e4gt 33 cm, die Innenbreite 67 cm, also auch f\u00fcr B\u00fcroordner geeignet. Oder passend f\u00fcr Ihre Lieblingsschallplatten.<\/p>\n<p>Aus Birkensperrholz, \u00f6lgewachst, zus\u00e4tzlich Eiche furniert und HPL-beschichtet. Soft-Close-T\u00fcrscharniere. Ein 8 cm hoher Sockel, der gut zu allen Sockelleisten passt.<\/p>\n","protected":false},"excerpt":{"rendered":"<p>Ger\u00e4umig und robust, nimmt diese Anrichte auf, was in Wohnzimmer, Kinderzimmer oder B\u00fcro verstaut werden muss. Mit der Anrichte PIX schaffen Sie Ordnung. Die innere Regalh\u00f6he betr\u00e4gt 33 cm, die Innenbreite 67 cm, also auch f\u00fcr B\u00fcroordner geeignet. Oder passend f\u00fcr Ihre Lieblingsschallplatten. Aus Birkensperrholz, \u00f6lgewachst, zus\u00e4tzlich Eiche furniert und HPL-beschichtet. Soft-Close-T\u00fcrscharniere. Ein 8 cm&#8230;<\/p>\n","protected":false},"featured_media":3882,"comment_status":"open","ping_status":"closed","template":"","meta":{"_acf_changed":false},"product_brand":[],"product_cat":[290],"product_tag":[],"class_list":{"0":"post-2980","1":"product","2":"type-product","3":"status-publish","4":"has-post-thumbnail","6":"product_cat-anrichten","8":"first","9":"instock","10":"taxable","11":"shipping-taxable","12":"purchasable","13":"product-type-variable","14":"has-default-attributes"},"acf":[],"yoast_head":"<!-- This site is optimized with the Yoast SEO plugin v27.3 - https:\/\/yoast.com\/product\/yoast-seo-wordpress\/ -->\n<title>Anrichte PIX 4x5 - Radis<\/title>\n<meta name=\"robots\" content=\"index, follow, max-snippet:-1, max-image-preview:large, max-video-preview:-1\" \/>\n<link rel=\"canonical\" href=\"https:\/\/radis.ee\/de\/anrichte-pix-4x5\/\" \/>\n<meta property=\"og:locale\" content=\"de_DE\" \/>\n<meta property=\"og:type\" content=\"article\" \/>\n<meta property=\"og:title\" content=\"Anrichte PIX 4x5 - Radis\" \/>\n<meta property=\"og:description\" content=\"Ger\u00e4umig und robust, nimmt diese Anrichte auf, was in Wohnzimmer, Kinderzimmer oder B\u00fcro verstaut werden muss. Mit der Anrichte PIX schaffen Sie Ordnung. Die innere Regalh\u00f6he betr\u00e4gt 33 cm, die Innenbreite 67 cm, also auch f\u00fcr B\u00fcroordner geeignet. Oder passend f\u00fcr Ihre Lieblingsschallplatten. Aus Birkensperrholz, \u00f6lgewachst, zus\u00e4tzlich Eiche furniert und HPL-beschichtet. Soft-Close-T\u00fcrscharniere. Ein 8 cm...\" \/>\n<meta property=\"og:url\" content=\"https:\/\/radis.ee\/de\/anrichte-pix-4x5\/\" \/>\n<meta property=\"og:site_name\" content=\"Radis\" \/>\n<meta property=\"article:publisher\" content=\"https:\/\/www.facebook.com\/radisfurniture\/\" \/>\n<meta property=\"article:modified_time\" content=\"2024-01-30T13:12:16+00:00\" \/>\n<meta property=\"og:image\" content=\"https:\/\/radis.ee\/wp-content\/uploads\/2020\/09\/Radis_sideboard_PIX4x5_oak_veneered-1-scaled.jpg\" \/>\n\t<meta property=\"og:image:width\" content=\"5000\" \/>\n\t<meta property=\"og:image:height\" content=\"3750\" \/>\n\t<meta property=\"og:image:type\" content=\"image\/jpeg\" \/>\n<meta name=\"twitter:card\" content=\"summary_large_image\" \/>\n<script type=\"application\/ld+json\" class=\"yoast-schema-graph\">{\"@context\":\"https:\\\/\\\/schema.org\",\"@graph\":[{\"@type\":\"WebPage\",\"@id\":\"https:\\\/\\\/radis.ee\\\/de\\\/anrichte-pix-4x5\\\/\",\"url\":\"https:\\\/\\\/radis.ee\\\/de\\\/anrichte-pix-4x5\\\/\",\"name\":\"Anrichte PIX 4x5 - Radis\",\"isPartOf\":{\"@id\":\"https:\\\/\\\/radis.ee\\\/#website\"},\"primaryImageOfPage\":{\"@id\":\"https:\\\/\\\/radis.ee\\\/de\\\/anrichte-pix-4x5\\\/#primaryimage\"},\"image\":{\"@id\":\"https:\\\/\\\/radis.ee\\\/de\\\/anrichte-pix-4x5\\\/#primaryimage\"},\"thumbnailUrl\":\"https:\\\/\\\/radis.ee\\\/wp-content\\\/uploads\\\/2020\\\/09\\\/Radis_sideboard_PIX4x5_oak_veneered-1-scaled.jpg\",\"datePublished\":\"2022-02-13T19:48:02+00:00\",\"dateModified\":\"2024-01-30T13:12:16+00:00\",\"breadcrumb\":{\"@id\":\"https:\\\/\\\/radis.ee\\\/de\\\/anrichte-pix-4x5\\\/#breadcrumb\"},\"inLanguage\":\"de\",\"potentialAction\":[{\"@type\":\"ReadAction\",\"target\":[\"https:\\\/\\\/radis.ee\\\/de\\\/anrichte-pix-4x5\\\/\"]}]},{\"@type\":\"ImageObject\",\"inLanguage\":\"de\",\"@id\":\"https:\\\/\\\/radis.ee\\\/de\\\/anrichte-pix-4x5\\\/#primaryimage\",\"url\":\"https:\\\/\\\/radis.ee\\\/wp-content\\\/uploads\\\/2020\\\/09\\\/Radis_sideboard_PIX4x5_oak_veneered-1-scaled.jpg\",\"contentUrl\":\"https:\\\/\\\/radis.ee\\\/wp-content\\\/uploads\\\/2020\\\/09\\\/Radis_sideboard_PIX4x5_oak_veneered-1-scaled.jpg\",\"width\":5000,\"height\":3750,\"caption\":\"SIDEBOARD PIX 4X5 OAK VENEERED\"},{\"@type\":\"BreadcrumbList\",\"@id\":\"https:\\\/\\\/radis.ee\\\/de\\\/anrichte-pix-4x5\\\/#breadcrumb\",\"itemListElement\":[{\"@type\":\"ListItem\",\"position\":1,\"name\":\"Home\",\"item\":\"https:\\\/\\\/radis.ee\\\/\"},{\"@type\":\"ListItem\",\"position\":2,\"name\":\"Produkte\",\"item\":\"https:\\\/\\\/radis.ee\\\/de\\\/produkte\\\/\"},{\"@type\":\"ListItem\",\"position\":3,\"name\":\"Anrichte PIX 4&#215;5\"}]},{\"@type\":\"WebSite\",\"@id\":\"https:\\\/\\\/radis.ee\\\/#website\",\"url\":\"https:\\\/\\\/radis.ee\\\/\",\"name\":\"Radis\",\"description\":\"Nordic design furniture, environmentally friendly and sustainable.\",\"publisher\":{\"@id\":\"https:\\\/\\\/radis.ee\\\/#organization\"},\"potentialAction\":[{\"@type\":\"SearchAction\",\"target\":{\"@type\":\"EntryPoint\",\"urlTemplate\":\"https:\\\/\\\/radis.ee\\\/?s={search_term_string}\"},\"query-input\":{\"@type\":\"PropertyValueSpecification\",\"valueRequired\":true,\"valueName\":\"search_term_string\"}}],\"inLanguage\":\"de\"},{\"@type\":\"Organization\",\"@id\":\"https:\\\/\\\/radis.ee\\\/#organization\",\"name\":\"Radis O\u00dc\",\"url\":\"https:\\\/\\\/radis.ee\\\/\",\"logo\":{\"@type\":\"ImageObject\",\"inLanguage\":\"de\",\"@id\":\"https:\\\/\\\/radis.ee\\\/#\\\/schema\\\/logo\\\/image\\\/\",\"url\":\"https:\\\/\\\/radis.ee\\\/wp-content\\\/uploads\\\/2020\\\/10\\\/Radis-logo.png\",\"contentUrl\":\"https:\\\/\\\/radis.ee\\\/wp-content\\\/uploads\\\/2020\\\/10\\\/Radis-logo.png\",\"width\":300,\"height\":63,\"caption\":\"Radis O\u00dc\"},\"image\":{\"@id\":\"https:\\\/\\\/radis.ee\\\/#\\\/schema\\\/logo\\\/image\\\/\"},\"sameAs\":[\"https:\\\/\\\/www.facebook.com\\\/radisfurniture\\\/\"]}]}<\/script>\n<!-- \/ Yoast SEO plugin. -->","yoast_head_json":{"title":"Anrichte PIX 4x5 - Radis","robots":{"index":"index","follow":"follow","max-snippet":"max-snippet:-1","max-image-preview":"max-image-preview:large","max-video-preview":"max-video-preview:-1"},"canonical":"https:\/\/radis.ee\/de\/anrichte-pix-4x5\/","og_locale":"de_DE","og_type":"article","og_title":"Anrichte PIX 4x5 - Radis","og_description":"Ger\u00e4umig und robust, nimmt diese Anrichte auf, was in Wohnzimmer, Kinderzimmer oder B\u00fcro verstaut werden muss. Mit der Anrichte PIX schaffen Sie Ordnung. Die innere Regalh\u00f6he betr\u00e4gt 33 cm, die Innenbreite 67 cm, also auch f\u00fcr B\u00fcroordner geeignet. Oder passend f\u00fcr Ihre Lieblingsschallplatten. Aus Birkensperrholz, \u00f6lgewachst, zus\u00e4tzlich Eiche furniert und HPL-beschichtet. Soft-Close-T\u00fcrscharniere. Ein 8 cm...","og_url":"https:\/\/radis.ee\/de\/anrichte-pix-4x5\/","og_site_name":"Radis","article_publisher":"https:\/\/www.facebook.com\/radisfurniture\/","article_modified_time":"2024-01-30T13:12:16+00:00","og_image":[{"width":5000,"height":3750,"url":"https:\/\/radis.ee\/wp-content\/uploads\/2020\/09\/Radis_sideboard_PIX4x5_oak_veneered-1-scaled.jpg","type":"image\/jpeg"}],"twitter_card":"summary_large_image","schema":{"@context":"https:\/\/schema.org","@graph":[{"@type":"WebPage","@id":"https:\/\/radis.ee\/de\/anrichte-pix-4x5\/","url":"https:\/\/radis.ee\/de\/anrichte-pix-4x5\/","name":"Anrichte PIX 4x5 - Radis","isPartOf":{"@id":"https:\/\/radis.ee\/#website"},"primaryImageOfPage":{"@id":"https:\/\/radis.ee\/de\/anrichte-pix-4x5\/#primaryimage"},"image":{"@id":"https:\/\/radis.ee\/de\/anrichte-pix-4x5\/#primaryimage"},"thumbnailUrl":"https:\/\/radis.ee\/wp-content\/uploads\/2020\/09\/Radis_sideboard_PIX4x5_oak_veneered-1-scaled.jpg","datePublished":"2022-02-13T19:48:02+00:00","dateModified":"2024-01-30T13:12:16+00:00","breadcrumb":{"@id":"https:\/\/radis.ee\/de\/anrichte-pix-4x5\/#breadcrumb"},"inLanguage":"de","potentialAction":[{"@type":"ReadAction","target":["https:\/\/radis.ee\/de\/anrichte-pix-4x5\/"]}]},{"@type":"ImageObject","inLanguage":"de","@id":"https:\/\/radis.ee\/de\/anrichte-pix-4x5\/#primaryimage","url":"https:\/\/radis.ee\/wp-content\/uploads\/2020\/09\/Radis_sideboard_PIX4x5_oak_veneered-1-scaled.jpg","contentUrl":"https:\/\/radis.ee\/wp-content\/uploads\/2020\/09\/Radis_sideboard_PIX4x5_oak_veneered-1-scaled.jpg","width":5000,"height":3750,"caption":"SIDEBOARD PIX 4X5 OAK VENEERED"},{"@type":"BreadcrumbList","@id":"https:\/\/radis.ee\/de\/anrichte-pix-4x5\/#breadcrumb","itemListElement":[{"@type":"ListItem","position":1,"name":"Home","item":"https:\/\/radis.ee\/"},{"@type":"ListItem","position":2,"name":"Produkte","item":"https:\/\/radis.ee\/de\/produkte\/"},{"@type":"ListItem","position":3,"name":"Anrichte PIX 4&#215;5"}]},{"@type":"WebSite","@id":"https:\/\/radis.ee\/#website","url":"https:\/\/radis.ee\/","name":"Radis","description":"Nordic design furniture, environmentally friendly and sustainable.","publisher":{"@id":"https:\/\/radis.ee\/#organization"},"potentialAction":[{"@type":"SearchAction","target":{"@type":"EntryPoint","urlTemplate":"https:\/\/radis.ee\/?s={search_term_string}"},"query-input":{"@type":"PropertyValueSpecification","valueRequired":true,"valueName":"search_term_string"}}],"inLanguage":"de"},{"@type":"Organization","@id":"https:\/\/radis.ee\/#organization","name":"Radis O\u00dc","url":"https:\/\/radis.ee\/","logo":{"@type":"ImageObject","inLanguage":"de","@id":"https:\/\/radis.ee\/#\/schema\/logo\/image\/","url":"https:\/\/radis.ee\/wp-content\/uploads\/2020\/10\/Radis-logo.png","contentUrl":"https:\/\/radis.ee\/wp-content\/uploads\/2020\/10\/Radis-logo.png","width":300,"height":63,"caption":"Radis O\u00dc"},"image":{"@id":"https:\/\/radis.ee\/#\/schema\/logo\/image\/"},"sameAs":["https:\/\/www.facebook.com\/radisfurniture\/"]}]}},"_links":{"self":[{"href":"https:\/\/radis.ee\/de\/wp-json\/wp\/v2\/product\/2980","targetHints":{"allow":["GET"]}}],"collection":[{"href":"https:\/\/radis.ee\/de\/wp-json\/wp\/v2\/product"}],"about":[{"href":"https:\/\/radis.ee\/de\/wp-json\/wp\/v2\/types\/product"}],"replies":[{"embeddable":true,"href":"https:\/\/radis.ee\/de\/wp-json\/wp\/v2\/comments?post=2980"}],"wp:featuredmedia":[{"embeddable":true,"href":"https:\/\/radis.ee\/de\/wp-json\/wp\/v2\/media\/3882"}],"wp:attachment":[{"href":"https:\/\/radis.ee\/de\/wp-json\/wp\/v2\/media?parent=2980"}],"wp:term":[{"taxonomy":"product_brand","embeddable":true,"href":"https:\/\/radis.ee\/de\/wp-json\/wp\/v2\/product_brand?post=2980"},{"taxonomy":"product_cat","embeddable":true,"href":"https:\/\/radis.ee\/de\/wp-json\/wp\/v2\/product_cat?post=2980"},{"taxonomy":"product_tag","embeddable":true,"href":"https:\/\/radis.ee\/de\/wp-json\/wp\/v2\/product_tag?post=2980"}],"curies":[{"name":"wp","href":"https:\/\/api.w.org\/{rel}","templated":true}]}}