{"id":30193,"date":"2023-06-27T08:13:42","date_gmt":"2023-06-27T05:13:42","guid":{"rendered":"https:\/\/radis.ee\/?post_type=product&#038;p=30193"},"modified":"2025-11-18T16:41:01","modified_gmt":"2025-11-18T14:41:01","slug":"regal-finn","status":"publish","type":"product","link":"https:\/\/radis.ee\/de\/regal-finn\/","title":{"rendered":"Regal FINN"},"content":{"rendered":"<p>Inspiriert von den klaren Linien nordischen Designs und geschaffen f\u00fcr eine behagliche Eleganz in Ihrem Zuhause.<\/p>\n<p>Dieses prachtvolle Regal, beschichtet mit hochwertigem Eichenfurnier oder HPL auf Sperrholz, ist mehr als nur ein Stauraum; es ist ein dynamisches Herzst\u00fcck. Sein verschlungenes, asymmetrisches Gitter erm\u00f6glicht es Ihnen, Ihre B\u00fccher und Sch\u00e4tze zu sortieren und jedes ausgestellte Objekt in ein Kunstwerk zu verwandeln.<\/p>\n<p>Das Regal FINN bringt W\u00e4rme und moderne Struktur in jeden Wohnraum und harmoniert perfekt mit Ihren Sofas und Textilien. Es ist die ideale Verbindung von Form und Funktion f\u00fcr ein wahrhaft nordisch-gem\u00fctliches Zuhause.<\/p>\n<p>FINN wird aus umweltfreundlichem Birkensperrholz gefertigt, beschichtet mit Eichenfurnier oder HPL-Laminat. Das Regal verf\u00fcgt \u00fcber einen 8 cm hohen Sockel, der sich an verschiedene Fu\u00dfleisten anpasst. Die Stabilit\u00e4t wird durch die R\u00fcckw\u00e4nde in den \u00e4u\u00dferen Ecken gew\u00e4hrleistet. Die Au\u00dfenseiten sind mit D\u00fcbeln und Exzenterverbindungen, die Innenseiten mit Zapfen befestigt. Der Abstand zwischen den inneren Regalb\u00f6den betr\u00e4gt 28 cm.<\/p>\n","protected":false},"excerpt":{"rendered":"<p>Inspiriert von den klaren Linien nordischen Designs und geschaffen f\u00fcr eine behagliche Eleganz in Ihrem Zuhause. Dieses prachtvolle Regal, beschichtet mit hochwertigem Eichenfurnier oder HPL auf Sperrholz, ist mehr als nur ein Stauraum; es ist ein dynamisches Herzst\u00fcck. Sein verschlungenes, asymmetrisches Gitter erm\u00f6glicht es Ihnen, Ihre B\u00fccher und Sch\u00e4tze zu sortieren und jedes ausgestellte Objekt&#8230;<\/p>\n","protected":false},"featured_media":30553,"comment_status":"open","ping_status":"closed","template":"","meta":{"_acf_changed":false},"product_brand":[],"product_cat":[109],"product_tag":[],"class_list":{"0":"post-30193","1":"product","2":"type-product","3":"status-publish","4":"has-post-thumbnail","6":"product_cat-riiulid","8":"first","9":"instock","10":"taxable","11":"shipping-taxable","12":"purchasable","13":"product-type-variable","14":"has-default-attributes"},"acf":[],"yoast_head":"<!-- This site is optimized with the Yoast SEO plugin v27.3 - https:\/\/yoast.com\/product\/yoast-seo-wordpress\/ -->\n<title>Regal FINN - Radis<\/title>\n<meta name=\"robots\" content=\"index, follow, max-snippet:-1, max-image-preview:large, max-video-preview:-1\" \/>\n<link rel=\"canonical\" href=\"https:\/\/radis.ee\/de\/regal-finn\/\" \/>\n<meta property=\"og:locale\" content=\"de_DE\" \/>\n<meta property=\"og:type\" content=\"article\" \/>\n<meta property=\"og:title\" content=\"Regal FINN - Radis\" \/>\n<meta property=\"og:description\" content=\"Inspiriert von den klaren Linien nordischen Designs und geschaffen f\u00fcr eine behagliche Eleganz in Ihrem Zuhause. Dieses prachtvolle Regal, beschichtet mit hochwertigem Eichenfurnier oder HPL auf Sperrholz, ist mehr als nur ein Stauraum; es ist ein dynamisches Herzst\u00fcck. Sein verschlungenes, asymmetrisches Gitter erm\u00f6glicht es Ihnen, Ihre B\u00fccher und Sch\u00e4tze zu sortieren und jedes ausgestellte Objekt...\" \/>\n<meta property=\"og:url\" content=\"https:\/\/radis.ee\/de\/regal-finn\/\" \/>\n<meta property=\"og:site_name\" content=\"Radis\" \/>\n<meta property=\"article:publisher\" content=\"https:\/\/www.facebook.com\/radisfurniture\/\" \/>\n<meta property=\"article:modified_time\" content=\"2025-11-18T14:41:01+00:00\" \/>\n<meta property=\"og:image\" content=\"https:\/\/radis.ee\/wp-content\/uploads\/2025\/11\/Radis_Furniture_shelf_FINN_Oak_veneered_plywood_white_background_2.webp\" \/>\n\t<meta property=\"og:image:width\" content=\"864\" \/>\n\t<meta property=\"og:image:height\" content=\"1184\" \/>\n\t<meta property=\"og:image:type\" content=\"image\/webp\" \/>\n<meta name=\"twitter:card\" content=\"summary_large_image\" \/>\n<meta name=\"twitter:label1\" content=\"Gesch\u00e4tzte Lesezeit\" \/>\n\t<meta name=\"twitter:data1\" content=\"1\u00a0Minute\" \/>\n<script type=\"application\/ld+json\" class=\"yoast-schema-graph\">{\"@context\":\"https:\\\/\\\/schema.org\",\"@graph\":[{\"@type\":\"WebPage\",\"@id\":\"https:\\\/\\\/radis.ee\\\/de\\\/regal-finn\\\/\",\"url\":\"https:\\\/\\\/radis.ee\\\/de\\\/regal-finn\\\/\",\"name\":\"Regal FINN - Radis\",\"isPartOf\":{\"@id\":\"https:\\\/\\\/radis.ee\\\/#website\"},\"primaryImageOfPage\":{\"@id\":\"https:\\\/\\\/radis.ee\\\/de\\\/regal-finn\\\/#primaryimage\"},\"image\":{\"@id\":\"https:\\\/\\\/radis.ee\\\/de\\\/regal-finn\\\/#primaryimage\"},\"thumbnailUrl\":\"https:\\\/\\\/radis.ee\\\/wp-content\\\/uploads\\\/2025\\\/11\\\/Radis_Furniture_shelf_FINN_Oak_veneered_plywood_white_background_2.webp\",\"datePublished\":\"2023-06-27T05:13:42+00:00\",\"dateModified\":\"2025-11-18T14:41:01+00:00\",\"breadcrumb\":{\"@id\":\"https:\\\/\\\/radis.ee\\\/de\\\/regal-finn\\\/#breadcrumb\"},\"inLanguage\":\"de\",\"potentialAction\":[{\"@type\":\"ReadAction\",\"target\":[\"https:\\\/\\\/radis.ee\\\/de\\\/regal-finn\\\/\"]}]},{\"@type\":\"ImageObject\",\"inLanguage\":\"de\",\"@id\":\"https:\\\/\\\/radis.ee\\\/de\\\/regal-finn\\\/#primaryimage\",\"url\":\"https:\\\/\\\/radis.ee\\\/wp-content\\\/uploads\\\/2025\\\/11\\\/Radis_Furniture_shelf_FINN_Oak_veneered_plywood_white_background_2.webp\",\"contentUrl\":\"https:\\\/\\\/radis.ee\\\/wp-content\\\/uploads\\\/2025\\\/11\\\/Radis_Furniture_shelf_FINN_Oak_veneered_plywood_white_background_2.webp\",\"width\":864,\"height\":1184,\"caption\":\"Radis Furniture shelf FINN Oak veneered plywood\"},{\"@type\":\"BreadcrumbList\",\"@id\":\"https:\\\/\\\/radis.ee\\\/de\\\/regal-finn\\\/#breadcrumb\",\"itemListElement\":[{\"@type\":\"ListItem\",\"position\":1,\"name\":\"Home\",\"item\":\"https:\\\/\\\/radis.ee\\\/\"},{\"@type\":\"ListItem\",\"position\":2,\"name\":\"Produkte\",\"item\":\"https:\\\/\\\/radis.ee\\\/de\\\/produkte\\\/\"},{\"@type\":\"ListItem\",\"position\":3,\"name\":\"Regal FINN\"}]},{\"@type\":\"WebSite\",\"@id\":\"https:\\\/\\\/radis.ee\\\/#website\",\"url\":\"https:\\\/\\\/radis.ee\\\/\",\"name\":\"Radis\",\"description\":\"Nordic design furniture, environmentally friendly and sustainable.\",\"publisher\":{\"@id\":\"https:\\\/\\\/radis.ee\\\/#organization\"},\"potentialAction\":[{\"@type\":\"SearchAction\",\"target\":{\"@type\":\"EntryPoint\",\"urlTemplate\":\"https:\\\/\\\/radis.ee\\\/?s={search_term_string}\"},\"query-input\":{\"@type\":\"PropertyValueSpecification\",\"valueRequired\":true,\"valueName\":\"search_term_string\"}}],\"inLanguage\":\"de\"},{\"@type\":\"Organization\",\"@id\":\"https:\\\/\\\/radis.ee\\\/#organization\",\"name\":\"Radis O\u00dc\",\"url\":\"https:\\\/\\\/radis.ee\\\/\",\"logo\":{\"@type\":\"ImageObject\",\"inLanguage\":\"de\",\"@id\":\"https:\\\/\\\/radis.ee\\\/#\\\/schema\\\/logo\\\/image\\\/\",\"url\":\"https:\\\/\\\/radis.ee\\\/wp-content\\\/uploads\\\/2020\\\/10\\\/Radis-logo.png\",\"contentUrl\":\"https:\\\/\\\/radis.ee\\\/wp-content\\\/uploads\\\/2020\\\/10\\\/Radis-logo.png\",\"width\":300,\"height\":63,\"caption\":\"Radis O\u00dc\"},\"image\":{\"@id\":\"https:\\\/\\\/radis.ee\\\/#\\\/schema\\\/logo\\\/image\\\/\"},\"sameAs\":[\"https:\\\/\\\/www.facebook.com\\\/radisfurniture\\\/\"]}]}<\/script>\n<!-- \/ Yoast SEO plugin. -->","yoast_head_json":{"title":"Regal FINN - Radis","robots":{"index":"index","follow":"follow","max-snippet":"max-snippet:-1","max-image-preview":"max-image-preview:large","max-video-preview":"max-video-preview:-1"},"canonical":"https:\/\/radis.ee\/de\/regal-finn\/","og_locale":"de_DE","og_type":"article","og_title":"Regal FINN - Radis","og_description":"Inspiriert von den klaren Linien nordischen Designs und geschaffen f\u00fcr eine behagliche Eleganz in Ihrem Zuhause. Dieses prachtvolle Regal, beschichtet mit hochwertigem Eichenfurnier oder HPL auf Sperrholz, ist mehr als nur ein Stauraum; es ist ein dynamisches Herzst\u00fcck. Sein verschlungenes, asymmetrisches Gitter erm\u00f6glicht es Ihnen, Ihre B\u00fccher und Sch\u00e4tze zu sortieren und jedes ausgestellte Objekt...","og_url":"https:\/\/radis.ee\/de\/regal-finn\/","og_site_name":"Radis","article_publisher":"https:\/\/www.facebook.com\/radisfurniture\/","article_modified_time":"2025-11-18T14:41:01+00:00","og_image":[{"width":864,"height":1184,"url":"https:\/\/radis.ee\/wp-content\/uploads\/2025\/11\/Radis_Furniture_shelf_FINN_Oak_veneered_plywood_white_background_2.webp","type":"image\/webp"}],"twitter_card":"summary_large_image","twitter_misc":{"Gesch\u00e4tzte Lesezeit":"1\u00a0Minute"},"schema":{"@context":"https:\/\/schema.org","@graph":[{"@type":"WebPage","@id":"https:\/\/radis.ee\/de\/regal-finn\/","url":"https:\/\/radis.ee\/de\/regal-finn\/","name":"Regal FINN - Radis","isPartOf":{"@id":"https:\/\/radis.ee\/#website"},"primaryImageOfPage":{"@id":"https:\/\/radis.ee\/de\/regal-finn\/#primaryimage"},"image":{"@id":"https:\/\/radis.ee\/de\/regal-finn\/#primaryimage"},"thumbnailUrl":"https:\/\/radis.ee\/wp-content\/uploads\/2025\/11\/Radis_Furniture_shelf_FINN_Oak_veneered_plywood_white_background_2.webp","datePublished":"2023-06-27T05:13:42+00:00","dateModified":"2025-11-18T14:41:01+00:00","breadcrumb":{"@id":"https:\/\/radis.ee\/de\/regal-finn\/#breadcrumb"},"inLanguage":"de","potentialAction":[{"@type":"ReadAction","target":["https:\/\/radis.ee\/de\/regal-finn\/"]}]},{"@type":"ImageObject","inLanguage":"de","@id":"https:\/\/radis.ee\/de\/regal-finn\/#primaryimage","url":"https:\/\/radis.ee\/wp-content\/uploads\/2025\/11\/Radis_Furniture_shelf_FINN_Oak_veneered_plywood_white_background_2.webp","contentUrl":"https:\/\/radis.ee\/wp-content\/uploads\/2025\/11\/Radis_Furniture_shelf_FINN_Oak_veneered_plywood_white_background_2.webp","width":864,"height":1184,"caption":"Radis Furniture shelf FINN Oak veneered plywood"},{"@type":"BreadcrumbList","@id":"https:\/\/radis.ee\/de\/regal-finn\/#breadcrumb","itemListElement":[{"@type":"ListItem","position":1,"name":"Home","item":"https:\/\/radis.ee\/"},{"@type":"ListItem","position":2,"name":"Produkte","item":"https:\/\/radis.ee\/de\/produkte\/"},{"@type":"ListItem","position":3,"name":"Regal FINN"}]},{"@type":"WebSite","@id":"https:\/\/radis.ee\/#website","url":"https:\/\/radis.ee\/","name":"Radis","description":"Nordic design furniture, environmentally friendly and sustainable.","publisher":{"@id":"https:\/\/radis.ee\/#organization"},"potentialAction":[{"@type":"SearchAction","target":{"@type":"EntryPoint","urlTemplate":"https:\/\/radis.ee\/?s={search_term_string}"},"query-input":{"@type":"PropertyValueSpecification","valueRequired":true,"valueName":"search_term_string"}}],"inLanguage":"de"},{"@type":"Organization","@id":"https:\/\/radis.ee\/#organization","name":"Radis O\u00dc","url":"https:\/\/radis.ee\/","logo":{"@type":"ImageObject","inLanguage":"de","@id":"https:\/\/radis.ee\/#\/schema\/logo\/image\/","url":"https:\/\/radis.ee\/wp-content\/uploads\/2020\/10\/Radis-logo.png","contentUrl":"https:\/\/radis.ee\/wp-content\/uploads\/2020\/10\/Radis-logo.png","width":300,"height":63,"caption":"Radis O\u00dc"},"image":{"@id":"https:\/\/radis.ee\/#\/schema\/logo\/image\/"},"sameAs":["https:\/\/www.facebook.com\/radisfurniture\/"]}]}},"_links":{"self":[{"href":"https:\/\/radis.ee\/de\/wp-json\/wp\/v2\/product\/30193","targetHints":{"allow":["GET"]}}],"collection":[{"href":"https:\/\/radis.ee\/de\/wp-json\/wp\/v2\/product"}],"about":[{"href":"https:\/\/radis.ee\/de\/wp-json\/wp\/v2\/types\/product"}],"replies":[{"embeddable":true,"href":"https:\/\/radis.ee\/de\/wp-json\/wp\/v2\/comments?post=30193"}],"wp:featuredmedia":[{"embeddable":true,"href":"https:\/\/radis.ee\/de\/wp-json\/wp\/v2\/media\/30553"}],"wp:attachment":[{"href":"https:\/\/radis.ee\/de\/wp-json\/wp\/v2\/media?parent=30193"}],"wp:term":[{"taxonomy":"product_brand","embeddable":true,"href":"https:\/\/radis.ee\/de\/wp-json\/wp\/v2\/product_brand?post=30193"},{"taxonomy":"product_cat","embeddable":true,"href":"https:\/\/radis.ee\/de\/wp-json\/wp\/v2\/product_cat?post=30193"},{"taxonomy":"product_tag","embeddable":true,"href":"https:\/\/radis.ee\/de\/wp-json\/wp\/v2\/product_tag?post=30193"}],"curies":[{"name":"wp","href":"https:\/\/api.w.org\/{rel}","templated":true}]}}