{"id":3039,"date":"2020-06-10T21:50:48","date_gmt":"2020-08-28T18:50:48","guid":{"rendered":"https:\/\/radis.ee\/unkategorisiert\/anrichte-man\/"},"modified":"2020-12-08T09:23:06","modified_gmt":"2020-12-08T07:23:06","slug":"anrichte-man","status":"publish","type":"product","link":"https:\/\/radis.ee\/de\/anrichte-man\/","title":{"rendered":"Anrichte MAN"},"content":{"rendered":"<p>In der Mitte Schubladen, an den Seiten Schr\u00e4nke, selbst robust und handfest. Diese gutm\u00fctige Anrichte betrachtet Sie und Ihr Leben aus der Diele oder der Zimmerecke. Hinter den Schrankt\u00fcren gibt es noch Zwischenregale.<\/p>\n<p>Hergestellt aus Birkensperrholz, LIGHT OAK \u00f6lgewachst. T\u00fcren und Schubladen Koskisen CPL auf Sperrholz. T\u00fcrscharniere und Schubladenschienen schlie\u00dfen leise. Hinter beiden T\u00fcren befinden sich h\u00f6henverstellbare Zwischenregale.<\/p>\n<p>Kollektion MAN wurde f\u00fcr den estnischen Designpreis Bruno 2016 nominiert.<\/p>\n","protected":false},"excerpt":{"rendered":"<p>In der Mitte Schubladen, an den Seiten Schr\u00e4nke, selbst robust und handfest. Diese gutm\u00fctige Anrichte betrachtet Sie und Ihr Leben aus der Diele oder der Zimmerecke. Hinter den Schrankt\u00fcren gibt es noch Zwischenregale. Hergestellt aus Birkensperrholz, LIGHT OAK \u00f6lgewachst. T\u00fcren und Schubladen Koskisen CPL auf Sperrholz. T\u00fcrscharniere und Schubladenschienen schlie\u00dfen leise. Hinter beiden T\u00fcren befinden&#8230;<\/p>\n","protected":false},"featured_media":4920,"comment_status":"open","ping_status":"closed","template":"","meta":{"_acf_changed":false},"product_brand":[],"product_cat":[45],"product_tag":[],"class_list":{"0":"post-3039","1":"product","2":"type-product","3":"status-publish","4":"has-post-thumbnail","6":"product_cat-sideboards","8":"first","9":"instock","10":"taxable","11":"shipping-taxable","12":"purchasable","13":"product-type-simple"},"acf":[],"yoast_head":"<!-- This site is optimized with the Yoast SEO plugin v27.4 - https:\/\/yoast.com\/product\/yoast-seo-wordpress\/ -->\n<title>Anrichte MAN - Radis<\/title>\n<meta name=\"robots\" content=\"index, follow, max-snippet:-1, max-image-preview:large, max-video-preview:-1\" \/>\n<link rel=\"canonical\" href=\"https:\/\/radis.ee\/kummut-man\/\" \/>\n<meta property=\"og:locale\" content=\"de_DE\" \/>\n<meta property=\"og:type\" content=\"article\" \/>\n<meta property=\"og:title\" content=\"Anrichte MAN - Radis\" \/>\n<meta property=\"og:description\" content=\"In der Mitte Schubladen, an den Seiten Schr\u00e4nke, selbst robust und handfest. Diese gutm\u00fctige Anrichte betrachtet Sie und Ihr Leben aus der Diele oder der Zimmerecke. Hinter den Schrankt\u00fcren gibt es noch Zwischenregale. Hergestellt aus Birkensperrholz, LIGHT OAK \u00f6lgewachst. T\u00fcren und Schubladen Koskisen CPL auf Sperrholz. T\u00fcrscharniere und Schubladenschienen schlie\u00dfen leise. Hinter beiden T\u00fcren befinden...\" \/>\n<meta property=\"og:url\" content=\"https:\/\/radis.ee\/kummut-man\/\" \/>\n<meta property=\"og:site_name\" content=\"Radis\" \/>\n<meta property=\"article:publisher\" content=\"https:\/\/www.facebook.com\/radisfurniture\/\" \/>\n<meta property=\"article:modified_time\" content=\"2020-12-08T07:23:06+00:00\" \/>\n<meta property=\"og:image\" content=\"https:\/\/radis.ee\/wp-content\/uploads\/2020\/08\/RA0466-Radis-sideboard-MAN-light-oak-door-white.jpg\" \/>\n\t<meta property=\"og:image:width\" content=\"2500\" \/>\n\t<meta property=\"og:image:height\" content=\"2501\" \/>\n\t<meta property=\"og:image:type\" content=\"image\/jpeg\" \/>\n<meta name=\"twitter:card\" content=\"summary_large_image\" \/>\n<script type=\"application\/ld+json\" class=\"yoast-schema-graph\">{\"@context\":\"https:\\\/\\\/schema.org\",\"@graph\":[{\"@type\":\"WebPage\",\"@id\":\"https:\\\/\\\/radis.ee\\\/kummut-man\\\/\",\"url\":\"https:\\\/\\\/radis.ee\\\/kummut-man\\\/\",\"name\":\"Anrichte MAN - Radis\",\"isPartOf\":{\"@id\":\"https:\\\/\\\/radis.ee\\\/#website\"},\"primaryImageOfPage\":{\"@id\":\"https:\\\/\\\/radis.ee\\\/kummut-man\\\/#primaryimage\"},\"image\":{\"@id\":\"https:\\\/\\\/radis.ee\\\/kummut-man\\\/#primaryimage\"},\"thumbnailUrl\":\"https:\\\/\\\/radis.ee\\\/wp-content\\\/uploads\\\/2020\\\/08\\\/RA0466-Radis-sideboard-MAN-light-oak-door-white.jpg\",\"datePublished\":\"2020-08-28T18:50:48+00:00\",\"dateModified\":\"2020-12-08T07:23:06+00:00\",\"breadcrumb\":{\"@id\":\"https:\\\/\\\/radis.ee\\\/kummut-man\\\/#breadcrumb\"},\"inLanguage\":\"de\",\"potentialAction\":[{\"@type\":\"ReadAction\",\"target\":[\"https:\\\/\\\/radis.ee\\\/kummut-man\\\/\"]}]},{\"@type\":\"ImageObject\",\"inLanguage\":\"de\",\"@id\":\"https:\\\/\\\/radis.ee\\\/kummut-man\\\/#primaryimage\",\"url\":\"https:\\\/\\\/radis.ee\\\/wp-content\\\/uploads\\\/2020\\\/08\\\/RA0466-Radis-sideboard-MAN-light-oak-door-white.jpg\",\"contentUrl\":\"https:\\\/\\\/radis.ee\\\/wp-content\\\/uploads\\\/2020\\\/08\\\/RA0466-Radis-sideboard-MAN-light-oak-door-white.jpg\",\"width\":2500,\"height\":2501},{\"@type\":\"BreadcrumbList\",\"@id\":\"https:\\\/\\\/radis.ee\\\/kummut-man\\\/#breadcrumb\",\"itemListElement\":[{\"@type\":\"ListItem\",\"position\":1,\"name\":\"Home\",\"item\":\"https:\\\/\\\/radis.ee\\\/\"},{\"@type\":\"ListItem\",\"position\":2,\"name\":\"Produkte\",\"item\":\"https:\\\/\\\/radis.ee\\\/de\\\/produkte\\\/\"},{\"@type\":\"ListItem\",\"position\":3,\"name\":\"Anrichte MAN\"}]},{\"@type\":\"WebSite\",\"@id\":\"https:\\\/\\\/radis.ee\\\/#website\",\"url\":\"https:\\\/\\\/radis.ee\\\/\",\"name\":\"Radis\",\"description\":\"Nordic design furniture, environmentally friendly and sustainable.\",\"publisher\":{\"@id\":\"https:\\\/\\\/radis.ee\\\/#organization\"},\"potentialAction\":[{\"@type\":\"SearchAction\",\"target\":{\"@type\":\"EntryPoint\",\"urlTemplate\":\"https:\\\/\\\/radis.ee\\\/?s={search_term_string}\"},\"query-input\":{\"@type\":\"PropertyValueSpecification\",\"valueRequired\":true,\"valueName\":\"search_term_string\"}}],\"inLanguage\":\"de\"},{\"@type\":\"Organization\",\"@id\":\"https:\\\/\\\/radis.ee\\\/#organization\",\"name\":\"Radis O\u00dc\",\"url\":\"https:\\\/\\\/radis.ee\\\/\",\"logo\":{\"@type\":\"ImageObject\",\"inLanguage\":\"de\",\"@id\":\"https:\\\/\\\/radis.ee\\\/#\\\/schema\\\/logo\\\/image\\\/\",\"url\":\"https:\\\/\\\/radis.ee\\\/wp-content\\\/uploads\\\/2020\\\/10\\\/Radis-logo.png\",\"contentUrl\":\"https:\\\/\\\/radis.ee\\\/wp-content\\\/uploads\\\/2020\\\/10\\\/Radis-logo.png\",\"width\":300,\"height\":63,\"caption\":\"Radis O\u00dc\"},\"image\":{\"@id\":\"https:\\\/\\\/radis.ee\\\/#\\\/schema\\\/logo\\\/image\\\/\"},\"sameAs\":[\"https:\\\/\\\/www.facebook.com\\\/radisfurniture\\\/\"]}]}<\/script>\n<!-- \/ Yoast SEO plugin. -->","yoast_head_json":{"title":"Anrichte MAN - Radis","robots":{"index":"index","follow":"follow","max-snippet":"max-snippet:-1","max-image-preview":"max-image-preview:large","max-video-preview":"max-video-preview:-1"},"canonical":"https:\/\/radis.ee\/kummut-man\/","og_locale":"de_DE","og_type":"article","og_title":"Anrichte MAN - Radis","og_description":"In der Mitte Schubladen, an den Seiten Schr\u00e4nke, selbst robust und handfest. Diese gutm\u00fctige Anrichte betrachtet Sie und Ihr Leben aus der Diele oder der Zimmerecke. Hinter den Schrankt\u00fcren gibt es noch Zwischenregale. Hergestellt aus Birkensperrholz, LIGHT OAK \u00f6lgewachst. T\u00fcren und Schubladen Koskisen CPL auf Sperrholz. T\u00fcrscharniere und Schubladenschienen schlie\u00dfen leise. Hinter beiden T\u00fcren befinden...","og_url":"https:\/\/radis.ee\/kummut-man\/","og_site_name":"Radis","article_publisher":"https:\/\/www.facebook.com\/radisfurniture\/","article_modified_time":"2020-12-08T07:23:06+00:00","og_image":[{"width":2500,"height":2501,"url":"https:\/\/radis.ee\/wp-content\/uploads\/2020\/08\/RA0466-Radis-sideboard-MAN-light-oak-door-white.jpg","type":"image\/jpeg"}],"twitter_card":"summary_large_image","schema":{"@context":"https:\/\/schema.org","@graph":[{"@type":"WebPage","@id":"https:\/\/radis.ee\/kummut-man\/","url":"https:\/\/radis.ee\/kummut-man\/","name":"Anrichte MAN - Radis","isPartOf":{"@id":"https:\/\/radis.ee\/#website"},"primaryImageOfPage":{"@id":"https:\/\/radis.ee\/kummut-man\/#primaryimage"},"image":{"@id":"https:\/\/radis.ee\/kummut-man\/#primaryimage"},"thumbnailUrl":"https:\/\/radis.ee\/wp-content\/uploads\/2020\/08\/RA0466-Radis-sideboard-MAN-light-oak-door-white.jpg","datePublished":"2020-08-28T18:50:48+00:00","dateModified":"2020-12-08T07:23:06+00:00","breadcrumb":{"@id":"https:\/\/radis.ee\/kummut-man\/#breadcrumb"},"inLanguage":"de","potentialAction":[{"@type":"ReadAction","target":["https:\/\/radis.ee\/kummut-man\/"]}]},{"@type":"ImageObject","inLanguage":"de","@id":"https:\/\/radis.ee\/kummut-man\/#primaryimage","url":"https:\/\/radis.ee\/wp-content\/uploads\/2020\/08\/RA0466-Radis-sideboard-MAN-light-oak-door-white.jpg","contentUrl":"https:\/\/radis.ee\/wp-content\/uploads\/2020\/08\/RA0466-Radis-sideboard-MAN-light-oak-door-white.jpg","width":2500,"height":2501},{"@type":"BreadcrumbList","@id":"https:\/\/radis.ee\/kummut-man\/#breadcrumb","itemListElement":[{"@type":"ListItem","position":1,"name":"Home","item":"https:\/\/radis.ee\/"},{"@type":"ListItem","position":2,"name":"Produkte","item":"https:\/\/radis.ee\/de\/produkte\/"},{"@type":"ListItem","position":3,"name":"Anrichte MAN"}]},{"@type":"WebSite","@id":"https:\/\/radis.ee\/#website","url":"https:\/\/radis.ee\/","name":"Radis","description":"Nordic design furniture, environmentally friendly and sustainable.","publisher":{"@id":"https:\/\/radis.ee\/#organization"},"potentialAction":[{"@type":"SearchAction","target":{"@type":"EntryPoint","urlTemplate":"https:\/\/radis.ee\/?s={search_term_string}"},"query-input":{"@type":"PropertyValueSpecification","valueRequired":true,"valueName":"search_term_string"}}],"inLanguage":"de"},{"@type":"Organization","@id":"https:\/\/radis.ee\/#organization","name":"Radis O\u00dc","url":"https:\/\/radis.ee\/","logo":{"@type":"ImageObject","inLanguage":"de","@id":"https:\/\/radis.ee\/#\/schema\/logo\/image\/","url":"https:\/\/radis.ee\/wp-content\/uploads\/2020\/10\/Radis-logo.png","contentUrl":"https:\/\/radis.ee\/wp-content\/uploads\/2020\/10\/Radis-logo.png","width":300,"height":63,"caption":"Radis O\u00dc"},"image":{"@id":"https:\/\/radis.ee\/#\/schema\/logo\/image\/"},"sameAs":["https:\/\/www.facebook.com\/radisfurniture\/"]}]}},"_links":{"self":[{"href":"https:\/\/radis.ee\/de\/wp-json\/wp\/v2\/product\/3039","targetHints":{"allow":["GET"]}}],"collection":[{"href":"https:\/\/radis.ee\/de\/wp-json\/wp\/v2\/product"}],"about":[{"href":"https:\/\/radis.ee\/de\/wp-json\/wp\/v2\/types\/product"}],"replies":[{"embeddable":true,"href":"https:\/\/radis.ee\/de\/wp-json\/wp\/v2\/comments?post=3039"}],"wp:featuredmedia":[{"embeddable":true,"href":"https:\/\/radis.ee\/de\/wp-json\/wp\/v2\/media\/4920"}],"wp:attachment":[{"href":"https:\/\/radis.ee\/de\/wp-json\/wp\/v2\/media?parent=3039"}],"wp:term":[{"taxonomy":"product_brand","embeddable":true,"href":"https:\/\/radis.ee\/de\/wp-json\/wp\/v2\/product_brand?post=3039"},{"taxonomy":"product_cat","embeddable":true,"href":"https:\/\/radis.ee\/de\/wp-json\/wp\/v2\/product_cat?post=3039"},{"taxonomy":"product_tag","embeddable":true,"href":"https:\/\/radis.ee\/de\/wp-json\/wp\/v2\/product_tag?post=3039"}],"curies":[{"name":"wp","href":"https:\/\/api.w.org\/{rel}","templated":true}]}}