{"id":3067,"date":"2022-02-18T21:28:30","date_gmt":"2022-02-18T19:28:30","guid":{"rendered":"https:\/\/radis.ee\/unkategorisiert\/anrichte-sosixties\/"},"modified":"2021-01-05T22:53:38","modified_gmt":"2021-01-05T20:53:38","slug":"anrichte-sosixties-2-turen","status":"publish","type":"product","link":"https:\/\/radis.ee\/de\/anrichte-sosixties-2-turen\/","title":{"rendered":"Anrichte SoSixties 2 T\u00fcren"},"content":{"rendered":"<p>Schiebet\u00fcren sind wieder modern! Holen Sie hinter den T\u00fcren B\u00fccher oder Socken hervor! In den Schubladen k\u00f6nnen Sie Schmuck und Urlaubsbilder verstecken. Eine heitere Anrichte ist das Herz der Wohnung.<\/p>\n<p>Retro-Sideboard mit 3 Schubladen und hinter der Schiebet\u00fcr ger\u00e4umiger Schrank mit verstellbarem Trennregal mit einer Breite von 96 cm.<\/p>\n<p>Hergestellt aus nat\u00fcrlichem Birkensperrholz, Light Oak \u00f6lgewachst, T\u00fcren \u00f6lgewachst oder lackiert. Weich schlie\u00dfende Schubladenschienen, T\u00fcren an H\u00e4fele-Rollen.<\/p>\n","protected":false},"excerpt":{"rendered":"<p>Schiebet\u00fcren sind wieder modern! Holen Sie hinter den T\u00fcren B\u00fccher oder Socken hervor! In den Schubladen k\u00f6nnen Sie Schmuck und Urlaubsbilder verstecken. Eine heitere Anrichte ist das Herz der Wohnung. Retro-Sideboard mit 3 Schubladen und hinter der Schiebet\u00fcr ger\u00e4umiger Schrank mit verstellbarem Trennregal mit einer Breite von 96 cm. Hergestellt aus nat\u00fcrlichem Birkensperrholz, Light Oak&#8230;<\/p>\n","protected":false},"featured_media":4596,"comment_status":"open","ping_status":"closed","template":"","meta":{"_acf_changed":false},"product_brand":[],"product_cat":[45],"product_tag":[],"class_list":{"0":"post-3067","1":"product","2":"type-product","3":"status-publish","4":"has-post-thumbnail","6":"product_cat-sideboards","8":"first","9":"instock","10":"sale","11":"taxable","12":"shipping-taxable","13":"purchasable","14":"product-type-variable","15":"has-default-attributes"},"acf":[],"yoast_head":"<!-- This site is optimized with the Yoast SEO plugin v27.4 - https:\/\/yoast.com\/product\/yoast-seo-wordpress\/ -->\n<title>Anrichte SoSixties 2 T\u00fcren - Radis<\/title>\n<meta name=\"robots\" content=\"index, follow, max-snippet:-1, max-image-preview:large, max-video-preview:-1\" \/>\n<link rel=\"canonical\" href=\"https:\/\/radis.ee\/de\/anrichte-sosixties-2-turen\/\" \/>\n<meta property=\"og:locale\" content=\"de_DE\" \/>\n<meta property=\"og:type\" content=\"article\" \/>\n<meta property=\"og:title\" content=\"Anrichte SoSixties 2 T\u00fcren - Radis\" \/>\n<meta property=\"og:description\" content=\"Schiebet\u00fcren sind wieder modern! Holen Sie hinter den T\u00fcren B\u00fccher oder Socken hervor! In den Schubladen k\u00f6nnen Sie Schmuck und Urlaubsbilder verstecken. Eine heitere Anrichte ist das Herz der Wohnung. Retro-Sideboard mit 3 Schubladen und hinter der Schiebet\u00fcr ger\u00e4umiger Schrank mit verstellbarem Trennregal mit einer Breite von 96 cm. Hergestellt aus nat\u00fcrlichem Birkensperrholz, Light Oak...\" \/>\n<meta property=\"og:url\" content=\"https:\/\/radis.ee\/de\/anrichte-sosixties-2-turen\/\" \/>\n<meta property=\"og:site_name\" content=\"Radis\" \/>\n<meta property=\"article:publisher\" content=\"https:\/\/www.facebook.com\/radisfurniture\/\" \/>\n<meta property=\"og:image\" content=\"https:\/\/radis.ee\/wp-content\/uploads\/2020\/08\/RA0492-Radis-sideboard-SoSixties-150-medium-oak-oilwaxed-doors-White-and-pebble.jpg\" \/>\n\t<meta property=\"og:image:width\" content=\"2500\" \/>\n\t<meta property=\"og:image:height\" content=\"2499\" \/>\n\t<meta property=\"og:image:type\" content=\"image\/jpeg\" \/>\n<meta name=\"twitter:card\" content=\"summary_large_image\" \/>\n<script type=\"application\/ld+json\" class=\"yoast-schema-graph\">{\"@context\":\"https:\\\/\\\/schema.org\",\"@graph\":[{\"@type\":\"WebPage\",\"@id\":\"https:\\\/\\\/radis.ee\\\/de\\\/anrichte-sosixties-2-turen\\\/\",\"url\":\"https:\\\/\\\/radis.ee\\\/de\\\/anrichte-sosixties-2-turen\\\/\",\"name\":\"Anrichte SoSixties 2 T\u00fcren - Radis\",\"isPartOf\":{\"@id\":\"https:\\\/\\\/radis.ee\\\/#website\"},\"primaryImageOfPage\":{\"@id\":\"https:\\\/\\\/radis.ee\\\/de\\\/anrichte-sosixties-2-turen\\\/#primaryimage\"},\"image\":{\"@id\":\"https:\\\/\\\/radis.ee\\\/de\\\/anrichte-sosixties-2-turen\\\/#primaryimage\"},\"thumbnailUrl\":\"https:\\\/\\\/radis.ee\\\/wp-content\\\/uploads\\\/2020\\\/08\\\/RA0492-Radis-sideboard-SoSixties-150-medium-oak-oilwaxed-doors-White-and-pebble.jpg\",\"datePublished\":\"2022-02-18T19:28:30+00:00\",\"breadcrumb\":{\"@id\":\"https:\\\/\\\/radis.ee\\\/de\\\/anrichte-sosixties-2-turen\\\/#breadcrumb\"},\"inLanguage\":\"de\",\"potentialAction\":[{\"@type\":\"ReadAction\",\"target\":[\"https:\\\/\\\/radis.ee\\\/de\\\/anrichte-sosixties-2-turen\\\/\"]}]},{\"@type\":\"ImageObject\",\"inLanguage\":\"de\",\"@id\":\"https:\\\/\\\/radis.ee\\\/de\\\/anrichte-sosixties-2-turen\\\/#primaryimage\",\"url\":\"https:\\\/\\\/radis.ee\\\/wp-content\\\/uploads\\\/2020\\\/08\\\/RA0492-Radis-sideboard-SoSixties-150-medium-oak-oilwaxed-doors-White-and-pebble.jpg\",\"contentUrl\":\"https:\\\/\\\/radis.ee\\\/wp-content\\\/uploads\\\/2020\\\/08\\\/RA0492-Radis-sideboard-SoSixties-150-medium-oak-oilwaxed-doors-White-and-pebble.jpg\",\"width\":2500,\"height\":2499},{\"@type\":\"BreadcrumbList\",\"@id\":\"https:\\\/\\\/radis.ee\\\/de\\\/anrichte-sosixties-2-turen\\\/#breadcrumb\",\"itemListElement\":[{\"@type\":\"ListItem\",\"position\":1,\"name\":\"Home\",\"item\":\"https:\\\/\\\/radis.ee\\\/\"},{\"@type\":\"ListItem\",\"position\":2,\"name\":\"Produkte\",\"item\":\"https:\\\/\\\/radis.ee\\\/de\\\/produkte\\\/\"},{\"@type\":\"ListItem\",\"position\":3,\"name\":\"Anrichte SoSixties 2 T\u00fcren\"}]},{\"@type\":\"WebSite\",\"@id\":\"https:\\\/\\\/radis.ee\\\/#website\",\"url\":\"https:\\\/\\\/radis.ee\\\/\",\"name\":\"Radis\",\"description\":\"Nordic design furniture, environmentally friendly and sustainable.\",\"publisher\":{\"@id\":\"https:\\\/\\\/radis.ee\\\/#organization\"},\"potentialAction\":[{\"@type\":\"SearchAction\",\"target\":{\"@type\":\"EntryPoint\",\"urlTemplate\":\"https:\\\/\\\/radis.ee\\\/?s={search_term_string}\"},\"query-input\":{\"@type\":\"PropertyValueSpecification\",\"valueRequired\":true,\"valueName\":\"search_term_string\"}}],\"inLanguage\":\"de\"},{\"@type\":\"Organization\",\"@id\":\"https:\\\/\\\/radis.ee\\\/#organization\",\"name\":\"Radis O\u00dc\",\"url\":\"https:\\\/\\\/radis.ee\\\/\",\"logo\":{\"@type\":\"ImageObject\",\"inLanguage\":\"de\",\"@id\":\"https:\\\/\\\/radis.ee\\\/#\\\/schema\\\/logo\\\/image\\\/\",\"url\":\"https:\\\/\\\/radis.ee\\\/wp-content\\\/uploads\\\/2020\\\/10\\\/Radis-logo.png\",\"contentUrl\":\"https:\\\/\\\/radis.ee\\\/wp-content\\\/uploads\\\/2020\\\/10\\\/Radis-logo.png\",\"width\":300,\"height\":63,\"caption\":\"Radis O\u00dc\"},\"image\":{\"@id\":\"https:\\\/\\\/radis.ee\\\/#\\\/schema\\\/logo\\\/image\\\/\"},\"sameAs\":[\"https:\\\/\\\/www.facebook.com\\\/radisfurniture\\\/\"]}]}<\/script>\n<!-- \/ Yoast SEO plugin. -->","yoast_head_json":{"title":"Anrichte SoSixties 2 T\u00fcren - Radis","robots":{"index":"index","follow":"follow","max-snippet":"max-snippet:-1","max-image-preview":"max-image-preview:large","max-video-preview":"max-video-preview:-1"},"canonical":"https:\/\/radis.ee\/de\/anrichte-sosixties-2-turen\/","og_locale":"de_DE","og_type":"article","og_title":"Anrichte SoSixties 2 T\u00fcren - Radis","og_description":"Schiebet\u00fcren sind wieder modern! Holen Sie hinter den T\u00fcren B\u00fccher oder Socken hervor! In den Schubladen k\u00f6nnen Sie Schmuck und Urlaubsbilder verstecken. Eine heitere Anrichte ist das Herz der Wohnung. Retro-Sideboard mit 3 Schubladen und hinter der Schiebet\u00fcr ger\u00e4umiger Schrank mit verstellbarem Trennregal mit einer Breite von 96 cm. Hergestellt aus nat\u00fcrlichem Birkensperrholz, Light Oak...","og_url":"https:\/\/radis.ee\/de\/anrichte-sosixties-2-turen\/","og_site_name":"Radis","article_publisher":"https:\/\/www.facebook.com\/radisfurniture\/","og_image":[{"width":2500,"height":2499,"url":"https:\/\/radis.ee\/wp-content\/uploads\/2020\/08\/RA0492-Radis-sideboard-SoSixties-150-medium-oak-oilwaxed-doors-White-and-pebble.jpg","type":"image\/jpeg"}],"twitter_card":"summary_large_image","schema":{"@context":"https:\/\/schema.org","@graph":[{"@type":"WebPage","@id":"https:\/\/radis.ee\/de\/anrichte-sosixties-2-turen\/","url":"https:\/\/radis.ee\/de\/anrichte-sosixties-2-turen\/","name":"Anrichte SoSixties 2 T\u00fcren - Radis","isPartOf":{"@id":"https:\/\/radis.ee\/#website"},"primaryImageOfPage":{"@id":"https:\/\/radis.ee\/de\/anrichte-sosixties-2-turen\/#primaryimage"},"image":{"@id":"https:\/\/radis.ee\/de\/anrichte-sosixties-2-turen\/#primaryimage"},"thumbnailUrl":"https:\/\/radis.ee\/wp-content\/uploads\/2020\/08\/RA0492-Radis-sideboard-SoSixties-150-medium-oak-oilwaxed-doors-White-and-pebble.jpg","datePublished":"2022-02-18T19:28:30+00:00","breadcrumb":{"@id":"https:\/\/radis.ee\/de\/anrichte-sosixties-2-turen\/#breadcrumb"},"inLanguage":"de","potentialAction":[{"@type":"ReadAction","target":["https:\/\/radis.ee\/de\/anrichte-sosixties-2-turen\/"]}]},{"@type":"ImageObject","inLanguage":"de","@id":"https:\/\/radis.ee\/de\/anrichte-sosixties-2-turen\/#primaryimage","url":"https:\/\/radis.ee\/wp-content\/uploads\/2020\/08\/RA0492-Radis-sideboard-SoSixties-150-medium-oak-oilwaxed-doors-White-and-pebble.jpg","contentUrl":"https:\/\/radis.ee\/wp-content\/uploads\/2020\/08\/RA0492-Radis-sideboard-SoSixties-150-medium-oak-oilwaxed-doors-White-and-pebble.jpg","width":2500,"height":2499},{"@type":"BreadcrumbList","@id":"https:\/\/radis.ee\/de\/anrichte-sosixties-2-turen\/#breadcrumb","itemListElement":[{"@type":"ListItem","position":1,"name":"Home","item":"https:\/\/radis.ee\/"},{"@type":"ListItem","position":2,"name":"Produkte","item":"https:\/\/radis.ee\/de\/produkte\/"},{"@type":"ListItem","position":3,"name":"Anrichte SoSixties 2 T\u00fcren"}]},{"@type":"WebSite","@id":"https:\/\/radis.ee\/#website","url":"https:\/\/radis.ee\/","name":"Radis","description":"Nordic design furniture, environmentally friendly and sustainable.","publisher":{"@id":"https:\/\/radis.ee\/#organization"},"potentialAction":[{"@type":"SearchAction","target":{"@type":"EntryPoint","urlTemplate":"https:\/\/radis.ee\/?s={search_term_string}"},"query-input":{"@type":"PropertyValueSpecification","valueRequired":true,"valueName":"search_term_string"}}],"inLanguage":"de"},{"@type":"Organization","@id":"https:\/\/radis.ee\/#organization","name":"Radis O\u00dc","url":"https:\/\/radis.ee\/","logo":{"@type":"ImageObject","inLanguage":"de","@id":"https:\/\/radis.ee\/#\/schema\/logo\/image\/","url":"https:\/\/radis.ee\/wp-content\/uploads\/2020\/10\/Radis-logo.png","contentUrl":"https:\/\/radis.ee\/wp-content\/uploads\/2020\/10\/Radis-logo.png","width":300,"height":63,"caption":"Radis O\u00dc"},"image":{"@id":"https:\/\/radis.ee\/#\/schema\/logo\/image\/"},"sameAs":["https:\/\/www.facebook.com\/radisfurniture\/"]}]}},"_links":{"self":[{"href":"https:\/\/radis.ee\/de\/wp-json\/wp\/v2\/product\/3067","targetHints":{"allow":["GET"]}}],"collection":[{"href":"https:\/\/radis.ee\/de\/wp-json\/wp\/v2\/product"}],"about":[{"href":"https:\/\/radis.ee\/de\/wp-json\/wp\/v2\/types\/product"}],"replies":[{"embeddable":true,"href":"https:\/\/radis.ee\/de\/wp-json\/wp\/v2\/comments?post=3067"}],"wp:featuredmedia":[{"embeddable":true,"href":"https:\/\/radis.ee\/de\/wp-json\/wp\/v2\/media\/4596"}],"wp:attachment":[{"href":"https:\/\/radis.ee\/de\/wp-json\/wp\/v2\/media?parent=3067"}],"wp:term":[{"taxonomy":"product_brand","embeddable":true,"href":"https:\/\/radis.ee\/de\/wp-json\/wp\/v2\/product_brand?post=3067"},{"taxonomy":"product_cat","embeddable":true,"href":"https:\/\/radis.ee\/de\/wp-json\/wp\/v2\/product_cat?post=3067"},{"taxonomy":"product_tag","embeddable":true,"href":"https:\/\/radis.ee\/de\/wp-json\/wp\/v2\/product_tag?post=3067"}],"curies":[{"name":"wp","href":"https:\/\/api.w.org\/{rel}","templated":true}]}}