{"id":30904,"date":"2019-04-09T17:20:15","date_gmt":"2019-04-09T14:20:15","guid":{"rendered":"https:\/\/radis.ee\/?post_type=product&#038;p=30904"},"modified":"2025-12-29T18:34:41","modified_gmt":"2025-12-29T16:34:41","slug":"geschwungenes-wandregal-mit-schiebetuer-floaty","status":"publish","type":"product","link":"https:\/\/radis.ee\/de\/geschwungenes-wandregal-mit-schiebetuer-floaty\/","title":{"rendered":"Geschwungenes Wandregal mit Schiebet\u00fcr FLOATY"},"content":{"rendered":"<p>Verleihen Sie Ihrem Zuhause mit dem Wandregal Floaty eine sanfte und funktionale Note. Dieses minimalistische und dennoch charaktervolle M\u00f6belst\u00fcck ist ideal f\u00fcr alle, die klare nordische \u00c4sthetik und clevere Aufbewahrungsl\u00f6sungen sch\u00e4tzen.<\/p>\n<p>Das Highlight des Regals ist seine flie\u00dfende, geschwungene Form und die Schiebet\u00fcr mit vertikalen Streifen, die sich sanft am Rahmen entlang bewegt. So haben Sie die Wahl: Verstauen Sie Alltagsgegenst\u00e4nde hinter der T\u00fcr oder pr\u00e4sentieren Sie Ihre Lieblingsst\u00fccke im offenen Fach.<\/p>\n<p>Dank seines luftigen Designs f\u00fcgt sich dieses Wandregal perfekt in jeden Raum ein:<\/p>\n<p>Eingangsbereich: Es ist der perfekte Platz f\u00fcr Schl\u00fcssel, Sonnenbrille und Post. Die kompakte Form nimmt in einem schmalen Flur nicht viel Platz ein und verleiht dem Raum beim Betreten sofort Stil.<\/p>\n<p>Wohnzimmer: Nutzen Sie es als elegante Konsole unter einer dekorativen Lampe, einem Kunstwerk oder einer Zimmerpflanze. Das Regal wirkt wie ein skulpturales Element an der Wand und bietet gleichzeitig diskreten Stauraum f\u00fcr kleine Elektronikger\u00e4te oder B\u00fccher.<\/p>\n<p>Das geschwungene Regal FLOATY besteht aus langlebigen und umweltfreundlichen Materialien \u2013 Birkensperrholz mit Eichenfurnier \u2013 und garantiert so zeitlose Qualit\u00e4t. Die Farbe der \u00d6l-Wachs-Oberfl\u00e4che k\u00f6nnen Sie auf Wunsch selbst w\u00e4hlen. Die Innenh\u00f6he des Regals betr\u00e4gt 16 cm, die Gesamth\u00f6he 19 cm, die Tiefe 24 cm und die Breite 95 cm.<\/p>\n<p>Pr\u00e4zise und sorgf\u00e4ltig gestaltet, verleiht FLOATY Ihrem Wohnraum W\u00e4rme und Eleganz und l\u00e4sst Sie die Kunst der Einfachheit erleben.<\/p>\n","protected":false},"excerpt":{"rendered":"<p>Verleihen Sie Ihrem Zuhause mit dem Wandregal Floaty eine sanfte und funktionale Note. Dieses minimalistische und dennoch charaktervolle M\u00f6belst\u00fcck ist ideal f\u00fcr alle, die klare nordische \u00c4sthetik und clevere Aufbewahrungsl\u00f6sungen sch\u00e4tzen. Das Highlight des Regals ist seine flie\u00dfende, geschwungene Form und die Schiebet\u00fcr mit vertikalen Streifen, die sich sanft am Rahmen entlang bewegt. So haben&#8230;<\/p>\n","protected":false},"featured_media":31073,"comment_status":"open","ping_status":"closed","template":"","meta":{"_acf_changed":false},"product_brand":[],"product_cat":[109],"product_tag":[],"class_list":{"0":"post-30904","1":"product","2":"type-product","3":"status-publish","4":"has-post-thumbnail","6":"product_cat-riiulid","8":"first","9":"instock","10":"taxable","11":"shipping-taxable","12":"purchasable","13":"product-type-simple"},"acf":[],"yoast_head":"<!-- This site is optimized with the Yoast SEO plugin v27.3 - https:\/\/yoast.com\/product\/yoast-seo-wordpress\/ -->\n<title>Geschwungenes Wandregal mit Schiebet\u00fcr FLOATY - Radis<\/title>\n<meta name=\"robots\" content=\"index, follow, max-snippet:-1, max-image-preview:large, max-video-preview:-1\" \/>\n<link rel=\"canonical\" href=\"https:\/\/radis.ee\/de\/geschwungenes-wandregal-mit-schiebetuer-floaty\/\" \/>\n<meta property=\"og:locale\" content=\"de_DE\" \/>\n<meta property=\"og:type\" content=\"article\" \/>\n<meta property=\"og:title\" content=\"Geschwungenes Wandregal mit Schiebet\u00fcr FLOATY - Radis\" \/>\n<meta property=\"og:description\" content=\"Verleihen Sie Ihrem Zuhause mit dem Wandregal Floaty eine sanfte und funktionale Note. Dieses minimalistische und dennoch charaktervolle M\u00f6belst\u00fcck ist ideal f\u00fcr alle, die klare nordische \u00c4sthetik und clevere Aufbewahrungsl\u00f6sungen sch\u00e4tzen. Das Highlight des Regals ist seine flie\u00dfende, geschwungene Form und die Schiebet\u00fcr mit vertikalen Streifen, die sich sanft am Rahmen entlang bewegt. So haben...\" \/>\n<meta property=\"og:url\" content=\"https:\/\/radis.ee\/de\/geschwungenes-wandregal-mit-schiebetuer-floaty\/\" \/>\n<meta property=\"og:site_name\" content=\"Radis\" \/>\n<meta property=\"article:publisher\" content=\"https:\/\/www.facebook.com\/radisfurniture\/\" \/>\n<meta property=\"article:modified_time\" content=\"2025-12-29T16:34:41+00:00\" \/>\n<meta property=\"og:image\" content=\"https:\/\/radis.ee\/wp-content\/uploads\/2019\/04\/Radis_Furniture_curved_wallshelf_sliding_door_FLOATY_Oak_veneered_plywood_2.webp\" \/>\n\t<meta property=\"og:image:width\" content=\"880\" \/>\n\t<meta property=\"og:image:height\" content=\"1216\" \/>\n\t<meta property=\"og:image:type\" content=\"image\/webp\" \/>\n<meta name=\"twitter:card\" content=\"summary_large_image\" \/>\n<meta name=\"twitter:label1\" content=\"Gesch\u00e4tzte Lesezeit\" \/>\n\t<meta name=\"twitter:data1\" content=\"2\u00a0Minuten\" \/>\n<script type=\"application\/ld+json\" class=\"yoast-schema-graph\">{\"@context\":\"https:\\\/\\\/schema.org\",\"@graph\":[{\"@type\":\"WebPage\",\"@id\":\"https:\\\/\\\/radis.ee\\\/de\\\/geschwungenes-wandregal-mit-schiebetuer-floaty\\\/\",\"url\":\"https:\\\/\\\/radis.ee\\\/de\\\/geschwungenes-wandregal-mit-schiebetuer-floaty\\\/\",\"name\":\"Geschwungenes Wandregal mit Schiebet\u00fcr FLOATY - Radis\",\"isPartOf\":{\"@id\":\"https:\\\/\\\/radis.ee\\\/#website\"},\"primaryImageOfPage\":{\"@id\":\"https:\\\/\\\/radis.ee\\\/de\\\/geschwungenes-wandregal-mit-schiebetuer-floaty\\\/#primaryimage\"},\"image\":{\"@id\":\"https:\\\/\\\/radis.ee\\\/de\\\/geschwungenes-wandregal-mit-schiebetuer-floaty\\\/#primaryimage\"},\"thumbnailUrl\":\"https:\\\/\\\/radis.ee\\\/wp-content\\\/uploads\\\/2019\\\/04\\\/Radis_Furniture_curved_wallshelf_sliding_door_FLOATY_Oak_veneered_plywood_2.webp\",\"datePublished\":\"2019-04-09T14:20:15+00:00\",\"dateModified\":\"2025-12-29T16:34:41+00:00\",\"breadcrumb\":{\"@id\":\"https:\\\/\\\/radis.ee\\\/de\\\/geschwungenes-wandregal-mit-schiebetuer-floaty\\\/#breadcrumb\"},\"inLanguage\":\"de\",\"potentialAction\":[{\"@type\":\"ReadAction\",\"target\":[\"https:\\\/\\\/radis.ee\\\/de\\\/geschwungenes-wandregal-mit-schiebetuer-floaty\\\/\"]}]},{\"@type\":\"ImageObject\",\"inLanguage\":\"de\",\"@id\":\"https:\\\/\\\/radis.ee\\\/de\\\/geschwungenes-wandregal-mit-schiebetuer-floaty\\\/#primaryimage\",\"url\":\"https:\\\/\\\/radis.ee\\\/wp-content\\\/uploads\\\/2019\\\/04\\\/Radis_Furniture_curved_wallshelf_sliding_door_FLOATY_Oak_veneered_plywood_2.webp\",\"contentUrl\":\"https:\\\/\\\/radis.ee\\\/wp-content\\\/uploads\\\/2019\\\/04\\\/Radis_Furniture_curved_wallshelf_sliding_door_FLOATY_Oak_veneered_plywood_2.webp\",\"width\":880,\"height\":1216,\"caption\":\"Radis Furniture curved wallshelf with sliding door FLOATY Oak veneered plywood\"},{\"@type\":\"BreadcrumbList\",\"@id\":\"https:\\\/\\\/radis.ee\\\/de\\\/geschwungenes-wandregal-mit-schiebetuer-floaty\\\/#breadcrumb\",\"itemListElement\":[{\"@type\":\"ListItem\",\"position\":1,\"name\":\"Home\",\"item\":\"https:\\\/\\\/radis.ee\\\/\"},{\"@type\":\"ListItem\",\"position\":2,\"name\":\"Produkte\",\"item\":\"https:\\\/\\\/radis.ee\\\/de\\\/produkte\\\/\"},{\"@type\":\"ListItem\",\"position\":3,\"name\":\"Geschwungenes Wandregal mit Schiebet\u00fcr FLOATY\"}]},{\"@type\":\"WebSite\",\"@id\":\"https:\\\/\\\/radis.ee\\\/#website\",\"url\":\"https:\\\/\\\/radis.ee\\\/\",\"name\":\"Radis\",\"description\":\"Nordic design furniture, environmentally friendly and sustainable.\",\"publisher\":{\"@id\":\"https:\\\/\\\/radis.ee\\\/#organization\"},\"potentialAction\":[{\"@type\":\"SearchAction\",\"target\":{\"@type\":\"EntryPoint\",\"urlTemplate\":\"https:\\\/\\\/radis.ee\\\/?s={search_term_string}\"},\"query-input\":{\"@type\":\"PropertyValueSpecification\",\"valueRequired\":true,\"valueName\":\"search_term_string\"}}],\"inLanguage\":\"de\"},{\"@type\":\"Organization\",\"@id\":\"https:\\\/\\\/radis.ee\\\/#organization\",\"name\":\"Radis O\u00dc\",\"url\":\"https:\\\/\\\/radis.ee\\\/\",\"logo\":{\"@type\":\"ImageObject\",\"inLanguage\":\"de\",\"@id\":\"https:\\\/\\\/radis.ee\\\/#\\\/schema\\\/logo\\\/image\\\/\",\"url\":\"https:\\\/\\\/radis.ee\\\/wp-content\\\/uploads\\\/2020\\\/10\\\/Radis-logo.png\",\"contentUrl\":\"https:\\\/\\\/radis.ee\\\/wp-content\\\/uploads\\\/2020\\\/10\\\/Radis-logo.png\",\"width\":300,\"height\":63,\"caption\":\"Radis O\u00dc\"},\"image\":{\"@id\":\"https:\\\/\\\/radis.ee\\\/#\\\/schema\\\/logo\\\/image\\\/\"},\"sameAs\":[\"https:\\\/\\\/www.facebook.com\\\/radisfurniture\\\/\"]}]}<\/script>\n<!-- \/ Yoast SEO plugin. -->","yoast_head_json":{"title":"Geschwungenes Wandregal mit Schiebet\u00fcr FLOATY - Radis","robots":{"index":"index","follow":"follow","max-snippet":"max-snippet:-1","max-image-preview":"max-image-preview:large","max-video-preview":"max-video-preview:-1"},"canonical":"https:\/\/radis.ee\/de\/geschwungenes-wandregal-mit-schiebetuer-floaty\/","og_locale":"de_DE","og_type":"article","og_title":"Geschwungenes Wandregal mit Schiebet\u00fcr FLOATY - Radis","og_description":"Verleihen Sie Ihrem Zuhause mit dem Wandregal Floaty eine sanfte und funktionale Note. Dieses minimalistische und dennoch charaktervolle M\u00f6belst\u00fcck ist ideal f\u00fcr alle, die klare nordische \u00c4sthetik und clevere Aufbewahrungsl\u00f6sungen sch\u00e4tzen. Das Highlight des Regals ist seine flie\u00dfende, geschwungene Form und die Schiebet\u00fcr mit vertikalen Streifen, die sich sanft am Rahmen entlang bewegt. So haben...","og_url":"https:\/\/radis.ee\/de\/geschwungenes-wandregal-mit-schiebetuer-floaty\/","og_site_name":"Radis","article_publisher":"https:\/\/www.facebook.com\/radisfurniture\/","article_modified_time":"2025-12-29T16:34:41+00:00","og_image":[{"width":880,"height":1216,"url":"https:\/\/radis.ee\/wp-content\/uploads\/2019\/04\/Radis_Furniture_curved_wallshelf_sliding_door_FLOATY_Oak_veneered_plywood_2.webp","type":"image\/webp"}],"twitter_card":"summary_large_image","twitter_misc":{"Gesch\u00e4tzte Lesezeit":"2\u00a0Minuten"},"schema":{"@context":"https:\/\/schema.org","@graph":[{"@type":"WebPage","@id":"https:\/\/radis.ee\/de\/geschwungenes-wandregal-mit-schiebetuer-floaty\/","url":"https:\/\/radis.ee\/de\/geschwungenes-wandregal-mit-schiebetuer-floaty\/","name":"Geschwungenes Wandregal mit Schiebet\u00fcr FLOATY - Radis","isPartOf":{"@id":"https:\/\/radis.ee\/#website"},"primaryImageOfPage":{"@id":"https:\/\/radis.ee\/de\/geschwungenes-wandregal-mit-schiebetuer-floaty\/#primaryimage"},"image":{"@id":"https:\/\/radis.ee\/de\/geschwungenes-wandregal-mit-schiebetuer-floaty\/#primaryimage"},"thumbnailUrl":"https:\/\/radis.ee\/wp-content\/uploads\/2019\/04\/Radis_Furniture_curved_wallshelf_sliding_door_FLOATY_Oak_veneered_plywood_2.webp","datePublished":"2019-04-09T14:20:15+00:00","dateModified":"2025-12-29T16:34:41+00:00","breadcrumb":{"@id":"https:\/\/radis.ee\/de\/geschwungenes-wandregal-mit-schiebetuer-floaty\/#breadcrumb"},"inLanguage":"de","potentialAction":[{"@type":"ReadAction","target":["https:\/\/radis.ee\/de\/geschwungenes-wandregal-mit-schiebetuer-floaty\/"]}]},{"@type":"ImageObject","inLanguage":"de","@id":"https:\/\/radis.ee\/de\/geschwungenes-wandregal-mit-schiebetuer-floaty\/#primaryimage","url":"https:\/\/radis.ee\/wp-content\/uploads\/2019\/04\/Radis_Furniture_curved_wallshelf_sliding_door_FLOATY_Oak_veneered_plywood_2.webp","contentUrl":"https:\/\/radis.ee\/wp-content\/uploads\/2019\/04\/Radis_Furniture_curved_wallshelf_sliding_door_FLOATY_Oak_veneered_plywood_2.webp","width":880,"height":1216,"caption":"Radis Furniture curved wallshelf with sliding door FLOATY Oak veneered plywood"},{"@type":"BreadcrumbList","@id":"https:\/\/radis.ee\/de\/geschwungenes-wandregal-mit-schiebetuer-floaty\/#breadcrumb","itemListElement":[{"@type":"ListItem","position":1,"name":"Home","item":"https:\/\/radis.ee\/"},{"@type":"ListItem","position":2,"name":"Produkte","item":"https:\/\/radis.ee\/de\/produkte\/"},{"@type":"ListItem","position":3,"name":"Geschwungenes Wandregal mit Schiebet\u00fcr FLOATY"}]},{"@type":"WebSite","@id":"https:\/\/radis.ee\/#website","url":"https:\/\/radis.ee\/","name":"Radis","description":"Nordic design furniture, environmentally friendly and sustainable.","publisher":{"@id":"https:\/\/radis.ee\/#organization"},"potentialAction":[{"@type":"SearchAction","target":{"@type":"EntryPoint","urlTemplate":"https:\/\/radis.ee\/?s={search_term_string}"},"query-input":{"@type":"PropertyValueSpecification","valueRequired":true,"valueName":"search_term_string"}}],"inLanguage":"de"},{"@type":"Organization","@id":"https:\/\/radis.ee\/#organization","name":"Radis O\u00dc","url":"https:\/\/radis.ee\/","logo":{"@type":"ImageObject","inLanguage":"de","@id":"https:\/\/radis.ee\/#\/schema\/logo\/image\/","url":"https:\/\/radis.ee\/wp-content\/uploads\/2020\/10\/Radis-logo.png","contentUrl":"https:\/\/radis.ee\/wp-content\/uploads\/2020\/10\/Radis-logo.png","width":300,"height":63,"caption":"Radis O\u00dc"},"image":{"@id":"https:\/\/radis.ee\/#\/schema\/logo\/image\/"},"sameAs":["https:\/\/www.facebook.com\/radisfurniture\/"]}]}},"_links":{"self":[{"href":"https:\/\/radis.ee\/de\/wp-json\/wp\/v2\/product\/30904","targetHints":{"allow":["GET"]}}],"collection":[{"href":"https:\/\/radis.ee\/de\/wp-json\/wp\/v2\/product"}],"about":[{"href":"https:\/\/radis.ee\/de\/wp-json\/wp\/v2\/types\/product"}],"replies":[{"embeddable":true,"href":"https:\/\/radis.ee\/de\/wp-json\/wp\/v2\/comments?post=30904"}],"wp:featuredmedia":[{"embeddable":true,"href":"https:\/\/radis.ee\/de\/wp-json\/wp\/v2\/media\/31073"}],"wp:attachment":[{"href":"https:\/\/radis.ee\/de\/wp-json\/wp\/v2\/media?parent=30904"}],"wp:term":[{"taxonomy":"product_brand","embeddable":true,"href":"https:\/\/radis.ee\/de\/wp-json\/wp\/v2\/product_brand?post=30904"},{"taxonomy":"product_cat","embeddable":true,"href":"https:\/\/radis.ee\/de\/wp-json\/wp\/v2\/product_cat?post=30904"},{"taxonomy":"product_tag","embeddable":true,"href":"https:\/\/radis.ee\/de\/wp-json\/wp\/v2\/product_tag?post=30904"}],"curies":[{"name":"wp","href":"https:\/\/api.w.org\/{rel}","templated":true}]}}