{"id":31269,"date":"2023-05-20T23:08:37","date_gmt":"2023-05-20T20:08:37","guid":{"rendered":"https:\/\/radis.ee\/?post_type=product&#038;p=31269"},"modified":"2026-02-13T00:27:39","modified_gmt":"2026-02-12T22:27:39","slug":"regal-salu","status":"publish","type":"product","link":"https:\/\/radis.ee\/de\/regal-salu\/","title":{"rendered":"Regal SALU"},"content":{"rendered":"<p>Das SALU-Regal vereint industriellen Minimalismus mit warmem nordischem Design. SALU ist f\u00fcr alle, die klare Linien, Langlebigkeit und die M\u00f6glichkeit sch\u00e4tzen, M\u00f6bel individuell an den Charakter ihres Zuhauses anzupassen.<\/p>\n<p>Das optische R\u00fcckgrat des Regals bilden schwarz pulverbeschichtete Metalleins\u00e4tze, die der Struktur eine luftige und dennoch unersch\u00fctterlich stabile Form verleihen. Es ist die perfekte L\u00f6sung, um B\u00fccher und Deko-Elemente im Wohnzimmer oder in einem stilvollen Homeoffice zu pr\u00e4sentieren.<\/p>\n<p>Warum das SALU-Regal?<\/p>\n<ul>\n<li>Langlebige Materialien \u2013 die Regalb\u00f6den bestehen aus hochwertigem Sperrholz und sind f\u00fcr Generationen gemacht.<\/li>\n<li>Individuelle Oberfl\u00e4chengestaltung: W\u00e4hlen Sie zwischen drei verschiedenen Plattenmaterialien:\n<ul>\n<li>Schwarz beschichtete Sperrholzplatten: Modern und strapazierf\u00e4hig, mit sichtbaren Sperrholzstreifen an den Kanten.<\/li>\n<li>Wei\u00df beschichtete Sperrholzplatten: Hell und klar, perfekt f\u00fcr skandinavische Einrichtungen.<\/li>\n<li>Eichenfurniertes Sperrholz: Ein zeitloser Klassiker, der dem Raum nat\u00fcrliche W\u00e4rme und Luxus verleiht.<\/li>\n<\/ul>\n<\/li>\n<li>Industrieller Akzent: Pulverbeschichtete schwarze Metalldetails bilden einen effektvollen Kontrast zur Holzmaserung.<\/li>\n<\/ul>\n<p>Die richtige Gr\u00f6\u00dfe f\u00fcr jeden Raum: SALU ist in zwei verschiedenen Gr\u00f6\u00dfen erh\u00e4ltlich (120 and 230 cm), sodass Sie die passende Option f\u00fcr Ihre r\u00e4umlichen Bed\u00fcrfnisse w\u00e4hlen k\u00f6nnen \u2013 ob als kompakte Ablagefl\u00e4che oder als gro\u00dfz\u00fcgiges Wandelement.<\/p>\n<p>Verwandeln Sie Ordnung in Ihrem Zuhause in eine Kunstform. W\u00e4hlen Sie SALU \u2013 ein Regal, das Dinge nicht versteckt, sondern in Szene setzt.<\/p>\n<p>Gefertigt aus 15 mm starkem, wei\u00df oder schwarz folienbeschichtetem Sperrholz oder 16 mm starkem, eichenfurniertem Sperrholz, ge\u00f6lt und gewachst. Schwarze, pulverbeschichtete Metallabstandshalter mit einer H\u00f6he von 30 cm. Unter dem Regal befindet sich ein 8 cm hoher Sockel, der zu den meisten Fu\u00dfleisten passt.<\/p>\n<p>Design: Tambet K\u00fctt, Raul Abner.<\/p>\n","protected":false},"excerpt":{"rendered":"<p>Das SALU-Regal vereint industriellen Minimalismus mit warmem nordischem Design. SALU ist f\u00fcr alle, die klare Linien, Langlebigkeit und die M\u00f6glichkeit sch\u00e4tzen, M\u00f6bel individuell an den Charakter ihres Zuhauses anzupassen. Das optische R\u00fcckgrat des Regals bilden schwarz pulverbeschichtete Metalleins\u00e4tze, die der Struktur eine luftige und dennoch unersch\u00fctterlich stabile Form verleihen. Es ist die perfekte L\u00f6sung, um&#8230;<\/p>\n","protected":false},"featured_media":31394,"comment_status":"open","ping_status":"closed","template":"","meta":{"_acf_changed":false},"product_brand":[],"product_cat":[109],"product_tag":[],"class_list":{"0":"post-31269","1":"product","2":"type-product","3":"status-publish","4":"has-post-thumbnail","6":"product_cat-riiulid","8":"first","9":"instock","10":"taxable","11":"shipping-taxable","12":"purchasable","13":"product-type-variable","14":"has-default-attributes"},"acf":[],"yoast_head":"<!-- This site is optimized with the Yoast SEO plugin v27.4 - https:\/\/yoast.com\/product\/yoast-seo-wordpress\/ -->\n<title>Regal SALU - Radis<\/title>\n<meta name=\"robots\" content=\"index, follow, max-snippet:-1, max-image-preview:large, max-video-preview:-1\" \/>\n<link rel=\"canonical\" href=\"https:\/\/radis.ee\/de\/regal-salu\/\" \/>\n<meta property=\"og:locale\" content=\"de_DE\" \/>\n<meta property=\"og:type\" content=\"article\" \/>\n<meta property=\"og:title\" content=\"Regal SALU - Radis\" \/>\n<meta property=\"og:description\" content=\"Das SALU-Regal vereint industriellen Minimalismus mit warmem nordischem Design. SALU ist f\u00fcr alle, die klare Linien, Langlebigkeit und die M\u00f6glichkeit sch\u00e4tzen, M\u00f6bel individuell an den Charakter ihres Zuhauses anzupassen. Das optische R\u00fcckgrat des Regals bilden schwarz pulverbeschichtete Metalleins\u00e4tze, die der Struktur eine luftige und dennoch unersch\u00fctterlich stabile Form verleihen. Es ist die perfekte L\u00f6sung, um...\" \/>\n<meta property=\"og:url\" content=\"https:\/\/radis.ee\/de\/regal-salu\/\" \/>\n<meta property=\"og:site_name\" content=\"Radis\" \/>\n<meta property=\"article:publisher\" content=\"https:\/\/www.facebook.com\/radisfurniture\/\" \/>\n<meta property=\"article:modified_time\" content=\"2026-02-12T22:27:39+00:00\" \/>\n<meta property=\"og:image\" content=\"https:\/\/radis.ee\/wp-content\/uploads\/2026\/02\/Radis_shelf_SALU_M_Oak_veneered_plywood_white_background.webp\" \/>\n\t<meta property=\"og:image:width\" content=\"864\" \/>\n\t<meta property=\"og:image:height\" content=\"1184\" \/>\n\t<meta property=\"og:image:type\" content=\"image\/webp\" \/>\n<meta name=\"twitter:card\" content=\"summary_large_image\" \/>\n<meta name=\"twitter:label1\" content=\"Gesch\u00e4tzte Lesezeit\" \/>\n\t<meta name=\"twitter:data1\" content=\"2\u00a0Minuten\" \/>\n<script type=\"application\/ld+json\" class=\"yoast-schema-graph\">{\"@context\":\"https:\\\/\\\/schema.org\",\"@graph\":[{\"@type\":\"WebPage\",\"@id\":\"https:\\\/\\\/radis.ee\\\/de\\\/regal-salu\\\/\",\"url\":\"https:\\\/\\\/radis.ee\\\/de\\\/regal-salu\\\/\",\"name\":\"Regal SALU - Radis\",\"isPartOf\":{\"@id\":\"https:\\\/\\\/radis.ee\\\/#website\"},\"primaryImageOfPage\":{\"@id\":\"https:\\\/\\\/radis.ee\\\/de\\\/regal-salu\\\/#primaryimage\"},\"image\":{\"@id\":\"https:\\\/\\\/radis.ee\\\/de\\\/regal-salu\\\/#primaryimage\"},\"thumbnailUrl\":\"https:\\\/\\\/radis.ee\\\/wp-content\\\/uploads\\\/2026\\\/02\\\/Radis_shelf_SALU_M_Oak_veneered_plywood_white_background.webp\",\"datePublished\":\"2023-05-20T20:08:37+00:00\",\"dateModified\":\"2026-02-12T22:27:39+00:00\",\"breadcrumb\":{\"@id\":\"https:\\\/\\\/radis.ee\\\/de\\\/regal-salu\\\/#breadcrumb\"},\"inLanguage\":\"de\",\"potentialAction\":[{\"@type\":\"ReadAction\",\"target\":[\"https:\\\/\\\/radis.ee\\\/de\\\/regal-salu\\\/\"]}]},{\"@type\":\"ImageObject\",\"inLanguage\":\"de\",\"@id\":\"https:\\\/\\\/radis.ee\\\/de\\\/regal-salu\\\/#primaryimage\",\"url\":\"https:\\\/\\\/radis.ee\\\/wp-content\\\/uploads\\\/2026\\\/02\\\/Radis_shelf_SALU_M_Oak_veneered_plywood_white_background.webp\",\"contentUrl\":\"https:\\\/\\\/radis.ee\\\/wp-content\\\/uploads\\\/2026\\\/02\\\/Radis_shelf_SALU_M_Oak_veneered_plywood_white_background.webp\",\"width\":864,\"height\":1184,\"caption\":\"Radis Furniture shelf SALU\"},{\"@type\":\"BreadcrumbList\",\"@id\":\"https:\\\/\\\/radis.ee\\\/de\\\/regal-salu\\\/#breadcrumb\",\"itemListElement\":[{\"@type\":\"ListItem\",\"position\":1,\"name\":\"Home\",\"item\":\"https:\\\/\\\/radis.ee\\\/\"},{\"@type\":\"ListItem\",\"position\":2,\"name\":\"Produkte\",\"item\":\"https:\\\/\\\/radis.ee\\\/de\\\/produkte\\\/\"},{\"@type\":\"ListItem\",\"position\":3,\"name\":\"Regal SALU\"}]},{\"@type\":\"WebSite\",\"@id\":\"https:\\\/\\\/radis.ee\\\/#website\",\"url\":\"https:\\\/\\\/radis.ee\\\/\",\"name\":\"Radis\",\"description\":\"Nordic design furniture, environmentally friendly and sustainable.\",\"publisher\":{\"@id\":\"https:\\\/\\\/radis.ee\\\/#organization\"},\"potentialAction\":[{\"@type\":\"SearchAction\",\"target\":{\"@type\":\"EntryPoint\",\"urlTemplate\":\"https:\\\/\\\/radis.ee\\\/?s={search_term_string}\"},\"query-input\":{\"@type\":\"PropertyValueSpecification\",\"valueRequired\":true,\"valueName\":\"search_term_string\"}}],\"inLanguage\":\"de\"},{\"@type\":\"Organization\",\"@id\":\"https:\\\/\\\/radis.ee\\\/#organization\",\"name\":\"Radis O\u00dc\",\"url\":\"https:\\\/\\\/radis.ee\\\/\",\"logo\":{\"@type\":\"ImageObject\",\"inLanguage\":\"de\",\"@id\":\"https:\\\/\\\/radis.ee\\\/#\\\/schema\\\/logo\\\/image\\\/\",\"url\":\"https:\\\/\\\/radis.ee\\\/wp-content\\\/uploads\\\/2020\\\/10\\\/Radis-logo.png\",\"contentUrl\":\"https:\\\/\\\/radis.ee\\\/wp-content\\\/uploads\\\/2020\\\/10\\\/Radis-logo.png\",\"width\":300,\"height\":63,\"caption\":\"Radis O\u00dc\"},\"image\":{\"@id\":\"https:\\\/\\\/radis.ee\\\/#\\\/schema\\\/logo\\\/image\\\/\"},\"sameAs\":[\"https:\\\/\\\/www.facebook.com\\\/radisfurniture\\\/\"]}]}<\/script>\n<!-- \/ Yoast SEO plugin. -->","yoast_head_json":{"title":"Regal SALU - Radis","robots":{"index":"index","follow":"follow","max-snippet":"max-snippet:-1","max-image-preview":"max-image-preview:large","max-video-preview":"max-video-preview:-1"},"canonical":"https:\/\/radis.ee\/de\/regal-salu\/","og_locale":"de_DE","og_type":"article","og_title":"Regal SALU - Radis","og_description":"Das SALU-Regal vereint industriellen Minimalismus mit warmem nordischem Design. SALU ist f\u00fcr alle, die klare Linien, Langlebigkeit und die M\u00f6glichkeit sch\u00e4tzen, M\u00f6bel individuell an den Charakter ihres Zuhauses anzupassen. Das optische R\u00fcckgrat des Regals bilden schwarz pulverbeschichtete Metalleins\u00e4tze, die der Struktur eine luftige und dennoch unersch\u00fctterlich stabile Form verleihen. Es ist die perfekte L\u00f6sung, um...","og_url":"https:\/\/radis.ee\/de\/regal-salu\/","og_site_name":"Radis","article_publisher":"https:\/\/www.facebook.com\/radisfurniture\/","article_modified_time":"2026-02-12T22:27:39+00:00","og_image":[{"width":864,"height":1184,"url":"https:\/\/radis.ee\/wp-content\/uploads\/2026\/02\/Radis_shelf_SALU_M_Oak_veneered_plywood_white_background.webp","type":"image\/webp"}],"twitter_card":"summary_large_image","twitter_misc":{"Gesch\u00e4tzte Lesezeit":"2\u00a0Minuten"},"schema":{"@context":"https:\/\/schema.org","@graph":[{"@type":"WebPage","@id":"https:\/\/radis.ee\/de\/regal-salu\/","url":"https:\/\/radis.ee\/de\/regal-salu\/","name":"Regal SALU - Radis","isPartOf":{"@id":"https:\/\/radis.ee\/#website"},"primaryImageOfPage":{"@id":"https:\/\/radis.ee\/de\/regal-salu\/#primaryimage"},"image":{"@id":"https:\/\/radis.ee\/de\/regal-salu\/#primaryimage"},"thumbnailUrl":"https:\/\/radis.ee\/wp-content\/uploads\/2026\/02\/Radis_shelf_SALU_M_Oak_veneered_plywood_white_background.webp","datePublished":"2023-05-20T20:08:37+00:00","dateModified":"2026-02-12T22:27:39+00:00","breadcrumb":{"@id":"https:\/\/radis.ee\/de\/regal-salu\/#breadcrumb"},"inLanguage":"de","potentialAction":[{"@type":"ReadAction","target":["https:\/\/radis.ee\/de\/regal-salu\/"]}]},{"@type":"ImageObject","inLanguage":"de","@id":"https:\/\/radis.ee\/de\/regal-salu\/#primaryimage","url":"https:\/\/radis.ee\/wp-content\/uploads\/2026\/02\/Radis_shelf_SALU_M_Oak_veneered_plywood_white_background.webp","contentUrl":"https:\/\/radis.ee\/wp-content\/uploads\/2026\/02\/Radis_shelf_SALU_M_Oak_veneered_plywood_white_background.webp","width":864,"height":1184,"caption":"Radis Furniture shelf SALU"},{"@type":"BreadcrumbList","@id":"https:\/\/radis.ee\/de\/regal-salu\/#breadcrumb","itemListElement":[{"@type":"ListItem","position":1,"name":"Home","item":"https:\/\/radis.ee\/"},{"@type":"ListItem","position":2,"name":"Produkte","item":"https:\/\/radis.ee\/de\/produkte\/"},{"@type":"ListItem","position":3,"name":"Regal SALU"}]},{"@type":"WebSite","@id":"https:\/\/radis.ee\/#website","url":"https:\/\/radis.ee\/","name":"Radis","description":"Nordic design furniture, environmentally friendly and sustainable.","publisher":{"@id":"https:\/\/radis.ee\/#organization"},"potentialAction":[{"@type":"SearchAction","target":{"@type":"EntryPoint","urlTemplate":"https:\/\/radis.ee\/?s={search_term_string}"},"query-input":{"@type":"PropertyValueSpecification","valueRequired":true,"valueName":"search_term_string"}}],"inLanguage":"de"},{"@type":"Organization","@id":"https:\/\/radis.ee\/#organization","name":"Radis O\u00dc","url":"https:\/\/radis.ee\/","logo":{"@type":"ImageObject","inLanguage":"de","@id":"https:\/\/radis.ee\/#\/schema\/logo\/image\/","url":"https:\/\/radis.ee\/wp-content\/uploads\/2020\/10\/Radis-logo.png","contentUrl":"https:\/\/radis.ee\/wp-content\/uploads\/2020\/10\/Radis-logo.png","width":300,"height":63,"caption":"Radis O\u00dc"},"image":{"@id":"https:\/\/radis.ee\/#\/schema\/logo\/image\/"},"sameAs":["https:\/\/www.facebook.com\/radisfurniture\/"]}]}},"_links":{"self":[{"href":"https:\/\/radis.ee\/de\/wp-json\/wp\/v2\/product\/31269","targetHints":{"allow":["GET"]}}],"collection":[{"href":"https:\/\/radis.ee\/de\/wp-json\/wp\/v2\/product"}],"about":[{"href":"https:\/\/radis.ee\/de\/wp-json\/wp\/v2\/types\/product"}],"replies":[{"embeddable":true,"href":"https:\/\/radis.ee\/de\/wp-json\/wp\/v2\/comments?post=31269"}],"wp:featuredmedia":[{"embeddable":true,"href":"https:\/\/radis.ee\/de\/wp-json\/wp\/v2\/media\/31394"}],"wp:attachment":[{"href":"https:\/\/radis.ee\/de\/wp-json\/wp\/v2\/media?parent=31269"}],"wp:term":[{"taxonomy":"product_brand","embeddable":true,"href":"https:\/\/radis.ee\/de\/wp-json\/wp\/v2\/product_brand?post=31269"},{"taxonomy":"product_cat","embeddable":true,"href":"https:\/\/radis.ee\/de\/wp-json\/wp\/v2\/product_cat?post=31269"},{"taxonomy":"product_tag","embeddable":true,"href":"https:\/\/radis.ee\/de\/wp-json\/wp\/v2\/product_tag?post=31269"}],"curies":[{"name":"wp","href":"https:\/\/api.w.org\/{rel}","templated":true}]}}