{"id":3135,"date":"2020-06-28T20:41:07","date_gmt":"2020-06-28T17:41:07","guid":{"rendered":"https:\/\/radis.ee\/unkategorisiert\/regal-sik-sak\/"},"modified":"2021-01-06T21:28:09","modified_gmt":"2021-01-06T19:28:09","slug":"regal-sik-sak","status":"publish","type":"product","link":"https:\/\/radis.ee\/de\/regal-sik-sak\/","title":{"rendered":"Regal SIK-SAK"},"content":{"rendered":"<p>Das Regal SIK-SAK h\u00e4lt alles aus. Sie k\u00f6nnen es auch als Zwischenwand benutzen. Ihre B\u00fccher und die aus Asien mitgebrachten Elefanten finden den Platz, den sie brauchen.<\/p>\n<p>Alle Produkte sind aus Birkensperrholz hergestellt und \u00f6lgewachst, auch Eiche furniert.<\/p>\n<p>Regal SIK-SAK wurde f\u00fcr den estnischen Designpreis Bruno 2014 nominiert.<\/p>\n","protected":false},"excerpt":{"rendered":"<p>Das Regal SIK-SAK h\u00e4lt alles aus. Sie k\u00f6nnen es auch als Zwischenwand benutzen. Ihre B\u00fccher und die aus Asien mitgebrachten Elefanten finden den Platz, den sie brauchen. Alle Produkte sind aus Birkensperrholz hergestellt und \u00f6lgewachst, auch Eiche furniert. Regal SIK-SAK wurde f\u00fcr den estnischen Designpreis Bruno 2014 nominiert.<\/p>\n","protected":false},"featured_media":4934,"comment_status":"open","ping_status":"closed","template":"","meta":{"_acf_changed":false},"product_brand":[],"product_cat":[109],"product_tag":[],"class_list":{"0":"post-3135","1":"product","2":"type-product","3":"status-publish","4":"has-post-thumbnail","6":"product_cat-riiulid","8":"first","9":"instock","10":"taxable","11":"shipping-taxable","12":"purchasable","13":"product-type-variable","14":"has-default-attributes"},"acf":[],"yoast_head":"<!-- This site is optimized with the Yoast SEO plugin v27.3 - https:\/\/yoast.com\/product\/yoast-seo-wordpress\/ -->\n<title>Regal SIK-SAK - Radis<\/title>\n<meta name=\"robots\" content=\"index, follow, max-snippet:-1, max-image-preview:large, max-video-preview:-1\" \/>\n<link rel=\"canonical\" href=\"https:\/\/radis.ee\/riiul-siksak\/\" \/>\n<meta property=\"og:locale\" content=\"de_DE\" \/>\n<meta property=\"og:type\" content=\"article\" \/>\n<meta property=\"og:title\" content=\"Regal SIK-SAK - Radis\" \/>\n<meta property=\"og:description\" content=\"Das Regal SIK-SAK h\u00e4lt alles aus. Sie k\u00f6nnen es auch als Zwischenwand benutzen. Ihre B\u00fccher und die aus Asien mitgebrachten Elefanten finden den Platz, den sie brauchen. Alle Produkte sind aus Birkensperrholz hergestellt und \u00f6lgewachst, auch Eiche furniert. Regal SIK-SAK wurde f\u00fcr den estnischen Designpreis Bruno 2014 nominiert.\" \/>\n<meta property=\"og:url\" content=\"https:\/\/radis.ee\/riiul-siksak\/\" \/>\n<meta property=\"og:site_name\" content=\"Radis\" \/>\n<meta property=\"article:publisher\" content=\"https:\/\/www.facebook.com\/radisfurniture\/\" \/>\n<meta property=\"article:modified_time\" content=\"2021-01-06T19:28:09+00:00\" \/>\n<meta property=\"og:image\" content=\"https:\/\/radis.ee\/wp-content\/uploads\/2020\/08\/RA0221-Radis-Shelf-ZIG-ZAG-SIK-SAK_WHITE_OSMO_BLACK_LEGS.jpg\" \/>\n\t<meta property=\"og:image:width\" content=\"2500\" \/>\n\t<meta property=\"og:image:height\" content=\"2501\" \/>\n\t<meta property=\"og:image:type\" content=\"image\/jpeg\" \/>\n<meta name=\"twitter:card\" content=\"summary_large_image\" \/>\n<script type=\"application\/ld+json\" class=\"yoast-schema-graph\">{\"@context\":\"https:\\\/\\\/schema.org\",\"@graph\":[{\"@type\":\"WebPage\",\"@id\":\"https:\\\/\\\/radis.ee\\\/riiul-siksak\\\/\",\"url\":\"https:\\\/\\\/radis.ee\\\/riiul-siksak\\\/\",\"name\":\"Regal SIK-SAK - Radis\",\"isPartOf\":{\"@id\":\"https:\\\/\\\/radis.ee\\\/#website\"},\"primaryImageOfPage\":{\"@id\":\"https:\\\/\\\/radis.ee\\\/riiul-siksak\\\/#primaryimage\"},\"image\":{\"@id\":\"https:\\\/\\\/radis.ee\\\/riiul-siksak\\\/#primaryimage\"},\"thumbnailUrl\":\"https:\\\/\\\/radis.ee\\\/wp-content\\\/uploads\\\/2020\\\/08\\\/RA0221-Radis-Shelf-ZIG-ZAG-SIK-SAK_WHITE_OSMO_BLACK_LEGS.jpg\",\"datePublished\":\"2020-06-28T17:41:07+00:00\",\"dateModified\":\"2021-01-06T19:28:09+00:00\",\"breadcrumb\":{\"@id\":\"https:\\\/\\\/radis.ee\\\/riiul-siksak\\\/#breadcrumb\"},\"inLanguage\":\"de\",\"potentialAction\":[{\"@type\":\"ReadAction\",\"target\":[\"https:\\\/\\\/radis.ee\\\/riiul-siksak\\\/\"]}]},{\"@type\":\"ImageObject\",\"inLanguage\":\"de\",\"@id\":\"https:\\\/\\\/radis.ee\\\/riiul-siksak\\\/#primaryimage\",\"url\":\"https:\\\/\\\/radis.ee\\\/wp-content\\\/uploads\\\/2020\\\/08\\\/RA0221-Radis-Shelf-ZIG-ZAG-SIK-SAK_WHITE_OSMO_BLACK_LEGS.jpg\",\"contentUrl\":\"https:\\\/\\\/radis.ee\\\/wp-content\\\/uploads\\\/2020\\\/08\\\/RA0221-Radis-Shelf-ZIG-ZAG-SIK-SAK_WHITE_OSMO_BLACK_LEGS.jpg\",\"width\":2500,\"height\":2501},{\"@type\":\"BreadcrumbList\",\"@id\":\"https:\\\/\\\/radis.ee\\\/riiul-siksak\\\/#breadcrumb\",\"itemListElement\":[{\"@type\":\"ListItem\",\"position\":1,\"name\":\"Home\",\"item\":\"https:\\\/\\\/radis.ee\\\/\"},{\"@type\":\"ListItem\",\"position\":2,\"name\":\"Produkte\",\"item\":\"https:\\\/\\\/radis.ee\\\/de\\\/produkte\\\/\"},{\"@type\":\"ListItem\",\"position\":3,\"name\":\"Regal SIK-SAK\"}]},{\"@type\":\"WebSite\",\"@id\":\"https:\\\/\\\/radis.ee\\\/#website\",\"url\":\"https:\\\/\\\/radis.ee\\\/\",\"name\":\"Radis\",\"description\":\"Nordic design furniture, environmentally friendly and sustainable.\",\"publisher\":{\"@id\":\"https:\\\/\\\/radis.ee\\\/#organization\"},\"potentialAction\":[{\"@type\":\"SearchAction\",\"target\":{\"@type\":\"EntryPoint\",\"urlTemplate\":\"https:\\\/\\\/radis.ee\\\/?s={search_term_string}\"},\"query-input\":{\"@type\":\"PropertyValueSpecification\",\"valueRequired\":true,\"valueName\":\"search_term_string\"}}],\"inLanguage\":\"de\"},{\"@type\":\"Organization\",\"@id\":\"https:\\\/\\\/radis.ee\\\/#organization\",\"name\":\"Radis O\u00dc\",\"url\":\"https:\\\/\\\/radis.ee\\\/\",\"logo\":{\"@type\":\"ImageObject\",\"inLanguage\":\"de\",\"@id\":\"https:\\\/\\\/radis.ee\\\/#\\\/schema\\\/logo\\\/image\\\/\",\"url\":\"https:\\\/\\\/radis.ee\\\/wp-content\\\/uploads\\\/2020\\\/10\\\/Radis-logo.png\",\"contentUrl\":\"https:\\\/\\\/radis.ee\\\/wp-content\\\/uploads\\\/2020\\\/10\\\/Radis-logo.png\",\"width\":300,\"height\":63,\"caption\":\"Radis O\u00dc\"},\"image\":{\"@id\":\"https:\\\/\\\/radis.ee\\\/#\\\/schema\\\/logo\\\/image\\\/\"},\"sameAs\":[\"https:\\\/\\\/www.facebook.com\\\/radisfurniture\\\/\"]}]}<\/script>\n<!-- \/ Yoast SEO plugin. -->","yoast_head_json":{"title":"Regal SIK-SAK - Radis","robots":{"index":"index","follow":"follow","max-snippet":"max-snippet:-1","max-image-preview":"max-image-preview:large","max-video-preview":"max-video-preview:-1"},"canonical":"https:\/\/radis.ee\/riiul-siksak\/","og_locale":"de_DE","og_type":"article","og_title":"Regal SIK-SAK - Radis","og_description":"Das Regal SIK-SAK h\u00e4lt alles aus. Sie k\u00f6nnen es auch als Zwischenwand benutzen. Ihre B\u00fccher und die aus Asien mitgebrachten Elefanten finden den Platz, den sie brauchen. Alle Produkte sind aus Birkensperrholz hergestellt und \u00f6lgewachst, auch Eiche furniert. Regal SIK-SAK wurde f\u00fcr den estnischen Designpreis Bruno 2014 nominiert.","og_url":"https:\/\/radis.ee\/riiul-siksak\/","og_site_name":"Radis","article_publisher":"https:\/\/www.facebook.com\/radisfurniture\/","article_modified_time":"2021-01-06T19:28:09+00:00","og_image":[{"width":2500,"height":2501,"url":"https:\/\/radis.ee\/wp-content\/uploads\/2020\/08\/RA0221-Radis-Shelf-ZIG-ZAG-SIK-SAK_WHITE_OSMO_BLACK_LEGS.jpg","type":"image\/jpeg"}],"twitter_card":"summary_large_image","schema":{"@context":"https:\/\/schema.org","@graph":[{"@type":"WebPage","@id":"https:\/\/radis.ee\/riiul-siksak\/","url":"https:\/\/radis.ee\/riiul-siksak\/","name":"Regal SIK-SAK - Radis","isPartOf":{"@id":"https:\/\/radis.ee\/#website"},"primaryImageOfPage":{"@id":"https:\/\/radis.ee\/riiul-siksak\/#primaryimage"},"image":{"@id":"https:\/\/radis.ee\/riiul-siksak\/#primaryimage"},"thumbnailUrl":"https:\/\/radis.ee\/wp-content\/uploads\/2020\/08\/RA0221-Radis-Shelf-ZIG-ZAG-SIK-SAK_WHITE_OSMO_BLACK_LEGS.jpg","datePublished":"2020-06-28T17:41:07+00:00","dateModified":"2021-01-06T19:28:09+00:00","breadcrumb":{"@id":"https:\/\/radis.ee\/riiul-siksak\/#breadcrumb"},"inLanguage":"de","potentialAction":[{"@type":"ReadAction","target":["https:\/\/radis.ee\/riiul-siksak\/"]}]},{"@type":"ImageObject","inLanguage":"de","@id":"https:\/\/radis.ee\/riiul-siksak\/#primaryimage","url":"https:\/\/radis.ee\/wp-content\/uploads\/2020\/08\/RA0221-Radis-Shelf-ZIG-ZAG-SIK-SAK_WHITE_OSMO_BLACK_LEGS.jpg","contentUrl":"https:\/\/radis.ee\/wp-content\/uploads\/2020\/08\/RA0221-Radis-Shelf-ZIG-ZAG-SIK-SAK_WHITE_OSMO_BLACK_LEGS.jpg","width":2500,"height":2501},{"@type":"BreadcrumbList","@id":"https:\/\/radis.ee\/riiul-siksak\/#breadcrumb","itemListElement":[{"@type":"ListItem","position":1,"name":"Home","item":"https:\/\/radis.ee\/"},{"@type":"ListItem","position":2,"name":"Produkte","item":"https:\/\/radis.ee\/de\/produkte\/"},{"@type":"ListItem","position":3,"name":"Regal SIK-SAK"}]},{"@type":"WebSite","@id":"https:\/\/radis.ee\/#website","url":"https:\/\/radis.ee\/","name":"Radis","description":"Nordic design furniture, environmentally friendly and sustainable.","publisher":{"@id":"https:\/\/radis.ee\/#organization"},"potentialAction":[{"@type":"SearchAction","target":{"@type":"EntryPoint","urlTemplate":"https:\/\/radis.ee\/?s={search_term_string}"},"query-input":{"@type":"PropertyValueSpecification","valueRequired":true,"valueName":"search_term_string"}}],"inLanguage":"de"},{"@type":"Organization","@id":"https:\/\/radis.ee\/#organization","name":"Radis O\u00dc","url":"https:\/\/radis.ee\/","logo":{"@type":"ImageObject","inLanguage":"de","@id":"https:\/\/radis.ee\/#\/schema\/logo\/image\/","url":"https:\/\/radis.ee\/wp-content\/uploads\/2020\/10\/Radis-logo.png","contentUrl":"https:\/\/radis.ee\/wp-content\/uploads\/2020\/10\/Radis-logo.png","width":300,"height":63,"caption":"Radis O\u00dc"},"image":{"@id":"https:\/\/radis.ee\/#\/schema\/logo\/image\/"},"sameAs":["https:\/\/www.facebook.com\/radisfurniture\/"]}]}},"_links":{"self":[{"href":"https:\/\/radis.ee\/de\/wp-json\/wp\/v2\/product\/3135","targetHints":{"allow":["GET"]}}],"collection":[{"href":"https:\/\/radis.ee\/de\/wp-json\/wp\/v2\/product"}],"about":[{"href":"https:\/\/radis.ee\/de\/wp-json\/wp\/v2\/types\/product"}],"replies":[{"embeddable":true,"href":"https:\/\/radis.ee\/de\/wp-json\/wp\/v2\/comments?post=3135"}],"wp:featuredmedia":[{"embeddable":true,"href":"https:\/\/radis.ee\/de\/wp-json\/wp\/v2\/media\/4934"}],"wp:attachment":[{"href":"https:\/\/radis.ee\/de\/wp-json\/wp\/v2\/media?parent=3135"}],"wp:term":[{"taxonomy":"product_brand","embeddable":true,"href":"https:\/\/radis.ee\/de\/wp-json\/wp\/v2\/product_brand?post=3135"},{"taxonomy":"product_cat","embeddable":true,"href":"https:\/\/radis.ee\/de\/wp-json\/wp\/v2\/product_cat?post=3135"},{"taxonomy":"product_tag","embeddable":true,"href":"https:\/\/radis.ee\/de\/wp-json\/wp\/v2\/product_tag?post=3135"}],"curies":[{"name":"wp","href":"https:\/\/api.w.org\/{rel}","templated":true}]}}