{"id":3163,"date":"2020-10-12T22:45:40","date_gmt":"2020-08-27T19:45:40","guid":{"rendered":"https:\/\/radis.ee\/unkategorisiert\/regal-lift-s\/"},"modified":"2026-02-09T22:29:02","modified_gmt":"2026-02-09T20:29:02","slug":"regal-lift-s","status":"publish","type":"product","link":"https:\/\/radis.ee\/de\/regal-lift-s\/","title":{"rendered":"Regal LIFT S"},"content":{"rendered":"<p>Das mit dem German Design Award ausgezeichnete Regalsystem LIFT von Radis Furniture ist ein flexibles, modulares Regalsystem aus hochwertigem Birkensperrholz mit h\u00f6henverstellbaren Regalb\u00f6den und einem luftigen, architektonischen Design, das sich nahtlos in jedes moderne Interieur einf\u00fcgt.<\/p>\n<p>Das Leben ist manchmal unvorhersehbar: Ob neuer Job, neue Mitbewohner oder die gro\u00dfe Liebe, es h\u00e4lt immer neue \u00dcberraschungen f\u00fcr uns bereit. Deshalb bleiben wir lieber flexibel &#8211; mit dem neuen LIFT-Regal ist dies bei Ihnen zu Hause kein Problem mehr!<\/p>\n<p>Das Regal LIFT w\u00e4chst mit uns. Wenn wir manchmal gezwungen sind, M\u00f6bel zu ber\u00fccksichtigen, wenn wir unsere Sachen platzieren, dann passiert in diesem Fall das Gegenteil. H\u00f6henverstellbare Regale eignen sich sowohl f\u00fcr gro\u00dfe als auch f\u00fcr kleine B\u00fccher. Falls gew\u00fcnscht, kann das Regal durch Hinzuf\u00fcgen vertikaler W\u00e4nde leicht erweitert werden. Beim \u00dcbergang von einem Ort zum anderen zeigen starke Sperrholzdetails ihre Haltbarkeit. F\u00fcr einen bequemeren Transport sind die l\u00e4ngsten Details nur 1,15 Meter lang. Die Breite des breiteren Zwischenregals betr\u00e4gt 49 cm, die schmalere Breite 18 cm.<\/p>\n<p>Dank der luftigen Konstruktion fallen die Sonnenstrahlen durch das Regal und erzeugen ein Lichtspiel auf hellen Oberfl\u00e4chen. Das LIFT-Regal eignet sich sowohl f\u00fcr moderne als auch f\u00fcr historische Innenr\u00e4ume. Mit ein paar B\u00fcchern erscheint es als sch\u00f6ne architektonische Struktur eines M\u00f6belst\u00fccks. Dicht gepackt mit B\u00fcchern bleibt es jedoch bescheiden unbemerkt. Die Hauptschl\u00fcsselw\u00f6rter des LIFT-Regals sind Flexibilit\u00e4t und Ber\u00fccksichtigung individueller W\u00fcnsche.<\/p>\n<p>Das hochwertige Regal besteht aus 12 mm Birkensperrholz, Koskisen-wei\u00dfem HPL, einem sehr langlebigen Material oder 16 mm Eiche furniertem Sperrholz oder 12 mm Forescolor-Valchromat (Organic Coloured Throught Wood Fiber Board) passt sich neuen Bed\u00fcrfnissen an. Die Stabilit\u00e4t des Regals wird durch die r\u00fcckw\u00e4rtigen Rillen erhalten, sie sind zwischen 9-19 cm, 96-106 cm, 124-134 cm und 211-221 cm gemessen vom Boden aus. So findet alles, was Ihnen wichtig ist, immer seinen Platz. Und sollte es zu eng sein, bauen Sie einfach mehr Stauraum!<\/p>\n<p>Shelf LIFT wurde beim German Design Award 2019 mit dem Special Mention Award ausgezeichnet!<\/p>\n<div id=\"1594130576079-fbc9a5a6-ed5cc019-c3e0\" class=\"w-tabs-section active\">\n<div id=\"content-1594130576079-fbc9a5a6-ed5cc019-c3e0\" class=\"w-tabs-section-content\" aria-expanded=\"true\">\n<div class=\"w-tabs-section-content-h i-cf\">\n<div class=\"w-post-elm post_content\">\n<p><strong>2 Wochen Lieferung in ganz Europa!<\/strong><\/p>\n<\/div>\n<\/div>\n<\/div>\n<\/div>\n","protected":false},"excerpt":{"rendered":"<p>Das mit dem German Design Award ausgezeichnete Regalsystem LIFT von Radis Furniture ist ein flexibles, modulares Regalsystem aus hochwertigem Birkensperrholz mit h\u00f6henverstellbaren Regalb\u00f6den und einem luftigen, architektonischen Design, das sich nahtlos in jedes moderne Interieur einf\u00fcgt. Das Leben ist manchmal unvorhersehbar: Ob neuer Job, neue Mitbewohner oder die gro\u00dfe Liebe, es h\u00e4lt immer neue \u00dcberraschungen&#8230;<\/p>\n","protected":false},"featured_media":1157,"comment_status":"open","ping_status":"closed","template":"","meta":{"_acf_changed":false},"product_brand":[],"product_cat":[109],"product_tag":[],"class_list":{"0":"post-3163","1":"product","2":"type-product","3":"status-publish","4":"has-post-thumbnail","6":"product_cat-riiulid","8":"first","9":"instock","10":"sale","11":"taxable","12":"shipping-taxable","13":"purchasable","14":"product-type-variable","15":"has-default-attributes"},"acf":[],"yoast_head":"<!-- This site is optimized with the Yoast SEO plugin v27.4 - https:\/\/yoast.com\/product\/yoast-seo-wordpress\/ -->\n<title>Regal LIFT S - Radis<\/title>\n<meta name=\"robots\" content=\"index, follow, max-snippet:-1, max-image-preview:large, max-video-preview:-1\" \/>\n<link rel=\"canonical\" href=\"https:\/\/radis.ee\/de\/regal-lift-s\/\" \/>\n<meta property=\"og:locale\" content=\"de_DE\" \/>\n<meta property=\"og:type\" content=\"article\" \/>\n<meta property=\"og:title\" content=\"Regal LIFT S - Radis\" \/>\n<meta property=\"og:description\" content=\"Das mit dem German Design Award ausgezeichnete Regalsystem LIFT von Radis Furniture ist ein flexibles, modulares Regalsystem aus hochwertigem Birkensperrholz mit h\u00f6henverstellbaren Regalb\u00f6den und einem luftigen, architektonischen Design, das sich nahtlos in jedes moderne Interieur einf\u00fcgt. Das Leben ist manchmal unvorhersehbar: Ob neuer Job, neue Mitbewohner oder die gro\u00dfe Liebe, es h\u00e4lt immer neue \u00dcberraschungen...\" \/>\n<meta property=\"og:url\" content=\"https:\/\/radis.ee\/de\/regal-lift-s\/\" \/>\n<meta property=\"og:site_name\" content=\"Radis\" \/>\n<meta property=\"article:publisher\" content=\"https:\/\/www.facebook.com\/radisfurniture\/\" \/>\n<meta property=\"article:modified_time\" content=\"2026-02-09T20:29:02+00:00\" \/>\n<meta property=\"og:image\" content=\"https:\/\/radis.ee\/wp-content\/uploads\/2020\/09\/RA0545-Radis-shelf-LIFT-small-2.jpg\" \/>\n\t<meta property=\"og:image:width\" content=\"802\" \/>\n\t<meta property=\"og:image:height\" content=\"1800\" \/>\n\t<meta property=\"og:image:type\" content=\"image\/jpeg\" \/>\n<meta name=\"twitter:card\" content=\"summary_large_image\" \/>\n<meta name=\"twitter:label1\" content=\"Gesch\u00e4tzte Lesezeit\" \/>\n\t<meta name=\"twitter:data1\" content=\"2\u00a0Minuten\" \/>\n<script type=\"application\/ld+json\" class=\"yoast-schema-graph\">{\"@context\":\"https:\\\/\\\/schema.org\",\"@graph\":[{\"@type\":\"WebPage\",\"@id\":\"https:\\\/\\\/radis.ee\\\/de\\\/regal-lift-s\\\/\",\"url\":\"https:\\\/\\\/radis.ee\\\/de\\\/regal-lift-s\\\/\",\"name\":\"Regal LIFT S - Radis\",\"isPartOf\":{\"@id\":\"https:\\\/\\\/radis.ee\\\/#website\"},\"primaryImageOfPage\":{\"@id\":\"https:\\\/\\\/radis.ee\\\/de\\\/regal-lift-s\\\/#primaryimage\"},\"image\":{\"@id\":\"https:\\\/\\\/radis.ee\\\/de\\\/regal-lift-s\\\/#primaryimage\"},\"thumbnailUrl\":\"https:\\\/\\\/radis.ee\\\/wp-content\\\/uploads\\\/2020\\\/09\\\/RA0545-Radis-shelf-LIFT-small-2.jpg\",\"datePublished\":\"2020-08-27T19:45:40+00:00\",\"dateModified\":\"2026-02-09T20:29:02+00:00\",\"breadcrumb\":{\"@id\":\"https:\\\/\\\/radis.ee\\\/de\\\/regal-lift-s\\\/#breadcrumb\"},\"inLanguage\":\"de\",\"potentialAction\":[{\"@type\":\"ReadAction\",\"target\":[\"https:\\\/\\\/radis.ee\\\/de\\\/regal-lift-s\\\/\"]}]},{\"@type\":\"ImageObject\",\"inLanguage\":\"de\",\"@id\":\"https:\\\/\\\/radis.ee\\\/de\\\/regal-lift-s\\\/#primaryimage\",\"url\":\"https:\\\/\\\/radis.ee\\\/wp-content\\\/uploads\\\/2020\\\/09\\\/RA0545-Radis-shelf-LIFT-small-2.jpg\",\"contentUrl\":\"https:\\\/\\\/radis.ee\\\/wp-content\\\/uploads\\\/2020\\\/09\\\/RA0545-Radis-shelf-LIFT-small-2.jpg\",\"width\":802,\"height\":1800,\"caption\":\"SHELF LIFT S\"},{\"@type\":\"BreadcrumbList\",\"@id\":\"https:\\\/\\\/radis.ee\\\/de\\\/regal-lift-s\\\/#breadcrumb\",\"itemListElement\":[{\"@type\":\"ListItem\",\"position\":1,\"name\":\"Home\",\"item\":\"https:\\\/\\\/radis.ee\\\/\"},{\"@type\":\"ListItem\",\"position\":2,\"name\":\"Produkte\",\"item\":\"https:\\\/\\\/radis.ee\\\/de\\\/produkte\\\/\"},{\"@type\":\"ListItem\",\"position\":3,\"name\":\"Regal LIFT S\"}]},{\"@type\":\"WebSite\",\"@id\":\"https:\\\/\\\/radis.ee\\\/#website\",\"url\":\"https:\\\/\\\/radis.ee\\\/\",\"name\":\"Radis\",\"description\":\"Nordic design furniture, environmentally friendly and sustainable.\",\"publisher\":{\"@id\":\"https:\\\/\\\/radis.ee\\\/#organization\"},\"potentialAction\":[{\"@type\":\"SearchAction\",\"target\":{\"@type\":\"EntryPoint\",\"urlTemplate\":\"https:\\\/\\\/radis.ee\\\/?s={search_term_string}\"},\"query-input\":{\"@type\":\"PropertyValueSpecification\",\"valueRequired\":true,\"valueName\":\"search_term_string\"}}],\"inLanguage\":\"de\"},{\"@type\":\"Organization\",\"@id\":\"https:\\\/\\\/radis.ee\\\/#organization\",\"name\":\"Radis O\u00dc\",\"url\":\"https:\\\/\\\/radis.ee\\\/\",\"logo\":{\"@type\":\"ImageObject\",\"inLanguage\":\"de\",\"@id\":\"https:\\\/\\\/radis.ee\\\/#\\\/schema\\\/logo\\\/image\\\/\",\"url\":\"https:\\\/\\\/radis.ee\\\/wp-content\\\/uploads\\\/2020\\\/10\\\/Radis-logo.png\",\"contentUrl\":\"https:\\\/\\\/radis.ee\\\/wp-content\\\/uploads\\\/2020\\\/10\\\/Radis-logo.png\",\"width\":300,\"height\":63,\"caption\":\"Radis O\u00dc\"},\"image\":{\"@id\":\"https:\\\/\\\/radis.ee\\\/#\\\/schema\\\/logo\\\/image\\\/\"},\"sameAs\":[\"https:\\\/\\\/www.facebook.com\\\/radisfurniture\\\/\"]}]}<\/script>\n<!-- \/ Yoast SEO plugin. -->","yoast_head_json":{"title":"Regal LIFT S - Radis","robots":{"index":"index","follow":"follow","max-snippet":"max-snippet:-1","max-image-preview":"max-image-preview:large","max-video-preview":"max-video-preview:-1"},"canonical":"https:\/\/radis.ee\/de\/regal-lift-s\/","og_locale":"de_DE","og_type":"article","og_title":"Regal LIFT S - Radis","og_description":"Das mit dem German Design Award ausgezeichnete Regalsystem LIFT von Radis Furniture ist ein flexibles, modulares Regalsystem aus hochwertigem Birkensperrholz mit h\u00f6henverstellbaren Regalb\u00f6den und einem luftigen, architektonischen Design, das sich nahtlos in jedes moderne Interieur einf\u00fcgt. Das Leben ist manchmal unvorhersehbar: Ob neuer Job, neue Mitbewohner oder die gro\u00dfe Liebe, es h\u00e4lt immer neue \u00dcberraschungen...","og_url":"https:\/\/radis.ee\/de\/regal-lift-s\/","og_site_name":"Radis","article_publisher":"https:\/\/www.facebook.com\/radisfurniture\/","article_modified_time":"2026-02-09T20:29:02+00:00","og_image":[{"width":802,"height":1800,"url":"https:\/\/radis.ee\/wp-content\/uploads\/2020\/09\/RA0545-Radis-shelf-LIFT-small-2.jpg","type":"image\/jpeg"}],"twitter_card":"summary_large_image","twitter_misc":{"Gesch\u00e4tzte Lesezeit":"2\u00a0Minuten"},"schema":{"@context":"https:\/\/schema.org","@graph":[{"@type":"WebPage","@id":"https:\/\/radis.ee\/de\/regal-lift-s\/","url":"https:\/\/radis.ee\/de\/regal-lift-s\/","name":"Regal LIFT S - Radis","isPartOf":{"@id":"https:\/\/radis.ee\/#website"},"primaryImageOfPage":{"@id":"https:\/\/radis.ee\/de\/regal-lift-s\/#primaryimage"},"image":{"@id":"https:\/\/radis.ee\/de\/regal-lift-s\/#primaryimage"},"thumbnailUrl":"https:\/\/radis.ee\/wp-content\/uploads\/2020\/09\/RA0545-Radis-shelf-LIFT-small-2.jpg","datePublished":"2020-08-27T19:45:40+00:00","dateModified":"2026-02-09T20:29:02+00:00","breadcrumb":{"@id":"https:\/\/radis.ee\/de\/regal-lift-s\/#breadcrumb"},"inLanguage":"de","potentialAction":[{"@type":"ReadAction","target":["https:\/\/radis.ee\/de\/regal-lift-s\/"]}]},{"@type":"ImageObject","inLanguage":"de","@id":"https:\/\/radis.ee\/de\/regal-lift-s\/#primaryimage","url":"https:\/\/radis.ee\/wp-content\/uploads\/2020\/09\/RA0545-Radis-shelf-LIFT-small-2.jpg","contentUrl":"https:\/\/radis.ee\/wp-content\/uploads\/2020\/09\/RA0545-Radis-shelf-LIFT-small-2.jpg","width":802,"height":1800,"caption":"SHELF LIFT S"},{"@type":"BreadcrumbList","@id":"https:\/\/radis.ee\/de\/regal-lift-s\/#breadcrumb","itemListElement":[{"@type":"ListItem","position":1,"name":"Home","item":"https:\/\/radis.ee\/"},{"@type":"ListItem","position":2,"name":"Produkte","item":"https:\/\/radis.ee\/de\/produkte\/"},{"@type":"ListItem","position":3,"name":"Regal LIFT S"}]},{"@type":"WebSite","@id":"https:\/\/radis.ee\/#website","url":"https:\/\/radis.ee\/","name":"Radis","description":"Nordic design furniture, environmentally friendly and sustainable.","publisher":{"@id":"https:\/\/radis.ee\/#organization"},"potentialAction":[{"@type":"SearchAction","target":{"@type":"EntryPoint","urlTemplate":"https:\/\/radis.ee\/?s={search_term_string}"},"query-input":{"@type":"PropertyValueSpecification","valueRequired":true,"valueName":"search_term_string"}}],"inLanguage":"de"},{"@type":"Organization","@id":"https:\/\/radis.ee\/#organization","name":"Radis O\u00dc","url":"https:\/\/radis.ee\/","logo":{"@type":"ImageObject","inLanguage":"de","@id":"https:\/\/radis.ee\/#\/schema\/logo\/image\/","url":"https:\/\/radis.ee\/wp-content\/uploads\/2020\/10\/Radis-logo.png","contentUrl":"https:\/\/radis.ee\/wp-content\/uploads\/2020\/10\/Radis-logo.png","width":300,"height":63,"caption":"Radis O\u00dc"},"image":{"@id":"https:\/\/radis.ee\/#\/schema\/logo\/image\/"},"sameAs":["https:\/\/www.facebook.com\/radisfurniture\/"]}]}},"_links":{"self":[{"href":"https:\/\/radis.ee\/de\/wp-json\/wp\/v2\/product\/3163","targetHints":{"allow":["GET"]}}],"collection":[{"href":"https:\/\/radis.ee\/de\/wp-json\/wp\/v2\/product"}],"about":[{"href":"https:\/\/radis.ee\/de\/wp-json\/wp\/v2\/types\/product"}],"replies":[{"embeddable":true,"href":"https:\/\/radis.ee\/de\/wp-json\/wp\/v2\/comments?post=3163"}],"wp:featuredmedia":[{"embeddable":true,"href":"https:\/\/radis.ee\/de\/wp-json\/wp\/v2\/media\/1157"}],"wp:attachment":[{"href":"https:\/\/radis.ee\/de\/wp-json\/wp\/v2\/media?parent=3163"}],"wp:term":[{"taxonomy":"product_brand","embeddable":true,"href":"https:\/\/radis.ee\/de\/wp-json\/wp\/v2\/product_brand?post=3163"},{"taxonomy":"product_cat","embeddable":true,"href":"https:\/\/radis.ee\/de\/wp-json\/wp\/v2\/product_cat?post=3163"},{"taxonomy":"product_tag","embeddable":true,"href":"https:\/\/radis.ee\/de\/wp-json\/wp\/v2\/product_tag?post=3163"}],"curies":[{"name":"wp","href":"https:\/\/api.w.org\/{rel}","templated":true}]}}