{"id":31754,"date":"2026-04-01T22:38:21","date_gmt":"2026-04-01T19:38:21","guid":{"rendered":"https:\/\/radis.ee\/?post_type=product&#038;p=31754"},"modified":"2026-04-07T23:03:38","modified_gmt":"2026-04-07T20:03:38","slug":"sessel-pauze","status":"publish","type":"product","link":"https:\/\/radis.ee\/de\/sessel-pauze\/","title":{"rendered":"Sessel PAUZE"},"content":{"rendered":"<p>Nehmen Sie sich Zeit. Ihr neuer Lieblingsplatz ist da. Der Sessel PAUZE wurde f\u00fcr all jene geschaffen, die Ruhe und Rhythmus im Design sch\u00e4tzen. Radis&#8216; neuestes Modell vereint die moderne Formensprache Mitteleuropas mit nordischer Nat\u00fcrlichkeit und bietet so die perfekte Balance zwischen architektonischer Leichtigkeit und h\u00f6chstem Sitzkomfort.<\/p>\n<p><strong>Architektonische Leichtigkeit<\/strong><br \/>\nDas Herzst\u00fcck des PAUZE-Designs ist sein einzigartiges diagonales Gestell, das visuelle Dynamik und Leichtigkeit erzeugt. Das offene Profil und die grafischen Linien des Sessels sind von moderner Architektur inspiriert. Dieses M\u00f6belst\u00fcck f\u00fcllt nicht nur einen Raum, sondern verleiht ihm Charakter.<\/p>\n<p><strong>Materialien und Verarbeitung<\/strong><br \/>\nF\u00fcr uns stehen Ehrlichkeit und Reinheit des Materials an erster Stelle:<\/p>\n<p><strong>Schlankes Gestell<\/strong>: Meisterhaft gefertigtes, naturbelassenes Birkensperrholz mit Eichenfurnier, das Langlebigkeit und Qualit\u00e4t widerspiegelt. Jedes Detail ist perfekt poliert und sorgt f\u00fcr ein ebenso ansprechendes Aussehen wie ein seidenweiches Gef\u00fchl. Auch in wei\u00df laminiertem Birkensperrholz erh\u00e4ltlich.<\/p>\n<p><strong>Ergonomische Geometrie<\/strong>: Der Winkel von R\u00fcckenlehne und Sitzfl\u00e4che ist sorgf\u00e4ltig abgestimmt, um optimale K\u00f6rperunterst\u00fctzung und tiefe Entspannung zu erm\u00f6glichen. Sitzh\u00f6he 42 cm, Sitzbreite 51 cm, Sitztiefe 48 cm.<\/p>\n<p><strong>Hochwertige Textilien<\/strong>: Die ausgew\u00e4hlten Nevotex Stella-Stoffe sind strapazierf\u00e4hig und in nat\u00fcrlichen Farbt\u00f6nen gehalten, die mit der W\u00e4rme des Holzes harmonieren und h\u00f6chsten europ\u00e4ischen Anspr\u00fcchen an Inneneinrichtung gerecht werden. Stella ist ein hochwertiger Polyesterstoff in Wolloptik.<\/p>\n<p><strong>Warum PAUZE?<\/strong><br \/>\nZeitlose \u00c4sthetik: Klare, diagonale Linien, die \u00fcber Jahrzehnte modern bleiben.<\/p>\n<p>Nachhaltiges Design: Hergestellt aus \u00f6kologischen und hochwertigen Materialien \u2013 mit Blick auf die Umwelt und zuk\u00fcnftige Generationen.<\/p>\n<p>Vielseitig: Dank seiner luftigen Form passt er sowohl in ein helles Wohnzimmer als auch in eine ruhige Leseecke.<\/p>\n<p>G\u00f6nnen Sie sich einen PAUZE. Denn Ihr Zuhause ist Ihre Oase der Ruhe.<\/p>\n","protected":false},"excerpt":{"rendered":"<p>Nehmen Sie sich Zeit. Ihr neuer Lieblingsplatz ist da. Der Sessel PAUZE wurde f\u00fcr all jene geschaffen, die Ruhe und Rhythmus im Design sch\u00e4tzen. Radis&#8216; neuestes Modell vereint die moderne Formensprache Mitteleuropas mit nordischer Nat\u00fcrlichkeit und bietet so die perfekte Balance zwischen architektonischer Leichtigkeit und h\u00f6chstem Sitzkomfort. Architektonische Leichtigkeit Das Herzst\u00fcck des PAUZE-Designs ist sein&#8230;<\/p>\n","protected":false},"featured_media":31890,"comment_status":"open","ping_status":"closed","template":"","meta":{"_acf_changed":false},"product_brand":[],"product_cat":[34],"product_tag":[],"class_list":{"0":"post-31754","1":"product","2":"type-product","3":"status-publish","4":"has-post-thumbnail","6":"product_cat-aksessuaarid","8":"first","9":"instock","10":"taxable","11":"shipping-taxable","12":"purchasable","13":"product-type-variable","14":"has-default-attributes"},"acf":[],"yoast_head":"<!-- This site is optimized with the Yoast SEO plugin v27.4 - https:\/\/yoast.com\/product\/yoast-seo-wordpress\/ -->\n<title>Sessel PAUZE - Radis<\/title>\n<meta name=\"robots\" content=\"index, follow, max-snippet:-1, max-image-preview:large, max-video-preview:-1\" \/>\n<link rel=\"canonical\" href=\"https:\/\/radis.ee\/de\/sessel-pauze\/\" \/>\n<meta property=\"og:locale\" content=\"de_DE\" \/>\n<meta property=\"og:type\" content=\"article\" \/>\n<meta property=\"og:title\" content=\"Sessel PAUZE - Radis\" \/>\n<meta property=\"og:description\" content=\"Nehmen Sie sich Zeit. Ihr neuer Lieblingsplatz ist da. Der Sessel PAUZE wurde f\u00fcr all jene geschaffen, die Ruhe und Rhythmus im Design sch\u00e4tzen. Radis&#8216; neuestes Modell vereint die moderne Formensprache Mitteleuropas mit nordischer Nat\u00fcrlichkeit und bietet so die perfekte Balance zwischen architektonischer Leichtigkeit und h\u00f6chstem Sitzkomfort. Architektonische Leichtigkeit Das Herzst\u00fcck des PAUZE-Designs ist sein...\" \/>\n<meta property=\"og:url\" content=\"https:\/\/radis.ee\/de\/sessel-pauze\/\" \/>\n<meta property=\"og:site_name\" content=\"Radis\" \/>\n<meta property=\"article:publisher\" content=\"https:\/\/www.facebook.com\/radisfurniture\/\" \/>\n<meta property=\"article:modified_time\" content=\"2026-04-07T20:03:38+00:00\" \/>\n<meta property=\"og:image\" content=\"https:\/\/radis.ee\/wp-content\/uploads\/2026\/04\/Radis_Furniture_armchair_PAUZE_Oak_veneered_plywood_Black_fabric_white_background.webp\" \/>\n\t<meta property=\"og:image:width\" content=\"653\" \/>\n\t<meta property=\"og:image:height\" content=\"1062\" \/>\n\t<meta property=\"og:image:type\" content=\"image\/webp\" \/>\n<meta name=\"twitter:card\" content=\"summary_large_image\" \/>\n<meta name=\"twitter:label1\" content=\"Gesch\u00e4tzte Lesezeit\" \/>\n\t<meta name=\"twitter:data1\" content=\"2\u00a0Minuten\" \/>\n<script type=\"application\/ld+json\" class=\"yoast-schema-graph\">{\"@context\":\"https:\\\/\\\/schema.org\",\"@graph\":[{\"@type\":\"WebPage\",\"@id\":\"https:\\\/\\\/radis.ee\\\/de\\\/sessel-pauze\\\/\",\"url\":\"https:\\\/\\\/radis.ee\\\/de\\\/sessel-pauze\\\/\",\"name\":\"Sessel PAUZE - Radis\",\"isPartOf\":{\"@id\":\"https:\\\/\\\/radis.ee\\\/#website\"},\"primaryImageOfPage\":{\"@id\":\"https:\\\/\\\/radis.ee\\\/de\\\/sessel-pauze\\\/#primaryimage\"},\"image\":{\"@id\":\"https:\\\/\\\/radis.ee\\\/de\\\/sessel-pauze\\\/#primaryimage\"},\"thumbnailUrl\":\"https:\\\/\\\/radis.ee\\\/wp-content\\\/uploads\\\/2026\\\/04\\\/Radis_Furniture_armchair_PAUZE_Oak_veneered_plywood_Dark_Grey_fabric_white_background_2.webp\",\"datePublished\":\"2026-04-01T19:38:21+00:00\",\"dateModified\":\"2026-04-07T20:03:38+00:00\",\"breadcrumb\":{\"@id\":\"https:\\\/\\\/radis.ee\\\/de\\\/sessel-pauze\\\/#breadcrumb\"},\"inLanguage\":\"de\",\"potentialAction\":[{\"@type\":\"ReadAction\",\"target\":[\"https:\\\/\\\/radis.ee\\\/de\\\/sessel-pauze\\\/\"]}]},{\"@type\":\"ImageObject\",\"inLanguage\":\"de\",\"@id\":\"https:\\\/\\\/radis.ee\\\/de\\\/sessel-pauze\\\/#primaryimage\",\"url\":\"https:\\\/\\\/radis.ee\\\/wp-content\\\/uploads\\\/2026\\\/04\\\/Radis_Furniture_armchair_PAUZE_Oak_veneered_plywood_Dark_Grey_fabric_white_background_2.webp\",\"contentUrl\":\"https:\\\/\\\/radis.ee\\\/wp-content\\\/uploads\\\/2026\\\/04\\\/Radis_Furniture_armchair_PAUZE_Oak_veneered_plywood_Dark_Grey_fabric_white_background_2.webp\",\"width\":733,\"height\":852,\"caption\":\"Radis Furniture armchair PAUZE Oak veneered plywood Grey fabric\"},{\"@type\":\"BreadcrumbList\",\"@id\":\"https:\\\/\\\/radis.ee\\\/de\\\/sessel-pauze\\\/#breadcrumb\",\"itemListElement\":[{\"@type\":\"ListItem\",\"position\":1,\"name\":\"Home\",\"item\":\"https:\\\/\\\/radis.ee\\\/\"},{\"@type\":\"ListItem\",\"position\":2,\"name\":\"Produkte\",\"item\":\"https:\\\/\\\/radis.ee\\\/de\\\/produkte\\\/\"},{\"@type\":\"ListItem\",\"position\":3,\"name\":\"Sessel PAUZE\"}]},{\"@type\":\"WebSite\",\"@id\":\"https:\\\/\\\/radis.ee\\\/#website\",\"url\":\"https:\\\/\\\/radis.ee\\\/\",\"name\":\"Radis\",\"description\":\"Nordic design furniture, environmentally friendly and sustainable.\",\"publisher\":{\"@id\":\"https:\\\/\\\/radis.ee\\\/#organization\"},\"potentialAction\":[{\"@type\":\"SearchAction\",\"target\":{\"@type\":\"EntryPoint\",\"urlTemplate\":\"https:\\\/\\\/radis.ee\\\/?s={search_term_string}\"},\"query-input\":{\"@type\":\"PropertyValueSpecification\",\"valueRequired\":true,\"valueName\":\"search_term_string\"}}],\"inLanguage\":\"de\"},{\"@type\":\"Organization\",\"@id\":\"https:\\\/\\\/radis.ee\\\/#organization\",\"name\":\"Radis O\u00dc\",\"url\":\"https:\\\/\\\/radis.ee\\\/\",\"logo\":{\"@type\":\"ImageObject\",\"inLanguage\":\"de\",\"@id\":\"https:\\\/\\\/radis.ee\\\/#\\\/schema\\\/logo\\\/image\\\/\",\"url\":\"https:\\\/\\\/radis.ee\\\/wp-content\\\/uploads\\\/2020\\\/10\\\/Radis-logo.png\",\"contentUrl\":\"https:\\\/\\\/radis.ee\\\/wp-content\\\/uploads\\\/2020\\\/10\\\/Radis-logo.png\",\"width\":300,\"height\":63,\"caption\":\"Radis O\u00dc\"},\"image\":{\"@id\":\"https:\\\/\\\/radis.ee\\\/#\\\/schema\\\/logo\\\/image\\\/\"},\"sameAs\":[\"https:\\\/\\\/www.facebook.com\\\/radisfurniture\\\/\"]}]}<\/script>\n<!-- \/ Yoast SEO plugin. -->","yoast_head_json":{"title":"Sessel PAUZE - Radis","robots":{"index":"index","follow":"follow","max-snippet":"max-snippet:-1","max-image-preview":"max-image-preview:large","max-video-preview":"max-video-preview:-1"},"canonical":"https:\/\/radis.ee\/de\/sessel-pauze\/","og_locale":"de_DE","og_type":"article","og_title":"Sessel PAUZE - Radis","og_description":"Nehmen Sie sich Zeit. Ihr neuer Lieblingsplatz ist da. Der Sessel PAUZE wurde f\u00fcr all jene geschaffen, die Ruhe und Rhythmus im Design sch\u00e4tzen. Radis&#8216; neuestes Modell vereint die moderne Formensprache Mitteleuropas mit nordischer Nat\u00fcrlichkeit und bietet so die perfekte Balance zwischen architektonischer Leichtigkeit und h\u00f6chstem Sitzkomfort. Architektonische Leichtigkeit Das Herzst\u00fcck des PAUZE-Designs ist sein...","og_url":"https:\/\/radis.ee\/de\/sessel-pauze\/","og_site_name":"Radis","article_publisher":"https:\/\/www.facebook.com\/radisfurniture\/","article_modified_time":"2026-04-07T20:03:38+00:00","og_image":[{"width":653,"height":1062,"url":"https:\/\/radis.ee\/wp-content\/uploads\/2026\/04\/Radis_Furniture_armchair_PAUZE_Oak_veneered_plywood_Black_fabric_white_background.webp","type":"image\/webp"}],"twitter_card":"summary_large_image","twitter_misc":{"Gesch\u00e4tzte Lesezeit":"2\u00a0Minuten"},"schema":{"@context":"https:\/\/schema.org","@graph":[{"@type":"WebPage","@id":"https:\/\/radis.ee\/de\/sessel-pauze\/","url":"https:\/\/radis.ee\/de\/sessel-pauze\/","name":"Sessel PAUZE - Radis","isPartOf":{"@id":"https:\/\/radis.ee\/#website"},"primaryImageOfPage":{"@id":"https:\/\/radis.ee\/de\/sessel-pauze\/#primaryimage"},"image":{"@id":"https:\/\/radis.ee\/de\/sessel-pauze\/#primaryimage"},"thumbnailUrl":"https:\/\/radis.ee\/wp-content\/uploads\/2026\/04\/Radis_Furniture_armchair_PAUZE_Oak_veneered_plywood_Dark_Grey_fabric_white_background_2.webp","datePublished":"2026-04-01T19:38:21+00:00","dateModified":"2026-04-07T20:03:38+00:00","breadcrumb":{"@id":"https:\/\/radis.ee\/de\/sessel-pauze\/#breadcrumb"},"inLanguage":"de","potentialAction":[{"@type":"ReadAction","target":["https:\/\/radis.ee\/de\/sessel-pauze\/"]}]},{"@type":"ImageObject","inLanguage":"de","@id":"https:\/\/radis.ee\/de\/sessel-pauze\/#primaryimage","url":"https:\/\/radis.ee\/wp-content\/uploads\/2026\/04\/Radis_Furniture_armchair_PAUZE_Oak_veneered_plywood_Dark_Grey_fabric_white_background_2.webp","contentUrl":"https:\/\/radis.ee\/wp-content\/uploads\/2026\/04\/Radis_Furniture_armchair_PAUZE_Oak_veneered_plywood_Dark_Grey_fabric_white_background_2.webp","width":733,"height":852,"caption":"Radis Furniture armchair PAUZE Oak veneered plywood Grey fabric"},{"@type":"BreadcrumbList","@id":"https:\/\/radis.ee\/de\/sessel-pauze\/#breadcrumb","itemListElement":[{"@type":"ListItem","position":1,"name":"Home","item":"https:\/\/radis.ee\/"},{"@type":"ListItem","position":2,"name":"Produkte","item":"https:\/\/radis.ee\/de\/produkte\/"},{"@type":"ListItem","position":3,"name":"Sessel PAUZE"}]},{"@type":"WebSite","@id":"https:\/\/radis.ee\/#website","url":"https:\/\/radis.ee\/","name":"Radis","description":"Nordic design furniture, environmentally friendly and sustainable.","publisher":{"@id":"https:\/\/radis.ee\/#organization"},"potentialAction":[{"@type":"SearchAction","target":{"@type":"EntryPoint","urlTemplate":"https:\/\/radis.ee\/?s={search_term_string}"},"query-input":{"@type":"PropertyValueSpecification","valueRequired":true,"valueName":"search_term_string"}}],"inLanguage":"de"},{"@type":"Organization","@id":"https:\/\/radis.ee\/#organization","name":"Radis O\u00dc","url":"https:\/\/radis.ee\/","logo":{"@type":"ImageObject","inLanguage":"de","@id":"https:\/\/radis.ee\/#\/schema\/logo\/image\/","url":"https:\/\/radis.ee\/wp-content\/uploads\/2020\/10\/Radis-logo.png","contentUrl":"https:\/\/radis.ee\/wp-content\/uploads\/2020\/10\/Radis-logo.png","width":300,"height":63,"caption":"Radis O\u00dc"},"image":{"@id":"https:\/\/radis.ee\/#\/schema\/logo\/image\/"},"sameAs":["https:\/\/www.facebook.com\/radisfurniture\/"]}]}},"_links":{"self":[{"href":"https:\/\/radis.ee\/de\/wp-json\/wp\/v2\/product\/31754","targetHints":{"allow":["GET"]}}],"collection":[{"href":"https:\/\/radis.ee\/de\/wp-json\/wp\/v2\/product"}],"about":[{"href":"https:\/\/radis.ee\/de\/wp-json\/wp\/v2\/types\/product"}],"replies":[{"embeddable":true,"href":"https:\/\/radis.ee\/de\/wp-json\/wp\/v2\/comments?post=31754"}],"wp:featuredmedia":[{"embeddable":true,"href":"https:\/\/radis.ee\/de\/wp-json\/wp\/v2\/media\/31890"}],"wp:attachment":[{"href":"https:\/\/radis.ee\/de\/wp-json\/wp\/v2\/media?parent=31754"}],"wp:term":[{"taxonomy":"product_brand","embeddable":true,"href":"https:\/\/radis.ee\/de\/wp-json\/wp\/v2\/product_brand?post=31754"},{"taxonomy":"product_cat","embeddable":true,"href":"https:\/\/radis.ee\/de\/wp-json\/wp\/v2\/product_cat?post=31754"},{"taxonomy":"product_tag","embeddable":true,"href":"https:\/\/radis.ee\/de\/wp-json\/wp\/v2\/product_tag?post=31754"}],"curies":[{"name":"wp","href":"https:\/\/api.w.org\/{rel}","templated":true}]}}