{"id":3178,"date":"2023-05-12T23:18:06","date_gmt":"2020-08-24T18:18:06","guid":{"rendered":"https:\/\/radis.ee\/unkategorisiert\/regal-criss-cross-klein\/"},"modified":"2023-10-30T11:34:57","modified_gmt":"2023-10-30T09:34:57","slug":"regal-criss-cross-klein","status":"publish","type":"product","link":"https:\/\/radis.ee\/de\/regal-criss-cross-klein\/","title":{"rendered":"Regal Criss-Cross Klein"},"content":{"rendered":"<p>Verlockend verspielt und mit einem offenen Herzen! Ein Regal, das bereit ist, Ihre Geheimnisse zu tragen. Alles ist zu sehen, doch nur Sie wissen, was wo ist. Mit diesem Puzzleregal bringen Sie Elan in Ihr Zuhause und verbl\u00fcffen Ihre G\u00e4ste.Das kleinere Set besteht aus 4 St\u00fcck mit sechs Zapfen (L\u00e4nge 146 cm), 4 St\u00fcck mit vier Zapfen (97 cm), 2 St\u00fcck mit drei Zapfen (72 cm) und 2 St\u00fcck mit zwei Zapfen (48 cm). Also alle zusammen 12 St\u00fccke.<\/p>\n<p>Alle Details k\u00f6nnen zusammen gemischt werden. Der Abstand zwischen zwei Zapfen betr\u00e4gt 25 cm.<\/p>\n<p>Hergestellt aus 12 mm starkem Birkensperrholz, wei\u00dfem Koskisen-HPL, sehr langlebigem Material. Es ist auch sehr umweltfreundliches Regal &#8211; f\u00fcr Abf\u00e4lle gibt es nur sehr kleines St\u00fcck M\u00fcll. Das Regal muss mit den mitgelieferten Armaturen an die Wand angeschlossen werden.<\/p>\n<p>Regal Criss-Cross wurde f\u00fcr den estnischen Designpreis Bruno 2018 nominiert.<\/p>\n<div id=\"1594130576079-fbc9a5a6-ed5cc019-c3e0\" class=\"w-tabs-section active\">\n<div id=\"content-1594130576079-fbc9a5a6-ed5cc019-c3e0\" class=\"w-tabs-section-content\" aria-expanded=\"true\">\n<div class=\"w-tabs-section-content-h i-cf\">\n<div class=\"w-post-elm post_content\">\n<p><strong>Livraison en 2 semaines dans toute l\u2019Europe !<\/strong><\/p>\n<\/div>\n<\/div>\n<\/div>\n<\/div>\n","protected":false},"excerpt":{"rendered":"<p>Verlockend verspielt und mit einem offenen Herzen! Ein Regal, das bereit ist, Ihre Geheimnisse zu tragen. Alles ist zu sehen, doch nur Sie wissen, was wo ist. Mit diesem Puzzleregal bringen Sie Elan in Ihr Zuhause und verbl\u00fcffen Ihre G\u00e4ste.Das kleinere Set besteht aus 4 St\u00fcck mit sechs Zapfen (L\u00e4nge 146 cm), 4 St\u00fcck mit&#8230;<\/p>\n","protected":false},"featured_media":9274,"comment_status":"open","ping_status":"closed","template":"","meta":{"_acf_changed":false},"product_brand":[],"product_cat":[],"product_tag":[],"class_list":{"0":"post-3178","1":"product","2":"type-product","3":"status-publish","4":"has-post-thumbnail","7":"first","8":"instock","9":"taxable","10":"shipping-taxable","11":"purchasable","12":"product-type-simple"},"acf":[],"yoast_head":"<!-- This site is optimized with the Yoast SEO plugin v27.3 - https:\/\/yoast.com\/product\/yoast-seo-wordpress\/ -->\n<title>Regal Criss-Cross Klein - Radis<\/title>\n<meta name=\"robots\" content=\"index, follow, max-snippet:-1, max-image-preview:large, max-video-preview:-1\" \/>\n<link rel=\"canonical\" href=\"https:\/\/radis.ee\/de\/regal-criss-cross-klein\/\" \/>\n<meta property=\"og:locale\" content=\"de_DE\" \/>\n<meta property=\"og:type\" content=\"article\" \/>\n<meta property=\"og:title\" content=\"Regal Criss-Cross Klein - Radis\" \/>\n<meta property=\"og:description\" content=\"Verlockend verspielt und mit einem offenen Herzen! Ein Regal, das bereit ist, Ihre Geheimnisse zu tragen. Alles ist zu sehen, doch nur Sie wissen, was wo ist. Mit diesem Puzzleregal bringen Sie Elan in Ihr Zuhause und verbl\u00fcffen Ihre G\u00e4ste.Das kleinere Set besteht aus 4 St\u00fcck mit sechs Zapfen (L\u00e4nge 146 cm), 4 St\u00fcck mit...\" \/>\n<meta property=\"og:url\" content=\"https:\/\/radis.ee\/de\/regal-criss-cross-klein\/\" \/>\n<meta property=\"og:site_name\" content=\"Radis\" \/>\n<meta property=\"article:publisher\" content=\"https:\/\/www.facebook.com\/radisfurniture\/\" \/>\n<meta property=\"article:modified_time\" content=\"2023-10-30T09:34:57+00:00\" \/>\n<meta property=\"og:image\" content=\"https:\/\/radis.ee\/wp-content\/uploads\/2020\/10\/RA0544-Radis-shelf-CrissCross-small-details-white-multiplex-plywood-with-books-transparent-1.jpg\" \/>\n\t<meta property=\"og:image:width\" content=\"1595\" \/>\n\t<meta property=\"og:image:height\" content=\"1620\" \/>\n\t<meta property=\"og:image:type\" content=\"image\/jpeg\" \/>\n<meta name=\"twitter:card\" content=\"summary_large_image\" \/>\n<meta name=\"twitter:label1\" content=\"Gesch\u00e4tzte Lesezeit\" \/>\n\t<meta name=\"twitter:data1\" content=\"1\u00a0Minute\" \/>\n<script type=\"application\/ld+json\" class=\"yoast-schema-graph\">{\"@context\":\"https:\\\/\\\/schema.org\",\"@graph\":[{\"@type\":\"WebPage\",\"@id\":\"https:\\\/\\\/radis.ee\\\/de\\\/regal-criss-cross-klein\\\/\",\"url\":\"https:\\\/\\\/radis.ee\\\/de\\\/regal-criss-cross-klein\\\/\",\"name\":\"Regal Criss-Cross Klein - Radis\",\"isPartOf\":{\"@id\":\"https:\\\/\\\/radis.ee\\\/#website\"},\"primaryImageOfPage\":{\"@id\":\"https:\\\/\\\/radis.ee\\\/de\\\/regal-criss-cross-klein\\\/#primaryimage\"},\"image\":{\"@id\":\"https:\\\/\\\/radis.ee\\\/de\\\/regal-criss-cross-klein\\\/#primaryimage\"},\"thumbnailUrl\":\"https:\\\/\\\/radis.ee\\\/wp-content\\\/uploads\\\/2020\\\/10\\\/RA0544-Radis-shelf-CrissCross-small-details-white-multiplex-plywood-with-books-transparent-1.jpg\",\"datePublished\":\"2020-08-24T18:18:06+00:00\",\"dateModified\":\"2023-10-30T09:34:57+00:00\",\"breadcrumb\":{\"@id\":\"https:\\\/\\\/radis.ee\\\/de\\\/regal-criss-cross-klein\\\/#breadcrumb\"},\"inLanguage\":\"de\",\"potentialAction\":[{\"@type\":\"ReadAction\",\"target\":[\"https:\\\/\\\/radis.ee\\\/de\\\/regal-criss-cross-klein\\\/\"]}]},{\"@type\":\"ImageObject\",\"inLanguage\":\"de\",\"@id\":\"https:\\\/\\\/radis.ee\\\/de\\\/regal-criss-cross-klein\\\/#primaryimage\",\"url\":\"https:\\\/\\\/radis.ee\\\/wp-content\\\/uploads\\\/2020\\\/10\\\/RA0544-Radis-shelf-CrissCross-small-details-white-multiplex-plywood-with-books-transparent-1.jpg\",\"contentUrl\":\"https:\\\/\\\/radis.ee\\\/wp-content\\\/uploads\\\/2020\\\/10\\\/RA0544-Radis-shelf-CrissCross-small-details-white-multiplex-plywood-with-books-transparent-1.jpg\",\"width\":1595,\"height\":1620,\"caption\":\"SHELF CRISS-CROSS SMALL WHITE FILM\"},{\"@type\":\"BreadcrumbList\",\"@id\":\"https:\\\/\\\/radis.ee\\\/de\\\/regal-criss-cross-klein\\\/#breadcrumb\",\"itemListElement\":[{\"@type\":\"ListItem\",\"position\":1,\"name\":\"Home\",\"item\":\"https:\\\/\\\/radis.ee\\\/\"},{\"@type\":\"ListItem\",\"position\":2,\"name\":\"Produkte\",\"item\":\"https:\\\/\\\/radis.ee\\\/de\\\/produkte\\\/\"},{\"@type\":\"ListItem\",\"position\":3,\"name\":\"Regal Criss-Cross Klein\"}]},{\"@type\":\"WebSite\",\"@id\":\"https:\\\/\\\/radis.ee\\\/#website\",\"url\":\"https:\\\/\\\/radis.ee\\\/\",\"name\":\"Radis\",\"description\":\"Nordic design furniture, environmentally friendly and sustainable.\",\"publisher\":{\"@id\":\"https:\\\/\\\/radis.ee\\\/#organization\"},\"potentialAction\":[{\"@type\":\"SearchAction\",\"target\":{\"@type\":\"EntryPoint\",\"urlTemplate\":\"https:\\\/\\\/radis.ee\\\/?s={search_term_string}\"},\"query-input\":{\"@type\":\"PropertyValueSpecification\",\"valueRequired\":true,\"valueName\":\"search_term_string\"}}],\"inLanguage\":\"de\"},{\"@type\":\"Organization\",\"@id\":\"https:\\\/\\\/radis.ee\\\/#organization\",\"name\":\"Radis O\u00dc\",\"url\":\"https:\\\/\\\/radis.ee\\\/\",\"logo\":{\"@type\":\"ImageObject\",\"inLanguage\":\"de\",\"@id\":\"https:\\\/\\\/radis.ee\\\/#\\\/schema\\\/logo\\\/image\\\/\",\"url\":\"https:\\\/\\\/radis.ee\\\/wp-content\\\/uploads\\\/2020\\\/10\\\/Radis-logo.png\",\"contentUrl\":\"https:\\\/\\\/radis.ee\\\/wp-content\\\/uploads\\\/2020\\\/10\\\/Radis-logo.png\",\"width\":300,\"height\":63,\"caption\":\"Radis O\u00dc\"},\"image\":{\"@id\":\"https:\\\/\\\/radis.ee\\\/#\\\/schema\\\/logo\\\/image\\\/\"},\"sameAs\":[\"https:\\\/\\\/www.facebook.com\\\/radisfurniture\\\/\"]}]}<\/script>\n<!-- \/ Yoast SEO plugin. -->","yoast_head_json":{"title":"Regal Criss-Cross Klein - Radis","robots":{"index":"index","follow":"follow","max-snippet":"max-snippet:-1","max-image-preview":"max-image-preview:large","max-video-preview":"max-video-preview:-1"},"canonical":"https:\/\/radis.ee\/de\/regal-criss-cross-klein\/","og_locale":"de_DE","og_type":"article","og_title":"Regal Criss-Cross Klein - Radis","og_description":"Verlockend verspielt und mit einem offenen Herzen! Ein Regal, das bereit ist, Ihre Geheimnisse zu tragen. Alles ist zu sehen, doch nur Sie wissen, was wo ist. Mit diesem Puzzleregal bringen Sie Elan in Ihr Zuhause und verbl\u00fcffen Ihre G\u00e4ste.Das kleinere Set besteht aus 4 St\u00fcck mit sechs Zapfen (L\u00e4nge 146 cm), 4 St\u00fcck mit...","og_url":"https:\/\/radis.ee\/de\/regal-criss-cross-klein\/","og_site_name":"Radis","article_publisher":"https:\/\/www.facebook.com\/radisfurniture\/","article_modified_time":"2023-10-30T09:34:57+00:00","og_image":[{"width":1595,"height":1620,"url":"https:\/\/radis.ee\/wp-content\/uploads\/2020\/10\/RA0544-Radis-shelf-CrissCross-small-details-white-multiplex-plywood-with-books-transparent-1.jpg","type":"image\/jpeg"}],"twitter_card":"summary_large_image","twitter_misc":{"Gesch\u00e4tzte Lesezeit":"1\u00a0Minute"},"schema":{"@context":"https:\/\/schema.org","@graph":[{"@type":"WebPage","@id":"https:\/\/radis.ee\/de\/regal-criss-cross-klein\/","url":"https:\/\/radis.ee\/de\/regal-criss-cross-klein\/","name":"Regal Criss-Cross Klein - Radis","isPartOf":{"@id":"https:\/\/radis.ee\/#website"},"primaryImageOfPage":{"@id":"https:\/\/radis.ee\/de\/regal-criss-cross-klein\/#primaryimage"},"image":{"@id":"https:\/\/radis.ee\/de\/regal-criss-cross-klein\/#primaryimage"},"thumbnailUrl":"https:\/\/radis.ee\/wp-content\/uploads\/2020\/10\/RA0544-Radis-shelf-CrissCross-small-details-white-multiplex-plywood-with-books-transparent-1.jpg","datePublished":"2020-08-24T18:18:06+00:00","dateModified":"2023-10-30T09:34:57+00:00","breadcrumb":{"@id":"https:\/\/radis.ee\/de\/regal-criss-cross-klein\/#breadcrumb"},"inLanguage":"de","potentialAction":[{"@type":"ReadAction","target":["https:\/\/radis.ee\/de\/regal-criss-cross-klein\/"]}]},{"@type":"ImageObject","inLanguage":"de","@id":"https:\/\/radis.ee\/de\/regal-criss-cross-klein\/#primaryimage","url":"https:\/\/radis.ee\/wp-content\/uploads\/2020\/10\/RA0544-Radis-shelf-CrissCross-small-details-white-multiplex-plywood-with-books-transparent-1.jpg","contentUrl":"https:\/\/radis.ee\/wp-content\/uploads\/2020\/10\/RA0544-Radis-shelf-CrissCross-small-details-white-multiplex-plywood-with-books-transparent-1.jpg","width":1595,"height":1620,"caption":"SHELF CRISS-CROSS SMALL WHITE FILM"},{"@type":"BreadcrumbList","@id":"https:\/\/radis.ee\/de\/regal-criss-cross-klein\/#breadcrumb","itemListElement":[{"@type":"ListItem","position":1,"name":"Home","item":"https:\/\/radis.ee\/"},{"@type":"ListItem","position":2,"name":"Produkte","item":"https:\/\/radis.ee\/de\/produkte\/"},{"@type":"ListItem","position":3,"name":"Regal Criss-Cross Klein"}]},{"@type":"WebSite","@id":"https:\/\/radis.ee\/#website","url":"https:\/\/radis.ee\/","name":"Radis","description":"Nordic design furniture, environmentally friendly and sustainable.","publisher":{"@id":"https:\/\/radis.ee\/#organization"},"potentialAction":[{"@type":"SearchAction","target":{"@type":"EntryPoint","urlTemplate":"https:\/\/radis.ee\/?s={search_term_string}"},"query-input":{"@type":"PropertyValueSpecification","valueRequired":true,"valueName":"search_term_string"}}],"inLanguage":"de"},{"@type":"Organization","@id":"https:\/\/radis.ee\/#organization","name":"Radis O\u00dc","url":"https:\/\/radis.ee\/","logo":{"@type":"ImageObject","inLanguage":"de","@id":"https:\/\/radis.ee\/#\/schema\/logo\/image\/","url":"https:\/\/radis.ee\/wp-content\/uploads\/2020\/10\/Radis-logo.png","contentUrl":"https:\/\/radis.ee\/wp-content\/uploads\/2020\/10\/Radis-logo.png","width":300,"height":63,"caption":"Radis O\u00dc"},"image":{"@id":"https:\/\/radis.ee\/#\/schema\/logo\/image\/"},"sameAs":["https:\/\/www.facebook.com\/radisfurniture\/"]}]}},"_links":{"self":[{"href":"https:\/\/radis.ee\/de\/wp-json\/wp\/v2\/product\/3178","targetHints":{"allow":["GET"]}}],"collection":[{"href":"https:\/\/radis.ee\/de\/wp-json\/wp\/v2\/product"}],"about":[{"href":"https:\/\/radis.ee\/de\/wp-json\/wp\/v2\/types\/product"}],"replies":[{"embeddable":true,"href":"https:\/\/radis.ee\/de\/wp-json\/wp\/v2\/comments?post=3178"}],"wp:featuredmedia":[{"embeddable":true,"href":"https:\/\/radis.ee\/de\/wp-json\/wp\/v2\/media\/9274"}],"wp:attachment":[{"href":"https:\/\/radis.ee\/de\/wp-json\/wp\/v2\/media?parent=3178"}],"wp:term":[{"taxonomy":"product_brand","embeddable":true,"href":"https:\/\/radis.ee\/de\/wp-json\/wp\/v2\/product_brand?post=3178"},{"taxonomy":"product_cat","embeddable":true,"href":"https:\/\/radis.ee\/de\/wp-json\/wp\/v2\/product_cat?post=3178"},{"taxonomy":"product_tag","embeddable":true,"href":"https:\/\/radis.ee\/de\/wp-json\/wp\/v2\/product_tag?post=3178"}],"curies":[{"name":"wp","href":"https:\/\/api.w.org\/{rel}","templated":true}]}}