{"id":3196,"date":"2025-06-28T00:40:49","date_gmt":"2020-09-27T21:40:49","guid":{"rendered":"https:\/\/radis.ee\/unkategorisiert\/schaukelstuhl-gee\/"},"modified":"2024-01-31T13:41:59","modified_gmt":"2024-01-31T11:41:59","slug":"schaukelstuhl-gee","status":"publish","type":"product","link":"https:\/\/radis.ee\/de\/schaukelstuhl-gee\/","title":{"rendered":"Schaukelstuhl GEE"},"content":{"rendered":"<p>Wer hat gesagt, dass nur Kinder schaukeln d\u00fcrfen? Jetzt k\u00f6nnen auch Sie ohne falsche Scham zu Hause vor dem Kamin oder dem Fernseher schaukeln. Keiner sieht Sie. Auch mit der Fu\u00dfst\u00fctze.<\/p>\n<p>Hergestellt aus 36 mm Birkensperrholz, ebenfalls Eiche furniert, \u00f6lgewachst. F\u00fcr die Kissen sind sie sorgf\u00e4ltig aus Nevotex Linoso gefertigt, ein hochwertiges schwedisches Gewebe, das Ihnen den perfekten Federsitz bietet. Die Haltbarkeit dieser M\u00f6bel ist unbestritten!<\/p>\n<p>Schaukelstuhl GEE Breite 63 cm, H\u00f6he 103 cm, Sitztiefe 50 cm. Zusammen mit den Teilen dieses Stuhls erhalten Sie auch detaillierte Anweisungen und eine Werkzeugpackung mit allen passenden Beschl\u00e4gen. Sie k\u00f6nnen diesen Schaukelstuhl in wenigen Minuten definitiv selbst aufstellen. Radis hat Ihnen alles gegeben, was Sie brauchen, um Ihren neuen Stuhl schnell und einfach zu genie\u00dfen. Je eher desto besser, richtig?<\/p>\n","protected":false},"excerpt":{"rendered":"<p>Wer hat gesagt, dass nur Kinder schaukeln d\u00fcrfen? Jetzt k\u00f6nnen auch Sie ohne falsche Scham zu Hause vor dem Kamin oder dem Fernseher schaukeln. Keiner sieht Sie. Auch mit der Fu\u00dfst\u00fctze. Hergestellt aus 36 mm Birkensperrholz, ebenfalls Eiche furniert, \u00f6lgewachst. F\u00fcr die Kissen sind sie sorgf\u00e4ltig aus Nevotex Linoso gefertigt, ein hochwertiges schwedisches Gewebe, das&#8230;<\/p>\n","protected":false},"featured_media":2418,"comment_status":"open","ping_status":"closed","template":"","meta":{"_acf_changed":false},"product_brand":[],"product_cat":[34],"product_tag":[],"class_list":{"0":"post-3196","1":"product","2":"type-product","3":"status-publish","4":"has-post-thumbnail","6":"product_cat-aksessuaarid","8":"first","9":"instock","10":"sale","11":"taxable","12":"shipping-taxable","13":"purchasable","14":"product-type-variable","15":"has-default-attributes"},"acf":[],"yoast_head":"<!-- This site is optimized with the Yoast SEO plugin v27.3 - https:\/\/yoast.com\/product\/yoast-seo-wordpress\/ -->\n<title>Schaukelstuhl GEE - Radis<\/title>\n<meta name=\"robots\" content=\"index, follow, max-snippet:-1, max-image-preview:large, max-video-preview:-1\" \/>\n<link rel=\"canonical\" href=\"https:\/\/radis.ee\/de\/schaukelstuhl-gee\/\" \/>\n<meta property=\"og:locale\" content=\"de_DE\" \/>\n<meta property=\"og:type\" content=\"article\" \/>\n<meta property=\"og:title\" content=\"Schaukelstuhl GEE - Radis\" \/>\n<meta property=\"og:description\" content=\"Wer hat gesagt, dass nur Kinder schaukeln d\u00fcrfen? Jetzt k\u00f6nnen auch Sie ohne falsche Scham zu Hause vor dem Kamin oder dem Fernseher schaukeln. Keiner sieht Sie. Auch mit der Fu\u00dfst\u00fctze. Hergestellt aus 36 mm Birkensperrholz, ebenfalls Eiche furniert, \u00f6lgewachst. F\u00fcr die Kissen sind sie sorgf\u00e4ltig aus Nevotex Linoso gefertigt, ein hochwertiges schwedisches Gewebe, das...\" \/>\n<meta property=\"og:url\" content=\"https:\/\/radis.ee\/de\/schaukelstuhl-gee\/\" \/>\n<meta property=\"og:site_name\" content=\"Radis\" \/>\n<meta property=\"article:publisher\" content=\"https:\/\/www.facebook.com\/radisfurniture\/\" \/>\n<meta property=\"article:modified_time\" content=\"2024-01-31T11:41:59+00:00\" \/>\n<meta property=\"og:image\" content=\"https:\/\/radis.ee\/wp-content\/uploads\/2020\/09\/RA0464-Radis-rocking-chair-GEE-pebble-grey-fabric-dark-grey-2-2-1-scaled.jpg\" \/>\n\t<meta property=\"og:image:width\" content=\"3651\" \/>\n\t<meta property=\"og:image:height\" content=\"3651\" \/>\n\t<meta property=\"og:image:type\" content=\"image\/jpeg\" \/>\n<meta name=\"twitter:card\" content=\"summary_large_image\" \/>\n<meta name=\"twitter:label1\" content=\"Gesch\u00e4tzte Lesezeit\" \/>\n\t<meta name=\"twitter:data1\" content=\"1\u00a0Minute\" \/>\n<script type=\"application\/ld+json\" class=\"yoast-schema-graph\">{\"@context\":\"https:\\\/\\\/schema.org\",\"@graph\":[{\"@type\":\"WebPage\",\"@id\":\"https:\\\/\\\/radis.ee\\\/de\\\/schaukelstuhl-gee\\\/\",\"url\":\"https:\\\/\\\/radis.ee\\\/de\\\/schaukelstuhl-gee\\\/\",\"name\":\"Schaukelstuhl GEE - Radis\",\"isPartOf\":{\"@id\":\"https:\\\/\\\/radis.ee\\\/#website\"},\"primaryImageOfPage\":{\"@id\":\"https:\\\/\\\/radis.ee\\\/de\\\/schaukelstuhl-gee\\\/#primaryimage\"},\"image\":{\"@id\":\"https:\\\/\\\/radis.ee\\\/de\\\/schaukelstuhl-gee\\\/#primaryimage\"},\"thumbnailUrl\":\"https:\\\/\\\/radis.ee\\\/wp-content\\\/uploads\\\/2020\\\/09\\\/RA0464-Radis-rocking-chair-GEE-pebble-grey-fabric-dark-grey-2-2-1-scaled.jpg\",\"datePublished\":\"2020-09-27T21:40:49+00:00\",\"dateModified\":\"2024-01-31T11:41:59+00:00\",\"breadcrumb\":{\"@id\":\"https:\\\/\\\/radis.ee\\\/de\\\/schaukelstuhl-gee\\\/#breadcrumb\"},\"inLanguage\":\"de\",\"potentialAction\":[{\"@type\":\"ReadAction\",\"target\":[\"https:\\\/\\\/radis.ee\\\/de\\\/schaukelstuhl-gee\\\/\"]}]},{\"@type\":\"ImageObject\",\"inLanguage\":\"de\",\"@id\":\"https:\\\/\\\/radis.ee\\\/de\\\/schaukelstuhl-gee\\\/#primaryimage\",\"url\":\"https:\\\/\\\/radis.ee\\\/wp-content\\\/uploads\\\/2020\\\/09\\\/RA0464-Radis-rocking-chair-GEE-pebble-grey-fabric-dark-grey-2-2-1-scaled.jpg\",\"contentUrl\":\"https:\\\/\\\/radis.ee\\\/wp-content\\\/uploads\\\/2020\\\/09\\\/RA0464-Radis-rocking-chair-GEE-pebble-grey-fabric-dark-grey-2-2-1-scaled.jpg\",\"width\":3651,\"height\":3651,\"caption\":\"ROCKING CHAIR GEE\"},{\"@type\":\"BreadcrumbList\",\"@id\":\"https:\\\/\\\/radis.ee\\\/de\\\/schaukelstuhl-gee\\\/#breadcrumb\",\"itemListElement\":[{\"@type\":\"ListItem\",\"position\":1,\"name\":\"Home\",\"item\":\"https:\\\/\\\/radis.ee\\\/\"},{\"@type\":\"ListItem\",\"position\":2,\"name\":\"Produkte\",\"item\":\"https:\\\/\\\/radis.ee\\\/de\\\/produkte\\\/\"},{\"@type\":\"ListItem\",\"position\":3,\"name\":\"Schaukelstuhl GEE\"}]},{\"@type\":\"WebSite\",\"@id\":\"https:\\\/\\\/radis.ee\\\/#website\",\"url\":\"https:\\\/\\\/radis.ee\\\/\",\"name\":\"Radis\",\"description\":\"Nordic design furniture, environmentally friendly and sustainable.\",\"publisher\":{\"@id\":\"https:\\\/\\\/radis.ee\\\/#organization\"},\"potentialAction\":[{\"@type\":\"SearchAction\",\"target\":{\"@type\":\"EntryPoint\",\"urlTemplate\":\"https:\\\/\\\/radis.ee\\\/?s={search_term_string}\"},\"query-input\":{\"@type\":\"PropertyValueSpecification\",\"valueRequired\":true,\"valueName\":\"search_term_string\"}}],\"inLanguage\":\"de\"},{\"@type\":\"Organization\",\"@id\":\"https:\\\/\\\/radis.ee\\\/#organization\",\"name\":\"Radis O\u00dc\",\"url\":\"https:\\\/\\\/radis.ee\\\/\",\"logo\":{\"@type\":\"ImageObject\",\"inLanguage\":\"de\",\"@id\":\"https:\\\/\\\/radis.ee\\\/#\\\/schema\\\/logo\\\/image\\\/\",\"url\":\"https:\\\/\\\/radis.ee\\\/wp-content\\\/uploads\\\/2020\\\/10\\\/Radis-logo.png\",\"contentUrl\":\"https:\\\/\\\/radis.ee\\\/wp-content\\\/uploads\\\/2020\\\/10\\\/Radis-logo.png\",\"width\":300,\"height\":63,\"caption\":\"Radis O\u00dc\"},\"image\":{\"@id\":\"https:\\\/\\\/radis.ee\\\/#\\\/schema\\\/logo\\\/image\\\/\"},\"sameAs\":[\"https:\\\/\\\/www.facebook.com\\\/radisfurniture\\\/\"]}]}<\/script>\n<!-- \/ Yoast SEO plugin. -->","yoast_head_json":{"title":"Schaukelstuhl GEE - Radis","robots":{"index":"index","follow":"follow","max-snippet":"max-snippet:-1","max-image-preview":"max-image-preview:large","max-video-preview":"max-video-preview:-1"},"canonical":"https:\/\/radis.ee\/de\/schaukelstuhl-gee\/","og_locale":"de_DE","og_type":"article","og_title":"Schaukelstuhl GEE - Radis","og_description":"Wer hat gesagt, dass nur Kinder schaukeln d\u00fcrfen? Jetzt k\u00f6nnen auch Sie ohne falsche Scham zu Hause vor dem Kamin oder dem Fernseher schaukeln. Keiner sieht Sie. Auch mit der Fu\u00dfst\u00fctze. Hergestellt aus 36 mm Birkensperrholz, ebenfalls Eiche furniert, \u00f6lgewachst. F\u00fcr die Kissen sind sie sorgf\u00e4ltig aus Nevotex Linoso gefertigt, ein hochwertiges schwedisches Gewebe, das...","og_url":"https:\/\/radis.ee\/de\/schaukelstuhl-gee\/","og_site_name":"Radis","article_publisher":"https:\/\/www.facebook.com\/radisfurniture\/","article_modified_time":"2024-01-31T11:41:59+00:00","og_image":[{"width":3651,"height":3651,"url":"https:\/\/radis.ee\/wp-content\/uploads\/2020\/09\/RA0464-Radis-rocking-chair-GEE-pebble-grey-fabric-dark-grey-2-2-1-scaled.jpg","type":"image\/jpeg"}],"twitter_card":"summary_large_image","twitter_misc":{"Gesch\u00e4tzte Lesezeit":"1\u00a0Minute"},"schema":{"@context":"https:\/\/schema.org","@graph":[{"@type":"WebPage","@id":"https:\/\/radis.ee\/de\/schaukelstuhl-gee\/","url":"https:\/\/radis.ee\/de\/schaukelstuhl-gee\/","name":"Schaukelstuhl GEE - Radis","isPartOf":{"@id":"https:\/\/radis.ee\/#website"},"primaryImageOfPage":{"@id":"https:\/\/radis.ee\/de\/schaukelstuhl-gee\/#primaryimage"},"image":{"@id":"https:\/\/radis.ee\/de\/schaukelstuhl-gee\/#primaryimage"},"thumbnailUrl":"https:\/\/radis.ee\/wp-content\/uploads\/2020\/09\/RA0464-Radis-rocking-chair-GEE-pebble-grey-fabric-dark-grey-2-2-1-scaled.jpg","datePublished":"2020-09-27T21:40:49+00:00","dateModified":"2024-01-31T11:41:59+00:00","breadcrumb":{"@id":"https:\/\/radis.ee\/de\/schaukelstuhl-gee\/#breadcrumb"},"inLanguage":"de","potentialAction":[{"@type":"ReadAction","target":["https:\/\/radis.ee\/de\/schaukelstuhl-gee\/"]}]},{"@type":"ImageObject","inLanguage":"de","@id":"https:\/\/radis.ee\/de\/schaukelstuhl-gee\/#primaryimage","url":"https:\/\/radis.ee\/wp-content\/uploads\/2020\/09\/RA0464-Radis-rocking-chair-GEE-pebble-grey-fabric-dark-grey-2-2-1-scaled.jpg","contentUrl":"https:\/\/radis.ee\/wp-content\/uploads\/2020\/09\/RA0464-Radis-rocking-chair-GEE-pebble-grey-fabric-dark-grey-2-2-1-scaled.jpg","width":3651,"height":3651,"caption":"ROCKING CHAIR GEE"},{"@type":"BreadcrumbList","@id":"https:\/\/radis.ee\/de\/schaukelstuhl-gee\/#breadcrumb","itemListElement":[{"@type":"ListItem","position":1,"name":"Home","item":"https:\/\/radis.ee\/"},{"@type":"ListItem","position":2,"name":"Produkte","item":"https:\/\/radis.ee\/de\/produkte\/"},{"@type":"ListItem","position":3,"name":"Schaukelstuhl GEE"}]},{"@type":"WebSite","@id":"https:\/\/radis.ee\/#website","url":"https:\/\/radis.ee\/","name":"Radis","description":"Nordic design furniture, environmentally friendly and sustainable.","publisher":{"@id":"https:\/\/radis.ee\/#organization"},"potentialAction":[{"@type":"SearchAction","target":{"@type":"EntryPoint","urlTemplate":"https:\/\/radis.ee\/?s={search_term_string}"},"query-input":{"@type":"PropertyValueSpecification","valueRequired":true,"valueName":"search_term_string"}}],"inLanguage":"de"},{"@type":"Organization","@id":"https:\/\/radis.ee\/#organization","name":"Radis O\u00dc","url":"https:\/\/radis.ee\/","logo":{"@type":"ImageObject","inLanguage":"de","@id":"https:\/\/radis.ee\/#\/schema\/logo\/image\/","url":"https:\/\/radis.ee\/wp-content\/uploads\/2020\/10\/Radis-logo.png","contentUrl":"https:\/\/radis.ee\/wp-content\/uploads\/2020\/10\/Radis-logo.png","width":300,"height":63,"caption":"Radis O\u00dc"},"image":{"@id":"https:\/\/radis.ee\/#\/schema\/logo\/image\/"},"sameAs":["https:\/\/www.facebook.com\/radisfurniture\/"]}]}},"_links":{"self":[{"href":"https:\/\/radis.ee\/de\/wp-json\/wp\/v2\/product\/3196","targetHints":{"allow":["GET"]}}],"collection":[{"href":"https:\/\/radis.ee\/de\/wp-json\/wp\/v2\/product"}],"about":[{"href":"https:\/\/radis.ee\/de\/wp-json\/wp\/v2\/types\/product"}],"replies":[{"embeddable":true,"href":"https:\/\/radis.ee\/de\/wp-json\/wp\/v2\/comments?post=3196"}],"wp:featuredmedia":[{"embeddable":true,"href":"https:\/\/radis.ee\/de\/wp-json\/wp\/v2\/media\/2418"}],"wp:attachment":[{"href":"https:\/\/radis.ee\/de\/wp-json\/wp\/v2\/media?parent=3196"}],"wp:term":[{"taxonomy":"product_brand","embeddable":true,"href":"https:\/\/radis.ee\/de\/wp-json\/wp\/v2\/product_brand?post=3196"},{"taxonomy":"product_cat","embeddable":true,"href":"https:\/\/radis.ee\/de\/wp-json\/wp\/v2\/product_cat?post=3196"},{"taxonomy":"product_tag","embeddable":true,"href":"https:\/\/radis.ee\/de\/wp-json\/wp\/v2\/product_tag?post=3196"}],"curies":[{"name":"wp","href":"https:\/\/api.w.org\/{rel}","templated":true}]}}