{"id":3210,"date":"2022-08-22T10:23:56","date_gmt":"2022-08-22T07:23:56","guid":{"rendered":"https:\/\/radis.ee\/unkategorisiert\/hocker-chick\/"},"modified":"2025-06-02T12:09:46","modified_gmt":"2025-06-02T09:09:46","slug":"hocker-chick","status":"publish","type":"product","link":"https:\/\/radis.ee\/de\/hocker-chick\/","title":{"rendered":"Hocker CHICK"},"content":{"rendered":"<p>\u201eChick\u201c ist ein Interieur-Accessoire, das sich durch sein verspieltes Design auszeichnet.<\/p>\n<p>\u201eChick\u201c wurde urspr\u00fcnglich als kleiner Hocker entworfen, ist aber vorerst eher ein kleines dekoratives Element, das als kleiner Beistelltisch oder Nachttisch als Fu\u00dfst\u00fctze verwendet wird eines Sessels, aber zus\u00e4tzlich hat es eine zus\u00e4tzliche Funktion &#8211; um Sie zum L\u00e4cheln zu bringen!<\/p>\n<p>Birkenschichtholz, Schnabel aus Mahagoni oder Eiche, Beine aus schwarz lackiertem Metall. Naturholz, leichte Farbunterschiede und leichte Astl\u00f6cher k\u00f6nnen vorkommen.<\/p>\n","protected":false},"excerpt":{"rendered":"<p>\u201eChick\u201c ist ein Interieur-Accessoire, das sich durch sein verspieltes Design auszeichnet. \u201eChick\u201c wurde urspr\u00fcnglich als kleiner Hocker entworfen, ist aber vorerst eher ein kleines dekoratives Element, das als kleiner Beistelltisch oder Nachttisch als Fu\u00dfst\u00fctze verwendet wird eines Sessels, aber zus\u00e4tzlich hat es eine zus\u00e4tzliche Funktion &#8211; um Sie zum L\u00e4cheln zu bringen! Birkenschichtholz, Schnabel aus&#8230;<\/p>\n","protected":false},"featured_media":2476,"comment_status":"open","ping_status":"closed","template":"","meta":{"_acf_changed":false},"product_brand":[],"product_cat":[34,111],"product_tag":[],"class_list":{"0":"post-3210","1":"product","2":"type-product","3":"status-publish","4":"has-post-thumbnail","6":"product_cat-aksessuaarid","7":"product_cat-lauad","9":"first","10":"instock","11":"sale","12":"taxable","13":"shipping-taxable","14":"purchasable","15":"product-type-variable","16":"has-default-attributes"},"acf":[],"yoast_head":"<!-- This site is optimized with the Yoast SEO plugin v27.4 - https:\/\/yoast.com\/product\/yoast-seo-wordpress\/ -->\n<title>Hocker CHICK - Radis<\/title>\n<meta name=\"robots\" content=\"index, follow, max-snippet:-1, max-image-preview:large, max-video-preview:-1\" \/>\n<link rel=\"canonical\" href=\"https:\/\/radis.ee\/lauake-tibu\/\" \/>\n<meta property=\"og:locale\" content=\"de_DE\" \/>\n<meta property=\"og:type\" content=\"article\" \/>\n<meta property=\"og:title\" content=\"Hocker CHICK - Radis\" \/>\n<meta property=\"og:description\" content=\"\u201eChick\u201c ist ein Interieur-Accessoire, das sich durch sein verspieltes Design auszeichnet. \u201eChick\u201c wurde urspr\u00fcnglich als kleiner Hocker entworfen, ist aber vorerst eher ein kleines dekoratives Element, das als kleiner Beistelltisch oder Nachttisch als Fu\u00dfst\u00fctze verwendet wird eines Sessels, aber zus\u00e4tzlich hat es eine zus\u00e4tzliche Funktion &#8211; um Sie zum L\u00e4cheln zu bringen! Birkenschichtholz, Schnabel aus...\" \/>\n<meta property=\"og:url\" content=\"https:\/\/radis.ee\/lauake-tibu\/\" \/>\n<meta property=\"og:site_name\" content=\"Radis\" \/>\n<meta property=\"article:publisher\" content=\"https:\/\/www.facebook.com\/radisfurniture\/\" \/>\n<meta property=\"article:modified_time\" content=\"2025-06-02T09:09:46+00:00\" \/>\n<meta property=\"og:image\" content=\"https:\/\/radis.ee\/wp-content\/uploads\/2020\/09\/RADIS_stool_CHICK_Maria_-R\u00e4sta_natural-scaled.jpg\" \/>\n\t<meta property=\"og:image:width\" content=\"3840\" \/>\n\t<meta property=\"og:image:height\" content=\"3840\" \/>\n\t<meta property=\"og:image:type\" content=\"image\/jpeg\" \/>\n<meta name=\"twitter:card\" content=\"summary_large_image\" \/>\n<script type=\"application\/ld+json\" class=\"yoast-schema-graph\">{\"@context\":\"https:\\\/\\\/schema.org\",\"@graph\":[{\"@type\":\"WebPage\",\"@id\":\"https:\\\/\\\/radis.ee\\\/lauake-tibu\\\/\",\"url\":\"https:\\\/\\\/radis.ee\\\/lauake-tibu\\\/\",\"name\":\"Hocker CHICK - Radis\",\"isPartOf\":{\"@id\":\"https:\\\/\\\/radis.ee\\\/#website\"},\"primaryImageOfPage\":{\"@id\":\"https:\\\/\\\/radis.ee\\\/lauake-tibu\\\/#primaryimage\"},\"image\":{\"@id\":\"https:\\\/\\\/radis.ee\\\/lauake-tibu\\\/#primaryimage\"},\"thumbnailUrl\":\"https:\\\/\\\/radis.ee\\\/wp-content\\\/uploads\\\/2020\\\/09\\\/RADIS_stool_CHICK_Maria_-R\u00e4sta_natural-scaled.jpg\",\"datePublished\":\"2022-08-22T07:23:56+00:00\",\"dateModified\":\"2025-06-02T09:09:46+00:00\",\"breadcrumb\":{\"@id\":\"https:\\\/\\\/radis.ee\\\/lauake-tibu\\\/#breadcrumb\"},\"inLanguage\":\"de\",\"potentialAction\":[{\"@type\":\"ReadAction\",\"target\":[\"https:\\\/\\\/radis.ee\\\/lauake-tibu\\\/\"]}]},{\"@type\":\"ImageObject\",\"inLanguage\":\"de\",\"@id\":\"https:\\\/\\\/radis.ee\\\/lauake-tibu\\\/#primaryimage\",\"url\":\"https:\\\/\\\/radis.ee\\\/wp-content\\\/uploads\\\/2020\\\/09\\\/RADIS_stool_CHICK_Maria_-R\u00e4sta_natural-scaled.jpg\",\"contentUrl\":\"https:\\\/\\\/radis.ee\\\/wp-content\\\/uploads\\\/2020\\\/09\\\/RADIS_stool_CHICK_Maria_-R\u00e4sta_natural-scaled.jpg\",\"width\":3840,\"height\":3840,\"caption\":\"CHICK NATURAL\"},{\"@type\":\"BreadcrumbList\",\"@id\":\"https:\\\/\\\/radis.ee\\\/lauake-tibu\\\/#breadcrumb\",\"itemListElement\":[{\"@type\":\"ListItem\",\"position\":1,\"name\":\"Home\",\"item\":\"https:\\\/\\\/radis.ee\\\/\"},{\"@type\":\"ListItem\",\"position\":2,\"name\":\"Produkte\",\"item\":\"https:\\\/\\\/radis.ee\\\/de\\\/produkte\\\/\"},{\"@type\":\"ListItem\",\"position\":3,\"name\":\"Hocker CHICK\"}]},{\"@type\":\"WebSite\",\"@id\":\"https:\\\/\\\/radis.ee\\\/#website\",\"url\":\"https:\\\/\\\/radis.ee\\\/\",\"name\":\"Radis\",\"description\":\"Nordic design furniture, environmentally friendly and sustainable.\",\"publisher\":{\"@id\":\"https:\\\/\\\/radis.ee\\\/#organization\"},\"potentialAction\":[{\"@type\":\"SearchAction\",\"target\":{\"@type\":\"EntryPoint\",\"urlTemplate\":\"https:\\\/\\\/radis.ee\\\/?s={search_term_string}\"},\"query-input\":{\"@type\":\"PropertyValueSpecification\",\"valueRequired\":true,\"valueName\":\"search_term_string\"}}],\"inLanguage\":\"de\"},{\"@type\":\"Organization\",\"@id\":\"https:\\\/\\\/radis.ee\\\/#organization\",\"name\":\"Radis O\u00dc\",\"url\":\"https:\\\/\\\/radis.ee\\\/\",\"logo\":{\"@type\":\"ImageObject\",\"inLanguage\":\"de\",\"@id\":\"https:\\\/\\\/radis.ee\\\/#\\\/schema\\\/logo\\\/image\\\/\",\"url\":\"https:\\\/\\\/radis.ee\\\/wp-content\\\/uploads\\\/2020\\\/10\\\/Radis-logo.png\",\"contentUrl\":\"https:\\\/\\\/radis.ee\\\/wp-content\\\/uploads\\\/2020\\\/10\\\/Radis-logo.png\",\"width\":300,\"height\":63,\"caption\":\"Radis O\u00dc\"},\"image\":{\"@id\":\"https:\\\/\\\/radis.ee\\\/#\\\/schema\\\/logo\\\/image\\\/\"},\"sameAs\":[\"https:\\\/\\\/www.facebook.com\\\/radisfurniture\\\/\"]}]}<\/script>\n<!-- \/ Yoast SEO plugin. -->","yoast_head_json":{"title":"Hocker CHICK - Radis","robots":{"index":"index","follow":"follow","max-snippet":"max-snippet:-1","max-image-preview":"max-image-preview:large","max-video-preview":"max-video-preview:-1"},"canonical":"https:\/\/radis.ee\/lauake-tibu\/","og_locale":"de_DE","og_type":"article","og_title":"Hocker CHICK - Radis","og_description":"\u201eChick\u201c ist ein Interieur-Accessoire, das sich durch sein verspieltes Design auszeichnet. \u201eChick\u201c wurde urspr\u00fcnglich als kleiner Hocker entworfen, ist aber vorerst eher ein kleines dekoratives Element, das als kleiner Beistelltisch oder Nachttisch als Fu\u00dfst\u00fctze verwendet wird eines Sessels, aber zus\u00e4tzlich hat es eine zus\u00e4tzliche Funktion &#8211; um Sie zum L\u00e4cheln zu bringen! Birkenschichtholz, Schnabel aus...","og_url":"https:\/\/radis.ee\/lauake-tibu\/","og_site_name":"Radis","article_publisher":"https:\/\/www.facebook.com\/radisfurniture\/","article_modified_time":"2025-06-02T09:09:46+00:00","og_image":[{"width":3840,"height":3840,"url":"https:\/\/radis.ee\/wp-content\/uploads\/2020\/09\/RADIS_stool_CHICK_Maria_-R\u00e4sta_natural-scaled.jpg","type":"image\/jpeg"}],"twitter_card":"summary_large_image","schema":{"@context":"https:\/\/schema.org","@graph":[{"@type":"WebPage","@id":"https:\/\/radis.ee\/lauake-tibu\/","url":"https:\/\/radis.ee\/lauake-tibu\/","name":"Hocker CHICK - Radis","isPartOf":{"@id":"https:\/\/radis.ee\/#website"},"primaryImageOfPage":{"@id":"https:\/\/radis.ee\/lauake-tibu\/#primaryimage"},"image":{"@id":"https:\/\/radis.ee\/lauake-tibu\/#primaryimage"},"thumbnailUrl":"https:\/\/radis.ee\/wp-content\/uploads\/2020\/09\/RADIS_stool_CHICK_Maria_-R\u00e4sta_natural-scaled.jpg","datePublished":"2022-08-22T07:23:56+00:00","dateModified":"2025-06-02T09:09:46+00:00","breadcrumb":{"@id":"https:\/\/radis.ee\/lauake-tibu\/#breadcrumb"},"inLanguage":"de","potentialAction":[{"@type":"ReadAction","target":["https:\/\/radis.ee\/lauake-tibu\/"]}]},{"@type":"ImageObject","inLanguage":"de","@id":"https:\/\/radis.ee\/lauake-tibu\/#primaryimage","url":"https:\/\/radis.ee\/wp-content\/uploads\/2020\/09\/RADIS_stool_CHICK_Maria_-R\u00e4sta_natural-scaled.jpg","contentUrl":"https:\/\/radis.ee\/wp-content\/uploads\/2020\/09\/RADIS_stool_CHICK_Maria_-R\u00e4sta_natural-scaled.jpg","width":3840,"height":3840,"caption":"CHICK NATURAL"},{"@type":"BreadcrumbList","@id":"https:\/\/radis.ee\/lauake-tibu\/#breadcrumb","itemListElement":[{"@type":"ListItem","position":1,"name":"Home","item":"https:\/\/radis.ee\/"},{"@type":"ListItem","position":2,"name":"Produkte","item":"https:\/\/radis.ee\/de\/produkte\/"},{"@type":"ListItem","position":3,"name":"Hocker CHICK"}]},{"@type":"WebSite","@id":"https:\/\/radis.ee\/#website","url":"https:\/\/radis.ee\/","name":"Radis","description":"Nordic design furniture, environmentally friendly and sustainable.","publisher":{"@id":"https:\/\/radis.ee\/#organization"},"potentialAction":[{"@type":"SearchAction","target":{"@type":"EntryPoint","urlTemplate":"https:\/\/radis.ee\/?s={search_term_string}"},"query-input":{"@type":"PropertyValueSpecification","valueRequired":true,"valueName":"search_term_string"}}],"inLanguage":"de"},{"@type":"Organization","@id":"https:\/\/radis.ee\/#organization","name":"Radis O\u00dc","url":"https:\/\/radis.ee\/","logo":{"@type":"ImageObject","inLanguage":"de","@id":"https:\/\/radis.ee\/#\/schema\/logo\/image\/","url":"https:\/\/radis.ee\/wp-content\/uploads\/2020\/10\/Radis-logo.png","contentUrl":"https:\/\/radis.ee\/wp-content\/uploads\/2020\/10\/Radis-logo.png","width":300,"height":63,"caption":"Radis O\u00dc"},"image":{"@id":"https:\/\/radis.ee\/#\/schema\/logo\/image\/"},"sameAs":["https:\/\/www.facebook.com\/radisfurniture\/"]}]}},"_links":{"self":[{"href":"https:\/\/radis.ee\/de\/wp-json\/wp\/v2\/product\/3210","targetHints":{"allow":["GET"]}}],"collection":[{"href":"https:\/\/radis.ee\/de\/wp-json\/wp\/v2\/product"}],"about":[{"href":"https:\/\/radis.ee\/de\/wp-json\/wp\/v2\/types\/product"}],"replies":[{"embeddable":true,"href":"https:\/\/radis.ee\/de\/wp-json\/wp\/v2\/comments?post=3210"}],"wp:featuredmedia":[{"embeddable":true,"href":"https:\/\/radis.ee\/de\/wp-json\/wp\/v2\/media\/2476"}],"wp:attachment":[{"href":"https:\/\/radis.ee\/de\/wp-json\/wp\/v2\/media?parent=3210"}],"wp:term":[{"taxonomy":"product_brand","embeddable":true,"href":"https:\/\/radis.ee\/de\/wp-json\/wp\/v2\/product_brand?post=3210"},{"taxonomy":"product_cat","embeddable":true,"href":"https:\/\/radis.ee\/de\/wp-json\/wp\/v2\/product_cat?post=3210"},{"taxonomy":"product_tag","embeddable":true,"href":"https:\/\/radis.ee\/de\/wp-json\/wp\/v2\/product_tag?post=3210"}],"curies":[{"name":"wp","href":"https:\/\/api.w.org\/{rel}","templated":true}]}}