{"id":3220,"date":"2022-08-20T22:44:50","date_gmt":"2022-08-20T19:44:50","guid":{"rendered":"https:\/\/radis.ee\/?post_type=product&#038;p=3220"},"modified":"2020-11-30T21:31:32","modified_gmt":"2020-11-30T19:31:32","slug":"nachttisch-huh","status":"publish","type":"product","link":"https:\/\/radis.ee\/de\/nachttisch-huh\/","title":{"rendered":"Nachttisch HUH"},"content":{"rendered":"<p>Sobald Sie unter die Decke kriechen, ob nun mit einer Tasse Tee oder einem aufzuziehenden Wecker \u2013 der Nachttisch HUH steht Ihnen stets zur Seite. Und Ihr Lieblingsbuch darf in der Schublade schlummern.<\/p>\n<p>Neben den beiden Regalen verf\u00fcgt der Nachttisch auch \u00fcber eine ger\u00e4umige Schublade. Aus Birkensperrholz, \u00f6lgewachst. Schubladenschienen schlie\u00dfen leise.<\/p>\n<p>Kollektion HUH wurde f\u00fcr den estnischen Designpreis Bruno 2014 nominiert.<\/p>\n","protected":false},"excerpt":{"rendered":"<p>Sobald Sie unter die Decke kriechen, ob nun mit einer Tasse Tee oder einem aufzuziehenden Wecker \u2013 der Nachttisch HUH steht Ihnen stets zur Seite. Und Ihr Lieblingsbuch darf in der Schublade schlummern. Neben den beiden Regalen verf\u00fcgt der Nachttisch auch \u00fcber eine ger\u00e4umige Schublade. Aus Birkensperrholz, \u00f6lgewachst. Schubladenschienen schlie\u00dfen leise. Kollektion HUH wurde f\u00fcr&#8230;<\/p>\n","protected":false},"featured_media":3908,"comment_status":"open","ping_status":"closed","template":"","meta":{"_acf_changed":false},"product_brand":[],"product_cat":[34,113],"product_tag":[],"class_list":{"0":"post-3220","1":"product","2":"type-product","3":"status-publish","4":"has-post-thumbnail","6":"product_cat-aksessuaarid","7":"product_cat-voodid","9":"first","10":"instock","11":"taxable","12":"shipping-taxable","13":"purchasable","14":"product-type-variable","15":"has-default-attributes"},"acf":[],"yoast_head":"<!-- This site is optimized with the Yoast SEO plugin v27.4 - https:\/\/yoast.com\/product\/yoast-seo-wordpress\/ -->\n<title>Nachttisch HUH - Radis<\/title>\n<meta name=\"robots\" content=\"index, follow, max-snippet:-1, max-image-preview:large, max-video-preview:-1\" \/>\n<link rel=\"canonical\" href=\"https:\/\/radis.ee\/de\/nachttisch-huh\/\" \/>\n<meta property=\"og:locale\" content=\"de_DE\" \/>\n<meta property=\"og:type\" content=\"article\" \/>\n<meta property=\"og:title\" content=\"Nachttisch HUH - Radis\" \/>\n<meta property=\"og:description\" content=\"Sobald Sie unter die Decke kriechen, ob nun mit einer Tasse Tee oder einem aufzuziehenden Wecker \u2013 der Nachttisch HUH steht Ihnen stets zur Seite. Und Ihr Lieblingsbuch darf in der Schublade schlummern. Neben den beiden Regalen verf\u00fcgt der Nachttisch auch \u00fcber eine ger\u00e4umige Schublade. Aus Birkensperrholz, \u00f6lgewachst. Schubladenschienen schlie\u00dfen leise. Kollektion HUH wurde f\u00fcr...\" \/>\n<meta property=\"og:url\" content=\"https:\/\/radis.ee\/de\/nachttisch-huh\/\" \/>\n<meta property=\"og:site_name\" content=\"Radis\" \/>\n<meta property=\"article:publisher\" content=\"https:\/\/www.facebook.com\/radisfurniture\/\" \/>\n<meta property=\"og:image\" content=\"https:\/\/radis.ee\/wp-content\/uploads\/2020\/10\/RA0542-Radis-night-stand-HUH-Pebble-Grey-and-White-oilwaxed-scaled.jpg\" \/>\n\t<meta property=\"og:image:width\" content=\"3177\" \/>\n\t<meta property=\"og:image:height\" content=\"3971\" \/>\n\t<meta property=\"og:image:type\" content=\"image\/jpeg\" \/>\n<meta name=\"twitter:card\" content=\"summary_large_image\" \/>\n<script type=\"application\/ld+json\" class=\"yoast-schema-graph\">{\"@context\":\"https:\\\/\\\/schema.org\",\"@graph\":[{\"@type\":\"WebPage\",\"@id\":\"https:\\\/\\\/radis.ee\\\/de\\\/nachttisch-huh\\\/\",\"url\":\"https:\\\/\\\/radis.ee\\\/de\\\/nachttisch-huh\\\/\",\"name\":\"Nachttisch HUH - Radis\",\"isPartOf\":{\"@id\":\"https:\\\/\\\/radis.ee\\\/#website\"},\"primaryImageOfPage\":{\"@id\":\"https:\\\/\\\/radis.ee\\\/de\\\/nachttisch-huh\\\/#primaryimage\"},\"image\":{\"@id\":\"https:\\\/\\\/radis.ee\\\/de\\\/nachttisch-huh\\\/#primaryimage\"},\"thumbnailUrl\":\"https:\\\/\\\/radis.ee\\\/wp-content\\\/uploads\\\/2020\\\/10\\\/RA0542-Radis-night-stand-HUH-Pebble-Grey-and-White-oilwaxed-scaled.jpg\",\"datePublished\":\"2022-08-20T19:44:50+00:00\",\"breadcrumb\":{\"@id\":\"https:\\\/\\\/radis.ee\\\/de\\\/nachttisch-huh\\\/#breadcrumb\"},\"inLanguage\":\"de\",\"potentialAction\":[{\"@type\":\"ReadAction\",\"target\":[\"https:\\\/\\\/radis.ee\\\/de\\\/nachttisch-huh\\\/\"]}]},{\"@type\":\"ImageObject\",\"inLanguage\":\"de\",\"@id\":\"https:\\\/\\\/radis.ee\\\/de\\\/nachttisch-huh\\\/#primaryimage\",\"url\":\"https:\\\/\\\/radis.ee\\\/wp-content\\\/uploads\\\/2020\\\/10\\\/RA0542-Radis-night-stand-HUH-Pebble-Grey-and-White-oilwaxed-scaled.jpg\",\"contentUrl\":\"https:\\\/\\\/radis.ee\\\/wp-content\\\/uploads\\\/2020\\\/10\\\/RA0542-Radis-night-stand-HUH-Pebble-Grey-and-White-oilwaxed-scaled.jpg\",\"width\":3177,\"height\":3971,\"caption\":\"NIGHT STAND HUH\"},{\"@type\":\"BreadcrumbList\",\"@id\":\"https:\\\/\\\/radis.ee\\\/de\\\/nachttisch-huh\\\/#breadcrumb\",\"itemListElement\":[{\"@type\":\"ListItem\",\"position\":1,\"name\":\"Home\",\"item\":\"https:\\\/\\\/radis.ee\\\/\"},{\"@type\":\"ListItem\",\"position\":2,\"name\":\"Produkte\",\"item\":\"https:\\\/\\\/radis.ee\\\/de\\\/produkte\\\/\"},{\"@type\":\"ListItem\",\"position\":3,\"name\":\"Nachttisch HUH\"}]},{\"@type\":\"WebSite\",\"@id\":\"https:\\\/\\\/radis.ee\\\/#website\",\"url\":\"https:\\\/\\\/radis.ee\\\/\",\"name\":\"Radis\",\"description\":\"Nordic design furniture, environmentally friendly and sustainable.\",\"publisher\":{\"@id\":\"https:\\\/\\\/radis.ee\\\/#organization\"},\"potentialAction\":[{\"@type\":\"SearchAction\",\"target\":{\"@type\":\"EntryPoint\",\"urlTemplate\":\"https:\\\/\\\/radis.ee\\\/?s={search_term_string}\"},\"query-input\":{\"@type\":\"PropertyValueSpecification\",\"valueRequired\":true,\"valueName\":\"search_term_string\"}}],\"inLanguage\":\"de\"},{\"@type\":\"Organization\",\"@id\":\"https:\\\/\\\/radis.ee\\\/#organization\",\"name\":\"Radis O\u00dc\",\"url\":\"https:\\\/\\\/radis.ee\\\/\",\"logo\":{\"@type\":\"ImageObject\",\"inLanguage\":\"de\",\"@id\":\"https:\\\/\\\/radis.ee\\\/#\\\/schema\\\/logo\\\/image\\\/\",\"url\":\"https:\\\/\\\/radis.ee\\\/wp-content\\\/uploads\\\/2020\\\/10\\\/Radis-logo.png\",\"contentUrl\":\"https:\\\/\\\/radis.ee\\\/wp-content\\\/uploads\\\/2020\\\/10\\\/Radis-logo.png\",\"width\":300,\"height\":63,\"caption\":\"Radis O\u00dc\"},\"image\":{\"@id\":\"https:\\\/\\\/radis.ee\\\/#\\\/schema\\\/logo\\\/image\\\/\"},\"sameAs\":[\"https:\\\/\\\/www.facebook.com\\\/radisfurniture\\\/\"]}]}<\/script>\n<!-- \/ Yoast SEO plugin. -->","yoast_head_json":{"title":"Nachttisch HUH - Radis","robots":{"index":"index","follow":"follow","max-snippet":"max-snippet:-1","max-image-preview":"max-image-preview:large","max-video-preview":"max-video-preview:-1"},"canonical":"https:\/\/radis.ee\/de\/nachttisch-huh\/","og_locale":"de_DE","og_type":"article","og_title":"Nachttisch HUH - Radis","og_description":"Sobald Sie unter die Decke kriechen, ob nun mit einer Tasse Tee oder einem aufzuziehenden Wecker \u2013 der Nachttisch HUH steht Ihnen stets zur Seite. Und Ihr Lieblingsbuch darf in der Schublade schlummern. Neben den beiden Regalen verf\u00fcgt der Nachttisch auch \u00fcber eine ger\u00e4umige Schublade. Aus Birkensperrholz, \u00f6lgewachst. Schubladenschienen schlie\u00dfen leise. Kollektion HUH wurde f\u00fcr...","og_url":"https:\/\/radis.ee\/de\/nachttisch-huh\/","og_site_name":"Radis","article_publisher":"https:\/\/www.facebook.com\/radisfurniture\/","og_image":[{"width":3177,"height":3971,"url":"https:\/\/radis.ee\/wp-content\/uploads\/2020\/10\/RA0542-Radis-night-stand-HUH-Pebble-Grey-and-White-oilwaxed-scaled.jpg","type":"image\/jpeg"}],"twitter_card":"summary_large_image","schema":{"@context":"https:\/\/schema.org","@graph":[{"@type":"WebPage","@id":"https:\/\/radis.ee\/de\/nachttisch-huh\/","url":"https:\/\/radis.ee\/de\/nachttisch-huh\/","name":"Nachttisch HUH - Radis","isPartOf":{"@id":"https:\/\/radis.ee\/#website"},"primaryImageOfPage":{"@id":"https:\/\/radis.ee\/de\/nachttisch-huh\/#primaryimage"},"image":{"@id":"https:\/\/radis.ee\/de\/nachttisch-huh\/#primaryimage"},"thumbnailUrl":"https:\/\/radis.ee\/wp-content\/uploads\/2020\/10\/RA0542-Radis-night-stand-HUH-Pebble-Grey-and-White-oilwaxed-scaled.jpg","datePublished":"2022-08-20T19:44:50+00:00","breadcrumb":{"@id":"https:\/\/radis.ee\/de\/nachttisch-huh\/#breadcrumb"},"inLanguage":"de","potentialAction":[{"@type":"ReadAction","target":["https:\/\/radis.ee\/de\/nachttisch-huh\/"]}]},{"@type":"ImageObject","inLanguage":"de","@id":"https:\/\/radis.ee\/de\/nachttisch-huh\/#primaryimage","url":"https:\/\/radis.ee\/wp-content\/uploads\/2020\/10\/RA0542-Radis-night-stand-HUH-Pebble-Grey-and-White-oilwaxed-scaled.jpg","contentUrl":"https:\/\/radis.ee\/wp-content\/uploads\/2020\/10\/RA0542-Radis-night-stand-HUH-Pebble-Grey-and-White-oilwaxed-scaled.jpg","width":3177,"height":3971,"caption":"NIGHT STAND HUH"},{"@type":"BreadcrumbList","@id":"https:\/\/radis.ee\/de\/nachttisch-huh\/#breadcrumb","itemListElement":[{"@type":"ListItem","position":1,"name":"Home","item":"https:\/\/radis.ee\/"},{"@type":"ListItem","position":2,"name":"Produkte","item":"https:\/\/radis.ee\/de\/produkte\/"},{"@type":"ListItem","position":3,"name":"Nachttisch HUH"}]},{"@type":"WebSite","@id":"https:\/\/radis.ee\/#website","url":"https:\/\/radis.ee\/","name":"Radis","description":"Nordic design furniture, environmentally friendly and sustainable.","publisher":{"@id":"https:\/\/radis.ee\/#organization"},"potentialAction":[{"@type":"SearchAction","target":{"@type":"EntryPoint","urlTemplate":"https:\/\/radis.ee\/?s={search_term_string}"},"query-input":{"@type":"PropertyValueSpecification","valueRequired":true,"valueName":"search_term_string"}}],"inLanguage":"de"},{"@type":"Organization","@id":"https:\/\/radis.ee\/#organization","name":"Radis O\u00dc","url":"https:\/\/radis.ee\/","logo":{"@type":"ImageObject","inLanguage":"de","@id":"https:\/\/radis.ee\/#\/schema\/logo\/image\/","url":"https:\/\/radis.ee\/wp-content\/uploads\/2020\/10\/Radis-logo.png","contentUrl":"https:\/\/radis.ee\/wp-content\/uploads\/2020\/10\/Radis-logo.png","width":300,"height":63,"caption":"Radis O\u00dc"},"image":{"@id":"https:\/\/radis.ee\/#\/schema\/logo\/image\/"},"sameAs":["https:\/\/www.facebook.com\/radisfurniture\/"]}]}},"_links":{"self":[{"href":"https:\/\/radis.ee\/de\/wp-json\/wp\/v2\/product\/3220","targetHints":{"allow":["GET"]}}],"collection":[{"href":"https:\/\/radis.ee\/de\/wp-json\/wp\/v2\/product"}],"about":[{"href":"https:\/\/radis.ee\/de\/wp-json\/wp\/v2\/types\/product"}],"replies":[{"embeddable":true,"href":"https:\/\/radis.ee\/de\/wp-json\/wp\/v2\/comments?post=3220"}],"wp:featuredmedia":[{"embeddable":true,"href":"https:\/\/radis.ee\/de\/wp-json\/wp\/v2\/media\/3908"}],"wp:attachment":[{"href":"https:\/\/radis.ee\/de\/wp-json\/wp\/v2\/media?parent=3220"}],"wp:term":[{"taxonomy":"product_brand","embeddable":true,"href":"https:\/\/radis.ee\/de\/wp-json\/wp\/v2\/product_brand?post=3220"},{"taxonomy":"product_cat","embeddable":true,"href":"https:\/\/radis.ee\/de\/wp-json\/wp\/v2\/product_cat?post=3220"},{"taxonomy":"product_tag","embeddable":true,"href":"https:\/\/radis.ee\/de\/wp-json\/wp\/v2\/product_tag?post=3220"}],"curies":[{"name":"wp","href":"https:\/\/api.w.org\/{rel}","templated":true}]}}