{"id":3353,"date":"2022-09-13T00:28:05","date_gmt":"2022-09-12T21:28:05","guid":{"rendered":"https:\/\/radis.ee\/unkategorisiert\/bett-huh\/"},"modified":"2024-01-31T22:08:41","modified_gmt":"2024-01-31T20:08:41","slug":"bett-huh","status":"publish","type":"product","link":"https:\/\/radis.ee\/de\/bett-huh\/","title":{"rendered":"Bett HUH"},"content":{"rendered":"<p>Legen Sie sich dieses handfeste Bett zu und gehen Sie eine langj\u00e4hrige Beziehung ein. Ob Sie nun mit den Kindern oder dem Partner toben \u2013 HUH macht alles mit. Das Bett l\u00e4sst sich leicht aufbauen und sitzt in einem stabilen Rahmen.<\/p>\n<p>Das Kopfende ist gerade so geneigt, dass man im Bett bequem lesen kann. Der Bettrahmen ist 7 cm breiter als die Matratzenbreite, L\u00e4nge 209 cm, Bettbodenh\u00f6he vom Boden 25 cm, Kopfst\u00fctzenbeinh\u00f6he 90 cm.<\/p>\n<p>Erh\u00e4ltlich auch mit zwei Nachttischen an den Beinen des Bettes. Der Nachttisch ist 36 cm lang, 40 cm hoch \u00fcber dem Boden, hat eine Innenh\u00f6he von 15 cm und eine Tiefe von 23 bis 36 cm. Geeignete Matratzenh\u00f6he betr\u00e4gt max 25 cm. Wenn Sie h\u00f6her haben, lassen Sie es uns wissen.<\/p>\n<p>Hergestellt aus Birkensperrholz oder eichenfurniertem Sperrholz, \u00f6lgewachst, auch wei\u00dfes Koskisen-HPL auf Sperrholz. Inklusive Lattenrost aus Sperrholz. Die breiteren Betten haben auch ein St\u00fctzbein in der Mitte.<\/p>\n<p>Kollektion HUH wurde f\u00fcr den estnischen Designpreis Bruno 2014 nominiert.<\/p>\n","protected":false},"excerpt":{"rendered":"<p>Legen Sie sich dieses handfeste Bett zu und gehen Sie eine langj\u00e4hrige Beziehung ein. Ob Sie nun mit den Kindern oder dem Partner toben \u2013 HUH macht alles mit. Das Bett l\u00e4sst sich leicht aufbauen und sitzt in einem stabilen Rahmen. Das Kopfende ist gerade so geneigt, dass man im Bett bequem lesen kann. Der&#8230;<\/p>\n","protected":false},"featured_media":9068,"comment_status":"open","ping_status":"closed","template":"","meta":{"_acf_changed":false},"product_brand":[],"product_cat":[113],"product_tag":[],"class_list":{"0":"post-3353","1":"product","2":"type-product","3":"status-publish","4":"has-post-thumbnail","6":"product_cat-voodid","8":"first","9":"instock","10":"sale","11":"taxable","12":"shipping-taxable","13":"purchasable","14":"product-type-variable","15":"has-default-attributes"},"acf":[],"yoast_head":"<!-- This site is optimized with the Yoast SEO plugin v27.4 - https:\/\/yoast.com\/product\/yoast-seo-wordpress\/ -->\n<title>Bett HUH - Radis<\/title>\n<meta name=\"robots\" content=\"index, follow, max-snippet:-1, max-image-preview:large, max-video-preview:-1\" \/>\n<link rel=\"canonical\" href=\"https:\/\/radis.ee\/de\/bett-huh\/\" \/>\n<meta property=\"og:locale\" content=\"de_DE\" \/>\n<meta property=\"og:type\" content=\"article\" \/>\n<meta property=\"og:title\" content=\"Bett HUH - Radis\" \/>\n<meta property=\"og:description\" content=\"Legen Sie sich dieses handfeste Bett zu und gehen Sie eine langj\u00e4hrige Beziehung ein. Ob Sie nun mit den Kindern oder dem Partner toben \u2013 HUH macht alles mit. Das Bett l\u00e4sst sich leicht aufbauen und sitzt in einem stabilen Rahmen. Das Kopfende ist gerade so geneigt, dass man im Bett bequem lesen kann. Der...\" \/>\n<meta property=\"og:url\" content=\"https:\/\/radis.ee\/de\/bett-huh\/\" \/>\n<meta property=\"og:site_name\" content=\"Radis\" \/>\n<meta property=\"article:publisher\" content=\"https:\/\/www.facebook.com\/radisfurniture\/\" \/>\n<meta property=\"article:modified_time\" content=\"2024-01-31T20:08:41+00:00\" \/>\n<meta property=\"og:image\" content=\"https:\/\/radis.ee\/wp-content\/uploads\/2020\/10\/RADIS_bed_HUH_OAK_VENEERED_avafoto.jpg\" \/>\n\t<meta property=\"og:image:width\" content=\"1376\" \/>\n\t<meta property=\"og:image:height\" content=\"1867\" \/>\n\t<meta property=\"og:image:type\" content=\"image\/jpeg\" \/>\n<meta name=\"twitter:card\" content=\"summary_large_image\" \/>\n<meta name=\"twitter:label1\" content=\"Gesch\u00e4tzte Lesezeit\" \/>\n\t<meta name=\"twitter:data1\" content=\"1\u00a0Minute\" \/>\n<script type=\"application\/ld+json\" class=\"yoast-schema-graph\">{\"@context\":\"https:\\\/\\\/schema.org\",\"@graph\":[{\"@type\":\"WebPage\",\"@id\":\"https:\\\/\\\/radis.ee\\\/de\\\/bett-huh\\\/\",\"url\":\"https:\\\/\\\/radis.ee\\\/de\\\/bett-huh\\\/\",\"name\":\"Bett HUH - Radis\",\"isPartOf\":{\"@id\":\"https:\\\/\\\/radis.ee\\\/#website\"},\"primaryImageOfPage\":{\"@id\":\"https:\\\/\\\/radis.ee\\\/de\\\/bett-huh\\\/#primaryimage\"},\"image\":{\"@id\":\"https:\\\/\\\/radis.ee\\\/de\\\/bett-huh\\\/#primaryimage\"},\"thumbnailUrl\":\"https:\\\/\\\/radis.ee\\\/wp-content\\\/uploads\\\/2020\\\/10\\\/RADIS_bed_HUH_OAK_VENEERED_avafoto.jpg\",\"datePublished\":\"2022-09-12T21:28:05+00:00\",\"dateModified\":\"2024-01-31T20:08:41+00:00\",\"breadcrumb\":{\"@id\":\"https:\\\/\\\/radis.ee\\\/de\\\/bett-huh\\\/#breadcrumb\"},\"inLanguage\":\"de\",\"potentialAction\":[{\"@type\":\"ReadAction\",\"target\":[\"https:\\\/\\\/radis.ee\\\/de\\\/bett-huh\\\/\"]}]},{\"@type\":\"ImageObject\",\"inLanguage\":\"de\",\"@id\":\"https:\\\/\\\/radis.ee\\\/de\\\/bett-huh\\\/#primaryimage\",\"url\":\"https:\\\/\\\/radis.ee\\\/wp-content\\\/uploads\\\/2020\\\/10\\\/RADIS_bed_HUH_OAK_VENEERED_avafoto.jpg\",\"contentUrl\":\"https:\\\/\\\/radis.ee\\\/wp-content\\\/uploads\\\/2020\\\/10\\\/RADIS_bed_HUH_OAK_VENEERED_avafoto.jpg\",\"width\":1376,\"height\":1867,\"caption\":\"BED HUH OAK VENEERED\"},{\"@type\":\"BreadcrumbList\",\"@id\":\"https:\\\/\\\/radis.ee\\\/de\\\/bett-huh\\\/#breadcrumb\",\"itemListElement\":[{\"@type\":\"ListItem\",\"position\":1,\"name\":\"Home\",\"item\":\"https:\\\/\\\/radis.ee\\\/\"},{\"@type\":\"ListItem\",\"position\":2,\"name\":\"Produkte\",\"item\":\"https:\\\/\\\/radis.ee\\\/de\\\/produkte\\\/\"},{\"@type\":\"ListItem\",\"position\":3,\"name\":\"Bett HUH\"}]},{\"@type\":\"WebSite\",\"@id\":\"https:\\\/\\\/radis.ee\\\/#website\",\"url\":\"https:\\\/\\\/radis.ee\\\/\",\"name\":\"Radis\",\"description\":\"Nordic design furniture, environmentally friendly and sustainable.\",\"publisher\":{\"@id\":\"https:\\\/\\\/radis.ee\\\/#organization\"},\"potentialAction\":[{\"@type\":\"SearchAction\",\"target\":{\"@type\":\"EntryPoint\",\"urlTemplate\":\"https:\\\/\\\/radis.ee\\\/?s={search_term_string}\"},\"query-input\":{\"@type\":\"PropertyValueSpecification\",\"valueRequired\":true,\"valueName\":\"search_term_string\"}}],\"inLanguage\":\"de\"},{\"@type\":\"Organization\",\"@id\":\"https:\\\/\\\/radis.ee\\\/#organization\",\"name\":\"Radis O\u00dc\",\"url\":\"https:\\\/\\\/radis.ee\\\/\",\"logo\":{\"@type\":\"ImageObject\",\"inLanguage\":\"de\",\"@id\":\"https:\\\/\\\/radis.ee\\\/#\\\/schema\\\/logo\\\/image\\\/\",\"url\":\"https:\\\/\\\/radis.ee\\\/wp-content\\\/uploads\\\/2020\\\/10\\\/Radis-logo.png\",\"contentUrl\":\"https:\\\/\\\/radis.ee\\\/wp-content\\\/uploads\\\/2020\\\/10\\\/Radis-logo.png\",\"width\":300,\"height\":63,\"caption\":\"Radis O\u00dc\"},\"image\":{\"@id\":\"https:\\\/\\\/radis.ee\\\/#\\\/schema\\\/logo\\\/image\\\/\"},\"sameAs\":[\"https:\\\/\\\/www.facebook.com\\\/radisfurniture\\\/\"]}]}<\/script>\n<!-- \/ Yoast SEO plugin. -->","yoast_head_json":{"title":"Bett HUH - Radis","robots":{"index":"index","follow":"follow","max-snippet":"max-snippet:-1","max-image-preview":"max-image-preview:large","max-video-preview":"max-video-preview:-1"},"canonical":"https:\/\/radis.ee\/de\/bett-huh\/","og_locale":"de_DE","og_type":"article","og_title":"Bett HUH - Radis","og_description":"Legen Sie sich dieses handfeste Bett zu und gehen Sie eine langj\u00e4hrige Beziehung ein. Ob Sie nun mit den Kindern oder dem Partner toben \u2013 HUH macht alles mit. Das Bett l\u00e4sst sich leicht aufbauen und sitzt in einem stabilen Rahmen. Das Kopfende ist gerade so geneigt, dass man im Bett bequem lesen kann. Der...","og_url":"https:\/\/radis.ee\/de\/bett-huh\/","og_site_name":"Radis","article_publisher":"https:\/\/www.facebook.com\/radisfurniture\/","article_modified_time":"2024-01-31T20:08:41+00:00","og_image":[{"width":1376,"height":1867,"url":"https:\/\/radis.ee\/wp-content\/uploads\/2020\/10\/RADIS_bed_HUH_OAK_VENEERED_avafoto.jpg","type":"image\/jpeg"}],"twitter_card":"summary_large_image","twitter_misc":{"Gesch\u00e4tzte Lesezeit":"1\u00a0Minute"},"schema":{"@context":"https:\/\/schema.org","@graph":[{"@type":"WebPage","@id":"https:\/\/radis.ee\/de\/bett-huh\/","url":"https:\/\/radis.ee\/de\/bett-huh\/","name":"Bett HUH - Radis","isPartOf":{"@id":"https:\/\/radis.ee\/#website"},"primaryImageOfPage":{"@id":"https:\/\/radis.ee\/de\/bett-huh\/#primaryimage"},"image":{"@id":"https:\/\/radis.ee\/de\/bett-huh\/#primaryimage"},"thumbnailUrl":"https:\/\/radis.ee\/wp-content\/uploads\/2020\/10\/RADIS_bed_HUH_OAK_VENEERED_avafoto.jpg","datePublished":"2022-09-12T21:28:05+00:00","dateModified":"2024-01-31T20:08:41+00:00","breadcrumb":{"@id":"https:\/\/radis.ee\/de\/bett-huh\/#breadcrumb"},"inLanguage":"de","potentialAction":[{"@type":"ReadAction","target":["https:\/\/radis.ee\/de\/bett-huh\/"]}]},{"@type":"ImageObject","inLanguage":"de","@id":"https:\/\/radis.ee\/de\/bett-huh\/#primaryimage","url":"https:\/\/radis.ee\/wp-content\/uploads\/2020\/10\/RADIS_bed_HUH_OAK_VENEERED_avafoto.jpg","contentUrl":"https:\/\/radis.ee\/wp-content\/uploads\/2020\/10\/RADIS_bed_HUH_OAK_VENEERED_avafoto.jpg","width":1376,"height":1867,"caption":"BED HUH OAK VENEERED"},{"@type":"BreadcrumbList","@id":"https:\/\/radis.ee\/de\/bett-huh\/#breadcrumb","itemListElement":[{"@type":"ListItem","position":1,"name":"Home","item":"https:\/\/radis.ee\/"},{"@type":"ListItem","position":2,"name":"Produkte","item":"https:\/\/radis.ee\/de\/produkte\/"},{"@type":"ListItem","position":3,"name":"Bett HUH"}]},{"@type":"WebSite","@id":"https:\/\/radis.ee\/#website","url":"https:\/\/radis.ee\/","name":"Radis","description":"Nordic design furniture, environmentally friendly and sustainable.","publisher":{"@id":"https:\/\/radis.ee\/#organization"},"potentialAction":[{"@type":"SearchAction","target":{"@type":"EntryPoint","urlTemplate":"https:\/\/radis.ee\/?s={search_term_string}"},"query-input":{"@type":"PropertyValueSpecification","valueRequired":true,"valueName":"search_term_string"}}],"inLanguage":"de"},{"@type":"Organization","@id":"https:\/\/radis.ee\/#organization","name":"Radis O\u00dc","url":"https:\/\/radis.ee\/","logo":{"@type":"ImageObject","inLanguage":"de","@id":"https:\/\/radis.ee\/#\/schema\/logo\/image\/","url":"https:\/\/radis.ee\/wp-content\/uploads\/2020\/10\/Radis-logo.png","contentUrl":"https:\/\/radis.ee\/wp-content\/uploads\/2020\/10\/Radis-logo.png","width":300,"height":63,"caption":"Radis O\u00dc"},"image":{"@id":"https:\/\/radis.ee\/#\/schema\/logo\/image\/"},"sameAs":["https:\/\/www.facebook.com\/radisfurniture\/"]}]}},"_links":{"self":[{"href":"https:\/\/radis.ee\/de\/wp-json\/wp\/v2\/product\/3353","targetHints":{"allow":["GET"]}}],"collection":[{"href":"https:\/\/radis.ee\/de\/wp-json\/wp\/v2\/product"}],"about":[{"href":"https:\/\/radis.ee\/de\/wp-json\/wp\/v2\/types\/product"}],"replies":[{"embeddable":true,"href":"https:\/\/radis.ee\/de\/wp-json\/wp\/v2\/comments?post=3353"}],"wp:featuredmedia":[{"embeddable":true,"href":"https:\/\/radis.ee\/de\/wp-json\/wp\/v2\/media\/9068"}],"wp:attachment":[{"href":"https:\/\/radis.ee\/de\/wp-json\/wp\/v2\/media?parent=3353"}],"wp:term":[{"taxonomy":"product_brand","embeddable":true,"href":"https:\/\/radis.ee\/de\/wp-json\/wp\/v2\/product_brand?post=3353"},{"taxonomy":"product_cat","embeddable":true,"href":"https:\/\/radis.ee\/de\/wp-json\/wp\/v2\/product_cat?post=3353"},{"taxonomy":"product_tag","embeddable":true,"href":"https:\/\/radis.ee\/de\/wp-json\/wp\/v2\/product_tag?post=3353"}],"curies":[{"name":"wp","href":"https:\/\/api.w.org\/{rel}","templated":true}]}}