{"id":3446,"date":"2020-05-01T12:19:16","date_gmt":"2020-10-04T09:19:16","guid":{"rendered":"https:\/\/radis.ee\/unkategorisiert\/schreibtisch-noble\/"},"modified":"2020-11-03T21:43:55","modified_gmt":"2020-11-03T19:43:55","slug":"schreibtisch-noble","status":"publish","type":"product","link":"https:\/\/radis.ee\/de\/schreibtisch-noble\/","title":{"rendered":"Schreibtisch NOBLE"},"content":{"rendered":"<p>Dieser Schreibtisch aus der Noble-Serie hat eine clevere Seitenfl\u00e4che, auf der Sie Ihren Drucker, Ihre Pflanzen oder Ihr Schnurren verstauen k\u00f6nnen Katze, die liebt zu sehen, wie Sie arbeiten.<\/p>\n<p>Alle anderen Qualit\u00e4ten sind genauso gut wie Der Rest der Noble-Serie hat Produkte. Sehr haltbares Hochdrucklaminat (HPL &#8211; wei\u00df RAL 9003 oder hellgrau RAL 7042) oder nat\u00fcrliches Forbo-Linoleum auf Sperrholz bedeckt die Tischplatte. Dieser Tisch ist der Ort Hinter denen sich Ihre beruflichen Ambitionen und Tr\u00e4ume verwirklichen lassen.<\/p>\n<p>Verborgene Soft-Close-Schubladenschienen. Die Innenma\u00dfe der NOBLE Schreibtischschublade betragen 48x64cm, die Innenh\u00f6he 5cm. Pulverbeschichtete Metallbeine, Schatten Atracite.<\/p>\n<p>Der NOBLE Tisch ist bereits montiert, nur die Beine m\u00fcssen befestigt werden.<\/p>\n<p>Die NOBLE-Serie erreichte die zweite Runde des Estonian Design Award Bruno 2020.<\/p>\n","protected":false},"excerpt":{"rendered":"<p>Dieser Schreibtisch aus der Noble-Serie hat eine clevere Seitenfl\u00e4che, auf der Sie Ihren Drucker, Ihre Pflanzen oder Ihr Schnurren verstauen k\u00f6nnen Katze, die liebt zu sehen, wie Sie arbeiten. Alle anderen Qualit\u00e4ten sind genauso gut wie Der Rest der Noble-Serie hat Produkte. Sehr haltbares Hochdrucklaminat (HPL &#8211; wei\u00df RAL 9003 oder hellgrau RAL 7042) oder&#8230;<\/p>\n","protected":false},"featured_media":1645,"comment_status":"open","ping_status":"closed","template":"","meta":{"_acf_changed":false},"product_brand":[],"product_cat":[],"product_tag":[],"class_list":{"0":"post-3446","1":"product","2":"type-product","3":"status-publish","4":"has-post-thumbnail","7":"first","8":"instock","9":"taxable","10":"shipping-taxable","11":"purchasable","12":"product-type-variable"},"acf":[],"yoast_head":"<!-- This site is optimized with the Yoast SEO plugin v27.4 - https:\/\/yoast.com\/product\/yoast-seo-wordpress\/ -->\n<title>Schreibtisch NOBLE - Radis<\/title>\n<meta name=\"robots\" content=\"index, follow, max-snippet:-1, max-image-preview:large, max-video-preview:-1\" \/>\n<link rel=\"canonical\" href=\"https:\/\/radis.ee\/de\/schreibtisch-noble\/\" \/>\n<meta property=\"og:locale\" content=\"de_DE\" \/>\n<meta property=\"og:type\" content=\"article\" \/>\n<meta property=\"og:title\" content=\"Schreibtisch NOBLE - Radis\" \/>\n<meta property=\"og:description\" content=\"Dieser Schreibtisch aus der Noble-Serie hat eine clevere Seitenfl\u00e4che, auf der Sie Ihren Drucker, Ihre Pflanzen oder Ihr Schnurren verstauen k\u00f6nnen Katze, die liebt zu sehen, wie Sie arbeiten. Alle anderen Qualit\u00e4ten sind genauso gut wie Der Rest der Noble-Serie hat Produkte. Sehr haltbares Hochdrucklaminat (HPL &#8211; wei\u00df RAL 9003 oder hellgrau RAL 7042) oder...\" \/>\n<meta property=\"og:url\" content=\"https:\/\/radis.ee\/de\/schreibtisch-noble\/\" \/>\n<meta property=\"og:site_name\" content=\"Radis\" \/>\n<meta property=\"article:publisher\" content=\"https:\/\/www.facebook.com\/radisfurniture\/\" \/>\n<meta property=\"article:modified_time\" content=\"2020-11-03T19:43:55+00:00\" \/>\n<meta property=\"og:image\" content=\"https:\/\/radis.ee\/wp-content\/uploads\/2020\/09\/RA0635-Radis-desk-NOBLE-oak-plywood-olive-linoleum-print-scaled.jpg\" \/>\n\t<meta property=\"og:image:width\" content=\"5300\" \/>\n\t<meta property=\"og:image:height\" content=\"5300\" \/>\n\t<meta property=\"og:image:type\" content=\"image\/jpeg\" \/>\n<meta name=\"twitter:card\" content=\"summary_large_image\" \/>\n<meta name=\"twitter:label1\" content=\"Gesch\u00e4tzte Lesezeit\" \/>\n\t<meta name=\"twitter:data1\" content=\"1\u00a0Minute\" \/>\n<script type=\"application\/ld+json\" class=\"yoast-schema-graph\">{\"@context\":\"https:\\\/\\\/schema.org\",\"@graph\":[{\"@type\":\"WebPage\",\"@id\":\"https:\\\/\\\/radis.ee\\\/de\\\/schreibtisch-noble\\\/\",\"url\":\"https:\\\/\\\/radis.ee\\\/de\\\/schreibtisch-noble\\\/\",\"name\":\"Schreibtisch NOBLE - Radis\",\"isPartOf\":{\"@id\":\"https:\\\/\\\/radis.ee\\\/#website\"},\"primaryImageOfPage\":{\"@id\":\"https:\\\/\\\/radis.ee\\\/de\\\/schreibtisch-noble\\\/#primaryimage\"},\"image\":{\"@id\":\"https:\\\/\\\/radis.ee\\\/de\\\/schreibtisch-noble\\\/#primaryimage\"},\"thumbnailUrl\":\"https:\\\/\\\/radis.ee\\\/wp-content\\\/uploads\\\/2020\\\/09\\\/RA0635-Radis-desk-NOBLE-oak-plywood-olive-linoleum-print-scaled.jpg\",\"datePublished\":\"2020-10-04T09:19:16+00:00\",\"dateModified\":\"2020-11-03T19:43:55+00:00\",\"breadcrumb\":{\"@id\":\"https:\\\/\\\/radis.ee\\\/de\\\/schreibtisch-noble\\\/#breadcrumb\"},\"inLanguage\":\"de\",\"potentialAction\":[{\"@type\":\"ReadAction\",\"target\":[\"https:\\\/\\\/radis.ee\\\/de\\\/schreibtisch-noble\\\/\"]}]},{\"@type\":\"ImageObject\",\"inLanguage\":\"de\",\"@id\":\"https:\\\/\\\/radis.ee\\\/de\\\/schreibtisch-noble\\\/#primaryimage\",\"url\":\"https:\\\/\\\/radis.ee\\\/wp-content\\\/uploads\\\/2020\\\/09\\\/RA0635-Radis-desk-NOBLE-oak-plywood-olive-linoleum-print-scaled.jpg\",\"contentUrl\":\"https:\\\/\\\/radis.ee\\\/wp-content\\\/uploads\\\/2020\\\/09\\\/RA0635-Radis-desk-NOBLE-oak-plywood-olive-linoleum-print-scaled.jpg\",\"width\":5300,\"height\":5300,\"caption\":\"DESK NOBLE\"},{\"@type\":\"BreadcrumbList\",\"@id\":\"https:\\\/\\\/radis.ee\\\/de\\\/schreibtisch-noble\\\/#breadcrumb\",\"itemListElement\":[{\"@type\":\"ListItem\",\"position\":1,\"name\":\"Home\",\"item\":\"https:\\\/\\\/radis.ee\\\/\"},{\"@type\":\"ListItem\",\"position\":2,\"name\":\"Produkte\",\"item\":\"https:\\\/\\\/radis.ee\\\/de\\\/produkte\\\/\"},{\"@type\":\"ListItem\",\"position\":3,\"name\":\"Schreibtisch NOBLE\"}]},{\"@type\":\"WebSite\",\"@id\":\"https:\\\/\\\/radis.ee\\\/#website\",\"url\":\"https:\\\/\\\/radis.ee\\\/\",\"name\":\"Radis\",\"description\":\"Nordic design furniture, environmentally friendly and sustainable.\",\"publisher\":{\"@id\":\"https:\\\/\\\/radis.ee\\\/#organization\"},\"potentialAction\":[{\"@type\":\"SearchAction\",\"target\":{\"@type\":\"EntryPoint\",\"urlTemplate\":\"https:\\\/\\\/radis.ee\\\/?s={search_term_string}\"},\"query-input\":{\"@type\":\"PropertyValueSpecification\",\"valueRequired\":true,\"valueName\":\"search_term_string\"}}],\"inLanguage\":\"de\"},{\"@type\":\"Organization\",\"@id\":\"https:\\\/\\\/radis.ee\\\/#organization\",\"name\":\"Radis O\u00dc\",\"url\":\"https:\\\/\\\/radis.ee\\\/\",\"logo\":{\"@type\":\"ImageObject\",\"inLanguage\":\"de\",\"@id\":\"https:\\\/\\\/radis.ee\\\/#\\\/schema\\\/logo\\\/image\\\/\",\"url\":\"https:\\\/\\\/radis.ee\\\/wp-content\\\/uploads\\\/2020\\\/10\\\/Radis-logo.png\",\"contentUrl\":\"https:\\\/\\\/radis.ee\\\/wp-content\\\/uploads\\\/2020\\\/10\\\/Radis-logo.png\",\"width\":300,\"height\":63,\"caption\":\"Radis O\u00dc\"},\"image\":{\"@id\":\"https:\\\/\\\/radis.ee\\\/#\\\/schema\\\/logo\\\/image\\\/\"},\"sameAs\":[\"https:\\\/\\\/www.facebook.com\\\/radisfurniture\\\/\"]}]}<\/script>\n<!-- \/ Yoast SEO plugin. -->","yoast_head_json":{"title":"Schreibtisch NOBLE - Radis","robots":{"index":"index","follow":"follow","max-snippet":"max-snippet:-1","max-image-preview":"max-image-preview:large","max-video-preview":"max-video-preview:-1"},"canonical":"https:\/\/radis.ee\/de\/schreibtisch-noble\/","og_locale":"de_DE","og_type":"article","og_title":"Schreibtisch NOBLE - Radis","og_description":"Dieser Schreibtisch aus der Noble-Serie hat eine clevere Seitenfl\u00e4che, auf der Sie Ihren Drucker, Ihre Pflanzen oder Ihr Schnurren verstauen k\u00f6nnen Katze, die liebt zu sehen, wie Sie arbeiten. Alle anderen Qualit\u00e4ten sind genauso gut wie Der Rest der Noble-Serie hat Produkte. Sehr haltbares Hochdrucklaminat (HPL &#8211; wei\u00df RAL 9003 oder hellgrau RAL 7042) oder...","og_url":"https:\/\/radis.ee\/de\/schreibtisch-noble\/","og_site_name":"Radis","article_publisher":"https:\/\/www.facebook.com\/radisfurniture\/","article_modified_time":"2020-11-03T19:43:55+00:00","og_image":[{"width":5300,"height":5300,"url":"https:\/\/radis.ee\/wp-content\/uploads\/2020\/09\/RA0635-Radis-desk-NOBLE-oak-plywood-olive-linoleum-print-scaled.jpg","type":"image\/jpeg"}],"twitter_card":"summary_large_image","twitter_misc":{"Gesch\u00e4tzte Lesezeit":"1\u00a0Minute"},"schema":{"@context":"https:\/\/schema.org","@graph":[{"@type":"WebPage","@id":"https:\/\/radis.ee\/de\/schreibtisch-noble\/","url":"https:\/\/radis.ee\/de\/schreibtisch-noble\/","name":"Schreibtisch NOBLE - Radis","isPartOf":{"@id":"https:\/\/radis.ee\/#website"},"primaryImageOfPage":{"@id":"https:\/\/radis.ee\/de\/schreibtisch-noble\/#primaryimage"},"image":{"@id":"https:\/\/radis.ee\/de\/schreibtisch-noble\/#primaryimage"},"thumbnailUrl":"https:\/\/radis.ee\/wp-content\/uploads\/2020\/09\/RA0635-Radis-desk-NOBLE-oak-plywood-olive-linoleum-print-scaled.jpg","datePublished":"2020-10-04T09:19:16+00:00","dateModified":"2020-11-03T19:43:55+00:00","breadcrumb":{"@id":"https:\/\/radis.ee\/de\/schreibtisch-noble\/#breadcrumb"},"inLanguage":"de","potentialAction":[{"@type":"ReadAction","target":["https:\/\/radis.ee\/de\/schreibtisch-noble\/"]}]},{"@type":"ImageObject","inLanguage":"de","@id":"https:\/\/radis.ee\/de\/schreibtisch-noble\/#primaryimage","url":"https:\/\/radis.ee\/wp-content\/uploads\/2020\/09\/RA0635-Radis-desk-NOBLE-oak-plywood-olive-linoleum-print-scaled.jpg","contentUrl":"https:\/\/radis.ee\/wp-content\/uploads\/2020\/09\/RA0635-Radis-desk-NOBLE-oak-plywood-olive-linoleum-print-scaled.jpg","width":5300,"height":5300,"caption":"DESK NOBLE"},{"@type":"BreadcrumbList","@id":"https:\/\/radis.ee\/de\/schreibtisch-noble\/#breadcrumb","itemListElement":[{"@type":"ListItem","position":1,"name":"Home","item":"https:\/\/radis.ee\/"},{"@type":"ListItem","position":2,"name":"Produkte","item":"https:\/\/radis.ee\/de\/produkte\/"},{"@type":"ListItem","position":3,"name":"Schreibtisch NOBLE"}]},{"@type":"WebSite","@id":"https:\/\/radis.ee\/#website","url":"https:\/\/radis.ee\/","name":"Radis","description":"Nordic design furniture, environmentally friendly and sustainable.","publisher":{"@id":"https:\/\/radis.ee\/#organization"},"potentialAction":[{"@type":"SearchAction","target":{"@type":"EntryPoint","urlTemplate":"https:\/\/radis.ee\/?s={search_term_string}"},"query-input":{"@type":"PropertyValueSpecification","valueRequired":true,"valueName":"search_term_string"}}],"inLanguage":"de"},{"@type":"Organization","@id":"https:\/\/radis.ee\/#organization","name":"Radis O\u00dc","url":"https:\/\/radis.ee\/","logo":{"@type":"ImageObject","inLanguage":"de","@id":"https:\/\/radis.ee\/#\/schema\/logo\/image\/","url":"https:\/\/radis.ee\/wp-content\/uploads\/2020\/10\/Radis-logo.png","contentUrl":"https:\/\/radis.ee\/wp-content\/uploads\/2020\/10\/Radis-logo.png","width":300,"height":63,"caption":"Radis O\u00dc"},"image":{"@id":"https:\/\/radis.ee\/#\/schema\/logo\/image\/"},"sameAs":["https:\/\/www.facebook.com\/radisfurniture\/"]}]}},"_links":{"self":[{"href":"https:\/\/radis.ee\/de\/wp-json\/wp\/v2\/product\/3446","targetHints":{"allow":["GET"]}}],"collection":[{"href":"https:\/\/radis.ee\/de\/wp-json\/wp\/v2\/product"}],"about":[{"href":"https:\/\/radis.ee\/de\/wp-json\/wp\/v2\/types\/product"}],"replies":[{"embeddable":true,"href":"https:\/\/radis.ee\/de\/wp-json\/wp\/v2\/comments?post=3446"}],"wp:featuredmedia":[{"embeddable":true,"href":"https:\/\/radis.ee\/de\/wp-json\/wp\/v2\/media\/1645"}],"wp:attachment":[{"href":"https:\/\/radis.ee\/de\/wp-json\/wp\/v2\/media?parent=3446"}],"wp:term":[{"taxonomy":"product_brand","embeddable":true,"href":"https:\/\/radis.ee\/de\/wp-json\/wp\/v2\/product_brand?post=3446"},{"taxonomy":"product_cat","embeddable":true,"href":"https:\/\/radis.ee\/de\/wp-json\/wp\/v2\/product_cat?post=3446"},{"taxonomy":"product_tag","embeddable":true,"href":"https:\/\/radis.ee\/de\/wp-json\/wp\/v2\/product_tag?post=3446"}],"curies":[{"name":"wp","href":"https:\/\/api.w.org\/{rel}","templated":true}]}}