{"id":3507,"date":"2022-01-28T23:41:47","date_gmt":"2022-01-28T21:41:47","guid":{"rendered":"https:\/\/radis.ee\/unkategorisiert\/tv-stander-boxy-4-turen\/"},"modified":"2026-04-06T12:08:34","modified_gmt":"2026-04-06T09:08:34","slug":"tv-moebel-mit-vertikalen-wellen-riff","status":"publish","type":"product","link":"https:\/\/radis.ee\/de\/tv-moebel-mit-vertikalen-wellen-riff\/","title":{"rendered":"TV-M\u00f6bel mit vertikalen Wellen RIFF"},"content":{"rendered":"<p><strong>Ein Design, das Auge und Finger gleicherma\u00dfen erfreut:<\/strong> RIFF besticht durch seine rhythmisch geschwungene Front. Die vertikalen Fr\u00e4slinien erzeugen ein faszinierendes Licht- und Schattenspiel, das die Optik des M\u00f6bels im Laufe des Tages ver\u00e4ndert. Dank der ge\u00f6lten Wachsoberfl\u00e4che f\u00fchlt sich das Holz seidenweich an und bewahrt die W\u00e4rme und Authentizit\u00e4t der Eiche.<\/p>\n<p><strong>Material und Langlebigkeit<\/strong> \u2013 wir machen keine Kompromisse bei der Qualit\u00e4t. RIFF besteht aus Birkensperrholz mit hochwertigem Eichenfurnier. Die T\u00fcren verf\u00fcgen \u00fcber Nuten in den Eichenleisten. Diese Kombination garantiert Stabilit\u00e4t und Langlebigkeit.<\/p>\n<p><strong>W\u00e4hlen Sie Ihren Stil:<\/strong> Je nach Gr\u00f6\u00dfe und Bed\u00fcrfnissen Ihres Zuhauses ist RIFF in zwei Ausf\u00fchrungen und Farbvarianten erh\u00e4ltlich:<\/p>\n<p>Kompaktes 4-t\u00fcriges Modell: Ideal f\u00fcr mittelgro\u00dfe Wohnungen.<\/p>\n<p>Massives 6-t\u00fcriges Modell: Ein echter Blickfang f\u00fcr ein gro\u00dfes Wohnzimmer.<\/p>\n<p><strong>Ausf\u00fchrung:<\/strong> W\u00e4hlen Sie helle Eiche natur f\u00fcr eine warme und gem\u00fctliche Atmosph\u00e4re oder schwarze Beize, wenn Sie Ihrem Interieur einen Hauch moderner Dramatik verleihen m\u00f6chten.<\/p>\n<p><strong>Warum der TV-St\u00e4nder RIFF?<\/strong><\/p>\n<p><strong>Klare Linienf\u00fchrung:<\/strong> Das vertikale, lineare Rillenmuster kaschiert die Spalten zwischen den T\u00fcren.<\/p>\n<p><strong>Push-to-Open-System:<\/strong> Griffloses Design \u2013 die T\u00fcren \u00f6ffnen sich mit einem leichten Druck.<\/p>\n<p><strong>Nachhaltiges Design:<\/strong> Hergestellt aus umweltfreundlichen Materialien in Estland.<\/p>\n<p><strong>Pflegeleicht:<\/strong> Hochwertiges \u00d6lwachs sch\u00fctzt die Oberfl\u00e4che und erleichtert die Reinigung.<\/p>\n<p>Gefertigt aus eichenfurniertem Birkensperrholz, Rillen in den T\u00fcren aus Eichenleisten, \u00f6lgewachst, auch in schwarzer Beize erh\u00e4ltlich. Push-to-Open-T\u00fcren, Soft-Close-Scharniere. Optionale Einlegeb\u00f6den hinter den T\u00fcren. Der 8 cm hohe Sockel unter dem TV-St\u00e4nder ist mit verschiedenen Fu\u00dfleisten kompatibel.<\/p>\n","protected":false},"excerpt":{"rendered":"<p>Ein Design, das Auge und Finger gleicherma\u00dfen erfreut: RIFF besticht durch seine rhythmisch geschwungene Front. Die vertikalen Fr\u00e4slinien erzeugen ein faszinierendes Licht- und Schattenspiel, das die Optik des M\u00f6bels im Laufe des Tages ver\u00e4ndert. Dank der ge\u00f6lten Wachsoberfl\u00e4che f\u00fchlt sich das Holz seidenweich an und bewahrt die W\u00e4rme und Authentizit\u00e4t der Eiche. Material und Langlebigkeit&#8230;<\/p>\n","protected":false},"featured_media":31704,"comment_status":"open","ping_status":"closed","template":"","meta":{"_acf_changed":false},"product_brand":[],"product_cat":[299],"product_tag":[],"class_list":{"0":"post-3507","1":"product","2":"type-product","3":"status-publish","4":"has-post-thumbnail","6":"product_cat-tv-schranke","8":"first","9":"instock","10":"taxable","11":"shipping-taxable","12":"purchasable","13":"product-type-variable","14":"has-default-attributes"},"acf":[],"yoast_head":"<!-- This site is optimized with the Yoast SEO plugin v27.4 - https:\/\/yoast.com\/product\/yoast-seo-wordpress\/ -->\n<title>TV-M\u00f6bel mit vertikalen Wellen RIFF - Radis<\/title>\n<meta name=\"robots\" content=\"index, follow, max-snippet:-1, max-image-preview:large, max-video-preview:-1\" \/>\n<link rel=\"canonical\" href=\"https:\/\/radis.ee\/de\/tv-moebel-mit-vertikalen-wellen-riff\/\" \/>\n<meta property=\"og:locale\" content=\"de_DE\" \/>\n<meta property=\"og:type\" content=\"article\" \/>\n<meta property=\"og:title\" content=\"TV-M\u00f6bel mit vertikalen Wellen RIFF - Radis\" \/>\n<meta property=\"og:description\" content=\"Ein Design, das Auge und Finger gleicherma\u00dfen erfreut: RIFF besticht durch seine rhythmisch geschwungene Front. Die vertikalen Fr\u00e4slinien erzeugen ein faszinierendes Licht- und Schattenspiel, das die Optik des M\u00f6bels im Laufe des Tages ver\u00e4ndert. Dank der ge\u00f6lten Wachsoberfl\u00e4che f\u00fchlt sich das Holz seidenweich an und bewahrt die W\u00e4rme und Authentizit\u00e4t der Eiche. Material und Langlebigkeit...\" \/>\n<meta property=\"og:url\" content=\"https:\/\/radis.ee\/de\/tv-moebel-mit-vertikalen-wellen-riff\/\" \/>\n<meta property=\"og:site_name\" content=\"Radis\" \/>\n<meta property=\"article:publisher\" content=\"https:\/\/www.facebook.com\/radisfurniture\/\" \/>\n<meta property=\"article:modified_time\" content=\"2026-04-06T09:08:34+00:00\" \/>\n<meta property=\"og:image\" content=\"https:\/\/radis.ee\/wp-content\/uploads\/2022\/01\/Radis_Furniture_TV_stand_RIFF_6_doors_218cm_Oak_veneered_plywood_oilwaxed_vertical_wavy_lines_white_background_4.webp\" \/>\n\t<meta property=\"og:image:width\" content=\"763\" \/>\n\t<meta property=\"og:image:height\" content=\"882\" \/>\n\t<meta property=\"og:image:type\" content=\"image\/webp\" \/>\n<meta name=\"twitter:card\" content=\"summary_large_image\" \/>\n<meta name=\"twitter:label1\" content=\"Gesch\u00e4tzte Lesezeit\" \/>\n\t<meta name=\"twitter:data1\" content=\"2\u00a0Minuten\" \/>\n<script type=\"application\/ld+json\" class=\"yoast-schema-graph\">{\"@context\":\"https:\\\/\\\/schema.org\",\"@graph\":[{\"@type\":\"WebPage\",\"@id\":\"https:\\\/\\\/radis.ee\\\/de\\\/tv-moebel-mit-vertikalen-wellen-riff\\\/\",\"url\":\"https:\\\/\\\/radis.ee\\\/de\\\/tv-moebel-mit-vertikalen-wellen-riff\\\/\",\"name\":\"TV-M\u00f6bel mit vertikalen Wellen RIFF - Radis\",\"isPartOf\":{\"@id\":\"https:\\\/\\\/radis.ee\\\/#website\"},\"primaryImageOfPage\":{\"@id\":\"https:\\\/\\\/radis.ee\\\/de\\\/tv-moebel-mit-vertikalen-wellen-riff\\\/#primaryimage\"},\"image\":{\"@id\":\"https:\\\/\\\/radis.ee\\\/de\\\/tv-moebel-mit-vertikalen-wellen-riff\\\/#primaryimage\"},\"thumbnailUrl\":\"https:\\\/\\\/radis.ee\\\/wp-content\\\/uploads\\\/2022\\\/01\\\/Radis_Furniture_TV_stand_RIFF_6_doors_218cm_Oak_veneered_plywood_oilwaxed_vertical_wavy_lines_white_background_4.webp\",\"datePublished\":\"2022-01-28T21:41:47+00:00\",\"dateModified\":\"2026-04-06T09:08:34+00:00\",\"breadcrumb\":{\"@id\":\"https:\\\/\\\/radis.ee\\\/de\\\/tv-moebel-mit-vertikalen-wellen-riff\\\/#breadcrumb\"},\"inLanguage\":\"de\",\"potentialAction\":[{\"@type\":\"ReadAction\",\"target\":[\"https:\\\/\\\/radis.ee\\\/de\\\/tv-moebel-mit-vertikalen-wellen-riff\\\/\"]}]},{\"@type\":\"ImageObject\",\"inLanguage\":\"de\",\"@id\":\"https:\\\/\\\/radis.ee\\\/de\\\/tv-moebel-mit-vertikalen-wellen-riff\\\/#primaryimage\",\"url\":\"https:\\\/\\\/radis.ee\\\/wp-content\\\/uploads\\\/2022\\\/01\\\/Radis_Furniture_TV_stand_RIFF_6_doors_218cm_Oak_veneered_plywood_oilwaxed_vertical_wavy_lines_white_background_4.webp\",\"contentUrl\":\"https:\\\/\\\/radis.ee\\\/wp-content\\\/uploads\\\/2022\\\/01\\\/Radis_Furniture_TV_stand_RIFF_6_doors_218cm_Oak_veneered_plywood_oilwaxed_vertical_wavy_lines_white_background_4.webp\",\"width\":763,\"height\":882,\"caption\":\"Radis Furniture TV-stand RIFF Oak veneered plywood vertical wavy lines\"},{\"@type\":\"BreadcrumbList\",\"@id\":\"https:\\\/\\\/radis.ee\\\/de\\\/tv-moebel-mit-vertikalen-wellen-riff\\\/#breadcrumb\",\"itemListElement\":[{\"@type\":\"ListItem\",\"position\":1,\"name\":\"Home\",\"item\":\"https:\\\/\\\/radis.ee\\\/\"},{\"@type\":\"ListItem\",\"position\":2,\"name\":\"Produkte\",\"item\":\"https:\\\/\\\/radis.ee\\\/de\\\/produkte\\\/\"},{\"@type\":\"ListItem\",\"position\":3,\"name\":\"TV-M\u00f6bel mit vertikalen Wellen RIFF\"}]},{\"@type\":\"WebSite\",\"@id\":\"https:\\\/\\\/radis.ee\\\/#website\",\"url\":\"https:\\\/\\\/radis.ee\\\/\",\"name\":\"Radis\",\"description\":\"Nordic design furniture, environmentally friendly and sustainable.\",\"publisher\":{\"@id\":\"https:\\\/\\\/radis.ee\\\/#organization\"},\"potentialAction\":[{\"@type\":\"SearchAction\",\"target\":{\"@type\":\"EntryPoint\",\"urlTemplate\":\"https:\\\/\\\/radis.ee\\\/?s={search_term_string}\"},\"query-input\":{\"@type\":\"PropertyValueSpecification\",\"valueRequired\":true,\"valueName\":\"search_term_string\"}}],\"inLanguage\":\"de\"},{\"@type\":\"Organization\",\"@id\":\"https:\\\/\\\/radis.ee\\\/#organization\",\"name\":\"Radis O\u00dc\",\"url\":\"https:\\\/\\\/radis.ee\\\/\",\"logo\":{\"@type\":\"ImageObject\",\"inLanguage\":\"de\",\"@id\":\"https:\\\/\\\/radis.ee\\\/#\\\/schema\\\/logo\\\/image\\\/\",\"url\":\"https:\\\/\\\/radis.ee\\\/wp-content\\\/uploads\\\/2020\\\/10\\\/Radis-logo.png\",\"contentUrl\":\"https:\\\/\\\/radis.ee\\\/wp-content\\\/uploads\\\/2020\\\/10\\\/Radis-logo.png\",\"width\":300,\"height\":63,\"caption\":\"Radis O\u00dc\"},\"image\":{\"@id\":\"https:\\\/\\\/radis.ee\\\/#\\\/schema\\\/logo\\\/image\\\/\"},\"sameAs\":[\"https:\\\/\\\/www.facebook.com\\\/radisfurniture\\\/\"]}]}<\/script>\n<!-- \/ Yoast SEO plugin. -->","yoast_head_json":{"title":"TV-M\u00f6bel mit vertikalen Wellen RIFF - Radis","robots":{"index":"index","follow":"follow","max-snippet":"max-snippet:-1","max-image-preview":"max-image-preview:large","max-video-preview":"max-video-preview:-1"},"canonical":"https:\/\/radis.ee\/de\/tv-moebel-mit-vertikalen-wellen-riff\/","og_locale":"de_DE","og_type":"article","og_title":"TV-M\u00f6bel mit vertikalen Wellen RIFF - Radis","og_description":"Ein Design, das Auge und Finger gleicherma\u00dfen erfreut: RIFF besticht durch seine rhythmisch geschwungene Front. Die vertikalen Fr\u00e4slinien erzeugen ein faszinierendes Licht- und Schattenspiel, das die Optik des M\u00f6bels im Laufe des Tages ver\u00e4ndert. Dank der ge\u00f6lten Wachsoberfl\u00e4che f\u00fchlt sich das Holz seidenweich an und bewahrt die W\u00e4rme und Authentizit\u00e4t der Eiche. Material und Langlebigkeit...","og_url":"https:\/\/radis.ee\/de\/tv-moebel-mit-vertikalen-wellen-riff\/","og_site_name":"Radis","article_publisher":"https:\/\/www.facebook.com\/radisfurniture\/","article_modified_time":"2026-04-06T09:08:34+00:00","og_image":[{"width":763,"height":882,"url":"https:\/\/radis.ee\/wp-content\/uploads\/2022\/01\/Radis_Furniture_TV_stand_RIFF_6_doors_218cm_Oak_veneered_plywood_oilwaxed_vertical_wavy_lines_white_background_4.webp","type":"image\/webp"}],"twitter_card":"summary_large_image","twitter_misc":{"Gesch\u00e4tzte Lesezeit":"2\u00a0Minuten"},"schema":{"@context":"https:\/\/schema.org","@graph":[{"@type":"WebPage","@id":"https:\/\/radis.ee\/de\/tv-moebel-mit-vertikalen-wellen-riff\/","url":"https:\/\/radis.ee\/de\/tv-moebel-mit-vertikalen-wellen-riff\/","name":"TV-M\u00f6bel mit vertikalen Wellen RIFF - Radis","isPartOf":{"@id":"https:\/\/radis.ee\/#website"},"primaryImageOfPage":{"@id":"https:\/\/radis.ee\/de\/tv-moebel-mit-vertikalen-wellen-riff\/#primaryimage"},"image":{"@id":"https:\/\/radis.ee\/de\/tv-moebel-mit-vertikalen-wellen-riff\/#primaryimage"},"thumbnailUrl":"https:\/\/radis.ee\/wp-content\/uploads\/2022\/01\/Radis_Furniture_TV_stand_RIFF_6_doors_218cm_Oak_veneered_plywood_oilwaxed_vertical_wavy_lines_white_background_4.webp","datePublished":"2022-01-28T21:41:47+00:00","dateModified":"2026-04-06T09:08:34+00:00","breadcrumb":{"@id":"https:\/\/radis.ee\/de\/tv-moebel-mit-vertikalen-wellen-riff\/#breadcrumb"},"inLanguage":"de","potentialAction":[{"@type":"ReadAction","target":["https:\/\/radis.ee\/de\/tv-moebel-mit-vertikalen-wellen-riff\/"]}]},{"@type":"ImageObject","inLanguage":"de","@id":"https:\/\/radis.ee\/de\/tv-moebel-mit-vertikalen-wellen-riff\/#primaryimage","url":"https:\/\/radis.ee\/wp-content\/uploads\/2022\/01\/Radis_Furniture_TV_stand_RIFF_6_doors_218cm_Oak_veneered_plywood_oilwaxed_vertical_wavy_lines_white_background_4.webp","contentUrl":"https:\/\/radis.ee\/wp-content\/uploads\/2022\/01\/Radis_Furniture_TV_stand_RIFF_6_doors_218cm_Oak_veneered_plywood_oilwaxed_vertical_wavy_lines_white_background_4.webp","width":763,"height":882,"caption":"Radis Furniture TV-stand RIFF Oak veneered plywood vertical wavy lines"},{"@type":"BreadcrumbList","@id":"https:\/\/radis.ee\/de\/tv-moebel-mit-vertikalen-wellen-riff\/#breadcrumb","itemListElement":[{"@type":"ListItem","position":1,"name":"Home","item":"https:\/\/radis.ee\/"},{"@type":"ListItem","position":2,"name":"Produkte","item":"https:\/\/radis.ee\/de\/produkte\/"},{"@type":"ListItem","position":3,"name":"TV-M\u00f6bel mit vertikalen Wellen RIFF"}]},{"@type":"WebSite","@id":"https:\/\/radis.ee\/#website","url":"https:\/\/radis.ee\/","name":"Radis","description":"Nordic design furniture, environmentally friendly and sustainable.","publisher":{"@id":"https:\/\/radis.ee\/#organization"},"potentialAction":[{"@type":"SearchAction","target":{"@type":"EntryPoint","urlTemplate":"https:\/\/radis.ee\/?s={search_term_string}"},"query-input":{"@type":"PropertyValueSpecification","valueRequired":true,"valueName":"search_term_string"}}],"inLanguage":"de"},{"@type":"Organization","@id":"https:\/\/radis.ee\/#organization","name":"Radis O\u00dc","url":"https:\/\/radis.ee\/","logo":{"@type":"ImageObject","inLanguage":"de","@id":"https:\/\/radis.ee\/#\/schema\/logo\/image\/","url":"https:\/\/radis.ee\/wp-content\/uploads\/2020\/10\/Radis-logo.png","contentUrl":"https:\/\/radis.ee\/wp-content\/uploads\/2020\/10\/Radis-logo.png","width":300,"height":63,"caption":"Radis O\u00dc"},"image":{"@id":"https:\/\/radis.ee\/#\/schema\/logo\/image\/"},"sameAs":["https:\/\/www.facebook.com\/radisfurniture\/"]}]}},"_links":{"self":[{"href":"https:\/\/radis.ee\/de\/wp-json\/wp\/v2\/product\/3507","targetHints":{"allow":["GET"]}}],"collection":[{"href":"https:\/\/radis.ee\/de\/wp-json\/wp\/v2\/product"}],"about":[{"href":"https:\/\/radis.ee\/de\/wp-json\/wp\/v2\/types\/product"}],"replies":[{"embeddable":true,"href":"https:\/\/radis.ee\/de\/wp-json\/wp\/v2\/comments?post=3507"}],"wp:featuredmedia":[{"embeddable":true,"href":"https:\/\/radis.ee\/de\/wp-json\/wp\/v2\/media\/31704"}],"wp:attachment":[{"href":"https:\/\/radis.ee\/de\/wp-json\/wp\/v2\/media?parent=3507"}],"wp:term":[{"taxonomy":"product_brand","embeddable":true,"href":"https:\/\/radis.ee\/de\/wp-json\/wp\/v2\/product_brand?post=3507"},{"taxonomy":"product_cat","embeddable":true,"href":"https:\/\/radis.ee\/de\/wp-json\/wp\/v2\/product_cat?post=3507"},{"taxonomy":"product_tag","embeddable":true,"href":"https:\/\/radis.ee\/de\/wp-json\/wp\/v2\/product_tag?post=3507"}],"curies":[{"name":"wp","href":"https:\/\/api.w.org\/{rel}","templated":true}]}}