{"id":3532,"date":"2020-10-04T23:08:44","date_gmt":"2020-10-04T20:08:44","guid":{"rendered":"https:\/\/radis.ee\/unkategorisiert\/tv-stander-boxy-2-turen\/"},"modified":"2026-03-25T13:22:29","modified_gmt":"2026-03-25T11:22:29","slug":"tv-stander-boxy","status":"publish","type":"product","link":"https:\/\/radis.ee\/de\/tv-stander-boxy\/","title":{"rendered":"TV-St\u00e4nder BOXY"},"content":{"rendered":"<p>Beim Fernsehen w\u00fcnscht man sich nat\u00fcrlich auch dann einen sch\u00f6nen Anblick, wenn der Blick vom Bildschirm abschweift.<\/p>\n<p>Der TV-St\u00e4nder BOXY bietet genau das. Sein klares Design macht ihn zu einem zeitlosen Klassiker. Hinter den T\u00fcren l\u00e4sst sich alles verstauen, von B\u00fcchern bis hin zu Ihren Lieblingssnacks. Zwei h\u00f6henverstellbare Einlegeb\u00f6den befinden sich ebenfalls hinter den T\u00fcren. Die breitere Ausf\u00fchrung verf\u00fcgt \u00fcber eine 46 cm breite \u00d6ffnung mit einem verstellbaren Einlegeboden in der Mitte der T\u00fcren f\u00fcr Ihre Ger\u00e4te.<\/p>\n<p>Gefertigt aus eichenfurniertem, ge\u00f6ltem und gewachstem Birkensperrholz, optional auch auf wei\u00dfem HPL-Sperrholz. Mit Soft-Close-Scharnieren. Push-to-Open-T\u00fcren, schwarze T\u00fcrgriffe auf Anfrage. Unter dem TV-St\u00e4nder befindet sich ein 8 cm hoher Sockel, der zu verschiedenen Fu\u00dfleisten passt.<\/p>\n","protected":false},"excerpt":{"rendered":"<p>Beim Fernsehen w\u00fcnscht man sich nat\u00fcrlich auch dann einen sch\u00f6nen Anblick, wenn der Blick vom Bildschirm abschweift. Der TV-St\u00e4nder BOXY bietet genau das. Sein klares Design macht ihn zu einem zeitlosen Klassiker. Hinter den T\u00fcren l\u00e4sst sich alles verstauen, von B\u00fcchern bis hin zu Ihren Lieblingssnacks. Zwei h\u00f6henverstellbare Einlegeb\u00f6den befinden sich ebenfalls hinter den T\u00fcren&#8230;.<\/p>\n","protected":false},"featured_media":10893,"comment_status":"open","ping_status":"closed","template":"","meta":{"_acf_changed":false},"product_brand":[],"product_cat":[112],"product_tag":[],"class_list":{"0":"post-3532","1":"product","2":"type-product","3":"status-publish","4":"has-post-thumbnail","6":"product_cat-tv-alused","8":"first","9":"instock","10":"sale","11":"taxable","12":"shipping-taxable","13":"purchasable","14":"product-type-variable","15":"has-default-attributes"},"acf":[],"yoast_head":"<!-- This site is optimized with the Yoast SEO plugin v27.4 - https:\/\/yoast.com\/product\/yoast-seo-wordpress\/ -->\n<title>TV-St\u00e4nder BOXY - Radis<\/title>\n<meta name=\"robots\" content=\"index, follow, max-snippet:-1, max-image-preview:large, max-video-preview:-1\" \/>\n<link rel=\"canonical\" href=\"https:\/\/radis.ee\/de\/tv-stander-boxy\/\" \/>\n<meta property=\"og:locale\" content=\"de_DE\" \/>\n<meta property=\"og:type\" content=\"article\" \/>\n<meta property=\"og:title\" content=\"TV-St\u00e4nder BOXY - Radis\" \/>\n<meta property=\"og:description\" content=\"Beim Fernsehen w\u00fcnscht man sich nat\u00fcrlich auch dann einen sch\u00f6nen Anblick, wenn der Blick vom Bildschirm abschweift. Der TV-St\u00e4nder BOXY bietet genau das. Sein klares Design macht ihn zu einem zeitlosen Klassiker. Hinter den T\u00fcren l\u00e4sst sich alles verstauen, von B\u00fcchern bis hin zu Ihren Lieblingssnacks. Zwei h\u00f6henverstellbare Einlegeb\u00f6den befinden sich ebenfalls hinter den T\u00fcren....\" \/>\n<meta property=\"og:url\" content=\"https:\/\/radis.ee\/de\/tv-stander-boxy\/\" \/>\n<meta property=\"og:site_name\" content=\"Radis\" \/>\n<meta property=\"article:publisher\" content=\"https:\/\/www.facebook.com\/radisfurniture\/\" \/>\n<meta property=\"article:modified_time\" content=\"2026-03-25T11:22:29+00:00\" \/>\n<meta property=\"og:image\" content=\"https:\/\/radis.ee\/wp-content\/uploads\/2020\/10\/TVstand_BOXY_white_plywood-Radis-scaled.jpg\" \/>\n\t<meta property=\"og:image:width\" content=\"2150\" \/>\n\t<meta property=\"og:image:height\" content=\"2560\" \/>\n\t<meta property=\"og:image:type\" content=\"image\/jpeg\" \/>\n<meta name=\"twitter:card\" content=\"summary_large_image\" \/>\n<meta name=\"twitter:label1\" content=\"Gesch\u00e4tzte Lesezeit\" \/>\n\t<meta name=\"twitter:data1\" content=\"1\u00a0Minute\" \/>\n<script type=\"application\/ld+json\" class=\"yoast-schema-graph\">{\"@context\":\"https:\\\/\\\/schema.org\",\"@graph\":[{\"@type\":\"WebPage\",\"@id\":\"https:\\\/\\\/radis.ee\\\/de\\\/tv-stander-boxy\\\/\",\"url\":\"https:\\\/\\\/radis.ee\\\/de\\\/tv-stander-boxy\\\/\",\"name\":\"TV-St\u00e4nder BOXY - Radis\",\"isPartOf\":{\"@id\":\"https:\\\/\\\/radis.ee\\\/#website\"},\"primaryImageOfPage\":{\"@id\":\"https:\\\/\\\/radis.ee\\\/de\\\/tv-stander-boxy\\\/#primaryimage\"},\"image\":{\"@id\":\"https:\\\/\\\/radis.ee\\\/de\\\/tv-stander-boxy\\\/#primaryimage\"},\"thumbnailUrl\":\"https:\\\/\\\/radis.ee\\\/wp-content\\\/uploads\\\/2020\\\/10\\\/TVstand_BOXY_white_plywood-Radis-scaled.jpg\",\"datePublished\":\"2020-10-04T20:08:44+00:00\",\"dateModified\":\"2026-03-25T11:22:29+00:00\",\"breadcrumb\":{\"@id\":\"https:\\\/\\\/radis.ee\\\/de\\\/tv-stander-boxy\\\/#breadcrumb\"},\"inLanguage\":\"de\",\"potentialAction\":[{\"@type\":\"ReadAction\",\"target\":[\"https:\\\/\\\/radis.ee\\\/de\\\/tv-stander-boxy\\\/\"]}]},{\"@type\":\"ImageObject\",\"inLanguage\":\"de\",\"@id\":\"https:\\\/\\\/radis.ee\\\/de\\\/tv-stander-boxy\\\/#primaryimage\",\"url\":\"https:\\\/\\\/radis.ee\\\/wp-content\\\/uploads\\\/2020\\\/10\\\/TVstand_BOXY_white_plywood-Radis-scaled.jpg\",\"contentUrl\":\"https:\\\/\\\/radis.ee\\\/wp-content\\\/uploads\\\/2020\\\/10\\\/TVstand_BOXY_white_plywood-Radis-scaled.jpg\",\"width\":2150,\"height\":2560,\"caption\":\"RADIS TVSTAND BOXY 4 DOORS WHITE CPL PLYWOOD\"},{\"@type\":\"BreadcrumbList\",\"@id\":\"https:\\\/\\\/radis.ee\\\/de\\\/tv-stander-boxy\\\/#breadcrumb\",\"itemListElement\":[{\"@type\":\"ListItem\",\"position\":1,\"name\":\"Home\",\"item\":\"https:\\\/\\\/radis.ee\\\/\"},{\"@type\":\"ListItem\",\"position\":2,\"name\":\"Produkte\",\"item\":\"https:\\\/\\\/radis.ee\\\/de\\\/produkte\\\/\"},{\"@type\":\"ListItem\",\"position\":3,\"name\":\"TV-St\u00e4nder BOXY\"}]},{\"@type\":\"WebSite\",\"@id\":\"https:\\\/\\\/radis.ee\\\/#website\",\"url\":\"https:\\\/\\\/radis.ee\\\/\",\"name\":\"Radis\",\"description\":\"Nordic design furniture, environmentally friendly and sustainable.\",\"publisher\":{\"@id\":\"https:\\\/\\\/radis.ee\\\/#organization\"},\"potentialAction\":[{\"@type\":\"SearchAction\",\"target\":{\"@type\":\"EntryPoint\",\"urlTemplate\":\"https:\\\/\\\/radis.ee\\\/?s={search_term_string}\"},\"query-input\":{\"@type\":\"PropertyValueSpecification\",\"valueRequired\":true,\"valueName\":\"search_term_string\"}}],\"inLanguage\":\"de\"},{\"@type\":\"Organization\",\"@id\":\"https:\\\/\\\/radis.ee\\\/#organization\",\"name\":\"Radis O\u00dc\",\"url\":\"https:\\\/\\\/radis.ee\\\/\",\"logo\":{\"@type\":\"ImageObject\",\"inLanguage\":\"de\",\"@id\":\"https:\\\/\\\/radis.ee\\\/#\\\/schema\\\/logo\\\/image\\\/\",\"url\":\"https:\\\/\\\/radis.ee\\\/wp-content\\\/uploads\\\/2020\\\/10\\\/Radis-logo.png\",\"contentUrl\":\"https:\\\/\\\/radis.ee\\\/wp-content\\\/uploads\\\/2020\\\/10\\\/Radis-logo.png\",\"width\":300,\"height\":63,\"caption\":\"Radis O\u00dc\"},\"image\":{\"@id\":\"https:\\\/\\\/radis.ee\\\/#\\\/schema\\\/logo\\\/image\\\/\"},\"sameAs\":[\"https:\\\/\\\/www.facebook.com\\\/radisfurniture\\\/\"]}]}<\/script>\n<!-- \/ Yoast SEO plugin. -->","yoast_head_json":{"title":"TV-St\u00e4nder BOXY - Radis","robots":{"index":"index","follow":"follow","max-snippet":"max-snippet:-1","max-image-preview":"max-image-preview:large","max-video-preview":"max-video-preview:-1"},"canonical":"https:\/\/radis.ee\/de\/tv-stander-boxy\/","og_locale":"de_DE","og_type":"article","og_title":"TV-St\u00e4nder BOXY - Radis","og_description":"Beim Fernsehen w\u00fcnscht man sich nat\u00fcrlich auch dann einen sch\u00f6nen Anblick, wenn der Blick vom Bildschirm abschweift. Der TV-St\u00e4nder BOXY bietet genau das. Sein klares Design macht ihn zu einem zeitlosen Klassiker. Hinter den T\u00fcren l\u00e4sst sich alles verstauen, von B\u00fcchern bis hin zu Ihren Lieblingssnacks. Zwei h\u00f6henverstellbare Einlegeb\u00f6den befinden sich ebenfalls hinter den T\u00fcren....","og_url":"https:\/\/radis.ee\/de\/tv-stander-boxy\/","og_site_name":"Radis","article_publisher":"https:\/\/www.facebook.com\/radisfurniture\/","article_modified_time":"2026-03-25T11:22:29+00:00","og_image":[{"width":2150,"height":2560,"url":"https:\/\/radis.ee\/wp-content\/uploads\/2020\/10\/TVstand_BOXY_white_plywood-Radis-scaled.jpg","type":"image\/jpeg"}],"twitter_card":"summary_large_image","twitter_misc":{"Gesch\u00e4tzte Lesezeit":"1\u00a0Minute"},"schema":{"@context":"https:\/\/schema.org","@graph":[{"@type":"WebPage","@id":"https:\/\/radis.ee\/de\/tv-stander-boxy\/","url":"https:\/\/radis.ee\/de\/tv-stander-boxy\/","name":"TV-St\u00e4nder BOXY - Radis","isPartOf":{"@id":"https:\/\/radis.ee\/#website"},"primaryImageOfPage":{"@id":"https:\/\/radis.ee\/de\/tv-stander-boxy\/#primaryimage"},"image":{"@id":"https:\/\/radis.ee\/de\/tv-stander-boxy\/#primaryimage"},"thumbnailUrl":"https:\/\/radis.ee\/wp-content\/uploads\/2020\/10\/TVstand_BOXY_white_plywood-Radis-scaled.jpg","datePublished":"2020-10-04T20:08:44+00:00","dateModified":"2026-03-25T11:22:29+00:00","breadcrumb":{"@id":"https:\/\/radis.ee\/de\/tv-stander-boxy\/#breadcrumb"},"inLanguage":"de","potentialAction":[{"@type":"ReadAction","target":["https:\/\/radis.ee\/de\/tv-stander-boxy\/"]}]},{"@type":"ImageObject","inLanguage":"de","@id":"https:\/\/radis.ee\/de\/tv-stander-boxy\/#primaryimage","url":"https:\/\/radis.ee\/wp-content\/uploads\/2020\/10\/TVstand_BOXY_white_plywood-Radis-scaled.jpg","contentUrl":"https:\/\/radis.ee\/wp-content\/uploads\/2020\/10\/TVstand_BOXY_white_plywood-Radis-scaled.jpg","width":2150,"height":2560,"caption":"RADIS TVSTAND BOXY 4 DOORS WHITE CPL PLYWOOD"},{"@type":"BreadcrumbList","@id":"https:\/\/radis.ee\/de\/tv-stander-boxy\/#breadcrumb","itemListElement":[{"@type":"ListItem","position":1,"name":"Home","item":"https:\/\/radis.ee\/"},{"@type":"ListItem","position":2,"name":"Produkte","item":"https:\/\/radis.ee\/de\/produkte\/"},{"@type":"ListItem","position":3,"name":"TV-St\u00e4nder BOXY"}]},{"@type":"WebSite","@id":"https:\/\/radis.ee\/#website","url":"https:\/\/radis.ee\/","name":"Radis","description":"Nordic design furniture, environmentally friendly and sustainable.","publisher":{"@id":"https:\/\/radis.ee\/#organization"},"potentialAction":[{"@type":"SearchAction","target":{"@type":"EntryPoint","urlTemplate":"https:\/\/radis.ee\/?s={search_term_string}"},"query-input":{"@type":"PropertyValueSpecification","valueRequired":true,"valueName":"search_term_string"}}],"inLanguage":"de"},{"@type":"Organization","@id":"https:\/\/radis.ee\/#organization","name":"Radis O\u00dc","url":"https:\/\/radis.ee\/","logo":{"@type":"ImageObject","inLanguage":"de","@id":"https:\/\/radis.ee\/#\/schema\/logo\/image\/","url":"https:\/\/radis.ee\/wp-content\/uploads\/2020\/10\/Radis-logo.png","contentUrl":"https:\/\/radis.ee\/wp-content\/uploads\/2020\/10\/Radis-logo.png","width":300,"height":63,"caption":"Radis O\u00dc"},"image":{"@id":"https:\/\/radis.ee\/#\/schema\/logo\/image\/"},"sameAs":["https:\/\/www.facebook.com\/radisfurniture\/"]}]}},"_links":{"self":[{"href":"https:\/\/radis.ee\/de\/wp-json\/wp\/v2\/product\/3532","targetHints":{"allow":["GET"]}}],"collection":[{"href":"https:\/\/radis.ee\/de\/wp-json\/wp\/v2\/product"}],"about":[{"href":"https:\/\/radis.ee\/de\/wp-json\/wp\/v2\/types\/product"}],"replies":[{"embeddable":true,"href":"https:\/\/radis.ee\/de\/wp-json\/wp\/v2\/comments?post=3532"}],"wp:featuredmedia":[{"embeddable":true,"href":"https:\/\/radis.ee\/de\/wp-json\/wp\/v2\/media\/10893"}],"wp:attachment":[{"href":"https:\/\/radis.ee\/de\/wp-json\/wp\/v2\/media?parent=3532"}],"wp:term":[{"taxonomy":"product_brand","embeddable":true,"href":"https:\/\/radis.ee\/de\/wp-json\/wp\/v2\/product_brand?post=3532"},{"taxonomy":"product_cat","embeddable":true,"href":"https:\/\/radis.ee\/de\/wp-json\/wp\/v2\/product_cat?post=3532"},{"taxonomy":"product_tag","embeddable":true,"href":"https:\/\/radis.ee\/de\/wp-json\/wp\/v2\/product_tag?post=3532"}],"curies":[{"name":"wp","href":"https:\/\/api.w.org\/{rel}","templated":true}]}}