{"id":3588,"date":"2020-04-05T20:12:41","date_gmt":"2020-10-18T19:50:56","guid":{"rendered":"https:\/\/radis.ee\/?post_type=product&#038;p=3588"},"modified":"2020-10-18T22:50:56","modified_gmt":"2020-10-18T19:50:56","slug":"kinderschreibtisch-mit-regal","status":"publish","type":"product","link":"https:\/\/radis.ee\/de\/kinderschreibtisch-mit-regal\/","title":{"rendered":"Kinderschreibtisch mit Regal"},"content":{"rendered":"<p>Verspielter Schreibtisch mit vier Schubladen und einem Regal. Auf der anderen Seite des Tisches befindet sich ein gro\u00dfes Regal f\u00fcr B\u00fccher und andere Attraktionen. F\u00fcr ein gutes Schulkind und ein sch\u00f6nes B\u00fcro.<\/p>\n<p>Hergestellt aus Birkensperrholz, \u00f6lgewachst &#8211; White Osmo, Schubladenregale Pebble Grey und gelbes \u00d6lwachs. Die Schubladenschienen schlie\u00dfen leise. Schreibtischbreite 148 cm, Tiefe 60 cm, H\u00f6he 75 cm. Regalh\u00f6he 160 cm, Breite 24 cm. Auf Wunsch kann es auch in der Spiegelposition montiert werden.<\/p>\n<p>Der Schubladenkasten ist bereits montiert. Sie m\u00fcssen lediglich das Regal und den Tisch aufstellen.<\/p>\n","protected":false},"excerpt":{"rendered":"<p>Verspielter Schreibtisch mit vier Schubladen und einem Regal. Auf der anderen Seite des Tisches befindet sich ein gro\u00dfes Regal f\u00fcr B\u00fccher und andere Attraktionen. F\u00fcr ein gutes Schulkind und ein sch\u00f6nes B\u00fcro. Hergestellt aus Birkensperrholz, \u00f6lgewachst &#8211; White Osmo, Schubladenregale Pebble Grey und gelbes \u00d6lwachs. Die Schubladenschienen schlie\u00dfen leise. Schreibtischbreite 148 cm, Tiefe 60 cm,&#8230;<\/p>\n","protected":false},"featured_media":3757,"comment_status":"open","ping_status":"closed","template":"","meta":{"_acf_changed":false},"product_brand":[],"product_cat":[111],"product_tag":[],"class_list":{"0":"post-3588","1":"product","2":"type-product","3":"status-publish","4":"has-post-thumbnail","6":"product_cat-lauad","8":"first","9":"instock","10":"taxable","11":"shipping-taxable","12":"purchasable","13":"product-type-simple"},"acf":[],"yoast_head":"<!-- This site is optimized with the Yoast SEO plugin v27.4 - https:\/\/yoast.com\/product\/yoast-seo-wordpress\/ -->\n<title>Kinderschreibtisch mit Regal - Radis<\/title>\n<meta name=\"robots\" content=\"index, follow, max-snippet:-1, max-image-preview:large, max-video-preview:-1\" \/>\n<link rel=\"canonical\" href=\"https:\/\/radis.ee\/laste-kirjutuslaud-riiuliga\/\" \/>\n<meta property=\"og:locale\" content=\"de_DE\" \/>\n<meta property=\"og:type\" content=\"article\" \/>\n<meta property=\"og:title\" content=\"Kinderschreibtisch mit Regal - Radis\" \/>\n<meta property=\"og:description\" content=\"Verspielter Schreibtisch mit vier Schubladen und einem Regal. Auf der anderen Seite des Tisches befindet sich ein gro\u00dfes Regal f\u00fcr B\u00fccher und andere Attraktionen. F\u00fcr ein gutes Schulkind und ein sch\u00f6nes B\u00fcro. Hergestellt aus Birkensperrholz, \u00f6lgewachst &#8211; White Osmo, Schubladenregale Pebble Grey und gelbes \u00d6lwachs. Die Schubladenschienen schlie\u00dfen leise. Schreibtischbreite 148 cm, Tiefe 60 cm,...\" \/>\n<meta property=\"og:url\" content=\"https:\/\/radis.ee\/laste-kirjutuslaud-riiuliga\/\" \/>\n<meta property=\"og:site_name\" content=\"Radis\" \/>\n<meta property=\"article:publisher\" content=\"https:\/\/www.facebook.com\/radisfurniture\/\" \/>\n<meta property=\"og:image\" content=\"https:\/\/radis.ee\/wp-content\/uploads\/2020\/10\/Radis-children-desk-with-drawers-and-shelf_on_white_background-scaled.jpg\" \/>\n\t<meta property=\"og:image:width\" content=\"2601\" \/>\n\t<meta property=\"og:image:height\" content=\"2601\" \/>\n\t<meta property=\"og:image:type\" content=\"image\/jpeg\" \/>\n<meta name=\"twitter:card\" content=\"summary_large_image\" \/>\n<script type=\"application\/ld+json\" class=\"yoast-schema-graph\">{\"@context\":\"https:\\\/\\\/schema.org\",\"@graph\":[{\"@type\":\"WebPage\",\"@id\":\"https:\\\/\\\/radis.ee\\\/laste-kirjutuslaud-riiuliga\\\/\",\"url\":\"https:\\\/\\\/radis.ee\\\/laste-kirjutuslaud-riiuliga\\\/\",\"name\":\"Kinderschreibtisch mit Regal - Radis\",\"isPartOf\":{\"@id\":\"https:\\\/\\\/radis.ee\\\/#website\"},\"primaryImageOfPage\":{\"@id\":\"https:\\\/\\\/radis.ee\\\/laste-kirjutuslaud-riiuliga\\\/#primaryimage\"},\"image\":{\"@id\":\"https:\\\/\\\/radis.ee\\\/laste-kirjutuslaud-riiuliga\\\/#primaryimage\"},\"thumbnailUrl\":\"https:\\\/\\\/radis.ee\\\/wp-content\\\/uploads\\\/2020\\\/10\\\/Radis-children-desk-with-drawers-and-shelf_on_white_background-scaled.jpg\",\"datePublished\":\"2020-10-18T19:50:56+00:00\",\"breadcrumb\":{\"@id\":\"https:\\\/\\\/radis.ee\\\/laste-kirjutuslaud-riiuliga\\\/#breadcrumb\"},\"inLanguage\":\"de\",\"potentialAction\":[{\"@type\":\"ReadAction\",\"target\":[\"https:\\\/\\\/radis.ee\\\/laste-kirjutuslaud-riiuliga\\\/\"]}]},{\"@type\":\"ImageObject\",\"inLanguage\":\"de\",\"@id\":\"https:\\\/\\\/radis.ee\\\/laste-kirjutuslaud-riiuliga\\\/#primaryimage\",\"url\":\"https:\\\/\\\/radis.ee\\\/wp-content\\\/uploads\\\/2020\\\/10\\\/Radis-children-desk-with-drawers-and-shelf_on_white_background-scaled.jpg\",\"contentUrl\":\"https:\\\/\\\/radis.ee\\\/wp-content\\\/uploads\\\/2020\\\/10\\\/Radis-children-desk-with-drawers-and-shelf_on_white_background-scaled.jpg\",\"width\":2601,\"height\":2601,\"caption\":\"DESK WITH SHELF\"},{\"@type\":\"BreadcrumbList\",\"@id\":\"https:\\\/\\\/radis.ee\\\/laste-kirjutuslaud-riiuliga\\\/#breadcrumb\",\"itemListElement\":[{\"@type\":\"ListItem\",\"position\":1,\"name\":\"Home\",\"item\":\"https:\\\/\\\/radis.ee\\\/\"},{\"@type\":\"ListItem\",\"position\":2,\"name\":\"Produkte\",\"item\":\"https:\\\/\\\/radis.ee\\\/de\\\/produkte\\\/\"},{\"@type\":\"ListItem\",\"position\":3,\"name\":\"Kinderschreibtisch mit Regal\"}]},{\"@type\":\"WebSite\",\"@id\":\"https:\\\/\\\/radis.ee\\\/#website\",\"url\":\"https:\\\/\\\/radis.ee\\\/\",\"name\":\"Radis\",\"description\":\"Nordic design furniture, environmentally friendly and sustainable.\",\"publisher\":{\"@id\":\"https:\\\/\\\/radis.ee\\\/#organization\"},\"potentialAction\":[{\"@type\":\"SearchAction\",\"target\":{\"@type\":\"EntryPoint\",\"urlTemplate\":\"https:\\\/\\\/radis.ee\\\/?s={search_term_string}\"},\"query-input\":{\"@type\":\"PropertyValueSpecification\",\"valueRequired\":true,\"valueName\":\"search_term_string\"}}],\"inLanguage\":\"de\"},{\"@type\":\"Organization\",\"@id\":\"https:\\\/\\\/radis.ee\\\/#organization\",\"name\":\"Radis O\u00dc\",\"url\":\"https:\\\/\\\/radis.ee\\\/\",\"logo\":{\"@type\":\"ImageObject\",\"inLanguage\":\"de\",\"@id\":\"https:\\\/\\\/radis.ee\\\/#\\\/schema\\\/logo\\\/image\\\/\",\"url\":\"https:\\\/\\\/radis.ee\\\/wp-content\\\/uploads\\\/2020\\\/10\\\/Radis-logo.png\",\"contentUrl\":\"https:\\\/\\\/radis.ee\\\/wp-content\\\/uploads\\\/2020\\\/10\\\/Radis-logo.png\",\"width\":300,\"height\":63,\"caption\":\"Radis O\u00dc\"},\"image\":{\"@id\":\"https:\\\/\\\/radis.ee\\\/#\\\/schema\\\/logo\\\/image\\\/\"},\"sameAs\":[\"https:\\\/\\\/www.facebook.com\\\/radisfurniture\\\/\"]}]}<\/script>\n<!-- \/ Yoast SEO plugin. -->","yoast_head_json":{"title":"Kinderschreibtisch mit Regal - Radis","robots":{"index":"index","follow":"follow","max-snippet":"max-snippet:-1","max-image-preview":"max-image-preview:large","max-video-preview":"max-video-preview:-1"},"canonical":"https:\/\/radis.ee\/laste-kirjutuslaud-riiuliga\/","og_locale":"de_DE","og_type":"article","og_title":"Kinderschreibtisch mit Regal - Radis","og_description":"Verspielter Schreibtisch mit vier Schubladen und einem Regal. Auf der anderen Seite des Tisches befindet sich ein gro\u00dfes Regal f\u00fcr B\u00fccher und andere Attraktionen. F\u00fcr ein gutes Schulkind und ein sch\u00f6nes B\u00fcro. Hergestellt aus Birkensperrholz, \u00f6lgewachst &#8211; White Osmo, Schubladenregale Pebble Grey und gelbes \u00d6lwachs. Die Schubladenschienen schlie\u00dfen leise. Schreibtischbreite 148 cm, Tiefe 60 cm,...","og_url":"https:\/\/radis.ee\/laste-kirjutuslaud-riiuliga\/","og_site_name":"Radis","article_publisher":"https:\/\/www.facebook.com\/radisfurniture\/","og_image":[{"width":2601,"height":2601,"url":"https:\/\/radis.ee\/wp-content\/uploads\/2020\/10\/Radis-children-desk-with-drawers-and-shelf_on_white_background-scaled.jpg","type":"image\/jpeg"}],"twitter_card":"summary_large_image","schema":{"@context":"https:\/\/schema.org","@graph":[{"@type":"WebPage","@id":"https:\/\/radis.ee\/laste-kirjutuslaud-riiuliga\/","url":"https:\/\/radis.ee\/laste-kirjutuslaud-riiuliga\/","name":"Kinderschreibtisch mit Regal - Radis","isPartOf":{"@id":"https:\/\/radis.ee\/#website"},"primaryImageOfPage":{"@id":"https:\/\/radis.ee\/laste-kirjutuslaud-riiuliga\/#primaryimage"},"image":{"@id":"https:\/\/radis.ee\/laste-kirjutuslaud-riiuliga\/#primaryimage"},"thumbnailUrl":"https:\/\/radis.ee\/wp-content\/uploads\/2020\/10\/Radis-children-desk-with-drawers-and-shelf_on_white_background-scaled.jpg","datePublished":"2020-10-18T19:50:56+00:00","breadcrumb":{"@id":"https:\/\/radis.ee\/laste-kirjutuslaud-riiuliga\/#breadcrumb"},"inLanguage":"de","potentialAction":[{"@type":"ReadAction","target":["https:\/\/radis.ee\/laste-kirjutuslaud-riiuliga\/"]}]},{"@type":"ImageObject","inLanguage":"de","@id":"https:\/\/radis.ee\/laste-kirjutuslaud-riiuliga\/#primaryimage","url":"https:\/\/radis.ee\/wp-content\/uploads\/2020\/10\/Radis-children-desk-with-drawers-and-shelf_on_white_background-scaled.jpg","contentUrl":"https:\/\/radis.ee\/wp-content\/uploads\/2020\/10\/Radis-children-desk-with-drawers-and-shelf_on_white_background-scaled.jpg","width":2601,"height":2601,"caption":"DESK WITH SHELF"},{"@type":"BreadcrumbList","@id":"https:\/\/radis.ee\/laste-kirjutuslaud-riiuliga\/#breadcrumb","itemListElement":[{"@type":"ListItem","position":1,"name":"Home","item":"https:\/\/radis.ee\/"},{"@type":"ListItem","position":2,"name":"Produkte","item":"https:\/\/radis.ee\/de\/produkte\/"},{"@type":"ListItem","position":3,"name":"Kinderschreibtisch mit Regal"}]},{"@type":"WebSite","@id":"https:\/\/radis.ee\/#website","url":"https:\/\/radis.ee\/","name":"Radis","description":"Nordic design furniture, environmentally friendly and sustainable.","publisher":{"@id":"https:\/\/radis.ee\/#organization"},"potentialAction":[{"@type":"SearchAction","target":{"@type":"EntryPoint","urlTemplate":"https:\/\/radis.ee\/?s={search_term_string}"},"query-input":{"@type":"PropertyValueSpecification","valueRequired":true,"valueName":"search_term_string"}}],"inLanguage":"de"},{"@type":"Organization","@id":"https:\/\/radis.ee\/#organization","name":"Radis O\u00dc","url":"https:\/\/radis.ee\/","logo":{"@type":"ImageObject","inLanguage":"de","@id":"https:\/\/radis.ee\/#\/schema\/logo\/image\/","url":"https:\/\/radis.ee\/wp-content\/uploads\/2020\/10\/Radis-logo.png","contentUrl":"https:\/\/radis.ee\/wp-content\/uploads\/2020\/10\/Radis-logo.png","width":300,"height":63,"caption":"Radis O\u00dc"},"image":{"@id":"https:\/\/radis.ee\/#\/schema\/logo\/image\/"},"sameAs":["https:\/\/www.facebook.com\/radisfurniture\/"]}]}},"_links":{"self":[{"href":"https:\/\/radis.ee\/de\/wp-json\/wp\/v2\/product\/3588","targetHints":{"allow":["GET"]}}],"collection":[{"href":"https:\/\/radis.ee\/de\/wp-json\/wp\/v2\/product"}],"about":[{"href":"https:\/\/radis.ee\/de\/wp-json\/wp\/v2\/types\/product"}],"replies":[{"embeddable":true,"href":"https:\/\/radis.ee\/de\/wp-json\/wp\/v2\/comments?post=3588"}],"wp:featuredmedia":[{"embeddable":true,"href":"https:\/\/radis.ee\/de\/wp-json\/wp\/v2\/media\/3757"}],"wp:attachment":[{"href":"https:\/\/radis.ee\/de\/wp-json\/wp\/v2\/media?parent=3588"}],"wp:term":[{"taxonomy":"product_brand","embeddable":true,"href":"https:\/\/radis.ee\/de\/wp-json\/wp\/v2\/product_brand?post=3588"},{"taxonomy":"product_cat","embeddable":true,"href":"https:\/\/radis.ee\/de\/wp-json\/wp\/v2\/product_cat?post=3588"},{"taxonomy":"product_tag","embeddable":true,"href":"https:\/\/radis.ee\/de\/wp-json\/wp\/v2\/product_tag?post=3588"}],"curies":[{"name":"wp","href":"https:\/\/api.w.org\/{rel}","templated":true}]}}