{"id":3924,"date":"2022-09-22T21:28:01","date_gmt":"2020-10-07T18:28:01","guid":{"rendered":"https:\/\/radis.ee\/unkategorisiert\/hocker-io\/"},"modified":"2020-10-19T00:54:58","modified_gmt":"2020-10-18T21:54:58","slug":"hocker-io","status":"publish","type":"product","link":"https:\/\/radis.ee\/de\/hocker-io\/","title":{"rendered":"Hocker IO"},"content":{"rendered":"<p>IO ist ein leichtes und stilvolles M\u00f6belst\u00fcck, das eine funktionale Erg\u00e4nzung f\u00fcr jeden Innenraum ist.<\/p>\n<p>Elegantes Design macht diese hochbeinige Sch\u00f6nheit zu einem perfekten Dekorelement, egal ob zum Schn\u00fcren der Schn\u00fcrsenkel oder als zus\u00e4tzlicher Sitz f\u00fcr ein gr\u00f6\u00dferes Zusammensein.<\/p>\n<p>Stoff Nevotex Wooly, Beine aus Eiche.<\/p>\n<p>Designer: Raivo Prooso<\/p>\n","protected":false},"excerpt":{"rendered":"<p>IO ist ein leichtes und stilvolles M\u00f6belst\u00fcck, das eine funktionale Erg\u00e4nzung f\u00fcr jeden Innenraum ist. Elegantes Design macht diese hochbeinige Sch\u00f6nheit zu einem perfekten Dekorelement, egal ob zum Schn\u00fcren der Schn\u00fcrsenkel oder als zus\u00e4tzlicher Sitz f\u00fcr ein gr\u00f6\u00dferes Zusammensein. Stoff Nevotex Wooly, Beine aus Eiche. Designer: Raivo Prooso<\/p>\n","protected":false},"featured_media":5293,"comment_status":"open","ping_status":"closed","template":"","meta":{"_acf_changed":false},"product_brand":[],"product_cat":[],"product_tag":[],"class_list":{"0":"post-3924","1":"product","2":"type-product","3":"status-publish","4":"has-post-thumbnail","7":"first","8":"instock","9":"taxable","10":"shipping-taxable","11":"purchasable","12":"product-type-variable","13":"has-default-attributes"},"acf":[],"yoast_head":"<!-- This site is optimized with the Yoast SEO plugin v27.3 - https:\/\/yoast.com\/product\/yoast-seo-wordpress\/ -->\n<title>Hocker IO - Radis<\/title>\n<meta name=\"robots\" content=\"index, follow, max-snippet:-1, max-image-preview:large, max-video-preview:-1\" \/>\n<link rel=\"canonical\" href=\"https:\/\/radis.ee\/de\/hocker-io\/\" \/>\n<meta property=\"og:locale\" content=\"de_DE\" \/>\n<meta property=\"og:type\" content=\"article\" \/>\n<meta property=\"og:title\" content=\"Hocker IO - Radis\" \/>\n<meta property=\"og:description\" content=\"IO ist ein leichtes und stilvolles M\u00f6belst\u00fcck, das eine funktionale Erg\u00e4nzung f\u00fcr jeden Innenraum ist. Elegantes Design macht diese hochbeinige Sch\u00f6nheit zu einem perfekten Dekorelement, egal ob zum Schn\u00fcren der Schn\u00fcrsenkel oder als zus\u00e4tzlicher Sitz f\u00fcr ein gr\u00f6\u00dferes Zusammensein. Stoff Nevotex Wooly, Beine aus Eiche. Designer: Raivo Prooso\" \/>\n<meta property=\"og:url\" content=\"https:\/\/radis.ee\/de\/hocker-io\/\" \/>\n<meta property=\"og:site_name\" content=\"Radis\" \/>\n<meta property=\"article:publisher\" content=\"https:\/\/www.facebook.com\/radisfurniture\/\" \/>\n<meta property=\"article:modified_time\" content=\"2020-10-18T21:54:58+00:00\" \/>\n<meta property=\"og:image\" content=\"https:\/\/radis.ee\/wp-content\/uploads\/2020\/10\/Stool_IO_Oak_fabric_Beige.jpg\" \/>\n\t<meta property=\"og:image:width\" content=\"2048\" \/>\n\t<meta property=\"og:image:height\" content=\"1367\" \/>\n\t<meta property=\"og:image:type\" content=\"image\/jpeg\" \/>\n<meta name=\"twitter:card\" content=\"summary_large_image\" \/>\n<script type=\"application\/ld+json\" class=\"yoast-schema-graph\">{\"@context\":\"https:\\\/\\\/schema.org\",\"@graph\":[{\"@type\":\"WebPage\",\"@id\":\"https:\\\/\\\/radis.ee\\\/de\\\/hocker-io\\\/\",\"url\":\"https:\\\/\\\/radis.ee\\\/de\\\/hocker-io\\\/\",\"name\":\"Hocker IO - Radis\",\"isPartOf\":{\"@id\":\"https:\\\/\\\/radis.ee\\\/#website\"},\"primaryImageOfPage\":{\"@id\":\"https:\\\/\\\/radis.ee\\\/de\\\/hocker-io\\\/#primaryimage\"},\"image\":{\"@id\":\"https:\\\/\\\/radis.ee\\\/de\\\/hocker-io\\\/#primaryimage\"},\"thumbnailUrl\":\"https:\\\/\\\/radis.ee\\\/wp-content\\\/uploads\\\/2020\\\/10\\\/Stool_IO_Oak_fabric_Beige.jpg\",\"datePublished\":\"2020-10-07T18:28:01+00:00\",\"dateModified\":\"2020-10-18T21:54:58+00:00\",\"breadcrumb\":{\"@id\":\"https:\\\/\\\/radis.ee\\\/de\\\/hocker-io\\\/#breadcrumb\"},\"inLanguage\":\"de\",\"potentialAction\":[{\"@type\":\"ReadAction\",\"target\":[\"https:\\\/\\\/radis.ee\\\/de\\\/hocker-io\\\/\"]}]},{\"@type\":\"ImageObject\",\"inLanguage\":\"de\",\"@id\":\"https:\\\/\\\/radis.ee\\\/de\\\/hocker-io\\\/#primaryimage\",\"url\":\"https:\\\/\\\/radis.ee\\\/wp-content\\\/uploads\\\/2020\\\/10\\\/Stool_IO_Oak_fabric_Beige.jpg\",\"contentUrl\":\"https:\\\/\\\/radis.ee\\\/wp-content\\\/uploads\\\/2020\\\/10\\\/Stool_IO_Oak_fabric_Beige.jpg\",\"width\":2048,\"height\":1367,\"caption\":\"STOOL IO OAK BEIGE\"},{\"@type\":\"BreadcrumbList\",\"@id\":\"https:\\\/\\\/radis.ee\\\/de\\\/hocker-io\\\/#breadcrumb\",\"itemListElement\":[{\"@type\":\"ListItem\",\"position\":1,\"name\":\"Home\",\"item\":\"https:\\\/\\\/radis.ee\\\/\"},{\"@type\":\"ListItem\",\"position\":2,\"name\":\"Produkte\",\"item\":\"https:\\\/\\\/radis.ee\\\/de\\\/produkte\\\/\"},{\"@type\":\"ListItem\",\"position\":3,\"name\":\"Hocker IO\"}]},{\"@type\":\"WebSite\",\"@id\":\"https:\\\/\\\/radis.ee\\\/#website\",\"url\":\"https:\\\/\\\/radis.ee\\\/\",\"name\":\"Radis\",\"description\":\"Nordic design furniture, environmentally friendly and sustainable.\",\"publisher\":{\"@id\":\"https:\\\/\\\/radis.ee\\\/#organization\"},\"potentialAction\":[{\"@type\":\"SearchAction\",\"target\":{\"@type\":\"EntryPoint\",\"urlTemplate\":\"https:\\\/\\\/radis.ee\\\/?s={search_term_string}\"},\"query-input\":{\"@type\":\"PropertyValueSpecification\",\"valueRequired\":true,\"valueName\":\"search_term_string\"}}],\"inLanguage\":\"de\"},{\"@type\":\"Organization\",\"@id\":\"https:\\\/\\\/radis.ee\\\/#organization\",\"name\":\"Radis O\u00dc\",\"url\":\"https:\\\/\\\/radis.ee\\\/\",\"logo\":{\"@type\":\"ImageObject\",\"inLanguage\":\"de\",\"@id\":\"https:\\\/\\\/radis.ee\\\/#\\\/schema\\\/logo\\\/image\\\/\",\"url\":\"https:\\\/\\\/radis.ee\\\/wp-content\\\/uploads\\\/2020\\\/10\\\/Radis-logo.png\",\"contentUrl\":\"https:\\\/\\\/radis.ee\\\/wp-content\\\/uploads\\\/2020\\\/10\\\/Radis-logo.png\",\"width\":300,\"height\":63,\"caption\":\"Radis O\u00dc\"},\"image\":{\"@id\":\"https:\\\/\\\/radis.ee\\\/#\\\/schema\\\/logo\\\/image\\\/\"},\"sameAs\":[\"https:\\\/\\\/www.facebook.com\\\/radisfurniture\\\/\"]}]}<\/script>\n<!-- \/ Yoast SEO plugin. -->","yoast_head_json":{"title":"Hocker IO - Radis","robots":{"index":"index","follow":"follow","max-snippet":"max-snippet:-1","max-image-preview":"max-image-preview:large","max-video-preview":"max-video-preview:-1"},"canonical":"https:\/\/radis.ee\/de\/hocker-io\/","og_locale":"de_DE","og_type":"article","og_title":"Hocker IO - Radis","og_description":"IO ist ein leichtes und stilvolles M\u00f6belst\u00fcck, das eine funktionale Erg\u00e4nzung f\u00fcr jeden Innenraum ist. Elegantes Design macht diese hochbeinige Sch\u00f6nheit zu einem perfekten Dekorelement, egal ob zum Schn\u00fcren der Schn\u00fcrsenkel oder als zus\u00e4tzlicher Sitz f\u00fcr ein gr\u00f6\u00dferes Zusammensein. Stoff Nevotex Wooly, Beine aus Eiche. Designer: Raivo Prooso","og_url":"https:\/\/radis.ee\/de\/hocker-io\/","og_site_name":"Radis","article_publisher":"https:\/\/www.facebook.com\/radisfurniture\/","article_modified_time":"2020-10-18T21:54:58+00:00","og_image":[{"width":2048,"height":1367,"url":"https:\/\/radis.ee\/wp-content\/uploads\/2020\/10\/Stool_IO_Oak_fabric_Beige.jpg","type":"image\/jpeg"}],"twitter_card":"summary_large_image","schema":{"@context":"https:\/\/schema.org","@graph":[{"@type":"WebPage","@id":"https:\/\/radis.ee\/de\/hocker-io\/","url":"https:\/\/radis.ee\/de\/hocker-io\/","name":"Hocker IO - Radis","isPartOf":{"@id":"https:\/\/radis.ee\/#website"},"primaryImageOfPage":{"@id":"https:\/\/radis.ee\/de\/hocker-io\/#primaryimage"},"image":{"@id":"https:\/\/radis.ee\/de\/hocker-io\/#primaryimage"},"thumbnailUrl":"https:\/\/radis.ee\/wp-content\/uploads\/2020\/10\/Stool_IO_Oak_fabric_Beige.jpg","datePublished":"2020-10-07T18:28:01+00:00","dateModified":"2020-10-18T21:54:58+00:00","breadcrumb":{"@id":"https:\/\/radis.ee\/de\/hocker-io\/#breadcrumb"},"inLanguage":"de","potentialAction":[{"@type":"ReadAction","target":["https:\/\/radis.ee\/de\/hocker-io\/"]}]},{"@type":"ImageObject","inLanguage":"de","@id":"https:\/\/radis.ee\/de\/hocker-io\/#primaryimage","url":"https:\/\/radis.ee\/wp-content\/uploads\/2020\/10\/Stool_IO_Oak_fabric_Beige.jpg","contentUrl":"https:\/\/radis.ee\/wp-content\/uploads\/2020\/10\/Stool_IO_Oak_fabric_Beige.jpg","width":2048,"height":1367,"caption":"STOOL IO OAK BEIGE"},{"@type":"BreadcrumbList","@id":"https:\/\/radis.ee\/de\/hocker-io\/#breadcrumb","itemListElement":[{"@type":"ListItem","position":1,"name":"Home","item":"https:\/\/radis.ee\/"},{"@type":"ListItem","position":2,"name":"Produkte","item":"https:\/\/radis.ee\/de\/produkte\/"},{"@type":"ListItem","position":3,"name":"Hocker IO"}]},{"@type":"WebSite","@id":"https:\/\/radis.ee\/#website","url":"https:\/\/radis.ee\/","name":"Radis","description":"Nordic design furniture, environmentally friendly and sustainable.","publisher":{"@id":"https:\/\/radis.ee\/#organization"},"potentialAction":[{"@type":"SearchAction","target":{"@type":"EntryPoint","urlTemplate":"https:\/\/radis.ee\/?s={search_term_string}"},"query-input":{"@type":"PropertyValueSpecification","valueRequired":true,"valueName":"search_term_string"}}],"inLanguage":"de"},{"@type":"Organization","@id":"https:\/\/radis.ee\/#organization","name":"Radis O\u00dc","url":"https:\/\/radis.ee\/","logo":{"@type":"ImageObject","inLanguage":"de","@id":"https:\/\/radis.ee\/#\/schema\/logo\/image\/","url":"https:\/\/radis.ee\/wp-content\/uploads\/2020\/10\/Radis-logo.png","contentUrl":"https:\/\/radis.ee\/wp-content\/uploads\/2020\/10\/Radis-logo.png","width":300,"height":63,"caption":"Radis O\u00dc"},"image":{"@id":"https:\/\/radis.ee\/#\/schema\/logo\/image\/"},"sameAs":["https:\/\/www.facebook.com\/radisfurniture\/"]}]}},"_links":{"self":[{"href":"https:\/\/radis.ee\/de\/wp-json\/wp\/v2\/product\/3924","targetHints":{"allow":["GET"]}}],"collection":[{"href":"https:\/\/radis.ee\/de\/wp-json\/wp\/v2\/product"}],"about":[{"href":"https:\/\/radis.ee\/de\/wp-json\/wp\/v2\/types\/product"}],"replies":[{"embeddable":true,"href":"https:\/\/radis.ee\/de\/wp-json\/wp\/v2\/comments?post=3924"}],"wp:featuredmedia":[{"embeddable":true,"href":"https:\/\/radis.ee\/de\/wp-json\/wp\/v2\/media\/5293"}],"wp:attachment":[{"href":"https:\/\/radis.ee\/de\/wp-json\/wp\/v2\/media?parent=3924"}],"wp:term":[{"taxonomy":"product_brand","embeddable":true,"href":"https:\/\/radis.ee\/de\/wp-json\/wp\/v2\/product_brand?post=3924"},{"taxonomy":"product_cat","embeddable":true,"href":"https:\/\/radis.ee\/de\/wp-json\/wp\/v2\/product_cat?post=3924"},{"taxonomy":"product_tag","embeddable":true,"href":"https:\/\/radis.ee\/de\/wp-json\/wp\/v2\/product_tag?post=3924"}],"curies":[{"name":"wp","href":"https:\/\/api.w.org\/{rel}","templated":true}]}}