{"id":5117,"date":"2019-10-10T17:38:52","date_gmt":"2019-10-10T14:38:52","guid":{"rendered":"https:\/\/radis.ee\/?post_type=product&#038;p=5117"},"modified":"2021-01-05T23:27:46","modified_gmt":"2021-01-05T21:27:46","slug":"anrichte-huh","status":"publish","type":"product","link":"https:\/\/radis.ee\/de\/anrichte-huh\/","title":{"rendered":"Anrichte HUH"},"content":{"rendered":"<p>Ein starkes St\u00fcck! Weg mit dem Kram. Die Schr\u00e4nke an den seitlichen und mittleren Schubladen bieten Platz f\u00fcr \u00fcberraschend viele Dinge.<\/p>\n<p>Sideboard im Retro-Stil mit 3 und 4 Schubladen erh\u00e4ltlich. \u00d6lgewachstes Birkensperrholz. T\u00fcren Koskisen CPL auf Sperrholz. Sanft schlie\u00dfende T\u00fcrscharniere und Schubladenschienen. Hinter den T\u00fcren 45 cm breite verstellbare Regale.<\/p>\n<p>Kollektion MAN wurde f\u00fcr den estnischen Designpreis Bruno 2014 nominiert.<\/p>\n","protected":false},"excerpt":{"rendered":"<p>Ein starkes St\u00fcck! Weg mit dem Kram. Die Schr\u00e4nke an den seitlichen und mittleren Schubladen bieten Platz f\u00fcr \u00fcberraschend viele Dinge. Sideboard im Retro-Stil mit 3 und 4 Schubladen erh\u00e4ltlich. \u00d6lgewachstes Birkensperrholz. T\u00fcren Koskisen CPL auf Sperrholz. Sanft schlie\u00dfende T\u00fcrscharniere und Schubladenschienen. Hinter den T\u00fcren 45 cm breite verstellbare Regale. Kollektion MAN wurde f\u00fcr den&#8230;<\/p>\n","protected":false},"featured_media":5558,"comment_status":"open","ping_status":"closed","template":"","meta":{"_acf_changed":false},"product_brand":[],"product_cat":[17],"product_tag":[],"class_list":{"0":"post-5117","1":"product","2":"type-product","3":"status-publish","4":"has-post-thumbnail","6":"product_cat-kummutid","8":"first","9":"instock","10":"taxable","11":"shipping-taxable","12":"purchasable","13":"product-type-variable","14":"has-default-attributes"},"acf":[],"yoast_head":"<!-- This site is optimized with the Yoast SEO plugin v27.3 - https:\/\/yoast.com\/product\/yoast-seo-wordpress\/ -->\n<title>Anrichte HUH - Radis<\/title>\n<meta name=\"robots\" content=\"index, follow, max-snippet:-1, max-image-preview:large, max-video-preview:-1\" \/>\n<link rel=\"canonical\" href=\"https:\/\/radis.ee\/kummut-huh\/\" \/>\n<meta property=\"og:locale\" content=\"de_DE\" \/>\n<meta property=\"og:type\" content=\"article\" \/>\n<meta property=\"og:title\" content=\"Anrichte HUH - Radis\" \/>\n<meta property=\"og:description\" content=\"Ein starkes St\u00fcck! Weg mit dem Kram. Die Schr\u00e4nke an den seitlichen und mittleren Schubladen bieten Platz f\u00fcr \u00fcberraschend viele Dinge. Sideboard im Retro-Stil mit 3 und 4 Schubladen erh\u00e4ltlich. \u00d6lgewachstes Birkensperrholz. T\u00fcren Koskisen CPL auf Sperrholz. Sanft schlie\u00dfende T\u00fcrscharniere und Schubladenschienen. Hinter den T\u00fcren 45 cm breite verstellbare Regale. Kollektion MAN wurde f\u00fcr den...\" \/>\n<meta property=\"og:url\" content=\"https:\/\/radis.ee\/kummut-huh\/\" \/>\n<meta property=\"og:site_name\" content=\"Radis\" \/>\n<meta property=\"article:publisher\" content=\"https:\/\/www.facebook.com\/radisfurniture\/\" \/>\n<meta property=\"article:modified_time\" content=\"2021-01-05T21:27:46+00:00\" \/>\n<meta property=\"og:image\" content=\"https:\/\/radis.ee\/wp-content\/uploads\/2020\/09\/RA0372-Radis-sideboard-HUH-with-3-drawers-medium-oak.jpg\" \/>\n\t<meta property=\"og:image:width\" content=\"2500\" \/>\n\t<meta property=\"og:image:height\" content=\"2500\" \/>\n\t<meta property=\"og:image:type\" content=\"image\/jpeg\" \/>\n<meta name=\"twitter:card\" content=\"summary_large_image\" \/>\n<script type=\"application\/ld+json\" class=\"yoast-schema-graph\">{\"@context\":\"https:\\\/\\\/schema.org\",\"@graph\":[{\"@type\":\"WebPage\",\"@id\":\"https:\\\/\\\/radis.ee\\\/kummut-huh\\\/\",\"url\":\"https:\\\/\\\/radis.ee\\\/kummut-huh\\\/\",\"name\":\"Anrichte HUH - Radis\",\"isPartOf\":{\"@id\":\"https:\\\/\\\/radis.ee\\\/#website\"},\"primaryImageOfPage\":{\"@id\":\"https:\\\/\\\/radis.ee\\\/kummut-huh\\\/#primaryimage\"},\"image\":{\"@id\":\"https:\\\/\\\/radis.ee\\\/kummut-huh\\\/#primaryimage\"},\"thumbnailUrl\":\"https:\\\/\\\/radis.ee\\\/wp-content\\\/uploads\\\/2020\\\/09\\\/RA0372-Radis-sideboard-HUH-with-3-drawers-medium-oak.jpg\",\"datePublished\":\"2019-10-10T14:38:52+00:00\",\"dateModified\":\"2021-01-05T21:27:46+00:00\",\"breadcrumb\":{\"@id\":\"https:\\\/\\\/radis.ee\\\/kummut-huh\\\/#breadcrumb\"},\"inLanguage\":\"de\",\"potentialAction\":[{\"@type\":\"ReadAction\",\"target\":[\"https:\\\/\\\/radis.ee\\\/kummut-huh\\\/\"]}]},{\"@type\":\"ImageObject\",\"inLanguage\":\"de\",\"@id\":\"https:\\\/\\\/radis.ee\\\/kummut-huh\\\/#primaryimage\",\"url\":\"https:\\\/\\\/radis.ee\\\/wp-content\\\/uploads\\\/2020\\\/09\\\/RA0372-Radis-sideboard-HUH-with-3-drawers-medium-oak.jpg\",\"contentUrl\":\"https:\\\/\\\/radis.ee\\\/wp-content\\\/uploads\\\/2020\\\/09\\\/RA0372-Radis-sideboard-HUH-with-3-drawers-medium-oak.jpg\",\"width\":2500,\"height\":2500},{\"@type\":\"BreadcrumbList\",\"@id\":\"https:\\\/\\\/radis.ee\\\/kummut-huh\\\/#breadcrumb\",\"itemListElement\":[{\"@type\":\"ListItem\",\"position\":1,\"name\":\"Home\",\"item\":\"https:\\\/\\\/radis.ee\\\/\"},{\"@type\":\"ListItem\",\"position\":2,\"name\":\"Produkte\",\"item\":\"https:\\\/\\\/radis.ee\\\/de\\\/produkte\\\/\"},{\"@type\":\"ListItem\",\"position\":3,\"name\":\"Anrichte HUH\"}]},{\"@type\":\"WebSite\",\"@id\":\"https:\\\/\\\/radis.ee\\\/#website\",\"url\":\"https:\\\/\\\/radis.ee\\\/\",\"name\":\"Radis\",\"description\":\"Nordic design furniture, environmentally friendly and sustainable.\",\"publisher\":{\"@id\":\"https:\\\/\\\/radis.ee\\\/#organization\"},\"potentialAction\":[{\"@type\":\"SearchAction\",\"target\":{\"@type\":\"EntryPoint\",\"urlTemplate\":\"https:\\\/\\\/radis.ee\\\/?s={search_term_string}\"},\"query-input\":{\"@type\":\"PropertyValueSpecification\",\"valueRequired\":true,\"valueName\":\"search_term_string\"}}],\"inLanguage\":\"de\"},{\"@type\":\"Organization\",\"@id\":\"https:\\\/\\\/radis.ee\\\/#organization\",\"name\":\"Radis O\u00dc\",\"url\":\"https:\\\/\\\/radis.ee\\\/\",\"logo\":{\"@type\":\"ImageObject\",\"inLanguage\":\"de\",\"@id\":\"https:\\\/\\\/radis.ee\\\/#\\\/schema\\\/logo\\\/image\\\/\",\"url\":\"https:\\\/\\\/radis.ee\\\/wp-content\\\/uploads\\\/2020\\\/10\\\/Radis-logo.png\",\"contentUrl\":\"https:\\\/\\\/radis.ee\\\/wp-content\\\/uploads\\\/2020\\\/10\\\/Radis-logo.png\",\"width\":300,\"height\":63,\"caption\":\"Radis O\u00dc\"},\"image\":{\"@id\":\"https:\\\/\\\/radis.ee\\\/#\\\/schema\\\/logo\\\/image\\\/\"},\"sameAs\":[\"https:\\\/\\\/www.facebook.com\\\/radisfurniture\\\/\"]}]}<\/script>\n<!-- \/ Yoast SEO plugin. -->","yoast_head_json":{"title":"Anrichte HUH - Radis","robots":{"index":"index","follow":"follow","max-snippet":"max-snippet:-1","max-image-preview":"max-image-preview:large","max-video-preview":"max-video-preview:-1"},"canonical":"https:\/\/radis.ee\/kummut-huh\/","og_locale":"de_DE","og_type":"article","og_title":"Anrichte HUH - Radis","og_description":"Ein starkes St\u00fcck! Weg mit dem Kram. Die Schr\u00e4nke an den seitlichen und mittleren Schubladen bieten Platz f\u00fcr \u00fcberraschend viele Dinge. Sideboard im Retro-Stil mit 3 und 4 Schubladen erh\u00e4ltlich. \u00d6lgewachstes Birkensperrholz. T\u00fcren Koskisen CPL auf Sperrholz. Sanft schlie\u00dfende T\u00fcrscharniere und Schubladenschienen. Hinter den T\u00fcren 45 cm breite verstellbare Regale. Kollektion MAN wurde f\u00fcr den...","og_url":"https:\/\/radis.ee\/kummut-huh\/","og_site_name":"Radis","article_publisher":"https:\/\/www.facebook.com\/radisfurniture\/","article_modified_time":"2021-01-05T21:27:46+00:00","og_image":[{"width":2500,"height":2500,"url":"https:\/\/radis.ee\/wp-content\/uploads\/2020\/09\/RA0372-Radis-sideboard-HUH-with-3-drawers-medium-oak.jpg","type":"image\/jpeg"}],"twitter_card":"summary_large_image","schema":{"@context":"https:\/\/schema.org","@graph":[{"@type":"WebPage","@id":"https:\/\/radis.ee\/kummut-huh\/","url":"https:\/\/radis.ee\/kummut-huh\/","name":"Anrichte HUH - Radis","isPartOf":{"@id":"https:\/\/radis.ee\/#website"},"primaryImageOfPage":{"@id":"https:\/\/radis.ee\/kummut-huh\/#primaryimage"},"image":{"@id":"https:\/\/radis.ee\/kummut-huh\/#primaryimage"},"thumbnailUrl":"https:\/\/radis.ee\/wp-content\/uploads\/2020\/09\/RA0372-Radis-sideboard-HUH-with-3-drawers-medium-oak.jpg","datePublished":"2019-10-10T14:38:52+00:00","dateModified":"2021-01-05T21:27:46+00:00","breadcrumb":{"@id":"https:\/\/radis.ee\/kummut-huh\/#breadcrumb"},"inLanguage":"de","potentialAction":[{"@type":"ReadAction","target":["https:\/\/radis.ee\/kummut-huh\/"]}]},{"@type":"ImageObject","inLanguage":"de","@id":"https:\/\/radis.ee\/kummut-huh\/#primaryimage","url":"https:\/\/radis.ee\/wp-content\/uploads\/2020\/09\/RA0372-Radis-sideboard-HUH-with-3-drawers-medium-oak.jpg","contentUrl":"https:\/\/radis.ee\/wp-content\/uploads\/2020\/09\/RA0372-Radis-sideboard-HUH-with-3-drawers-medium-oak.jpg","width":2500,"height":2500},{"@type":"BreadcrumbList","@id":"https:\/\/radis.ee\/kummut-huh\/#breadcrumb","itemListElement":[{"@type":"ListItem","position":1,"name":"Home","item":"https:\/\/radis.ee\/"},{"@type":"ListItem","position":2,"name":"Produkte","item":"https:\/\/radis.ee\/de\/produkte\/"},{"@type":"ListItem","position":3,"name":"Anrichte HUH"}]},{"@type":"WebSite","@id":"https:\/\/radis.ee\/#website","url":"https:\/\/radis.ee\/","name":"Radis","description":"Nordic design furniture, environmentally friendly and sustainable.","publisher":{"@id":"https:\/\/radis.ee\/#organization"},"potentialAction":[{"@type":"SearchAction","target":{"@type":"EntryPoint","urlTemplate":"https:\/\/radis.ee\/?s={search_term_string}"},"query-input":{"@type":"PropertyValueSpecification","valueRequired":true,"valueName":"search_term_string"}}],"inLanguage":"de"},{"@type":"Organization","@id":"https:\/\/radis.ee\/#organization","name":"Radis O\u00dc","url":"https:\/\/radis.ee\/","logo":{"@type":"ImageObject","inLanguage":"de","@id":"https:\/\/radis.ee\/#\/schema\/logo\/image\/","url":"https:\/\/radis.ee\/wp-content\/uploads\/2020\/10\/Radis-logo.png","contentUrl":"https:\/\/radis.ee\/wp-content\/uploads\/2020\/10\/Radis-logo.png","width":300,"height":63,"caption":"Radis O\u00dc"},"image":{"@id":"https:\/\/radis.ee\/#\/schema\/logo\/image\/"},"sameAs":["https:\/\/www.facebook.com\/radisfurniture\/"]}]}},"_links":{"self":[{"href":"https:\/\/radis.ee\/de\/wp-json\/wp\/v2\/product\/5117","targetHints":{"allow":["GET"]}}],"collection":[{"href":"https:\/\/radis.ee\/de\/wp-json\/wp\/v2\/product"}],"about":[{"href":"https:\/\/radis.ee\/de\/wp-json\/wp\/v2\/types\/product"}],"replies":[{"embeddable":true,"href":"https:\/\/radis.ee\/de\/wp-json\/wp\/v2\/comments?post=5117"}],"wp:featuredmedia":[{"embeddable":true,"href":"https:\/\/radis.ee\/de\/wp-json\/wp\/v2\/media\/5558"}],"wp:attachment":[{"href":"https:\/\/radis.ee\/de\/wp-json\/wp\/v2\/media?parent=5117"}],"wp:term":[{"taxonomy":"product_brand","embeddable":true,"href":"https:\/\/radis.ee\/de\/wp-json\/wp\/v2\/product_brand?post=5117"},{"taxonomy":"product_cat","embeddable":true,"href":"https:\/\/radis.ee\/de\/wp-json\/wp\/v2\/product_cat?post=5117"},{"taxonomy":"product_tag","embeddable":true,"href":"https:\/\/radis.ee\/de\/wp-json\/wp\/v2\/product_tag?post=5117"}],"curies":[{"name":"wp","href":"https:\/\/api.w.org\/{rel}","templated":true}]}}