{"id":5147,"date":"2020-04-18T19:17:03","date_gmt":"2020-10-18T19:47:56","guid":{"rendered":"https:\/\/radis.ee\/?post_type=product&#038;p=5147"},"modified":"2024-03-05T21:02:20","modified_gmt":"2024-03-05T19:02:20","slug":"regal-wav","status":"publish","type":"product","link":"https:\/\/radis.ee\/de\/regal-wav\/","title":{"rendered":"Regal WAV"},"content":{"rendered":"<p>Gehen Sie ruhig mit dem Strom. Lassen Sie sich von den verzaubernden Wellen mittragen. Das Regal bietet gro\u00dfz\u00fcgig Platz f\u00fcr Gedanken und Ausblicke in unterschiedlichsten Ausma\u00dfen. Ihre sch\u00f6nsten Dinge schaukeln sich wie angegossen an ihren Platz.<\/p>\n<p>Sie k\u00f6nnen es horizontal oder vertikal platzieren. Es gibt 4 R\u00fcckw\u00e4nde f\u00fcr Stabilit\u00e4t. Sie k\u00f6nnen auch verwendet werden, um ein Regal an die Wand zu h\u00e4ngen.<\/p>\n<p>Hergestellt aus wei\u00dfem HPL auf Sperrholz.<\/p>\n<div id=\"1594130576079-fbc9a5a6-ed5cc019-c3e0\" class=\"w-tabs-section active\">\n<div id=\"content-1594130576079-fbc9a5a6-ed5cc019-c3e0\" class=\"w-tabs-section-content\" aria-expanded=\"true\">\n<div class=\"w-tabs-section-content-h i-cf\">\n<div class=\"w-post-elm post_content\">\n<p><strong>2 Wochen Lieferung in ganz Europa!<\/strong><\/p>\n<\/div>\n<\/div>\n<\/div>\n<\/div>\n","protected":false},"excerpt":{"rendered":"<p>Gehen Sie ruhig mit dem Strom. Lassen Sie sich von den verzaubernden Wellen mittragen. Das Regal bietet gro\u00dfz\u00fcgig Platz f\u00fcr Gedanken und Ausblicke in unterschiedlichsten Ausma\u00dfen. Ihre sch\u00f6nsten Dinge schaukeln sich wie angegossen an ihren Platz. Sie k\u00f6nnen es horizontal oder vertikal platzieren. Es gibt 4 R\u00fcckw\u00e4nde f\u00fcr Stabilit\u00e4t. Sie k\u00f6nnen auch verwendet werden, um&#8230;<\/p>\n","protected":false},"featured_media":5133,"comment_status":"open","ping_status":"closed","template":"","meta":{"_acf_changed":false},"product_brand":[],"product_cat":[109],"product_tag":[],"class_list":{"0":"post-5147","1":"product","2":"type-product","3":"status-publish","4":"has-post-thumbnail","6":"product_cat-riiulid","8":"first","9":"instock","10":"taxable","11":"shipping-taxable","12":"purchasable","13":"product-type-simple"},"acf":[],"yoast_head":"<!-- This site is optimized with the Yoast SEO plugin v27.3 - https:\/\/yoast.com\/product\/yoast-seo-wordpress\/ -->\n<title>Regal WAV - Radis<\/title>\n<meta name=\"robots\" content=\"index, follow, max-snippet:-1, max-image-preview:large, max-video-preview:-1\" \/>\n<link rel=\"canonical\" href=\"https:\/\/radis.ee\/riiul-wav\/\" \/>\n<meta property=\"og:locale\" content=\"de_DE\" \/>\n<meta property=\"og:type\" content=\"article\" \/>\n<meta property=\"og:title\" content=\"Regal WAV - Radis\" \/>\n<meta property=\"og:description\" content=\"Gehen Sie ruhig mit dem Strom. Lassen Sie sich von den verzaubernden Wellen mittragen. Das Regal bietet gro\u00dfz\u00fcgig Platz f\u00fcr Gedanken und Ausblicke in unterschiedlichsten Ausma\u00dfen. Ihre sch\u00f6nsten Dinge schaukeln sich wie angegossen an ihren Platz. Sie k\u00f6nnen es horizontal oder vertikal platzieren. Es gibt 4 R\u00fcckw\u00e4nde f\u00fcr Stabilit\u00e4t. Sie k\u00f6nnen auch verwendet werden, um...\" \/>\n<meta property=\"og:url\" content=\"https:\/\/radis.ee\/riiul-wav\/\" \/>\n<meta property=\"og:site_name\" content=\"Radis\" \/>\n<meta property=\"article:publisher\" content=\"https:\/\/www.facebook.com\/radisfurniture\/\" \/>\n<meta property=\"article:modified_time\" content=\"2024-03-05T19:02:20+00:00\" \/>\n<meta property=\"og:image\" content=\"https:\/\/radis.ee\/wp-content\/uploads\/2020\/10\/RA0551-Radis-shelf-WAV-white-film-plywood-scaled.jpg\" \/>\n\t<meta property=\"og:image:width\" content=\"3560\" \/>\n\t<meta property=\"og:image:height\" content=\"3560\" \/>\n\t<meta property=\"og:image:type\" content=\"image\/jpeg\" \/>\n<meta name=\"twitter:card\" content=\"summary_large_image\" \/>\n<script type=\"application\/ld+json\" class=\"yoast-schema-graph\">{\"@context\":\"https:\\\/\\\/schema.org\",\"@graph\":[{\"@type\":\"WebPage\",\"@id\":\"https:\\\/\\\/radis.ee\\\/riiul-wav\\\/\",\"url\":\"https:\\\/\\\/radis.ee\\\/riiul-wav\\\/\",\"name\":\"Regal WAV - Radis\",\"isPartOf\":{\"@id\":\"https:\\\/\\\/radis.ee\\\/#website\"},\"primaryImageOfPage\":{\"@id\":\"https:\\\/\\\/radis.ee\\\/riiul-wav\\\/#primaryimage\"},\"image\":{\"@id\":\"https:\\\/\\\/radis.ee\\\/riiul-wav\\\/#primaryimage\"},\"thumbnailUrl\":\"https:\\\/\\\/radis.ee\\\/wp-content\\\/uploads\\\/2020\\\/10\\\/RA0551-Radis-shelf-WAV-white-film-plywood-scaled.jpg\",\"datePublished\":\"2020-10-18T19:47:56+00:00\",\"dateModified\":\"2024-03-05T19:02:20+00:00\",\"breadcrumb\":{\"@id\":\"https:\\\/\\\/radis.ee\\\/riiul-wav\\\/#breadcrumb\"},\"inLanguage\":\"de\",\"potentialAction\":[{\"@type\":\"ReadAction\",\"target\":[\"https:\\\/\\\/radis.ee\\\/riiul-wav\\\/\"]}]},{\"@type\":\"ImageObject\",\"inLanguage\":\"de\",\"@id\":\"https:\\\/\\\/radis.ee\\\/riiul-wav\\\/#primaryimage\",\"url\":\"https:\\\/\\\/radis.ee\\\/wp-content\\\/uploads\\\/2020\\\/10\\\/RA0551-Radis-shelf-WAV-white-film-plywood-scaled.jpg\",\"contentUrl\":\"https:\\\/\\\/radis.ee\\\/wp-content\\\/uploads\\\/2020\\\/10\\\/RA0551-Radis-shelf-WAV-white-film-plywood-scaled.jpg\",\"width\":3560,\"height\":3560,\"caption\":\"SHELF WAV\"},{\"@type\":\"BreadcrumbList\",\"@id\":\"https:\\\/\\\/radis.ee\\\/riiul-wav\\\/#breadcrumb\",\"itemListElement\":[{\"@type\":\"ListItem\",\"position\":1,\"name\":\"Home\",\"item\":\"https:\\\/\\\/radis.ee\\\/\"},{\"@type\":\"ListItem\",\"position\":2,\"name\":\"Produkte\",\"item\":\"https:\\\/\\\/radis.ee\\\/de\\\/produkte\\\/\"},{\"@type\":\"ListItem\",\"position\":3,\"name\":\"Regal WAV\"}]},{\"@type\":\"WebSite\",\"@id\":\"https:\\\/\\\/radis.ee\\\/#website\",\"url\":\"https:\\\/\\\/radis.ee\\\/\",\"name\":\"Radis\",\"description\":\"Nordic design furniture, environmentally friendly and sustainable.\",\"publisher\":{\"@id\":\"https:\\\/\\\/radis.ee\\\/#organization\"},\"potentialAction\":[{\"@type\":\"SearchAction\",\"target\":{\"@type\":\"EntryPoint\",\"urlTemplate\":\"https:\\\/\\\/radis.ee\\\/?s={search_term_string}\"},\"query-input\":{\"@type\":\"PropertyValueSpecification\",\"valueRequired\":true,\"valueName\":\"search_term_string\"}}],\"inLanguage\":\"de\"},{\"@type\":\"Organization\",\"@id\":\"https:\\\/\\\/radis.ee\\\/#organization\",\"name\":\"Radis O\u00dc\",\"url\":\"https:\\\/\\\/radis.ee\\\/\",\"logo\":{\"@type\":\"ImageObject\",\"inLanguage\":\"de\",\"@id\":\"https:\\\/\\\/radis.ee\\\/#\\\/schema\\\/logo\\\/image\\\/\",\"url\":\"https:\\\/\\\/radis.ee\\\/wp-content\\\/uploads\\\/2020\\\/10\\\/Radis-logo.png\",\"contentUrl\":\"https:\\\/\\\/radis.ee\\\/wp-content\\\/uploads\\\/2020\\\/10\\\/Radis-logo.png\",\"width\":300,\"height\":63,\"caption\":\"Radis O\u00dc\"},\"image\":{\"@id\":\"https:\\\/\\\/radis.ee\\\/#\\\/schema\\\/logo\\\/image\\\/\"},\"sameAs\":[\"https:\\\/\\\/www.facebook.com\\\/radisfurniture\\\/\"]}]}<\/script>\n<!-- \/ Yoast SEO plugin. -->","yoast_head_json":{"title":"Regal WAV - Radis","robots":{"index":"index","follow":"follow","max-snippet":"max-snippet:-1","max-image-preview":"max-image-preview:large","max-video-preview":"max-video-preview:-1"},"canonical":"https:\/\/radis.ee\/riiul-wav\/","og_locale":"de_DE","og_type":"article","og_title":"Regal WAV - Radis","og_description":"Gehen Sie ruhig mit dem Strom. Lassen Sie sich von den verzaubernden Wellen mittragen. Das Regal bietet gro\u00dfz\u00fcgig Platz f\u00fcr Gedanken und Ausblicke in unterschiedlichsten Ausma\u00dfen. Ihre sch\u00f6nsten Dinge schaukeln sich wie angegossen an ihren Platz. Sie k\u00f6nnen es horizontal oder vertikal platzieren. Es gibt 4 R\u00fcckw\u00e4nde f\u00fcr Stabilit\u00e4t. Sie k\u00f6nnen auch verwendet werden, um...","og_url":"https:\/\/radis.ee\/riiul-wav\/","og_site_name":"Radis","article_publisher":"https:\/\/www.facebook.com\/radisfurniture\/","article_modified_time":"2024-03-05T19:02:20+00:00","og_image":[{"width":3560,"height":3560,"url":"https:\/\/radis.ee\/wp-content\/uploads\/2020\/10\/RA0551-Radis-shelf-WAV-white-film-plywood-scaled.jpg","type":"image\/jpeg"}],"twitter_card":"summary_large_image","schema":{"@context":"https:\/\/schema.org","@graph":[{"@type":"WebPage","@id":"https:\/\/radis.ee\/riiul-wav\/","url":"https:\/\/radis.ee\/riiul-wav\/","name":"Regal WAV - Radis","isPartOf":{"@id":"https:\/\/radis.ee\/#website"},"primaryImageOfPage":{"@id":"https:\/\/radis.ee\/riiul-wav\/#primaryimage"},"image":{"@id":"https:\/\/radis.ee\/riiul-wav\/#primaryimage"},"thumbnailUrl":"https:\/\/radis.ee\/wp-content\/uploads\/2020\/10\/RA0551-Radis-shelf-WAV-white-film-plywood-scaled.jpg","datePublished":"2020-10-18T19:47:56+00:00","dateModified":"2024-03-05T19:02:20+00:00","breadcrumb":{"@id":"https:\/\/radis.ee\/riiul-wav\/#breadcrumb"},"inLanguage":"de","potentialAction":[{"@type":"ReadAction","target":["https:\/\/radis.ee\/riiul-wav\/"]}]},{"@type":"ImageObject","inLanguage":"de","@id":"https:\/\/radis.ee\/riiul-wav\/#primaryimage","url":"https:\/\/radis.ee\/wp-content\/uploads\/2020\/10\/RA0551-Radis-shelf-WAV-white-film-plywood-scaled.jpg","contentUrl":"https:\/\/radis.ee\/wp-content\/uploads\/2020\/10\/RA0551-Radis-shelf-WAV-white-film-plywood-scaled.jpg","width":3560,"height":3560,"caption":"SHELF WAV"},{"@type":"BreadcrumbList","@id":"https:\/\/radis.ee\/riiul-wav\/#breadcrumb","itemListElement":[{"@type":"ListItem","position":1,"name":"Home","item":"https:\/\/radis.ee\/"},{"@type":"ListItem","position":2,"name":"Produkte","item":"https:\/\/radis.ee\/de\/produkte\/"},{"@type":"ListItem","position":3,"name":"Regal WAV"}]},{"@type":"WebSite","@id":"https:\/\/radis.ee\/#website","url":"https:\/\/radis.ee\/","name":"Radis","description":"Nordic design furniture, environmentally friendly and sustainable.","publisher":{"@id":"https:\/\/radis.ee\/#organization"},"potentialAction":[{"@type":"SearchAction","target":{"@type":"EntryPoint","urlTemplate":"https:\/\/radis.ee\/?s={search_term_string}"},"query-input":{"@type":"PropertyValueSpecification","valueRequired":true,"valueName":"search_term_string"}}],"inLanguage":"de"},{"@type":"Organization","@id":"https:\/\/radis.ee\/#organization","name":"Radis O\u00dc","url":"https:\/\/radis.ee\/","logo":{"@type":"ImageObject","inLanguage":"de","@id":"https:\/\/radis.ee\/#\/schema\/logo\/image\/","url":"https:\/\/radis.ee\/wp-content\/uploads\/2020\/10\/Radis-logo.png","contentUrl":"https:\/\/radis.ee\/wp-content\/uploads\/2020\/10\/Radis-logo.png","width":300,"height":63,"caption":"Radis O\u00dc"},"image":{"@id":"https:\/\/radis.ee\/#\/schema\/logo\/image\/"},"sameAs":["https:\/\/www.facebook.com\/radisfurniture\/"]}]}},"_links":{"self":[{"href":"https:\/\/radis.ee\/de\/wp-json\/wp\/v2\/product\/5147","targetHints":{"allow":["GET"]}}],"collection":[{"href":"https:\/\/radis.ee\/de\/wp-json\/wp\/v2\/product"}],"about":[{"href":"https:\/\/radis.ee\/de\/wp-json\/wp\/v2\/types\/product"}],"replies":[{"embeddable":true,"href":"https:\/\/radis.ee\/de\/wp-json\/wp\/v2\/comments?post=5147"}],"wp:featuredmedia":[{"embeddable":true,"href":"https:\/\/radis.ee\/de\/wp-json\/wp\/v2\/media\/5133"}],"wp:attachment":[{"href":"https:\/\/radis.ee\/de\/wp-json\/wp\/v2\/media?parent=5147"}],"wp:term":[{"taxonomy":"product_brand","embeddable":true,"href":"https:\/\/radis.ee\/de\/wp-json\/wp\/v2\/product_brand?post=5147"},{"taxonomy":"product_cat","embeddable":true,"href":"https:\/\/radis.ee\/de\/wp-json\/wp\/v2\/product_cat?post=5147"},{"taxonomy":"product_tag","embeddable":true,"href":"https:\/\/radis.ee\/de\/wp-json\/wp\/v2\/product_tag?post=5147"}],"curies":[{"name":"wp","href":"https:\/\/api.w.org\/{rel}","templated":true}]}}