{"id":5647,"date":"2022-10-18T21:31:38","date_gmt":"2022-10-18T18:31:38","guid":{"rendered":"https:\/\/radis.ee\/ausziehbarer-esstisch-dinn\/"},"modified":"2025-11-06T13:28:00","modified_gmt":"2025-11-06T11:28:00","slug":"ausziehbarer-esstisch-dinn","status":"publish","type":"product","link":"https:\/\/radis.ee\/de\/ausziehbarer-esstisch-dinn\/","title":{"rendered":"Ausziehbarer Esstisch DINN"},"content":{"rendered":"<p>Im Familienalltag bewahrt er Zur\u00fcckhaltung, doch sobald G\u00e4ste erscheinen, breitet DINN seine Fl\u00fcgel aus. Und prompt hat man fast einen Meter Platz f\u00fcr Kaviarsch\u00fcsseln, Weingl\u00e4ser und die Ellenbogen der G\u00e4ste.<\/p>\n<p>Tischplatte aus sehr strapazierf\u00e4higem, seidenmattem HPL oder Forbo-M\u00f6bellinoleum auf Sperrholz. Beine aus ge\u00f6lter Birke, heller Eichenton.<\/p>\n<p>Das Ausziehen der Tischverl\u00e4ngerungen ist sehr leichtg\u00e4ngig. Der Tisch ist bereits montiert. Sie m\u00fcssen nur die Beine befestigen.<\/p>\n","protected":false},"excerpt":{"rendered":"<p>Im Familienalltag bewahrt er Zur\u00fcckhaltung, doch sobald G\u00e4ste erscheinen, breitet DINN seine Fl\u00fcgel aus. Und prompt hat man fast einen Meter Platz f\u00fcr Kaviarsch\u00fcsseln, Weingl\u00e4ser und die Ellenbogen der G\u00e4ste. Tischplatte aus sehr strapazierf\u00e4higem, seidenmattem HPL oder Forbo-M\u00f6bellinoleum auf Sperrholz. Beine aus ge\u00f6lter Birke, heller Eichenton. Das Ausziehen der Tischverl\u00e4ngerungen ist sehr leichtg\u00e4ngig. Der Tisch&#8230;<\/p>\n","protected":false},"featured_media":25033,"comment_status":"open","ping_status":"closed","template":"","meta":{"_acf_changed":false},"product_brand":[],"product_cat":[111],"product_tag":[],"class_list":{"0":"post-5647","1":"product","2":"type-product","3":"status-publish","4":"has-post-thumbnail","6":"product_cat-lauad","8":"first","9":"instock","10":"taxable","11":"shipping-taxable","12":"purchasable","13":"product-type-variable","14":"has-default-attributes"},"acf":[],"yoast_head":"<!-- This site is optimized with the Yoast SEO plugin v27.3 - https:\/\/yoast.com\/product\/yoast-seo-wordpress\/ -->\n<title>Ausziehbarer Esstisch DINN - Radis<\/title>\n<meta name=\"robots\" content=\"index, follow, max-snippet:-1, max-image-preview:large, max-video-preview:-1\" \/>\n<link rel=\"canonical\" href=\"https:\/\/radis.ee\/de\/ausziehbarer-esstisch-dinn\/\" \/>\n<meta property=\"og:locale\" content=\"de_DE\" \/>\n<meta property=\"og:type\" content=\"article\" \/>\n<meta property=\"og:title\" content=\"Ausziehbarer Esstisch DINN - Radis\" \/>\n<meta property=\"og:description\" content=\"Im Familienalltag bewahrt er Zur\u00fcckhaltung, doch sobald G\u00e4ste erscheinen, breitet DINN seine Fl\u00fcgel aus. Und prompt hat man fast einen Meter Platz f\u00fcr Kaviarsch\u00fcsseln, Weingl\u00e4ser und die Ellenbogen der G\u00e4ste. Tischplatte aus sehr strapazierf\u00e4higem, seidenmattem HPL oder Forbo-M\u00f6bellinoleum auf Sperrholz. Beine aus ge\u00f6lter Birke, heller Eichenton. Das Ausziehen der Tischverl\u00e4ngerungen ist sehr leichtg\u00e4ngig. Der Tisch...\" \/>\n<meta property=\"og:url\" content=\"https:\/\/radis.ee\/de\/ausziehbarer-esstisch-dinn\/\" \/>\n<meta property=\"og:site_name\" content=\"Radis\" \/>\n<meta property=\"article:publisher\" content=\"https:\/\/www.facebook.com\/radisfurniture\/\" \/>\n<meta property=\"article:modified_time\" content=\"2025-11-06T11:28:00+00:00\" \/>\n<meta property=\"og:image\" content=\"https:\/\/radis.ee\/wp-content\/uploads\/2022\/10\/Radis_DINN_extendable_dinner_table_Ausziehbarer_Esstisch_Jatkettava_ruokapoyta.jpg\" \/>\n\t<meta property=\"og:image:width\" content=\"1115\" \/>\n\t<meta property=\"og:image:height\" content=\"1343\" \/>\n\t<meta property=\"og:image:type\" content=\"image\/jpeg\" \/>\n<meta name=\"twitter:card\" content=\"summary_large_image\" \/>\n<script type=\"application\/ld+json\" class=\"yoast-schema-graph\">{\"@context\":\"https:\\\/\\\/schema.org\",\"@graph\":[{\"@type\":\"WebPage\",\"@id\":\"https:\\\/\\\/radis.ee\\\/de\\\/ausziehbarer-esstisch-dinn\\\/\",\"url\":\"https:\\\/\\\/radis.ee\\\/de\\\/ausziehbarer-esstisch-dinn\\\/\",\"name\":\"Ausziehbarer Esstisch DINN - Radis\",\"isPartOf\":{\"@id\":\"https:\\\/\\\/radis.ee\\\/#website\"},\"primaryImageOfPage\":{\"@id\":\"https:\\\/\\\/radis.ee\\\/de\\\/ausziehbarer-esstisch-dinn\\\/#primaryimage\"},\"image\":{\"@id\":\"https:\\\/\\\/radis.ee\\\/de\\\/ausziehbarer-esstisch-dinn\\\/#primaryimage\"},\"thumbnailUrl\":\"https:\\\/\\\/radis.ee\\\/wp-content\\\/uploads\\\/2022\\\/10\\\/Radis_DINN_extendable_dinner_table_Ausziehbarer_Esstisch_Jatkettava_ruokapoyta.jpg\",\"datePublished\":\"2022-10-18T18:31:38+00:00\",\"dateModified\":\"2025-11-06T11:28:00+00:00\",\"breadcrumb\":{\"@id\":\"https:\\\/\\\/radis.ee\\\/de\\\/ausziehbarer-esstisch-dinn\\\/#breadcrumb\"},\"inLanguage\":\"de\",\"potentialAction\":[{\"@type\":\"ReadAction\",\"target\":[\"https:\\\/\\\/radis.ee\\\/de\\\/ausziehbarer-esstisch-dinn\\\/\"]}]},{\"@type\":\"ImageObject\",\"inLanguage\":\"de\",\"@id\":\"https:\\\/\\\/radis.ee\\\/de\\\/ausziehbarer-esstisch-dinn\\\/#primaryimage\",\"url\":\"https:\\\/\\\/radis.ee\\\/wp-content\\\/uploads\\\/2022\\\/10\\\/Radis_DINN_extendable_dinner_table_Ausziehbarer_Esstisch_Jatkettava_ruokapoyta.jpg\",\"contentUrl\":\"https:\\\/\\\/radis.ee\\\/wp-content\\\/uploads\\\/2022\\\/10\\\/Radis_DINN_extendable_dinner_table_Ausziehbarer_Esstisch_Jatkettava_ruokapoyta.jpg\",\"width\":1115,\"height\":1343,\"caption\":\"RADIS EXTENDABLE DINNER TABLE DINN\"},{\"@type\":\"BreadcrumbList\",\"@id\":\"https:\\\/\\\/radis.ee\\\/de\\\/ausziehbarer-esstisch-dinn\\\/#breadcrumb\",\"itemListElement\":[{\"@type\":\"ListItem\",\"position\":1,\"name\":\"Home\",\"item\":\"https:\\\/\\\/radis.ee\\\/\"},{\"@type\":\"ListItem\",\"position\":2,\"name\":\"Produkte\",\"item\":\"https:\\\/\\\/radis.ee\\\/de\\\/produkte\\\/\"},{\"@type\":\"ListItem\",\"position\":3,\"name\":\"Ausziehbarer Esstisch DINN\"}]},{\"@type\":\"WebSite\",\"@id\":\"https:\\\/\\\/radis.ee\\\/#website\",\"url\":\"https:\\\/\\\/radis.ee\\\/\",\"name\":\"Radis\",\"description\":\"Nordic design furniture, environmentally friendly and sustainable.\",\"publisher\":{\"@id\":\"https:\\\/\\\/radis.ee\\\/#organization\"},\"potentialAction\":[{\"@type\":\"SearchAction\",\"target\":{\"@type\":\"EntryPoint\",\"urlTemplate\":\"https:\\\/\\\/radis.ee\\\/?s={search_term_string}\"},\"query-input\":{\"@type\":\"PropertyValueSpecification\",\"valueRequired\":true,\"valueName\":\"search_term_string\"}}],\"inLanguage\":\"de\"},{\"@type\":\"Organization\",\"@id\":\"https:\\\/\\\/radis.ee\\\/#organization\",\"name\":\"Radis O\u00dc\",\"url\":\"https:\\\/\\\/radis.ee\\\/\",\"logo\":{\"@type\":\"ImageObject\",\"inLanguage\":\"de\",\"@id\":\"https:\\\/\\\/radis.ee\\\/#\\\/schema\\\/logo\\\/image\\\/\",\"url\":\"https:\\\/\\\/radis.ee\\\/wp-content\\\/uploads\\\/2020\\\/10\\\/Radis-logo.png\",\"contentUrl\":\"https:\\\/\\\/radis.ee\\\/wp-content\\\/uploads\\\/2020\\\/10\\\/Radis-logo.png\",\"width\":300,\"height\":63,\"caption\":\"Radis O\u00dc\"},\"image\":{\"@id\":\"https:\\\/\\\/radis.ee\\\/#\\\/schema\\\/logo\\\/image\\\/\"},\"sameAs\":[\"https:\\\/\\\/www.facebook.com\\\/radisfurniture\\\/\"]}]}<\/script>\n<!-- \/ Yoast SEO plugin. -->","yoast_head_json":{"title":"Ausziehbarer Esstisch DINN - Radis","robots":{"index":"index","follow":"follow","max-snippet":"max-snippet:-1","max-image-preview":"max-image-preview:large","max-video-preview":"max-video-preview:-1"},"canonical":"https:\/\/radis.ee\/de\/ausziehbarer-esstisch-dinn\/","og_locale":"de_DE","og_type":"article","og_title":"Ausziehbarer Esstisch DINN - Radis","og_description":"Im Familienalltag bewahrt er Zur\u00fcckhaltung, doch sobald G\u00e4ste erscheinen, breitet DINN seine Fl\u00fcgel aus. Und prompt hat man fast einen Meter Platz f\u00fcr Kaviarsch\u00fcsseln, Weingl\u00e4ser und die Ellenbogen der G\u00e4ste. Tischplatte aus sehr strapazierf\u00e4higem, seidenmattem HPL oder Forbo-M\u00f6bellinoleum auf Sperrholz. Beine aus ge\u00f6lter Birke, heller Eichenton. Das Ausziehen der Tischverl\u00e4ngerungen ist sehr leichtg\u00e4ngig. Der Tisch...","og_url":"https:\/\/radis.ee\/de\/ausziehbarer-esstisch-dinn\/","og_site_name":"Radis","article_publisher":"https:\/\/www.facebook.com\/radisfurniture\/","article_modified_time":"2025-11-06T11:28:00+00:00","og_image":[{"width":1115,"height":1343,"url":"https:\/\/radis.ee\/wp-content\/uploads\/2022\/10\/Radis_DINN_extendable_dinner_table_Ausziehbarer_Esstisch_Jatkettava_ruokapoyta.jpg","type":"image\/jpeg"}],"twitter_card":"summary_large_image","schema":{"@context":"https:\/\/schema.org","@graph":[{"@type":"WebPage","@id":"https:\/\/radis.ee\/de\/ausziehbarer-esstisch-dinn\/","url":"https:\/\/radis.ee\/de\/ausziehbarer-esstisch-dinn\/","name":"Ausziehbarer Esstisch DINN - Radis","isPartOf":{"@id":"https:\/\/radis.ee\/#website"},"primaryImageOfPage":{"@id":"https:\/\/radis.ee\/de\/ausziehbarer-esstisch-dinn\/#primaryimage"},"image":{"@id":"https:\/\/radis.ee\/de\/ausziehbarer-esstisch-dinn\/#primaryimage"},"thumbnailUrl":"https:\/\/radis.ee\/wp-content\/uploads\/2022\/10\/Radis_DINN_extendable_dinner_table_Ausziehbarer_Esstisch_Jatkettava_ruokapoyta.jpg","datePublished":"2022-10-18T18:31:38+00:00","dateModified":"2025-11-06T11:28:00+00:00","breadcrumb":{"@id":"https:\/\/radis.ee\/de\/ausziehbarer-esstisch-dinn\/#breadcrumb"},"inLanguage":"de","potentialAction":[{"@type":"ReadAction","target":["https:\/\/radis.ee\/de\/ausziehbarer-esstisch-dinn\/"]}]},{"@type":"ImageObject","inLanguage":"de","@id":"https:\/\/radis.ee\/de\/ausziehbarer-esstisch-dinn\/#primaryimage","url":"https:\/\/radis.ee\/wp-content\/uploads\/2022\/10\/Radis_DINN_extendable_dinner_table_Ausziehbarer_Esstisch_Jatkettava_ruokapoyta.jpg","contentUrl":"https:\/\/radis.ee\/wp-content\/uploads\/2022\/10\/Radis_DINN_extendable_dinner_table_Ausziehbarer_Esstisch_Jatkettava_ruokapoyta.jpg","width":1115,"height":1343,"caption":"RADIS EXTENDABLE DINNER TABLE DINN"},{"@type":"BreadcrumbList","@id":"https:\/\/radis.ee\/de\/ausziehbarer-esstisch-dinn\/#breadcrumb","itemListElement":[{"@type":"ListItem","position":1,"name":"Home","item":"https:\/\/radis.ee\/"},{"@type":"ListItem","position":2,"name":"Produkte","item":"https:\/\/radis.ee\/de\/produkte\/"},{"@type":"ListItem","position":3,"name":"Ausziehbarer Esstisch DINN"}]},{"@type":"WebSite","@id":"https:\/\/radis.ee\/#website","url":"https:\/\/radis.ee\/","name":"Radis","description":"Nordic design furniture, environmentally friendly and sustainable.","publisher":{"@id":"https:\/\/radis.ee\/#organization"},"potentialAction":[{"@type":"SearchAction","target":{"@type":"EntryPoint","urlTemplate":"https:\/\/radis.ee\/?s={search_term_string}"},"query-input":{"@type":"PropertyValueSpecification","valueRequired":true,"valueName":"search_term_string"}}],"inLanguage":"de"},{"@type":"Organization","@id":"https:\/\/radis.ee\/#organization","name":"Radis O\u00dc","url":"https:\/\/radis.ee\/","logo":{"@type":"ImageObject","inLanguage":"de","@id":"https:\/\/radis.ee\/#\/schema\/logo\/image\/","url":"https:\/\/radis.ee\/wp-content\/uploads\/2020\/10\/Radis-logo.png","contentUrl":"https:\/\/radis.ee\/wp-content\/uploads\/2020\/10\/Radis-logo.png","width":300,"height":63,"caption":"Radis O\u00dc"},"image":{"@id":"https:\/\/radis.ee\/#\/schema\/logo\/image\/"},"sameAs":["https:\/\/www.facebook.com\/radisfurniture\/"]}]}},"_links":{"self":[{"href":"https:\/\/radis.ee\/de\/wp-json\/wp\/v2\/product\/5647","targetHints":{"allow":["GET"]}}],"collection":[{"href":"https:\/\/radis.ee\/de\/wp-json\/wp\/v2\/product"}],"about":[{"href":"https:\/\/radis.ee\/de\/wp-json\/wp\/v2\/types\/product"}],"replies":[{"embeddable":true,"href":"https:\/\/radis.ee\/de\/wp-json\/wp\/v2\/comments?post=5647"}],"wp:featuredmedia":[{"embeddable":true,"href":"https:\/\/radis.ee\/de\/wp-json\/wp\/v2\/media\/25033"}],"wp:attachment":[{"href":"https:\/\/radis.ee\/de\/wp-json\/wp\/v2\/media?parent=5647"}],"wp:term":[{"taxonomy":"product_brand","embeddable":true,"href":"https:\/\/radis.ee\/de\/wp-json\/wp\/v2\/product_brand?post=5647"},{"taxonomy":"product_cat","embeddable":true,"href":"https:\/\/radis.ee\/de\/wp-json\/wp\/v2\/product_cat?post=5647"},{"taxonomy":"product_tag","embeddable":true,"href":"https:\/\/radis.ee\/de\/wp-json\/wp\/v2\/product_tag?post=5647"}],"curies":[{"name":"wp","href":"https:\/\/api.w.org\/{rel}","templated":true}]}}