{"id":6045,"date":"2020-07-15T13:06:33","date_gmt":"2020-11-15T11:06:33","guid":{"rendered":"https:\/\/radis.ee\/regal-boxy\/"},"modified":"2022-09-05T15:07:54","modified_gmt":"2022-09-05T12:07:54","slug":"regal-boxy-s","status":"publish","type":"product","link":"https:\/\/radis.ee\/de\/regal-boxy-s\/","title":{"rendered":"Regal BOXY S"},"content":{"rendered":"<p>Regale sind die grauen Kardin\u00e4le des Raumes. Sie fallen nicht sofort ins Auge, tragen aber viel Gewicht, das die allgemeine Stimmung des Raums bestimmt.<\/p>\n<p>Regal BOXY ist w\u00fcrdevoll und bescheiden &#8211; ein Klassiker, k\u00f6nnte man sagen. Es gibt dem Raum ein fertiges Eindruck und ist dennoch so praktisch, dass Sie kein anderes Regal ben\u00f6tigen.<\/p>\n<p>Die Regalinnenh\u00f6he betr\u00e4gt 33 cm und erm\u00f6glicht die einfache Unterbringung gr\u00f6\u00dferer B\u00fccher und Ordner. Die Innenbreite der Schr\u00e4nke betr\u00e4gt 33 cm.<\/p>\n<p>Hergestellt aus Birkensperrholz, \u00f6lgewachsten, weich schlie\u00dfenden T\u00fcrscharnieren. Schiebet\u00fcrscharniere, die sich mit Druck \u00f6ffnen und schlie\u00dfen. 8 cm hoher Sockel unter dem Sideboard, passend zu verschiedenen Bodenleisten.<\/p>\n","protected":false},"excerpt":{"rendered":"<p>Regale sind die grauen Kardin\u00e4le des Raumes. Sie fallen nicht sofort ins Auge, tragen aber viel Gewicht, das die allgemeine Stimmung des Raums bestimmt. Regal BOXY ist w\u00fcrdevoll und bescheiden &#8211; ein Klassiker, k\u00f6nnte man sagen. Es gibt dem Raum ein fertiges Eindruck und ist dennoch so praktisch, dass Sie kein anderes Regal ben\u00f6tigen. Die&#8230;<\/p>\n","protected":false},"featured_media":16896,"comment_status":"open","ping_status":"closed","template":"","meta":{"_acf_changed":false},"product_brand":[],"product_cat":[109],"product_tag":[],"class_list":{"0":"post-6045","1":"product","2":"type-product","3":"status-publish","4":"has-post-thumbnail","6":"product_cat-riiulid","8":"first","9":"instock","10":"taxable","11":"shipping-taxable","12":"purchasable","13":"product-type-variable"},"acf":[],"yoast_head":"<!-- This site is optimized with the Yoast SEO plugin v27.3 - https:\/\/yoast.com\/product\/yoast-seo-wordpress\/ -->\n<title>Regal BOXY S - Radis<\/title>\n<meta name=\"robots\" content=\"index, follow, max-snippet:-1, max-image-preview:large, max-video-preview:-1\" \/>\n<link rel=\"canonical\" href=\"https:\/\/radis.ee\/riiul-boxy_s\/\" \/>\n<meta property=\"og:locale\" content=\"de_DE\" \/>\n<meta property=\"og:type\" content=\"article\" \/>\n<meta property=\"og:title\" content=\"Regal BOXY S - Radis\" \/>\n<meta property=\"og:description\" content=\"Regale sind die grauen Kardin\u00e4le des Raumes. Sie fallen nicht sofort ins Auge, tragen aber viel Gewicht, das die allgemeine Stimmung des Raums bestimmt. Regal BOXY ist w\u00fcrdevoll und bescheiden &#8211; ein Klassiker, k\u00f6nnte man sagen. Es gibt dem Raum ein fertiges Eindruck und ist dennoch so praktisch, dass Sie kein anderes Regal ben\u00f6tigen. Die...\" \/>\n<meta property=\"og:url\" content=\"https:\/\/radis.ee\/riiul-boxy_s\/\" \/>\n<meta property=\"og:site_name\" content=\"Radis\" \/>\n<meta property=\"article:publisher\" content=\"https:\/\/www.facebook.com\/radisfurniture\/\" \/>\n<meta property=\"article:modified_time\" content=\"2022-09-05T12:07:54+00:00\" \/>\n<meta property=\"og:image\" content=\"https:\/\/radis.ee\/wp-content\/uploads\/2020\/07\/RADIS_shelf_BOXY_S_Pebble_Grey_doors_White_film-1-scaled.jpg\" \/>\n\t<meta property=\"og:image:width\" content=\"2150\" \/>\n\t<meta property=\"og:image:height\" content=\"2560\" \/>\n\t<meta property=\"og:image:type\" content=\"image\/jpeg\" \/>\n<meta name=\"twitter:card\" content=\"summary_large_image\" \/>\n<meta name=\"twitter:label1\" content=\"Gesch\u00e4tzte Lesezeit\" \/>\n\t<meta name=\"twitter:data1\" content=\"1\u00a0Minute\" \/>\n<script type=\"application\/ld+json\" class=\"yoast-schema-graph\">{\"@context\":\"https:\\\/\\\/schema.org\",\"@graph\":[{\"@type\":\"WebPage\",\"@id\":\"https:\\\/\\\/radis.ee\\\/riiul-boxy_s\\\/\",\"url\":\"https:\\\/\\\/radis.ee\\\/riiul-boxy_s\\\/\",\"name\":\"Regal BOXY S - Radis\",\"isPartOf\":{\"@id\":\"https:\\\/\\\/radis.ee\\\/#website\"},\"primaryImageOfPage\":{\"@id\":\"https:\\\/\\\/radis.ee\\\/riiul-boxy_s\\\/#primaryimage\"},\"image\":{\"@id\":\"https:\\\/\\\/radis.ee\\\/riiul-boxy_s\\\/#primaryimage\"},\"thumbnailUrl\":\"https:\\\/\\\/radis.ee\\\/wp-content\\\/uploads\\\/2020\\\/07\\\/RADIS_shelf_BOXY_S_Pebble_Grey_doors_White_film-1-scaled.jpg\",\"datePublished\":\"2020-11-15T11:06:33+00:00\",\"dateModified\":\"2022-09-05T12:07:54+00:00\",\"breadcrumb\":{\"@id\":\"https:\\\/\\\/radis.ee\\\/riiul-boxy_s\\\/#breadcrumb\"},\"inLanguage\":\"de\",\"potentialAction\":[{\"@type\":\"ReadAction\",\"target\":[\"https:\\\/\\\/radis.ee\\\/riiul-boxy_s\\\/\"]}]},{\"@type\":\"ImageObject\",\"inLanguage\":\"de\",\"@id\":\"https:\\\/\\\/radis.ee\\\/riiul-boxy_s\\\/#primaryimage\",\"url\":\"https:\\\/\\\/radis.ee\\\/wp-content\\\/uploads\\\/2020\\\/07\\\/RADIS_shelf_BOXY_S_Pebble_Grey_doors_White_film-1-scaled.jpg\",\"contentUrl\":\"https:\\\/\\\/radis.ee\\\/wp-content\\\/uploads\\\/2020\\\/07\\\/RADIS_shelf_BOXY_S_Pebble_Grey_doors_White_film-1-scaled.jpg\",\"width\":2150,\"height\":2560,\"caption\":\"RADIS shelf BOXY S Pebble Grey plywood oilwaxed doors White film\"},{\"@type\":\"BreadcrumbList\",\"@id\":\"https:\\\/\\\/radis.ee\\\/riiul-boxy_s\\\/#breadcrumb\",\"itemListElement\":[{\"@type\":\"ListItem\",\"position\":1,\"name\":\"Home\",\"item\":\"https:\\\/\\\/radis.ee\\\/\"},{\"@type\":\"ListItem\",\"position\":2,\"name\":\"Produkte\",\"item\":\"https:\\\/\\\/radis.ee\\\/de\\\/produkte\\\/\"},{\"@type\":\"ListItem\",\"position\":3,\"name\":\"Regal BOXY S\"}]},{\"@type\":\"WebSite\",\"@id\":\"https:\\\/\\\/radis.ee\\\/#website\",\"url\":\"https:\\\/\\\/radis.ee\\\/\",\"name\":\"Radis\",\"description\":\"Nordic design furniture, environmentally friendly and sustainable.\",\"publisher\":{\"@id\":\"https:\\\/\\\/radis.ee\\\/#organization\"},\"potentialAction\":[{\"@type\":\"SearchAction\",\"target\":{\"@type\":\"EntryPoint\",\"urlTemplate\":\"https:\\\/\\\/radis.ee\\\/?s={search_term_string}\"},\"query-input\":{\"@type\":\"PropertyValueSpecification\",\"valueRequired\":true,\"valueName\":\"search_term_string\"}}],\"inLanguage\":\"de\"},{\"@type\":\"Organization\",\"@id\":\"https:\\\/\\\/radis.ee\\\/#organization\",\"name\":\"Radis O\u00dc\",\"url\":\"https:\\\/\\\/radis.ee\\\/\",\"logo\":{\"@type\":\"ImageObject\",\"inLanguage\":\"de\",\"@id\":\"https:\\\/\\\/radis.ee\\\/#\\\/schema\\\/logo\\\/image\\\/\",\"url\":\"https:\\\/\\\/radis.ee\\\/wp-content\\\/uploads\\\/2020\\\/10\\\/Radis-logo.png\",\"contentUrl\":\"https:\\\/\\\/radis.ee\\\/wp-content\\\/uploads\\\/2020\\\/10\\\/Radis-logo.png\",\"width\":300,\"height\":63,\"caption\":\"Radis O\u00dc\"},\"image\":{\"@id\":\"https:\\\/\\\/radis.ee\\\/#\\\/schema\\\/logo\\\/image\\\/\"},\"sameAs\":[\"https:\\\/\\\/www.facebook.com\\\/radisfurniture\\\/\"]}]}<\/script>\n<!-- \/ Yoast SEO plugin. -->","yoast_head_json":{"title":"Regal BOXY S - Radis","robots":{"index":"index","follow":"follow","max-snippet":"max-snippet:-1","max-image-preview":"max-image-preview:large","max-video-preview":"max-video-preview:-1"},"canonical":"https:\/\/radis.ee\/riiul-boxy_s\/","og_locale":"de_DE","og_type":"article","og_title":"Regal BOXY S - Radis","og_description":"Regale sind die grauen Kardin\u00e4le des Raumes. Sie fallen nicht sofort ins Auge, tragen aber viel Gewicht, das die allgemeine Stimmung des Raums bestimmt. Regal BOXY ist w\u00fcrdevoll und bescheiden &#8211; ein Klassiker, k\u00f6nnte man sagen. Es gibt dem Raum ein fertiges Eindruck und ist dennoch so praktisch, dass Sie kein anderes Regal ben\u00f6tigen. Die...","og_url":"https:\/\/radis.ee\/riiul-boxy_s\/","og_site_name":"Radis","article_publisher":"https:\/\/www.facebook.com\/radisfurniture\/","article_modified_time":"2022-09-05T12:07:54+00:00","og_image":[{"width":2150,"height":2560,"url":"https:\/\/radis.ee\/wp-content\/uploads\/2020\/07\/RADIS_shelf_BOXY_S_Pebble_Grey_doors_White_film-1-scaled.jpg","type":"image\/jpeg"}],"twitter_card":"summary_large_image","twitter_misc":{"Gesch\u00e4tzte Lesezeit":"1\u00a0Minute"},"schema":{"@context":"https:\/\/schema.org","@graph":[{"@type":"WebPage","@id":"https:\/\/radis.ee\/riiul-boxy_s\/","url":"https:\/\/radis.ee\/riiul-boxy_s\/","name":"Regal BOXY S - Radis","isPartOf":{"@id":"https:\/\/radis.ee\/#website"},"primaryImageOfPage":{"@id":"https:\/\/radis.ee\/riiul-boxy_s\/#primaryimage"},"image":{"@id":"https:\/\/radis.ee\/riiul-boxy_s\/#primaryimage"},"thumbnailUrl":"https:\/\/radis.ee\/wp-content\/uploads\/2020\/07\/RADIS_shelf_BOXY_S_Pebble_Grey_doors_White_film-1-scaled.jpg","datePublished":"2020-11-15T11:06:33+00:00","dateModified":"2022-09-05T12:07:54+00:00","breadcrumb":{"@id":"https:\/\/radis.ee\/riiul-boxy_s\/#breadcrumb"},"inLanguage":"de","potentialAction":[{"@type":"ReadAction","target":["https:\/\/radis.ee\/riiul-boxy_s\/"]}]},{"@type":"ImageObject","inLanguage":"de","@id":"https:\/\/radis.ee\/riiul-boxy_s\/#primaryimage","url":"https:\/\/radis.ee\/wp-content\/uploads\/2020\/07\/RADIS_shelf_BOXY_S_Pebble_Grey_doors_White_film-1-scaled.jpg","contentUrl":"https:\/\/radis.ee\/wp-content\/uploads\/2020\/07\/RADIS_shelf_BOXY_S_Pebble_Grey_doors_White_film-1-scaled.jpg","width":2150,"height":2560,"caption":"RADIS shelf BOXY S Pebble Grey plywood oilwaxed doors White film"},{"@type":"BreadcrumbList","@id":"https:\/\/radis.ee\/riiul-boxy_s\/#breadcrumb","itemListElement":[{"@type":"ListItem","position":1,"name":"Home","item":"https:\/\/radis.ee\/"},{"@type":"ListItem","position":2,"name":"Produkte","item":"https:\/\/radis.ee\/de\/produkte\/"},{"@type":"ListItem","position":3,"name":"Regal BOXY S"}]},{"@type":"WebSite","@id":"https:\/\/radis.ee\/#website","url":"https:\/\/radis.ee\/","name":"Radis","description":"Nordic design furniture, environmentally friendly and sustainable.","publisher":{"@id":"https:\/\/radis.ee\/#organization"},"potentialAction":[{"@type":"SearchAction","target":{"@type":"EntryPoint","urlTemplate":"https:\/\/radis.ee\/?s={search_term_string}"},"query-input":{"@type":"PropertyValueSpecification","valueRequired":true,"valueName":"search_term_string"}}],"inLanguage":"de"},{"@type":"Organization","@id":"https:\/\/radis.ee\/#organization","name":"Radis O\u00dc","url":"https:\/\/radis.ee\/","logo":{"@type":"ImageObject","inLanguage":"de","@id":"https:\/\/radis.ee\/#\/schema\/logo\/image\/","url":"https:\/\/radis.ee\/wp-content\/uploads\/2020\/10\/Radis-logo.png","contentUrl":"https:\/\/radis.ee\/wp-content\/uploads\/2020\/10\/Radis-logo.png","width":300,"height":63,"caption":"Radis O\u00dc"},"image":{"@id":"https:\/\/radis.ee\/#\/schema\/logo\/image\/"},"sameAs":["https:\/\/www.facebook.com\/radisfurniture\/"]}]}},"_links":{"self":[{"href":"https:\/\/radis.ee\/de\/wp-json\/wp\/v2\/product\/6045","targetHints":{"allow":["GET"]}}],"collection":[{"href":"https:\/\/radis.ee\/de\/wp-json\/wp\/v2\/product"}],"about":[{"href":"https:\/\/radis.ee\/de\/wp-json\/wp\/v2\/types\/product"}],"replies":[{"embeddable":true,"href":"https:\/\/radis.ee\/de\/wp-json\/wp\/v2\/comments?post=6045"}],"wp:featuredmedia":[{"embeddable":true,"href":"https:\/\/radis.ee\/de\/wp-json\/wp\/v2\/media\/16896"}],"wp:attachment":[{"href":"https:\/\/radis.ee\/de\/wp-json\/wp\/v2\/media?parent=6045"}],"wp:term":[{"taxonomy":"product_brand","embeddable":true,"href":"https:\/\/radis.ee\/de\/wp-json\/wp\/v2\/product_brand?post=6045"},{"taxonomy":"product_cat","embeddable":true,"href":"https:\/\/radis.ee\/de\/wp-json\/wp\/v2\/product_cat?post=6045"},{"taxonomy":"product_tag","embeddable":true,"href":"https:\/\/radis.ee\/de\/wp-json\/wp\/v2\/product_tag?post=6045"}],"curies":[{"name":"wp","href":"https:\/\/api.w.org\/{rel}","templated":true}]}}