{"id":6295,"date":"2019-11-30T22:28:59","date_gmt":"2020-11-30T20:28:59","guid":{"rendered":"https:\/\/radis.ee\/serviertisch-noble\/"},"modified":"2020-11-30T22:28:59","modified_gmt":"2020-11-30T20:28:59","slug":"serviertisch-noble","status":"publish","type":"product","link":"https:\/\/radis.ee\/de\/serviertisch-noble\/","title":{"rendered":"Serviertisch NOBLE"},"content":{"rendered":"<p>Sie m\u00fcssen niemals Kompromisse eingehen, welcher Kuchen gebacken und serviert werden soll. NOBLE Serviertisch ist hier, um alles mit Stil auf den Tisch zu bringen.<\/p>\n<p>Verwenden Sie ihn als zus\u00e4tzlichen Serviertisch, wenn Sie G\u00e4ste haben, oder einfach als s\u00fc\u00dfen Beistelltisch, um Ihre Kaffeetasse beim Lesen auf der Couch aufzustellen. Mit seinen niedlichen R\u00e4dern und seiner gro\u00dfartigen Funktionalit\u00e4t wird es zu Ihrem neuen Lieblingsm\u00f6belst\u00fcck.<\/p>\n<p>Aus eichenfurniertem Birkensperrholz, \u00f6lgewachst. Unter dem Wagen leise M\u00f6belr\u00e4der.<\/p>\n<p>Der NOBLE Serviertisch wird zu Ihrem integralen Begleiter auf Ihrem Sofa.<\/p>\n","protected":false},"excerpt":{"rendered":"<p>Sie m\u00fcssen niemals Kompromisse eingehen, welcher Kuchen gebacken und serviert werden soll. NOBLE Serviertisch ist hier, um alles mit Stil auf den Tisch zu bringen. Verwenden Sie ihn als zus\u00e4tzlichen Serviertisch, wenn Sie G\u00e4ste haben, oder einfach als s\u00fc\u00dfen Beistelltisch, um Ihre Kaffeetasse beim Lesen auf der Couch aufzustellen. Mit seinen niedlichen R\u00e4dern und seiner&#8230;<\/p>\n","protected":false},"featured_media":6319,"comment_status":"open","ping_status":"closed","template":"","meta":{"_acf_changed":false},"product_brand":[],"product_cat":[111],"product_tag":[],"class_list":{"0":"post-6295","1":"product","2":"type-product","3":"status-publish","4":"has-post-thumbnail","6":"product_cat-lauad","8":"first","9":"instock","10":"taxable","11":"shipping-taxable","12":"purchasable","13":"product-type-simple"},"acf":[],"yoast_head":"<!-- This site is optimized with the Yoast SEO plugin v27.4 - https:\/\/yoast.com\/product\/yoast-seo-wordpress\/ -->\n<title>Serviertisch NOBLE - Radis<\/title>\n<meta name=\"robots\" content=\"index, follow, max-snippet:-1, max-image-preview:large, max-video-preview:-1\" \/>\n<link rel=\"canonical\" href=\"https:\/\/radis.ee\/serveerimislaud-noble\/\" \/>\n<meta property=\"og:locale\" content=\"de_DE\" \/>\n<meta property=\"og:type\" content=\"article\" \/>\n<meta property=\"og:title\" content=\"Serviertisch NOBLE - Radis\" \/>\n<meta property=\"og:description\" content=\"Sie m\u00fcssen niemals Kompromisse eingehen, welcher Kuchen gebacken und serviert werden soll. NOBLE Serviertisch ist hier, um alles mit Stil auf den Tisch zu bringen. Verwenden Sie ihn als zus\u00e4tzlichen Serviertisch, wenn Sie G\u00e4ste haben, oder einfach als s\u00fc\u00dfen Beistelltisch, um Ihre Kaffeetasse beim Lesen auf der Couch aufzustellen. Mit seinen niedlichen R\u00e4dern und seiner...\" \/>\n<meta property=\"og:url\" content=\"https:\/\/radis.ee\/serveerimislaud-noble\/\" \/>\n<meta property=\"og:site_name\" content=\"Radis\" \/>\n<meta property=\"article:publisher\" content=\"https:\/\/www.facebook.com\/radisfurniture\/\" \/>\n<meta property=\"og:image\" content=\"https:\/\/radis.ee\/wp-content\/uploads\/2019\/11\/Radis_trolley_table_NOBLE_oakveneered_interior_2_valgetaust-scaled.jpg\" \/>\n\t<meta property=\"og:image:width\" content=\"1798\" \/>\n\t<meta property=\"og:image:height\" content=\"2560\" \/>\n\t<meta property=\"og:image:type\" content=\"image\/jpeg\" \/>\n<meta name=\"twitter:card\" content=\"summary_large_image\" \/>\n<script type=\"application\/ld+json\" class=\"yoast-schema-graph\">{\"@context\":\"https:\\\/\\\/schema.org\",\"@graph\":[{\"@type\":\"WebPage\",\"@id\":\"https:\\\/\\\/radis.ee\\\/serveerimislaud-noble\\\/\",\"url\":\"https:\\\/\\\/radis.ee\\\/serveerimislaud-noble\\\/\",\"name\":\"Serviertisch NOBLE - Radis\",\"isPartOf\":{\"@id\":\"https:\\\/\\\/radis.ee\\\/#website\"},\"primaryImageOfPage\":{\"@id\":\"https:\\\/\\\/radis.ee\\\/serveerimislaud-noble\\\/#primaryimage\"},\"image\":{\"@id\":\"https:\\\/\\\/radis.ee\\\/serveerimislaud-noble\\\/#primaryimage\"},\"thumbnailUrl\":\"https:\\\/\\\/radis.ee\\\/wp-content\\\/uploads\\\/2019\\\/11\\\/Radis_trolley_table_NOBLE_oakveneered_interior_2_valgetaust-scaled.jpg\",\"datePublished\":\"2020-11-30T20:28:59+00:00\",\"breadcrumb\":{\"@id\":\"https:\\\/\\\/radis.ee\\\/serveerimislaud-noble\\\/#breadcrumb\"},\"inLanguage\":\"de\",\"potentialAction\":[{\"@type\":\"ReadAction\",\"target\":[\"https:\\\/\\\/radis.ee\\\/serveerimislaud-noble\\\/\"]}]},{\"@type\":\"ImageObject\",\"inLanguage\":\"de\",\"@id\":\"https:\\\/\\\/radis.ee\\\/serveerimislaud-noble\\\/#primaryimage\",\"url\":\"https:\\\/\\\/radis.ee\\\/wp-content\\\/uploads\\\/2019\\\/11\\\/Radis_trolley_table_NOBLE_oakveneered_interior_2_valgetaust-scaled.jpg\",\"contentUrl\":\"https:\\\/\\\/radis.ee\\\/wp-content\\\/uploads\\\/2019\\\/11\\\/Radis_trolley_table_NOBLE_oakveneered_interior_2_valgetaust-scaled.jpg\",\"width\":1798,\"height\":2560,\"caption\":\"Trolley NOBLE\"},{\"@type\":\"BreadcrumbList\",\"@id\":\"https:\\\/\\\/radis.ee\\\/serveerimislaud-noble\\\/#breadcrumb\",\"itemListElement\":[{\"@type\":\"ListItem\",\"position\":1,\"name\":\"Home\",\"item\":\"https:\\\/\\\/radis.ee\\\/\"},{\"@type\":\"ListItem\",\"position\":2,\"name\":\"Produkte\",\"item\":\"https:\\\/\\\/radis.ee\\\/de\\\/produkte\\\/\"},{\"@type\":\"ListItem\",\"position\":3,\"name\":\"Serviertisch NOBLE\"}]},{\"@type\":\"WebSite\",\"@id\":\"https:\\\/\\\/radis.ee\\\/#website\",\"url\":\"https:\\\/\\\/radis.ee\\\/\",\"name\":\"Radis\",\"description\":\"Nordic design furniture, environmentally friendly and sustainable.\",\"publisher\":{\"@id\":\"https:\\\/\\\/radis.ee\\\/#organization\"},\"potentialAction\":[{\"@type\":\"SearchAction\",\"target\":{\"@type\":\"EntryPoint\",\"urlTemplate\":\"https:\\\/\\\/radis.ee\\\/?s={search_term_string}\"},\"query-input\":{\"@type\":\"PropertyValueSpecification\",\"valueRequired\":true,\"valueName\":\"search_term_string\"}}],\"inLanguage\":\"de\"},{\"@type\":\"Organization\",\"@id\":\"https:\\\/\\\/radis.ee\\\/#organization\",\"name\":\"Radis O\u00dc\",\"url\":\"https:\\\/\\\/radis.ee\\\/\",\"logo\":{\"@type\":\"ImageObject\",\"inLanguage\":\"de\",\"@id\":\"https:\\\/\\\/radis.ee\\\/#\\\/schema\\\/logo\\\/image\\\/\",\"url\":\"https:\\\/\\\/radis.ee\\\/wp-content\\\/uploads\\\/2020\\\/10\\\/Radis-logo.png\",\"contentUrl\":\"https:\\\/\\\/radis.ee\\\/wp-content\\\/uploads\\\/2020\\\/10\\\/Radis-logo.png\",\"width\":300,\"height\":63,\"caption\":\"Radis O\u00dc\"},\"image\":{\"@id\":\"https:\\\/\\\/radis.ee\\\/#\\\/schema\\\/logo\\\/image\\\/\"},\"sameAs\":[\"https:\\\/\\\/www.facebook.com\\\/radisfurniture\\\/\"]}]}<\/script>\n<!-- \/ Yoast SEO plugin. -->","yoast_head_json":{"title":"Serviertisch NOBLE - Radis","robots":{"index":"index","follow":"follow","max-snippet":"max-snippet:-1","max-image-preview":"max-image-preview:large","max-video-preview":"max-video-preview:-1"},"canonical":"https:\/\/radis.ee\/serveerimislaud-noble\/","og_locale":"de_DE","og_type":"article","og_title":"Serviertisch NOBLE - Radis","og_description":"Sie m\u00fcssen niemals Kompromisse eingehen, welcher Kuchen gebacken und serviert werden soll. NOBLE Serviertisch ist hier, um alles mit Stil auf den Tisch zu bringen. Verwenden Sie ihn als zus\u00e4tzlichen Serviertisch, wenn Sie G\u00e4ste haben, oder einfach als s\u00fc\u00dfen Beistelltisch, um Ihre Kaffeetasse beim Lesen auf der Couch aufzustellen. Mit seinen niedlichen R\u00e4dern und seiner...","og_url":"https:\/\/radis.ee\/serveerimislaud-noble\/","og_site_name":"Radis","article_publisher":"https:\/\/www.facebook.com\/radisfurniture\/","og_image":[{"width":1798,"height":2560,"url":"https:\/\/radis.ee\/wp-content\/uploads\/2019\/11\/Radis_trolley_table_NOBLE_oakveneered_interior_2_valgetaust-scaled.jpg","type":"image\/jpeg"}],"twitter_card":"summary_large_image","schema":{"@context":"https:\/\/schema.org","@graph":[{"@type":"WebPage","@id":"https:\/\/radis.ee\/serveerimislaud-noble\/","url":"https:\/\/radis.ee\/serveerimislaud-noble\/","name":"Serviertisch NOBLE - Radis","isPartOf":{"@id":"https:\/\/radis.ee\/#website"},"primaryImageOfPage":{"@id":"https:\/\/radis.ee\/serveerimislaud-noble\/#primaryimage"},"image":{"@id":"https:\/\/radis.ee\/serveerimislaud-noble\/#primaryimage"},"thumbnailUrl":"https:\/\/radis.ee\/wp-content\/uploads\/2019\/11\/Radis_trolley_table_NOBLE_oakveneered_interior_2_valgetaust-scaled.jpg","datePublished":"2020-11-30T20:28:59+00:00","breadcrumb":{"@id":"https:\/\/radis.ee\/serveerimislaud-noble\/#breadcrumb"},"inLanguage":"de","potentialAction":[{"@type":"ReadAction","target":["https:\/\/radis.ee\/serveerimislaud-noble\/"]}]},{"@type":"ImageObject","inLanguage":"de","@id":"https:\/\/radis.ee\/serveerimislaud-noble\/#primaryimage","url":"https:\/\/radis.ee\/wp-content\/uploads\/2019\/11\/Radis_trolley_table_NOBLE_oakveneered_interior_2_valgetaust-scaled.jpg","contentUrl":"https:\/\/radis.ee\/wp-content\/uploads\/2019\/11\/Radis_trolley_table_NOBLE_oakveneered_interior_2_valgetaust-scaled.jpg","width":1798,"height":2560,"caption":"Trolley NOBLE"},{"@type":"BreadcrumbList","@id":"https:\/\/radis.ee\/serveerimislaud-noble\/#breadcrumb","itemListElement":[{"@type":"ListItem","position":1,"name":"Home","item":"https:\/\/radis.ee\/"},{"@type":"ListItem","position":2,"name":"Produkte","item":"https:\/\/radis.ee\/de\/produkte\/"},{"@type":"ListItem","position":3,"name":"Serviertisch NOBLE"}]},{"@type":"WebSite","@id":"https:\/\/radis.ee\/#website","url":"https:\/\/radis.ee\/","name":"Radis","description":"Nordic design furniture, environmentally friendly and sustainable.","publisher":{"@id":"https:\/\/radis.ee\/#organization"},"potentialAction":[{"@type":"SearchAction","target":{"@type":"EntryPoint","urlTemplate":"https:\/\/radis.ee\/?s={search_term_string}"},"query-input":{"@type":"PropertyValueSpecification","valueRequired":true,"valueName":"search_term_string"}}],"inLanguage":"de"},{"@type":"Organization","@id":"https:\/\/radis.ee\/#organization","name":"Radis O\u00dc","url":"https:\/\/radis.ee\/","logo":{"@type":"ImageObject","inLanguage":"de","@id":"https:\/\/radis.ee\/#\/schema\/logo\/image\/","url":"https:\/\/radis.ee\/wp-content\/uploads\/2020\/10\/Radis-logo.png","contentUrl":"https:\/\/radis.ee\/wp-content\/uploads\/2020\/10\/Radis-logo.png","width":300,"height":63,"caption":"Radis O\u00dc"},"image":{"@id":"https:\/\/radis.ee\/#\/schema\/logo\/image\/"},"sameAs":["https:\/\/www.facebook.com\/radisfurniture\/"]}]}},"_links":{"self":[{"href":"https:\/\/radis.ee\/de\/wp-json\/wp\/v2\/product\/6295","targetHints":{"allow":["GET"]}}],"collection":[{"href":"https:\/\/radis.ee\/de\/wp-json\/wp\/v2\/product"}],"about":[{"href":"https:\/\/radis.ee\/de\/wp-json\/wp\/v2\/types\/product"}],"replies":[{"embeddable":true,"href":"https:\/\/radis.ee\/de\/wp-json\/wp\/v2\/comments?post=6295"}],"wp:featuredmedia":[{"embeddable":true,"href":"https:\/\/radis.ee\/de\/wp-json\/wp\/v2\/media\/6319"}],"wp:attachment":[{"href":"https:\/\/radis.ee\/de\/wp-json\/wp\/v2\/media?parent=6295"}],"wp:term":[{"taxonomy":"product_brand","embeddable":true,"href":"https:\/\/radis.ee\/de\/wp-json\/wp\/v2\/product_brand?post=6295"},{"taxonomy":"product_cat","embeddable":true,"href":"https:\/\/radis.ee\/de\/wp-json\/wp\/v2\/product_cat?post=6295"},{"taxonomy":"product_tag","embeddable":true,"href":"https:\/\/radis.ee\/de\/wp-json\/wp\/v2\/product_tag?post=6295"}],"curies":[{"name":"wp","href":"https:\/\/api.w.org\/{rel}","templated":true}]}}