{"id":6391,"date":"2020-05-14T21:36:03","date_gmt":"2020-12-14T19:36:03","guid":{"rendered":"https:\/\/radis.ee\/hohenverstellbarer-schreibtisch-vista\/"},"modified":"2023-02-21T14:11:01","modified_gmt":"2023-02-21T12:11:01","slug":"hohenverstellbarer-schreibtisch-vista","status":"publish","type":"product","link":"https:\/\/radis.ee\/de\/hohenverstellbarer-schreibtisch-vista\/","title":{"rendered":"H\u00f6henverstellbarer Schreibtisch VISTA"},"content":{"rendered":"<p>Der h\u00f6henverstellbare Schreibtisch Vista h\u00e4lt Ihr Zuhause oder B\u00fcro sauber. Es h\u00e4lt auch Ihren R\u00fccken gesund. W\u00e4hrend Ihres Arbeitstages k\u00f6nnen Sie die Position des Schreibtisches per Knopfdruck von sitzend auf stehend \u00e4ndern. Die elektrisch verstellbaren Tischbeine erm\u00f6glichen einen einfachen Wechsel zwischen Sitz- und Stehposition w\u00e4hrend der Arbeit. Diese Abwechslung und Vielseitigkeit reduziert Muskelverspannungen in Ihrem R\u00fccken, da Sie nicht gezwungen werden, den ganzen Tag in derselben Position zu sein.<\/p>\n<p>Sie k\u00f6nnen die passende H\u00f6he des Tisches zentimetergenau ausw\u00e4hlen und im Speicher des Tisches speichern. Das ist besonders praktisch, wenn der Tisch von mehreren Personen genutzt wird, so k\u00f6nnen bis zu drei Personen ihre Lieblingsh\u00f6he speichern und mit einem einzigen Knopfdruck hinter dem Tisch richtig einstellen. Dank der zwei Motoren sind die verstellbaren Beine sehr leichtg\u00e4ngig und leise, wenn Sie die H\u00f6he des Tisches \u00e4ndern. Der H\u00f6henbereich der Tischplatte betr\u00e4gt 71-120 cm. Die Belastbarkeit des Tisches betr\u00e4gt 100 kg. Elektrische Beine haben 3 aufnehmbare H\u00f6hen.<\/p>\n<p>Der Vista-Schreibtisch verf\u00fcgt \u00fcber eine gro\u00dfe Schublade f\u00fcr alle Ihre Dokumente, damit Sie bei guter Arbeitslaune bleiben. Sie k\u00f6nnen die Kabel von Computer, Lampe und anderen Ger\u00e4ten unter der Klappe der dedizierten Tischplatten verlegen, wo Sie auch die Ladeger\u00e4te und das Verl\u00e4ngerungskabel verstecken k\u00f6nnen. Die klare Form und Anpassungsf\u00e4higkeit des Schreibtisches machen ihn zum K\u00f6nig aller Heimb\u00fcros.<\/p>\n<p>Die Tafelplatte besteht aus seidenmattem, extra starkem Hochdrucklaminat (HPL) auf Sperrholz oder Eichenfurnier. Hochwertige 2-motorig verstellbare Metallf\u00fc\u00dfe sind in mehreren Farbt\u00f6nen erh\u00e4ltlich. Die Innenbreite der ger\u00e4umigen Tischschublade betr\u00e4gt 57 cm, Tiefe 34 cm, H\u00f6he 8 cm. Die Schublade hat ger\u00e4uschlose Schlie\u00dfschienen. Unter dem Kabelventil befindet sich eine ger\u00e4umige Bodenbox zum Verstecken von Kabeln mit einer Breite von 63 cm, einer H\u00f6he von 8 cm und einer Tiefe von 24 cm.<\/p>\n","protected":false},"excerpt":{"rendered":"<p>Der h\u00f6henverstellbare Schreibtisch Vista h\u00e4lt Ihr Zuhause oder B\u00fcro sauber. Es h\u00e4lt auch Ihren R\u00fccken gesund. W\u00e4hrend Ihres Arbeitstages k\u00f6nnen Sie die Position des Schreibtisches per Knopfdruck von sitzend auf stehend \u00e4ndern. Die elektrisch verstellbaren Tischbeine erm\u00f6glichen einen einfachen Wechsel zwischen Sitz- und Stehposition w\u00e4hrend der Arbeit. Diese Abwechslung und Vielseitigkeit reduziert Muskelverspannungen in Ihrem&#8230;<\/p>\n","protected":false},"featured_media":19805,"comment_status":"open","ping_status":"closed","template":"","meta":{"_acf_changed":false},"product_brand":[],"product_cat":[111],"product_tag":[],"class_list":{"0":"post-6391","1":"product","2":"type-product","3":"status-publish","4":"has-post-thumbnail","6":"product_cat-lauad","8":"first","9":"instock","10":"taxable","11":"shipping-taxable","12":"purchasable","13":"product-type-variable","14":"has-default-attributes"},"acf":[],"yoast_head":"<!-- This site is optimized with the Yoast SEO plugin v27.3 - https:\/\/yoast.com\/product\/yoast-seo-wordpress\/ -->\n<title>H\u00f6henverstellbarer Schreibtisch VISTA - Radis<\/title>\n<meta name=\"robots\" content=\"index, follow, max-snippet:-1, max-image-preview:large, max-video-preview:-1\" \/>\n<link rel=\"canonical\" href=\"https:\/\/radis.ee\/reguleeritava-korgusega-seisulaud-vista\/\" \/>\n<meta property=\"og:locale\" content=\"de_DE\" \/>\n<meta property=\"og:type\" content=\"article\" \/>\n<meta property=\"og:title\" content=\"H\u00f6henverstellbarer Schreibtisch VISTA - Radis\" \/>\n<meta property=\"og:description\" content=\"Der h\u00f6henverstellbare Schreibtisch Vista h\u00e4lt Ihr Zuhause oder B\u00fcro sauber. Es h\u00e4lt auch Ihren R\u00fccken gesund. W\u00e4hrend Ihres Arbeitstages k\u00f6nnen Sie die Position des Schreibtisches per Knopfdruck von sitzend auf stehend \u00e4ndern. Die elektrisch verstellbaren Tischbeine erm\u00f6glichen einen einfachen Wechsel zwischen Sitz- und Stehposition w\u00e4hrend der Arbeit. Diese Abwechslung und Vielseitigkeit reduziert Muskelverspannungen in Ihrem...\" \/>\n<meta property=\"og:url\" content=\"https:\/\/radis.ee\/reguleeritava-korgusega-seisulaud-vista\/\" \/>\n<meta property=\"og:site_name\" content=\"Radis\" \/>\n<meta property=\"article:publisher\" content=\"https:\/\/www.facebook.com\/radisfurniture\/\" \/>\n<meta property=\"article:modified_time\" content=\"2023-02-21T12:11:01+00:00\" \/>\n<meta property=\"og:image\" content=\"https:\/\/radis.ee\/wp-content\/uploads\/2020\/05\/Radis_desk_VISTA_white_HPL_electrical_legs_white_background-scaled.jpg\" \/>\n\t<meta property=\"og:image:width\" content=\"2150\" \/>\n\t<meta property=\"og:image:height\" content=\"2560\" \/>\n\t<meta property=\"og:image:type\" content=\"image\/jpeg\" \/>\n<meta name=\"twitter:card\" content=\"summary_large_image\" \/>\n<meta name=\"twitter:label1\" content=\"Gesch\u00e4tzte Lesezeit\" \/>\n\t<meta name=\"twitter:data1\" content=\"2\u00a0Minuten\" \/>\n<script type=\"application\/ld+json\" class=\"yoast-schema-graph\">{\"@context\":\"https:\\\/\\\/schema.org\",\"@graph\":[{\"@type\":\"WebPage\",\"@id\":\"https:\\\/\\\/radis.ee\\\/reguleeritava-korgusega-seisulaud-vista\\\/\",\"url\":\"https:\\\/\\\/radis.ee\\\/reguleeritava-korgusega-seisulaud-vista\\\/\",\"name\":\"H\u00f6henverstellbarer Schreibtisch VISTA - Radis\",\"isPartOf\":{\"@id\":\"https:\\\/\\\/radis.ee\\\/#website\"},\"primaryImageOfPage\":{\"@id\":\"https:\\\/\\\/radis.ee\\\/reguleeritava-korgusega-seisulaud-vista\\\/#primaryimage\"},\"image\":{\"@id\":\"https:\\\/\\\/radis.ee\\\/reguleeritava-korgusega-seisulaud-vista\\\/#primaryimage\"},\"thumbnailUrl\":\"https:\\\/\\\/radis.ee\\\/wp-content\\\/uploads\\\/2020\\\/05\\\/Radis_desk_VISTA_white_HPL_electrical_legs_white_background-scaled.jpg\",\"datePublished\":\"2020-12-14T19:36:03+00:00\",\"dateModified\":\"2023-02-21T12:11:01+00:00\",\"breadcrumb\":{\"@id\":\"https:\\\/\\\/radis.ee\\\/reguleeritava-korgusega-seisulaud-vista\\\/#breadcrumb\"},\"inLanguage\":\"de\",\"potentialAction\":[{\"@type\":\"ReadAction\",\"target\":[\"https:\\\/\\\/radis.ee\\\/reguleeritava-korgusega-seisulaud-vista\\\/\"]}]},{\"@type\":\"ImageObject\",\"inLanguage\":\"de\",\"@id\":\"https:\\\/\\\/radis.ee\\\/reguleeritava-korgusega-seisulaud-vista\\\/#primaryimage\",\"url\":\"https:\\\/\\\/radis.ee\\\/wp-content\\\/uploads\\\/2020\\\/05\\\/Radis_desk_VISTA_white_HPL_electrical_legs_white_background-scaled.jpg\",\"contentUrl\":\"https:\\\/\\\/radis.ee\\\/wp-content\\\/uploads\\\/2020\\\/05\\\/Radis_desk_VISTA_white_HPL_electrical_legs_white_background-scaled.jpg\",\"width\":2150,\"height\":2560,\"caption\":\"Radis desk VISTA with height adjustable electrical\"},{\"@type\":\"BreadcrumbList\",\"@id\":\"https:\\\/\\\/radis.ee\\\/reguleeritava-korgusega-seisulaud-vista\\\/#breadcrumb\",\"itemListElement\":[{\"@type\":\"ListItem\",\"position\":1,\"name\":\"Home\",\"item\":\"https:\\\/\\\/radis.ee\\\/\"},{\"@type\":\"ListItem\",\"position\":2,\"name\":\"Produkte\",\"item\":\"https:\\\/\\\/radis.ee\\\/de\\\/produkte\\\/\"},{\"@type\":\"ListItem\",\"position\":3,\"name\":\"H\u00f6henverstellbarer Schreibtisch VISTA\"}]},{\"@type\":\"WebSite\",\"@id\":\"https:\\\/\\\/radis.ee\\\/#website\",\"url\":\"https:\\\/\\\/radis.ee\\\/\",\"name\":\"Radis\",\"description\":\"Nordic design furniture, environmentally friendly and sustainable.\",\"publisher\":{\"@id\":\"https:\\\/\\\/radis.ee\\\/#organization\"},\"potentialAction\":[{\"@type\":\"SearchAction\",\"target\":{\"@type\":\"EntryPoint\",\"urlTemplate\":\"https:\\\/\\\/radis.ee\\\/?s={search_term_string}\"},\"query-input\":{\"@type\":\"PropertyValueSpecification\",\"valueRequired\":true,\"valueName\":\"search_term_string\"}}],\"inLanguage\":\"de\"},{\"@type\":\"Organization\",\"@id\":\"https:\\\/\\\/radis.ee\\\/#organization\",\"name\":\"Radis O\u00dc\",\"url\":\"https:\\\/\\\/radis.ee\\\/\",\"logo\":{\"@type\":\"ImageObject\",\"inLanguage\":\"de\",\"@id\":\"https:\\\/\\\/radis.ee\\\/#\\\/schema\\\/logo\\\/image\\\/\",\"url\":\"https:\\\/\\\/radis.ee\\\/wp-content\\\/uploads\\\/2020\\\/10\\\/Radis-logo.png\",\"contentUrl\":\"https:\\\/\\\/radis.ee\\\/wp-content\\\/uploads\\\/2020\\\/10\\\/Radis-logo.png\",\"width\":300,\"height\":63,\"caption\":\"Radis O\u00dc\"},\"image\":{\"@id\":\"https:\\\/\\\/radis.ee\\\/#\\\/schema\\\/logo\\\/image\\\/\"},\"sameAs\":[\"https:\\\/\\\/www.facebook.com\\\/radisfurniture\\\/\"]}]}<\/script>\n<!-- \/ Yoast SEO plugin. -->","yoast_head_json":{"title":"H\u00f6henverstellbarer Schreibtisch VISTA - Radis","robots":{"index":"index","follow":"follow","max-snippet":"max-snippet:-1","max-image-preview":"max-image-preview:large","max-video-preview":"max-video-preview:-1"},"canonical":"https:\/\/radis.ee\/reguleeritava-korgusega-seisulaud-vista\/","og_locale":"de_DE","og_type":"article","og_title":"H\u00f6henverstellbarer Schreibtisch VISTA - Radis","og_description":"Der h\u00f6henverstellbare Schreibtisch Vista h\u00e4lt Ihr Zuhause oder B\u00fcro sauber. Es h\u00e4lt auch Ihren R\u00fccken gesund. W\u00e4hrend Ihres Arbeitstages k\u00f6nnen Sie die Position des Schreibtisches per Knopfdruck von sitzend auf stehend \u00e4ndern. Die elektrisch verstellbaren Tischbeine erm\u00f6glichen einen einfachen Wechsel zwischen Sitz- und Stehposition w\u00e4hrend der Arbeit. Diese Abwechslung und Vielseitigkeit reduziert Muskelverspannungen in Ihrem...","og_url":"https:\/\/radis.ee\/reguleeritava-korgusega-seisulaud-vista\/","og_site_name":"Radis","article_publisher":"https:\/\/www.facebook.com\/radisfurniture\/","article_modified_time":"2023-02-21T12:11:01+00:00","og_image":[{"width":2150,"height":2560,"url":"https:\/\/radis.ee\/wp-content\/uploads\/2020\/05\/Radis_desk_VISTA_white_HPL_electrical_legs_white_background-scaled.jpg","type":"image\/jpeg"}],"twitter_card":"summary_large_image","twitter_misc":{"Gesch\u00e4tzte Lesezeit":"2\u00a0Minuten"},"schema":{"@context":"https:\/\/schema.org","@graph":[{"@type":"WebPage","@id":"https:\/\/radis.ee\/reguleeritava-korgusega-seisulaud-vista\/","url":"https:\/\/radis.ee\/reguleeritava-korgusega-seisulaud-vista\/","name":"H\u00f6henverstellbarer Schreibtisch VISTA - Radis","isPartOf":{"@id":"https:\/\/radis.ee\/#website"},"primaryImageOfPage":{"@id":"https:\/\/radis.ee\/reguleeritava-korgusega-seisulaud-vista\/#primaryimage"},"image":{"@id":"https:\/\/radis.ee\/reguleeritava-korgusega-seisulaud-vista\/#primaryimage"},"thumbnailUrl":"https:\/\/radis.ee\/wp-content\/uploads\/2020\/05\/Radis_desk_VISTA_white_HPL_electrical_legs_white_background-scaled.jpg","datePublished":"2020-12-14T19:36:03+00:00","dateModified":"2023-02-21T12:11:01+00:00","breadcrumb":{"@id":"https:\/\/radis.ee\/reguleeritava-korgusega-seisulaud-vista\/#breadcrumb"},"inLanguage":"de","potentialAction":[{"@type":"ReadAction","target":["https:\/\/radis.ee\/reguleeritava-korgusega-seisulaud-vista\/"]}]},{"@type":"ImageObject","inLanguage":"de","@id":"https:\/\/radis.ee\/reguleeritava-korgusega-seisulaud-vista\/#primaryimage","url":"https:\/\/radis.ee\/wp-content\/uploads\/2020\/05\/Radis_desk_VISTA_white_HPL_electrical_legs_white_background-scaled.jpg","contentUrl":"https:\/\/radis.ee\/wp-content\/uploads\/2020\/05\/Radis_desk_VISTA_white_HPL_electrical_legs_white_background-scaled.jpg","width":2150,"height":2560,"caption":"Radis desk VISTA with height adjustable electrical"},{"@type":"BreadcrumbList","@id":"https:\/\/radis.ee\/reguleeritava-korgusega-seisulaud-vista\/#breadcrumb","itemListElement":[{"@type":"ListItem","position":1,"name":"Home","item":"https:\/\/radis.ee\/"},{"@type":"ListItem","position":2,"name":"Produkte","item":"https:\/\/radis.ee\/de\/produkte\/"},{"@type":"ListItem","position":3,"name":"H\u00f6henverstellbarer Schreibtisch VISTA"}]},{"@type":"WebSite","@id":"https:\/\/radis.ee\/#website","url":"https:\/\/radis.ee\/","name":"Radis","description":"Nordic design furniture, environmentally friendly and sustainable.","publisher":{"@id":"https:\/\/radis.ee\/#organization"},"potentialAction":[{"@type":"SearchAction","target":{"@type":"EntryPoint","urlTemplate":"https:\/\/radis.ee\/?s={search_term_string}"},"query-input":{"@type":"PropertyValueSpecification","valueRequired":true,"valueName":"search_term_string"}}],"inLanguage":"de"},{"@type":"Organization","@id":"https:\/\/radis.ee\/#organization","name":"Radis O\u00dc","url":"https:\/\/radis.ee\/","logo":{"@type":"ImageObject","inLanguage":"de","@id":"https:\/\/radis.ee\/#\/schema\/logo\/image\/","url":"https:\/\/radis.ee\/wp-content\/uploads\/2020\/10\/Radis-logo.png","contentUrl":"https:\/\/radis.ee\/wp-content\/uploads\/2020\/10\/Radis-logo.png","width":300,"height":63,"caption":"Radis O\u00dc"},"image":{"@id":"https:\/\/radis.ee\/#\/schema\/logo\/image\/"},"sameAs":["https:\/\/www.facebook.com\/radisfurniture\/"]}]}},"_links":{"self":[{"href":"https:\/\/radis.ee\/de\/wp-json\/wp\/v2\/product\/6391","targetHints":{"allow":["GET"]}}],"collection":[{"href":"https:\/\/radis.ee\/de\/wp-json\/wp\/v2\/product"}],"about":[{"href":"https:\/\/radis.ee\/de\/wp-json\/wp\/v2\/types\/product"}],"replies":[{"embeddable":true,"href":"https:\/\/radis.ee\/de\/wp-json\/wp\/v2\/comments?post=6391"}],"wp:featuredmedia":[{"embeddable":true,"href":"https:\/\/radis.ee\/de\/wp-json\/wp\/v2\/media\/19805"}],"wp:attachment":[{"href":"https:\/\/radis.ee\/de\/wp-json\/wp\/v2\/media?parent=6391"}],"wp:term":[{"taxonomy":"product_brand","embeddable":true,"href":"https:\/\/radis.ee\/de\/wp-json\/wp\/v2\/product_brand?post=6391"},{"taxonomy":"product_cat","embeddable":true,"href":"https:\/\/radis.ee\/de\/wp-json\/wp\/v2\/product_cat?post=6391"},{"taxonomy":"product_tag","embeddable":true,"href":"https:\/\/radis.ee\/de\/wp-json\/wp\/v2\/product_tag?post=6391"}],"curies":[{"name":"wp","href":"https:\/\/api.w.org\/{rel}","templated":true}]}}