{"id":6572,"date":"2020-10-06T13:09:02","date_gmt":"2021-01-03T11:09:02","guid":{"rendered":"https:\/\/radis.ee\/kommode-regal-boxy\/"},"modified":"2024-01-30T22:04:27","modified_gmt":"2024-01-30T20:04:27","slug":"kommode-regal-boxy","status":"publish","type":"product","link":"https:\/\/radis.ee\/de\/kommode-regal-boxy\/","title":{"rendered":"Kommode-Regal BOXY"},"content":{"rendered":"<p>Das BOXY Sideboard-Regal ist wie eine frische Brise in der Welt der Schubladen. Das einzigartige Design platziert die Regale mit T\u00fcren in der Mitte, w\u00e4hrend die offenen Regale sie umgeben. Dies erzeugt einen atemberaubenden visuellen Effekt und macht die Schublade sowohl praktisch als auch ansprechend. Die Nadelstiftbeine geben ihm ein weiteres luftiges Gef\u00fchl. Das BOXY Sideboard-Regal bietet Platz f\u00fcr viele Dinge, ohne schwer zu sein. Ihr neuer Favorit, den Sie auch als Raumteiler verwenden k\u00f6nnen!<\/p>\n<p>Das BOXY Sideboard-Regal enth\u00e4lt viele Dinge, ohne schwer zu sein. Ihr neuer Favorit, den Sie auch als Raumteiler verwenden k\u00f6nnen!<\/p>\n<p>Hergestellt aus Birkensperrholz, auch Eiche furniert, \u00f6lgewachst oder wei\u00dfem Koskisen-HPL. Push2open-T\u00fcren. Schwarze Metallbeine mit einer H\u00f6he von 17 cm. Hinter den vier T\u00fcren befinden sich zudem h\u00f6henverstellbare Zwischenb\u00f6den.<\/p>\n","protected":false},"excerpt":{"rendered":"<p>Das BOXY Sideboard-Regal ist wie eine frische Brise in der Welt der Schubladen. Das einzigartige Design platziert die Regale mit T\u00fcren in der Mitte, w\u00e4hrend die offenen Regale sie umgeben. Dies erzeugt einen atemberaubenden visuellen Effekt und macht die Schublade sowohl praktisch als auch ansprechend. Die Nadelstiftbeine geben ihm ein weiteres luftiges Gef\u00fchl. Das BOXY&#8230;<\/p>\n","protected":false},"featured_media":20202,"comment_status":"open","ping_status":"closed","template":"","meta":{"_acf_changed":false},"product_brand":[],"product_cat":[17],"product_tag":[],"class_list":{"0":"post-6572","1":"product","2":"type-product","3":"status-publish","4":"has-post-thumbnail","6":"product_cat-kummutid","8":"first","9":"instock","10":"taxable","11":"shipping-taxable","12":"purchasable","13":"product-type-variable","14":"has-default-attributes"},"acf":[],"yoast_head":"<!-- This site is optimized with the Yoast SEO plugin v27.3 - https:\/\/yoast.com\/product\/yoast-seo-wordpress\/ -->\n<title>Kommode-Regal BOXY - Radis<\/title>\n<meta name=\"robots\" content=\"index, follow, max-snippet:-1, max-image-preview:large, max-video-preview:-1\" \/>\n<link rel=\"canonical\" href=\"https:\/\/radis.ee\/kummut-riiul-boxy\/\" \/>\n<meta property=\"og:locale\" content=\"de_DE\" \/>\n<meta property=\"og:type\" content=\"article\" \/>\n<meta property=\"og:title\" content=\"Kommode-Regal BOXY - Radis\" \/>\n<meta property=\"og:description\" content=\"Das BOXY Sideboard-Regal ist wie eine frische Brise in der Welt der Schubladen. Das einzigartige Design platziert die Regale mit T\u00fcren in der Mitte, w\u00e4hrend die offenen Regale sie umgeben. Dies erzeugt einen atemberaubenden visuellen Effekt und macht die Schublade sowohl praktisch als auch ansprechend. Die Nadelstiftbeine geben ihm ein weiteres luftiges Gef\u00fchl. Das BOXY...\" \/>\n<meta property=\"og:url\" content=\"https:\/\/radis.ee\/kummut-riiul-boxy\/\" \/>\n<meta property=\"og:site_name\" content=\"Radis\" \/>\n<meta property=\"article:publisher\" content=\"https:\/\/www.facebook.com\/radisfurniture\/\" \/>\n<meta property=\"article:modified_time\" content=\"2024-01-30T20:04:27+00:00\" \/>\n<meta property=\"og:image\" content=\"https:\/\/radis.ee\/wp-content\/uploads\/2020\/10\/RADIS_sideboard_shelf_BOXY_oak_veneered_white_background-1.jpg\" \/>\n\t<meta property=\"og:image:width\" content=\"1360\" \/>\n\t<meta property=\"og:image:height\" content=\"1620\" \/>\n\t<meta property=\"og:image:type\" content=\"image\/jpeg\" \/>\n<meta name=\"twitter:card\" content=\"summary_large_image\" \/>\n<meta name=\"twitter:label1\" content=\"Gesch\u00e4tzte Lesezeit\" \/>\n\t<meta name=\"twitter:data1\" content=\"1\u00a0Minute\" \/>\n<script type=\"application\/ld+json\" class=\"yoast-schema-graph\">{\"@context\":\"https:\\\/\\\/schema.org\",\"@graph\":[{\"@type\":\"WebPage\",\"@id\":\"https:\\\/\\\/radis.ee\\\/kummut-riiul-boxy\\\/\",\"url\":\"https:\\\/\\\/radis.ee\\\/kummut-riiul-boxy\\\/\",\"name\":\"Kommode-Regal BOXY - Radis\",\"isPartOf\":{\"@id\":\"https:\\\/\\\/radis.ee\\\/#website\"},\"primaryImageOfPage\":{\"@id\":\"https:\\\/\\\/radis.ee\\\/kummut-riiul-boxy\\\/#primaryimage\"},\"image\":{\"@id\":\"https:\\\/\\\/radis.ee\\\/kummut-riiul-boxy\\\/#primaryimage\"},\"thumbnailUrl\":\"https:\\\/\\\/radis.ee\\\/wp-content\\\/uploads\\\/2020\\\/10\\\/RADIS_sideboard_shelf_BOXY_oak_veneered_white_background-1.jpg\",\"datePublished\":\"2021-01-03T11:09:02+00:00\",\"dateModified\":\"2024-01-30T20:04:27+00:00\",\"breadcrumb\":{\"@id\":\"https:\\\/\\\/radis.ee\\\/kummut-riiul-boxy\\\/#breadcrumb\"},\"inLanguage\":\"de\",\"potentialAction\":[{\"@type\":\"ReadAction\",\"target\":[\"https:\\\/\\\/radis.ee\\\/kummut-riiul-boxy\\\/\"]}]},{\"@type\":\"ImageObject\",\"inLanguage\":\"de\",\"@id\":\"https:\\\/\\\/radis.ee\\\/kummut-riiul-boxy\\\/#primaryimage\",\"url\":\"https:\\\/\\\/radis.ee\\\/wp-content\\\/uploads\\\/2020\\\/10\\\/RADIS_sideboard_shelf_BOXY_oak_veneered_white_background-1.jpg\",\"contentUrl\":\"https:\\\/\\\/radis.ee\\\/wp-content\\\/uploads\\\/2020\\\/10\\\/RADIS_sideboard_shelf_BOXY_oak_veneered_white_background-1.jpg\",\"width\":1360,\"height\":1620,\"caption\":\"RADIS sideboard shelf BOXY Oak veneered\"},{\"@type\":\"BreadcrumbList\",\"@id\":\"https:\\\/\\\/radis.ee\\\/kummut-riiul-boxy\\\/#breadcrumb\",\"itemListElement\":[{\"@type\":\"ListItem\",\"position\":1,\"name\":\"Home\",\"item\":\"https:\\\/\\\/radis.ee\\\/\"},{\"@type\":\"ListItem\",\"position\":2,\"name\":\"Produkte\",\"item\":\"https:\\\/\\\/radis.ee\\\/de\\\/produkte\\\/\"},{\"@type\":\"ListItem\",\"position\":3,\"name\":\"Kommode-Regal BOXY\"}]},{\"@type\":\"WebSite\",\"@id\":\"https:\\\/\\\/radis.ee\\\/#website\",\"url\":\"https:\\\/\\\/radis.ee\\\/\",\"name\":\"Radis\",\"description\":\"Nordic design furniture, environmentally friendly and sustainable.\",\"publisher\":{\"@id\":\"https:\\\/\\\/radis.ee\\\/#organization\"},\"potentialAction\":[{\"@type\":\"SearchAction\",\"target\":{\"@type\":\"EntryPoint\",\"urlTemplate\":\"https:\\\/\\\/radis.ee\\\/?s={search_term_string}\"},\"query-input\":{\"@type\":\"PropertyValueSpecification\",\"valueRequired\":true,\"valueName\":\"search_term_string\"}}],\"inLanguage\":\"de\"},{\"@type\":\"Organization\",\"@id\":\"https:\\\/\\\/radis.ee\\\/#organization\",\"name\":\"Radis O\u00dc\",\"url\":\"https:\\\/\\\/radis.ee\\\/\",\"logo\":{\"@type\":\"ImageObject\",\"inLanguage\":\"de\",\"@id\":\"https:\\\/\\\/radis.ee\\\/#\\\/schema\\\/logo\\\/image\\\/\",\"url\":\"https:\\\/\\\/radis.ee\\\/wp-content\\\/uploads\\\/2020\\\/10\\\/Radis-logo.png\",\"contentUrl\":\"https:\\\/\\\/radis.ee\\\/wp-content\\\/uploads\\\/2020\\\/10\\\/Radis-logo.png\",\"width\":300,\"height\":63,\"caption\":\"Radis O\u00dc\"},\"image\":{\"@id\":\"https:\\\/\\\/radis.ee\\\/#\\\/schema\\\/logo\\\/image\\\/\"},\"sameAs\":[\"https:\\\/\\\/www.facebook.com\\\/radisfurniture\\\/\"]}]}<\/script>\n<!-- \/ Yoast SEO plugin. -->","yoast_head_json":{"title":"Kommode-Regal BOXY - Radis","robots":{"index":"index","follow":"follow","max-snippet":"max-snippet:-1","max-image-preview":"max-image-preview:large","max-video-preview":"max-video-preview:-1"},"canonical":"https:\/\/radis.ee\/kummut-riiul-boxy\/","og_locale":"de_DE","og_type":"article","og_title":"Kommode-Regal BOXY - Radis","og_description":"Das BOXY Sideboard-Regal ist wie eine frische Brise in der Welt der Schubladen. Das einzigartige Design platziert die Regale mit T\u00fcren in der Mitte, w\u00e4hrend die offenen Regale sie umgeben. Dies erzeugt einen atemberaubenden visuellen Effekt und macht die Schublade sowohl praktisch als auch ansprechend. Die Nadelstiftbeine geben ihm ein weiteres luftiges Gef\u00fchl. Das BOXY...","og_url":"https:\/\/radis.ee\/kummut-riiul-boxy\/","og_site_name":"Radis","article_publisher":"https:\/\/www.facebook.com\/radisfurniture\/","article_modified_time":"2024-01-30T20:04:27+00:00","og_image":[{"width":1360,"height":1620,"url":"https:\/\/radis.ee\/wp-content\/uploads\/2020\/10\/RADIS_sideboard_shelf_BOXY_oak_veneered_white_background-1.jpg","type":"image\/jpeg"}],"twitter_card":"summary_large_image","twitter_misc":{"Gesch\u00e4tzte Lesezeit":"1\u00a0Minute"},"schema":{"@context":"https:\/\/schema.org","@graph":[{"@type":"WebPage","@id":"https:\/\/radis.ee\/kummut-riiul-boxy\/","url":"https:\/\/radis.ee\/kummut-riiul-boxy\/","name":"Kommode-Regal BOXY - Radis","isPartOf":{"@id":"https:\/\/radis.ee\/#website"},"primaryImageOfPage":{"@id":"https:\/\/radis.ee\/kummut-riiul-boxy\/#primaryimage"},"image":{"@id":"https:\/\/radis.ee\/kummut-riiul-boxy\/#primaryimage"},"thumbnailUrl":"https:\/\/radis.ee\/wp-content\/uploads\/2020\/10\/RADIS_sideboard_shelf_BOXY_oak_veneered_white_background-1.jpg","datePublished":"2021-01-03T11:09:02+00:00","dateModified":"2024-01-30T20:04:27+00:00","breadcrumb":{"@id":"https:\/\/radis.ee\/kummut-riiul-boxy\/#breadcrumb"},"inLanguage":"de","potentialAction":[{"@type":"ReadAction","target":["https:\/\/radis.ee\/kummut-riiul-boxy\/"]}]},{"@type":"ImageObject","inLanguage":"de","@id":"https:\/\/radis.ee\/kummut-riiul-boxy\/#primaryimage","url":"https:\/\/radis.ee\/wp-content\/uploads\/2020\/10\/RADIS_sideboard_shelf_BOXY_oak_veneered_white_background-1.jpg","contentUrl":"https:\/\/radis.ee\/wp-content\/uploads\/2020\/10\/RADIS_sideboard_shelf_BOXY_oak_veneered_white_background-1.jpg","width":1360,"height":1620,"caption":"RADIS sideboard shelf BOXY Oak veneered"},{"@type":"BreadcrumbList","@id":"https:\/\/radis.ee\/kummut-riiul-boxy\/#breadcrumb","itemListElement":[{"@type":"ListItem","position":1,"name":"Home","item":"https:\/\/radis.ee\/"},{"@type":"ListItem","position":2,"name":"Produkte","item":"https:\/\/radis.ee\/de\/produkte\/"},{"@type":"ListItem","position":3,"name":"Kommode-Regal BOXY"}]},{"@type":"WebSite","@id":"https:\/\/radis.ee\/#website","url":"https:\/\/radis.ee\/","name":"Radis","description":"Nordic design furniture, environmentally friendly and sustainable.","publisher":{"@id":"https:\/\/radis.ee\/#organization"},"potentialAction":[{"@type":"SearchAction","target":{"@type":"EntryPoint","urlTemplate":"https:\/\/radis.ee\/?s={search_term_string}"},"query-input":{"@type":"PropertyValueSpecification","valueRequired":true,"valueName":"search_term_string"}}],"inLanguage":"de"},{"@type":"Organization","@id":"https:\/\/radis.ee\/#organization","name":"Radis O\u00dc","url":"https:\/\/radis.ee\/","logo":{"@type":"ImageObject","inLanguage":"de","@id":"https:\/\/radis.ee\/#\/schema\/logo\/image\/","url":"https:\/\/radis.ee\/wp-content\/uploads\/2020\/10\/Radis-logo.png","contentUrl":"https:\/\/radis.ee\/wp-content\/uploads\/2020\/10\/Radis-logo.png","width":300,"height":63,"caption":"Radis O\u00dc"},"image":{"@id":"https:\/\/radis.ee\/#\/schema\/logo\/image\/"},"sameAs":["https:\/\/www.facebook.com\/radisfurniture\/"]}]}},"_links":{"self":[{"href":"https:\/\/radis.ee\/de\/wp-json\/wp\/v2\/product\/6572","targetHints":{"allow":["GET"]}}],"collection":[{"href":"https:\/\/radis.ee\/de\/wp-json\/wp\/v2\/product"}],"about":[{"href":"https:\/\/radis.ee\/de\/wp-json\/wp\/v2\/types\/product"}],"replies":[{"embeddable":true,"href":"https:\/\/radis.ee\/de\/wp-json\/wp\/v2\/comments?post=6572"}],"wp:featuredmedia":[{"embeddable":true,"href":"https:\/\/radis.ee\/de\/wp-json\/wp\/v2\/media\/20202"}],"wp:attachment":[{"href":"https:\/\/radis.ee\/de\/wp-json\/wp\/v2\/media?parent=6572"}],"wp:term":[{"taxonomy":"product_brand","embeddable":true,"href":"https:\/\/radis.ee\/de\/wp-json\/wp\/v2\/product_brand?post=6572"},{"taxonomy":"product_cat","embeddable":true,"href":"https:\/\/radis.ee\/de\/wp-json\/wp\/v2\/product_cat?post=6572"},{"taxonomy":"product_tag","embeddable":true,"href":"https:\/\/radis.ee\/de\/wp-json\/wp\/v2\/product_tag?post=6572"}],"curies":[{"name":"wp","href":"https:\/\/api.w.org\/{rel}","templated":true}]}}