{"id":6684,"date":"2022-09-12T19:38:07","date_gmt":"2021-01-05T17:38:07","guid":{"rendered":"https:\/\/radis.ee\/bett-boxy-mit-schubladen\/"},"modified":"2021-08-18T20:48:23","modified_gmt":"2021-08-18T17:48:23","slug":"bett-boxy-mit-nachttischen","status":"publish","type":"product","link":"https:\/\/radis.ee\/de\/bett-boxy-mit-nachttischen\/","title":{"rendered":"Bett BOXY mit Nachttischen"},"content":{"rendered":"<p>Das BOXY Bett ist ein Klassiker mit klaren Linien und einer vom Kubismus inspirierten Form. Das Kopfteil ist minimal und die W\u00e4rme von Birkensperrholz macht es praktisch. Die am Bett angebrachten Nachttische ersparen Ihnen die m\u00fchsame Suche nach den perfekten Gegenst\u00e4nden f\u00fcr das Bett. BOXY Bett ist ein Juwel in Ihrem Schlafzimmer, das Sie jahrelang sch\u00e4tzen werden.<\/p>\n<p>Die Kopfst\u00fctze ist ausreichend abgewinkelt, um bequem im Bett lesen zu k\u00f6nnen. Hergestellt aus Birkensperrholz oder Eichenfurniersperrholz, \u00f6lgewachst. Die Nachttische haben weich schlie\u00dfende Schubladenschienen. Unter dem Bett sind auch zwei Bettboxen auf R\u00e4dern mit einer Gr\u00f6\u00dfe von 120x60x19cm erh\u00e4ltlich.<\/p>\n<p>Das Bett mit Nachttischen ist 75 cm breiter als die Matratzenbreite. Die Bettbodenh\u00f6he betr\u00e4gt 25 cm \u00fcber dem Boden. Inklusive Lattenrost aus Sperrholz. Die Betten haben auch ein St\u00fctzbein in der Mitte.<\/p>\n","protected":false},"excerpt":{"rendered":"<p>Das BOXY Bett ist ein Klassiker mit klaren Linien und einer vom Kubismus inspirierten Form. Das Kopfteil ist minimal und die W\u00e4rme von Birkensperrholz macht es praktisch. Die am Bett angebrachten Nachttische ersparen Ihnen die m\u00fchsame Suche nach den perfekten Gegenst\u00e4nden f\u00fcr das Bett. BOXY Bett ist ein Juwel in Ihrem Schlafzimmer, das Sie jahrelang&#8230;<\/p>\n","protected":false},"featured_media":6624,"comment_status":"open","ping_status":"closed","template":"","meta":{"_acf_changed":false},"product_brand":[],"product_cat":[113],"product_tag":[],"class_list":{"0":"post-6684","1":"product","2":"type-product","3":"status-publish","4":"has-post-thumbnail","6":"product_cat-voodid","8":"first","9":"instock","10":"taxable","11":"shipping-taxable","12":"purchasable","13":"product-type-variable","14":"has-default-attributes"},"acf":[],"yoast_head":"<!-- This site is optimized with the Yoast SEO plugin v27.3 - https:\/\/yoast.com\/product\/yoast-seo-wordpress\/ -->\n<title>Bett BOXY mit Nachttischen - Radis<\/title>\n<meta name=\"robots\" content=\"index, follow, max-snippet:-1, max-image-preview:large, max-video-preview:-1\" \/>\n<link rel=\"canonical\" href=\"https:\/\/radis.ee\/ookappidega-voodi-boxy\/\" \/>\n<meta property=\"og:locale\" content=\"de_DE\" \/>\n<meta property=\"og:type\" content=\"article\" \/>\n<meta property=\"og:title\" content=\"Bett BOXY mit Nachttischen - Radis\" \/>\n<meta property=\"og:description\" content=\"Das BOXY Bett ist ein Klassiker mit klaren Linien und einer vom Kubismus inspirierten Form. Das Kopfteil ist minimal und die W\u00e4rme von Birkensperrholz macht es praktisch. Die am Bett angebrachten Nachttische ersparen Ihnen die m\u00fchsame Suche nach den perfekten Gegenst\u00e4nden f\u00fcr das Bett. BOXY Bett ist ein Juwel in Ihrem Schlafzimmer, das Sie jahrelang...\" \/>\n<meta property=\"og:url\" content=\"https:\/\/radis.ee\/ookappidega-voodi-boxy\/\" \/>\n<meta property=\"og:site_name\" content=\"Radis\" \/>\n<meta property=\"article:publisher\" content=\"https:\/\/www.facebook.com\/radisfurniture\/\" \/>\n<meta property=\"article:modified_time\" content=\"2021-08-18T17:48:23+00:00\" \/>\n<meta property=\"og:image\" content=\"https:\/\/radis.ee\/wp-content\/uploads\/2021\/01\/Radis_bed_BOXY_Pebble_Grey_White_CPL_white_background_SR-scaled.jpg\" \/>\n\t<meta property=\"og:image:width\" content=\"2107\" \/>\n\t<meta property=\"og:image:height\" content=\"2560\" \/>\n\t<meta property=\"og:image:type\" content=\"image\/jpeg\" \/>\n<meta name=\"twitter:card\" content=\"summary_large_image\" \/>\n<meta name=\"twitter:label1\" content=\"Gesch\u00e4tzte Lesezeit\" \/>\n\t<meta name=\"twitter:data1\" content=\"1\u00a0Minute\" \/>\n<script type=\"application\/ld+json\" class=\"yoast-schema-graph\">{\"@context\":\"https:\\\/\\\/schema.org\",\"@graph\":[{\"@type\":\"WebPage\",\"@id\":\"https:\\\/\\\/radis.ee\\\/ookappidega-voodi-boxy\\\/\",\"url\":\"https:\\\/\\\/radis.ee\\\/ookappidega-voodi-boxy\\\/\",\"name\":\"Bett BOXY mit Nachttischen - Radis\",\"isPartOf\":{\"@id\":\"https:\\\/\\\/radis.ee\\\/#website\"},\"primaryImageOfPage\":{\"@id\":\"https:\\\/\\\/radis.ee\\\/ookappidega-voodi-boxy\\\/#primaryimage\"},\"image\":{\"@id\":\"https:\\\/\\\/radis.ee\\\/ookappidega-voodi-boxy\\\/#primaryimage\"},\"thumbnailUrl\":\"https:\\\/\\\/radis.ee\\\/wp-content\\\/uploads\\\/2021\\\/01\\\/Radis_bed_BOXY_Pebble_Grey_White_CPL_white_background_SR-scaled.jpg\",\"datePublished\":\"2021-01-05T17:38:07+00:00\",\"dateModified\":\"2021-08-18T17:48:23+00:00\",\"breadcrumb\":{\"@id\":\"https:\\\/\\\/radis.ee\\\/ookappidega-voodi-boxy\\\/#breadcrumb\"},\"inLanguage\":\"de\",\"potentialAction\":[{\"@type\":\"ReadAction\",\"target\":[\"https:\\\/\\\/radis.ee\\\/ookappidega-voodi-boxy\\\/\"]}]},{\"@type\":\"ImageObject\",\"inLanguage\":\"de\",\"@id\":\"https:\\\/\\\/radis.ee\\\/ookappidega-voodi-boxy\\\/#primaryimage\",\"url\":\"https:\\\/\\\/radis.ee\\\/wp-content\\\/uploads\\\/2021\\\/01\\\/Radis_bed_BOXY_Pebble_Grey_White_CPL_white_background_SR-scaled.jpg\",\"contentUrl\":\"https:\\\/\\\/radis.ee\\\/wp-content\\\/uploads\\\/2021\\\/01\\\/Radis_bed_BOXY_Pebble_Grey_White_CPL_white_background_SR-scaled.jpg\",\"width\":2107,\"height\":2560,\"caption\":\"Bed BOXY\"},{\"@type\":\"BreadcrumbList\",\"@id\":\"https:\\\/\\\/radis.ee\\\/ookappidega-voodi-boxy\\\/#breadcrumb\",\"itemListElement\":[{\"@type\":\"ListItem\",\"position\":1,\"name\":\"Home\",\"item\":\"https:\\\/\\\/radis.ee\\\/\"},{\"@type\":\"ListItem\",\"position\":2,\"name\":\"Produkte\",\"item\":\"https:\\\/\\\/radis.ee\\\/de\\\/produkte\\\/\"},{\"@type\":\"ListItem\",\"position\":3,\"name\":\"Bett BOXY mit Nachttischen\"}]},{\"@type\":\"WebSite\",\"@id\":\"https:\\\/\\\/radis.ee\\\/#website\",\"url\":\"https:\\\/\\\/radis.ee\\\/\",\"name\":\"Radis\",\"description\":\"Nordic design furniture, environmentally friendly and sustainable.\",\"publisher\":{\"@id\":\"https:\\\/\\\/radis.ee\\\/#organization\"},\"potentialAction\":[{\"@type\":\"SearchAction\",\"target\":{\"@type\":\"EntryPoint\",\"urlTemplate\":\"https:\\\/\\\/radis.ee\\\/?s={search_term_string}\"},\"query-input\":{\"@type\":\"PropertyValueSpecification\",\"valueRequired\":true,\"valueName\":\"search_term_string\"}}],\"inLanguage\":\"de\"},{\"@type\":\"Organization\",\"@id\":\"https:\\\/\\\/radis.ee\\\/#organization\",\"name\":\"Radis O\u00dc\",\"url\":\"https:\\\/\\\/radis.ee\\\/\",\"logo\":{\"@type\":\"ImageObject\",\"inLanguage\":\"de\",\"@id\":\"https:\\\/\\\/radis.ee\\\/#\\\/schema\\\/logo\\\/image\\\/\",\"url\":\"https:\\\/\\\/radis.ee\\\/wp-content\\\/uploads\\\/2020\\\/10\\\/Radis-logo.png\",\"contentUrl\":\"https:\\\/\\\/radis.ee\\\/wp-content\\\/uploads\\\/2020\\\/10\\\/Radis-logo.png\",\"width\":300,\"height\":63,\"caption\":\"Radis O\u00dc\"},\"image\":{\"@id\":\"https:\\\/\\\/radis.ee\\\/#\\\/schema\\\/logo\\\/image\\\/\"},\"sameAs\":[\"https:\\\/\\\/www.facebook.com\\\/radisfurniture\\\/\"]}]}<\/script>\n<!-- \/ Yoast SEO plugin. -->","yoast_head_json":{"title":"Bett BOXY mit Nachttischen - Radis","robots":{"index":"index","follow":"follow","max-snippet":"max-snippet:-1","max-image-preview":"max-image-preview:large","max-video-preview":"max-video-preview:-1"},"canonical":"https:\/\/radis.ee\/ookappidega-voodi-boxy\/","og_locale":"de_DE","og_type":"article","og_title":"Bett BOXY mit Nachttischen - Radis","og_description":"Das BOXY Bett ist ein Klassiker mit klaren Linien und einer vom Kubismus inspirierten Form. Das Kopfteil ist minimal und die W\u00e4rme von Birkensperrholz macht es praktisch. Die am Bett angebrachten Nachttische ersparen Ihnen die m\u00fchsame Suche nach den perfekten Gegenst\u00e4nden f\u00fcr das Bett. BOXY Bett ist ein Juwel in Ihrem Schlafzimmer, das Sie jahrelang...","og_url":"https:\/\/radis.ee\/ookappidega-voodi-boxy\/","og_site_name":"Radis","article_publisher":"https:\/\/www.facebook.com\/radisfurniture\/","article_modified_time":"2021-08-18T17:48:23+00:00","og_image":[{"width":2107,"height":2560,"url":"https:\/\/radis.ee\/wp-content\/uploads\/2021\/01\/Radis_bed_BOXY_Pebble_Grey_White_CPL_white_background_SR-scaled.jpg","type":"image\/jpeg"}],"twitter_card":"summary_large_image","twitter_misc":{"Gesch\u00e4tzte Lesezeit":"1\u00a0Minute"},"schema":{"@context":"https:\/\/schema.org","@graph":[{"@type":"WebPage","@id":"https:\/\/radis.ee\/ookappidega-voodi-boxy\/","url":"https:\/\/radis.ee\/ookappidega-voodi-boxy\/","name":"Bett BOXY mit Nachttischen - Radis","isPartOf":{"@id":"https:\/\/radis.ee\/#website"},"primaryImageOfPage":{"@id":"https:\/\/radis.ee\/ookappidega-voodi-boxy\/#primaryimage"},"image":{"@id":"https:\/\/radis.ee\/ookappidega-voodi-boxy\/#primaryimage"},"thumbnailUrl":"https:\/\/radis.ee\/wp-content\/uploads\/2021\/01\/Radis_bed_BOXY_Pebble_Grey_White_CPL_white_background_SR-scaled.jpg","datePublished":"2021-01-05T17:38:07+00:00","dateModified":"2021-08-18T17:48:23+00:00","breadcrumb":{"@id":"https:\/\/radis.ee\/ookappidega-voodi-boxy\/#breadcrumb"},"inLanguage":"de","potentialAction":[{"@type":"ReadAction","target":["https:\/\/radis.ee\/ookappidega-voodi-boxy\/"]}]},{"@type":"ImageObject","inLanguage":"de","@id":"https:\/\/radis.ee\/ookappidega-voodi-boxy\/#primaryimage","url":"https:\/\/radis.ee\/wp-content\/uploads\/2021\/01\/Radis_bed_BOXY_Pebble_Grey_White_CPL_white_background_SR-scaled.jpg","contentUrl":"https:\/\/radis.ee\/wp-content\/uploads\/2021\/01\/Radis_bed_BOXY_Pebble_Grey_White_CPL_white_background_SR-scaled.jpg","width":2107,"height":2560,"caption":"Bed BOXY"},{"@type":"BreadcrumbList","@id":"https:\/\/radis.ee\/ookappidega-voodi-boxy\/#breadcrumb","itemListElement":[{"@type":"ListItem","position":1,"name":"Home","item":"https:\/\/radis.ee\/"},{"@type":"ListItem","position":2,"name":"Produkte","item":"https:\/\/radis.ee\/de\/produkte\/"},{"@type":"ListItem","position":3,"name":"Bett BOXY mit Nachttischen"}]},{"@type":"WebSite","@id":"https:\/\/radis.ee\/#website","url":"https:\/\/radis.ee\/","name":"Radis","description":"Nordic design furniture, environmentally friendly and sustainable.","publisher":{"@id":"https:\/\/radis.ee\/#organization"},"potentialAction":[{"@type":"SearchAction","target":{"@type":"EntryPoint","urlTemplate":"https:\/\/radis.ee\/?s={search_term_string}"},"query-input":{"@type":"PropertyValueSpecification","valueRequired":true,"valueName":"search_term_string"}}],"inLanguage":"de"},{"@type":"Organization","@id":"https:\/\/radis.ee\/#organization","name":"Radis O\u00dc","url":"https:\/\/radis.ee\/","logo":{"@type":"ImageObject","inLanguage":"de","@id":"https:\/\/radis.ee\/#\/schema\/logo\/image\/","url":"https:\/\/radis.ee\/wp-content\/uploads\/2020\/10\/Radis-logo.png","contentUrl":"https:\/\/radis.ee\/wp-content\/uploads\/2020\/10\/Radis-logo.png","width":300,"height":63,"caption":"Radis O\u00dc"},"image":{"@id":"https:\/\/radis.ee\/#\/schema\/logo\/image\/"},"sameAs":["https:\/\/www.facebook.com\/radisfurniture\/"]}]}},"_links":{"self":[{"href":"https:\/\/radis.ee\/de\/wp-json\/wp\/v2\/product\/6684","targetHints":{"allow":["GET"]}}],"collection":[{"href":"https:\/\/radis.ee\/de\/wp-json\/wp\/v2\/product"}],"about":[{"href":"https:\/\/radis.ee\/de\/wp-json\/wp\/v2\/types\/product"}],"replies":[{"embeddable":true,"href":"https:\/\/radis.ee\/de\/wp-json\/wp\/v2\/comments?post=6684"}],"wp:featuredmedia":[{"embeddable":true,"href":"https:\/\/radis.ee\/de\/wp-json\/wp\/v2\/media\/6624"}],"wp:attachment":[{"href":"https:\/\/radis.ee\/de\/wp-json\/wp\/v2\/media?parent=6684"}],"wp:term":[{"taxonomy":"product_brand","embeddable":true,"href":"https:\/\/radis.ee\/de\/wp-json\/wp\/v2\/product_brand?post=6684"},{"taxonomy":"product_cat","embeddable":true,"href":"https:\/\/radis.ee\/de\/wp-json\/wp\/v2\/product_cat?post=6684"},{"taxonomy":"product_tag","embeddable":true,"href":"https:\/\/radis.ee\/de\/wp-json\/wp\/v2\/product_tag?post=6684"}],"curies":[{"name":"wp","href":"https:\/\/api.w.org\/{rel}","templated":true}]}}