{"id":9346,"date":"2020-02-09T19:56:14","date_gmt":"2021-02-09T17:56:14","guid":{"rendered":"https:\/\/radis.ee\/wandleuchte-priit\/"},"modified":"2021-02-09T21:02:37","modified_gmt":"2021-02-09T19:02:37","slug":"wandleuchte-priit","status":"publish","type":"product","link":"https:\/\/radis.ee\/de\/wandleuchte-priit\/","title":{"rendered":"Wandleuchte Priit"},"content":{"rendered":"<p>Wandleuchte Priit eignet sich sowohl f\u00fcr das untere Allgemeinlicht als auch f\u00fcr das Leselicht. Durch die einfache und funktionale Montage kann die H\u00f6he der Leuchte auch sp\u00e4ter noch sehr einfach ge\u00e4ndert werden.<\/p>\n<p>Hergestellt aus Eichenholz aus Bodenresten. Dies ist Holz, das sonst zur Ofenheizung gehen w\u00fcrde. Designer lassen diese &#8222;Brennh\u00f6lzer&#8220; jedoch anders brennen &#8211; sie lassen Eichenlampen entstehen.<\/p>\n<p>Die Leuchte ist mit einem 2,5 m langen schwarzen Stoffkabel und einem schwarzen Stecker und Schalter ausgestattet. Das Set enth\u00e4lt eine Befestigungsschraube und eine LED-Lampe mit einer Lichtintensit\u00e4t von 750 Lumen. Sie m\u00fcssen lediglich einen D\u00fcbel installieren, der zum Wandmaterial passt. Die Wandleuchte Priit ist mit nat\u00fcrlichem Holz\u00f6l versehen.<\/p>\n<p>L\u00e4nge des Holzteils der Leuchte 12 cm, Durchmesser 6 cm; Wandmontage Holzteil L\u00e4nge 16,5 cm, Durchmesser 4,3 cm.<\/p>\n<p>Designer: Liis Tippel und Katrin Girin<\/p>\n","protected":false},"excerpt":{"rendered":"<p>Wandleuchte Priit eignet sich sowohl f\u00fcr das untere Allgemeinlicht als auch f\u00fcr das Leselicht. Durch die einfache und funktionale Montage kann die H\u00f6he der Leuchte auch sp\u00e4ter noch sehr einfach ge\u00e4ndert werden. Hergestellt aus Eichenholz aus Bodenresten. Dies ist Holz, das sonst zur Ofenheizung gehen w\u00fcrde. Designer lassen diese &#8222;Brennh\u00f6lzer&#8220; jedoch anders brennen &#8211; sie&#8230;<\/p>\n","protected":false},"featured_media":9630,"comment_status":"open","ping_status":"closed","template":"","meta":{"_acf_changed":false},"product_brand":[],"product_cat":[34],"product_tag":[],"class_list":{"0":"post-9346","1":"product","2":"type-product","3":"status-publish","4":"has-post-thumbnail","6":"product_cat-aksessuaarid","8":"first","9":"instock","10":"taxable","11":"shipping-taxable","12":"purchasable","13":"product-type-simple"},"acf":[],"yoast_head":"<!-- This site is optimized with the Yoast SEO plugin v27.4 - https:\/\/yoast.com\/product\/yoast-seo-wordpress\/ -->\n<title>Wandleuchte Priit - Radis<\/title>\n<meta name=\"robots\" content=\"index, follow, max-snippet:-1, max-image-preview:large, max-video-preview:-1\" \/>\n<link rel=\"canonical\" href=\"https:\/\/radis.ee\/seinavalgusti-priit\/\" \/>\n<meta property=\"og:locale\" content=\"de_DE\" \/>\n<meta property=\"og:type\" content=\"article\" \/>\n<meta property=\"og:title\" content=\"Wandleuchte Priit - Radis\" \/>\n<meta property=\"og:description\" content=\"Wandleuchte Priit eignet sich sowohl f\u00fcr das untere Allgemeinlicht als auch f\u00fcr das Leselicht. Durch die einfache und funktionale Montage kann die H\u00f6he der Leuchte auch sp\u00e4ter noch sehr einfach ge\u00e4ndert werden. Hergestellt aus Eichenholz aus Bodenresten. Dies ist Holz, das sonst zur Ofenheizung gehen w\u00fcrde. Designer lassen diese &#8222;Brennh\u00f6lzer&#8220; jedoch anders brennen &#8211; sie...\" \/>\n<meta property=\"og:url\" content=\"https:\/\/radis.ee\/seinavalgusti-priit\/\" \/>\n<meta property=\"og:site_name\" content=\"Radis\" \/>\n<meta property=\"article:publisher\" content=\"https:\/\/www.facebook.com\/radisfurniture\/\" \/>\n<meta property=\"article:modified_time\" content=\"2021-02-09T19:02:37+00:00\" \/>\n<meta property=\"og:image\" content=\"https:\/\/radis.ee\/wp-content\/uploads\/2020\/02\/PULO_disain_seinavalgusti_Priit_1.jpeg\" \/>\n\t<meta property=\"og:image:width\" content=\"640\" \/>\n\t<meta property=\"og:image:height\" content=\"427\" \/>\n\t<meta property=\"og:image:type\" content=\"image\/jpeg\" \/>\n<meta name=\"twitter:card\" content=\"summary_large_image\" \/>\n<meta name=\"twitter:label1\" content=\"Gesch\u00e4tzte Lesezeit\" \/>\n\t<meta name=\"twitter:data1\" content=\"1\u00a0Minute\" \/>\n<script type=\"application\/ld+json\" class=\"yoast-schema-graph\">{\"@context\":\"https:\\\/\\\/schema.org\",\"@graph\":[{\"@type\":\"WebPage\",\"@id\":\"https:\\\/\\\/radis.ee\\\/seinavalgusti-priit\\\/\",\"url\":\"https:\\\/\\\/radis.ee\\\/seinavalgusti-priit\\\/\",\"name\":\"Wandleuchte Priit - Radis\",\"isPartOf\":{\"@id\":\"https:\\\/\\\/radis.ee\\\/#website\"},\"primaryImageOfPage\":{\"@id\":\"https:\\\/\\\/radis.ee\\\/seinavalgusti-priit\\\/#primaryimage\"},\"image\":{\"@id\":\"https:\\\/\\\/radis.ee\\\/seinavalgusti-priit\\\/#primaryimage\"},\"thumbnailUrl\":\"https:\\\/\\\/radis.ee\\\/wp-content\\\/uploads\\\/2020\\\/02\\\/PULO_disain_seinavalgusti_Priit_1.jpeg\",\"datePublished\":\"2021-02-09T17:56:14+00:00\",\"dateModified\":\"2021-02-09T19:02:37+00:00\",\"breadcrumb\":{\"@id\":\"https:\\\/\\\/radis.ee\\\/seinavalgusti-priit\\\/#breadcrumb\"},\"inLanguage\":\"de\",\"potentialAction\":[{\"@type\":\"ReadAction\",\"target\":[\"https:\\\/\\\/radis.ee\\\/seinavalgusti-priit\\\/\"]}]},{\"@type\":\"ImageObject\",\"inLanguage\":\"de\",\"@id\":\"https:\\\/\\\/radis.ee\\\/seinavalgusti-priit\\\/#primaryimage\",\"url\":\"https:\\\/\\\/radis.ee\\\/wp-content\\\/uploads\\\/2020\\\/02\\\/PULO_disain_seinavalgusti_Priit_1.jpeg\",\"contentUrl\":\"https:\\\/\\\/radis.ee\\\/wp-content\\\/uploads\\\/2020\\\/02\\\/PULO_disain_seinavalgusti_Priit_1.jpeg\",\"width\":640,\"height\":427,\"caption\":\"WALL LAMP PRIIT\"},{\"@type\":\"BreadcrumbList\",\"@id\":\"https:\\\/\\\/radis.ee\\\/seinavalgusti-priit\\\/#breadcrumb\",\"itemListElement\":[{\"@type\":\"ListItem\",\"position\":1,\"name\":\"Home\",\"item\":\"https:\\\/\\\/radis.ee\\\/\"},{\"@type\":\"ListItem\",\"position\":2,\"name\":\"Produkte\",\"item\":\"https:\\\/\\\/radis.ee\\\/de\\\/produkte\\\/\"},{\"@type\":\"ListItem\",\"position\":3,\"name\":\"Wandleuchte Priit\"}]},{\"@type\":\"WebSite\",\"@id\":\"https:\\\/\\\/radis.ee\\\/#website\",\"url\":\"https:\\\/\\\/radis.ee\\\/\",\"name\":\"Radis\",\"description\":\"Nordic design furniture, environmentally friendly and sustainable.\",\"publisher\":{\"@id\":\"https:\\\/\\\/radis.ee\\\/#organization\"},\"potentialAction\":[{\"@type\":\"SearchAction\",\"target\":{\"@type\":\"EntryPoint\",\"urlTemplate\":\"https:\\\/\\\/radis.ee\\\/?s={search_term_string}\"},\"query-input\":{\"@type\":\"PropertyValueSpecification\",\"valueRequired\":true,\"valueName\":\"search_term_string\"}}],\"inLanguage\":\"de\"},{\"@type\":\"Organization\",\"@id\":\"https:\\\/\\\/radis.ee\\\/#organization\",\"name\":\"Radis O\u00dc\",\"url\":\"https:\\\/\\\/radis.ee\\\/\",\"logo\":{\"@type\":\"ImageObject\",\"inLanguage\":\"de\",\"@id\":\"https:\\\/\\\/radis.ee\\\/#\\\/schema\\\/logo\\\/image\\\/\",\"url\":\"https:\\\/\\\/radis.ee\\\/wp-content\\\/uploads\\\/2020\\\/10\\\/Radis-logo.png\",\"contentUrl\":\"https:\\\/\\\/radis.ee\\\/wp-content\\\/uploads\\\/2020\\\/10\\\/Radis-logo.png\",\"width\":300,\"height\":63,\"caption\":\"Radis O\u00dc\"},\"image\":{\"@id\":\"https:\\\/\\\/radis.ee\\\/#\\\/schema\\\/logo\\\/image\\\/\"},\"sameAs\":[\"https:\\\/\\\/www.facebook.com\\\/radisfurniture\\\/\"]}]}<\/script>\n<!-- \/ Yoast SEO plugin. -->","yoast_head_json":{"title":"Wandleuchte Priit - Radis","robots":{"index":"index","follow":"follow","max-snippet":"max-snippet:-1","max-image-preview":"max-image-preview:large","max-video-preview":"max-video-preview:-1"},"canonical":"https:\/\/radis.ee\/seinavalgusti-priit\/","og_locale":"de_DE","og_type":"article","og_title":"Wandleuchte Priit - Radis","og_description":"Wandleuchte Priit eignet sich sowohl f\u00fcr das untere Allgemeinlicht als auch f\u00fcr das Leselicht. Durch die einfache und funktionale Montage kann die H\u00f6he der Leuchte auch sp\u00e4ter noch sehr einfach ge\u00e4ndert werden. Hergestellt aus Eichenholz aus Bodenresten. Dies ist Holz, das sonst zur Ofenheizung gehen w\u00fcrde. Designer lassen diese &#8222;Brennh\u00f6lzer&#8220; jedoch anders brennen &#8211; sie...","og_url":"https:\/\/radis.ee\/seinavalgusti-priit\/","og_site_name":"Radis","article_publisher":"https:\/\/www.facebook.com\/radisfurniture\/","article_modified_time":"2021-02-09T19:02:37+00:00","og_image":[{"width":640,"height":427,"url":"https:\/\/radis.ee\/wp-content\/uploads\/2020\/02\/PULO_disain_seinavalgusti_Priit_1.jpeg","type":"image\/jpeg"}],"twitter_card":"summary_large_image","twitter_misc":{"Gesch\u00e4tzte Lesezeit":"1\u00a0Minute"},"schema":{"@context":"https:\/\/schema.org","@graph":[{"@type":"WebPage","@id":"https:\/\/radis.ee\/seinavalgusti-priit\/","url":"https:\/\/radis.ee\/seinavalgusti-priit\/","name":"Wandleuchte Priit - Radis","isPartOf":{"@id":"https:\/\/radis.ee\/#website"},"primaryImageOfPage":{"@id":"https:\/\/radis.ee\/seinavalgusti-priit\/#primaryimage"},"image":{"@id":"https:\/\/radis.ee\/seinavalgusti-priit\/#primaryimage"},"thumbnailUrl":"https:\/\/radis.ee\/wp-content\/uploads\/2020\/02\/PULO_disain_seinavalgusti_Priit_1.jpeg","datePublished":"2021-02-09T17:56:14+00:00","dateModified":"2021-02-09T19:02:37+00:00","breadcrumb":{"@id":"https:\/\/radis.ee\/seinavalgusti-priit\/#breadcrumb"},"inLanguage":"de","potentialAction":[{"@type":"ReadAction","target":["https:\/\/radis.ee\/seinavalgusti-priit\/"]}]},{"@type":"ImageObject","inLanguage":"de","@id":"https:\/\/radis.ee\/seinavalgusti-priit\/#primaryimage","url":"https:\/\/radis.ee\/wp-content\/uploads\/2020\/02\/PULO_disain_seinavalgusti_Priit_1.jpeg","contentUrl":"https:\/\/radis.ee\/wp-content\/uploads\/2020\/02\/PULO_disain_seinavalgusti_Priit_1.jpeg","width":640,"height":427,"caption":"WALL LAMP PRIIT"},{"@type":"BreadcrumbList","@id":"https:\/\/radis.ee\/seinavalgusti-priit\/#breadcrumb","itemListElement":[{"@type":"ListItem","position":1,"name":"Home","item":"https:\/\/radis.ee\/"},{"@type":"ListItem","position":2,"name":"Produkte","item":"https:\/\/radis.ee\/de\/produkte\/"},{"@type":"ListItem","position":3,"name":"Wandleuchte Priit"}]},{"@type":"WebSite","@id":"https:\/\/radis.ee\/#website","url":"https:\/\/radis.ee\/","name":"Radis","description":"Nordic design furniture, environmentally friendly and sustainable.","publisher":{"@id":"https:\/\/radis.ee\/#organization"},"potentialAction":[{"@type":"SearchAction","target":{"@type":"EntryPoint","urlTemplate":"https:\/\/radis.ee\/?s={search_term_string}"},"query-input":{"@type":"PropertyValueSpecification","valueRequired":true,"valueName":"search_term_string"}}],"inLanguage":"de"},{"@type":"Organization","@id":"https:\/\/radis.ee\/#organization","name":"Radis O\u00dc","url":"https:\/\/radis.ee\/","logo":{"@type":"ImageObject","inLanguage":"de","@id":"https:\/\/radis.ee\/#\/schema\/logo\/image\/","url":"https:\/\/radis.ee\/wp-content\/uploads\/2020\/10\/Radis-logo.png","contentUrl":"https:\/\/radis.ee\/wp-content\/uploads\/2020\/10\/Radis-logo.png","width":300,"height":63,"caption":"Radis O\u00dc"},"image":{"@id":"https:\/\/radis.ee\/#\/schema\/logo\/image\/"},"sameAs":["https:\/\/www.facebook.com\/radisfurniture\/"]}]}},"_links":{"self":[{"href":"https:\/\/radis.ee\/de\/wp-json\/wp\/v2\/product\/9346","targetHints":{"allow":["GET"]}}],"collection":[{"href":"https:\/\/radis.ee\/de\/wp-json\/wp\/v2\/product"}],"about":[{"href":"https:\/\/radis.ee\/de\/wp-json\/wp\/v2\/types\/product"}],"replies":[{"embeddable":true,"href":"https:\/\/radis.ee\/de\/wp-json\/wp\/v2\/comments?post=9346"}],"wp:featuredmedia":[{"embeddable":true,"href":"https:\/\/radis.ee\/de\/wp-json\/wp\/v2\/media\/9630"}],"wp:attachment":[{"href":"https:\/\/radis.ee\/de\/wp-json\/wp\/v2\/media?parent=9346"}],"wp:term":[{"taxonomy":"product_brand","embeddable":true,"href":"https:\/\/radis.ee\/de\/wp-json\/wp\/v2\/product_brand?post=9346"},{"taxonomy":"product_cat","embeddable":true,"href":"https:\/\/radis.ee\/de\/wp-json\/wp\/v2\/product_cat?post=9346"},{"taxonomy":"product_tag","embeddable":true,"href":"https:\/\/radis.ee\/de\/wp-json\/wp\/v2\/product_tag?post=9346"}],"curies":[{"name":"wp","href":"https:\/\/api.w.org\/{rel}","templated":true}]}}