{"id":9397,"date":"2020-02-09T20:39:58","date_gmt":"2020-02-09T18:39:58","guid":{"rendered":"https:\/\/radis.ee\/pendelleuchte\/"},"modified":"2021-02-09T20:52:51","modified_gmt":"2021-02-09T18:52:51","slug":"pendelleuchte","status":"publish","type":"product","link":"https:\/\/radis.ee\/de\/pendelleuchte\/","title":{"rendered":"Pendelleuchte"},"content":{"rendered":"<p>Paula ist eine Pendelleuchte mit verspielten Mumien, die sich sowohl einzeln als auch in vielerlei Hinsicht gut f\u00fcr die Allgemeinbeleuchtung eignet.<\/p>\n<p>Hergestellt aus Eichenholz aus Bodenresten. Dies ist Holz, das sonst zur Ofenheizung gehen w\u00fcrde. Designer lassen diese \u201eBrennh\u00f6lzer\u201c jedoch anders brennen &#8211; sie lassen Eichenlampen entstehen.<\/p>\n<p>Es gibt auch eine Holzdeckenfassung f\u00fcr die Leuchte und das Set enth\u00e4lt eine LED-Lampe mit einer Lichtintensit\u00e4t von 750 Lumen. F\u00fcr die Installation ben\u00f6tigen Sie lediglich einen Deckenhaken, der zum entsprechenden Deckenmaterial passt. Paula ist mit nat\u00fcrlichem Holz\u00f6l fertig.<\/p>\n<p>Die L\u00e4nge des Holzteils der Leuchte betr\u00e4gt 24,6 cm; Deckensatz 5,5 cm mit einem Durchmesser von 6,3 cm, 1,5 m schwarzes Stoffkabel, Lichtquelle LED 12,5 cm.<\/p>\n<p>Designer: Liis Tippel und Katrin Girin<\/p>\n","protected":false},"excerpt":{"rendered":"<p>Paula ist eine Pendelleuchte mit verspielten Mumien, die sich sowohl einzeln als auch in vielerlei Hinsicht gut f\u00fcr die Allgemeinbeleuchtung eignet. Hergestellt aus Eichenholz aus Bodenresten. Dies ist Holz, das sonst zur Ofenheizung gehen w\u00fcrde. Designer lassen diese \u201eBrennh\u00f6lzer\u201c jedoch anders brennen &#8211; sie lassen Eichenlampen entstehen. Es gibt auch eine Holzdeckenfassung f\u00fcr die Leuchte&#8230;<\/p>\n","protected":false},"featured_media":9636,"comment_status":"open","ping_status":"closed","template":"","meta":{"_acf_changed":false},"product_brand":[],"product_cat":[34],"product_tag":[],"class_list":{"0":"post-9397","1":"product","2":"type-product","3":"status-publish","4":"has-post-thumbnail","6":"product_cat-aksessuaarid","8":"first","9":"instock","10":"taxable","11":"shipping-taxable","12":"purchasable","13":"product-type-simple"},"acf":[],"yoast_head":"<!-- This site is optimized with the Yoast SEO plugin v27.3 - https:\/\/yoast.com\/product\/yoast-seo-wordpress\/ -->\n<title>Pendelleuchte - Radis<\/title>\n<meta name=\"robots\" content=\"index, follow, max-snippet:-1, max-image-preview:large, max-video-preview:-1\" \/>\n<link rel=\"canonical\" href=\"https:\/\/radis.ee\/rippvalgusti-paula\/\" \/>\n<meta property=\"og:locale\" content=\"de_DE\" \/>\n<meta property=\"og:type\" content=\"article\" \/>\n<meta property=\"og:title\" content=\"Pendelleuchte - Radis\" \/>\n<meta property=\"og:description\" content=\"Paula ist eine Pendelleuchte mit verspielten Mumien, die sich sowohl einzeln als auch in vielerlei Hinsicht gut f\u00fcr die Allgemeinbeleuchtung eignet. Hergestellt aus Eichenholz aus Bodenresten. Dies ist Holz, das sonst zur Ofenheizung gehen w\u00fcrde. Designer lassen diese \u201eBrennh\u00f6lzer\u201c jedoch anders brennen &#8211; sie lassen Eichenlampen entstehen. Es gibt auch eine Holzdeckenfassung f\u00fcr die Leuchte...\" \/>\n<meta property=\"og:url\" content=\"https:\/\/radis.ee\/rippvalgusti-paula\/\" \/>\n<meta property=\"og:site_name\" content=\"Radis\" \/>\n<meta property=\"article:publisher\" content=\"https:\/\/www.facebook.com\/radisfurniture\/\" \/>\n<meta property=\"article:modified_time\" content=\"2021-02-09T18:52:51+00:00\" \/>\n<meta property=\"og:image\" content=\"https:\/\/radis.ee\/wp-content\/uploads\/2020\/02\/Pendant_lamp_PAULA_1-1.jpg\" \/>\n\t<meta property=\"og:image:width\" content=\"1080\" \/>\n\t<meta property=\"og:image:height\" content=\"1080\" \/>\n\t<meta property=\"og:image:type\" content=\"image\/jpeg\" \/>\n<meta name=\"twitter:card\" content=\"summary_large_image\" \/>\n<meta name=\"twitter:label1\" content=\"Gesch\u00e4tzte Lesezeit\" \/>\n\t<meta name=\"twitter:data1\" content=\"1\u00a0Minute\" \/>\n<script type=\"application\/ld+json\" class=\"yoast-schema-graph\">{\"@context\":\"https:\\\/\\\/schema.org\",\"@graph\":[{\"@type\":\"WebPage\",\"@id\":\"https:\\\/\\\/radis.ee\\\/rippvalgusti-paula\\\/\",\"url\":\"https:\\\/\\\/radis.ee\\\/rippvalgusti-paula\\\/\",\"name\":\"Pendelleuchte - Radis\",\"isPartOf\":{\"@id\":\"https:\\\/\\\/radis.ee\\\/#website\"},\"primaryImageOfPage\":{\"@id\":\"https:\\\/\\\/radis.ee\\\/rippvalgusti-paula\\\/#primaryimage\"},\"image\":{\"@id\":\"https:\\\/\\\/radis.ee\\\/rippvalgusti-paula\\\/#primaryimage\"},\"thumbnailUrl\":\"https:\\\/\\\/radis.ee\\\/wp-content\\\/uploads\\\/2020\\\/02\\\/Pendant_lamp_PAULA_1-1.jpg\",\"datePublished\":\"2020-02-09T18:39:58+00:00\",\"dateModified\":\"2021-02-09T18:52:51+00:00\",\"breadcrumb\":{\"@id\":\"https:\\\/\\\/radis.ee\\\/rippvalgusti-paula\\\/#breadcrumb\"},\"inLanguage\":\"de\",\"potentialAction\":[{\"@type\":\"ReadAction\",\"target\":[\"https:\\\/\\\/radis.ee\\\/rippvalgusti-paula\\\/\"]}]},{\"@type\":\"ImageObject\",\"inLanguage\":\"de\",\"@id\":\"https:\\\/\\\/radis.ee\\\/rippvalgusti-paula\\\/#primaryimage\",\"url\":\"https:\\\/\\\/radis.ee\\\/wp-content\\\/uploads\\\/2020\\\/02\\\/Pendant_lamp_PAULA_1-1.jpg\",\"contentUrl\":\"https:\\\/\\\/radis.ee\\\/wp-content\\\/uploads\\\/2020\\\/02\\\/Pendant_lamp_PAULA_1-1.jpg\",\"width\":1080,\"height\":1080,\"caption\":\"PENDANT LAMP PAULA\"},{\"@type\":\"BreadcrumbList\",\"@id\":\"https:\\\/\\\/radis.ee\\\/rippvalgusti-paula\\\/#breadcrumb\",\"itemListElement\":[{\"@type\":\"ListItem\",\"position\":1,\"name\":\"Home\",\"item\":\"https:\\\/\\\/radis.ee\\\/\"},{\"@type\":\"ListItem\",\"position\":2,\"name\":\"Produkte\",\"item\":\"https:\\\/\\\/radis.ee\\\/de\\\/produkte\\\/\"},{\"@type\":\"ListItem\",\"position\":3,\"name\":\"Pendelleuchte\"}]},{\"@type\":\"WebSite\",\"@id\":\"https:\\\/\\\/radis.ee\\\/#website\",\"url\":\"https:\\\/\\\/radis.ee\\\/\",\"name\":\"Radis\",\"description\":\"Nordic design furniture, environmentally friendly and sustainable.\",\"publisher\":{\"@id\":\"https:\\\/\\\/radis.ee\\\/#organization\"},\"potentialAction\":[{\"@type\":\"SearchAction\",\"target\":{\"@type\":\"EntryPoint\",\"urlTemplate\":\"https:\\\/\\\/radis.ee\\\/?s={search_term_string}\"},\"query-input\":{\"@type\":\"PropertyValueSpecification\",\"valueRequired\":true,\"valueName\":\"search_term_string\"}}],\"inLanguage\":\"de\"},{\"@type\":\"Organization\",\"@id\":\"https:\\\/\\\/radis.ee\\\/#organization\",\"name\":\"Radis O\u00dc\",\"url\":\"https:\\\/\\\/radis.ee\\\/\",\"logo\":{\"@type\":\"ImageObject\",\"inLanguage\":\"de\",\"@id\":\"https:\\\/\\\/radis.ee\\\/#\\\/schema\\\/logo\\\/image\\\/\",\"url\":\"https:\\\/\\\/radis.ee\\\/wp-content\\\/uploads\\\/2020\\\/10\\\/Radis-logo.png\",\"contentUrl\":\"https:\\\/\\\/radis.ee\\\/wp-content\\\/uploads\\\/2020\\\/10\\\/Radis-logo.png\",\"width\":300,\"height\":63,\"caption\":\"Radis O\u00dc\"},\"image\":{\"@id\":\"https:\\\/\\\/radis.ee\\\/#\\\/schema\\\/logo\\\/image\\\/\"},\"sameAs\":[\"https:\\\/\\\/www.facebook.com\\\/radisfurniture\\\/\"]}]}<\/script>\n<!-- \/ Yoast SEO plugin. -->","yoast_head_json":{"title":"Pendelleuchte - Radis","robots":{"index":"index","follow":"follow","max-snippet":"max-snippet:-1","max-image-preview":"max-image-preview:large","max-video-preview":"max-video-preview:-1"},"canonical":"https:\/\/radis.ee\/rippvalgusti-paula\/","og_locale":"de_DE","og_type":"article","og_title":"Pendelleuchte - Radis","og_description":"Paula ist eine Pendelleuchte mit verspielten Mumien, die sich sowohl einzeln als auch in vielerlei Hinsicht gut f\u00fcr die Allgemeinbeleuchtung eignet. Hergestellt aus Eichenholz aus Bodenresten. Dies ist Holz, das sonst zur Ofenheizung gehen w\u00fcrde. Designer lassen diese \u201eBrennh\u00f6lzer\u201c jedoch anders brennen &#8211; sie lassen Eichenlampen entstehen. Es gibt auch eine Holzdeckenfassung f\u00fcr die Leuchte...","og_url":"https:\/\/radis.ee\/rippvalgusti-paula\/","og_site_name":"Radis","article_publisher":"https:\/\/www.facebook.com\/radisfurniture\/","article_modified_time":"2021-02-09T18:52:51+00:00","og_image":[{"width":1080,"height":1080,"url":"https:\/\/radis.ee\/wp-content\/uploads\/2020\/02\/Pendant_lamp_PAULA_1-1.jpg","type":"image\/jpeg"}],"twitter_card":"summary_large_image","twitter_misc":{"Gesch\u00e4tzte Lesezeit":"1\u00a0Minute"},"schema":{"@context":"https:\/\/schema.org","@graph":[{"@type":"WebPage","@id":"https:\/\/radis.ee\/rippvalgusti-paula\/","url":"https:\/\/radis.ee\/rippvalgusti-paula\/","name":"Pendelleuchte - Radis","isPartOf":{"@id":"https:\/\/radis.ee\/#website"},"primaryImageOfPage":{"@id":"https:\/\/radis.ee\/rippvalgusti-paula\/#primaryimage"},"image":{"@id":"https:\/\/radis.ee\/rippvalgusti-paula\/#primaryimage"},"thumbnailUrl":"https:\/\/radis.ee\/wp-content\/uploads\/2020\/02\/Pendant_lamp_PAULA_1-1.jpg","datePublished":"2020-02-09T18:39:58+00:00","dateModified":"2021-02-09T18:52:51+00:00","breadcrumb":{"@id":"https:\/\/radis.ee\/rippvalgusti-paula\/#breadcrumb"},"inLanguage":"de","potentialAction":[{"@type":"ReadAction","target":["https:\/\/radis.ee\/rippvalgusti-paula\/"]}]},{"@type":"ImageObject","inLanguage":"de","@id":"https:\/\/radis.ee\/rippvalgusti-paula\/#primaryimage","url":"https:\/\/radis.ee\/wp-content\/uploads\/2020\/02\/Pendant_lamp_PAULA_1-1.jpg","contentUrl":"https:\/\/radis.ee\/wp-content\/uploads\/2020\/02\/Pendant_lamp_PAULA_1-1.jpg","width":1080,"height":1080,"caption":"PENDANT LAMP PAULA"},{"@type":"BreadcrumbList","@id":"https:\/\/radis.ee\/rippvalgusti-paula\/#breadcrumb","itemListElement":[{"@type":"ListItem","position":1,"name":"Home","item":"https:\/\/radis.ee\/"},{"@type":"ListItem","position":2,"name":"Produkte","item":"https:\/\/radis.ee\/de\/produkte\/"},{"@type":"ListItem","position":3,"name":"Pendelleuchte"}]},{"@type":"WebSite","@id":"https:\/\/radis.ee\/#website","url":"https:\/\/radis.ee\/","name":"Radis","description":"Nordic design furniture, environmentally friendly and sustainable.","publisher":{"@id":"https:\/\/radis.ee\/#organization"},"potentialAction":[{"@type":"SearchAction","target":{"@type":"EntryPoint","urlTemplate":"https:\/\/radis.ee\/?s={search_term_string}"},"query-input":{"@type":"PropertyValueSpecification","valueRequired":true,"valueName":"search_term_string"}}],"inLanguage":"de"},{"@type":"Organization","@id":"https:\/\/radis.ee\/#organization","name":"Radis O\u00dc","url":"https:\/\/radis.ee\/","logo":{"@type":"ImageObject","inLanguage":"de","@id":"https:\/\/radis.ee\/#\/schema\/logo\/image\/","url":"https:\/\/radis.ee\/wp-content\/uploads\/2020\/10\/Radis-logo.png","contentUrl":"https:\/\/radis.ee\/wp-content\/uploads\/2020\/10\/Radis-logo.png","width":300,"height":63,"caption":"Radis O\u00dc"},"image":{"@id":"https:\/\/radis.ee\/#\/schema\/logo\/image\/"},"sameAs":["https:\/\/www.facebook.com\/radisfurniture\/"]}]}},"_links":{"self":[{"href":"https:\/\/radis.ee\/de\/wp-json\/wp\/v2\/product\/9397","targetHints":{"allow":["GET"]}}],"collection":[{"href":"https:\/\/radis.ee\/de\/wp-json\/wp\/v2\/product"}],"about":[{"href":"https:\/\/radis.ee\/de\/wp-json\/wp\/v2\/types\/product"}],"replies":[{"embeddable":true,"href":"https:\/\/radis.ee\/de\/wp-json\/wp\/v2\/comments?post=9397"}],"wp:featuredmedia":[{"embeddable":true,"href":"https:\/\/radis.ee\/de\/wp-json\/wp\/v2\/media\/9636"}],"wp:attachment":[{"href":"https:\/\/radis.ee\/de\/wp-json\/wp\/v2\/media?parent=9397"}],"wp:term":[{"taxonomy":"product_brand","embeddable":true,"href":"https:\/\/radis.ee\/de\/wp-json\/wp\/v2\/product_brand?post=9397"},{"taxonomy":"product_cat","embeddable":true,"href":"https:\/\/radis.ee\/de\/wp-json\/wp\/v2\/product_cat?post=9397"},{"taxonomy":"product_tag","embeddable":true,"href":"https:\/\/radis.ee\/de\/wp-json\/wp\/v2\/product_tag?post=9397"}],"curies":[{"name":"wp","href":"https:\/\/api.w.org\/{rel}","templated":true}]}}