{"id":9553,"date":"2020-02-10T14:21:04","date_gmt":"2021-02-10T12:21:04","guid":{"rendered":"https:\/\/radis.ee\/tischleuchte-voldemar\/"},"modified":"2021-02-10T16:43:34","modified_gmt":"2021-02-10T14:43:34","slug":"tischleuchte-voldemar","status":"publish","type":"product","link":"https:\/\/radis.ee\/de\/tischleuchte-voldemar\/","title":{"rendered":"Tischleuchte VOLDEMAR"},"content":{"rendered":"<p>Die Voldemar Tischlampe ist ein guter Begleiter f\u00fcr Ihren Schreibtisch, Nachttisch oder Leseecke. Der Leuchtenkopf bewegt sich auf und ab, um das Licht genau dorthin zu lenken, wo Sie es am meisten einstellen m\u00fcssen.<\/p>\n<p>Hergestellt aus Eichenholz aus Bodenresten. Dies ist Holz, das sonst zur Ofenheizung gehen w\u00fcrde. Designer lassen diese &#8222;Brennh\u00f6lzer&#8220; jedoch anders brennen &#8211; sie bringen Holzlampen hervor.<\/p>\n<p>Die Leuchte ist mit einem 2,5 m langen Stoffkabel ausgestattet &#8211; schwarz, grau oder wei\u00df und schwarzer Stecker und Schalter. Die Leuchte wird au\u00dferdem mit einer LED-Lampe mit einer Lichtintensit\u00e4t von 450 Lumen geliefert. Die Holzteile sind mit nat\u00fcrlichem Holz\u00f6l versehen. Das Metallbein ist schwarz oder wei\u00df pulverbeschichtet. Die Holzkuppel misst 13,5 cm x T 6,3 cm, die Sohle hat einen Durchmesser von 13 cm.<\/p>\n<p>Designer: Liis Tippel und Katrin Girin<\/p>\n<p>Tischlampe Voldemar ist ein Nominierter f\u00fcr die Estonian Design Awards 2018 Bruno.<\/p>\n","protected":false},"excerpt":{"rendered":"<p>Die Voldemar Tischlampe ist ein guter Begleiter f\u00fcr Ihren Schreibtisch, Nachttisch oder Leseecke. Der Leuchtenkopf bewegt sich auf und ab, um das Licht genau dorthin zu lenken, wo Sie es am meisten einstellen m\u00fcssen. Hergestellt aus Eichenholz aus Bodenresten. Dies ist Holz, das sonst zur Ofenheizung gehen w\u00fcrde. Designer lassen diese &#8222;Brennh\u00f6lzer&#8220; jedoch anders brennen&#8230;<\/p>\n","protected":false},"featured_media":9624,"comment_status":"open","ping_status":"closed","template":"","meta":{"_acf_changed":false},"product_brand":[],"product_cat":[34],"product_tag":[],"class_list":{"0":"post-9553","1":"product","2":"type-product","3":"status-publish","4":"has-post-thumbnail","6":"product_cat-aksessuaarid","8":"first","9":"instock","10":"taxable","11":"shipping-taxable","12":"purchasable","13":"product-type-variable"},"acf":[],"yoast_head":"<!-- This site is optimized with the Yoast SEO plugin v27.3 - https:\/\/yoast.com\/product\/yoast-seo-wordpress\/ -->\n<title>Tischleuchte VOLDEMAR - Radis<\/title>\n<meta name=\"robots\" content=\"index, follow, max-snippet:-1, max-image-preview:large, max-video-preview:-1\" \/>\n<link rel=\"canonical\" href=\"https:\/\/radis.ee\/lauavalgusti-voldemar\/\" \/>\n<meta property=\"og:locale\" content=\"de_DE\" \/>\n<meta property=\"og:type\" content=\"article\" \/>\n<meta property=\"og:title\" content=\"Tischleuchte VOLDEMAR - Radis\" \/>\n<meta property=\"og:description\" content=\"Die Voldemar Tischlampe ist ein guter Begleiter f\u00fcr Ihren Schreibtisch, Nachttisch oder Leseecke. Der Leuchtenkopf bewegt sich auf und ab, um das Licht genau dorthin zu lenken, wo Sie es am meisten einstellen m\u00fcssen. Hergestellt aus Eichenholz aus Bodenresten. Dies ist Holz, das sonst zur Ofenheizung gehen w\u00fcrde. Designer lassen diese &#8222;Brennh\u00f6lzer&#8220; jedoch anders brennen...\" \/>\n<meta property=\"og:url\" content=\"https:\/\/radis.ee\/lauavalgusti-voldemar\/\" \/>\n<meta property=\"og:site_name\" content=\"Radis\" \/>\n<meta property=\"article:publisher\" content=\"https:\/\/www.facebook.com\/radisfurniture\/\" \/>\n<meta property=\"article:modified_time\" content=\"2021-02-10T14:43:34+00:00\" \/>\n<meta property=\"og:image\" content=\"https:\/\/radis.ee\/wp-content\/uploads\/2020\/02\/Desk_lamp_VOLDEMAR_white.jpg\" \/>\n\t<meta property=\"og:image:width\" content=\"449\" \/>\n\t<meta property=\"og:image:height\" content=\"565\" \/>\n\t<meta property=\"og:image:type\" content=\"image\/jpeg\" \/>\n<meta name=\"twitter:card\" content=\"summary_large_image\" \/>\n<meta name=\"twitter:label1\" content=\"Gesch\u00e4tzte Lesezeit\" \/>\n\t<meta name=\"twitter:data1\" content=\"1\u00a0Minute\" \/>\n<script type=\"application\/ld+json\" class=\"yoast-schema-graph\">{\"@context\":\"https:\\\/\\\/schema.org\",\"@graph\":[{\"@type\":\"WebPage\",\"@id\":\"https:\\\/\\\/radis.ee\\\/lauavalgusti-voldemar\\\/\",\"url\":\"https:\\\/\\\/radis.ee\\\/lauavalgusti-voldemar\\\/\",\"name\":\"Tischleuchte VOLDEMAR - Radis\",\"isPartOf\":{\"@id\":\"https:\\\/\\\/radis.ee\\\/#website\"},\"primaryImageOfPage\":{\"@id\":\"https:\\\/\\\/radis.ee\\\/lauavalgusti-voldemar\\\/#primaryimage\"},\"image\":{\"@id\":\"https:\\\/\\\/radis.ee\\\/lauavalgusti-voldemar\\\/#primaryimage\"},\"thumbnailUrl\":\"https:\\\/\\\/radis.ee\\\/wp-content\\\/uploads\\\/2020\\\/02\\\/Desk_lamp_VOLDEMAR_white.jpg\",\"datePublished\":\"2021-02-10T12:21:04+00:00\",\"dateModified\":\"2021-02-10T14:43:34+00:00\",\"breadcrumb\":{\"@id\":\"https:\\\/\\\/radis.ee\\\/lauavalgusti-voldemar\\\/#breadcrumb\"},\"inLanguage\":\"de\",\"potentialAction\":[{\"@type\":\"ReadAction\",\"target\":[\"https:\\\/\\\/radis.ee\\\/lauavalgusti-voldemar\\\/\"]}]},{\"@type\":\"ImageObject\",\"inLanguage\":\"de\",\"@id\":\"https:\\\/\\\/radis.ee\\\/lauavalgusti-voldemar\\\/#primaryimage\",\"url\":\"https:\\\/\\\/radis.ee\\\/wp-content\\\/uploads\\\/2020\\\/02\\\/Desk_lamp_VOLDEMAR_white.jpg\",\"contentUrl\":\"https:\\\/\\\/radis.ee\\\/wp-content\\\/uploads\\\/2020\\\/02\\\/Desk_lamp_VOLDEMAR_white.jpg\",\"width\":449,\"height\":565,\"caption\":\"DESK LAMP VOLDEMAR\"},{\"@type\":\"BreadcrumbList\",\"@id\":\"https:\\\/\\\/radis.ee\\\/lauavalgusti-voldemar\\\/#breadcrumb\",\"itemListElement\":[{\"@type\":\"ListItem\",\"position\":1,\"name\":\"Home\",\"item\":\"https:\\\/\\\/radis.ee\\\/\"},{\"@type\":\"ListItem\",\"position\":2,\"name\":\"Produkte\",\"item\":\"https:\\\/\\\/radis.ee\\\/de\\\/produkte\\\/\"},{\"@type\":\"ListItem\",\"position\":3,\"name\":\"Tischleuchte VOLDEMAR\"}]},{\"@type\":\"WebSite\",\"@id\":\"https:\\\/\\\/radis.ee\\\/#website\",\"url\":\"https:\\\/\\\/radis.ee\\\/\",\"name\":\"Radis\",\"description\":\"Nordic design furniture, environmentally friendly and sustainable.\",\"publisher\":{\"@id\":\"https:\\\/\\\/radis.ee\\\/#organization\"},\"potentialAction\":[{\"@type\":\"SearchAction\",\"target\":{\"@type\":\"EntryPoint\",\"urlTemplate\":\"https:\\\/\\\/radis.ee\\\/?s={search_term_string}\"},\"query-input\":{\"@type\":\"PropertyValueSpecification\",\"valueRequired\":true,\"valueName\":\"search_term_string\"}}],\"inLanguage\":\"de\"},{\"@type\":\"Organization\",\"@id\":\"https:\\\/\\\/radis.ee\\\/#organization\",\"name\":\"Radis O\u00dc\",\"url\":\"https:\\\/\\\/radis.ee\\\/\",\"logo\":{\"@type\":\"ImageObject\",\"inLanguage\":\"de\",\"@id\":\"https:\\\/\\\/radis.ee\\\/#\\\/schema\\\/logo\\\/image\\\/\",\"url\":\"https:\\\/\\\/radis.ee\\\/wp-content\\\/uploads\\\/2020\\\/10\\\/Radis-logo.png\",\"contentUrl\":\"https:\\\/\\\/radis.ee\\\/wp-content\\\/uploads\\\/2020\\\/10\\\/Radis-logo.png\",\"width\":300,\"height\":63,\"caption\":\"Radis O\u00dc\"},\"image\":{\"@id\":\"https:\\\/\\\/radis.ee\\\/#\\\/schema\\\/logo\\\/image\\\/\"},\"sameAs\":[\"https:\\\/\\\/www.facebook.com\\\/radisfurniture\\\/\"]}]}<\/script>\n<!-- \/ Yoast SEO plugin. -->","yoast_head_json":{"title":"Tischleuchte VOLDEMAR - Radis","robots":{"index":"index","follow":"follow","max-snippet":"max-snippet:-1","max-image-preview":"max-image-preview:large","max-video-preview":"max-video-preview:-1"},"canonical":"https:\/\/radis.ee\/lauavalgusti-voldemar\/","og_locale":"de_DE","og_type":"article","og_title":"Tischleuchte VOLDEMAR - Radis","og_description":"Die Voldemar Tischlampe ist ein guter Begleiter f\u00fcr Ihren Schreibtisch, Nachttisch oder Leseecke. Der Leuchtenkopf bewegt sich auf und ab, um das Licht genau dorthin zu lenken, wo Sie es am meisten einstellen m\u00fcssen. Hergestellt aus Eichenholz aus Bodenresten. Dies ist Holz, das sonst zur Ofenheizung gehen w\u00fcrde. Designer lassen diese &#8222;Brennh\u00f6lzer&#8220; jedoch anders brennen...","og_url":"https:\/\/radis.ee\/lauavalgusti-voldemar\/","og_site_name":"Radis","article_publisher":"https:\/\/www.facebook.com\/radisfurniture\/","article_modified_time":"2021-02-10T14:43:34+00:00","og_image":[{"width":449,"height":565,"url":"https:\/\/radis.ee\/wp-content\/uploads\/2020\/02\/Desk_lamp_VOLDEMAR_white.jpg","type":"image\/jpeg"}],"twitter_card":"summary_large_image","twitter_misc":{"Gesch\u00e4tzte Lesezeit":"1\u00a0Minute"},"schema":{"@context":"https:\/\/schema.org","@graph":[{"@type":"WebPage","@id":"https:\/\/radis.ee\/lauavalgusti-voldemar\/","url":"https:\/\/radis.ee\/lauavalgusti-voldemar\/","name":"Tischleuchte VOLDEMAR - Radis","isPartOf":{"@id":"https:\/\/radis.ee\/#website"},"primaryImageOfPage":{"@id":"https:\/\/radis.ee\/lauavalgusti-voldemar\/#primaryimage"},"image":{"@id":"https:\/\/radis.ee\/lauavalgusti-voldemar\/#primaryimage"},"thumbnailUrl":"https:\/\/radis.ee\/wp-content\/uploads\/2020\/02\/Desk_lamp_VOLDEMAR_white.jpg","datePublished":"2021-02-10T12:21:04+00:00","dateModified":"2021-02-10T14:43:34+00:00","breadcrumb":{"@id":"https:\/\/radis.ee\/lauavalgusti-voldemar\/#breadcrumb"},"inLanguage":"de","potentialAction":[{"@type":"ReadAction","target":["https:\/\/radis.ee\/lauavalgusti-voldemar\/"]}]},{"@type":"ImageObject","inLanguage":"de","@id":"https:\/\/radis.ee\/lauavalgusti-voldemar\/#primaryimage","url":"https:\/\/radis.ee\/wp-content\/uploads\/2020\/02\/Desk_lamp_VOLDEMAR_white.jpg","contentUrl":"https:\/\/radis.ee\/wp-content\/uploads\/2020\/02\/Desk_lamp_VOLDEMAR_white.jpg","width":449,"height":565,"caption":"DESK LAMP VOLDEMAR"},{"@type":"BreadcrumbList","@id":"https:\/\/radis.ee\/lauavalgusti-voldemar\/#breadcrumb","itemListElement":[{"@type":"ListItem","position":1,"name":"Home","item":"https:\/\/radis.ee\/"},{"@type":"ListItem","position":2,"name":"Produkte","item":"https:\/\/radis.ee\/de\/produkte\/"},{"@type":"ListItem","position":3,"name":"Tischleuchte VOLDEMAR"}]},{"@type":"WebSite","@id":"https:\/\/radis.ee\/#website","url":"https:\/\/radis.ee\/","name":"Radis","description":"Nordic design furniture, environmentally friendly and sustainable.","publisher":{"@id":"https:\/\/radis.ee\/#organization"},"potentialAction":[{"@type":"SearchAction","target":{"@type":"EntryPoint","urlTemplate":"https:\/\/radis.ee\/?s={search_term_string}"},"query-input":{"@type":"PropertyValueSpecification","valueRequired":true,"valueName":"search_term_string"}}],"inLanguage":"de"},{"@type":"Organization","@id":"https:\/\/radis.ee\/#organization","name":"Radis O\u00dc","url":"https:\/\/radis.ee\/","logo":{"@type":"ImageObject","inLanguage":"de","@id":"https:\/\/radis.ee\/#\/schema\/logo\/image\/","url":"https:\/\/radis.ee\/wp-content\/uploads\/2020\/10\/Radis-logo.png","contentUrl":"https:\/\/radis.ee\/wp-content\/uploads\/2020\/10\/Radis-logo.png","width":300,"height":63,"caption":"Radis O\u00dc"},"image":{"@id":"https:\/\/radis.ee\/#\/schema\/logo\/image\/"},"sameAs":["https:\/\/www.facebook.com\/radisfurniture\/"]}]}},"_links":{"self":[{"href":"https:\/\/radis.ee\/de\/wp-json\/wp\/v2\/product\/9553","targetHints":{"allow":["GET"]}}],"collection":[{"href":"https:\/\/radis.ee\/de\/wp-json\/wp\/v2\/product"}],"about":[{"href":"https:\/\/radis.ee\/de\/wp-json\/wp\/v2\/types\/product"}],"replies":[{"embeddable":true,"href":"https:\/\/radis.ee\/de\/wp-json\/wp\/v2\/comments?post=9553"}],"wp:featuredmedia":[{"embeddable":true,"href":"https:\/\/radis.ee\/de\/wp-json\/wp\/v2\/media\/9624"}],"wp:attachment":[{"href":"https:\/\/radis.ee\/de\/wp-json\/wp\/v2\/media?parent=9553"}],"wp:term":[{"taxonomy":"product_brand","embeddable":true,"href":"https:\/\/radis.ee\/de\/wp-json\/wp\/v2\/product_brand?post=9553"},{"taxonomy":"product_cat","embeddable":true,"href":"https:\/\/radis.ee\/de\/wp-json\/wp\/v2\/product_cat?post=9553"},{"taxonomy":"product_tag","embeddable":true,"href":"https:\/\/radis.ee\/de\/wp-json\/wp\/v2\/product_tag?post=9553"}],"curies":[{"name":"wp","href":"https:\/\/api.w.org\/{rel}","templated":true}]}}