{"id":9606,"date":"2019-02-10T19:35:08","date_gmt":"2021-02-10T17:35:08","guid":{"rendered":"https:\/\/radis.ee\/knopfhalter-riina\/"},"modified":"2021-02-10T19:35:08","modified_gmt":"2021-02-10T17:35:08","slug":"knopfhalter-riina","status":"publish","type":"product","link":"https:\/\/radis.ee\/de\/knopfhalter-riina\/","title":{"rendered":"Knopfhalter RIINA"},"content":{"rendered":"<p>Die Knopfst\u00e4nder eignen sich gut f\u00fcr Schubladen und Schrankkn\u00f6pfe, aber auch f\u00fcr moderne Gestelle. Hakengestelle sind in drei Gr\u00f6\u00dfen erh\u00e4ltlich. Die L-Gr\u00f6\u00dfe ist riesig (Durchmesser 14 cm), aber es gibt auch bescheidene M- (D 10 cm) und S-Gr\u00f6\u00dfe (D 7 cm) M\u00fctter.<\/p>\n<p>Knopfregale bestehen aus Eichenholz, das aus den R\u00fcckst\u00e4nden der Bodenbelagsindustrie stammt. Dies ist Holz, das sonst zur Ofenheizung gehen w\u00fcrde. Designer sparen jedoch Holz und geben ihm eine neue Verwendung als Kn\u00f6pfe oder Gestell.<\/p>\n<p>Die Racks werden in einem 3er-Set in verschiedenen Gr\u00f6\u00dfen geliefert &#8211; S, M und L, auch Befestigungsschrauben sind enthalten. Sie m\u00fcssen lediglich einen D\u00fcbel installieren, der zum Wandmaterial passt. Die Produkte sind mit nat\u00fcrlichem Holz\u00f6l veredelt.<\/p>\n<p>Designer: Liis Tippel und Katrin Girin<\/p>\n","protected":false},"excerpt":{"rendered":"<p>Die Knopfst\u00e4nder eignen sich gut f\u00fcr Schubladen und Schrankkn\u00f6pfe, aber auch f\u00fcr moderne Gestelle. Hakengestelle sind in drei Gr\u00f6\u00dfen erh\u00e4ltlich. Die L-Gr\u00f6\u00dfe ist riesig (Durchmesser 14 cm), aber es gibt auch bescheidene M- (D 10 cm) und S-Gr\u00f6\u00dfe (D 7 cm) M\u00fctter. Knopfregale bestehen aus Eichenholz, das aus den R\u00fcckst\u00e4nden der Bodenbelagsindustrie stammt. Dies ist&#8230;<\/p>\n","protected":false},"featured_media":9601,"comment_status":"open","ping_status":"closed","template":"","meta":{"_acf_changed":false},"product_brand":[],"product_cat":[34],"product_tag":[],"class_list":{"0":"post-9606","1":"product","2":"type-product","3":"status-publish","4":"has-post-thumbnail","6":"product_cat-aksessuaarid","8":"first","9":"instock","10":"taxable","11":"shipping-taxable","12":"purchasable","13":"product-type-simple"},"acf":[],"yoast_head":"<!-- This site is optimized with the Yoast SEO plugin v27.4 - https:\/\/yoast.com\/product\/yoast-seo-wordpress\/ -->\n<title>Knopfhalter RIINA - Radis<\/title>\n<meta name=\"robots\" content=\"index, follow, max-snippet:-1, max-image-preview:large, max-video-preview:-1\" \/>\n<link rel=\"canonical\" href=\"https:\/\/radis.ee\/?post_type=product&p=9565\" \/>\n<meta property=\"og:locale\" content=\"de_DE\" \/>\n<meta property=\"og:type\" content=\"article\" \/>\n<meta property=\"og:title\" content=\"Knopfhalter RIINA - Radis\" \/>\n<meta property=\"og:description\" content=\"Die Knopfst\u00e4nder eignen sich gut f\u00fcr Schubladen und Schrankkn\u00f6pfe, aber auch f\u00fcr moderne Gestelle. Hakengestelle sind in drei Gr\u00f6\u00dfen erh\u00e4ltlich. Die L-Gr\u00f6\u00dfe ist riesig (Durchmesser 14 cm), aber es gibt auch bescheidene M- (D 10 cm) und S-Gr\u00f6\u00dfe (D 7 cm) M\u00fctter. Knopfregale bestehen aus Eichenholz, das aus den R\u00fcckst\u00e4nden der Bodenbelagsindustrie stammt. Dies ist...\" \/>\n<meta property=\"og:url\" content=\"https:\/\/radis.ee\/?post_type=product&amp;p=9565\" \/>\n<meta property=\"og:site_name\" content=\"Radis\" \/>\n<meta property=\"article:publisher\" content=\"https:\/\/www.facebook.com\/radisfurniture\/\" \/>\n<meta property=\"og:image\" content=\"https:\/\/radis.ee\/wp-content\/uploads\/2021\/02\/Hanging_dots_RIINA_white.jpg\" \/>\n\t<meta property=\"og:image:width\" content=\"551\" \/>\n\t<meta property=\"og:image:height\" content=\"549\" \/>\n\t<meta property=\"og:image:type\" content=\"image\/jpeg\" \/>\n<meta name=\"twitter:card\" content=\"summary_large_image\" \/>\n<meta name=\"twitter:label1\" content=\"Gesch\u00e4tzte Lesezeit\" \/>\n\t<meta name=\"twitter:data1\" content=\"1\u00a0Minute\" \/>\n<script type=\"application\/ld+json\" class=\"yoast-schema-graph\">{\"@context\":\"https:\\\/\\\/schema.org\",\"@graph\":[{\"@type\":\"WebPage\",\"@id\":\"https:\\\/\\\/radis.ee\\\/?post_type=product&p=9565\",\"url\":\"https:\\\/\\\/radis.ee\\\/?post_type=product&p=9565\",\"name\":\"Knopfhalter RIINA - Radis\",\"isPartOf\":{\"@id\":\"https:\\\/\\\/radis.ee\\\/#website\"},\"primaryImageOfPage\":{\"@id\":\"https:\\\/\\\/radis.ee\\\/?post_type=product&p=9565#primaryimage\"},\"image\":{\"@id\":\"https:\\\/\\\/radis.ee\\\/?post_type=product&p=9565#primaryimage\"},\"thumbnailUrl\":\"https:\\\/\\\/radis.ee\\\/wp-content\\\/uploads\\\/2021\\\/02\\\/Hanging_dots_RIINA_white.jpg\",\"datePublished\":\"2021-02-10T17:35:08+00:00\",\"breadcrumb\":{\"@id\":\"https:\\\/\\\/radis.ee\\\/?post_type=product&p=9565#breadcrumb\"},\"inLanguage\":\"de\",\"potentialAction\":[{\"@type\":\"ReadAction\",\"target\":[\"https:\\\/\\\/radis.ee\\\/?post_type=product&p=9565\"]}]},{\"@type\":\"ImageObject\",\"inLanguage\":\"de\",\"@id\":\"https:\\\/\\\/radis.ee\\\/?post_type=product&p=9565#primaryimage\",\"url\":\"https:\\\/\\\/radis.ee\\\/wp-content\\\/uploads\\\/2021\\\/02\\\/Hanging_dots_RIINA_white.jpg\",\"contentUrl\":\"https:\\\/\\\/radis.ee\\\/wp-content\\\/uploads\\\/2021\\\/02\\\/Hanging_dots_RIINA_white.jpg\",\"width\":551,\"height\":549,\"caption\":\"HOOK DOTS RIINA\"},{\"@type\":\"BreadcrumbList\",\"@id\":\"https:\\\/\\\/radis.ee\\\/?post_type=product&p=9565#breadcrumb\",\"itemListElement\":[{\"@type\":\"ListItem\",\"position\":1,\"name\":\"Home\",\"item\":\"https:\\\/\\\/radis.ee\\\/\"},{\"@type\":\"ListItem\",\"position\":2,\"name\":\"Produkte\",\"item\":\"https:\\\/\\\/radis.ee\\\/de\\\/produkte\\\/\"},{\"@type\":\"ListItem\",\"position\":3,\"name\":\"Knopfhalter RIINA\"}]},{\"@type\":\"WebSite\",\"@id\":\"https:\\\/\\\/radis.ee\\\/#website\",\"url\":\"https:\\\/\\\/radis.ee\\\/\",\"name\":\"Radis\",\"description\":\"Nordic design furniture, environmentally friendly and sustainable.\",\"publisher\":{\"@id\":\"https:\\\/\\\/radis.ee\\\/#organization\"},\"potentialAction\":[{\"@type\":\"SearchAction\",\"target\":{\"@type\":\"EntryPoint\",\"urlTemplate\":\"https:\\\/\\\/radis.ee\\\/?s={search_term_string}\"},\"query-input\":{\"@type\":\"PropertyValueSpecification\",\"valueRequired\":true,\"valueName\":\"search_term_string\"}}],\"inLanguage\":\"de\"},{\"@type\":\"Organization\",\"@id\":\"https:\\\/\\\/radis.ee\\\/#organization\",\"name\":\"Radis O\u00dc\",\"url\":\"https:\\\/\\\/radis.ee\\\/\",\"logo\":{\"@type\":\"ImageObject\",\"inLanguage\":\"de\",\"@id\":\"https:\\\/\\\/radis.ee\\\/#\\\/schema\\\/logo\\\/image\\\/\",\"url\":\"https:\\\/\\\/radis.ee\\\/wp-content\\\/uploads\\\/2020\\\/10\\\/Radis-logo.png\",\"contentUrl\":\"https:\\\/\\\/radis.ee\\\/wp-content\\\/uploads\\\/2020\\\/10\\\/Radis-logo.png\",\"width\":300,\"height\":63,\"caption\":\"Radis O\u00dc\"},\"image\":{\"@id\":\"https:\\\/\\\/radis.ee\\\/#\\\/schema\\\/logo\\\/image\\\/\"},\"sameAs\":[\"https:\\\/\\\/www.facebook.com\\\/radisfurniture\\\/\"]}]}<\/script>\n<!-- \/ Yoast SEO plugin. -->","yoast_head_json":{"title":"Knopfhalter RIINA - Radis","robots":{"index":"index","follow":"follow","max-snippet":"max-snippet:-1","max-image-preview":"max-image-preview:large","max-video-preview":"max-video-preview:-1"},"canonical":"https:\/\/radis.ee\/?post_type=product&p=9565","og_locale":"de_DE","og_type":"article","og_title":"Knopfhalter RIINA - Radis","og_description":"Die Knopfst\u00e4nder eignen sich gut f\u00fcr Schubladen und Schrankkn\u00f6pfe, aber auch f\u00fcr moderne Gestelle. Hakengestelle sind in drei Gr\u00f6\u00dfen erh\u00e4ltlich. Die L-Gr\u00f6\u00dfe ist riesig (Durchmesser 14 cm), aber es gibt auch bescheidene M- (D 10 cm) und S-Gr\u00f6\u00dfe (D 7 cm) M\u00fctter. Knopfregale bestehen aus Eichenholz, das aus den R\u00fcckst\u00e4nden der Bodenbelagsindustrie stammt. Dies ist...","og_url":"https:\/\/radis.ee\/?post_type=product&p=9565","og_site_name":"Radis","article_publisher":"https:\/\/www.facebook.com\/radisfurniture\/","og_image":[{"width":551,"height":549,"url":"https:\/\/radis.ee\/wp-content\/uploads\/2021\/02\/Hanging_dots_RIINA_white.jpg","type":"image\/jpeg"}],"twitter_card":"summary_large_image","twitter_misc":{"Gesch\u00e4tzte Lesezeit":"1\u00a0Minute"},"schema":{"@context":"https:\/\/schema.org","@graph":[{"@type":"WebPage","@id":"https:\/\/radis.ee\/?post_type=product&p=9565","url":"https:\/\/radis.ee\/?post_type=product&p=9565","name":"Knopfhalter RIINA - Radis","isPartOf":{"@id":"https:\/\/radis.ee\/#website"},"primaryImageOfPage":{"@id":"https:\/\/radis.ee\/?post_type=product&p=9565#primaryimage"},"image":{"@id":"https:\/\/radis.ee\/?post_type=product&p=9565#primaryimage"},"thumbnailUrl":"https:\/\/radis.ee\/wp-content\/uploads\/2021\/02\/Hanging_dots_RIINA_white.jpg","datePublished":"2021-02-10T17:35:08+00:00","breadcrumb":{"@id":"https:\/\/radis.ee\/?post_type=product&p=9565#breadcrumb"},"inLanguage":"de","potentialAction":[{"@type":"ReadAction","target":["https:\/\/radis.ee\/?post_type=product&p=9565"]}]},{"@type":"ImageObject","inLanguage":"de","@id":"https:\/\/radis.ee\/?post_type=product&p=9565#primaryimage","url":"https:\/\/radis.ee\/wp-content\/uploads\/2021\/02\/Hanging_dots_RIINA_white.jpg","contentUrl":"https:\/\/radis.ee\/wp-content\/uploads\/2021\/02\/Hanging_dots_RIINA_white.jpg","width":551,"height":549,"caption":"HOOK DOTS RIINA"},{"@type":"BreadcrumbList","@id":"https:\/\/radis.ee\/?post_type=product&p=9565#breadcrumb","itemListElement":[{"@type":"ListItem","position":1,"name":"Home","item":"https:\/\/radis.ee\/"},{"@type":"ListItem","position":2,"name":"Produkte","item":"https:\/\/radis.ee\/de\/produkte\/"},{"@type":"ListItem","position":3,"name":"Knopfhalter RIINA"}]},{"@type":"WebSite","@id":"https:\/\/radis.ee\/#website","url":"https:\/\/radis.ee\/","name":"Radis","description":"Nordic design furniture, environmentally friendly and sustainable.","publisher":{"@id":"https:\/\/radis.ee\/#organization"},"potentialAction":[{"@type":"SearchAction","target":{"@type":"EntryPoint","urlTemplate":"https:\/\/radis.ee\/?s={search_term_string}"},"query-input":{"@type":"PropertyValueSpecification","valueRequired":true,"valueName":"search_term_string"}}],"inLanguage":"de"},{"@type":"Organization","@id":"https:\/\/radis.ee\/#organization","name":"Radis O\u00dc","url":"https:\/\/radis.ee\/","logo":{"@type":"ImageObject","inLanguage":"de","@id":"https:\/\/radis.ee\/#\/schema\/logo\/image\/","url":"https:\/\/radis.ee\/wp-content\/uploads\/2020\/10\/Radis-logo.png","contentUrl":"https:\/\/radis.ee\/wp-content\/uploads\/2020\/10\/Radis-logo.png","width":300,"height":63,"caption":"Radis O\u00dc"},"image":{"@id":"https:\/\/radis.ee\/#\/schema\/logo\/image\/"},"sameAs":["https:\/\/www.facebook.com\/radisfurniture\/"]}]}},"_links":{"self":[{"href":"https:\/\/radis.ee\/de\/wp-json\/wp\/v2\/product\/9606","targetHints":{"allow":["GET"]}}],"collection":[{"href":"https:\/\/radis.ee\/de\/wp-json\/wp\/v2\/product"}],"about":[{"href":"https:\/\/radis.ee\/de\/wp-json\/wp\/v2\/types\/product"}],"replies":[{"embeddable":true,"href":"https:\/\/radis.ee\/de\/wp-json\/wp\/v2\/comments?post=9606"}],"wp:featuredmedia":[{"embeddable":true,"href":"https:\/\/radis.ee\/de\/wp-json\/wp\/v2\/media\/9601"}],"wp:attachment":[{"href":"https:\/\/radis.ee\/de\/wp-json\/wp\/v2\/media?parent=9606"}],"wp:term":[{"taxonomy":"product_brand","embeddable":true,"href":"https:\/\/radis.ee\/de\/wp-json\/wp\/v2\/product_brand?post=9606"},{"taxonomy":"product_cat","embeddable":true,"href":"https:\/\/radis.ee\/de\/wp-json\/wp\/v2\/product_cat?post=9606"},{"taxonomy":"product_tag","embeddable":true,"href":"https:\/\/radis.ee\/de\/wp-json\/wp\/v2\/product_tag?post=9606"}],"curies":[{"name":"wp","href":"https:\/\/api.w.org\/{rel}","templated":true}]}}