{"id":9785,"date":"2020-04-17T23:02:37","date_gmt":"2021-03-16T21:02:37","guid":{"rendered":"https:\/\/radis.ee\/wandregal-pix\/"},"modified":"2024-03-05T20:51:18","modified_gmt":"2024-03-05T18:51:18","slug":"wandregal-pix","status":"publish","type":"product","link":"https:\/\/radis.ee\/de\/wandregal-pix\/","title":{"rendered":"Wandregal PIX"},"content":{"rendered":"<p>Sie k\u00f6nnen jetzt auch ein beliebtes Regal PIX an die Wand h\u00e4ngen.<\/p>\n<p>Sie entscheiden, was Sie f\u00fcr alle zeigen und was Sie im Schrank verstecken.<\/p>\n<p>Die Regalinnenh\u00f6he betr\u00e4gt 33 cm und erm\u00f6glicht die einfache Unterbringung gr\u00f6\u00dferer B\u00fccher und Ordner. Die Innenbreite der Schr\u00e4nke betr\u00e4gt 33 cm.<\/p>\n<p>Hergestellt aus Birkensperrholz, ge\u00f6lt gewachstem oder wei\u00dfem HPL auf Sperrholz. T\u00fcrscharniere mit Soft-Close-Funktion.<\/p>\n","protected":false},"excerpt":{"rendered":"<p>Sie k\u00f6nnen jetzt auch ein beliebtes Regal PIX an die Wand h\u00e4ngen. Sie entscheiden, was Sie f\u00fcr alle zeigen und was Sie im Schrank verstecken. Die Regalinnenh\u00f6he betr\u00e4gt 33 cm und erm\u00f6glicht die einfache Unterbringung gr\u00f6\u00dferer B\u00fccher und Ordner. Die Innenbreite der Schr\u00e4nke betr\u00e4gt 33 cm. Hergestellt aus Birkensperrholz, ge\u00f6lt gewachstem oder wei\u00dfem HPL auf&#8230;<\/p>\n","protected":false},"featured_media":21283,"comment_status":"open","ping_status":"closed","template":"","meta":{"_acf_changed":false},"product_brand":[],"product_cat":[109],"product_tag":[],"class_list":{"0":"post-9785","1":"product","2":"type-product","3":"status-publish","4":"has-post-thumbnail","6":"product_cat-riiulid","8":"first","9":"instock","10":"taxable","11":"shipping-taxable","12":"purchasable","13":"product-type-variable","14":"has-default-attributes"},"acf":[],"yoast_head":"<!-- This site is optimized with the Yoast SEO plugin v27.3 - https:\/\/yoast.com\/product\/yoast-seo-wordpress\/ -->\n<title>Wandregal PIX - Radis<\/title>\n<meta name=\"robots\" content=\"index, follow, max-snippet:-1, max-image-preview:large, max-video-preview:-1\" \/>\n<link rel=\"canonical\" href=\"https:\/\/radis.ee\/seinariiul-pix\/\" \/>\n<meta property=\"og:locale\" content=\"de_DE\" \/>\n<meta property=\"og:type\" content=\"article\" \/>\n<meta property=\"og:title\" content=\"Wandregal PIX - Radis\" \/>\n<meta property=\"og:description\" content=\"Sie k\u00f6nnen jetzt auch ein beliebtes Regal PIX an die Wand h\u00e4ngen. Sie entscheiden, was Sie f\u00fcr alle zeigen und was Sie im Schrank verstecken. Die Regalinnenh\u00f6he betr\u00e4gt 33 cm und erm\u00f6glicht die einfache Unterbringung gr\u00f6\u00dferer B\u00fccher und Ordner. Die Innenbreite der Schr\u00e4nke betr\u00e4gt 33 cm. Hergestellt aus Birkensperrholz, ge\u00f6lt gewachstem oder wei\u00dfem HPL auf...\" \/>\n<meta property=\"og:url\" content=\"https:\/\/radis.ee\/seinariiul-pix\/\" \/>\n<meta property=\"og:site_name\" content=\"Radis\" \/>\n<meta property=\"article:publisher\" content=\"https:\/\/www.facebook.com\/radisfurniture\/\" \/>\n<meta property=\"article:modified_time\" content=\"2024-03-05T18:51:18+00:00\" \/>\n<meta property=\"og:image\" content=\"https:\/\/radis.ee\/wp-content\/uploads\/2020\/04\/Radis_wall_shelf_PIX_Light_Oak-doors_White_Osmo_white_background.jpg\" \/>\n\t<meta property=\"og:image:width\" content=\"620\" \/>\n\t<meta property=\"og:image:height\" content=\"521\" \/>\n\t<meta property=\"og:image:type\" content=\"image\/jpeg\" \/>\n<meta name=\"twitter:card\" content=\"summary_large_image\" \/>\n<script type=\"application\/ld+json\" class=\"yoast-schema-graph\">{\"@context\":\"https:\\\/\\\/schema.org\",\"@graph\":[{\"@type\":\"WebPage\",\"@id\":\"https:\\\/\\\/radis.ee\\\/seinariiul-pix\\\/\",\"url\":\"https:\\\/\\\/radis.ee\\\/seinariiul-pix\\\/\",\"name\":\"Wandregal PIX - Radis\",\"isPartOf\":{\"@id\":\"https:\\\/\\\/radis.ee\\\/#website\"},\"primaryImageOfPage\":{\"@id\":\"https:\\\/\\\/radis.ee\\\/seinariiul-pix\\\/#primaryimage\"},\"image\":{\"@id\":\"https:\\\/\\\/radis.ee\\\/seinariiul-pix\\\/#primaryimage\"},\"thumbnailUrl\":\"https:\\\/\\\/radis.ee\\\/wp-content\\\/uploads\\\/2020\\\/04\\\/Radis_wall_shelf_PIX_Light_Oak-doors_White_Osmo_white_background.jpg\",\"datePublished\":\"2021-03-16T21:02:37+00:00\",\"dateModified\":\"2024-03-05T18:51:18+00:00\",\"breadcrumb\":{\"@id\":\"https:\\\/\\\/radis.ee\\\/seinariiul-pix\\\/#breadcrumb\"},\"inLanguage\":\"de\",\"potentialAction\":[{\"@type\":\"ReadAction\",\"target\":[\"https:\\\/\\\/radis.ee\\\/seinariiul-pix\\\/\"]}]},{\"@type\":\"ImageObject\",\"inLanguage\":\"de\",\"@id\":\"https:\\\/\\\/radis.ee\\\/seinariiul-pix\\\/#primaryimage\",\"url\":\"https:\\\/\\\/radis.ee\\\/wp-content\\\/uploads\\\/2020\\\/04\\\/Radis_wall_shelf_PIX_Light_Oak-doors_White_Osmo_white_background.jpg\",\"contentUrl\":\"https:\\\/\\\/radis.ee\\\/wp-content\\\/uploads\\\/2020\\\/04\\\/Radis_wall_shelf_PIX_Light_Oak-doors_White_Osmo_white_background.jpg\",\"width\":620,\"height\":521,\"caption\":\"Radis_Furniture_wall_shelf_PIX_Light_Oak_doors_White_Osmo\"},{\"@type\":\"BreadcrumbList\",\"@id\":\"https:\\\/\\\/radis.ee\\\/seinariiul-pix\\\/#breadcrumb\",\"itemListElement\":[{\"@type\":\"ListItem\",\"position\":1,\"name\":\"Home\",\"item\":\"https:\\\/\\\/radis.ee\\\/\"},{\"@type\":\"ListItem\",\"position\":2,\"name\":\"Produkte\",\"item\":\"https:\\\/\\\/radis.ee\\\/de\\\/produkte\\\/\"},{\"@type\":\"ListItem\",\"position\":3,\"name\":\"Wandregal PIX\"}]},{\"@type\":\"WebSite\",\"@id\":\"https:\\\/\\\/radis.ee\\\/#website\",\"url\":\"https:\\\/\\\/radis.ee\\\/\",\"name\":\"Radis\",\"description\":\"Nordic design furniture, environmentally friendly and sustainable.\",\"publisher\":{\"@id\":\"https:\\\/\\\/radis.ee\\\/#organization\"},\"potentialAction\":[{\"@type\":\"SearchAction\",\"target\":{\"@type\":\"EntryPoint\",\"urlTemplate\":\"https:\\\/\\\/radis.ee\\\/?s={search_term_string}\"},\"query-input\":{\"@type\":\"PropertyValueSpecification\",\"valueRequired\":true,\"valueName\":\"search_term_string\"}}],\"inLanguage\":\"de\"},{\"@type\":\"Organization\",\"@id\":\"https:\\\/\\\/radis.ee\\\/#organization\",\"name\":\"Radis O\u00dc\",\"url\":\"https:\\\/\\\/radis.ee\\\/\",\"logo\":{\"@type\":\"ImageObject\",\"inLanguage\":\"de\",\"@id\":\"https:\\\/\\\/radis.ee\\\/#\\\/schema\\\/logo\\\/image\\\/\",\"url\":\"https:\\\/\\\/radis.ee\\\/wp-content\\\/uploads\\\/2020\\\/10\\\/Radis-logo.png\",\"contentUrl\":\"https:\\\/\\\/radis.ee\\\/wp-content\\\/uploads\\\/2020\\\/10\\\/Radis-logo.png\",\"width\":300,\"height\":63,\"caption\":\"Radis O\u00dc\"},\"image\":{\"@id\":\"https:\\\/\\\/radis.ee\\\/#\\\/schema\\\/logo\\\/image\\\/\"},\"sameAs\":[\"https:\\\/\\\/www.facebook.com\\\/radisfurniture\\\/\"]}]}<\/script>\n<!-- \/ Yoast SEO plugin. -->","yoast_head_json":{"title":"Wandregal PIX - Radis","robots":{"index":"index","follow":"follow","max-snippet":"max-snippet:-1","max-image-preview":"max-image-preview:large","max-video-preview":"max-video-preview:-1"},"canonical":"https:\/\/radis.ee\/seinariiul-pix\/","og_locale":"de_DE","og_type":"article","og_title":"Wandregal PIX - Radis","og_description":"Sie k\u00f6nnen jetzt auch ein beliebtes Regal PIX an die Wand h\u00e4ngen. Sie entscheiden, was Sie f\u00fcr alle zeigen und was Sie im Schrank verstecken. Die Regalinnenh\u00f6he betr\u00e4gt 33 cm und erm\u00f6glicht die einfache Unterbringung gr\u00f6\u00dferer B\u00fccher und Ordner. Die Innenbreite der Schr\u00e4nke betr\u00e4gt 33 cm. Hergestellt aus Birkensperrholz, ge\u00f6lt gewachstem oder wei\u00dfem HPL auf...","og_url":"https:\/\/radis.ee\/seinariiul-pix\/","og_site_name":"Radis","article_publisher":"https:\/\/www.facebook.com\/radisfurniture\/","article_modified_time":"2024-03-05T18:51:18+00:00","og_image":[{"width":620,"height":521,"url":"https:\/\/radis.ee\/wp-content\/uploads\/2020\/04\/Radis_wall_shelf_PIX_Light_Oak-doors_White_Osmo_white_background.jpg","type":"image\/jpeg"}],"twitter_card":"summary_large_image","schema":{"@context":"https:\/\/schema.org","@graph":[{"@type":"WebPage","@id":"https:\/\/radis.ee\/seinariiul-pix\/","url":"https:\/\/radis.ee\/seinariiul-pix\/","name":"Wandregal PIX - Radis","isPartOf":{"@id":"https:\/\/radis.ee\/#website"},"primaryImageOfPage":{"@id":"https:\/\/radis.ee\/seinariiul-pix\/#primaryimage"},"image":{"@id":"https:\/\/radis.ee\/seinariiul-pix\/#primaryimage"},"thumbnailUrl":"https:\/\/radis.ee\/wp-content\/uploads\/2020\/04\/Radis_wall_shelf_PIX_Light_Oak-doors_White_Osmo_white_background.jpg","datePublished":"2021-03-16T21:02:37+00:00","dateModified":"2024-03-05T18:51:18+00:00","breadcrumb":{"@id":"https:\/\/radis.ee\/seinariiul-pix\/#breadcrumb"},"inLanguage":"de","potentialAction":[{"@type":"ReadAction","target":["https:\/\/radis.ee\/seinariiul-pix\/"]}]},{"@type":"ImageObject","inLanguage":"de","@id":"https:\/\/radis.ee\/seinariiul-pix\/#primaryimage","url":"https:\/\/radis.ee\/wp-content\/uploads\/2020\/04\/Radis_wall_shelf_PIX_Light_Oak-doors_White_Osmo_white_background.jpg","contentUrl":"https:\/\/radis.ee\/wp-content\/uploads\/2020\/04\/Radis_wall_shelf_PIX_Light_Oak-doors_White_Osmo_white_background.jpg","width":620,"height":521,"caption":"Radis_Furniture_wall_shelf_PIX_Light_Oak_doors_White_Osmo"},{"@type":"BreadcrumbList","@id":"https:\/\/radis.ee\/seinariiul-pix\/#breadcrumb","itemListElement":[{"@type":"ListItem","position":1,"name":"Home","item":"https:\/\/radis.ee\/"},{"@type":"ListItem","position":2,"name":"Produkte","item":"https:\/\/radis.ee\/de\/produkte\/"},{"@type":"ListItem","position":3,"name":"Wandregal PIX"}]},{"@type":"WebSite","@id":"https:\/\/radis.ee\/#website","url":"https:\/\/radis.ee\/","name":"Radis","description":"Nordic design furniture, environmentally friendly and sustainable.","publisher":{"@id":"https:\/\/radis.ee\/#organization"},"potentialAction":[{"@type":"SearchAction","target":{"@type":"EntryPoint","urlTemplate":"https:\/\/radis.ee\/?s={search_term_string}"},"query-input":{"@type":"PropertyValueSpecification","valueRequired":true,"valueName":"search_term_string"}}],"inLanguage":"de"},{"@type":"Organization","@id":"https:\/\/radis.ee\/#organization","name":"Radis O\u00dc","url":"https:\/\/radis.ee\/","logo":{"@type":"ImageObject","inLanguage":"de","@id":"https:\/\/radis.ee\/#\/schema\/logo\/image\/","url":"https:\/\/radis.ee\/wp-content\/uploads\/2020\/10\/Radis-logo.png","contentUrl":"https:\/\/radis.ee\/wp-content\/uploads\/2020\/10\/Radis-logo.png","width":300,"height":63,"caption":"Radis O\u00dc"},"image":{"@id":"https:\/\/radis.ee\/#\/schema\/logo\/image\/"},"sameAs":["https:\/\/www.facebook.com\/radisfurniture\/"]}]}},"_links":{"self":[{"href":"https:\/\/radis.ee\/de\/wp-json\/wp\/v2\/product\/9785","targetHints":{"allow":["GET"]}}],"collection":[{"href":"https:\/\/radis.ee\/de\/wp-json\/wp\/v2\/product"}],"about":[{"href":"https:\/\/radis.ee\/de\/wp-json\/wp\/v2\/types\/product"}],"replies":[{"embeddable":true,"href":"https:\/\/radis.ee\/de\/wp-json\/wp\/v2\/comments?post=9785"}],"wp:featuredmedia":[{"embeddable":true,"href":"https:\/\/radis.ee\/de\/wp-json\/wp\/v2\/media\/21283"}],"wp:attachment":[{"href":"https:\/\/radis.ee\/de\/wp-json\/wp\/v2\/media?parent=9785"}],"wp:term":[{"taxonomy":"product_brand","embeddable":true,"href":"https:\/\/radis.ee\/de\/wp-json\/wp\/v2\/product_brand?post=9785"},{"taxonomy":"product_cat","embeddable":true,"href":"https:\/\/radis.ee\/de\/wp-json\/wp\/v2\/product_cat?post=9785"},{"taxonomy":"product_tag","embeddable":true,"href":"https:\/\/radis.ee\/de\/wp-json\/wp\/v2\/product_tag?post=9785"}],"curies":[{"name":"wp","href":"https:\/\/api.w.org\/{rel}","templated":true}]}}