{"id":9834,"date":"2020-03-17T21:17:47","date_gmt":"2021-03-17T19:17:47","guid":{"rendered":"https:\/\/radis.ee\/schreibtisch-tri\/"},"modified":"2021-03-17T21:17:47","modified_gmt":"2021-03-17T19:17:47","slug":"schreibtisch-tri","status":"publish","type":"product","link":"https:\/\/radis.ee\/de\/schreibtisch-tri\/","title":{"rendered":"Schreibtisch TRI"},"content":{"rendered":"<p>Der an die heutigen Bed\u00fcrfnisse angepasste TRI-Schreibtisch eignet sich sowohl f\u00fcr ein Kind als auch f\u00fcr ein Heimb\u00fcro. Der Tisch steht fest auf den dreieckigen Beinen. Sie k\u00f6nnen das Computerkabel aus der Ecke des Tisches ziehen.<\/p>\n<p>Aus Birkensperrholz, \u00d6l gewachst. Die Beine sind mit Metallschrauben befestigt.<\/p>\n<p>Die H\u00f6he der TRI-Tischplatte betr\u00e4gt 75 cm, die Gesamth\u00f6he des Schreibtisches betr\u00e4gt 95 cm, die Regaltiefe betr\u00e4gt 17 cm, der Regalabstand betr\u00e4gt 15 cm.<\/p>\n","protected":false},"excerpt":{"rendered":"<p>Der an die heutigen Bed\u00fcrfnisse angepasste TRI-Schreibtisch eignet sich sowohl f\u00fcr ein Kind als auch f\u00fcr ein Heimb\u00fcro. Der Tisch steht fest auf den dreieckigen Beinen. Sie k\u00f6nnen das Computerkabel aus der Ecke des Tisches ziehen. Aus Birkensperrholz, \u00d6l gewachst. Die Beine sind mit Metallschrauben befestigt. Die H\u00f6he der TRI-Tischplatte betr\u00e4gt 75 cm, die Gesamth\u00f6he&#8230;<\/p>\n","protected":false},"featured_media":9901,"comment_status":"open","ping_status":"closed","template":"","meta":{"_acf_changed":false},"product_brand":[],"product_cat":[111],"product_tag":[],"class_list":{"0":"post-9834","1":"product","2":"type-product","3":"status-publish","4":"has-post-thumbnail","6":"product_cat-lauad","8":"first","9":"instock","10":"taxable","11":"shipping-taxable","12":"purchasable","13":"product-type-variable","14":"has-default-attributes"},"acf":[],"yoast_head":"<!-- This site is optimized with the Yoast SEO plugin v27.4 - https:\/\/yoast.com\/product\/yoast-seo-wordpress\/ -->\n<title>Schreibtisch TRI - Radis<\/title>\n<meta name=\"robots\" content=\"index, follow, max-snippet:-1, max-image-preview:large, max-video-preview:-1\" \/>\n<link rel=\"canonical\" href=\"https:\/\/radis.ee\/kirjutuslaud-tri\/\" \/>\n<meta property=\"og:locale\" content=\"de_DE\" \/>\n<meta property=\"og:type\" content=\"article\" \/>\n<meta property=\"og:title\" content=\"Schreibtisch TRI - Radis\" \/>\n<meta property=\"og:description\" content=\"Der an die heutigen Bed\u00fcrfnisse angepasste TRI-Schreibtisch eignet sich sowohl f\u00fcr ein Kind als auch f\u00fcr ein Heimb\u00fcro. Der Tisch steht fest auf den dreieckigen Beinen. Sie k\u00f6nnen das Computerkabel aus der Ecke des Tisches ziehen. Aus Birkensperrholz, \u00d6l gewachst. Die Beine sind mit Metallschrauben befestigt. Die H\u00f6he der TRI-Tischplatte betr\u00e4gt 75 cm, die Gesamth\u00f6he...\" \/>\n<meta property=\"og:url\" content=\"https:\/\/radis.ee\/kirjutuslaud-tri\/\" \/>\n<meta property=\"og:site_name\" content=\"Radis\" \/>\n<meta property=\"article:publisher\" content=\"https:\/\/www.facebook.com\/radisfurniture\/\" \/>\n<meta property=\"og:image\" content=\"https:\/\/radis.ee\/wp-content\/uploads\/2021\/03\/RADIS-Desk-TRI-pebble-grey-oilwaxed-legs-white_white_background-scaled.jpg\" \/>\n\t<meta property=\"og:image:width\" content=\"2560\" \/>\n\t<meta property=\"og:image:height\" content=\"2560\" \/>\n\t<meta property=\"og:image:type\" content=\"image\/jpeg\" \/>\n<meta name=\"twitter:card\" content=\"summary_large_image\" \/>\n<script type=\"application\/ld+json\" class=\"yoast-schema-graph\">{\"@context\":\"https:\\\/\\\/schema.org\",\"@graph\":[{\"@type\":\"WebPage\",\"@id\":\"https:\\\/\\\/radis.ee\\\/kirjutuslaud-tri\\\/\",\"url\":\"https:\\\/\\\/radis.ee\\\/kirjutuslaud-tri\\\/\",\"name\":\"Schreibtisch TRI - Radis\",\"isPartOf\":{\"@id\":\"https:\\\/\\\/radis.ee\\\/#website\"},\"primaryImageOfPage\":{\"@id\":\"https:\\\/\\\/radis.ee\\\/kirjutuslaud-tri\\\/#primaryimage\"},\"image\":{\"@id\":\"https:\\\/\\\/radis.ee\\\/kirjutuslaud-tri\\\/#primaryimage\"},\"thumbnailUrl\":\"https:\\\/\\\/radis.ee\\\/wp-content\\\/uploads\\\/2021\\\/03\\\/RADIS-Desk-TRI-pebble-grey-oilwaxed-legs-white_white_background-scaled.jpg\",\"datePublished\":\"2021-03-17T19:17:47+00:00\",\"breadcrumb\":{\"@id\":\"https:\\\/\\\/radis.ee\\\/kirjutuslaud-tri\\\/#breadcrumb\"},\"inLanguage\":\"de\",\"potentialAction\":[{\"@type\":\"ReadAction\",\"target\":[\"https:\\\/\\\/radis.ee\\\/kirjutuslaud-tri\\\/\"]}]},{\"@type\":\"ImageObject\",\"inLanguage\":\"de\",\"@id\":\"https:\\\/\\\/radis.ee\\\/kirjutuslaud-tri\\\/#primaryimage\",\"url\":\"https:\\\/\\\/radis.ee\\\/wp-content\\\/uploads\\\/2021\\\/03\\\/RADIS-Desk-TRI-pebble-grey-oilwaxed-legs-white_white_background-scaled.jpg\",\"contentUrl\":\"https:\\\/\\\/radis.ee\\\/wp-content\\\/uploads\\\/2021\\\/03\\\/RADIS-Desk-TRI-pebble-grey-oilwaxed-legs-white_white_background-scaled.jpg\",\"width\":2560,\"height\":2560,\"caption\":\"RADIS desk TRI\"},{\"@type\":\"BreadcrumbList\",\"@id\":\"https:\\\/\\\/radis.ee\\\/kirjutuslaud-tri\\\/#breadcrumb\",\"itemListElement\":[{\"@type\":\"ListItem\",\"position\":1,\"name\":\"Home\",\"item\":\"https:\\\/\\\/radis.ee\\\/\"},{\"@type\":\"ListItem\",\"position\":2,\"name\":\"Produkte\",\"item\":\"https:\\\/\\\/radis.ee\\\/de\\\/produkte\\\/\"},{\"@type\":\"ListItem\",\"position\":3,\"name\":\"Schreibtisch TRI\"}]},{\"@type\":\"WebSite\",\"@id\":\"https:\\\/\\\/radis.ee\\\/#website\",\"url\":\"https:\\\/\\\/radis.ee\\\/\",\"name\":\"Radis\",\"description\":\"Nordic design furniture, environmentally friendly and sustainable.\",\"publisher\":{\"@id\":\"https:\\\/\\\/radis.ee\\\/#organization\"},\"potentialAction\":[{\"@type\":\"SearchAction\",\"target\":{\"@type\":\"EntryPoint\",\"urlTemplate\":\"https:\\\/\\\/radis.ee\\\/?s={search_term_string}\"},\"query-input\":{\"@type\":\"PropertyValueSpecification\",\"valueRequired\":true,\"valueName\":\"search_term_string\"}}],\"inLanguage\":\"de\"},{\"@type\":\"Organization\",\"@id\":\"https:\\\/\\\/radis.ee\\\/#organization\",\"name\":\"Radis O\u00dc\",\"url\":\"https:\\\/\\\/radis.ee\\\/\",\"logo\":{\"@type\":\"ImageObject\",\"inLanguage\":\"de\",\"@id\":\"https:\\\/\\\/radis.ee\\\/#\\\/schema\\\/logo\\\/image\\\/\",\"url\":\"https:\\\/\\\/radis.ee\\\/wp-content\\\/uploads\\\/2020\\\/10\\\/Radis-logo.png\",\"contentUrl\":\"https:\\\/\\\/radis.ee\\\/wp-content\\\/uploads\\\/2020\\\/10\\\/Radis-logo.png\",\"width\":300,\"height\":63,\"caption\":\"Radis O\u00dc\"},\"image\":{\"@id\":\"https:\\\/\\\/radis.ee\\\/#\\\/schema\\\/logo\\\/image\\\/\"},\"sameAs\":[\"https:\\\/\\\/www.facebook.com\\\/radisfurniture\\\/\"]}]}<\/script>\n<!-- \/ Yoast SEO plugin. -->","yoast_head_json":{"title":"Schreibtisch TRI - Radis","robots":{"index":"index","follow":"follow","max-snippet":"max-snippet:-1","max-image-preview":"max-image-preview:large","max-video-preview":"max-video-preview:-1"},"canonical":"https:\/\/radis.ee\/kirjutuslaud-tri\/","og_locale":"de_DE","og_type":"article","og_title":"Schreibtisch TRI - Radis","og_description":"Der an die heutigen Bed\u00fcrfnisse angepasste TRI-Schreibtisch eignet sich sowohl f\u00fcr ein Kind als auch f\u00fcr ein Heimb\u00fcro. Der Tisch steht fest auf den dreieckigen Beinen. Sie k\u00f6nnen das Computerkabel aus der Ecke des Tisches ziehen. Aus Birkensperrholz, \u00d6l gewachst. Die Beine sind mit Metallschrauben befestigt. Die H\u00f6he der TRI-Tischplatte betr\u00e4gt 75 cm, die Gesamth\u00f6he...","og_url":"https:\/\/radis.ee\/kirjutuslaud-tri\/","og_site_name":"Radis","article_publisher":"https:\/\/www.facebook.com\/radisfurniture\/","og_image":[{"width":2560,"height":2560,"url":"https:\/\/radis.ee\/wp-content\/uploads\/2021\/03\/RADIS-Desk-TRI-pebble-grey-oilwaxed-legs-white_white_background-scaled.jpg","type":"image\/jpeg"}],"twitter_card":"summary_large_image","schema":{"@context":"https:\/\/schema.org","@graph":[{"@type":"WebPage","@id":"https:\/\/radis.ee\/kirjutuslaud-tri\/","url":"https:\/\/radis.ee\/kirjutuslaud-tri\/","name":"Schreibtisch TRI - Radis","isPartOf":{"@id":"https:\/\/radis.ee\/#website"},"primaryImageOfPage":{"@id":"https:\/\/radis.ee\/kirjutuslaud-tri\/#primaryimage"},"image":{"@id":"https:\/\/radis.ee\/kirjutuslaud-tri\/#primaryimage"},"thumbnailUrl":"https:\/\/radis.ee\/wp-content\/uploads\/2021\/03\/RADIS-Desk-TRI-pebble-grey-oilwaxed-legs-white_white_background-scaled.jpg","datePublished":"2021-03-17T19:17:47+00:00","breadcrumb":{"@id":"https:\/\/radis.ee\/kirjutuslaud-tri\/#breadcrumb"},"inLanguage":"de","potentialAction":[{"@type":"ReadAction","target":["https:\/\/radis.ee\/kirjutuslaud-tri\/"]}]},{"@type":"ImageObject","inLanguage":"de","@id":"https:\/\/radis.ee\/kirjutuslaud-tri\/#primaryimage","url":"https:\/\/radis.ee\/wp-content\/uploads\/2021\/03\/RADIS-Desk-TRI-pebble-grey-oilwaxed-legs-white_white_background-scaled.jpg","contentUrl":"https:\/\/radis.ee\/wp-content\/uploads\/2021\/03\/RADIS-Desk-TRI-pebble-grey-oilwaxed-legs-white_white_background-scaled.jpg","width":2560,"height":2560,"caption":"RADIS desk TRI"},{"@type":"BreadcrumbList","@id":"https:\/\/radis.ee\/kirjutuslaud-tri\/#breadcrumb","itemListElement":[{"@type":"ListItem","position":1,"name":"Home","item":"https:\/\/radis.ee\/"},{"@type":"ListItem","position":2,"name":"Produkte","item":"https:\/\/radis.ee\/de\/produkte\/"},{"@type":"ListItem","position":3,"name":"Schreibtisch TRI"}]},{"@type":"WebSite","@id":"https:\/\/radis.ee\/#website","url":"https:\/\/radis.ee\/","name":"Radis","description":"Nordic design furniture, environmentally friendly and sustainable.","publisher":{"@id":"https:\/\/radis.ee\/#organization"},"potentialAction":[{"@type":"SearchAction","target":{"@type":"EntryPoint","urlTemplate":"https:\/\/radis.ee\/?s={search_term_string}"},"query-input":{"@type":"PropertyValueSpecification","valueRequired":true,"valueName":"search_term_string"}}],"inLanguage":"de"},{"@type":"Organization","@id":"https:\/\/radis.ee\/#organization","name":"Radis O\u00dc","url":"https:\/\/radis.ee\/","logo":{"@type":"ImageObject","inLanguage":"de","@id":"https:\/\/radis.ee\/#\/schema\/logo\/image\/","url":"https:\/\/radis.ee\/wp-content\/uploads\/2020\/10\/Radis-logo.png","contentUrl":"https:\/\/radis.ee\/wp-content\/uploads\/2020\/10\/Radis-logo.png","width":300,"height":63,"caption":"Radis O\u00dc"},"image":{"@id":"https:\/\/radis.ee\/#\/schema\/logo\/image\/"},"sameAs":["https:\/\/www.facebook.com\/radisfurniture\/"]}]}},"_links":{"self":[{"href":"https:\/\/radis.ee\/de\/wp-json\/wp\/v2\/product\/9834","targetHints":{"allow":["GET"]}}],"collection":[{"href":"https:\/\/radis.ee\/de\/wp-json\/wp\/v2\/product"}],"about":[{"href":"https:\/\/radis.ee\/de\/wp-json\/wp\/v2\/types\/product"}],"replies":[{"embeddable":true,"href":"https:\/\/radis.ee\/de\/wp-json\/wp\/v2\/comments?post=9834"}],"wp:featuredmedia":[{"embeddable":true,"href":"https:\/\/radis.ee\/de\/wp-json\/wp\/v2\/media\/9901"}],"wp:attachment":[{"href":"https:\/\/radis.ee\/de\/wp-json\/wp\/v2\/media?parent=9834"}],"wp:term":[{"taxonomy":"product_brand","embeddable":true,"href":"https:\/\/radis.ee\/de\/wp-json\/wp\/v2\/product_brand?post=9834"},{"taxonomy":"product_cat","embeddable":true,"href":"https:\/\/radis.ee\/de\/wp-json\/wp\/v2\/product_cat?post=9834"},{"taxonomy":"product_tag","embeddable":true,"href":"https:\/\/radis.ee\/de\/wp-json\/wp\/v2\/product_tag?post=9834"}],"curies":[{"name":"wp","href":"https:\/\/api.w.org\/{rel}","templated":true}]}}