{"id":4269,"date":"2020-10-11T14:05:29","date_gmt":"2020-10-11T11:05:29","guid":{"rendered":"https:\/\/radis.ee\/ukk\/"},"modified":"2020-10-11T14:05:44","modified_gmt":"2020-10-11T11:05:44","slug":"ukk","status":"publish","type":"page","link":"https:\/\/radis.ee\/fi\/ukk\/","title":{"rendered":"UKK"},"content":{"rendered":"<section class=\"l-section wpb_row us_custom_6494a965 height_medium\"><div class=\"l-section-h i-cf\"><div class=\"g-cols vc_row via_flex valign_top type_default stacking_default\"><div class=\"vc_col-sm-12 wpb_column vc_column_container\"><div class=\"vc_column-inner\"><div class=\"wpb_wrapper\"><div class=\"w-tabs style_default switch_click accordion remove_indents\" style=\"--sections-title-size:inherit\"><div class=\"w-tabs-sections titles-align_none icon_plus cpos_right\"><div class=\"w-tabs-section active\" id=\"z047\"><button class=\"w-tabs-section-header active\" aria-controls=\"content-z047\" aria-expanded=\"true\"><h3 class=\"w-tabs-section-title\">Mit\u00e4 materiaalia k\u00e4yt\u00e4mme?<\/h3><div class=\"w-tabs-section-control\"><\/div><\/button><div  class=\"w-tabs-section-content\" id=\"content-z047\"><div class=\"w-tabs-section-content-h i-cf\"><div class=\"wpb_text_column\"><div class=\"wpb_wrapper\"><p>Hankimme puuta, elementtej\u00e4 ja muita materiaaleja kumppaneiltamme, joita tunnemme ja joihin luotamme. T\u00e4m\u00e4 varmistaa, ett\u00e4 kaikki huonekaluihimme asettamamme tavoite t\u00e4ytt\u00e4\u00e4 kauneuden ja suorituskyvyn vaatimukset ja kunnioittaa sek\u00e4 niit\u00e4 valmistaneita ihmisi\u00e4 ett\u00e4 sen luonut ymp\u00e4rist\u00f6\u00e4.<\/p>\n<p>Kaikki Radis-huonekalut on valmistettu koivuvanerista, my\u00f6s tammiviilutettua, \u00f6ljyvahalla viimeistelty\u00e4. K\u00e4yt\u00e4mme my\u00f6s HPL-pinnoitettua vaneria. Kaikki k\u00e4ytt\u00e4m\u00e4mme vaneri on CARB2 (vapaa formaldehydi\u00e4), FSC-sertifioitu ja hankittu luotettavilta kumppaneilta Suomesta, Belgiasta ja Virosta.<\/p>\n<p>Tekem\u00e4ll\u00e4 huonekaluihimme vain kest\u00e4vi\u00e4 raaka-aineita v\u00e4henn\u00e4mme ja rajoitamme koko toimitusketjun ymp\u00e4rist\u00f6vaikutuksia.<\/p>\n<\/div><\/div><\/div><\/div><\/div><div class=\"w-tabs-section\" id=\"g0df\"><button class=\"w-tabs-section-header\" aria-controls=\"content-g0df\" aria-expanded=\"false\"><h3 class=\"w-tabs-section-title\">Mit\u00e4 \u00f6ljyvahoja k\u00e4yt\u00e4mme?<\/h3><div class=\"w-tabs-section-control\"><\/div><\/button><div  class=\"w-tabs-section-content\" id=\"content-g0df\"><div class=\"w-tabs-section-content-h i-cf\"><div class=\"wpb_text_column\"><div class=\"wpb_wrapper\"><p>K\u00e4yt\u00e4mme saksalaisia \u200b\u200bOsmo- ja UK Treatex -s\u00e4vyvahoja, jotka valmistetaan uusimpia tuotantomenetelmi\u00e4 k\u00e4ytt\u00e4en. Ne takaavat huonekalujen parhaan mahdollisen suojan, ovat ymp\u00e4rist\u00f6yst\u00e4v\u00e4llisi\u00e4 ja sopivat kaikille sis\u00e4tilojen puupinnoille. Vaha on valmistettu luonnollisista ainesosista, mik\u00e4 antaa puun hengitt\u00e4\u00e4 ja yll\u00e4pit\u00e4\u00e4 sen luonnollista kauneutta. \u00d6ljyvahalla k\u00e4sitellyt pinnat ovat erityisen vahvoja ja kest\u00e4vi\u00e4 samalla kun ne hylkiv\u00e4t vett\u00e4 ja likaa. Vaha koostuu luonnollisista kasvi\u00f6ljyist\u00e4 ja vajoista, kuten jojoba-, pellava- ja auringonkukka\u00f6ljy, mehil\u00e4isvaha, kandelilla ja karnaubavaha. Se ei sis\u00e4ll\u00e4 biosideja ja s\u00e4il\u00f6nt\u00e4aineita, mik\u00e4 tarkoittaa, ett\u00e4 se on fysiologisesti turvallista ja sit\u00e4 voidaan k\u00e4ytt\u00e4\u00e4 jopa lelujen hoitoon.<\/p>\n<\/div><\/div><\/div><\/div><\/div><div class=\"w-tabs-section\" id=\"r154\"><button class=\"w-tabs-section-header\" aria-controls=\"content-r154\" aria-expanded=\"false\"><h3 class=\"w-tabs-section-title\">Miss\u00e4 Radis-huonekalut valmistetaan?<\/h3><div class=\"w-tabs-section-control\"><\/div><\/button><div  class=\"w-tabs-section-content\" id=\"content-r154\"><div class=\"w-tabs-section-content-h i-cf\"><div class=\"wpb_text_column\"><div class=\"wpb_wrapper\"><p>Kaikki tuotteemme valmistetaan tehtaallamme Tallinnassa, Virossa.<\/p>\n<\/div><\/div><\/div><\/div><\/div><div class=\"w-tabs-section\" id=\"a1c0\"><button class=\"w-tabs-section-header\" aria-controls=\"content-a1c0\" aria-expanded=\"false\"><h3 class=\"w-tabs-section-title\">Kuinka yll\u00e4pit\u00e4\u00e4 huonekalujasi?<\/h3><div class=\"w-tabs-section-control\"><\/div><\/button><div  class=\"w-tabs-section-content\" id=\"content-a1c0\"><div class=\"w-tabs-section-content-h i-cf\"><div class=\"wpb_text_column\"><div class=\"wpb_wrapper\"><p>Vaikka pinta kest\u00e4\u00e4 viini\u00e4, olutta, kolaa, kahvia, teet\u00e4, mehua, maitoa ja muita nesteit\u00e4, ne voidaan poistaa ilman j\u00e4lki\u00e4. Jos pintaa on tarpeen uudistaa, se voidaan helposti tehd\u00e4 puhdistamalla ja uudelleenk\u00e4sittelem\u00e4ll\u00e4 pinta \u00f6ljyvahalla. Puuviilu tulee puhdistaa vain kostealla liinalla viljan suuntaan ja kuivata heti nukkaamattomalla liinalla. Valuneet nesteet on poistettava nopeasti v\u00e4rj\u00e4ytymisen v\u00e4ltt\u00e4miseksi. \u00c4l\u00e4 k\u00e4yt\u00e4 huonekaluja. \u00c4l\u00e4 aseta kuumia esineit\u00e4 huonekalujen p\u00e4\u00e4lle, koska se voi aiheuttaa v\u00e4rinmuutoksia.<\/p>\n<\/div><\/div><\/div><\/div><\/div><div class=\"w-tabs-section\" id=\"m226\"><button class=\"w-tabs-section-header\" aria-controls=\"content-m226\" aria-expanded=\"false\"><h3 class=\"w-tabs-section-title\">Kuinka koota huonekalut?<\/h3><div class=\"w-tabs-section-control\"><\/div><\/button><div  class=\"w-tabs-section-content\" id=\"content-m226\"><div class=\"w-tabs-section-content-h i-cf\"><div class=\"wpb_text_column\"><div class=\"wpb_wrapper\"><p>Asennusohjeet on liitetty jokaiseen tuotteeseen. Itse kokoaminen on eritt\u00e4in helppoa ja tarvitset vain Phillips-ruuvimeisselin. Jos sinun on my\u00f6hemmin purettava kalustosi, sinun on suoritettava asennusohjeet taaksep\u00e4in.<\/p>\n<\/div><\/div><\/div><\/div><\/div><div class=\"w-tabs-section\" id=\"x288\"><button class=\"w-tabs-section-header\" aria-controls=\"content-x288\" aria-expanded=\"false\"><h3 class=\"w-tabs-section-title\">Pit\u00e4isik\u00f6 sinun kiinnitt\u00e4\u00e4 huonekalusi sein\u00e4lle?<\/h3><div class=\"w-tabs-section-control\"><\/div><\/button><div  class=\"w-tabs-section-content\" id=\"content-x288\"><div class=\"w-tabs-section-content-h i-cf\"><div class=\"wpb_text_column\"><div class=\"wpb_wrapper\"><p>Kyll\u00e4, suosittelemme kalustetavaran kiinnitt\u00e4mist\u00e4 sein\u00e4\u00e4n, jos se on yli 100 cm korkea. Toimitamme sinulle oikean m\u00e4\u00e4r\u00e4n sein\u00e4kiinnikkeit\u00e4 huonekalujen ruuveilla.<\/p>\n<\/div><\/div><\/div><\/div><\/div><div class=\"w-tabs-section\" id=\"o2e7\"><button class=\"w-tabs-section-header\" aria-controls=\"content-o2e7\" aria-expanded=\"false\"><h3 class=\"w-tabs-section-title\">Kuka suunnittelee Radis-huonekaluja?<\/h3><div class=\"w-tabs-section-control\"><\/div><\/button><div  class=\"w-tabs-section-content\" id=\"content-o2e7\"><div class=\"w-tabs-section-content-h i-cf\"><div class=\"wpb_text_column\"><div class=\"wpb_wrapper\"><p>Suurimman osan huonekaluista on suunnitellut Raul Abnerin johtama sis\u00e4inen tiimimme. Ty\u00f6skentelemme kuitenkin my\u00f6s muiden suunnittelijoiden kanssa, jotka rakastavat luonnonmateriaaleja ja minimalistisia huonekaluja.<\/p>\n<\/div><\/div><\/div><\/div><\/div><div class=\"w-tabs-section\" id=\"s344\"><button class=\"w-tabs-section-header\" aria-controls=\"content-s344\" aria-expanded=\"false\"><h3 class=\"w-tabs-section-title\">Julkaiseeko Radis uusia tuotteita? tooteid?<\/h3><div class=\"w-tabs-section-control\"><\/div><\/button><div  class=\"w-tabs-section-content\" id=\"content-s344\"><div class=\"w-tabs-section-content-h i-cf\"><div class=\"wpb_text_column\"><div class=\"wpb_wrapper\"><p>Kyll\u00e4! Ty\u00f6skentelemme jatkuvasti uusien ideoiden ja mallien parissa. Tilaa uutiskirjeemme, niin kuulet niist\u00e4 ennen muita!<\/p>\n<\/div><\/div><\/div><\/div><\/div><div class=\"w-tabs-section\" id=\"x3ac\"><button class=\"w-tabs-section-header\" aria-controls=\"content-x3ac\" aria-expanded=\"false\"><h3 class=\"w-tabs-section-title\">Mitk\u00e4 maksutavat ovat k\u00e4ytett\u00e4viss\u00e4?<\/h3><div class=\"w-tabs-section-control\"><\/div><\/button><div  class=\"w-tabs-section-content\" id=\"content-x3ac\"><div class=\"w-tabs-section-content-h i-cf\"><div class=\"wpb_text_column\"><div class=\"wpb_wrapper\"><p>Hyv\u00e4ksymme kaikki turvalliset maksut PayPalilla, Klarna: lla, MasterCardilla ja Visa: lla, my\u00f6s pankkisiirrolla.<\/p>\n<\/div><\/div><\/div><\/div><\/div><div class=\"w-tabs-section\" id=\"n40e\"><button class=\"w-tabs-section-header\" aria-controls=\"content-n40e\" aria-expanded=\"false\"><h3 class=\"w-tabs-section-title\">Onko Radis-huonekaluilla takuu?<\/h3><div class=\"w-tabs-section-control\"><\/div><\/button><div  class=\"w-tabs-section-content\" id=\"content-n40e\"><div class=\"w-tabs-section-content-h i-cf\"><div class=\"wpb_text_column\"><div class=\"wpb_wrapper\"><p>Valmistamme jokaisen huonekaluyksik\u00f6n laadukkaista materiaaleista, jotka kest\u00e4v\u00e4t kovaa p\u00e4ivitt\u00e4ist\u00e4 k\u00e4ytt\u00f6\u00e4. T\u00e4m\u00e4n lis\u00e4ksi annamme vankan 2 vuoden takuun. Lis\u00e4tietoja saat k\u00e4ytt\u00f6ehdoistamme.<\/p>\n<\/div><\/div><\/div><\/div><\/div><div class=\"w-tabs-section\" id=\"l46f\"><button class=\"w-tabs-section-header\" aria-controls=\"content-l46f\" aria-expanded=\"false\"><h3 class=\"w-tabs-section-title\">Voitko palauttaa tuotteesi?<\/h3><div class=\"w-tabs-section-control\"><\/div><\/button><div  class=\"w-tabs-section-content\" id=\"content-l46f\"><div class=\"w-tabs-section-content-h i-cf\"><div class=\"wpb_text_column\"><div class=\"wpb_wrapper\"><p>Olemme varmoja, ett\u00e4 olet tyytyv\u00e4inen huonekaluihisi, mutta tarjoamme silti 100 p\u00e4iv\u00e4n ilmaisen palautusoikeuden silt\u00e4 varalta, ett\u00e4 et ole tyytyv\u00e4inen &#8211; ilmainen palautuspalvelu EU: n sis\u00e4ll\u00e4. Palautusta varten ota vain yhteytt\u00e4 ja j\u00e4rjest\u00e4mme nouto. Kun paketti saapuu meihin, saat korjatun laskun ja hyvitys suoritetaan 14 p\u00e4iv\u00e4n kuluessa. Lis\u00e4tietoja saat k\u00e4ytt\u00f6ehdoistamme.<\/p>\n<\/div><\/div><\/div><\/div><\/div><div class=\"w-tabs-section\" id=\"c4d0\"><button class=\"w-tabs-section-header\" aria-controls=\"content-c4d0\" aria-expanded=\"false\"><h3 class=\"w-tabs-section-title\">Mit\u00e4 tehd\u00e4, jos huonekalusi saapuvat vahingoittuneiksi?<\/h3><div class=\"w-tabs-section-control\"><\/div><\/button><div  class=\"w-tabs-section-content\" id=\"content-c4d0\"><div class=\"w-tabs-section-content-h i-cf\"><div class=\"wpb_text_column\"><div class=\"wpb_wrapper\"><p>K\u00e4yt\u00e4mme hyvin suojattuja paketteja ja raskaat pakkaukset ovat pienill\u00e4 kuormalavoilla vaurioiden v\u00e4ltt\u00e4miseksi. L\u00e4hetyskumppanimme Dachser Finland on my\u00f6s luotettava kumppani meille. Joka kerta, kun saat l\u00e4hetyksen meilt\u00e4, \u200b\u200btarkista paketti ennen allekirjoittamista kuriirille. Jos huomaat vaurioita, ota meihin yhteytt\u00e4 vaatimuksen esitt\u00e4miseksi. Tarvitsemme kuvan vahingoittuneesta huonekaluyksik\u00f6st\u00e4. Teemme kovasti t\u00f6it\u00e4 l\u00e4hett\u00e4\u00e4ksesi sinulle uuden huonekalutavaran mahdollisimman pian, yleens\u00e4 viikossa.<\/p>\n<\/div><\/div><\/div><\/div><\/div><div class=\"w-tabs-section\" id=\"x531\"><button class=\"w-tabs-section-header\" aria-controls=\"content-x531\" aria-expanded=\"false\"><h3 class=\"w-tabs-section-title\">Paljonko toimitus maksaa?<\/h3><div class=\"w-tabs-section-control\"><\/div><\/button><div  class=\"w-tabs-section-content\" id=\"content-x531\"><div class=\"w-tabs-section-content-h i-cf\"><div class=\"wpb_text_column\"><div class=\"wpb_wrapper\"><p>Suomessa ja koko Euroopassa toimitus on t\u00e4ysin ilmaista. Jos olet toisessa maassa, ota yhteytt\u00e4 asiakaspalveluun saadaksesi toimitusarvion.<\/p>\n<\/div><\/div><\/div><\/div><\/div><div class=\"w-tabs-section\" id=\"j58e\"><button class=\"w-tabs-section-header\" aria-controls=\"content-j58e\" aria-expanded=\"false\"><h3 class=\"w-tabs-section-title\">Kuinka Radis-huonekalut toimitetaan?<\/h3><div class=\"w-tabs-section-control\"><\/div><\/button><div  class=\"w-tabs-section-content\" id=\"content-j58e\"><div class=\"w-tabs-section-content-h i-cf\"><div class=\"wpb_text_column\"><div class=\"wpb_wrapper\"><p>Luotettava toimitusyritys Dachser Finland toimittaa Radis-huonekalut tasaisissa laatikoissa suoraan ulko-ovellesi.<\/p>\n<\/div><\/div><\/div><\/div><\/div><\/div><\/div>\n<\/div><\/div><\/div><\/div><\/div><\/section>\n","protected":false},"excerpt":{"rendered":"Mit\u00e4 materiaalia k\u00e4yt\u00e4mme?Hankimme puuta, elementtej\u00e4 ja muita materiaaleja kumppaneiltamme, joita tunnemme ja joihin luotamme. T\u00e4m\u00e4 varmistaa, ett\u00e4 kaikki huonekaluihimme asettamamme tavoite t\u00e4ytt\u00e4\u00e4 kauneuden ja suorituskyvyn vaatimukset ja kunnioittaa sek\u00e4 niit\u00e4 valmistaneita ihmisi\u00e4 ett\u00e4 sen luonut ymp\u00e4rist\u00f6\u00e4. Kaikki Radis-huonekalut on valmistettu koivuvanerista, my\u00f6s tammiviilutettua, \u00f6ljyvahalla viimeistelty\u00e4. K\u00e4yt\u00e4mme my\u00f6s HPL-pinnoitettua vaneria. Kaikki k\u00e4ytt\u00e4m\u00e4mme vaneri on CARB2 (vapaa...","protected":false},"author":1,"featured_media":0,"parent":0,"menu_order":0,"comment_status":"closed","ping_status":"closed","template":"","meta":{"_acf_changed":false,"footnotes":""},"class_list":["post-4269","page","type-page","status-publish","hentry"],"acf":[],"yoast_head":"<!-- This site is optimized with the Yoast SEO plugin v27.4 - https:\/\/yoast.com\/product\/yoast-seo-wordpress\/ -->\n<title>UKK - Radis<\/title>\n<meta name=\"robots\" content=\"index, follow, max-snippet:-1, max-image-preview:large, max-video-preview:-1\" \/>\n<link rel=\"canonical\" href=\"https:\/\/radis.ee\/fi\/ukk\/\" \/>\n<meta property=\"og:locale\" content=\"fi_FI\" \/>\n<meta property=\"og:type\" content=\"article\" \/>\n<meta property=\"og:title\" content=\"UKK - Radis\" \/>\n<meta property=\"og:url\" content=\"https:\/\/radis.ee\/fi\/ukk\/\" \/>\n<meta property=\"og:site_name\" content=\"Radis\" \/>\n<meta property=\"article:publisher\" content=\"https:\/\/www.facebook.com\/radisfurniture\/\" \/>\n<meta property=\"article:modified_time\" content=\"2020-10-11T11:05:44+00:00\" \/>\n<meta name=\"twitter:card\" content=\"summary_large_image\" \/>\n<script type=\"application\/ld+json\" class=\"yoast-schema-graph\">{\"@context\":\"https:\\\/\\\/schema.org\",\"@graph\":[{\"@type\":\"WebPage\",\"@id\":\"https:\\\/\\\/radis.ee\\\/fi\\\/ukk\\\/\",\"url\":\"https:\\\/\\\/radis.ee\\\/fi\\\/ukk\\\/\",\"name\":\"UKK - Radis\",\"isPartOf\":{\"@id\":\"https:\\\/\\\/radis.ee\\\/#website\"},\"datePublished\":\"2020-10-11T11:05:29+00:00\",\"dateModified\":\"2020-10-11T11:05:44+00:00\",\"breadcrumb\":{\"@id\":\"https:\\\/\\\/radis.ee\\\/fi\\\/ukk\\\/#breadcrumb\"},\"inLanguage\":\"fi\",\"potentialAction\":[{\"@type\":\"ReadAction\",\"target\":[\"https:\\\/\\\/radis.ee\\\/fi\\\/ukk\\\/\"]}]},{\"@type\":\"BreadcrumbList\",\"@id\":\"https:\\\/\\\/radis.ee\\\/fi\\\/ukk\\\/#breadcrumb\",\"itemListElement\":[{\"@type\":\"ListItem\",\"position\":1,\"name\":\"Home\",\"item\":\"https:\\\/\\\/radis.ee\\\/\"},{\"@type\":\"ListItem\",\"position\":2,\"name\":\"UKK\"}]},{\"@type\":\"WebSite\",\"@id\":\"https:\\\/\\\/radis.ee\\\/#website\",\"url\":\"https:\\\/\\\/radis.ee\\\/\",\"name\":\"Radis\",\"description\":\"Nordic design furniture, environmentally friendly and sustainable.\",\"publisher\":{\"@id\":\"https:\\\/\\\/radis.ee\\\/#organization\"},\"potentialAction\":[{\"@type\":\"SearchAction\",\"target\":{\"@type\":\"EntryPoint\",\"urlTemplate\":\"https:\\\/\\\/radis.ee\\\/?s={search_term_string}\"},\"query-input\":{\"@type\":\"PropertyValueSpecification\",\"valueRequired\":true,\"valueName\":\"search_term_string\"}}],\"inLanguage\":\"fi\"},{\"@type\":\"Organization\",\"@id\":\"https:\\\/\\\/radis.ee\\\/#organization\",\"name\":\"Radis O\u00dc\",\"url\":\"https:\\\/\\\/radis.ee\\\/\",\"logo\":{\"@type\":\"ImageObject\",\"inLanguage\":\"fi\",\"@id\":\"https:\\\/\\\/radis.ee\\\/#\\\/schema\\\/logo\\\/image\\\/\",\"url\":\"https:\\\/\\\/radis.ee\\\/wp-content\\\/uploads\\\/2020\\\/10\\\/Radis-logo.png\",\"contentUrl\":\"https:\\\/\\\/radis.ee\\\/wp-content\\\/uploads\\\/2020\\\/10\\\/Radis-logo.png\",\"width\":300,\"height\":63,\"caption\":\"Radis O\u00dc\"},\"image\":{\"@id\":\"https:\\\/\\\/radis.ee\\\/#\\\/schema\\\/logo\\\/image\\\/\"},\"sameAs\":[\"https:\\\/\\\/www.facebook.com\\\/radisfurniture\\\/\"]}]}<\/script>\n<!-- \/ Yoast SEO plugin. -->","yoast_head_json":{"title":"UKK - Radis","robots":{"index":"index","follow":"follow","max-snippet":"max-snippet:-1","max-image-preview":"max-image-preview:large","max-video-preview":"max-video-preview:-1"},"canonical":"https:\/\/radis.ee\/fi\/ukk\/","og_locale":"fi_FI","og_type":"article","og_title":"UKK - Radis","og_url":"https:\/\/radis.ee\/fi\/ukk\/","og_site_name":"Radis","article_publisher":"https:\/\/www.facebook.com\/radisfurniture\/","article_modified_time":"2020-10-11T11:05:44+00:00","twitter_card":"summary_large_image","schema":{"@context":"https:\/\/schema.org","@graph":[{"@type":"WebPage","@id":"https:\/\/radis.ee\/fi\/ukk\/","url":"https:\/\/radis.ee\/fi\/ukk\/","name":"UKK - Radis","isPartOf":{"@id":"https:\/\/radis.ee\/#website"},"datePublished":"2020-10-11T11:05:29+00:00","dateModified":"2020-10-11T11:05:44+00:00","breadcrumb":{"@id":"https:\/\/radis.ee\/fi\/ukk\/#breadcrumb"},"inLanguage":"fi","potentialAction":[{"@type":"ReadAction","target":["https:\/\/radis.ee\/fi\/ukk\/"]}]},{"@type":"BreadcrumbList","@id":"https:\/\/radis.ee\/fi\/ukk\/#breadcrumb","itemListElement":[{"@type":"ListItem","position":1,"name":"Home","item":"https:\/\/radis.ee\/"},{"@type":"ListItem","position":2,"name":"UKK"}]},{"@type":"WebSite","@id":"https:\/\/radis.ee\/#website","url":"https:\/\/radis.ee\/","name":"Radis","description":"Nordic design furniture, environmentally friendly and sustainable.","publisher":{"@id":"https:\/\/radis.ee\/#organization"},"potentialAction":[{"@type":"SearchAction","target":{"@type":"EntryPoint","urlTemplate":"https:\/\/radis.ee\/?s={search_term_string}"},"query-input":{"@type":"PropertyValueSpecification","valueRequired":true,"valueName":"search_term_string"}}],"inLanguage":"fi"},{"@type":"Organization","@id":"https:\/\/radis.ee\/#organization","name":"Radis O\u00dc","url":"https:\/\/radis.ee\/","logo":{"@type":"ImageObject","inLanguage":"fi","@id":"https:\/\/radis.ee\/#\/schema\/logo\/image\/","url":"https:\/\/radis.ee\/wp-content\/uploads\/2020\/10\/Radis-logo.png","contentUrl":"https:\/\/radis.ee\/wp-content\/uploads\/2020\/10\/Radis-logo.png","width":300,"height":63,"caption":"Radis O\u00dc"},"image":{"@id":"https:\/\/radis.ee\/#\/schema\/logo\/image\/"},"sameAs":["https:\/\/www.facebook.com\/radisfurniture\/"]}]}},"_links":{"self":[{"href":"https:\/\/radis.ee\/fi\/wp-json\/wp\/v2\/pages\/4269","targetHints":{"allow":["GET"]}}],"collection":[{"href":"https:\/\/radis.ee\/fi\/wp-json\/wp\/v2\/pages"}],"about":[{"href":"https:\/\/radis.ee\/fi\/wp-json\/wp\/v2\/types\/page"}],"author":[{"embeddable":true,"href":"https:\/\/radis.ee\/fi\/wp-json\/wp\/v2\/users\/1"}],"replies":[{"embeddable":true,"href":"https:\/\/radis.ee\/fi\/wp-json\/wp\/v2\/comments?post=4269"}],"version-history":[{"count":0,"href":"https:\/\/radis.ee\/fi\/wp-json\/wp\/v2\/pages\/4269\/revisions"}],"wp:attachment":[{"href":"https:\/\/radis.ee\/fi\/wp-json\/wp\/v2\/media?parent=4269"}],"curies":[{"name":"wp","href":"https:\/\/api.w.org\/{rel}","templated":true}]}}